{"id":9443,"date":"2019-12-02T16:48:49","date_gmt":"2019-12-02T15:48:49","guid":{"rendered":"https:\/\/www.steenkamper.de\/?page_id=9443"},"modified":"2021-03-14T13:07:55","modified_gmt":"2021-03-14T12:07:55","slug":"meine-zeit-in-der-ebertallee-1964-1977","status":"publish","type":"page","link":"https:\/\/www.steenkamper.de\/index.php\/meine-zeit-in-der-ebertallee-1964-1977\/","title":{"rendered":"Meine Zeit in der Ebertallee 1964 \u2013 1977"},"content":{"rendered":"\n<p><em>aus dem Steenkamper 1\/2020<br>Erg\u00e4nzend zu dem Artikel \u201eErinnerungen\u201c<br>von Karin und Horst Henze<br>im Steenkamper 2\/2012<\/em><\/p>\n\n\n\n<figure class=\"wp-block-image size-large is-style-default\"><img data-recalc-dims=\"1\" fetchpriority=\"high\" decoding=\"async\" width=\"750\" height=\"510\" data-attachment-id=\"9078\" data-permalink=\"https:\/\/www.steenkamper.de\/heinzburmeisterebertalleekreuzung-osdorferweg50er-jahre-pap18-001-kopie\/\" data-orig-file=\"https:\/\/i0.wp.com\/www.steenkamper.de\/wp-content\/uploads\/2019\/10\/HeinzBurmeisterEbertalleeKreuzung-OsdorferWeg50er-Jahre-Pap18-001-Kopie.jpg?fit=2775%2C1886&amp;ssl=1\" data-orig-size=\"2775,1886\" data-comments-opened=\"1\" data-image-meta=\"{&quot;aperture&quot;:&quot;0&quot;,&quot;credit&quot;:&quot;&quot;,&quot;camera&quot;:&quot;&quot;,&quot;caption&quot;:&quot;&quot;,&quot;created_timestamp&quot;:&quot;1518111815&quot;,&quot;copyright&quot;:&quot;&quot;,&quot;focal_length&quot;:&quot;0&quot;,&quot;iso&quot;:&quot;0&quot;,&quot;shutter_speed&quot;:&quot;0&quot;,&quot;title&quot;:&quot;&quot;,&quot;orientation&quot;:&quot;1&quot;}\" data-image-title=\"HeinzBurmeisterEbertalleeKreuzung OsdorferWeg50er Jahre (Pap18-001) Kopie\" data-image-description=\"&lt;p&gt;\u00a9 Heinz Burmeister, Heimst\u00e4ttervereinigung Steenkamp e.V.&lt;\/p&gt;\n\" data-image-caption=\"&lt;p&gt;Kreuzung Ebertallee Osdorfer Weg in den 50er Jahren&lt;\/p&gt;\n\" data-large-file=\"https:\/\/i0.wp.com\/www.steenkamper.de\/wp-content\/uploads\/2019\/10\/HeinzBurmeisterEbertalleeKreuzung-OsdorferWeg50er-Jahre-Pap18-001-Kopie.jpg?fit=750%2C510&amp;ssl=1\" src=\"https:\/\/i0.wp.com\/www.steenkamper.de\/wp-content\/uploads\/2019\/10\/HeinzBurmeisterEbertalleeKreuzung-OsdorferWeg50er-Jahre-Pap18-001-Kopie.jpg?resize=750%2C510&#038;ssl=1\" alt=\"\" class=\"wp-image-9078\" srcset=\"https:\/\/i0.wp.com\/www.steenkamper.de\/wp-content\/uploads\/2019\/10\/HeinzBurmeisterEbertalleeKreuzung-OsdorferWeg50er-Jahre-Pap18-001-Kopie.jpg?resize=1024%2C696&amp;ssl=1 1024w, https:\/\/i0.wp.com\/www.steenkamper.de\/wp-content\/uploads\/2019\/10\/HeinzBurmeisterEbertalleeKreuzung-OsdorferWeg50er-Jahre-Pap18-001-Kopie.jpg?resize=300%2C204&amp;ssl=1 300w, https:\/\/i0.wp.com\/www.steenkamper.de\/wp-content\/uploads\/2019\/10\/HeinzBurmeisterEbertalleeKreuzung-OsdorferWeg50er-Jahre-Pap18-001-Kopie.jpg?resize=768%2C522&amp;ssl=1 768w, https:\/\/i0.wp.com\/www.steenkamper.de\/wp-content\/uploads\/2019\/10\/HeinzBurmeisterEbertalleeKreuzung-OsdorferWeg50er-Jahre-Pap18-001-Kopie.jpg?resize=500%2C340&amp;ssl=1 500w, https:\/\/i0.wp.com\/www.steenkamper.de\/wp-content\/uploads\/2019\/10\/HeinzBurmeisterEbertalleeKreuzung-OsdorferWeg50er-Jahre-Pap18-001-Kopie.jpg?resize=450%2C306&amp;ssl=1 450w, https:\/\/i0.wp.com\/www.steenkamper.de\/wp-content\/uploads\/2019\/10\/HeinzBurmeisterEbertalleeKreuzung-OsdorferWeg50er-Jahre-Pap18-001-Kopie.jpg?w=1500&amp;ssl=1 1500w, https:\/\/i0.wp.com\/www.steenkamper.de\/wp-content\/uploads\/2019\/10\/HeinzBurmeisterEbertalleeKreuzung-OsdorferWeg50er-Jahre-Pap18-001-Kopie.jpg?w=2250&amp;ssl=1 2250w\" sizes=\"(max-width: 750px) 100vw, 750px\" \/><figcaption><em>Kreuzung Ebertallee Osdorfer Weg in den 50er Jahren<\/em><\/figcaption><\/figure>\n\n\n\n<p>Heinz Burmeister aus Oldenfelde schreibt uns:<br>Meine Zeit in der Ebertallee 1964 \u2013 1977 (und indirekt bis 2003)<br>Angeregt von dem Artikel &#8220;Erinnerungen&#8221; von Karin und Horst Henze,<br>denke ich an die vielen kleinen L\u00e4den und Lokale zur\u00fcck, die ich in meinen Jahren am Steekamp besucht habe.<br>Angefangen von dem B\u00e4ckerladen am Osdorfer Weg neben meiner Schule. Wenn ich mich recht erinnere, wurde die B\u00e4ckersfrau &#8220;Oma Timm&#8221; genannt. Dort gab es Negerkuss-Br\u00f6tchen.<br>Daneben war wohl noch ein Gesch\u00e4ft oder evtl. Saga-B\u00fcro. Auf der anderen Seite des Grotenkamps war der Laden von Elektro-Teichmann. Im Riemenschneider Stieg dann 2 L\u00e4den oberhalb der Treppe, waren es Milch und Lebensmittel?&nbsp;<br>An der Ecke Osdorfer Weg \u2013 Ebertallee der Friseur Salon Pietsch und eine Drogerie.<br>Auf der anderen Seite der Ebertallee ein Lebensmittelgesch\u00e4ft und um die Ecke zum Osdorfer Weg ein Gem\u00fcsegesch\u00e4ft und ein Tabakwaren-Laden.<br>Ausserhalb der Steenkamp-Siedlung aber in direktem Umfeld: An der Kreuzung Kalkreuthweg \u2013 Ebertallee, gleich hinter der Melanchton-Kirche gab es in den 60er Jahren einen Lebensmittel-Laden und gegen\u00fcberliegend einen B\u00e4cker und unser Schuster der sich dort bis in die 80er Jahre hielt.<br>In der Siedlung war der kleine Laden von K\u00e4hler die erste Anlaufstelle f\u00fcr Salinos und Salmilollys usw. In der Pro wurde gerne eingekauft, die Einzell\u00e4den an der Vogelweide waren etwas vor meiner Zeit. Das Gesch\u00e4ft von den Viehst\u00e4dts im Veit-Sto\u00df-Weg war f\u00fcr mich immer etwas abseits, ich war dort nur sehr selten. Daf\u00fcr wurden in den 70er Jahren im Lindenkrug bei Hans Ruppenstein einige Stiefel geleert. Auch gab es dort immer Bockwurst mit Butterbrot und Gew\u00fcrzgurke.&nbsp;<br>Falls der Lindenkrug schon zu hatte, mu\u00dfte man die Siedlung verlassen und im Seehof am Bahrenfelder See bei Dieter Schulze einkehren, da gab es am sp\u00e4ten Abend noch leckere Gulaschsuppe. War der Seehof schon geschlossen \u2013 das Old-Hamburg in der Silcherstra\u00dfe hatte immer noch auf.<br>Kuno der Wirt bereitete neben dem Schankbetrieb auch mal ein Steak mit Beilagen um 1 oder 2 Uhr Morgens zu!<br>Die L\u00e4den im Bereich Trabrennbahn wurden von den Henzes schon ausf\u00fchrlich beschrieben, wie ich sie auch kenne. Tapeten und Tapetenleisten wurden von meinen Eltern aus Musteb\u00fcchern von Thomsen ausgesucht. Gegen\u00fcber von Thomsen, Ecke Kielkamp, gab es u.a. ein Fischgesch\u00e4ft in dem meine Mutter \u00f6fter einkaufte. Meine Erinnerungen an die Drogerie bestehen aus dem Einkauf von Silvesterfeuerwerk mit meinem Vater. Im Zeitungsladen habe ich damals regelm\u00e4\u00dfig Romanhefte gekauft. Als der Imbi\u00df er\u00f6ffnet hatte, waren wir regelm\u00e4ssige Kunden, gerne Pommes mit dem hervorragenden Ketchup, ob mit oder ohne Currywurst hing von der finanziellen Lage ab.&nbsp;<br>Im Radiogesch\u00e4ft daneben haben wir Schallplatten gekauft, sp\u00e4ter kaufte mein Vater dort sein Fahrrad. Im Kiosk an der Ecke gab es verschiedenste leckere Sachen f\u00fcr zwischendurch. Lakritzpulver in Kunststoffr\u00f6hrchen habe ich dort kennengelernt. Bei Frau Marckmann konnte man als Kind Zigarettenattrappen zum spielen bekommen. Bei Edeka habe ich oft f\u00fcr das Familienfr\u00fchst\u00fcck eingekauft, die Br\u00f6tchen dann nat\u00fcrlich bei R\u00f6gner. Die Spezialit\u00e4ten der B\u00e4ckerei R\u00f6gner sind mir in guter Erinnerung. Bei Conrad und dem Gem\u00fcseladen war ich selten. Dann schon eher beim Schlachter Lewerenz.<br>Einiger der aufgez\u00e4hlten L\u00e4den sind auf den Dias meines Vaters zu entdecken.<\/p>\n\n\n\n<p>Eine sch\u00f6ne Zeit.<br>Heinz Burmeister Okt. 2019<\/p>\n\n\n\n<p> &nbsp;<\/p>\n","protected":false},"excerpt":{"rendered":"<p>aus dem Steenkamper 1\/2020Erg\u00e4nzend zu dem Artikel \u201eErinnerungen\u201cvon Karin und Horst Henzeim Steenkamper 2\/2012 Heinz Burmeister aus Oldenfelde schreibt uns:Meine Zeit in der Ebertallee 1964 \u2013 1977 (und indirekt bis&#8230; <\/p>\n<p><a class=\"teaser-more\" href=\"https:\/\/www.steenkamper.de\/index.php\/meine-zeit-in-der-ebertallee-1964-1977\/\">weiter lesen<\/a><\/p>\n","protected":false},"author":6,"featured_media":0,"parent":0,"menu_order":0,"comment_status":"closed","ping_status":"closed","template":"","meta":{"_acf_changed":false,"_price":"","_stock":"","_tribe_ticket_header":"","_tribe_default_ticket_provider":"","_tribe_ticket_capacity":"0","_ticket_start_date":"","_ticket_end_date":"","_tribe_ticket_show_description":"","_tribe_ticket_show_not_going":false,"_tribe_ticket_use_global_stock":"","_tribe_ticket_global_stock_level":"","_global_stock_mode":"","_global_stock_cap":"","_tribe_rsvp_for_event":"","_tribe_ticket_going_count":"","_tribe_ticket_not_going_count":"","_tribe_tickets_list":"[]","_tribe_ticket_has_attendee_info_fields":false,"jetpack_post_was_ever_published":false,"footnotes":"","_tec_slr_enabled":"","_tec_slr_layout":""},"class_list":["post-9443","page","type-page","status-publish","hentry"],"acf":[],"jetpack_sharing_enabled":true,"jetpack_shortlink":"https:\/\/wp.me\/P74Wuo-2sj","jetpack_likes_enabled":true,"jetpack-related-posts":[{"id":1025,"url":"https:\/\/www.steenkamper.de\/index.php\/siedlungsgeschichten\/","url_meta":{"origin":9443,"position":0},"title":"Siedlungsgeschichten","author":"Max","date":"04\/01\/2016","format":false,"excerpt":"\u00a0 Im Steenkamper online Rundgang sind die Siedlungsgeschichten mit ihrem Ort des Geschehens verkn\u00fcpft. Ein bisschen Zeit muss sein! 100 Jahre Ursula (Uschi) Scheibner Louis Cahnbley Stolperstein vor dem Haus im Steenkamp 43 Der Emmichbrunnen im Riemenschneiderstieg von Sebastian Buchholz aus dem Steenkamper 2\/2022 Mit der Strassenbahn zum Steenkamp? von\u2026","rel":"","context":"\u00c4hnlicher Beitrag","block_context":{"text":"\u00c4hnlicher Beitrag","link":""},"img":{"alt_text":"","src":"https:\/\/i0.wp.com\/www.steenkamper.de\/wp-content\/uploads\/2019\/12\/logo-steenkamp-jubilaeum-KLEIN-278x300.png?resize=350%2C200&ssl=1","width":350,"height":200},"classes":[]},{"id":8150,"url":"https:\/\/www.steenkamper.de\/index.php\/schuster-schroeder\/","url_meta":{"origin":9443,"position":1},"title":"Schuster Schr\u00f6der","author":"Max","date":"18\/04\/2019","format":false,"excerpt":"aus dem Steenkamper 1\/2017 DAMALSErinnerungen einer Steenkamperin aus der Ebertallee\u00a0 1920\u00a0Als Erstbewohner des Hauses zogen 1920 meine Gro\u00dfeltern Theodora und Paul Schr\u00f6der mit ihren S\u00f6hnen Ernst (15) und Herbert (12) ein. Im Vorgarten des Hauses stand ein gro\u00dfes, schwarzes Glasschild mit Goldschrift, aus dem stolz hervorging, dass hier die Werkstatt\u2026","rel":"","context":"\u00c4hnlicher Beitrag","block_context":{"text":"\u00c4hnlicher Beitrag","link":""},"img":{"alt_text":"","src":"","width":0,"height":0},"classes":[]},{"id":1275,"url":"https:\/\/www.steenkamper.de\/index.php\/erinnerungen\/","url_meta":{"origin":9443,"position":2},"title":"Erinnerungen","author":"Max","date":"13\/01\/2016","format":false,"excerpt":"Erinnerungen\u00a0von Karin und Horst Henze aus dem Steenkamper Ausgabe 2\/2012 Da ich seit meiner Geburt (1933 ) im B\u00f6kenkamp (damals Sandkamp) lebe, kann ich mich noch gut an die Zeit kurz vor dem zweiten Weltkrieg erinnern. Meine Eltern hatten damals einen Obst- und Gem\u00fcseladen im Sandkamp 76. Mein Vater fuhr\u2026","rel":"","context":"\u00c4hnlicher Beitrag","block_context":{"text":"\u00c4hnlicher Beitrag","link":""},"img":{"alt_text":"handkarren","src":"https:\/\/i0.wp.com\/wp.steenkamper.de\/wp-content\/uploads\/2016\/01\/handkarren-300x198.jpg?resize=350%2C200","width":350,"height":200},"classes":[]},{"id":457,"url":"https:\/\/www.steenkamper.de\/index.php\/strassennamen\/","url_meta":{"origin":9443,"position":3},"title":"Stra\u00dfennamen","author":"admin","date":"17\/12\/2015","format":false,"excerpt":"Was bedeuten die Stra\u00dfennamen in der Steenkampsiedlung? Einige der Stra\u00dfen wurden, insbesondere nach der Eingliederung von Altona nach Hamburg, umbenannt. Hier einiges Wissenswerte.Quelle: Festschrift \u201e100 Jahre Steenkamp\u201c Am Quickborn Am Quickbornbenannt 1920. Abgeleitet von Born = Quelle, Brunnen oder Wasserstelle. Laut schriftlicher \u00dcberlieferungen aus der Zeit vor dem Bau gab\u2026","rel":"","context":"\u00c4hnlicher Beitrag","block_context":{"text":"\u00c4hnlicher Beitrag","link":""},"img":{"alt_text":"","src":"https:\/\/i0.wp.com\/www.steenkamper.de\/wp-content\/uploads\/2015\/12\/035.jpg?resize=350%2C200&ssl=1","width":350,"height":200,"srcset":"https:\/\/i0.wp.com\/www.steenkamper.de\/wp-content\/uploads\/2015\/12\/035.jpg?resize=350%2C200&ssl=1 1x, https:\/\/i0.wp.com\/www.steenkamper.de\/wp-content\/uploads\/2015\/12\/035.jpg?resize=525%2C300&ssl=1 1.5x, https:\/\/i0.wp.com\/www.steenkamper.de\/wp-content\/uploads\/2015\/12\/035.jpg?resize=700%2C400&ssl=1 2x, https:\/\/i0.wp.com\/www.steenkamper.de\/wp-content\/uploads\/2015\/12\/035.jpg?resize=1050%2C600&ssl=1 3x, https:\/\/i0.wp.com\/www.steenkamper.de\/wp-content\/uploads\/2015\/12\/035.jpg?resize=1400%2C800&ssl=1 4x"},"classes":[]},{"id":4186,"url":"https:\/\/www.steenkamper.de\/index.php\/steenkamp-abc\/","url_meta":{"origin":9443,"position":4},"title":"Steenkamp ABC","author":"Max","date":"18\/06\/2017","format":false,"excerpt":"L\u00f6sungen aus dem Steenkamper 2\/2017 - Seite 25 \"Die jungen Steenkamper\" Was alle Steenkamper*innen wissen sollten: 1.) Wie hie\u00df der Gasthof der Steenkampsiedlung? Lindenkrug Jetzt ist\u00a0in den R\u00e4umen eine Wohnung der SAGA. 2.) Wie hei\u00dft der Ort in der Siedlung, der kein Namensschild tr\u00e4gt? Vogelweide Mit der Eingemeindung zu Hamburg\u2026","rel":"","context":"\u00c4hnlicher Beitrag","block_context":{"text":"\u00c4hnlicher Beitrag","link":""},"img":{"alt_text":"Vogelweide ","src":"https:\/\/i0.wp.com\/www.steenkamper.de\/wp-content\/uploads\/2017\/06\/IMG_0100-300x225.jpg?resize=350%2C200&ssl=1","width":350,"height":200},"classes":[]},{"id":1000,"url":"https:\/\/www.steenkamper.de\/index.php\/foerderer\/","url_meta":{"origin":9443,"position":5},"title":"F\u00f6rderer","author":"Max","date":"04\/01\/2016","format":false,"excerpt":"Vielen DANK allen Unterst\u00fctzer*innen und F\u00f6rderer*innen der\u00a0Heimst\u00e4ttervereinigung Steenkamp e. V. Gerne k\u00f6nnen Sie unseren Verein und somit unsere Nachbarschftsarbeit unterst\u00fctzen. Werden Sie F\u00f6rdermitglied oder unterst\u00fctzen Sie mit einer Anzeige das Erscheinen unserer Vereinszeitung \u201eDer Steenkamper\u201c. Liebe Steenkampe*innen,ber\u00fccksichtigt bitte die Inserenten & F\u00f6rderer bei Euren Eink\u00e4ufen! Vielen Dank an: Anzeigenkunden in\u2026","rel":"","context":"\u00c4hnlicher Beitrag","block_context":{"text":"\u00c4hnlicher Beitrag","link":""},"img":{"alt_text":"","src":"","width":0,"height":0},"classes":[]}],"ticketed":false,"_links":{"self":[{"href":"https:\/\/www.steenkamper.de\/index.php\/wp-json\/wp\/v2\/pages\/9443","targetHints":{"allow":["GET"]}}],"collection":[{"href":"https:\/\/www.steenkamper.de\/index.php\/wp-json\/wp\/v2\/pages"}],"about":[{"href":"https:\/\/www.steenkamper.de\/index.php\/wp-json\/wp\/v2\/types\/page"}],"author":[{"embeddable":true,"href":"https:\/\/www.steenkamper.de\/index.php\/wp-json\/wp\/v2\/users\/6"}],"replies":[{"embeddable":true,"href":"https:\/\/www.steenkamper.de\/index.php\/wp-json\/wp\/v2\/comments?post=9443"}],"version-history":[{"count":3,"href":"https:\/\/www.steenkamper.de\/index.php\/wp-json\/wp\/v2\/pages\/9443\/revisions"}],"predecessor-version":[{"id":15277,"href":"https:\/\/www.steenkamper.de\/index.php\/wp-json\/wp\/v2\/pages\/9443\/revisions\/15277"}],"wp:attachment":[{"href":"https:\/\/www.steenkamper.de\/index.php\/wp-json\/wp\/v2\/media?parent=9443"}],"curies":[{"name":"wp","href":"https:\/\/api.w.org\/{rel}","templated":true}]}}