{"id":9254,"date":"2019-11-20T08:35:11","date_gmt":"2019-11-20T07:35:11","guid":{"rendered":"https:\/\/www.steenkamper.de\/?page_id=9254"},"modified":"2022-09-03T08:20:11","modified_gmt":"2022-09-03T06:20:11","slug":"steenkamp-history","status":"publish","type":"page","link":"https:\/\/www.steenkamper.de\/index.php\/steenkamp-history\/","title":{"rendered":"Steenkamp History"},"content":{"rendered":"\n<p class=\"has-medium-font-size\">Geschichtswerkstatt im Steenkampsaal<\/p>\n\n\n\n<figure class=\"wp-block-image size-large is-resized\"><img data-recalc-dims=\"1\" decoding=\"async\" data-attachment-id=\"9450\" data-permalink=\"https:\/\/www.steenkamper.de\/index.php\/historischer-rundgang\/logo-steenkamp-jubilaeum-klein\/\" data-orig-file=\"https:\/\/i0.wp.com\/www.steenkamper.de\/wp-content\/uploads\/2019\/12\/logo-steenkamp-jubilaeum-KLEIN.png?fit=1087%2C1175&amp;ssl=1\" data-orig-size=\"1087,1175\" data-comments-opened=\"1\" data-image-meta=\"{&quot;aperture&quot;:&quot;0&quot;,&quot;credit&quot;:&quot;&quot;,&quot;camera&quot;:&quot;&quot;,&quot;caption&quot;:&quot;&quot;,&quot;created_timestamp&quot;:&quot;0&quot;,&quot;copyright&quot;:&quot;&quot;,&quot;focal_length&quot;:&quot;0&quot;,&quot;iso&quot;:&quot;0&quot;,&quot;shutter_speed&quot;:&quot;0&quot;,&quot;title&quot;:&quot;&quot;,&quot;orientation&quot;:&quot;0&quot;}\" data-image-title=\"logo-steenkamp-jubilaeum-KLEIN\" data-image-description=\"\" data-image-caption=\"\" data-large-file=\"https:\/\/i0.wp.com\/www.steenkamper.de\/wp-content\/uploads\/2019\/12\/logo-steenkamp-jubilaeum-KLEIN.png?fit=750%2C811&amp;ssl=1\" src=\"https:\/\/i0.wp.com\/www.steenkamper.de\/wp-content\/uploads\/2019\/12\/logo-steenkamp-jubilaeum-KLEIN.png?resize=103%2C111&#038;ssl=1\" alt=\"\" class=\"wp-image-9450\" width=\"103\" height=\"111\" srcset=\"https:\/\/i0.wp.com\/www.steenkamper.de\/wp-content\/uploads\/2019\/12\/logo-steenkamp-jubilaeum-KLEIN.png?resize=947%2C1024&amp;ssl=1 947w, https:\/\/i0.wp.com\/www.steenkamper.de\/wp-content\/uploads\/2019\/12\/logo-steenkamp-jubilaeum-KLEIN.png?resize=278%2C300&amp;ssl=1 278w, https:\/\/i0.wp.com\/www.steenkamper.de\/wp-content\/uploads\/2019\/12\/logo-steenkamp-jubilaeum-KLEIN.png?resize=768%2C830&amp;ssl=1 768w, https:\/\/i0.wp.com\/www.steenkamper.de\/wp-content\/uploads\/2019\/12\/logo-steenkamp-jubilaeum-KLEIN.png?resize=185%2C200&amp;ssl=1 185w, https:\/\/i0.wp.com\/www.steenkamper.de\/wp-content\/uploads\/2019\/12\/logo-steenkamp-jubilaeum-KLEIN.png?resize=500%2C540&amp;ssl=1 500w, https:\/\/i0.wp.com\/www.steenkamper.de\/wp-content\/uploads\/2019\/12\/logo-steenkamp-jubilaeum-KLEIN.png?resize=450%2C486&amp;ssl=1 450w, https:\/\/i0.wp.com\/www.steenkamper.de\/wp-content\/uploads\/2019\/12\/logo-steenkamp-jubilaeum-KLEIN.png?w=1087&amp;ssl=1 1087w\" sizes=\"(max-width: 103px) 100vw, 103px\" \/><\/figure>\n\n\n\n<p>Es hat sich eine neue Gruppe gebildet (2019), die sich f\u00fcr das Jubil\u00e4umsjahr auf den Weg gemacht hat, historischen Spuren und spannenden Quellen zur Geschichte der Siedlung aufzutun. Die monatlichen Treffen sind offen f\u00fcr Interessierte und sollen dem gegenseitigen Austausch und gerne auch der Weiterentwicklung und Abstimmung von konkreten Ergebnissen, Aktionen bzw. Pr\u00e4sentationen zum 100j\u00e4hrigen Jubil\u00e4um der Steenkamp-Siedlung dienen. Die Termine sind auch f\u00fcr die Arbeit im Archiv gedacht.<\/p>\n\n\n\n<p>Kontakt: <br>Sebastian Buchholz <a rel=\"noreferrer noopener\" href=\"mailto:cortisol@web.de\" target=\"_blank\"><a class=\"\" href=\"mailto:steenkamper@echo-echo.net\">steenkamper(at)echo-echo.net<\/a><\/a><\/p>\n\n\n\n<p><strong>Treffen unregelm\u00e4\u00dfig  20 Uhr im Steenkampsaal<\/strong><\/p>\n\n\n\n<p><\/p>\n","protected":false},"excerpt":{"rendered":"<p>Geschichtswerkstatt im Steenkampsaal Es hat sich eine neue Gruppe gebildet (2019), die sich f\u00fcr das Jubil\u00e4umsjahr auf den Weg gemacht hat, historischen Spuren und spannenden Quellen zur Geschichte der Siedlung&#8230; <\/p>\n<p><a class=\"teaser-more\" href=\"https:\/\/www.steenkamper.de\/index.php\/steenkamp-history\/\">weiter lesen<\/a><\/p>\n","protected":false},"author":6,"featured_media":0,"parent":0,"menu_order":0,"comment_status":"closed","ping_status":"closed","template":"","meta":{"_acf_changed":false,"_price":"","_stock":"","_tribe_ticket_header":"","_tribe_default_ticket_provider":"","_tribe_ticket_capacity":"0","_ticket_start_date":"","_ticket_end_date":"","_tribe_ticket_show_description":"","_tribe_ticket_show_not_going":false,"_tribe_ticket_use_global_stock":"","_tribe_ticket_global_stock_level":"","_global_stock_mode":"","_global_stock_cap":"","_tribe_rsvp_for_event":"","_tribe_ticket_going_count":"","_tribe_ticket_not_going_count":"","_tribe_tickets_list":"[]","_tribe_ticket_has_attendee_info_fields":false,"jetpack_post_was_ever_published":false,"footnotes":"","_tec_slr_enabled":"","_tec_slr_layout":""},"class_list":["post-9254","page","type-page","status-publish","hentry"],"acf":[],"jetpack_sharing_enabled":true,"jetpack_shortlink":"https:\/\/wp.me\/P74Wuo-2pg","jetpack_likes_enabled":true,"jetpack-related-posts":[{"id":29043,"url":"https:\/\/www.steenkamper.de\/index.php\/ausschuss-energie\/","url_meta":{"origin":9254,"position":0},"title":"AG SteenkampEnergie","author":"Petra Reimann","date":"13\/01\/2025","format":false,"excerpt":"Steenkamp Energie ist eine Gruppe von Bewohnerinnen und Bewohnern aus der Siedlung, die sich zusammengeschlossen haben, um eine gemeinsame L\u00f6sung f\u00fcr unsere zuk\u00fcnftige W\u00e4rmeversorgung zu entwickeln. Wir m\u00f6chten ein nachhaltiges und wirtschaftlich tragf\u00e4higes Konzept f\u00fcr unsere Siedlung entwickeln, das nicht nur \u00f6kologisch sinnvoll, sondern auch sozial gerecht und solidarisch gestaltet\u2026","rel":"","context":"\u00c4hnlicher Beitrag","block_context":{"text":"\u00c4hnlicher Beitrag","link":""},"img":{"alt_text":"","src":"https:\/\/i0.wp.com\/www.steenkamper.de\/wp-content\/uploads\/2025\/07\/Team_AG-SteenkampEnergie.png?resize=350%2C200&ssl=1","width":350,"height":200,"srcset":"https:\/\/i0.wp.com\/www.steenkamper.de\/wp-content\/uploads\/2025\/07\/Team_AG-SteenkampEnergie.png?resize=350%2C200&ssl=1 1x, https:\/\/i0.wp.com\/www.steenkamper.de\/wp-content\/uploads\/2025\/07\/Team_AG-SteenkampEnergie.png?resize=525%2C300&ssl=1 1.5x, https:\/\/i0.wp.com\/www.steenkamper.de\/wp-content\/uploads\/2025\/07\/Team_AG-SteenkampEnergie.png?resize=700%2C400&ssl=1 2x"},"classes":[]},{"id":1090,"url":"https:\/\/www.steenkamper.de\/index.php\/saalbild-2\/","url_meta":{"origin":9254,"position":1},"title":"Saalbild","author":"Max","date":"06\/01\/2016","format":false,"excerpt":"Aus dem Steenkamper\u00a0Ausgabe 2\/2004 Das Bild \u201eDas Tor zur Siedlung Steenkamp\u201c wurde im Jahr 2000 von Rolf Hempel im Auftrag der Heimst\u00e4ttervereinigung erneut gemalt. Wegen eines Wasserrohrbruches in der dar\u00fcber liegenden Wohnung wurde das urspr\u00fcngliche Bild so stark besch\u00e4digt, dass eine Restaurierung nicht mehr vertretbar war. Die Heimst\u00e4ttervereinigung lie\u00df darauf-\u2026","rel":"","context":"\u00c4hnlicher Beitrag","block_context":{"text":"\u00c4hnlicher Beitrag","link":""},"img":{"alt_text":"","src":"https:\/\/i0.wp.com\/wp.steenkamper.de\/wp-content\/uploads\/2017\/11\/img_3270-1-300x143.jpg?resize=350%2C200","width":350,"height":200},"classes":[]},{"id":9440,"url":"https:\/\/www.steenkamper.de\/index.php\/erich-hartmann\/","url_meta":{"origin":9254,"position":2},"title":"Erich Hartmann","author":"Max","date":"02\/12\/2019","format":false,"excerpt":"Erich Hartmann, Steenkamper K\u00fcnstler der Hamburgischen Sezession Elberfeld \u2013 D\u00fcsseldorf \u2013 M\u00fcnchen \u2013 Paris \u2013 Altona \u2013 Steenkampsiedlung: Dieser Lebensweg f\u00fchrte den K\u00fcnstler Erich Hartmann (geb. 7.01.1886) mit seiner Frau Ida, geborene Jenichen, im August 1922 in das Haus Drosselweg 8\/Grenzstieg (jetzt Torbogen\/Ecke Veit-Sto\u00df-Weg) in die Steenkamp-Siedlung.\u00a0Erich Hartmann geh\u00f6rte zu\u2026","rel":"","context":"\u00c4hnlicher Beitrag","block_context":{"text":"\u00c4hnlicher Beitrag","link":""},"img":{"alt_text":"","src":"","width":0,"height":0},"classes":[]},{"id":1025,"url":"https:\/\/www.steenkamper.de\/index.php\/siedlungsgeschichten\/","url_meta":{"origin":9254,"position":3},"title":"Siedlungsgeschichten","author":"Max","date":"04\/01\/2016","format":false,"excerpt":"\u00a0 Im Steenkamper online Rundgang sind die Siedlungsgeschichten mit ihrem Ort des Geschehens verkn\u00fcpft. Ein bisschen Zeit muss sein! 100 Jahre Ursula (Uschi) Scheibner Louis Cahnbley Stolperstein vor dem Haus im Steenkamp 43 Der Emmichbrunnen im Riemenschneiderstieg von Sebastian Buchholz aus dem Steenkamper 2\/2022 Mit der Strassenbahn zum Steenkamp? von\u2026","rel":"","context":"\u00c4hnlicher Beitrag","block_context":{"text":"\u00c4hnlicher Beitrag","link":""},"img":{"alt_text":"","src":"https:\/\/i0.wp.com\/www.steenkamper.de\/wp-content\/uploads\/2019\/12\/logo-steenkamp-jubilaeum-KLEIN-278x300.png?resize=350%2C200&ssl=1","width":350,"height":200},"classes":[]},{"id":9143,"url":"https:\/\/www.steenkamper.de\/index.php\/jubilaeumsveranstaltungen\/","url_meta":{"origin":9254,"position":4},"title":"Jubil\u00e4umsveranstaltungen","author":"Max","date":"11\/11\/2019","format":false,"excerpt":"100 Jahre Steenkampsiedlung 1920 - 2020 Den wunderbaren Auftakt unseres Jubil\u00e4umsjahres bildete der Neujahrsempfang im Januar, weiter ging es mit einem spannenden Vortr\u00e4gen zur Siedlungsgeschichte, dem Swing-Tanz-Salon und wir konnten unsere 100 Jahre auch noch zusammen mit dem 4j\u00e4hrigen Jubil\u00e4um \u201eCaf\u00e9 Vogelweide\u201c feiern, gemeinsam mit der Blecheisenbahn spielen und uns\u2026","rel":"","context":"\u00c4hnlicher Beitrag","block_context":{"text":"\u00c4hnlicher Beitrag","link":""},"img":{"alt_text":"","src":"https:\/\/i0.wp.com\/www.steenkamper.de\/wp-content\/uploads\/2019\/12\/logo-steenkamp-jubilaeum-KLEIN.png?resize=350%2C200&ssl=1","width":350,"height":200,"srcset":"https:\/\/i0.wp.com\/www.steenkamper.de\/wp-content\/uploads\/2019\/12\/logo-steenkamp-jubilaeum-KLEIN.png?resize=350%2C200&ssl=1 1x, https:\/\/i0.wp.com\/www.steenkamper.de\/wp-content\/uploads\/2019\/12\/logo-steenkamp-jubilaeum-KLEIN.png?resize=525%2C300&ssl=1 1.5x, https:\/\/i0.wp.com\/www.steenkamper.de\/wp-content\/uploads\/2019\/12\/logo-steenkamp-jubilaeum-KLEIN.png?resize=700%2C400&ssl=1 2x, https:\/\/i0.wp.com\/www.steenkamper.de\/wp-content\/uploads\/2019\/12\/logo-steenkamp-jubilaeum-KLEIN.png?resize=1050%2C600&ssl=1 3x"},"classes":[]},{"id":1108,"url":"https:\/\/www.steenkamper.de\/index.php\/85-jahre-steenkampsiedlung-2005\/","url_meta":{"origin":9254,"position":5},"title":"85 Jahre Steenkampsiedlung 2005","author":"Max","date":"06\/01\/2016","format":false,"excerpt":"Aus dem Steenkamp Ausgabe 1\/2005 Text: Matthias Raabe Fotos: stellt Frau Balj\u00f6hr zur Verf\u00fcgung 85 Jahre Steenkampsiedlung Was k\u00f6nnen uns 85 Jahre Steenkampsiedlung bedeuten? Ein Grund zum Feiern? Einige Gedanken dazu ... Der erste Weltkrieg war vorbei, und den Heimkehrern sollte eine Heimat angeboten werden, in der sie zusammen mit\u2026","rel":"","context":"\u00c4hnlicher Beitrag","block_context":{"text":"\u00c4hnlicher Beitrag","link":""},"img":{"alt_text":"85_2","src":"https:\/\/i0.wp.com\/wp.steenkamper.de\/wp-content\/uploads\/2016\/01\/85_2-300x193.jpg?resize=350%2C200","width":350,"height":200},"classes":[]}],"ticketed":false,"_links":{"self":[{"href":"https:\/\/www.steenkamper.de\/index.php\/wp-json\/wp\/v2\/pages\/9254","targetHints":{"allow":["GET"]}}],"collection":[{"href":"https:\/\/www.steenkamper.de\/index.php\/wp-json\/wp\/v2\/pages"}],"about":[{"href":"https:\/\/www.steenkamper.de\/index.php\/wp-json\/wp\/v2\/types\/page"}],"author":[{"embeddable":true,"href":"https:\/\/www.steenkamper.de\/index.php\/wp-json\/wp\/v2\/users\/6"}],"replies":[{"embeddable":true,"href":"https:\/\/www.steenkamper.de\/index.php\/wp-json\/wp\/v2\/comments?post=9254"}],"version-history":[{"count":8,"href":"https:\/\/www.steenkamper.de\/index.php\/wp-json\/wp\/v2\/pages\/9254\/revisions"}],"predecessor-version":[{"id":20692,"href":"https:\/\/www.steenkamper.de\/index.php\/wp-json\/wp\/v2\/pages\/9254\/revisions\/20692"}],"wp:attachment":[{"href":"https:\/\/www.steenkamper.de\/index.php\/wp-json\/wp\/v2\/media?parent=9254"}],"curies":[{"name":"wp","href":"https:\/\/api.w.org\/{rel}","templated":true}]}}