{"id":8994,"date":"2019-10-20T08:20:49","date_gmt":"2019-10-20T08:20:49","guid":{"rendered":"https:\/\/www.steenkamper.de\/index.php\/community\/"},"modified":"2020-02-28T10:53:31","modified_gmt":"2020-02-28T09:53:31","slug":"community","status":"publish","type":"page","link":"https:\/\/www.steenkamper.de\/index.php\/community\/","title":{"rendered":"Forum"},"content":{"rendered":"<p><strong>DAS STEENKAMPER-FORUM<br \/>\n<\/strong>(Eintr\u00e4ge nur sichtbar mit Anmeldung.)<br \/>\n<span style=\"color: #ff0000;\">Zum anmelden bitte Benutzer-Daten vom Steenkamper \u201elogin\u201c benutzen!<br \/>\noder als Benutzer anmelden:\u00a0<a href=\"https:\/\/www.steenkamper.de\/index.php\/anmelden\/\">neu registrieren<\/a><br \/>\n(Neuanmeldung ist NICHT automatisiert und dauert einige Tage)<br \/>\n<\/span><strong>Benutzername: \u00a0Vorname Name<\/strong><br \/>\n<strong>Passwort: Benutzerkennwort<\/strong><br \/>\n<em>oder auf <a href=\"https:\/\/www.steenkamper.de\/index.php\/FORUM\/?wpforo=lostpassword\" target=\"_blank\" rel=\"noopener noreferrer\">&#8220;Passwort vergessen&#8221;<\/a> dr\u00fccken.<\/em><\/p>\n\n","protected":false},"excerpt":{"rendered":"<p>DAS STEENKAMPER-FORUM (Eintr\u00e4ge nur sichtbar mit Anmeldung.) Zum anmelden bitte Benutzer-Daten vom Steenkamper \u201elogin\u201c benutzen! oder als Benutzer anmelden:\u00a0neu registrieren (Neuanmeldung ist NICHT automatisiert und dauert einige Tage) Benutzername: \u00a0Vorname&#8230; <\/p>\n<p><a class=\"teaser-more\" href=\"https:\/\/www.steenkamper.de\/index.php\/community\/\">weiter lesen<\/a><\/p>\n","protected":false},"author":6,"featured_media":0,"parent":0,"menu_order":0,"comment_status":"close","ping_status":"close","template":"","meta":{"_acf_changed":false,"_price":"","_stock":"","_tribe_ticket_header":"","_tribe_default_ticket_provider":"","_tribe_ticket_capacity":"0","_ticket_start_date":"","_ticket_end_date":"","_tribe_ticket_show_description":"","_tribe_ticket_show_not_going":false,"_tribe_ticket_use_global_stock":"","_tribe_ticket_global_stock_level":"","_global_stock_mode":"","_global_stock_cap":"","_tribe_rsvp_for_event":"","_tribe_ticket_going_count":"","_tribe_ticket_not_going_count":"","_tribe_tickets_list":"[]","_tribe_ticket_has_attendee_info_fields":false,"jetpack_post_was_ever_published":false,"footnotes":"","_tec_slr_enabled":"","_tec_slr_layout":""},"class_list":["post-8994","page","type-page","status-publish","hentry"],"acf":[],"jetpack_sharing_enabled":true,"jetpack_shortlink":"https:\/\/wp.me\/P74Wuo-2l4","jetpack_likes_enabled":true,"jetpack-related-posts":[{"id":909,"url":"https:\/\/www.steenkamper.de\/index.php\/anmelden\/","url_meta":{"origin":8994,"position":0},"title":"Anmelden","author":"Max","date":"30\/12\/2015","format":false,"excerpt":"Hier k\u00f6nnen Sie\u00a0sich anmelden\/registrieren um z.B. unseren Wissensspeicher und unseren Marktplatz zu nutzen und\/oder als Autor diese Seite mitzugestalten...Die Anmeldung ist NICHT automatisiert und kann einige Zeit dauern. Bitte eine kurze Email mit Vor- und Nachnamen an: anmeldung@steenkamper.de F\u00fcr den NEWSLETTER bitte HIER anmelden: Newsletter anmelden","rel":"","context":"\u00c4hnlicher Beitrag","block_context":{"text":"\u00c4hnlicher Beitrag","link":""},"img":{"alt_text":"","src":"","width":0,"height":0},"classes":[]},{"id":167,"url":"https:\/\/www.steenkamper.de\/index.php\/der-steenkamper\/","url_meta":{"origin":8994,"position":1},"title":"Der Steenkamper","author":"admin","date":"15\/12\/2015","format":false,"excerpt":"Zweimal im Jahr gibt die Heimst\u00e4ttervereinigung ihre Mitgliederzeitung mit dem Titel \u201eDer Steenkamper\u201c mit einer Auflage von 1.500 St\u00fcck heraus. Diese wird in der Nachbarschaft kostenlos an alle Haushalte verteilt und liegt auch in verschiedenen Gesch\u00e4ften in der Umgebung aus. Seit 2019 auf Recyclingpapier:\u00a0 Hier der Link zur Helfer*innen-Liste f\u00fcr\u2026","rel":"","context":"\u00c4hnlicher Beitrag","block_context":{"text":"\u00c4hnlicher Beitrag","link":""},"img":{"alt_text":"","src":"https:\/\/i0.wp.com\/www.steenkamper.de\/wp-content\/uploads\/2017\/07\/2_2017-2-e1500232746131-300x172.jpg?resize=350%2C200&ssl=1","width":350,"height":200},"classes":[]},{"id":247,"url":"https:\/\/www.steenkamper.de\/index.php\/fluechtlingsarbeit\/","url_meta":{"origin":8994,"position":2},"title":"Ausschuss Fl\u00fcchtlingsunterst\u00fctzung","author":"Max","date":"15\/12\/2015","format":false,"excerpt":"Caf\u00e9 VogelweideDas Caf\u00e9 ist seit April 2022 nach einer l\u00e4ngeren Coronapause wieder aktiv. Alle Steenkamper\/innen sind eingeladen mit neuen Nachbarn\/innen Deutsch zu kl\u00f6nen und zu Tee\/Kaffee\/Kuchen zusammenzusitzen. Kuchenspenden (geschnittene) sind sehr erw\u00fcnscht, um das Buffet zu erweitern. Sie k\u00f6nnen ab 15.00h abgegeben werden. Das Caf\u00e9 findet ab 16.00h bis 17.30h\u2026","rel":"","context":"\u00c4hnlicher Beitrag","block_context":{"text":"\u00c4hnlicher Beitrag","link":""},"img":{"alt_text":"","src":"https:\/\/i0.wp.com\/www.steenkamper.de\/wp-content\/uploads\/2016\/09\/IMG_2805-300x141.png?resize=350%2C200&ssl=1","width":350,"height":200},"classes":[]},{"id":6716,"url":"https:\/\/www.steenkamper.de\/index.php\/sommerfest-helfer-anmeldung\/","url_meta":{"origin":8994,"position":3},"title":"Sommerfest HELFER Anmeldung","author":"Max","date":"12\/07\/2018","format":false,"excerpt":"Helfer\u00a0f\u00fcr das Sommerfest 2018 bitte auf \"hier anmelden\" dr\u00fccken und eintragen oder telefonisch 040 659 141 34 Bitte unbedingt die T\u00e4tigkeit\/Hilfe im Textfeld \"Anmerkung\/Kommentar\" angeben! Falls die Anmeldung NICHT funktioniert, k\u00f6nnte es an der nicht richtigen URL liegen. (Es gab eine technische Umstellung der Webseite.) Bitte in der Adresszeile im\u2026","rel":"","context":"\u00c4hnlicher Beitrag","block_context":{"text":"\u00c4hnlicher Beitrag","link":""},"img":{"alt_text":"","src":"","width":0,"height":0},"classes":[]},{"id":5771,"url":"https:\/\/www.steenkamper.de\/index.php\/helferdienst\/","url_meta":{"origin":8994,"position":4},"title":"Helferdienste","author":"Max","date":"02\/01\/2018","format":false,"excerpt":"Hier kann sich jeder zu Helferdiensten bei verschiedenen Veranstaltungen eintragen. Bitte vorher einloggen oder registrieren! LOGIN (im FORUM automatisiert) [BSD_Panel]","rel":"","context":"\u00c4hnlicher Beitrag","block_context":{"text":"\u00c4hnlicher Beitrag","link":""},"img":{"alt_text":"","src":"","width":0,"height":0},"classes":[]},{"id":6628,"url":"https:\/\/www.steenkamper.de\/index.php\/rechteeinraeumung\/","url_meta":{"origin":8994,"position":5},"title":"Rechteeinr\u00e4umung","author":"Max","date":"02\/07\/2018","format":false,"excerpt":"Rechteeinr\u00e4umung f\u00fcr \"Die Steenkamper\": F\u00fcr Artikel und\/oder Bild Ver\u00f6ffentlichung in \"Der Steenkamper\" (Print), Webseite (www.steenkamper.de) und \"Der kleine Steenkamper\" (Newsletter) ODER downloaden als PDF und in den Briefkasten am Saal: Rechteerkl\u00e4rung als PDF Rechteabtretung f\u00fcr die Festschrift \u201e100 Jahre Steenkamp\u201c","rel":"","context":"\u00c4hnlicher Beitrag","block_context":{"text":"\u00c4hnlicher Beitrag","link":""},"img":{"alt_text":"","src":"","width":0,"height":0},"classes":[]}],"ticketed":false,"_links":{"self":[{"href":"https:\/\/www.steenkamper.de\/index.php\/wp-json\/wp\/v2\/pages\/8994","targetHints":{"allow":["GET"]}}],"collection":[{"href":"https:\/\/www.steenkamper.de\/index.php\/wp-json\/wp\/v2\/pages"}],"about":[{"href":"https:\/\/www.steenkamper.de\/index.php\/wp-json\/wp\/v2\/types\/page"}],"author":[{"embeddable":true,"href":"https:\/\/www.steenkamper.de\/index.php\/wp-json\/wp\/v2\/users\/6"}],"replies":[{"embeddable":true,"href":"https:\/\/www.steenkamper.de\/index.php\/wp-json\/wp\/v2\/comments?post=8994"}],"version-history":[{"count":14,"href":"https:\/\/www.steenkamper.de\/index.php\/wp-json\/wp\/v2\/pages\/8994\/revisions"}],"predecessor-version":[{"id":10239,"href":"https:\/\/www.steenkamper.de\/index.php\/wp-json\/wp\/v2\/pages\/8994\/revisions\/10239"}],"wp:attachment":[{"href":"https:\/\/www.steenkamper.de\/index.php\/wp-json\/wp\/v2\/media?parent=8994"}],"curies":[{"name":"wp","href":"https:\/\/api.w.org\/{rel}","templated":true}]}}