{"id":854,"date":"2015-12-28T17:51:38","date_gmt":"2015-12-28T16:51:38","guid":{"rendered":"http:\/\/wp.steenkamper.de\/?page_id=854"},"modified":"2019-08-14T16:44:30","modified_gmt":"2019-08-14T14:44:30","slug":"hinweise-und-tipps","status":"publish","type":"page","link":"https:\/\/www.steenkamper.de\/index.php\/hinweise-und-tipps\/","title":{"rendered":"Hinweise und Links"},"content":{"rendered":"<p><strong>Hier eine Sammlung von Links, die das Leben in der Siedlung leichter macht&#8230;.<\/strong><\/p>\n<hr \/>\n<p><a href=\"http:\/\/www.ff-gross-flottbek.de\" target=\"_blank\" rel=\"noopener noreferrer\">Freiwillige Feuerwehr Gro\u00df Flottbek<\/a>\u00a0Tel.: 112<\/p>\n<div class=\"page\" title=\"Page 7\">\n<div class=\"layoutArea\">\n<div class=\"column\">\n<hr \/>\n<p><a href=\"https:\/\/www.hamburg.de\/behoerdenfinder\/hamburg\/11269356\/\" target=\"_blank\" rel=\"noopener noreferrer\">Polizeikommissariat 25<\/a>,\u00a0Notkestra\u00dfe 95 \u00a0Tel.:\u00a042865-2510<\/p>\n<\/div>\n<\/div>\n<\/div>\n<hr \/>\n<p><a href=\"https:\/\/www.stadtreinigung.hamburg\" target=\"_blank\" rel=\"noopener noreferrer\">Stadtreinigung Hamburg<\/a>\u00a0M\u00fcllabfuhrtermine<br \/>\nTel.: 2576-0<br \/>\n<a href=\"https:\/\/www.stadtreinigung.hamburg\/kontakt\/kontaktformular.html?kontakt=Verschmutzungshotline\" target=\"_blank\" rel=\"noopener noreferrer\">Hotline &#8220;Saubere Stadt&#8221;<\/a>: 2576-1111<\/p>\n<hr \/>\n<p><a href=\"http:\/\/www.hamburg.de\/melde-michel\/\" target=\"_blank\" rel=\"noopener noreferrer\">Melde Michel<\/a>\u00a0Sch\u00e4den an der \u00f6ffentlichen Infrastruktur einfach melden. Stra\u00dfenlaterne oder \u00a0Bank im Park &#8230;<\/p>\n<hr \/>\n<p><a href=\"http:\/\/www.hamburg.de\/altona\/wochenmarkt-gross-flottbek\/\" target=\"_blank\" rel=\"noopener noreferrer\">Wochenmarkt Gro\u00df Flottbek<\/a> an der Osdorfer Landstra\u00dfe<br \/>\nMittwoch: 8 &#8211; 13 Uhr<br \/>\nSamstag: 8 &#8211; 13 Uhr<\/p>\n<hr \/>\n<p><a href=\"http:\/\/www.hamburg.de\/altona\/\" target=\"_blank\" rel=\"noopener noreferrer\">Bezirksamt Altona<\/a><br \/>\nTel.: 42828-0 \u00a0<a href=\"mailto:bezirksamt@altona.hamburg.de\">bezirksamt(at)altona.hamburg.de<\/a><\/p>\n<hr \/>\n<p><a href=\"http:\/\/www.hamburg.de\/contentblob\/4309052\/data\/d-faltblatt-volkspark.pdf\" target=\"_blank\" rel=\"noopener noreferrer\">ALTONAER VOLKSPARK, \u00a0Karte\/Flyer<\/a>\u00a0Entdecke den Volkspark<br \/>\nNDR Beitrag <a href=\"https:\/\/www.ndr.de\/kultur\/geschichte\/schauplaetze\/volkspark116_page-1.html\" target=\"_blank\" rel=\"noopener noreferrer\">&#8220;Ein Waldpark f\u00fcr St\u00e4dter: Der Volkspark Altona&#8221;<\/a><br \/>\n<a href=\"http:\/\/www.hamburg.de\/karte-volkspark\/\" target=\"_blank\" rel=\"noopener noreferrer\">&#8220;Den Volkspark entdecken&#8221;<\/a> interaktive Karte von hamburg.de<\/p>\n<hr \/>\n<div class=\"headline\">\n<p><strong>Ruhezeiten<\/strong>\u00a0(Zitat vom <a href=\"https:\/\/www.mieterverein-hamburg.de\/de\/tipps-ratgeber\/wohnungsmaengel\/laerm\/index.html\" target=\"_blank\" rel=\"noopener noreferrer\">Mieterverein zu Hamburg<\/a>)<br \/>\nNach dem\u00a0<a href=\"http:\/\/www.landesrecht-hamburg.de\/jportal\/portal\/page\/bshaprod.psml;jsessionid=E61B43B3DE65D24D1187FF10A910745B.jp22?showdoccase=1&amp;st=lr&amp;doc.id=jlr-L\u00e4rmSchGHArahmen&amp;doc.part=X&amp;doc.origin=bs\">Hamburgischen Gesetz zum Schutz gegen L\u00e4rm<\/a>\u00a0sind Arbeiten unter Einsatz von Werkzeugen oder Ger\u00e4ten in <strong>Ruhezeiten<\/strong> verboten, die unbeteiligte Personen durch Ger\u00e4usche erheblich bel\u00e4stigen. Dies gilt in Gebieten, in denen das Wohnen nach planungsrechtlichen Vorschriften allgemein zul\u00e4ssig ist. Als Ruhezeit gelten Sonn- und gesetzliche Feiertage ganzt\u00e4gig sowie an Werktagen die Zeit von <strong>20h bis 7h<\/strong>.<br \/>\nEs wird sich sicherlich niemand beschweren, wenn mal um 21:00 Uhr ein Nagel in die Wand geschlagen wird. Starke Ger\u00e4usche wie von einer Bohrmaschine haben in dieser Zeit aber zu unterbleiben.<br \/>\nDie Hausordnung im \u201eHamburger Mietvertrag f\u00fcr Wohnraum\u201c sieht vor, dass im Interesse aller Mieter <strong>unbedingte Ruhe in der Zeit von 13h bis 15h und von 22h bis 7h<br \/>\n\u2013 an Sonn- und Feiertagen bis 9 Uhr \u2013 einzuhalten ist.<\/strong><\/p>\n<\/div>\n","protected":false},"excerpt":{"rendered":"<p>Hier eine Sammlung von Links, die das Leben in der Siedlung leichter macht&#8230;. Freiwillige Feuerwehr Gro\u00df Flottbek\u00a0Tel.: 112 Polizeikommissariat 25,\u00a0Notkestra\u00dfe 95 \u00a0Tel.:\u00a042865-2510 Stadtreinigung Hamburg\u00a0M\u00fcllabfuhrtermine Tel.: 2576-0 Hotline &#8220;Saubere Stadt&#8221;: 2576-1111&#8230; <\/p>\n<p><a class=\"teaser-more\" href=\"https:\/\/www.steenkamper.de\/index.php\/hinweise-und-tipps\/\">weiter lesen<\/a><\/p>\n","protected":false},"author":6,"featured_media":0,"parent":0,"menu_order":0,"comment_status":"closed","ping_status":"closed","template":"","meta":{"_acf_changed":false,"_price":"","_stock":"","_tribe_ticket_header":"","_tribe_default_ticket_provider":"","_tribe_ticket_capacity":"0","_ticket_start_date":"","_ticket_end_date":"","_tribe_ticket_show_description":"","_tribe_ticket_show_not_going":false,"_tribe_ticket_use_global_stock":"","_tribe_ticket_global_stock_level":"","_global_stock_mode":"","_global_stock_cap":"","_tribe_rsvp_for_event":"","_tribe_ticket_going_count":"","_tribe_ticket_not_going_count":"","_tribe_tickets_list":"[]","_tribe_ticket_has_attendee_info_fields":false,"jetpack_post_was_ever_published":false,"footnotes":"","_tec_slr_enabled":"","_tec_slr_layout":""},"class_list":["post-854","page","type-page","status-publish","hentry"],"acf":[],"jetpack_sharing_enabled":true,"jetpack_shortlink":"https:\/\/wp.me\/P74Wuo-dM","jetpack_likes_enabled":true,"jetpack-related-posts":[{"id":2972,"url":"https:\/\/www.steenkamper.de\/index.php\/fluechtlingsarbeit\/praktika-und-job\/","url_meta":{"origin":854,"position":0},"title":"Praktikum + Job","author":"Gertrud Krapp","date":"28\/11\/2016","format":false,"excerpt":"Durch die Kontakte zu den Nachbarinnen und Nachbarn aus der Notkestra\u00dfe 25 ergeben sich Fragen zu Praktika und Arbeitsplatz. Vielleicht sind wir nicht unbedingt alle Fachleute und m\u00f6chten trotzdem unterst\u00fctzen, ggf. begleiten und praktisch helfen. Die folgenden Einrichtungen sind behilflich - auch in rechtlichen Fragen zu Arbeit, Anerkennung und Status.\u2026","rel":"","context":"\u00c4hnlicher Beitrag","block_context":{"text":"\u00c4hnlicher Beitrag","link":""},"img":{"alt_text":"","src":"","width":0,"height":0},"classes":[]},{"id":485,"url":"https:\/\/www.steenkamper.de\/index.php\/gruppen\/","url_meta":{"origin":854,"position":1},"title":"Gruppen","author":"admin","date":"18\/12\/2015","format":false,"excerpt":"F\u00fcr die Teilnahme an Gruppenangeboten ist eine Mitgliedschaft in der Heimst\u00e4ttervereinigung erforderlich! Steenkamp-Singers\u00a0Gospelchor\u00a0 Jeden Dienstag ab 19:30h im Steenkampsaal Leitung und Info: Kristiana G\u00e4rtner, Tel. 899 21 88 Kl\u00f6nschnacktreff Jeden ersten Dienstag im Monat ab 16h im Steenkampsaal Kontakt: Inga Lund-Thiele, Tel.: 8991143 Nachbarinnentreff (f\u00fcr Frauen) letztes Treffen war am\u2026","rel":"","context":"\u00c4hnlicher Beitrag","block_context":{"text":"\u00c4hnlicher Beitrag","link":""},"img":{"alt_text":"","src":"","width":0,"height":0},"classes":[]},{"id":146,"url":"https:\/\/www.steenkamper.de\/index.php\/ausschuesse\/","url_meta":{"origin":854,"position":2},"title":"Aussch\u00fcsse","author":"admin","date":"15\/12\/2015","format":false,"excerpt":"und Arbeitsgruppen (AGs) Die\u00a0Vereinsarbeit der Heimst\u00e4ttervereinigung Steenkamp e.V. wird getragen\u00a0durch aktive Mitglieder. Diese\u00a0Aktivit\u00e4ten werden durch\u00a0verschiedene\u00a0Aussch\u00fcssen koordiniert. Sollten Sie Interesse an der Mitarbeit in einem dieser Aussch\u00fcsse haben, melden Sie sich bitte bei der entsprechenden Kontaktperson, oder wenden Sie sich direkt an den Vorstand. Per Mail\u00a0oder \u00fcber unseren Briefkasten Steenkamp 37,\u2026","rel":"","context":"\u00c4hnlicher Beitrag","block_context":{"text":"\u00c4hnlicher Beitrag","link":""},"img":{"alt_text":"","src":"","width":0,"height":0},"classes":[]},{"id":613,"url":"https:\/\/www.steenkamper.de\/index.php\/kontakt\/","url_meta":{"origin":854,"position":3},"title":"Kontakt","author":"admin","date":"22\/12\/2015","format":false,"excerpt":"Heimst\u00e4ttervereinigung Steenkamp e. V.Steenkamp 3722607 Hamburg Vorstandvorstand(at)steenkamper.de(Email Verteiler an alle Vorstandsmitglieder)1. Vorsitzende: Silke Faber 1. Kassiererin\u00a0\u00a0Meike JohannsenTel.: 0177 4463168kasse(at)steenkamper.de IBAN: DE81 200 505 50 107 821 05 13 QR-Code IBAN Heimst\u00e4ttervereinigung Steenkamp e.V. 2. Kassierer & MitgliederangelegenheitenJan Meybekheimstaette(at)meybek.deTel.: 4606 3379 Aussch\u00fcsse \/ AGs\u00a0 regelm\u00e4ssige Gruppen im Steenkampsaal Saalvermietungen\/SaalverwaltungTel. 0176 21065400Claus\u2026","rel":"","context":"\u00c4hnlicher Beitrag","block_context":{"text":"\u00c4hnlicher Beitrag","link":""},"img":{"alt_text":"","src":"https:\/\/i0.wp.com\/www.steenkamper.de\/wp-content\/uploads\/2020\/09\/qrIBAN.jpg?resize=350%2C200&ssl=1","width":350,"height":200,"srcset":"https:\/\/i0.wp.com\/www.steenkamper.de\/wp-content\/uploads\/2020\/09\/qrIBAN.jpg?resize=350%2C200&ssl=1 1x, https:\/\/i0.wp.com\/www.steenkamper.de\/wp-content\/uploads\/2020\/09\/qrIBAN.jpg?resize=525%2C300&ssl=1 1.5x, https:\/\/i0.wp.com\/www.steenkamper.de\/wp-content\/uploads\/2020\/09\/qrIBAN.jpg?resize=700%2C400&ssl=1 2x"},"classes":[]},{"id":144,"url":"https:\/\/www.steenkamper.de\/index.php\/vorstand\/","url_meta":{"origin":854,"position":4},"title":"Vorstand","author":"admin","date":"15\/12\/2015","format":false,"excerpt":"Der Vorstand der Heimst\u00e4ttervereinigung Steenkamp e.V. arbeitet ehrenamtlich. Seine Sitzungen finden einmal monatlich statt.\u00a0Etwa einmal im Quartal findet eine \u00f6ffentliche Sitzung im Steenkampsaal statt, zu der Mitglieder und Interessierte herzlich eingeladen sind.Die aktuellen Termine erfahren Sie in der Rubrik \u201cTermine\u201d oder im Schaukasten am Saal. \u2014-Auf der Mitgliederversammlung am 11.4.2026\u2026","rel":"","context":"\u00c4hnlicher Beitrag","block_context":{"text":"\u00c4hnlicher Beitrag","link":""},"img":{"alt_text":"","src":"https:\/\/i0.wp.com\/www.steenkamper.de\/wp-content\/uploads\/2025\/04\/Vorstand2025.png?resize=350%2C200&ssl=1","width":350,"height":200,"srcset":"https:\/\/i0.wp.com\/www.steenkamper.de\/wp-content\/uploads\/2025\/04\/Vorstand2025.png?resize=350%2C200&ssl=1 1x, https:\/\/i0.wp.com\/www.steenkamper.de\/wp-content\/uploads\/2025\/04\/Vorstand2025.png?resize=525%2C300&ssl=1 1.5x"},"classes":[]},{"id":1410,"url":"https:\/\/www.steenkamper.de\/index.php\/affiliates-werbung\/","url_meta":{"origin":854,"position":5},"title":"Affiliates &#038; Werbung","author":"Max","date":"07\/02\/2016","format":false,"excerpt":"Auf unserer Webseite sind Links und Werbebanner enthalten. Wenn du auf einen Affiliate Link klickst, dann erhalten wir, wenn du z.B. etwas kaufst, eine kleine Provision. F\u00fcr dich \u00e4ndert sich dabei nichts und es fallen auch keine Geb\u00fchren oder \u00e4hnliches an. Wenn du also \u00fcber einen Affiliate Link der Steenkamper\u2026","rel":"","context":"\u00c4hnlicher Beitrag","block_context":{"text":"\u00c4hnlicher Beitrag","link":""},"img":{"alt_text":"","src":"","width":0,"height":0},"classes":[]}],"ticketed":false,"_links":{"self":[{"href":"https:\/\/www.steenkamper.de\/index.php\/wp-json\/wp\/v2\/pages\/854","targetHints":{"allow":["GET"]}}],"collection":[{"href":"https:\/\/www.steenkamper.de\/index.php\/wp-json\/wp\/v2\/pages"}],"about":[{"href":"https:\/\/www.steenkamper.de\/index.php\/wp-json\/wp\/v2\/types\/page"}],"author":[{"embeddable":true,"href":"https:\/\/www.steenkamper.de\/index.php\/wp-json\/wp\/v2\/users\/6"}],"replies":[{"embeddable":true,"href":"https:\/\/www.steenkamper.de\/index.php\/wp-json\/wp\/v2\/comments?post=854"}],"version-history":[{"count":30,"href":"https:\/\/www.steenkamper.de\/index.php\/wp-json\/wp\/v2\/pages\/854\/revisions"}],"predecessor-version":[{"id":8574,"href":"https:\/\/www.steenkamper.de\/index.php\/wp-json\/wp\/v2\/pages\/854\/revisions\/8574"}],"wp:attachment":[{"href":"https:\/\/www.steenkamper.de\/index.php\/wp-json\/wp\/v2\/media?parent=854"}],"curies":[{"name":"wp","href":"https:\/\/api.w.org\/{rel}","templated":true}]}}