{"id":8413,"date":"2019-06-29T11:27:01","date_gmt":"2019-06-29T09:27:01","guid":{"rendered":"https:\/\/www.steenkamper.de\/?page_id=8413"},"modified":"2019-09-05T07:06:30","modified_gmt":"2019-09-05T05:06:30","slug":"sommerfest-helfer-anmeldung-2019","status":"publish","type":"page","link":"https:\/\/www.steenkamper.de\/index.php\/sommerfest-helfer-anmeldung-2019\/","title":{"rendered":"Sommerfest HELFER Anmeldung 2019"},"content":{"rendered":"\n<p><strong>Helfer<\/strong>&nbsp;f\u00fcr das Sommerfest 2019&nbsp;<strong>bitte auf \u201ehier anmelden\u201c dr\u00fccken und eintragen<br>oder telefonisch 040 659 141 34<\/strong><\/p>\n\n\n\n<p class=\"has-text-color has-vivid-red-color\"><strong><br><\/strong>Bitte unbedingt die&nbsp;<strong>T\u00e4tigkeit\/Hilfe<\/strong>&nbsp;im&nbsp;<strong>Textfeld \u201eAnmerkung\/Kommentar\u201c<\/strong>&nbsp;angeben!<\/p>\n\n\n\n<p>Dieses Jahr ist mit vielen Besuchen zu rechnen!<br><strong>Letztes Jahr war am Samstag schon der Kuchen aufgegessen, deswegen die<br>Bitte:<\/strong>&nbsp;<strong>Spendet Kuchen!<\/strong><\/p>\n\n\n\n<p class=\"has-text-color has-vivid-red-color\"><strong>HELFER Freitag<\/strong> (neu!):<br><strong>F\u00fcr den\u00a0Aufbau der beiden gro\u00dfen Zelte <\/strong><br><strong>(f\u00fcr die B\u00fchne auf der Vogelweide und das Grillzelt vorm Steenkampsaal) \u00a0brauchen wir am\u00a0Freitag ab 17h<\/strong> <strong>helfende H\u00e4nde.<\/strong><\/p>\n\n\n\n<hr class=\"wp-block-separator\"\/>\n\n\n\n<p class=\"has-text-color has-vivid-red-color\"><strong>HELFER Samstag:<\/strong><br><div class=\"rtec-outer-wrap\"><div class=\"rtec-attendance-display\"><span>Teilnehmer: 29 \/ \u221e<\/span><\/div><div id=\"rtec\" class=\"rtec\" data-event=\"8402\"><p class=\"rtec-success-message tribe-events-notices\">SORRY, die Anmeldung f\u00fcr diese Veranstaltung ist geschlossen.<\/p><\/div><\/div><br><\/p>\n\n\n\n<hr class=\"wp-block-separator\"\/>\n\n\n\n<p><strong>Deko des Saales<\/strong><br>3 Personen vor dem Fest (kann nach Belieben in der Woche davor erfolgen)<\/p>\n\n\n\n<hr class=\"wp-block-separator\"\/>\n\n\n\n<p><strong>Aufbau<br><\/strong>ab 9h z.B. Pavillons, Tische, B\u00e4nke, etc.<\/p>\n\n\n\n<hr class=\"wp-block-separator\"\/>\n\n\n\n<p><strong>Caf\u00e9 Zelt<\/strong><br>12-17h&nbsp;<strong><em>&nbsp;jeweils nur 2&nbsp;<\/em><\/strong>Helfer pro Tag&nbsp;&nbsp;f\u00fcr Zuarbeit (Kaffee kochen, frisches Wasser zum Sp\u00fclen, etc.) (Stammcrew vorhanden)<\/p>\n\n\n\n<hr class=\"wp-block-separator\"\/>\n\n\n\n<p><strong>Grill<br><\/strong>12-24h<br><a rel=\"noreferrer noopener\" href=\"https:\/\/doodle.com\/poll\/6s7duy6x4i232r9i\" target=\"_blank\">EXTRA DOODLE<\/a><\/p>\n\n\n\n<hr class=\"wp-block-separator\"\/>\n\n\n\n<p><strong>Steenkamplauf<br><\/strong>11-13.30h&nbsp;Strecken kennzeichnen,&nbsp;A4 Zettel und Eddings f\u00fcr Startnummern, Zeitnehmen,&nbsp;Tafel f\u00fcr Bestl\u00e4ufer, Ehrenurkunden und Urkunden drucken<br><\/p>\n\n\n\n<hr class=\"wp-block-separator\"\/>\n\n\n\n<p><strong>Getr\u00e4nkestand\/Bar&nbsp;<\/strong><br>11- 02h, 2 h Schichten mit jeweils 3 Personen<br><a href=\"https:\/\/doodle.com\/poll\/eaqes4mgevmhr78e\" target=\"_blank\" rel=\"noreferrer noopener\" aria-label=\"EXTRA DOODLE  (opens in a new tab)\">EXTRA DOODLE <\/a><br><\/p>\n\n\n\n<hr class=\"wp-block-separator\"\/>\n\n\n\n<p class=\"has-text-color has-vivid-red-color\"><strong>HELFER Sonntag:<\/strong><br><div class=\"rtec-outer-wrap\"><div class=\"rtec-attendance-display\"><span>Teilnehmer: 23 \/ \u221e<\/span><\/div><div id=\"rtec\" class=\"rtec\" data-event=\"8407\"><p class=\"rtec-success-message tribe-events-notices\">SORRY, die Anmeldung f\u00fcr diese Veranstaltung ist geschlossen.<\/p><\/div><\/div><br><\/p>\n\n\n\n<p><strong>Caf\u00e9 Zelt<\/strong><br>11-17h&nbsp;<strong><em>&nbsp;jeweils nur 2&nbsp;<\/em><\/strong>Helfer pro Tag&nbsp;&nbsp;f\u00fcr Zuarbeit (Kaffee kochen, frisches Wasser zum Sp\u00fclen, etc.) (Stammcrew vorhanden)<\/p>\n\n\n\n<hr class=\"wp-block-separator\"\/>\n\n\n\n<p><strong>Grill<br><\/strong>11-17h<br><a href=\"https:\/\/doodle.com\/poll\/6s7duy6x4i232r9i\" target=\"_blank\" rel=\"noreferrer noopener\" aria-label=\"EXTRA DOODLE (opens in a new tab)\">EXTRA DOODLE<\/a><\/p>\n\n\n\n<hr class=\"wp-block-separator\"\/>\n\n\n\n<p><strong>Familienparcour + Spiele f\u00fcr die&nbsp;Kleinen<br><\/strong>14-16h&nbsp;ca. 22 Helfer ben\u00f6tigt f\u00fcr Spiele<\/p>\n\n\n\n<p><a href=\"https:\/\/doodle.com\/poll\/2cmy7a7vhx8ss9bu\" target=\"_blank\" rel=\"noreferrer noopener\" aria-label=\" (opens in a new tab)\">EXTRA DOODLE f\u00fcr den Familienparcour<\/a><\/p>\n\n\n\n<table class=\"wp-block-table\"><tbody><tr><td><em>wie z.B.:&nbsp;<\/em><\/td><\/tr><tr><td>Laufkarten ausgeben u. einsammeln (kl.Geschenk), Hilfsdienste<\/td><\/tr><tr><td>Kinderschminken<\/td><\/tr><tr><td>Wasser-Schubkarre<\/td><\/tr><tr><td>Stelzenlaufen<\/td><\/tr><tr><td>M\u00fclltonnenrennen<\/td><\/tr><tr><td>Torwand<\/td><\/tr><tr><td>Erbsenschlagen<\/td><\/tr><tr><td>Wickelautorennen<\/td><\/tr><tr><td>Magnet-Angelspiel<\/td><\/tr><tr><td>Der hei\u00dfe Draht<\/td><\/tr><tr><td>Schwungtuch (falls noch vorhanden)<\/td><\/tr><tr><td>Dosenwerfen<\/td><\/tr><tr><td>Tandem-Ski<\/td><\/tr><tr><td>2 Laufdollies<\/td><\/tr><tr><td>Auf-T\u00f6pfen-Laufen<\/td><\/tr><tr><td>Riesen-Mensch-\u00c4rger-Dich-Nicht<\/td><\/tr><tr><td>Ringe Wurfspiel<\/td><\/tr><tr><td>Gummistiefelweitwurf<\/td><\/tr><tr><td>Springseil<\/td><\/tr><tr><td>Was-Ist-Da-Wohl-Drin-Karton<\/td><\/tr><\/tbody><\/table>\n\n\n\n<hr class=\"wp-block-separator\"\/>\n\n\n\n<p><strong>Getr\u00e4nkestand\/Bar&nbsp;<\/strong><br>11- 18h, 2 h Schichten mit 2 Personen&nbsp;<br><a rel=\"noreferrer noopener\" href=\"https:\/\/doodle.com\/poll\/eaqes4mgevmhr78e\" target=\"_blank\">EXTRA DOODLE <\/a><\/p>\n\n\n\n<hr class=\"wp-block-separator\"\/>\n\n\n\n<p><strong>Abbau<br><\/strong>ab 17h<\/p>\n","protected":false},"excerpt":{"rendered":"<p>Helfer&nbsp;f\u00fcr das Sommerfest 2019&nbsp;bitte auf \u201ehier anmelden\u201c dr\u00fccken und eintragenoder telefonisch 040 659 141 34 Bitte unbedingt die&nbsp;T\u00e4tigkeit\/Hilfe&nbsp;im&nbsp;Textfeld \u201eAnmerkung\/Kommentar\u201c&nbsp;angeben! Dieses Jahr ist mit vielen Besuchen zu rechnen!Letztes Jahr war am&#8230; <\/p>\n<p><a class=\"teaser-more\" href=\"https:\/\/www.steenkamper.de\/index.php\/sommerfest-helfer-anmeldung-2019\/\">weiter lesen<\/a><\/p>\n","protected":false},"author":6,"featured_media":0,"parent":0,"menu_order":0,"comment_status":"closed","ping_status":"closed","template":"","meta":{"_acf_changed":false,"_price":"","_stock":"","_tribe_ticket_header":"","_tribe_default_ticket_provider":"","_tribe_ticket_capacity":"0","_ticket_start_date":"","_ticket_end_date":"","_tribe_ticket_show_description":"","_tribe_ticket_show_not_going":false,"_tribe_ticket_use_global_stock":"","_tribe_ticket_global_stock_level":"","_global_stock_mode":"","_global_stock_cap":"","_tribe_rsvp_for_event":"","_tribe_ticket_going_count":"","_tribe_ticket_not_going_count":"","_tribe_tickets_list":"[]","_tribe_ticket_has_attendee_info_fields":false,"jetpack_post_was_ever_published":false,"footnotes":"","_tec_slr_enabled":"","_tec_slr_layout":""},"class_list":["post-8413","page","type-page","status-publish","hentry"],"acf":[],"jetpack_sharing_enabled":true,"jetpack_shortlink":"https:\/\/wp.me\/P74Wuo-2bH","jetpack_likes_enabled":true,"jetpack-related-posts":[{"id":6716,"url":"https:\/\/www.steenkamper.de\/index.php\/sommerfest-helfer-anmeldung\/","url_meta":{"origin":8413,"position":0},"title":"Sommerfest HELFER Anmeldung","author":"Max","date":"12\/07\/2018","format":false,"excerpt":"Helfer\u00a0f\u00fcr das Sommerfest 2018 bitte auf \"hier anmelden\" dr\u00fccken und eintragen oder telefonisch 040 659 141 34 Bitte unbedingt die T\u00e4tigkeit\/Hilfe im Textfeld \"Anmerkung\/Kommentar\" angeben! Falls die Anmeldung NICHT funktioniert, k\u00f6nnte es an der nicht richtigen URL liegen. (Es gab eine technische Umstellung der Webseite.) Bitte in der Adresszeile im\u2026","rel":"","context":"\u00c4hnlicher Beitrag","block_context":{"text":"\u00c4hnlicher Beitrag","link":""},"img":{"alt_text":"","src":"","width":0,"height":0},"classes":[]},{"id":29497,"url":"https:\/\/www.steenkamper.de\/index.php\/sommerfest-2025-helferinnen-listen\/","url_meta":{"origin":8413,"position":1},"title":"Sommerfest 2025 Helfer*innen-Listen","author":"Max","date":"09\/06\/2025","format":false,"excerpt":"Wir brauchen wieder viele \u201eHelfende H\u00e4nde\u201c f\u00fcr ein tolles Sommerfest! Bitte trage Dich hier f\u00fcr die gew\u00fcnschten Schichten ein.Dieses Jahr ist unsere Helfer*innen-Liste anders organisiert. Wir versuchen es etwas \u00fcbersichtlicher zu gestalten, damit die Anmeldung leichter f\u00e4llt. Eine Abmeldung von einer Schicht \/ einem Dienst ist nat\u00fcrlich auch m\u00f6glich. Gut\u2026","rel":"","context":"\u00c4hnlicher Beitrag","block_context":{"text":"\u00c4hnlicher Beitrag","link":""},"img":{"alt_text":"","src":"https:\/\/i0.wp.com\/www.steenkamper.de\/wp-content\/uploads\/2022\/10\/0987A869-0C20-4A21-A2E9-6232E2C663F5.jpg?fit=1200%2C900&ssl=1&resize=350%2C200","width":350,"height":200,"srcset":"https:\/\/i0.wp.com\/www.steenkamper.de\/wp-content\/uploads\/2022\/10\/0987A869-0C20-4A21-A2E9-6232E2C663F5.jpg?fit=1200%2C900&ssl=1&resize=350%2C200 1x, https:\/\/i0.wp.com\/www.steenkamper.de\/wp-content\/uploads\/2022\/10\/0987A869-0C20-4A21-A2E9-6232E2C663F5.jpg?fit=1200%2C900&ssl=1&resize=525%2C300 1.5x, https:\/\/i0.wp.com\/www.steenkamper.de\/wp-content\/uploads\/2022\/10\/0987A869-0C20-4A21-A2E9-6232E2C663F5.jpg?fit=1200%2C900&ssl=1&resize=700%2C400 2x, https:\/\/i0.wp.com\/www.steenkamper.de\/wp-content\/uploads\/2022\/10\/0987A869-0C20-4A21-A2E9-6232E2C663F5.jpg?fit=1200%2C900&ssl=1&resize=1050%2C600 3x"},"classes":[]},{"id":9671,"url":"https:\/\/www.steenkamper.de\/index.php\/helfer-anmeldung\/","url_meta":{"origin":8413,"position":2},"title":"HELFER ANMELDUNG","author":"Max","date":"23\/12\/2019","format":false,"excerpt":"TEST - PROBELAUF - TEST Im Jubil\u00e4umsjahr werden wir viele Helfer*innen brauchen. Um die Organisation besser und einfacher zu gestalten, werden wir ein neues online Werkzeug daf\u00fcr verwenden. Bitte tragt euch als Helfer*in dort ein, dort kann sich Jede*r f\u00fcr seinen pers\u00f6nlichen Helferdienst vom Grillstand, \u00fcber Tresen, bis zu den\u2026","rel":"","context":"\u00c4hnlicher Beitrag","block_context":{"text":"\u00c4hnlicher Beitrag","link":""},"img":{"alt_text":"","src":"","width":0,"height":0},"classes":[]},{"id":30784,"url":"https:\/\/www.steenkamper.de\/index.php\/termine-2025\/","url_meta":{"origin":8413,"position":3},"title":"Termine 2025","author":"Max","date":"02\/01\/2026","format":false,"excerpt":"(Link zu: \"das war 2024\") 202511.1. Helfer*innen Aktion Saal ausr\u00e4umen 11-14h2.1. - 21.2.\u00a0Saal gesperrt (Fu\u00dfbodensanierung) \u26d4\ufe0f22.2. Helfer*innen Aktion Saal einr\u00e4umen 11-14h1.3. Hamburg r\u00e4umt auf! 14h4.4. Bingo! 19h5.4. Mitgliederversammlung 16h11.4. Kultursalon \/ Lichtspielabend 19.30h25.4. Quiz-Abend 19h30.4. Tanz in den Mai 20h9.5. Bingo! 19h13.6. Bingo! 19h25.6. Energie-Gruppe Info-Veranstaltung 18h16.7. Ausschuss Science City\u2026","rel":"","context":"\u00c4hnlicher Beitrag","block_context":{"text":"\u00c4hnlicher Beitrag","link":""},"img":{"alt_text":"","src":"","width":0,"height":0},"classes":[]},{"id":28318,"url":"https:\/\/www.steenkamper.de\/index.php\/flohmarkt-anmeldung\/","url_meta":{"origin":8413,"position":4},"title":"Flohmarkt Anmeldung","author":"Max","date":"25\/05\/2024","format":false,"excerpt":"Neu: Flohmarkt nur mit Anmeldung Es werden am Mittwoch, den 04.09. 5 zus\u00e4tzliche Pl\u00e4tze freigeschaltet, da es in diesem Jahr keine Feldbahn gibt (Zone R=Reserve, s.u.). Die Zone R befindet sich im Steenkamp ab Hausnummer 39 in Richtung Norden. (Die Zone N zieht auch in diesen Bereich um.) Stand: 4.9.\u2026","rel":"","context":"\u00c4hnlicher Beitrag","block_context":{"text":"\u00c4hnlicher Beitrag","link":""},"img":{"alt_text":"","src":"https:\/\/i0.wp.com\/www.steenkamper.de\/wp-content\/uploads\/2024\/07\/img_2018-1.jpg?fit=750%2C382&ssl=1&resize=350%2C200","width":350,"height":200,"srcset":"https:\/\/i0.wp.com\/www.steenkamper.de\/wp-content\/uploads\/2024\/07\/img_2018-1.jpg?fit=750%2C382&ssl=1&resize=350%2C200 1x, https:\/\/i0.wp.com\/www.steenkamper.de\/wp-content\/uploads\/2024\/07\/img_2018-1.jpg?fit=750%2C382&ssl=1&resize=525%2C300 1.5x, https:\/\/i0.wp.com\/www.steenkamper.de\/wp-content\/uploads\/2024\/07\/img_2018-1.jpg?fit=750%2C382&ssl=1&resize=700%2C400 2x"},"classes":[]},{"id":25282,"url":"https:\/\/www.steenkamper.de\/index.php\/termine-2023\/","url_meta":{"origin":8413,"position":5},"title":"Termine-2023","author":"Max","date":"03\/01\/2024","format":false,"excerpt":"das war 2022 202320.1. Bingo 19h24.2. Bingo 19h25.2. \u201eHamburg\u00a0r\u00e4umt auf!\u201c 14h1.3. \u201eBahrenfeld auf Trab\u201c 18h11.3.\u00a0Square Dance 15.30h24.3. \u201eHamburger Bauheft\u201c Buchvorstellung 18h31.3. Bingo 19h15.4. \u201eGegenwarts-Werkstatt\u201c 15h26.4. Mitgliederversammlung 19h28.4. Bingo 19h30.4. Tanz in den Mai2.6. Bingo 19h18.6. Steenkampsingers,\u00a0gemeinsames Singen mit Kaffee und Kuchen 15h4.8. Bingo 19h2. & 3.9.\u00a0Sommerfest10.9. Rundgang zu den Stolpersteinen\u2026","rel":"","context":"\u00c4hnlicher Beitrag","block_context":{"text":"\u00c4hnlicher Beitrag","link":""},"img":{"alt_text":"","src":"","width":0,"height":0},"classes":[]}],"ticketed":false,"_links":{"self":[{"href":"https:\/\/www.steenkamper.de\/index.php\/wp-json\/wp\/v2\/pages\/8413","targetHints":{"allow":["GET"]}}],"collection":[{"href":"https:\/\/www.steenkamper.de\/index.php\/wp-json\/wp\/v2\/pages"}],"about":[{"href":"https:\/\/www.steenkamper.de\/index.php\/wp-json\/wp\/v2\/types\/page"}],"author":[{"embeddable":true,"href":"https:\/\/www.steenkamper.de\/index.php\/wp-json\/wp\/v2\/users\/6"}],"replies":[{"embeddable":true,"href":"https:\/\/www.steenkamper.de\/index.php\/wp-json\/wp\/v2\/comments?post=8413"}],"version-history":[{"count":16,"href":"https:\/\/www.steenkamper.de\/index.php\/wp-json\/wp\/v2\/pages\/8413\/revisions"}],"predecessor-version":[{"id":8744,"href":"https:\/\/www.steenkamper.de\/index.php\/wp-json\/wp\/v2\/pages\/8413\/revisions\/8744"}],"wp:attachment":[{"href":"https:\/\/www.steenkamper.de\/index.php\/wp-json\/wp\/v2\/media?parent=8413"}],"curies":[{"name":"wp","href":"https:\/\/api.w.org\/{rel}","templated":true}]}}