{"id":8150,"date":"2019-04-18T09:14:31","date_gmt":"2019-04-18T07:14:31","guid":{"rendered":"https:\/\/www.steenkamper.de\/?page_id=8150"},"modified":"2019-04-18T09:59:10","modified_gmt":"2019-04-18T07:59:10","slug":"schuster-schroeder","status":"publish","type":"page","link":"https:\/\/www.steenkamper.de\/index.php\/schuster-schroeder\/","title":{"rendered":"Schuster Schr\u00f6der"},"content":{"rendered":"\n<p><br>aus dem Steenkamper 1\/2017<\/p>\n\n\n\n<p><strong>DAMALS<\/strong><br>Erinnerungen einer Steenkamperin aus der Ebertallee&nbsp;<\/p>\n\n\n\n<p><strong>1920<\/strong>\u00a0<br>Als Erstbewohner des Hauses zogen 1920 meine Gro\u00dfeltern Theodora und Paul Schr\u00f6der mit ihren S\u00f6hnen Ernst (15) und Herbert (12) ein. Im Vorgarten des Hauses stand ein gro\u00dfes, schwarzes Glasschild mit Goldschrift, aus dem stolz hervorging, dass hier die Werkstatt des Schuhmachermeister des Paul Schr\u00f6der war. Die heute schon fast ausgestorbene Kunst des Schuhmachens in Handarbeit war die Lebensgrundlage unserer Familie.\u00a0<br>Mein Vater hat mir erz\u00e4hlt, dass sein Bruder, ein Junge der Nachbarschaft und er auf der Kreuzung Ebertallee\/Osdorfer Weg mit ihren Spielzeugautos ungest\u00f6rt spielen konnten.\u00a0<br>\u00a0<br>Unser Haus war, wie alle H\u00e4user in der Stra\u00dfe, mit Rauputz bedeckt und mit wildem Wein bewachsen. In den Vorg\u00e4rten bl\u00fchten Rosen und vor jedem Haus war ein Kirschbaum. Die Bl\u00fctenpracht im Fr\u00fchjahr kann man sich gut vorstellen. Damals hatten die Leute in den G\u00e4rten hinter den H\u00e4usern H\u00fchner, Kaninchen und sogar Schweine. Im Inneren der H\u00e4user war unten eine Wohnk\u00fcche und eine &#8220;Gute Stube&#8221; \u2013 mit dem einzigen Ofen im Haus.<br><br><strong>1934 bis 1946<br><\/strong>Meine ganz pers\u00f6nliche Erinnerung an das Haus f\u00e4ngt erst 1939\/40 an, als ich im Alter von drei Jahren bei meinen Gro\u00dfeltern zu Besuch war. Ich versp\u00fcre noch heute die Freude, die ich empfand, wenn ich in die Ebertallee durfte. Ich liebte diese Stra\u00dfe in der Steenkampsiedlung mit ihrem gr\u00fcnen Allee-B\u00e4umen, ich liebte den f\u00fcr meine Verh\u00e4ltnisse gro\u00dfen Garten, und vor allem liebte ich die Werkstatt meines Gro\u00dfvaters. Ich erinnere mich noch heute an den Geruch in diesem Raum: eine Mischung aus Leim und neuem Leder.\u00a0<br>Ich durfte in dieser Werkstatt spielen, wie ich wollte und konnte dabei meinem Opa bei der Arbeit zuschauen, was mich enorm faszinierte! Ich sah, wie die Sohlen aus dem ausgebreiteten Leder am\u00a0Boden zugeschnitten worden, wie Leim anger\u00fchrt wurde und N\u00e4gel eingeschlagen wurden. Vom Kundenbesuch \u00fcber alle Arbeitsschritte bis zur fertigen Arbeit und dem Abholen der Schuhe durch die zufriedene Kundschaft habe ich alles verfolgt: Ein Wunder, dass ich nicht auch Schuhmacher geworden bin. Dieses waren also meine ersten Erinnerungen, aber jedes Jahr\u00a0 \u2013 meistens im Sommer \u2013 kam ich weiterhin zu Besuch.\u00a0<br>Beim Stichwort Sommer denke ich in erster Linie an den Garten mit Erdbeeren, Himbeeren, Stachelbeeren und Obstb\u00e4umen (Apfel, Birne, Pfirsich, Pflaumen, Quitte). Dort residierte meine Oma: eine gro\u00dfe, schlanke, gutaussehende Frau, etwas introvertiert und unnahbar, aber voller Liebe f\u00fcr mich. Sie konnte sehr gut kochen und backen und machte Marme-lade und S\u00e4fte aus dem Obst des Gartens. Sp\u00e4ter hat sie auch oft mit mir gebastelt und mir Stricken und Kl\u00f6ppeln beigebracht, so dass ich Weihnachtsgeschenke f\u00fcr meine Eltern machen konnte. Ich habe immer ganz alleine und mit Begeisterung im Garten gespielt und die H\u00fchner im Nachbarsgarten mit ausgegrabenen Regenw\u00fcrmern gef\u00fcttert. (&#8230;)<br>Was ich auch noch deutlich in mein Bewusstsein eingepr\u00e4gt hat, waren zwei Milcht\u00f6pfe aus Porzellan (einer mit gr\u00fcnen Streifen, einer orange), die auf einem kleinen Schr\u00e4nkchen im Flur standen, und jeden Tag kam der Milchmann mit seinem Pferdewagen durch die Stra\u00dfe, machte sich mit seiner gro\u00dfen Glocke bemerkbar, und Oma lie\u00df beide Milcht\u00f6pfe mit ehrlicher, frischer Milch f\u00fcllen. Es wurden auch oft Br\u00f6tchen gebracht, die dann in einem bunten Leinenbeutel an der Haust\u00fcr hingen. Im Fr\u00fchherbst fand dann allj\u00e4hrlich das so genannte &#8220;Kinderfest&#8221; statt. Ein Siedlungsfest, wo verschiedene Sport- und Spielveranstaltungen gemacht wurden. <br>Die Steenkampsiedlung war mit Girlanden und Blumen geschm\u00fcckt, und ein Umzug mit Sch\u00fctzenk\u00f6nig und Spielmannszug kam durch alle Stra\u00dfen. Ich glaube, ich war auch einmal auf so einem Wagen dabei, geschm\u00fcckt mit einem Blumenkranz im Haar, bestehend aus (sehr \u00fcbel riechenden) Tagetes. (&#8230;)\u00a0<br><br><strong>1950<\/strong>\u00a0<br>Anfang der 1950er war die Ebertallee noch fast autofrei. Die Kinder und Jugendlichen fuhren dort Rollschuhe und spielten Federball. Ganz allm\u00e4hlich wurde der Autoverkehr st\u00e4rker und st\u00e4rker und am Ende der Dekade wurde der Osdorfer Weg von einer einfachen Landstra\u00dfe mit Kopfsteinpflaster zu einer breiten Stra\u00dfe umgebaut und an der Kreuzung Ebertallee wurde dann eine Ampelschaltung installiert.\u00a0<br>Etwa um diese Zeit wurde die ganze Siedlung bunt gestrichen in h\u00e4sslichen, grellen Farben. Angeblich hatte man extra einen Farbfachmann aus D\u00e4nemark zu Rate gezogen. H\u00e4user erstrahlten jetzt in rosa, hellgr\u00fcn, zitronengelb und lila. Unser Haus hatte Gl\u00fcck und bekamen ein dezentes Grau mit dunkelgrauen T\u00fcren. Der wilde Wein musste dieser schrecklichen Farbe weichen. (\u2026)\u00a0<br><br><br><em>Danke f\u00fcr die Aufzeichnungen an die Enkelin des Schusters Schr\u00f6der.<\/em><\/p>\n","protected":false},"excerpt":{"rendered":"<p>aus dem Steenkamper 1\/2017 DAMALSErinnerungen einer Steenkamperin aus der Ebertallee&nbsp; 1920\u00a0Als Erstbewohner des Hauses zogen 1920 meine Gro\u00dfeltern Theodora und Paul Schr\u00f6der mit ihren S\u00f6hnen Ernst (15) und Herbert (12)&#8230; <\/p>\n<p><a class=\"teaser-more\" href=\"https:\/\/www.steenkamper.de\/index.php\/schuster-schroeder\/\">weiter lesen<\/a><\/p>\n","protected":false},"author":6,"featured_media":0,"parent":0,"menu_order":0,"comment_status":"closed","ping_status":"closed","template":"","meta":{"_acf_changed":false,"_price":"","_stock":"","_tribe_ticket_header":"","_tribe_default_ticket_provider":"","_tribe_ticket_capacity":"0","_ticket_start_date":"","_ticket_end_date":"","_tribe_ticket_show_description":"","_tribe_ticket_show_not_going":false,"_tribe_ticket_use_global_stock":"","_tribe_ticket_global_stock_level":"","_global_stock_mode":"","_global_stock_cap":"","_tribe_rsvp_for_event":"","_tribe_ticket_going_count":"","_tribe_ticket_not_going_count":"","_tribe_tickets_list":"[]","_tribe_ticket_has_attendee_info_fields":false,"jetpack_post_was_ever_published":false,"footnotes":"","_tec_slr_enabled":"","_tec_slr_layout":""},"class_list":["post-8150","page","type-page","status-publish","hentry"],"acf":[],"jetpack_sharing_enabled":true,"jetpack_shortlink":"https:\/\/wp.me\/P74Wuo-27s","jetpack_likes_enabled":true,"jetpack-related-posts":[{"id":1025,"url":"https:\/\/www.steenkamper.de\/index.php\/siedlungsgeschichten\/","url_meta":{"origin":8150,"position":0},"title":"Siedlungsgeschichten","author":"Max","date":"04\/01\/2016","format":false,"excerpt":"\u00a0 Im Steenkamper online Rundgang sind die Siedlungsgeschichten mit ihrem Ort des Geschehens verkn\u00fcpft. Ein bisschen Zeit muss sein! 100 Jahre Ursula (Uschi) Scheibner Louis Cahnbley Stolperstein vor dem Haus im Steenkamp 43 Der Emmichbrunnen im Riemenschneiderstieg von Sebastian Buchholz aus dem Steenkamper 2\/2022 Mit der Strassenbahn zum Steenkamp? von\u2026","rel":"","context":"\u00c4hnlicher Beitrag","block_context":{"text":"\u00c4hnlicher Beitrag","link":""},"img":{"alt_text":"","src":"https:\/\/i0.wp.com\/www.steenkamper.de\/wp-content\/uploads\/2019\/12\/logo-steenkamp-jubilaeum-KLEIN-278x300.png?resize=350%2C200&ssl=1","width":350,"height":200},"classes":[]},{"id":29404,"url":"https:\/\/www.steenkamper.de\/index.php\/die-steenkampsiedlung-unter-schutz\/","url_meta":{"origin":8150,"position":1},"title":"Die Steenkampsiedlung unter Schutz","author":"Max","date":"24\/05\/2025","format":false,"excerpt":"Gemeinsam erhalten, was uns verbindet Ein Ort mit Charakter \u2013 und einer starken Gemeinschaft Die Steenkampsiedlung ist mehr als nur ein Wohnviertel im Hamburger Westen. Sie ist ein St\u00fcck Stadtgeschichte, ein Ort gelebter Nachbarschaft und ein architektonisches Kleinod mitten in Bahrenfeld. Damit dieser besondere Charakter auch f\u00fcr kommende Generationen erhalten\u2026","rel":"","context":"\u00c4hnlicher Beitrag","block_context":{"text":"\u00c4hnlicher Beitrag","link":""},"img":{"alt_text":"","src":"https:\/\/i0.wp.com\/www.steenkamper.de\/wp-content\/uploads\/2019\/04\/StmJahns4.jpg?fit=1200%2C764&ssl=1&resize=350%2C200","width":350,"height":200,"srcset":"https:\/\/i0.wp.com\/www.steenkamper.de\/wp-content\/uploads\/2019\/04\/StmJahns4.jpg?fit=1200%2C764&ssl=1&resize=350%2C200 1x, https:\/\/i0.wp.com\/www.steenkamper.de\/wp-content\/uploads\/2019\/04\/StmJahns4.jpg?fit=1200%2C764&ssl=1&resize=525%2C300 1.5x, https:\/\/i0.wp.com\/www.steenkamper.de\/wp-content\/uploads\/2019\/04\/StmJahns4.jpg?fit=1200%2C764&ssl=1&resize=700%2C400 2x, https:\/\/i0.wp.com\/www.steenkamper.de\/wp-content\/uploads\/2019\/04\/StmJahns4.jpg?fit=1200%2C764&ssl=1&resize=1050%2C600 3x"},"classes":[]},{"id":9443,"url":"https:\/\/www.steenkamper.de\/index.php\/meine-zeit-in-der-ebertallee-1964-1977\/","url_meta":{"origin":8150,"position":2},"title":"Meine Zeit in der Ebertallee 1964 \u2013 1977","author":"Max","date":"02\/12\/2019","format":false,"excerpt":"aus dem Steenkamper 1\/2020Erg\u00e4nzend zu dem Artikel \u201eErinnerungen\u201cvon Karin und Horst Henzeim Steenkamper 2\/2012 Kreuzung Ebertallee Osdorfer Weg in den 50er Jahren Heinz Burmeister aus Oldenfelde schreibt uns:Meine Zeit in der Ebertallee 1964 \u2013 1977 (und indirekt bis 2003)Angeregt von dem Artikel \"Erinnerungen\" von Karin und Horst Henze,denke ich an\u2026","rel":"","context":"\u00c4hnlicher Beitrag","block_context":{"text":"\u00c4hnlicher Beitrag","link":""},"img":{"alt_text":"","src":"https:\/\/i0.wp.com\/www.steenkamper.de\/wp-content\/uploads\/2019\/10\/HeinzBurmeisterEbertalleeKreuzung-OsdorferWeg50er-Jahre-Pap18-001-Kopie.jpg?resize=350%2C200&ssl=1","width":350,"height":200,"srcset":"https:\/\/i0.wp.com\/www.steenkamper.de\/wp-content\/uploads\/2019\/10\/HeinzBurmeisterEbertalleeKreuzung-OsdorferWeg50er-Jahre-Pap18-001-Kopie.jpg?resize=350%2C200&ssl=1 1x, https:\/\/i0.wp.com\/www.steenkamper.de\/wp-content\/uploads\/2019\/10\/HeinzBurmeisterEbertalleeKreuzung-OsdorferWeg50er-Jahre-Pap18-001-Kopie.jpg?resize=525%2C300&ssl=1 1.5x, https:\/\/i0.wp.com\/www.steenkamper.de\/wp-content\/uploads\/2019\/10\/HeinzBurmeisterEbertalleeKreuzung-OsdorferWeg50er-Jahre-Pap18-001-Kopie.jpg?resize=700%2C400&ssl=1 2x, https:\/\/i0.wp.com\/www.steenkamper.de\/wp-content\/uploads\/2019\/10\/HeinzBurmeisterEbertalleeKreuzung-OsdorferWeg50er-Jahre-Pap18-001-Kopie.jpg?resize=1050%2C600&ssl=1 3x, https:\/\/i0.wp.com\/www.steenkamper.de\/wp-content\/uploads\/2019\/10\/HeinzBurmeisterEbertalleeKreuzung-OsdorferWeg50er-Jahre-Pap18-001-Kopie.jpg?resize=1400%2C800&ssl=1 4x"},"classes":[]},{"id":14334,"url":"https:\/\/www.steenkamper.de\/index.php\/baecker-roegner\/","url_meta":{"origin":8150,"position":3},"title":"B\u00e4cker R\u00f6gner","author":"Max","date":"20\/01\/2021","format":false,"excerpt":"R\u00f6gner Team am 31.12.2020 aus dem Steenkamper 1\/2021 von Jule L\u00fcbke und Anke Zimmermann R\u00f6gner\u00a0\u00a0-\u00a0\u00a0das Ende\u00a0vom Br\u00f6tchenduft in der Ebertallee. R\u00f6gners\u00a0Backstube\u00a0hat am 31.12.2020 mit den letzten Verk\u00e4ufen von\u00a0Berlinern,\u00a0einer kleinen Tr\u00e4ne im Knopfloch\u00a0und Abschiedssekt\u00a0ihren \u00fcber 80j\u00e4hrigen Betrieb eingestellt.Der nun\u00a0mitsamt seiner Familie\u00a0der\u00a0Ebertalle\u00a0228 den R\u00fccken kehrende B\u00e4ckermeister Koslowski hat 1980 bei B\u00e4cker\u00a0R\u00f6gner\u00a0mit einem\u2026","rel":"","context":"\u00c4hnlicher Beitrag","block_context":{"text":"\u00c4hnlicher Beitrag","link":""},"img":{"alt_text":"","src":"https:\/\/i0.wp.com\/www.steenkamper.de\/wp-content\/uploads\/2020\/12\/R%C3%B6gners-scaled.jpg?fit=923%2C1200&ssl=1&resize=350%2C200","width":350,"height":200,"srcset":"https:\/\/i0.wp.com\/www.steenkamper.de\/wp-content\/uploads\/2020\/12\/R%C3%B6gners-scaled.jpg?fit=923%2C1200&ssl=1&resize=350%2C200 1x, https:\/\/i0.wp.com\/www.steenkamper.de\/wp-content\/uploads\/2020\/12\/R%C3%B6gners-scaled.jpg?fit=923%2C1200&ssl=1&resize=525%2C300 1.5x, https:\/\/i0.wp.com\/www.steenkamper.de\/wp-content\/uploads\/2020\/12\/R%C3%B6gners-scaled.jpg?fit=923%2C1200&ssl=1&resize=700%2C400 2x"},"classes":[]},{"id":10803,"url":"https:\/\/www.steenkamper.de\/index.php\/georg-hempel\/","url_meta":{"origin":8150,"position":4},"title":"Georg Hempel","author":"Max","date":"17\/05\/2020","format":false,"excerpt":"(geb. am 28.09.1894 in Altona, gestorben am 30.12.1969 in Hamburg) war ein Steenkamper K\u00fcnstler, der seit 1923 bis zu seinem Tod Im Winkel 27 (heute Rosenwinkel) lebte. Georg Hempel fertigte haupts\u00e4chlich Scherenschnitte, gestaltete aber auch B\u00fccher und stellte kunstgewerbliche Arbeiten und Schmuck her. Georg Hempel Foto: Ulrich Blievernicht\u00a0 Georg Hempel\u2026","rel":"","context":"\u00c4hnlicher Beitrag","block_context":{"text":"\u00c4hnlicher Beitrag","link":""},"img":{"alt_text":"","src":"https:\/\/i0.wp.com\/www.steenkamper.de\/wp-content\/uploads\/2020\/06\/HempelScherenschnitte.png?resize=350%2C200&ssl=1","width":350,"height":200,"srcset":"https:\/\/i0.wp.com\/www.steenkamper.de\/wp-content\/uploads\/2020\/06\/HempelScherenschnitte.png?resize=350%2C200&ssl=1 1x, https:\/\/i0.wp.com\/www.steenkamper.de\/wp-content\/uploads\/2020\/06\/HempelScherenschnitte.png?resize=525%2C300&ssl=1 1.5x, https:\/\/i0.wp.com\/www.steenkamper.de\/wp-content\/uploads\/2020\/06\/HempelScherenschnitte.png?resize=700%2C400&ssl=1 2x"},"classes":[]},{"id":457,"url":"https:\/\/www.steenkamper.de\/index.php\/strassennamen\/","url_meta":{"origin":8150,"position":5},"title":"Stra\u00dfennamen","author":"admin","date":"17\/12\/2015","format":false,"excerpt":"Was bedeuten die Stra\u00dfennamen in der Steenkampsiedlung? Einige der Stra\u00dfen wurden, insbesondere nach der Eingliederung von Altona nach Hamburg, umbenannt. Hier einiges Wissenswerte.Quelle: Festschrift \u201e100 Jahre Steenkamp\u201c Am Quickborn Am Quickbornbenannt 1920. Abgeleitet von Born = Quelle, Brunnen oder Wasserstelle. Laut schriftlicher \u00dcberlieferungen aus der Zeit vor dem Bau gab\u2026","rel":"","context":"\u00c4hnlicher Beitrag","block_context":{"text":"\u00c4hnlicher Beitrag","link":""},"img":{"alt_text":"","src":"https:\/\/i0.wp.com\/www.steenkamper.de\/wp-content\/uploads\/2015\/12\/035.jpg?resize=350%2C200&ssl=1","width":350,"height":200,"srcset":"https:\/\/i0.wp.com\/www.steenkamper.de\/wp-content\/uploads\/2015\/12\/035.jpg?resize=350%2C200&ssl=1 1x, https:\/\/i0.wp.com\/www.steenkamper.de\/wp-content\/uploads\/2015\/12\/035.jpg?resize=525%2C300&ssl=1 1.5x, https:\/\/i0.wp.com\/www.steenkamper.de\/wp-content\/uploads\/2015\/12\/035.jpg?resize=700%2C400&ssl=1 2x, https:\/\/i0.wp.com\/www.steenkamper.de\/wp-content\/uploads\/2015\/12\/035.jpg?resize=1050%2C600&ssl=1 3x, https:\/\/i0.wp.com\/www.steenkamper.de\/wp-content\/uploads\/2015\/12\/035.jpg?resize=1400%2C800&ssl=1 4x"},"classes":[]}],"ticketed":false,"_links":{"self":[{"href":"https:\/\/www.steenkamper.de\/index.php\/wp-json\/wp\/v2\/pages\/8150","targetHints":{"allow":["GET"]}}],"collection":[{"href":"https:\/\/www.steenkamper.de\/index.php\/wp-json\/wp\/v2\/pages"}],"about":[{"href":"https:\/\/www.steenkamper.de\/index.php\/wp-json\/wp\/v2\/types\/page"}],"author":[{"embeddable":true,"href":"https:\/\/www.steenkamper.de\/index.php\/wp-json\/wp\/v2\/users\/6"}],"replies":[{"embeddable":true,"href":"https:\/\/www.steenkamper.de\/index.php\/wp-json\/wp\/v2\/comments?post=8150"}],"version-history":[{"count":5,"href":"https:\/\/www.steenkamper.de\/index.php\/wp-json\/wp\/v2\/pages\/8150\/revisions"}],"predecessor-version":[{"id":8167,"href":"https:\/\/www.steenkamper.de\/index.php\/wp-json\/wp\/v2\/pages\/8150\/revisions\/8167"}],"wp:attachment":[{"href":"https:\/\/www.steenkamper.de\/index.php\/wp-json\/wp\/v2\/media?parent=8150"}],"curies":[{"name":"wp","href":"https:\/\/api.w.org\/{rel}","templated":true}]}}