{"id":8075,"date":"2019-04-09T14:47:55","date_gmt":"2019-04-09T12:47:55","guid":{"rendered":"https:\/\/www.steenkamper.de\/?page_id=8075"},"modified":"2019-04-09T14:47:57","modified_gmt":"2019-04-09T12:47:57","slug":"grundsteinlegung-grundschule","status":"publish","type":"page","link":"https:\/\/www.steenkamper.de\/index.php\/grundsteinlegung-grundschule\/","title":{"rendered":"Grundsteinlegung Grundschule"},"content":{"rendered":"\n<p>aus dem Steenkamper 11\/1949<\/p>\n\n\n\n<figure class=\"wp-block-image\"><img data-recalc-dims=\"1\" fetchpriority=\"high\" decoding=\"async\" width=\"707\" height=\"1024\" data-attachment-id=\"8065\" data-permalink=\"https:\/\/www.steenkamper.de\/img_0042-2\/\" data-orig-file=\"https:\/\/i0.wp.com\/www.steenkamper.de\/wp-content\/uploads\/2019\/04\/IMG_0042.jpg?fit=1299%2C1882&amp;ssl=1\" data-orig-size=\"1299,1882\" data-comments-opened=\"1\" data-image-meta=\"{&quot;aperture&quot;:&quot;2.2&quot;,&quot;credit&quot;:&quot;&quot;,&quot;camera&quot;:&quot;iPhone 6s&quot;,&quot;caption&quot;:&quot;&quot;,&quot;created_timestamp&quot;:&quot;1554124199&quot;,&quot;copyright&quot;:&quot;&quot;,&quot;focal_length&quot;:&quot;4.15&quot;,&quot;iso&quot;:&quot;32&quot;,&quot;shutter_speed&quot;:&quot;0.03030303030303&quot;,&quot;title&quot;:&quot;&quot;,&quot;orientation&quot;:&quot;0&quot;}\" data-image-title=\"Steenkamper 11\/1949\" data-image-description=\"\" data-image-caption=\"&lt;p&gt;\u00a9 Die Steenkamper \u2013 HEIMST\u00c4TTERVEREINIGUNG STEENKAMP E.V.&lt;\/p&gt;\n\" data-large-file=\"https:\/\/i0.wp.com\/www.steenkamper.de\/wp-content\/uploads\/2019\/04\/IMG_0042.jpg?fit=707%2C1024&amp;ssl=1\" src=\"https:\/\/i0.wp.com\/www.steenkamper.de\/wp-content\/uploads\/2019\/04\/IMG_0042.jpg?resize=707%2C1024&#038;ssl=1\" alt=\"\" class=\"wp-image-8065\" srcset=\"https:\/\/i0.wp.com\/www.steenkamper.de\/wp-content\/uploads\/2019\/04\/IMG_0042.jpg?resize=707%2C1024&amp;ssl=1 707w, https:\/\/i0.wp.com\/www.steenkamper.de\/wp-content\/uploads\/2019\/04\/IMG_0042.jpg?resize=207%2C300&amp;ssl=1 207w, https:\/\/i0.wp.com\/www.steenkamper.de\/wp-content\/uploads\/2019\/04\/IMG_0042.jpg?resize=768%2C1113&amp;ssl=1 768w, https:\/\/i0.wp.com\/www.steenkamper.de\/wp-content\/uploads\/2019\/04\/IMG_0042.jpg?resize=500%2C724&amp;ssl=1 500w, https:\/\/i0.wp.com\/www.steenkamper.de\/wp-content\/uploads\/2019\/04\/IMG_0042.jpg?resize=450%2C652&amp;ssl=1 450w, https:\/\/i0.wp.com\/www.steenkamper.de\/wp-content\/uploads\/2019\/04\/IMG_0042.jpg?w=1299&amp;ssl=1 1299w\" sizes=\"(max-width: 707px) 100vw, 707px\" \/><figcaption>\u00a9 Die Steenkamper \u2013 HEIMST\u00c4TTERVEREINIGUNG STEENKAMP E.V.<\/figcaption><\/figure>\n\n\n\n<figure class=\"wp-block-image\"><img data-recalc-dims=\"1\" decoding=\"async\" width=\"699\" height=\"1024\" data-attachment-id=\"8066\" data-permalink=\"https:\/\/www.steenkamper.de\/img_0043-2\/\" data-orig-file=\"https:\/\/i0.wp.com\/www.steenkamper.de\/wp-content\/uploads\/2019\/04\/IMG_0043.jpg?fit=1022%2C1498&amp;ssl=1\" data-orig-size=\"1022,1498\" data-comments-opened=\"1\" data-image-meta=\"{&quot;aperture&quot;:&quot;2.2&quot;,&quot;credit&quot;:&quot;&quot;,&quot;camera&quot;:&quot;iPhone 6s&quot;,&quot;caption&quot;:&quot;&quot;,&quot;created_timestamp&quot;:&quot;1554124220&quot;,&quot;copyright&quot;:&quot;&quot;,&quot;focal_length&quot;:&quot;4.15&quot;,&quot;iso&quot;:&quot;25&quot;,&quot;shutter_speed&quot;:&quot;0.03030303030303&quot;,&quot;title&quot;:&quot;&quot;,&quot;orientation&quot;:&quot;0&quot;}\" data-image-title=\"Steenkamper 1949\" data-image-description=\"\" data-image-caption=\"&lt;p&gt;\u00a9 Die Steenkamper \u2013 HEIMST\u00c4TTERVEREINIGUNG STEENKAMP E.V.&lt;\/p&gt;\n\" data-large-file=\"https:\/\/i0.wp.com\/www.steenkamper.de\/wp-content\/uploads\/2019\/04\/IMG_0043.jpg?fit=699%2C1024&amp;ssl=1\" src=\"https:\/\/i0.wp.com\/www.steenkamper.de\/wp-content\/uploads\/2019\/04\/IMG_0043.jpg?resize=699%2C1024&#038;ssl=1\" alt=\"\" class=\"wp-image-8066\" srcset=\"https:\/\/i0.wp.com\/www.steenkamper.de\/wp-content\/uploads\/2019\/04\/IMG_0043.jpg?resize=699%2C1024&amp;ssl=1 699w, https:\/\/i0.wp.com\/www.steenkamper.de\/wp-content\/uploads\/2019\/04\/IMG_0043.jpg?resize=205%2C300&amp;ssl=1 205w, https:\/\/i0.wp.com\/www.steenkamper.de\/wp-content\/uploads\/2019\/04\/IMG_0043.jpg?resize=768%2C1126&amp;ssl=1 768w, https:\/\/i0.wp.com\/www.steenkamper.de\/wp-content\/uploads\/2019\/04\/IMG_0043.jpg?resize=500%2C733&amp;ssl=1 500w, https:\/\/i0.wp.com\/www.steenkamper.de\/wp-content\/uploads\/2019\/04\/IMG_0043.jpg?resize=450%2C660&amp;ssl=1 450w, https:\/\/i0.wp.com\/www.steenkamper.de\/wp-content\/uploads\/2019\/04\/IMG_0043.jpg?w=1022&amp;ssl=1 1022w\" sizes=\"(max-width: 699px) 100vw, 699px\" \/><figcaption>\u00a9 Die Steenkamper \u2013 HEIMST\u00c4TTERVEREINIGUNG STEENKAMP E.V.<\/figcaption><\/figure>\n","protected":false},"excerpt":{"rendered":"<p>aus dem Steenkamper 11\/1949<\/p>\n","protected":false},"author":6,"featured_media":0,"parent":0,"menu_order":0,"comment_status":"closed","ping_status":"closed","template":"","meta":{"_acf_changed":false,"_price":"","_stock":"","_tribe_ticket_header":"","_tribe_default_ticket_provider":"","_tribe_ticket_capacity":"0","_ticket_start_date":"","_ticket_end_date":"","_tribe_ticket_show_description":"","_tribe_ticket_show_not_going":false,"_tribe_ticket_use_global_stock":"","_tribe_ticket_global_stock_level":"","_global_stock_mode":"","_global_stock_cap":"","_tribe_rsvp_for_event":"","_tribe_ticket_going_count":"","_tribe_ticket_not_going_count":"","_tribe_tickets_list":"[]","_tribe_ticket_has_attendee_info_fields":false,"jetpack_post_was_ever_published":false,"footnotes":"","_tec_slr_enabled":"","_tec_slr_layout":""},"class_list":["post-8075","page","type-page","status-publish","hentry"],"acf":[],"jetpack_sharing_enabled":true,"jetpack_shortlink":"https:\/\/wp.me\/P74Wuo-26f","jetpack_likes_enabled":true,"jetpack-related-posts":[{"id":43,"url":"https:\/\/www.steenkamper.de\/index.php\/download\/","url_meta":{"origin":8075,"position":0},"title":"Download","author":"admin","date":"14\/12\/2015","format":false,"excerpt":"Satzung der Heimst\u00e4ttervereinigung Erhaltungs- und Gestaltungsverordnung Antrag auf Mitgliedschaft Einverst\u00e4ndniserkl\u00e4rung f\u00fcr Ver\u00f6ffentlichung von Kontaktdaten von Mitgliedern oder online Formular Rechteerkl\u00e4rung f\u00fcr Ver\u00f6ffentlichungen oder online Formular Rechteabtretung f\u00fcr die Festschrift \"100 Jahre Steenkamp\" Steenkamper Nachbarschaftsplan: Copyright \u00a9 2021 HEIMST\u00c4TTERVEREINIGUNG STEENKAMP E.V.","rel":"","context":"\u00c4hnlicher Beitrag","block_context":{"text":"\u00c4hnlicher Beitrag","link":""},"img":{"alt_text":"","src":"https:\/\/i0.wp.com\/www.steenkamper.de\/wp-content\/uploads\/2021\/02\/Nachbarschaftsplan2021-2-300x212.jpg?resize=350%2C200&ssl=1","width":350,"height":200},"classes":[]},{"id":613,"url":"https:\/\/www.steenkamper.de\/index.php\/kontakt\/","url_meta":{"origin":8075,"position":1},"title":"Kontakt","author":"admin","date":"22\/12\/2015","format":false,"excerpt":"Heimst\u00e4ttervereinigung Steenkamp e. V.Steenkamp 3722607 Hamburg Vorstandvorstand(at)steenkamper.de(Email Verteiler an alle Vorstandsmitglieder)1. Vorsitzende: Silke Faber 1. Kassiererin\u00a0\u00a0Meike JohannsenTel.: 0177 4463168kasse(at)steenkamper.de IBAN: DE81 200 505 50 107 821 05 13 QR-Code IBAN Heimst\u00e4ttervereinigung Steenkamp e.V. 2. Kassierer & MitgliederangelegenheitenJan Meybekheimstaette(at)meybek.deTel.: 4606 3379 Aussch\u00fcsse \/ AGs\u00a0 regelm\u00e4ssige Gruppen im Steenkampsaal Saalvermietungen\/SaalverwaltungTel. 0176 21065400Claus\u2026","rel":"","context":"\u00c4hnlicher Beitrag","block_context":{"text":"\u00c4hnlicher Beitrag","link":""},"img":{"alt_text":"","src":"https:\/\/i0.wp.com\/www.steenkamper.de\/wp-content\/uploads\/2020\/09\/qrIBAN.jpg?resize=350%2C200&ssl=1","width":350,"height":200,"srcset":"https:\/\/i0.wp.com\/www.steenkamper.de\/wp-content\/uploads\/2020\/09\/qrIBAN.jpg?resize=350%2C200&ssl=1 1x, https:\/\/i0.wp.com\/www.steenkamper.de\/wp-content\/uploads\/2020\/09\/qrIBAN.jpg?resize=525%2C300&ssl=1 1.5x, https:\/\/i0.wp.com\/www.steenkamper.de\/wp-content\/uploads\/2020\/09\/qrIBAN.jpg?resize=700%2C400&ssl=1 2x"},"classes":[]},{"id":3880,"url":"https:\/\/www.steenkamper.de\/index.php\/fotowettbewerb-2017\/","url_meta":{"origin":8075,"position":2},"title":"Fotowettbewerb\u00a02017","author":"Max","date":"12\/07\/2017","format":false,"excerpt":"Wir suchen die\u00a0sch\u00f6nsten Bilder der Steenkampsiedlung von DAMALS\u00a0und\u00a0HEUTE. Durchsuchen Sie ihre Fotosammlung. Die besten Bilder ver\u00f6ffentlichen wir in den Steenkamper Medien und in der Chronik zum 100 j\u00e4hrigen Jubil\u00e4um des Vereines. Zu gewinnen gibt es: 1. - 3. Platz: Steenkamper T-Shirt aus unserem T-Shirt Shop 4. - 10. Platz: Schl\u00fcsselband\u2026","rel":"","context":"\u00c4hnlicher Beitrag","block_context":{"text":"\u00c4hnlicher Beitrag","link":""},"img":{"alt_text":"FotowettbewerbTitel","src":"https:\/\/i0.wp.com\/wp.steenkamper.de\/wp-content\/uploads\/2017\/07\/FotowettbewerbTitel-300x240.jpg?resize=350%2C200","width":350,"height":200},"classes":[]},{"id":8041,"url":"https:\/\/www.steenkamper.de\/index.php\/historischer-rundgang\/","url_meta":{"origin":8075,"position":3},"title":"historischer Rundgang","author":"Max","date":"03\/12\/2019","format":false,"excerpt":"Steenkamper (online) RundgangAlle digital verf\u00fcgbaren Steenkamp-Geschichten und Bilder sind in einer Online-Karte miteinander verkn\u00fcpft und laden zu einem Rundgang durch unsere Siedlung. Mit einem Smartphone, einem Tablet oder zuhause am PC kann die Siedlungsgeschichte(n) hautnah erlebet werden.Die\u00a0\u201eGeschichtswerkstatt Steenkamp\u201c hat schon viele alte Geschichten auszugraben. Die Karte wird stetig \u00fcberarbeitet, erweitert\u2026","rel":"","context":"\u00c4hnlicher Beitrag","block_context":{"text":"\u00c4hnlicher Beitrag","link":""},"img":{"alt_text":"","src":"https:\/\/i0.wp.com\/www.steenkamper.de\/wp-content\/uploads\/2019\/12\/logo-steenkamp-jubilaeum-KLEIN.png?resize=350%2C200&ssl=1","width":350,"height":200,"srcset":"https:\/\/i0.wp.com\/www.steenkamper.de\/wp-content\/uploads\/2019\/12\/logo-steenkamp-jubilaeum-KLEIN.png?resize=350%2C200&ssl=1 1x, https:\/\/i0.wp.com\/www.steenkamper.de\/wp-content\/uploads\/2019\/12\/logo-steenkamp-jubilaeum-KLEIN.png?resize=525%2C300&ssl=1 1.5x, https:\/\/i0.wp.com\/www.steenkamper.de\/wp-content\/uploads\/2019\/12\/logo-steenkamp-jubilaeum-KLEIN.png?resize=700%2C400&ssl=1 2x, https:\/\/i0.wp.com\/www.steenkamper.de\/wp-content\/uploads\/2019\/12\/logo-steenkamp-jubilaeum-KLEIN.png?resize=1050%2C600&ssl=1 3x"},"classes":[]},{"id":255,"url":"https:\/\/www.steenkamper.de\/index.php\/verein\/verein-2\/","url_meta":{"origin":8075,"position":4},"title":"Der Verein","author":"Max","date":"15\/12\/2015","format":false,"excerpt":"Die Steenkamper \u2013 HEIMST\u00c4TTERVEREINIGUNG STEENKAMP E.V. Mitglied werden freiwilliger zus\u00e4tzlicher F\u00f6rderbeitrag der Verein Engagierte Nachbarn Vorstand Satzung Aussch\u00fcsse regelm\u00e4\u00dfige Gruppen Saal Downloads Steenkamper Medien \u2013 Der Steenkamper & Newsletter, Nachbarschaftsplan etc. Pressespiegel Kooperationspartner\/Links Hinweise und Links Wissensspeicher-Knowledgebase\u00a0 Cloud F\u00f6rderer","rel":"","context":"\u00c4hnlicher Beitrag","block_context":{"text":"\u00c4hnlicher Beitrag","link":""},"img":{"alt_text":"img_3269","src":"https:\/\/i0.wp.com\/www.steenkamper.de\/wp-content\/uploads\/2017\/11\/img_3269-300x111.jpg?resize=350%2C200&ssl=1","width":350,"height":200},"classes":[]},{"id":144,"url":"https:\/\/www.steenkamper.de\/index.php\/vorstand\/","url_meta":{"origin":8075,"position":5},"title":"Vorstand","author":"admin","date":"15\/12\/2015","format":false,"excerpt":"Der Vorstand der Heimst\u00e4ttervereinigung Steenkamp e.V. arbeitet ehrenamtlich. Seine Sitzungen finden einmal monatlich statt.\u00a0Etwa einmal im Quartal findet eine \u00f6ffentliche Sitzung im Steenkampsaal statt, zu der Mitglieder und Interessierte herzlich eingeladen sind.Die aktuellen Termine erfahren Sie in der Rubrik \u201cTermine\u201d oder im Schaukasten am Saal. \u2014-Auf der Mitgliederversammlung am 11.4.2026\u2026","rel":"","context":"\u00c4hnlicher Beitrag","block_context":{"text":"\u00c4hnlicher Beitrag","link":""},"img":{"alt_text":"","src":"https:\/\/i0.wp.com\/www.steenkamper.de\/wp-content\/uploads\/2025\/04\/Vorstand2025.png?resize=350%2C200&ssl=1","width":350,"height":200,"srcset":"https:\/\/i0.wp.com\/www.steenkamper.de\/wp-content\/uploads\/2025\/04\/Vorstand2025.png?resize=350%2C200&ssl=1 1x, https:\/\/i0.wp.com\/www.steenkamper.de\/wp-content\/uploads\/2025\/04\/Vorstand2025.png?resize=525%2C300&ssl=1 1.5x"},"classes":[]}],"ticketed":false,"_links":{"self":[{"href":"https:\/\/www.steenkamper.de\/index.php\/wp-json\/wp\/v2\/pages\/8075","targetHints":{"allow":["GET"]}}],"collection":[{"href":"https:\/\/www.steenkamper.de\/index.php\/wp-json\/wp\/v2\/pages"}],"about":[{"href":"https:\/\/www.steenkamper.de\/index.php\/wp-json\/wp\/v2\/types\/page"}],"author":[{"embeddable":true,"href":"https:\/\/www.steenkamper.de\/index.php\/wp-json\/wp\/v2\/users\/6"}],"replies":[{"embeddable":true,"href":"https:\/\/www.steenkamper.de\/index.php\/wp-json\/wp\/v2\/comments?post=8075"}],"version-history":[{"count":1,"href":"https:\/\/www.steenkamper.de\/index.php\/wp-json\/wp\/v2\/pages\/8075\/revisions"}],"predecessor-version":[{"id":8076,"href":"https:\/\/www.steenkamper.de\/index.php\/wp-json\/wp\/v2\/pages\/8075\/revisions\/8076"}],"wp:attachment":[{"href":"https:\/\/www.steenkamper.de\/index.php\/wp-json\/wp\/v2\/media?parent=8075"}],"curies":[{"name":"wp","href":"https:\/\/api.w.org\/{rel}","templated":true}]}}