{"id":703,"date":"2015-12-23T11:36:08","date_gmt":"2015-12-23T09:36:08","guid":{"rendered":"http:\/\/wp.steenkamper.de\/?page_id=703"},"modified":"2016-11-01T10:28:47","modified_gmt":"2016-11-01T09:28:47","slug":"kinderkino","status":"publish","type":"page","link":"https:\/\/www.steenkamper.de\/index.php\/kinderkino\/","title":{"rendered":"Familienkino"},"content":{"rendered":"<p>Die Kinderkino Gruppe ist 2013 im bundesweiten Wettbewerb &#8220;Neue Nachbarschaft&#8221; der Montag-Stiftung Urbane R\u00e4ume (Bonn) ausgezeichnet worden. Die Gruppe veranstaltet in der Herbst- und Winterzeit Filmvorf\u00fchrungen mit kreativem Rahmenprogramm im Steenkamp-Saal.<\/p>\n<p><img data-recalc-dims=\"1\" fetchpriority=\"high\" decoding=\"async\" data-attachment-id=\"709\" data-permalink=\"https:\/\/www.steenkamper.de\/index.php\/kinderkino\/kinderkino-2\/\" data-orig-file=\"https:\/\/i0.wp.com\/www.steenkamper.de\/wp-content\/uploads\/2015\/12\/kinderkino.jpg?fit=523%2C758&amp;ssl=1\" data-orig-size=\"523,758\" data-comments-opened=\"1\" data-image-meta=\"{&quot;aperture&quot;:&quot;0&quot;,&quot;credit&quot;:&quot;&quot;,&quot;camera&quot;:&quot;&quot;,&quot;caption&quot;:&quot;&quot;,&quot;created_timestamp&quot;:&quot;0&quot;,&quot;copyright&quot;:&quot;&quot;,&quot;focal_length&quot;:&quot;0&quot;,&quot;iso&quot;:&quot;0&quot;,&quot;shutter_speed&quot;:&quot;0&quot;,&quot;title&quot;:&quot;&quot;,&quot;orientation&quot;:&quot;0&quot;}\" data-image-title=\"Kinderkino &amp;#8211; Steenkamper\" data-image-description=\"\" data-image-caption=\"\" data-large-file=\"https:\/\/i0.wp.com\/www.steenkamper.de\/wp-content\/uploads\/2015\/12\/kinderkino.jpg?fit=523%2C758&amp;ssl=1\" class=\"alignnone size-medium wp-image-709\" src=\"https:\/\/i0.wp.com\/wp.steenkamper.de\/wp-content\/uploads\/2015\/12\/kinderkino-207x300.jpg?resize=207%2C300\" alt=\"Kinderkino - Steenkamper\" width=\"207\" height=\"300\" srcset=\"https:\/\/i0.wp.com\/www.steenkamper.de\/wp-content\/uploads\/2015\/12\/kinderkino.jpg?resize=207%2C300&amp;ssl=1 207w, https:\/\/i0.wp.com\/www.steenkamper.de\/wp-content\/uploads\/2015\/12\/kinderkino.jpg?resize=500%2C725&amp;ssl=1 500w, https:\/\/i0.wp.com\/www.steenkamper.de\/wp-content\/uploads\/2015\/12\/kinderkino.jpg?resize=450%2C652&amp;ssl=1 450w, https:\/\/i0.wp.com\/www.steenkamper.de\/wp-content\/uploads\/2015\/12\/kinderkino.jpg?w=523&amp;ssl=1 523w\" sizes=\"(max-width: 207px) 100vw, 207px\" \/>\u00a0<img data-recalc-dims=\"1\" decoding=\"async\" data-attachment-id=\"833\" data-permalink=\"https:\/\/www.steenkamper.de\/index.php\/kinderkino\/fullsizerender\/\" data-orig-file=\"https:\/\/i0.wp.com\/www.steenkamper.de\/wp-content\/uploads\/2015\/12\/FullSizeRender.jpg?fit=904%2C1300&amp;ssl=1\" data-orig-size=\"904,1300\" data-comments-opened=\"1\" data-image-meta=\"{&quot;aperture&quot;:&quot;2.4&quot;,&quot;credit&quot;:&quot;&quot;,&quot;camera&quot;:&quot;iPhone 4S&quot;,&quot;caption&quot;:&quot;&quot;,&quot;created_timestamp&quot;:&quot;1451306288&quot;,&quot;copyright&quot;:&quot;&quot;,&quot;focal_length&quot;:&quot;4.28&quot;,&quot;iso&quot;:&quot;160&quot;,&quot;shutter_speed&quot;:&quot;0.05&quot;,&quot;title&quot;:&quot;&quot;,&quot;orientation&quot;:&quot;0&quot;}\" data-image-title=\"FullSizeRender\" data-image-description=\"\" data-image-caption=\"\" data-large-file=\"https:\/\/i0.wp.com\/www.steenkamper.de\/wp-content\/uploads\/2015\/12\/FullSizeRender.jpg?fit=712%2C1024&amp;ssl=1\" class=\"alignnone size-medium wp-image-833\" src=\"https:\/\/i0.wp.com\/wp.steenkamper.de\/wp-content\/uploads\/2015\/12\/FullSizeRender-209x300.jpg?resize=209%2C300\" alt=\"FullSizeRender\" width=\"209\" height=\"300\" srcset=\"https:\/\/i0.wp.com\/www.steenkamper.de\/wp-content\/uploads\/2015\/12\/FullSizeRender.jpg?resize=209%2C300&amp;ssl=1 209w, https:\/\/i0.wp.com\/www.steenkamper.de\/wp-content\/uploads\/2015\/12\/FullSizeRender.jpg?resize=768%2C1104&amp;ssl=1 768w, https:\/\/i0.wp.com\/www.steenkamper.de\/wp-content\/uploads\/2015\/12\/FullSizeRender.jpg?resize=712%2C1024&amp;ssl=1 712w, https:\/\/i0.wp.com\/www.steenkamper.de\/wp-content\/uploads\/2015\/12\/FullSizeRender.jpg?resize=500%2C719&amp;ssl=1 500w, https:\/\/i0.wp.com\/www.steenkamper.de\/wp-content\/uploads\/2015\/12\/FullSizeRender.jpg?resize=450%2C647&amp;ssl=1 450w, https:\/\/i0.wp.com\/www.steenkamper.de\/wp-content\/uploads\/2015\/12\/FullSizeRender.jpg?w=904&amp;ssl=1 904w\" sizes=\"(max-width: 209px) 100vw, 209px\" \/><\/p>\n<p>&nbsp;<\/p>\n","protected":false},"excerpt":{"rendered":"<p>Die Kinderkino Gruppe ist 2013 im bundesweiten Wettbewerb &#8220;Neue Nachbarschaft&#8221; der Montag-Stiftung Urbane R\u00e4ume (Bonn) ausgezeichnet worden. Die Gruppe veranstaltet in der Herbst- und Winterzeit Filmvorf\u00fchrungen mit kreativem Rahmenprogramm im&#8230; <\/p>\n<p><a class=\"teaser-more\" href=\"https:\/\/www.steenkamper.de\/index.php\/kinderkino\/\">weiter lesen<\/a><\/p>\n","protected":false},"author":6,"featured_media":0,"parent":0,"menu_order":0,"comment_status":"closed","ping_status":"closed","template":"","meta":{"_acf_changed":false,"_price":"","_stock":"","_tribe_ticket_header":"","_tribe_default_ticket_provider":"","_tribe_ticket_capacity":"0","_ticket_start_date":"","_ticket_end_date":"","_tribe_ticket_show_description":"","_tribe_ticket_show_not_going":false,"_tribe_ticket_use_global_stock":"","_tribe_ticket_global_stock_level":"","_global_stock_mode":"","_global_stock_cap":"","_tribe_rsvp_for_event":"","_tribe_ticket_going_count":"","_tribe_ticket_not_going_count":"","_tribe_tickets_list":"[]","_tribe_ticket_has_attendee_info_fields":false,"jetpack_post_was_ever_published":false,"footnotes":"","_tec_slr_enabled":"","_tec_slr_layout":""},"class_list":["post-703","page","type-page","status-publish","hentry"],"acf":[],"jetpack_sharing_enabled":true,"jetpack_shortlink":"https:\/\/wp.me\/P74Wuo-bl","jetpack_likes_enabled":true,"jetpack-related-posts":[{"id":30324,"url":"https:\/\/www.steenkamper.de\/index.php\/mailingliste\/","url_meta":{"origin":703,"position":0},"title":"Mailingliste","author":"Max","date":"07\/09\/2025","format":false,"excerpt":"AG SteenkampEnergie MailinglisteACHTUNG! Dies ist NICHT der Newsletter. Diese Mailingliste dient der Kommunikation der Gruppe! Der Newsletter kann mit dem Thema \u201eAG SteenkampEnergie\u201c hier abonniert werden. Ja, ich m\u00f6chte mich auf die Mailingliste agsteenkampenergie@steenkamper.de. Bitte streichen Sie mich wieder von der Mailingliste agsteenkampenergie@steenkamper.de. Geben Sie Ihre E-Mail-Adresse ein: Wiederholen Sie\u2026","rel":"","context":"\u00c4hnlicher Beitrag","block_context":{"text":"\u00c4hnlicher Beitrag","link":""},"img":{"alt_text":"","src":"","width":0,"height":0},"classes":[]},{"id":16505,"url":"https:\/\/www.steenkamper.de\/index.php\/science-city-bahrenfeld-gremien\/","url_meta":{"origin":703,"position":1},"title":"Science-City Bahrenfeld &#8211; Gremien","author":"Max","date":"20\/09\/2021","format":false,"excerpt":"\u00dcbersicht \u00fcber Gremien\/ Akteure\/ Beteiligungsformate im Bereich Science-City Bahrenfeld Das Vorhaben Science City ist nicht nur in der Planung sehr komplex. Es ist bereits eine Herausforderung zu verstehen, welche verschiedenen Akteure was machen. Daher geben wir an dieser Stelle eine \u00dcbersicht \u00fcber die uns bekannten Akteure, Gremien und Beteiligungsformate. Die\u2026","rel":"","context":"\u00c4hnlicher Beitrag","block_context":{"text":"\u00c4hnlicher Beitrag","link":""},"img":{"alt_text":"","src":"","width":0,"height":0},"classes":[]},{"id":1799,"url":"https:\/\/www.steenkamper.de\/index.php\/fluechtlingsarbeit\/ag-wlaninternet\/protokoll-10-2-16\/","url_meta":{"origin":703,"position":2},"title":"Protokoll 10.02.2016","author":"Max","date":"26\/02\/2016","format":false,"excerpt":"Protokoll vom 10.02.2016 Beim dem letzten Treffen der AG im Januar 2016 war Bernd Thielk, Gesch\u00e4ftsf\u00fchrer, willy.tel GmbH zu Gast. Damals wurde vereinbart, dass es unsere Gruppe \u00fcber bereits laufende Gespr\u00e4che mit dem Senat zur Realisierung von WLAN in Fl\u00fcchtlingsunterk\u00fcnften auf dem laufenden h\u00e4lt. Hintergrund ist das Vorhaben des Zentralen\u2026","rel":"","context":"\u00c4hnlicher Beitrag","block_context":{"text":"\u00c4hnlicher Beitrag","link":""},"img":{"alt_text":"","src":"","width":0,"height":0},"classes":[]},{"id":9254,"url":"https:\/\/www.steenkamper.de\/index.php\/steenkamp-history\/","url_meta":{"origin":703,"position":3},"title":"Steenkamp History","author":"Max","date":"20\/11\/2019","format":false,"excerpt":"Geschichtswerkstatt im Steenkampsaal Es hat sich eine neue Gruppe gebildet (2019), die sich f\u00fcr das Jubil\u00e4umsjahr auf den Weg gemacht hat, historischen Spuren und spannenden Quellen zur Geschichte der Siedlung aufzutun. Die monatlichen Treffen sind offen f\u00fcr Interessierte und sollen dem gegenseitigen Austausch und gerne auch der Weiterentwicklung und Abstimmung\u2026","rel":"","context":"\u00c4hnlicher Beitrag","block_context":{"text":"\u00c4hnlicher Beitrag","link":""},"img":{"alt_text":"","src":"https:\/\/i0.wp.com\/www.steenkamper.de\/wp-content\/uploads\/2019\/12\/logo-steenkamp-jubilaeum-KLEIN.png?resize=350%2C200&ssl=1","width":350,"height":200,"srcset":"https:\/\/i0.wp.com\/www.steenkamper.de\/wp-content\/uploads\/2019\/12\/logo-steenkamp-jubilaeum-KLEIN.png?resize=350%2C200&ssl=1 1x, https:\/\/i0.wp.com\/www.steenkamper.de\/wp-content\/uploads\/2019\/12\/logo-steenkamp-jubilaeum-KLEIN.png?resize=525%2C300&ssl=1 1.5x, https:\/\/i0.wp.com\/www.steenkamper.de\/wp-content\/uploads\/2019\/12\/logo-steenkamp-jubilaeum-KLEIN.png?resize=700%2C400&ssl=1 2x, https:\/\/i0.wp.com\/www.steenkamper.de\/wp-content\/uploads\/2019\/12\/logo-steenkamp-jubilaeum-KLEIN.png?resize=1050%2C600&ssl=1 3x"},"classes":[]},{"id":30784,"url":"https:\/\/www.steenkamper.de\/index.php\/termine-2025\/","url_meta":{"origin":703,"position":4},"title":"Termine 2025","author":"Max","date":"02\/01\/2026","format":false,"excerpt":"(Link zu: \"das war 2024\") 202511.1. Helfer*innen Aktion Saal ausr\u00e4umen 11-14h2.1. - 21.2.\u00a0Saal gesperrt (Fu\u00dfbodensanierung) \u26d4\ufe0f22.2. Helfer*innen Aktion Saal einr\u00e4umen 11-14h1.3. Hamburg r\u00e4umt auf! 14h4.4. Bingo! 19h5.4. Mitgliederversammlung 16h11.4. Kultursalon \/ Lichtspielabend 19.30h25.4. Quiz-Abend 19h30.4. Tanz in den Mai 20h9.5. Bingo! 19h13.6. Bingo! 19h25.6. Energie-Gruppe Info-Veranstaltung 18h16.7. Ausschuss Science City\u2026","rel":"","context":"\u00c4hnlicher Beitrag","block_context":{"text":"\u00c4hnlicher Beitrag","link":""},"img":{"alt_text":"","src":"","width":0,"height":0},"classes":[]},{"id":247,"url":"https:\/\/www.steenkamper.de\/index.php\/fluechtlingsarbeit\/","url_meta":{"origin":703,"position":5},"title":"Ausschuss Fl\u00fcchtlingsunterst\u00fctzung","author":"Max","date":"15\/12\/2015","format":false,"excerpt":"Caf\u00e9 VogelweideDas Caf\u00e9 ist seit April 2022 nach einer l\u00e4ngeren Coronapause wieder aktiv. Alle Steenkamper\/innen sind eingeladen mit neuen Nachbarn\/innen Deutsch zu kl\u00f6nen und zu Tee\/Kaffee\/Kuchen zusammenzusitzen. Kuchenspenden (geschnittene) sind sehr erw\u00fcnscht, um das Buffet zu erweitern. Sie k\u00f6nnen ab 15.00h abgegeben werden. Das Caf\u00e9 findet ab 16.00h bis 17.30h\u2026","rel":"","context":"\u00c4hnlicher Beitrag","block_context":{"text":"\u00c4hnlicher Beitrag","link":""},"img":{"alt_text":"","src":"https:\/\/i0.wp.com\/www.steenkamper.de\/wp-content\/uploads\/2016\/09\/IMG_2805-300x141.png?resize=350%2C200&ssl=1","width":350,"height":200},"classes":[]}],"ticketed":false,"_links":{"self":[{"href":"https:\/\/www.steenkamper.de\/index.php\/wp-json\/wp\/v2\/pages\/703","targetHints":{"allow":["GET"]}}],"collection":[{"href":"https:\/\/www.steenkamper.de\/index.php\/wp-json\/wp\/v2\/pages"}],"about":[{"href":"https:\/\/www.steenkamper.de\/index.php\/wp-json\/wp\/v2\/types\/page"}],"author":[{"embeddable":true,"href":"https:\/\/www.steenkamper.de\/index.php\/wp-json\/wp\/v2\/users\/6"}],"replies":[{"embeddable":true,"href":"https:\/\/www.steenkamper.de\/index.php\/wp-json\/wp\/v2\/comments?post=703"}],"version-history":[{"count":8,"href":"https:\/\/www.steenkamper.de\/index.php\/wp-json\/wp\/v2\/pages\/703\/revisions"}],"predecessor-version":[{"id":2730,"href":"https:\/\/www.steenkamper.de\/index.php\/wp-json\/wp\/v2\/pages\/703\/revisions\/2730"}],"wp:attachment":[{"href":"https:\/\/www.steenkamper.de\/index.php\/wp-json\/wp\/v2\/media?parent=703"}],"curies":[{"name":"wp","href":"https:\/\/api.w.org\/{rel}","templated":true}]}}