{"id":6716,"date":"2018-07-12T12:58:46","date_gmt":"2018-07-12T10:58:46","guid":{"rendered":"http:\/\/wp.steenkamper.de\/?page_id=6716"},"modified":"2018-08-29T23:50:12","modified_gmt":"2018-08-29T21:50:12","slug":"sommerfest-helfer-anmeldung","status":"publish","type":"page","link":"https:\/\/www.steenkamper.de\/index.php\/sommerfest-helfer-anmeldung\/","title":{"rendered":"Sommerfest HELFER Anmeldung"},"content":{"rendered":"<p><strong>Helfer<\/strong>\u00a0f\u00fcr das Sommerfest 2018 <strong>bitte auf &#8220;hier anmelden&#8221; dr\u00fccken und eintragen<br \/>\noder telefonisch 040 659 141 34<br \/>\n<\/strong><span style=\"color: #ff0000;\">Bitte unbedingt die <strong>T\u00e4tigkeit\/Hilfe<\/strong> im <strong>Textfeld &#8220;Anmerkung\/Kommentar&#8221;<\/strong> angeben!<\/span><\/p>\n<p><em>Falls die Anmeldung NICHT funktioniert, k\u00f6nnte es an der nicht richtigen URL liegen.<\/em><br \/>\n<em>(Es gab eine technische Umstellung der Webseite.)<\/em><br \/>\n<em>Bitte in der Adresszeile im Browser neu eingeben:<\/em><br \/>\n<em><a href=\"https:\/\/www.steenkamper.de\/index.php\/sommerfest-helfer-anmeldung\/\">https:\/\/www.steenkamper.de\/index.php\/sommerfest-helfer-anmeldung\/<\/a> \u00a0(ohne &#8220;wp.&#8221;)<\/em><br \/>\n<em>oder telefonisch: 65914134<\/em><\/p>\n<p>Dieses Jahr ist mit vielen Besuchen zu rechnen!<br \/>\n<strong>Letztes Jahr war am Samstag schon der Kuchen aufgegessen, deswegen die<br \/>\nBitte:<\/strong>\u00a0<strong>Spendet Kuchen!<\/strong><\/p>\n<hr \/>\n<p><strong>Samstag:<\/strong><br \/>\n<div class=\"rtec-outer-wrap\"><div class=\"rtec-attendance-display\"><span>Teilnehmer: 21 \/ \u221e<\/span><\/div><div id=\"rtec\" class=\"rtec\" data-event=\"5744\"><p class=\"rtec-success-message tribe-events-notices\">SORRY, die Anmeldung f\u00fcr diese Veranstaltung ist geschlossen.<\/p><\/div><\/div><br \/>\n9-11h: 6-8 Helfer Zeltaufbau u. div. Vorbereitungen\u00a0<strong><span style=\"color: #ff0000;\">(brauchen wir noch!)<\/span><\/strong><br \/>\n11.30-13h: Helfer f\u00fcr Steenkamplauf (z.B. Zeit nehmen, Streckenposten) <strong><span style=\"color: #ff0000;\">(brauchen wir noch!)<\/span><\/strong><br \/>\n11-17h: (auch zeitweise) 2 Helfer Hilfsdienste<br \/>\n13-17h: 3 Helfer Grillstand\u00a0<span style=\"color: #ff0000;\">(bereits vergeben)<\/span><br \/>\n20-23h: 2 Helfer Grillstand\u00a0<span style=\"color: #ff0000;\">(bereits vergeben)<\/span><\/p>\n<hr \/>\n<p><strong>Sonntag:<\/strong><br \/>\n<div class=\"rtec-outer-wrap\"><div class=\"rtec-attendance-display\"><span>Teilnehmer: 9 \/ \u221e<\/span><\/div><div id=\"rtec\" class=\"rtec\" data-event=\"6309\"><p class=\"rtec-success-message tribe-events-notices\">SORRY, die Anmeldung f\u00fcr diese Veranstaltung ist geschlossen.<\/p><\/div><\/div><br \/>\n9:30-16h: (auch zeitweise) 1 Helfer Kaffeezelt-Zuarbeiten<br \/>\n10:30-17h: (auch zeitweise) 3 <strong>Helfer<\/strong> <strong>Grillstand<\/strong> <strong><span style=\"color: #ff0000;\">(brauchen wir noch dringend!) \u26a0\ufe0f<\/span><\/strong><br \/>\n14-16h: 22 Helfer Kinderspiele und Familienparcour (siehe unten)<br \/>\n17h: 6-8 Helfer Abbauen und Aufr\u00e4umen. <strong><span style=\"color: #ff0000;\">(brauchen wir noch!)<\/span><\/strong><\/p>\n<hr \/>\n<p><strong>Familienparcour Sonntag 14-16h:<\/strong><br \/>\n<div class=\"rtec-outer-wrap\"><div class=\"rtec-attendance-display\"><span>Teilnehmer: 16 \/ \u221e<\/span><\/div><div id=\"rtec\" class=\"rtec\" data-event=\"5758\"><p class=\"rtec-success-message tribe-events-notices\">SORRY, die Anmeldung f\u00fcr diese Veranstaltung ist geschlossen.<\/p><\/div><\/div><\/p>\n<p>ca. 15 ben\u00f6tigte Helfer f\u00fcr den Familienparcour<br \/>\nz.B. f\u00fcr:<\/p>\n<table cellspacing=\"0\" cellpadding=\"0\">\n<tbody>\n<tr>\n<td valign=\"top\">Springer<\/td>\n<\/tr>\n<tr>\n<td valign=\"top\">Laufkarten ausgeben u. einsammeln (kl.Geschenk), Hilfsdienste<\/td>\n<\/tr>\n<tr>\n<td valign=\"top\">Kinderschminken<\/td>\n<\/tr>\n<tr>\n<td valign=\"top\">Wasser-Schubkarre<\/td>\n<\/tr>\n<tr>\n<td valign=\"top\">Stelzenlaufen<\/td>\n<\/tr>\n<tr>\n<td valign=\"top\">M\u00fclltonnenrennen<\/td>\n<\/tr>\n<tr>\n<td valign=\"top\">Torwand<\/td>\n<\/tr>\n<tr>\n<td valign=\"top\">Erbsenschlagen<\/td>\n<\/tr>\n<tr>\n<td valign=\"top\">Wickelautorennen<\/td>\n<\/tr>\n<tr>\n<td valign=\"top\">Magnet-Angelspiel<\/td>\n<\/tr>\n<tr>\n<td valign=\"top\">Der hei\u00dfe Draht<\/td>\n<\/tr>\n<tr>\n<td valign=\"top\">Schwungtuch (falls noch vorhanden)<\/td>\n<\/tr>\n<tr>\n<td valign=\"top\">Dosenwerfen<\/td>\n<\/tr>\n<tr>\n<td valign=\"top\">Tandem-Ski<\/td>\n<\/tr>\n<tr>\n<td valign=\"top\">2 Laufdollies<\/td>\n<\/tr>\n<tr>\n<td valign=\"top\">Auf-T\u00f6pfen-Laufen<\/td>\n<\/tr>\n<tr>\n<td valign=\"top\">Riesen-Mensch-\u00c4rger-Dich-Nicht<\/td>\n<\/tr>\n<tr>\n<td valign=\"top\">Ringe Wurfspiel<\/td>\n<\/tr>\n<tr>\n<td valign=\"top\">Gummistiefelweitwurf<\/td>\n<\/tr>\n<tr>\n<td valign=\"top\">Springseil<\/td>\n<\/tr>\n<tr>\n<td valign=\"top\">Was-Ist-Da-Wohl-Drin-Karton<\/td>\n<\/tr>\n<\/tbody>\n<\/table>\n","protected":false},"excerpt":{"rendered":"<p>Helfer\u00a0f\u00fcr das Sommerfest 2018 bitte auf &#8220;hier anmelden&#8221; dr\u00fccken und eintragen oder telefonisch 040 659 141 34 Bitte unbedingt die T\u00e4tigkeit\/Hilfe im Textfeld &#8220;Anmerkung\/Kommentar&#8221; angeben! Falls die Anmeldung NICHT funktioniert,&#8230; <\/p>\n<p><a class=\"teaser-more\" href=\"https:\/\/www.steenkamper.de\/index.php\/sommerfest-helfer-anmeldung\/\">weiter lesen<\/a><\/p>\n","protected":false},"author":6,"featured_media":0,"parent":0,"menu_order":0,"comment_status":"closed","ping_status":"closed","template":"","meta":{"_acf_changed":false,"_price":"","_stock":"","_tribe_ticket_header":"","_tribe_default_ticket_provider":"","_tribe_ticket_capacity":"0","_ticket_start_date":"","_ticket_end_date":"","_tribe_ticket_show_description":"","_tribe_ticket_show_not_going":false,"_tribe_ticket_use_global_stock":"","_tribe_ticket_global_stock_level":"","_global_stock_mode":"","_global_stock_cap":"","_tribe_rsvp_for_event":"","_tribe_ticket_going_count":"","_tribe_ticket_not_going_count":"","_tribe_tickets_list":"[]","_tribe_ticket_has_attendee_info_fields":false,"jetpack_post_was_ever_published":false,"footnotes":"","_tec_slr_enabled":"","_tec_slr_layout":""},"class_list":["post-6716","page","type-page","status-publish","hentry"],"acf":[],"jetpack_sharing_enabled":true,"jetpack_shortlink":"https:\/\/wp.me\/P74Wuo-1Kk","jetpack_likes_enabled":true,"jetpack-related-posts":[{"id":8413,"url":"https:\/\/www.steenkamper.de\/index.php\/sommerfest-helfer-anmeldung-2019\/","url_meta":{"origin":6716,"position":0},"title":"Sommerfest HELFER Anmeldung 2019","author":"Max","date":"29\/06\/2019","format":false,"excerpt":"Helfer\u00a0f\u00fcr das Sommerfest 2019\u00a0bitte auf \u201ehier anmelden\u201c dr\u00fccken und eintragenoder telefonisch 040 659 141 34 Bitte unbedingt die\u00a0T\u00e4tigkeit\/Hilfe\u00a0im\u00a0Textfeld \u201eAnmerkung\/Kommentar\u201c\u00a0angeben! Dieses Jahr ist mit vielen Besuchen zu rechnen!Letztes Jahr war am Samstag schon der Kuchen aufgegessen, deswegen dieBitte:\u00a0Spendet Kuchen! HELFER Freitag (neu!):F\u00fcr den\u00a0Aufbau der beiden gro\u00dfen Zelte (f\u00fcr die B\u00fchne auf\u2026","rel":"","context":"\u00c4hnlicher Beitrag","block_context":{"text":"\u00c4hnlicher Beitrag","link":""},"img":{"alt_text":"","src":"","width":0,"height":0},"classes":[]},{"id":29497,"url":"https:\/\/www.steenkamper.de\/index.php\/sommerfest-2025-helferinnen-listen\/","url_meta":{"origin":6716,"position":1},"title":"Sommerfest 2025 Helfer*innen-Listen","author":"Max","date":"09\/06\/2025","format":false,"excerpt":"Wir brauchen wieder viele \u201eHelfende H\u00e4nde\u201c f\u00fcr ein tolles Sommerfest! Bitte trage Dich hier f\u00fcr die gew\u00fcnschten Schichten ein.Dieses Jahr ist unsere Helfer*innen-Liste anders organisiert. Wir versuchen es etwas \u00fcbersichtlicher zu gestalten, damit die Anmeldung leichter f\u00e4llt. Eine Abmeldung von einer Schicht \/ einem Dienst ist nat\u00fcrlich auch m\u00f6glich. Gut\u2026","rel":"","context":"\u00c4hnlicher Beitrag","block_context":{"text":"\u00c4hnlicher Beitrag","link":""},"img":{"alt_text":"","src":"https:\/\/i0.wp.com\/www.steenkamper.de\/wp-content\/uploads\/2022\/10\/0987A869-0C20-4A21-A2E9-6232E2C663F5.jpg?fit=1200%2C900&ssl=1&resize=350%2C200","width":350,"height":200,"srcset":"https:\/\/i0.wp.com\/www.steenkamper.de\/wp-content\/uploads\/2022\/10\/0987A869-0C20-4A21-A2E9-6232E2C663F5.jpg?fit=1200%2C900&ssl=1&resize=350%2C200 1x, https:\/\/i0.wp.com\/www.steenkamper.de\/wp-content\/uploads\/2022\/10\/0987A869-0C20-4A21-A2E9-6232E2C663F5.jpg?fit=1200%2C900&ssl=1&resize=525%2C300 1.5x, https:\/\/i0.wp.com\/www.steenkamper.de\/wp-content\/uploads\/2022\/10\/0987A869-0C20-4A21-A2E9-6232E2C663F5.jpg?fit=1200%2C900&ssl=1&resize=700%2C400 2x, https:\/\/i0.wp.com\/www.steenkamper.de\/wp-content\/uploads\/2022\/10\/0987A869-0C20-4A21-A2E9-6232E2C663F5.jpg?fit=1200%2C900&ssl=1&resize=1050%2C600 3x"},"classes":[]},{"id":9671,"url":"https:\/\/www.steenkamper.de\/index.php\/helfer-anmeldung\/","url_meta":{"origin":6716,"position":2},"title":"HELFER ANMELDUNG","author":"Max","date":"23\/12\/2019","format":false,"excerpt":"TEST - PROBELAUF - TEST Im Jubil\u00e4umsjahr werden wir viele Helfer*innen brauchen. Um die Organisation besser und einfacher zu gestalten, werden wir ein neues online Werkzeug daf\u00fcr verwenden. Bitte tragt euch als Helfer*in dort ein, dort kann sich Jede*r f\u00fcr seinen pers\u00f6nlichen Helferdienst vom Grillstand, \u00fcber Tresen, bis zu den\u2026","rel":"","context":"\u00c4hnlicher Beitrag","block_context":{"text":"\u00c4hnlicher Beitrag","link":""},"img":{"alt_text":"","src":"","width":0,"height":0},"classes":[]},{"id":28318,"url":"https:\/\/www.steenkamper.de\/index.php\/flohmarkt-anmeldung\/","url_meta":{"origin":6716,"position":3},"title":"Flohmarkt Anmeldung","author":"Max","date":"25\/05\/2024","format":false,"excerpt":"Neu: Flohmarkt nur mit Anmeldung Es werden am Mittwoch, den 04.09. 5 zus\u00e4tzliche Pl\u00e4tze freigeschaltet, da es in diesem Jahr keine Feldbahn gibt (Zone R=Reserve, s.u.). Die Zone R befindet sich im Steenkamp ab Hausnummer 39 in Richtung Norden. (Die Zone N zieht auch in diesen Bereich um.) Stand: 4.9.\u2026","rel":"","context":"\u00c4hnlicher Beitrag","block_context":{"text":"\u00c4hnlicher Beitrag","link":""},"img":{"alt_text":"","src":"https:\/\/i0.wp.com\/www.steenkamper.de\/wp-content\/uploads\/2024\/07\/img_2018-1.jpg?fit=750%2C382&ssl=1&resize=350%2C200","width":350,"height":200,"srcset":"https:\/\/i0.wp.com\/www.steenkamper.de\/wp-content\/uploads\/2024\/07\/img_2018-1.jpg?fit=750%2C382&ssl=1&resize=350%2C200 1x, https:\/\/i0.wp.com\/www.steenkamper.de\/wp-content\/uploads\/2024\/07\/img_2018-1.jpg?fit=750%2C382&ssl=1&resize=525%2C300 1.5x, https:\/\/i0.wp.com\/www.steenkamper.de\/wp-content\/uploads\/2024\/07\/img_2018-1.jpg?fit=750%2C382&ssl=1&resize=700%2C400 2x"},"classes":[]},{"id":30784,"url":"https:\/\/www.steenkamper.de\/index.php\/termine-2025\/","url_meta":{"origin":6716,"position":4},"title":"Termine 2025","author":"Max","date":"02\/01\/2026","format":false,"excerpt":"(Link zu: \"das war 2024\") 202511.1. Helfer*innen Aktion Saal ausr\u00e4umen 11-14h2.1. - 21.2.\u00a0Saal gesperrt (Fu\u00dfbodensanierung) \u26d4\ufe0f22.2. Helfer*innen Aktion Saal einr\u00e4umen 11-14h1.3. Hamburg r\u00e4umt auf! 14h4.4. Bingo! 19h5.4. Mitgliederversammlung 16h11.4. Kultursalon \/ Lichtspielabend 19.30h25.4. Quiz-Abend 19h30.4. Tanz in den Mai 20h9.5. Bingo! 19h13.6. Bingo! 19h25.6. Energie-Gruppe Info-Veranstaltung 18h16.7. Ausschuss Science City\u2026","rel":"","context":"\u00c4hnlicher Beitrag","block_context":{"text":"\u00c4hnlicher Beitrag","link":""},"img":{"alt_text":"","src":"","width":0,"height":0},"classes":[]},{"id":909,"url":"https:\/\/www.steenkamper.de\/index.php\/anmelden\/","url_meta":{"origin":6716,"position":5},"title":"Anmelden","author":"Max","date":"30\/12\/2015","format":false,"excerpt":"Hier k\u00f6nnen Sie\u00a0sich anmelden\/registrieren um z.B. unseren Wissensspeicher und unseren Marktplatz zu nutzen und\/oder als Autor diese Seite mitzugestalten...Die Anmeldung ist NICHT automatisiert und kann einige Zeit dauern. Bitte eine kurze Email mit Vor- und Nachnamen an: anmeldung@steenkamper.de F\u00fcr den NEWSLETTER bitte HIER anmelden: Newsletter anmelden","rel":"","context":"\u00c4hnlicher Beitrag","block_context":{"text":"\u00c4hnlicher Beitrag","link":""},"img":{"alt_text":"","src":"","width":0,"height":0},"classes":[]}],"ticketed":false,"_links":{"self":[{"href":"https:\/\/www.steenkamper.de\/index.php\/wp-json\/wp\/v2\/pages\/6716","targetHints":{"allow":["GET"]}}],"collection":[{"href":"https:\/\/www.steenkamper.de\/index.php\/wp-json\/wp\/v2\/pages"}],"about":[{"href":"https:\/\/www.steenkamper.de\/index.php\/wp-json\/wp\/v2\/types\/page"}],"author":[{"embeddable":true,"href":"https:\/\/www.steenkamper.de\/index.php\/wp-json\/wp\/v2\/users\/6"}],"replies":[{"embeddable":true,"href":"https:\/\/www.steenkamper.de\/index.php\/wp-json\/wp\/v2\/comments?post=6716"}],"version-history":[{"count":32,"href":"https:\/\/www.steenkamper.de\/index.php\/wp-json\/wp\/v2\/pages\/6716\/revisions"}],"predecessor-version":[{"id":6997,"href":"https:\/\/www.steenkamper.de\/index.php\/wp-json\/wp\/v2\/pages\/6716\/revisions\/6997"}],"wp:attachment":[{"href":"https:\/\/www.steenkamper.de\/index.php\/wp-json\/wp\/v2\/media?parent=6716"}],"curies":[{"name":"wp","href":"https:\/\/api.w.org\/{rel}","templated":true}]}}