{"id":639,"date":"2015-12-22T00:00:00","date_gmt":"2015-12-22T00:00:00","guid":{"rendered":"http:\/\/wp.steenkamper.de\/index.php\/awpcp\/search-ads\/"},"modified":"2015-12-30T07:39:07","modified_gmt":"2015-12-30T06:39:07","slug":"suchen","status":"publish","type":"page","link":"https:\/\/www.steenkamper.de\/index.php\/steenkamper-marktplatz-kleinanzeigen\/suchen\/","title":{"rendered":"suchen"},"content":{"rendered":"<p>[AWPCPSEARCHADS]<\/p>\n","protected":false},"excerpt":{"rendered":"<p>[AWPCPSEARCHADS]<\/p>\n","protected":false},"author":0,"featured_media":0,"parent":631,"menu_order":0,"comment_status":"closed","ping_status":"closed","template":"","meta":{"_acf_changed":false,"site-sidebar-layout":"default","site-content-layout":"","ast-site-content-layout":"default","site-content-style":"default","site-sidebar-style":"default","ast-global-header-display":"","ast-banner-title-visibility":"","ast-main-header-display":"","ast-hfb-above-header-display":"","ast-hfb-below-header-display":"","ast-hfb-mobile-header-display":"","site-post-title":"","ast-breadcrumbs-content":"","ast-featured-img":"","footer-sml-layout":"","ast-disable-related-posts":"","theme-transparent-header-meta":"","adv-header-id-meta":"","stick-header-meta":"","header-above-stick-meta":"","header-main-stick-meta":"","header-below-stick-meta":"","astra-migrate-meta-layouts":"default","ast-page-background-enabled":"default","ast-page-background-meta":{"desktop":{"background-color":"var(--ast-global-color-5)","background-image":"","background-repeat":"repeat","background-position":"center center","background-size":"auto","background-attachment":"scroll","background-type":"","background-media":"","overlay-type":"","overlay-color":"","overlay-opacity":"","overlay-gradient":""},"tablet":{"background-color":"","background-image":"","background-repeat":"repeat","background-position":"center center","background-size":"auto","background-attachment":"scroll","background-type":"","background-media":"","overlay-type":"","overlay-color":"","overlay-opacity":"","overlay-gradient":""},"mobile":{"background-color":"","background-image":"","background-repeat":"repeat","background-position":"center center","background-size":"auto","background-attachment":"scroll","background-type":"","background-media":"","overlay-type":"","overlay-color":"","overlay-opacity":"","overlay-gradient":""}},"ast-content-background-meta":{"desktop":{"background-color":"var(--ast-global-color-4)","background-image":"","background-repeat":"repeat","background-position":"center center","background-size":"auto","background-attachment":"scroll","background-type":"","background-media":"","overlay-type":"","overlay-color":"","overlay-opacity":"","overlay-gradient":""},"tablet":{"background-color":"var(--ast-global-color-4)","background-image":"","background-repeat":"repeat","background-position":"center center","background-size":"auto","background-attachment":"scroll","background-type":"","background-media":"","overlay-type":"","overlay-color":"","overlay-opacity":"","overlay-gradient":""},"mobile":{"background-color":"var(--ast-global-color-4)","background-image":"","background-repeat":"repeat","background-position":"center center","background-size":"auto","background-attachment":"scroll","background-type":"","background-media":"","overlay-type":"","overlay-color":"","overlay-opacity":"","overlay-gradient":""}},"_price":"","_stock":"","_tribe_ticket_header":"","_tribe_default_ticket_provider":"","_tribe_ticket_capacity":"0","_ticket_start_date":"","_ticket_end_date":"","_tribe_ticket_show_description":"","_tribe_ticket_show_not_going":false,"_tribe_ticket_use_global_stock":"","_tribe_ticket_global_stock_level":"","_global_stock_mode":"","_global_stock_cap":"","_tribe_rsvp_for_event":"","_tribe_ticket_going_count":"","_tribe_ticket_not_going_count":"","_tribe_tickets_list":"[]","_tribe_ticket_has_attendee_info_fields":false,"jetpack_post_was_ever_published":false,"footnotes":"","_tec_slr_enabled":"","_tec_slr_layout":""},"class_list":["post-639","page","type-page","status-publish","hentry"],"acf":[],"jetpack_sharing_enabled":true,"jetpack_shortlink":"https:\/\/wp.me\/P74Wuo-aj","jetpack_likes_enabled":true,"jetpack-related-posts":[{"id":3237,"url":"https:\/\/www.steenkamper.de\/index.php\/fluechtlingsarbeit\/cafe-vogelweide\/","url_meta":{"origin":639,"position":0},"title":"Caf\u00e9 Vogelweide","author":"Max","date":"31\/01\/2017","format":false,"excerpt":"Termine 2026 KEIN Caf\u00e9 im Dezember 2025 25.1., 22.2., 29,3., kein Caf\u00e9 im Apr., 31.5., 28.6., kein Caf\u00e9 im Juli, 30.8., 27.9., kein Caf\u00e9 im Okt., 8.11., 13.12. Was machen wir? Kl\u00f6nen, Kuchen verspeisen, spielen, malen, sich austauschen, Mandalas malen, Deutsch reden, neue Kontakte kn\u00fcpfen, lachen, Fotos machen, bei Regen\u2026","rel":"","context":"\u00c4hnlicher Beitrag","block_context":{"text":"\u00c4hnlicher Beitrag","link":""},"img":{"alt_text":"","src":"https:\/\/i0.wp.com\/www.steenkamper.de\/wp-content\/uploads\/2025\/12\/CafeVogelweide_ALLE_TERMINE_2026-220x300.jpg?resize=350%2C200&ssl=1","width":350,"height":200},"classes":[]},{"id":3880,"url":"https:\/\/www.steenkamper.de\/index.php\/fotowettbewerb-2017\/","url_meta":{"origin":639,"position":1},"title":"Fotowettbewerb\u00a02017","author":"Max","date":"12\/07\/2017","format":false,"excerpt":"Wir suchen die\u00a0sch\u00f6nsten Bilder der Steenkampsiedlung von DAMALS\u00a0und\u00a0HEUTE. Durchsuchen Sie ihre Fotosammlung. Die besten Bilder ver\u00f6ffentlichen wir in den Steenkamper Medien und in der Chronik zum 100 j\u00e4hrigen Jubil\u00e4um des Vereines. Zu gewinnen gibt es: 1. - 3. Platz: Steenkamper T-Shirt aus unserem T-Shirt Shop 4. - 10. Platz: Schl\u00fcsselband\u2026","rel":"","context":"\u00c4hnlicher Beitrag","block_context":{"text":"\u00c4hnlicher Beitrag","link":""},"img":{"alt_text":"FotowettbewerbTitel","src":"https:\/\/i0.wp.com\/wp.steenkamper.de\/wp-content\/uploads\/2017\/07\/FotowettbewerbTitel-300x240.jpg?resize=350%2C200","width":350,"height":200},"classes":[]},{"id":29768,"url":"https:\/\/www.steenkamper.de\/index.php\/infoabend-ag-steenkampenergie\/","url_meta":{"origin":639,"position":2},"title":"Infoabend \u201eAG SteenkampEnergie\u201c","author":"Max","date":"11\/07\/2025","format":false,"excerpt":"Infoabend zur W\u00e4rmeversorgung\u00a0am 25.6.2025 Volles Haus & starke Impulse: Infoabend zur W\u00e4rmeversorgung begeistert Nachbarschaft Der Informationsabend der AG SteenkampEnergie am Mittwoch, dem 25. Juni war ein voller Erfolg \u2013 im wahrsten Sinne des Wortes: Der Steenkamp Saal war bis auf den letzten Platz gef\u00fcllt, einige G\u00e4ste verfolgten die Veranstaltung sogar\u2026","rel":"","context":"\u00c4hnlicher Beitrag","block_context":{"text":"\u00c4hnlicher Beitrag","link":""},"img":{"alt_text":"","src":"https:\/\/i0.wp.com\/www.steenkamper.de\/wp-content\/uploads\/2025\/07\/AGEnergie-scaled.png?resize=350%2C200&ssl=1","width":350,"height":200,"srcset":"https:\/\/i0.wp.com\/www.steenkamper.de\/wp-content\/uploads\/2025\/07\/AGEnergie-scaled.png?resize=350%2C200&ssl=1 1x, https:\/\/i0.wp.com\/www.steenkamper.de\/wp-content\/uploads\/2025\/07\/AGEnergie-scaled.png?resize=525%2C300&ssl=1 1.5x, https:\/\/i0.wp.com\/www.steenkamper.de\/wp-content\/uploads\/2025\/07\/AGEnergie-scaled.png?resize=700%2C400&ssl=1 2x, https:\/\/i0.wp.com\/www.steenkamper.de\/wp-content\/uploads\/2025\/07\/AGEnergie-scaled.png?resize=1050%2C600&ssl=1 3x, https:\/\/i0.wp.com\/www.steenkamper.de\/wp-content\/uploads\/2025\/07\/AGEnergie-scaled.png?resize=1400%2C800&ssl=1 4x"},"classes":[]},{"id":29497,"url":"https:\/\/www.steenkamper.de\/index.php\/sommerfest-2025-helferinnen-listen\/","url_meta":{"origin":639,"position":3},"title":"Sommerfest 2025 Helfer*innen-Listen","author":"Max","date":"09\/06\/2025","format":false,"excerpt":"Wir brauchen wieder viele \u201eHelfende H\u00e4nde\u201c f\u00fcr ein tolles Sommerfest! Bitte trage Dich hier f\u00fcr die gew\u00fcnschten Schichten ein.Dieses Jahr ist unsere Helfer*innen-Liste anders organisiert. Wir versuchen es etwas \u00fcbersichtlicher zu gestalten, damit die Anmeldung leichter f\u00e4llt. Eine Abmeldung von einer Schicht \/ einem Dienst ist nat\u00fcrlich auch m\u00f6glich. Gut\u2026","rel":"","context":"\u00c4hnlicher Beitrag","block_context":{"text":"\u00c4hnlicher Beitrag","link":""},"img":{"alt_text":"","src":"https:\/\/i0.wp.com\/www.steenkamper.de\/wp-content\/uploads\/2022\/10\/0987A869-0C20-4A21-A2E9-6232E2C663F5.jpg?fit=1200%2C900&ssl=1&resize=350%2C200","width":350,"height":200,"srcset":"https:\/\/i0.wp.com\/www.steenkamper.de\/wp-content\/uploads\/2022\/10\/0987A869-0C20-4A21-A2E9-6232E2C663F5.jpg?fit=1200%2C900&ssl=1&resize=350%2C200 1x, https:\/\/i0.wp.com\/www.steenkamper.de\/wp-content\/uploads\/2022\/10\/0987A869-0C20-4A21-A2E9-6232E2C663F5.jpg?fit=1200%2C900&ssl=1&resize=525%2C300 1.5x, https:\/\/i0.wp.com\/www.steenkamper.de\/wp-content\/uploads\/2022\/10\/0987A869-0C20-4A21-A2E9-6232E2C663F5.jpg?fit=1200%2C900&ssl=1&resize=700%2C400 2x, https:\/\/i0.wp.com\/www.steenkamper.de\/wp-content\/uploads\/2022\/10\/0987A869-0C20-4A21-A2E9-6232E2C663F5.jpg?fit=1200%2C900&ssl=1&resize=1050%2C600 3x"},"classes":[]},{"id":1280,"url":"https:\/\/www.steenkamper.de\/index.php\/bienensterben\/","url_meta":{"origin":639,"position":4},"title":"Bienensterben","author":"Max","date":"13\/01\/2016","format":false,"excerpt":"Ein offenes Wort zum Bienensterben und kleine Tipps dagegen aus dem Steenkamper Ausgabe 1\/2015 von\u00a0Gesa Lahner Das Bienensterben ist in aller Munde. Jeder m\u00f6chte etwas dagegen tun. Wenn wir vom Bienensterben h\u00f6ren, denken wir in erster Linie an die hierzulande gehaltene westliche Honigbiene \u201eApis mellifera\u201c. Sie wird von uns Imkern\u2026","rel":"","context":"\u00c4hnlicher Beitrag","block_context":{"text":"\u00c4hnlicher Beitrag","link":""},"img":{"alt_text":"Bienen","src":"https:\/\/i0.wp.com\/wp.steenkamper.de\/wp-content\/uploads\/2016\/01\/Bienen.jpg?resize=350%2C200","width":350,"height":200,"srcset":"https:\/\/i0.wp.com\/wp.steenkamper.de\/wp-content\/uploads\/2016\/01\/Bienen.jpg?resize=350%2C200 1x, https:\/\/i0.wp.com\/wp.steenkamper.de\/wp-content\/uploads\/2016\/01\/Bienen.jpg?resize=525%2C300 1.5x"},"classes":[]}],"ticketed":false,"_links":{"self":[{"href":"https:\/\/www.steenkamper.de\/index.php\/wp-json\/wp\/v2\/pages\/639","targetHints":{"allow":["GET"]}}],"collection":[{"href":"https:\/\/www.steenkamper.de\/index.php\/wp-json\/wp\/v2\/pages"}],"about":[{"href":"https:\/\/www.steenkamper.de\/index.php\/wp-json\/wp\/v2\/types\/page"}],"replies":[{"embeddable":true,"href":"https:\/\/www.steenkamper.de\/index.php\/wp-json\/wp\/v2\/comments?post=639"}],"version-history":[{"count":2,"href":"https:\/\/www.steenkamper.de\/index.php\/wp-json\/wp\/v2\/pages\/639\/revisions"}],"predecessor-version":[{"id":661,"href":"https:\/\/www.steenkamper.de\/index.php\/wp-json\/wp\/v2\/pages\/639\/revisions\/661"}],"up":[{"embeddable":true,"href":"https:\/\/www.steenkamper.de\/index.php\/wp-json\/wp\/v2\/pages\/631"}],"wp:attachment":[{"href":"https:\/\/www.steenkamper.de\/index.php\/wp-json\/wp\/v2\/media?parent=639"}],"curies":[{"name":"wp","href":"https:\/\/api.w.org\/{rel}","templated":true}]}}