{"id":632,"date":"2015-12-22T00:00:00","date_gmt":"2015-12-22T00:00:00","guid":{"rendered":"http:\/\/wp.steenkamper.de\/index.php\/awpcp\/show-ad\/"},"modified":"2015-12-30T07:39:07","modified_gmt":"2015-12-30T06:39:07","slug":"steenkamper-marktplatz","status":"publish","type":"page","link":"https:\/\/www.steenkamper.de\/index.php\/steenkamper-marktplatz-kleinanzeigen\/steenkamper-marktplatz\/","title":{"rendered":"Steenkamper Marktplatz"},"content":{"rendered":"<p>[AWPCPSHOWAD]<\/p>\n","protected":false},"excerpt":{"rendered":"<p>[AWPCPSHOWAD]<\/p>\n","protected":false},"author":0,"featured_media":0,"parent":631,"menu_order":0,"comment_status":"closed","ping_status":"closed","template":"","meta":{"_acf_changed":false,"site-sidebar-layout":"default","site-content-layout":"","ast-site-content-layout":"default","site-content-style":"default","site-sidebar-style":"default","ast-global-header-display":"","ast-banner-title-visibility":"","ast-main-header-display":"","ast-hfb-above-header-display":"","ast-hfb-below-header-display":"","ast-hfb-mobile-header-display":"","site-post-title":"","ast-breadcrumbs-content":"","ast-featured-img":"","footer-sml-layout":"","ast-disable-related-posts":"","theme-transparent-header-meta":"","adv-header-id-meta":"","stick-header-meta":"","header-above-stick-meta":"","header-main-stick-meta":"","header-below-stick-meta":"","astra-migrate-meta-layouts":"default","ast-page-background-enabled":"default","ast-page-background-meta":{"desktop":{"background-color":"var(--ast-global-color-5)","background-image":"","background-repeat":"repeat","background-position":"center center","background-size":"auto","background-attachment":"scroll","background-type":"","background-media":"","overlay-type":"","overlay-color":"","overlay-opacity":"","overlay-gradient":""},"tablet":{"background-color":"","background-image":"","background-repeat":"repeat","background-position":"center center","background-size":"auto","background-attachment":"scroll","background-type":"","background-media":"","overlay-type":"","overlay-color":"","overlay-opacity":"","overlay-gradient":""},"mobile":{"background-color":"","background-image":"","background-repeat":"repeat","background-position":"center center","background-size":"auto","background-attachment":"scroll","background-type":"","background-media":"","overlay-type":"","overlay-color":"","overlay-opacity":"","overlay-gradient":""}},"ast-content-background-meta":{"desktop":{"background-color":"var(--ast-global-color-4)","background-image":"","background-repeat":"repeat","background-position":"center center","background-size":"auto","background-attachment":"scroll","background-type":"","background-media":"","overlay-type":"","overlay-color":"","overlay-opacity":"","overlay-gradient":""},"tablet":{"background-color":"var(--ast-global-color-4)","background-image":"","background-repeat":"repeat","background-position":"center center","background-size":"auto","background-attachment":"scroll","background-type":"","background-media":"","overlay-type":"","overlay-color":"","overlay-opacity":"","overlay-gradient":""},"mobile":{"background-color":"var(--ast-global-color-4)","background-image":"","background-repeat":"repeat","background-position":"center center","background-size":"auto","background-attachment":"scroll","background-type":"","background-media":"","overlay-type":"","overlay-color":"","overlay-opacity":"","overlay-gradient":""}},"_price":"","_stock":"","_tribe_ticket_header":"","_tribe_default_ticket_provider":"","_tribe_ticket_capacity":"0","_ticket_start_date":"","_ticket_end_date":"","_tribe_ticket_show_description":"","_tribe_ticket_show_not_going":false,"_tribe_ticket_use_global_stock":"","_tribe_ticket_global_stock_level":"","_global_stock_mode":"","_global_stock_cap":"","_tribe_rsvp_for_event":"","_tribe_ticket_going_count":"","_tribe_ticket_not_going_count":"","_tribe_tickets_list":"[]","_tribe_ticket_has_attendee_info_fields":false,"jetpack_post_was_ever_published":false,"footnotes":"","_tec_slr_enabled":"","_tec_slr_layout":""},"class_list":["post-632","page","type-page","status-publish","hentry"],"acf":[],"jetpack_sharing_enabled":true,"jetpack_shortlink":"https:\/\/wp.me\/P74Wuo-ac","jetpack_likes_enabled":true,"jetpack-related-posts":[{"id":637,"url":"https:\/\/www.steenkamper.de\/index.php\/steenkamper-marktplatz-kleinanzeigen\/marktplatz-durchsuchen\/","url_meta":{"origin":632,"position":0},"title":"Marktplatz durchsuchen","author":"","date":"22\/12\/2015","format":false,"excerpt":"[AWPCPBROWSEADS]","rel":"","context":"\u00c4hnlicher Beitrag","block_context":{"text":"\u00c4hnlicher Beitrag","link":""},"img":{"alt_text":"","src":"","width":0,"height":0},"classes":[]},{"id":631,"url":"https:\/\/www.steenkamper.de\/index.php\/steenkamper-marktplatz-kleinanzeigen\/","url_meta":{"origin":632,"position":1},"title":"Steenkamper Marktplatz Kleinanzeigen","author":"admin","date":"22\/12\/2015","format":false,"excerpt":"ACHTUNG: Kleinanzeigen bitte niemals \u00fcberweisen ohne einen K\u00e4uferschutz oder erhaltene Ware! [AWPCPCLASSIFIEDSUI]","rel":"","context":"\u00c4hnlicher Beitrag","block_context":{"text":"\u00c4hnlicher Beitrag","link":""},"img":{"alt_text":"","src":"","width":0,"height":0},"classes":[]},{"id":639,"url":"https:\/\/www.steenkamper.de\/index.php\/steenkamper-marktplatz-kleinanzeigen\/suchen\/","url_meta":{"origin":632,"position":2},"title":"suchen","author":"admin","date":"22\/12\/2015","format":false,"excerpt":"[AWPCPSEARCHADS]","rel":"","context":"\u00c4hnlicher Beitrag","block_context":{"text":"\u00c4hnlicher Beitrag","link":""},"img":{"alt_text":"","src":"","width":0,"height":0},"classes":[]},{"id":640,"url":"https:\/\/www.steenkamper.de\/index.php\/steenkamper-marktplatz-kleinanzeigen\/danke\/","url_meta":{"origin":632,"position":3},"title":"Danke","author":"","date":"22\/12\/2015","format":false,"excerpt":"[AWPCPPAYMENTTHANKYOU]","rel":"","context":"\u00c4hnlicher Beitrag","block_context":{"text":"\u00c4hnlicher Beitrag","link":""},"img":{"alt_text":"","src":"","width":0,"height":0},"classes":[]},{"id":636,"url":"https:\/\/www.steenkamper.de\/index.php\/steenkamper-marktplatz-kleinanzeigen\/neu\/","url_meta":{"origin":632,"position":4},"title":"NEU","author":"","date":"22\/12\/2015","format":false,"excerpt":"[AWPCP-RENEW-AD]","rel":"","context":"\u00c4hnlicher Beitrag","block_context":{"text":"\u00c4hnlicher Beitrag","link":""},"img":{"alt_text":"","src":"","width":0,"height":0},"classes":[]},{"id":633,"url":"https:\/\/www.steenkamper.de\/index.php\/steenkamper-marktplatz-kleinanzeigen\/anzeigen-antwort\/","url_meta":{"origin":632,"position":5},"title":"Anzeigen Antwort","author":"","date":"22\/12\/2015","format":false,"excerpt":"[AWPCPREPLYTOAD]","rel":"","context":"\u00c4hnlicher Beitrag","block_context":{"text":"\u00c4hnlicher Beitrag","link":""},"img":{"alt_text":"","src":"","width":0,"height":0},"classes":[]}],"ticketed":false,"_links":{"self":[{"href":"https:\/\/www.steenkamper.de\/index.php\/wp-json\/wp\/v2\/pages\/632","targetHints":{"allow":["GET"]}}],"collection":[{"href":"https:\/\/www.steenkamper.de\/index.php\/wp-json\/wp\/v2\/pages"}],"about":[{"href":"https:\/\/www.steenkamper.de\/index.php\/wp-json\/wp\/v2\/types\/page"}],"replies":[{"embeddable":true,"href":"https:\/\/www.steenkamper.de\/index.php\/wp-json\/wp\/v2\/comments?post=632"}],"version-history":[{"count":2,"href":"https:\/\/www.steenkamper.de\/index.php\/wp-json\/wp\/v2\/pages\/632\/revisions"}],"predecessor-version":[{"id":656,"href":"https:\/\/www.steenkamper.de\/index.php\/wp-json\/wp\/v2\/pages\/632\/revisions\/656"}],"up":[{"embeddable":true,"href":"https:\/\/www.steenkamper.de\/index.php\/wp-json\/wp\/v2\/pages\/631"}],"wp:attachment":[{"href":"https:\/\/www.steenkamper.de\/index.php\/wp-json\/wp\/v2\/media?parent=632"}],"curies":[{"name":"wp","href":"https:\/\/api.w.org\/{rel}","templated":true}]}}