{"id":6194,"date":"2018-02-02T16:33:23","date_gmt":"2018-02-02T15:33:23","guid":{"rendered":"http:\/\/wp.steenkamper.de\/index.php\/pm_login\/"},"modified":"2018-02-02T16:33:23","modified_gmt":"2018-02-02T15:33:23","slug":"pm_login","status":"publish","type":"page","link":"https:\/\/www.steenkamper.de\/index.php\/pm_login\/","title":{"rendered":"Login"},"content":{"rendered":"<p>[PM_Login]<\/p>\n","protected":false},"excerpt":{"rendered":"<p>[PM_Login]<\/p>\n","protected":false},"author":6,"featured_media":0,"parent":0,"menu_order":0,"comment_status":"closed","ping_status":"closed","template":"","meta":{"_acf_changed":false,"site-sidebar-layout":"default","site-content-layout":"","ast-site-content-layout":"default","site-content-style":"default","site-sidebar-style":"default","ast-global-header-display":"","ast-banner-title-visibility":"","ast-main-header-display":"","ast-hfb-above-header-display":"","ast-hfb-below-header-display":"","ast-hfb-mobile-header-display":"","site-post-title":"","ast-breadcrumbs-content":"","ast-featured-img":"","footer-sml-layout":"","ast-disable-related-posts":"","theme-transparent-header-meta":"","adv-header-id-meta":"","stick-header-meta":"","header-above-stick-meta":"","header-main-stick-meta":"","header-below-stick-meta":"","astra-migrate-meta-layouts":"default","ast-page-background-enabled":"default","ast-page-background-meta":{"desktop":{"background-color":"var(--ast-global-color-5)","background-image":"","background-repeat":"repeat","background-position":"center center","background-size":"auto","background-attachment":"scroll","background-type":"","background-media":"","overlay-type":"","overlay-color":"","overlay-opacity":"","overlay-gradient":""},"tablet":{"background-color":"","background-image":"","background-repeat":"repeat","background-position":"center center","background-size":"auto","background-attachment":"scroll","background-type":"","background-media":"","overlay-type":"","overlay-color":"","overlay-opacity":"","overlay-gradient":""},"mobile":{"background-color":"","background-image":"","background-repeat":"repeat","background-position":"center center","background-size":"auto","background-attachment":"scroll","background-type":"","background-media":"","overlay-type":"","overlay-color":"","overlay-opacity":"","overlay-gradient":""}},"ast-content-background-meta":{"desktop":{"background-color":"var(--ast-global-color-4)","background-image":"","background-repeat":"repeat","background-position":"center center","background-size":"auto","background-attachment":"scroll","background-type":"","background-media":"","overlay-type":"","overlay-color":"","overlay-opacity":"","overlay-gradient":""},"tablet":{"background-color":"var(--ast-global-color-4)","background-image":"","background-repeat":"repeat","background-position":"center center","background-size":"auto","background-attachment":"scroll","background-type":"","background-media":"","overlay-type":"","overlay-color":"","overlay-opacity":"","overlay-gradient":""},"mobile":{"background-color":"var(--ast-global-color-4)","background-image":"","background-repeat":"repeat","background-position":"center center","background-size":"auto","background-attachment":"scroll","background-type":"","background-media":"","overlay-type":"","overlay-color":"","overlay-opacity":"","overlay-gradient":""}},"_price":"","_stock":"","_tribe_ticket_header":"","_tribe_default_ticket_provider":"","_tribe_ticket_capacity":"0","_ticket_start_date":"","_ticket_end_date":"","_tribe_ticket_show_description":"","_tribe_ticket_show_not_going":false,"_tribe_ticket_use_global_stock":"","_tribe_ticket_global_stock_level":"","_global_stock_mode":"","_global_stock_cap":"","_tribe_rsvp_for_event":"","_tribe_ticket_going_count":"","_tribe_ticket_not_going_count":"","_tribe_tickets_list":"[]","_tribe_ticket_has_attendee_info_fields":false,"jetpack_post_was_ever_published":false,"footnotes":"","_tec_slr_enabled":"","_tec_slr_layout":""},"class_list":["post-6194","page","type-page","status-publish","hentry"],"acf":[],"jetpack_sharing_enabled":true,"jetpack_shortlink":"https:\/\/wp.me\/P74Wuo-1BU","jetpack_likes_enabled":true,"jetpack-related-posts":[{"id":918,"url":"https:\/\/www.steenkamper.de\/index.php\/login\/","url_meta":{"origin":6194,"position":0},"title":"login","author":"Max","date":"30\/12\/2015","format":false,"excerpt":"","rel":"","context":"\u00c4hnlicher Beitrag","block_context":{"text":"\u00c4hnlicher Beitrag","link":""},"img":{"alt_text":"","src":"","width":0,"height":0},"classes":[]},{"id":5771,"url":"https:\/\/www.steenkamper.de\/index.php\/helferdienst\/","url_meta":{"origin":6194,"position":1},"title":"Helferdienste","author":"Max","date":"02\/01\/2018","format":false,"excerpt":"Hier kann sich jeder zu Helferdiensten bei verschiedenen Veranstaltungen eintragen. Bitte vorher einloggen oder registrieren! LOGIN (im FORUM automatisiert) [BSD_Panel]","rel":"","context":"\u00c4hnlicher Beitrag","block_context":{"text":"\u00c4hnlicher Beitrag","link":""},"img":{"alt_text":"","src":"","width":0,"height":0},"classes":[]},{"id":35300,"url":"https:\/\/www.steenkamper.de\/index.php\/mitglieder\/","url_meta":{"origin":6194,"position":2},"title":"Mitglieder","author":"Max","date":"14\/04\/2026","format":false,"excerpt":"Mitglied werden Satzung Gestaltungs\u00adverordnung Gruppen, AGs, Aus\u00adsch\u00fcsse, etc. regel\u00adm\u00e4\u00dfige Gruppen im Saal Vorstand Der Steen\u00adkamper Saal Wissens\u00adspeicher Wolke Kasse Login","rel":"","context":"\u00c4hnlicher Beitrag","block_context":{"text":"\u00c4hnlicher Beitrag","link":""},"img":{"alt_text":"","src":"","width":0,"height":0},"classes":[]},{"id":8994,"url":"https:\/\/www.steenkamper.de\/index.php\/community\/","url_meta":{"origin":6194,"position":3},"title":"Forum","author":"Max","date":"20\/10\/2019","format":false,"excerpt":"DAS STEENKAMPER-FORUM (Eintr\u00e4ge nur sichtbar mit Anmeldung.) Zum anmelden bitte Benutzer-Daten vom Steenkamper \u201elogin\u201c benutzen! oder als Benutzer anmelden:\u00a0neu registrieren (Neuanmeldung ist NICHT automatisiert und dauert einige Tage) Benutzername: \u00a0Vorname Name Passwort: Benutzerkennwort oder auf \"Passwort vergessen\" dr\u00fccken.","rel":"","context":"\u00c4hnlicher Beitrag","block_context":{"text":"\u00c4hnlicher Beitrag","link":""},"img":{"alt_text":"","src":"","width":0,"height":0},"classes":[]},{"id":35491,"url":"https:\/\/www.steenkamper.de\/","url_meta":{"origin":6194,"position":4},"title":"guteNachbarschaft","author":"Max","date":"28\/04\/2026","format":false,"excerpt":"... gute Nachbarschaft Mitglied werden Heimst\u00e4tter\u00advereinigung Steenkamp e.V. Mitglieder 0 Haushalte 0 gegr\u00fcndet 2027 Newsletter Abonnent*innen\u200b 0 *Stand Mai 2026 Nachbarschaft in der Steenkampsiedlung Die Heimst\u00e4ttervereinigung Steenkamp e.V. verbindet seit \u00fcber 100 Jahren Menschen in der Steenkampsiedlung.Wir organisieren Veranstaltungen, f\u00f6rdern Nachbarschaft und Baukultur und engagieren uns aktiv f\u00fcr unsere Steenkampsiedlung.\u2026","rel":"","context":"\u00c4hnlicher Beitrag","block_context":{"text":"\u00c4hnlicher Beitrag","link":""},"img":{"alt_text":"","src":"https:\/\/i0.wp.com\/www.steenkamper.de\/wp-content\/uploads\/2019\/10\/STEEKAMPERLOGO-1.png?resize=350%2C200&ssl=1","width":350,"height":200},"classes":[]},{"id":159,"url":"https:\/\/www.steenkamper.de\/index.php\/datenschutzerklaerung\/","url_meta":{"origin":6194,"position":5},"title":"Datenschutzerkl\u00e4rung","author":"admin","date":"15\/12\/2015","format":false,"excerpt":"Aktive SteenkamperInnen bitte\u00a0hier die Einverst\u00e4ndnis der Ver\u00f6ffentlichung von Kontaktdaten\u00a0etc. als Ansprechpartner oder Kontaktperson f\u00fcr Aussch\u00fcsse, Gruppen oder andere Ehren\u00e4mter auf unserer Webseite, im Newsletter und im Steenkamper geben. Foto- und Filmaufnahmen \u00a0\u00a0\u00a0 W\u00e4hrend unseren Veranstaltungen wird fotografiert und gefilmt. Das Foto- und Filmmaterial wird von der Heimst\u00e4ttervereinigung zu Zwecken der\u2026","rel":"","context":"\u00c4hnlicher Beitrag","block_context":{"text":"\u00c4hnlicher Beitrag","link":""},"img":{"alt_text":"","src":"","width":0,"height":0},"classes":[]}],"ticketed":false,"_links":{"self":[{"href":"https:\/\/www.steenkamper.de\/index.php\/wp-json\/wp\/v2\/pages\/6194","targetHints":{"allow":["GET"]}}],"collection":[{"href":"https:\/\/www.steenkamper.de\/index.php\/wp-json\/wp\/v2\/pages"}],"about":[{"href":"https:\/\/www.steenkamper.de\/index.php\/wp-json\/wp\/v2\/types\/page"}],"author":[{"embeddable":true,"href":"https:\/\/www.steenkamper.de\/index.php\/wp-json\/wp\/v2\/users\/6"}],"replies":[{"embeddable":true,"href":"https:\/\/www.steenkamper.de\/index.php\/wp-json\/wp\/v2\/comments?post=6194"}],"version-history":[{"count":0,"href":"https:\/\/www.steenkamper.de\/index.php\/wp-json\/wp\/v2\/pages\/6194\/revisions"}],"wp:attachment":[{"href":"https:\/\/www.steenkamper.de\/index.php\/wp-json\/wp\/v2\/media?parent=6194"}],"curies":[{"name":"wp","href":"https:\/\/api.w.org\/{rel}","templated":true}]}}