{"id":613,"date":"2015-12-22T12:49:06","date_gmt":"2015-12-22T10:49:06","guid":{"rendered":"http:\/\/wp.steenkamper.de\/?page_id=613"},"modified":"2026-04-08T19:32:32","modified_gmt":"2026-04-08T17:32:32","slug":"kontakt","status":"publish","type":"page","link":"https:\/\/www.steenkamper.de\/index.php\/kontakt\/","title":{"rendered":"Kontakt"},"content":{"rendered":"\n<p>Heimst\u00e4ttervereinigung Steenkamp e. V.<br>Steenkamp 37<br>22607 Hamburg<\/p>\n\n\n\n<p><strong>Vorstand<\/strong><a href=\"mailto:vorstand@heimstaette-steenkamp.de\"><br><\/a><a href=\"mailto:vorstand@steenkamper.de\">vorstand(at)steenkamper.de<br><\/a><em>(Email Verteiler an alle Vorstandsmitglieder)<br><\/em><strong>1. Vorsitzende: Silke Faber<\/strong><\/p>\n\n\n\n<p><strong>1. Kassiererin&nbsp;&nbsp;<br><\/strong>Meike Johannsen<br>Tel.: 0177 4463168<br><a href=\"mailto:kasse@steenkamper.de\">kasse(at)steenkamper.de<\/a><\/p>\n\n\n\n<p><strong>IBAN: DE81 200 505 50 107 821 05 13<\/strong><\/p>\n\n\n\n<figure class=\"wp-block-image is-resized alignnone\"><a href=\"https:\/\/i0.wp.com\/www.steenkamper.de\/wp-content\/uploads\/2020\/09\/qrIBAN.jpg?ssl=1\"><img data-recalc-dims=\"1\" fetchpriority=\"high\" decoding=\"async\" width=\"296\" height=\"300\" data-attachment-id=\"11949\" data-permalink=\"https:\/\/www.steenkamper.de\/index.php\/kontakt\/qriban\/\" data-orig-file=\"https:\/\/i0.wp.com\/www.steenkamper.de\/wp-content\/uploads\/2020\/09\/qrIBAN.jpg?fit=835%2C845&amp;ssl=1\" data-orig-size=\"835,845\" data-comments-opened=\"1\" data-image-meta=\"{&quot;aperture&quot;:&quot;0&quot;,&quot;credit&quot;:&quot;&quot;,&quot;camera&quot;:&quot;&quot;,&quot;caption&quot;:&quot;&quot;,&quot;created_timestamp&quot;:&quot;0&quot;,&quot;copyright&quot;:&quot;&quot;,&quot;focal_length&quot;:&quot;0&quot;,&quot;iso&quot;:&quot;0&quot;,&quot;shutter_speed&quot;:&quot;0&quot;,&quot;title&quot;:&quot;&quot;,&quot;orientation&quot;:&quot;1&quot;}\" data-image-title=\"qrIBAN\" data-image-description=\"\" data-image-caption=\"&lt;p&gt;Giro-Code IBAN&lt;\/p&gt;\n\" data-large-file=\"https:\/\/i0.wp.com\/www.steenkamper.de\/wp-content\/uploads\/2020\/09\/qrIBAN.jpg?fit=750%2C759&amp;ssl=1\" src=\"https:\/\/i0.wp.com\/www.steenkamper.de\/wp-content\/uploads\/2020\/09\/qrIBAN.jpg?resize=296%2C300&#038;ssl=1\" alt=\"\" class=\"wp-image-11949\" style=\"width:125px;height:auto\" srcset=\"https:\/\/i0.wp.com\/www.steenkamper.de\/wp-content\/uploads\/2020\/09\/qrIBAN.jpg?resize=296%2C300&amp;ssl=1 296w, https:\/\/i0.wp.com\/www.steenkamper.de\/wp-content\/uploads\/2020\/09\/qrIBAN.jpg?resize=768%2C777&amp;ssl=1 768w, https:\/\/i0.wp.com\/www.steenkamper.de\/wp-content\/uploads\/2020\/09\/qrIBAN.jpg?resize=500%2C506&amp;ssl=1 500w, https:\/\/i0.wp.com\/www.steenkamper.de\/wp-content\/uploads\/2020\/09\/qrIBAN.jpg?resize=450%2C455&amp;ssl=1 450w, https:\/\/i0.wp.com\/www.steenkamper.de\/wp-content\/uploads\/2020\/09\/qrIBAN.jpg?resize=80%2C80&amp;ssl=1 80w, https:\/\/i0.wp.com\/www.steenkamper.de\/wp-content\/uploads\/2020\/09\/qrIBAN.jpg?resize=741%2C750&amp;ssl=1 741w, https:\/\/i0.wp.com\/www.steenkamper.de\/wp-content\/uploads\/2020\/09\/qrIBAN.jpg?w=835&amp;ssl=1 835w\" sizes=\"(max-width: 296px) 100vw, 296px\" \/><\/a><figcaption class=\"wp-element-caption\"><em>QR-Code IBAN Heimst\u00e4ttervereinigung Steenkamp e.V.<\/em><\/figcaption><\/figure>\n\n\n\n<p><strong>2. Kassierer &amp; Mitgliederangelegenheiten<\/strong><br>Jan Meybek<br><a href=\"mailto:heimstaette@meybek.de\" target=\"_blank\" rel=\"noopener noreferrer\">heimstaette(at)meybek.de<\/a><br>Tel.: 4606 3379<\/p>\n\n\n\n<hr class=\"wp-block-separator has-alpha-channel-opacity\"\/>\n\n\n\n<div class=\"wp-block-buttons is-layout-flex wp-block-buttons-is-layout-flex\">\n<div class=\"wp-block-button\"><a class=\"wp-block-button__link has-vivid-cyan-blue-background-color has-background wp-element-button\" href=\"https:\/\/www.steenkamper.de\/index.php\/ausschuesse\/\"><strong>Aussch\u00fcsse \/ AGs&nbsp;<\/strong><\/a><\/div>\n<\/div>\n\n\n\n<div style=\"height:14px\" aria-hidden=\"true\" class=\"wp-block-spacer\"><\/div>\n\n\n\n<div class=\"wp-block-buttons is-layout-flex wp-block-buttons-is-layout-flex\">\n<div class=\"wp-block-button\"><a class=\"wp-block-button__link has-vivid-cyan-blue-background-color has-background wp-element-button\" href=\"https:\/\/www.steenkamper.de\/index.php\/gruppen\/\"><strong>regelm\u00e4ssige Gruppen im Steenkampsaal<\/strong><\/a><\/div>\n<\/div>\n\n\n\n<p class=\"has-black-color has-text-color has-link-color wp-elements-c7f0025e152c932a57eb39607361868f\"><strong>Saalvermietungen\/Saalverwaltung<\/strong><br>Tel. 0176 21065400<br>Claus Thiele \u2013 E-Mail:&nbsp;<a data-cke-saved-href=\"mailto:Claus.Thiele@steenkamper.de?subject=Sommerfest%202017\" href=\"mailto:Claus.Thiele@steenkamper.de?subject=SteenkampSaal\" target=\"_blank\" rel=\"noopener noreferrer\">Claus.Thiele(at)steenkamper.de<\/a><a href=\"http:\/\/mailto:%20dispo.steenkampsaal@posteo.de\/\"><br><\/a>Stellvertreter: Friedhelm Moggert-K\u00e4geler<\/p>\n\n\n\n<p><strong>Redaktion und Anzeigen &#8220;Der Steenkamper&#8221;<br><\/strong><a href=\"mailto:Redaktion@steenkamper.de\">Redaktion(at)steenkamper.de<\/a><br>Max Lips Tel.:&nbsp;659 141 32<\/p>\n\n\n\n<p><b>Redaktion \u201cDer kleine Steenkamper\u201d<\/b> Newsletter der Heimst\u00e4ttervereinigung<br>Jan Meybek, Lars Kohlmorgen, Max Lips<br><a href=\"mailto:Redaktion@steenkamper.de\">Redaktion(at)steenkamper.de<\/a><\/p>\n\n\n\n<p><strong>Webseite:<\/strong><br><a href=\"mailto:admin@steenkamper.de\">admin(at)steenkamper.de<\/a><br>Max Lips &nbsp;Tel.: 659 141 32<br><a href=\"mailto:steenkamper@lips100.de\">steenkamper(at)lips100.de<\/a><\/p>\n\n\n\n<div class=\"page\" title=\"Page 32\"><hr><\/div>\n\n\n\n<p><strong>Kontaktformular:<br><\/strong><em>(Anliegen wird an die entsprechenden Kontaktpersonen weitergeleitet)<\/em><\/p>\n\n\n<div class=\"wpforms-container wpforms-container-full wpforms-block wpforms-block-03359d6b-ceda-4119-a8eb-300af0846c6f wpforms-render-modern\" id=\"wpforms-28276\"><form id=\"wpforms-form-28276\" class=\"wpforms-validate wpforms-form wpforms-ajax-form\" data-formid=\"28276\" method=\"post\" enctype=\"multipart\/form-data\" action=\"\/index.php\/wp-json\/wp\/v2\/pages\/613\" data-token=\"e07b0d7521cf1bbf4d6ee9baacd64683\" data-token-time=\"1776683980\"><noscript class=\"wpforms-error-noscript\">Bitte aktiviere JavaScript in deinem Browser, um dieses Formular fertigzustellen.<\/noscript><div class=\"wpforms-hidden\" id=\"wpforms-error-noscript\">Bitte aktiviere JavaScript in deinem Browser, um dieses Formular fertigzustellen.<\/div><div class=\"wpforms-field-container\"><div id=\"wpforms-28276-field_0-container\" class=\"wpforms-field wpforms-field-name\" data-field-id=\"0\"><fieldset><legend class=\"wpforms-field-label\">Name <span class=\"wpforms-required-label\" aria-hidden=\"true\">*<\/span><\/legend><div class=\"wpforms-field-row wpforms-field-medium\"><div class=\"wpforms-field-row-block wpforms-first wpforms-one-half\"><input type=\"text\" id=\"wpforms-28276-field_0\" class=\"wpforms-field-name-first wpforms-field-required\" name=\"wpforms[fields][0][first]\" aria-errormessage=\"wpforms-28276-field_0-error\" required><label for=\"wpforms-28276-field_0\" class=\"wpforms-field-sublabel after\">Vorname<\/label><\/div><div class=\"wpforms-field-row-block wpforms-one-half\"><input type=\"text\" id=\"wpforms-28276-field_0-last\" class=\"wpforms-field-name-last wpforms-field-required\" name=\"wpforms[fields][0][last]\" aria-errormessage=\"wpforms-28276-field_0-last-error\" required><label for=\"wpforms-28276-field_0-last\" class=\"wpforms-field-sublabel after\">Nachname<\/label><\/div><\/div><\/fieldset><\/div><div id=\"wpforms-28276-field_1-container\" class=\"wpforms-field wpforms-field-email\" data-field-id=\"1\"><label class=\"wpforms-field-label\" for=\"wpforms-28276-field_1\">E-Mail-Adresse <span class=\"wpforms-required-label\" aria-hidden=\"true\">*<\/span><\/label><input type=\"email\" id=\"wpforms-28276-field_1\" class=\"wpforms-field-medium wpforms-field-required\" name=\"wpforms[fields][1]\" spellcheck=\"false\" aria-errormessage=\"wpforms-28276-field_1-error\" required><\/div><div id=\"wpforms-28276-field_4-container\" class=\"wpforms-field wpforms-field-text\" data-field-id=\"4\"><label class=\"wpforms-field-label\" for=\"wpforms-28276-field_4\">Telefonnummer<\/label><input type=\"text\" id=\"wpforms-28276-field_4\" class=\"wpforms-field-medium\" name=\"wpforms[fields][4]\" aria-errormessage=\"wpforms-28276-field_4-error\" ><\/div><div id=\"wpforms-28276-field_3-container\" class=\"wpforms-field wpforms-field-select wpforms-field-select-style-classic\" data-field-id=\"3\"><label class=\"wpforms-field-label\" for=\"wpforms-28276-field_3\">Angaben zur Mitgliedschaft <span class=\"wpforms-required-label\" aria-hidden=\"true\">*<\/span><\/label><select id=\"wpforms-28276-field_3\" class=\"wpforms-field-medium wpforms-field-required\" name=\"wpforms[fields][3]\" required=\"required\"><option value=\"KEIN Mitglied\" >KEIN Mitglied<\/option><option value=\"ordentliches Mitglied\" >ordentliches Mitglied<\/option><option value=\"F\u00f6rdermitglied\" >F\u00f6rdermitglied<\/option><\/select><\/div><div id=\"wpforms-28276-field_2-container\" class=\"wpforms-field wpforms-field-textarea\" data-field-id=\"2\"><label class=\"wpforms-field-label\" for=\"wpforms-28276-field_2\">Nachricht<\/label><textarea id=\"wpforms-28276-field_2\" class=\"wpforms-field-medium\" name=\"wpforms[fields][2]\" aria-errormessage=\"wpforms-28276-field_2-error\" ><\/textarea><\/div><div id=\"wpforms-28276-field_5-container\" class=\"wpforms-field wpforms-field-checkbox\" data-field-id=\"5\"><fieldset><legend class=\"wpforms-field-label\">Datenschutz <span class=\"wpforms-required-label\" aria-hidden=\"true\">*<\/span><\/legend><ul id=\"wpforms-28276-field_5\" class=\"wpforms-field-required\"><li class=\"choice-1 depth-1\"><input type=\"checkbox\" id=\"wpforms-28276-field_5_1\" name=\"wpforms[fields][5][]\" value=\"Ich akzeptiere die Datenschutzerkl\u00e4rung der Heimst\u00e4ttervereinigung Steenkamp e.V. und die Speicherung meiner oben genannten Daten.\" aria-errormessage=\"wpforms-28276-field_5_1-error\" required ><label class=\"wpforms-field-label-inline\" for=\"wpforms-28276-field_5_1\">Ich akzeptiere die Datenschutzerkl\u00e4rung der Heimst\u00e4ttervereinigung Steenkamp e.V. und die Speicherung meiner oben genannten Daten.<\/label><\/li><\/ul><\/fieldset><\/div><\/div><!-- .wpforms-field-container --><div class=\"wpforms-submit-container\" ><input type=\"hidden\" name=\"wpforms[id]\" value=\"28276\"><input type=\"hidden\" name=\"page_title\" value=\"\"><input type=\"hidden\" name=\"page_url\" value=\"https:\/\/www.steenkamper.de\/index.php\/wp-json\/wp\/v2\/pages\/613\"><input type=\"hidden\" name=\"url_referer\" value=\"\"><button type=\"submit\" name=\"wpforms[submit]\" id=\"wpforms-submit-28276\" class=\"wpforms-submit\" data-alt-text=\"Wird gesendet\u00a0\u2026\" data-submit-text=\"Nachricht senden\" aria-live=\"assertive\" value=\"wpforms-submit\">Nachricht senden<\/button><img decoding=\"async\" src=\"https:\/\/www.steenkamper.de\/wp-content\/plugins\/wpforms-lite\/assets\/images\/submit-spin.svg\" class=\"wpforms-submit-spinner\" style=\"display: none;\" width=\"26\" height=\"26\" alt=\"Wird geladen\"><\/div><\/form><\/div>  <!-- .wpforms-container -->","protected":false},"excerpt":{"rendered":"<p>Heimst\u00e4ttervereinigung Steenkamp e. V.Steenkamp 3722607 Hamburg Vorstandvorstand(at)steenkamper.de(Email Verteiler an alle Vorstandsmitglieder)1. Vorsitzende: Silke Faber 1. Kassiererin&nbsp;&nbsp;Meike JohannsenTel.: 0177 4463168kasse(at)steenkamper.de IBAN: DE81 200 505 50 107 821 05 13 2. Kassierer&#8230; <\/p>\n<p><a class=\"teaser-more\" href=\"https:\/\/www.steenkamper.de\/index.php\/kontakt\/\">weiter lesen<\/a><\/p>\n","protected":false},"author":1,"featured_media":0,"parent":0,"menu_order":0,"comment_status":"closed","ping_status":"closed","template":"","meta":{"_acf_changed":false,"_price":"","_stock":"","_tribe_ticket_header":"","_tribe_default_ticket_provider":"","_tribe_ticket_capacity":"0","_ticket_start_date":"","_ticket_end_date":"","_tribe_ticket_show_description":"","_tribe_ticket_show_not_going":false,"_tribe_ticket_use_global_stock":"","_tribe_ticket_global_stock_level":"","_global_stock_mode":"","_global_stock_cap":"","_tribe_rsvp_for_event":"","_tribe_ticket_going_count":"","_tribe_ticket_not_going_count":"","_tribe_tickets_list":"[]","_tribe_ticket_has_attendee_info_fields":false,"jetpack_post_was_ever_published":false,"footnotes":"","_tec_slr_enabled":"","_tec_slr_layout":""},"class_list":["post-613","page","type-page","status-publish","hentry"],"acf":[],"jetpack_sharing_enabled":true,"jetpack_shortlink":"https:\/\/wp.me\/P74Wuo-9T","jetpack_likes_enabled":true,"jetpack-related-posts":[{"id":144,"url":"https:\/\/www.steenkamper.de\/index.php\/vorstand\/","url_meta":{"origin":613,"position":0},"title":"Vorstand","author":"admin","date":"15\/12\/2015","format":false,"excerpt":"Der Vorstand der Heimst\u00e4ttervereinigung Steenkamp e.V. arbeitet ehrenamtlich. Seine Sitzungen finden einmal monatlich statt.\u00a0Etwa einmal im Quartal findet eine \u00f6ffentliche Sitzung im Steenkampsaal statt, zu der Mitglieder und Interessierte herzlich eingeladen sind.Die aktuellen Termine erfahren Sie in der Rubrik \u201cTermine\u201d oder im Schaukasten am Saal. \u2014-Auf der Mitgliederversammlung am 11.4.2026\u2026","rel":"","context":"\u00c4hnlicher Beitrag","block_context":{"text":"\u00c4hnlicher Beitrag","link":""},"img":{"alt_text":"","src":"https:\/\/i0.wp.com\/www.steenkamper.de\/wp-content\/uploads\/2025\/04\/Vorstand2025.png?resize=350%2C200&ssl=1","width":350,"height":200,"srcset":"https:\/\/i0.wp.com\/www.steenkamper.de\/wp-content\/uploads\/2025\/04\/Vorstand2025.png?resize=350%2C200&ssl=1 1x, https:\/\/i0.wp.com\/www.steenkamper.de\/wp-content\/uploads\/2025\/04\/Vorstand2025.png?resize=525%2C300&ssl=1 1.5x"},"classes":[]},{"id":30324,"url":"https:\/\/www.steenkamper.de\/index.php\/mailingliste\/","url_meta":{"origin":613,"position":1},"title":"Mailingliste","author":"Max","date":"07\/09\/2025","format":false,"excerpt":"AG SteenkampEnergie MailinglisteACHTUNG! Dies ist NICHT der Newsletter. Diese Mailingliste dient der Kommunikation der Gruppe! Der Newsletter kann mit dem Thema \u201eAG SteenkampEnergie\u201c hier abonniert werden. Ja, ich m\u00f6chte mich auf die Mailingliste agsteenkampenergie@steenkamper.de. Bitte streichen Sie mich wieder von der Mailingliste agsteenkampenergie@steenkamper.de. Geben Sie Ihre E-Mail-Adresse ein: Wiederholen Sie\u2026","rel":"","context":"\u00c4hnlicher Beitrag","block_context":{"text":"\u00c4hnlicher Beitrag","link":""},"img":{"alt_text":"","src":"","width":0,"height":0},"classes":[]},{"id":10733,"url":"https:\/\/www.steenkamper.de\/index.php\/terminetest\/","url_meta":{"origin":613,"position":2},"title":"Termine","author":"Max","date":"14\/12\/2022","format":false,"excerpt":"Danke f\u00fcr die Best\u00e4tigung der Buchung vom Steenkampsaal. R\u00fcckfragen bitte an unseren Saalverwalter:Claus ThieleTel. 0176 21065400E-Mail:\u00a0Claus.Thiele(at)steenkamper.deStellvertreter:\u00a0Friedhelm Moggert-K\u00e4geler\u00a0Tel. 0160 99165211 Saalordnung\u00a0und Saalnutzungsvertrag werden bei Anmietung \u00fcbergeben.","rel":"","context":"\u00c4hnlicher Beitrag","block_context":{"text":"\u00c4hnlicher Beitrag","link":""},"img":{"alt_text":"","src":"","width":0,"height":0},"classes":[]},{"id":909,"url":"https:\/\/www.steenkamper.de\/index.php\/anmelden\/","url_meta":{"origin":613,"position":3},"title":"Anmelden","author":"Max","date":"30\/12\/2015","format":false,"excerpt":"Hier k\u00f6nnen Sie\u00a0sich anmelden\/registrieren um z.B. unseren Wissensspeicher und unseren Marktplatz zu nutzen und\/oder als Autor diese Seite mitzugestalten...Die Anmeldung ist NICHT automatisiert und kann einige Zeit dauern. Bitte eine kurze Email mit Vor- und Nachnamen an: anmeldung@steenkamper.de F\u00fcr den NEWSLETTER bitte HIER anmelden: Newsletter anmelden","rel":"","context":"\u00c4hnlicher Beitrag","block_context":{"text":"\u00c4hnlicher Beitrag","link":""},"img":{"alt_text":"","src":"","width":0,"height":0},"classes":[]},{"id":146,"url":"https:\/\/www.steenkamper.de\/index.php\/ausschuesse\/","url_meta":{"origin":613,"position":4},"title":"Aussch\u00fcsse","author":"admin","date":"15\/12\/2015","format":false,"excerpt":"und Arbeitsgruppen (AGs) Die\u00a0Vereinsarbeit der Heimst\u00e4ttervereinigung Steenkamp e.V. wird getragen\u00a0durch aktive Mitglieder. Diese\u00a0Aktivit\u00e4ten werden durch\u00a0verschiedene\u00a0Aussch\u00fcssen koordiniert. Sollten Sie Interesse an der Mitarbeit in einem dieser Aussch\u00fcsse haben, melden Sie sich bitte bei der entsprechenden Kontaktperson, oder wenden Sie sich direkt an den Vorstand. Per Mail\u00a0oder \u00fcber unseren Briefkasten Steenkamp 37,\u2026","rel":"","context":"\u00c4hnlicher Beitrag","block_context":{"text":"\u00c4hnlicher Beitrag","link":""},"img":{"alt_text":"","src":"","width":0,"height":0},"classes":[]},{"id":167,"url":"https:\/\/www.steenkamper.de\/index.php\/der-steenkamper\/","url_meta":{"origin":613,"position":5},"title":"Der Steenkamper","author":"admin","date":"15\/12\/2015","format":false,"excerpt":"Zweimal im Jahr gibt die Heimst\u00e4ttervereinigung ihre Mitgliederzeitung mit dem Titel \u201eDer Steenkamper\u201c mit einer Auflage von 1.500 St\u00fcck heraus. Diese wird in der Nachbarschaft kostenlos an alle Haushalte verteilt und liegt auch in verschiedenen Gesch\u00e4ften in der Umgebung aus. Seit 2019 auf Recyclingpapier:\u00a0 Hier der Link zur Helfer*innen-Liste f\u00fcr\u2026","rel":"","context":"\u00c4hnlicher Beitrag","block_context":{"text":"\u00c4hnlicher Beitrag","link":""},"img":{"alt_text":"","src":"https:\/\/i0.wp.com\/www.steenkamper.de\/wp-content\/uploads\/2017\/07\/2_2017-2-e1500232746131-300x172.jpg?resize=350%2C200&ssl=1","width":350,"height":200},"classes":[]}],"ticketed":false,"_links":{"self":[{"href":"https:\/\/www.steenkamper.de\/index.php\/wp-json\/wp\/v2\/pages\/613","targetHints":{"allow":["GET"]}}],"collection":[{"href":"https:\/\/www.steenkamper.de\/index.php\/wp-json\/wp\/v2\/pages"}],"about":[{"href":"https:\/\/www.steenkamper.de\/index.php\/wp-json\/wp\/v2\/types\/page"}],"author":[{"embeddable":true,"href":"https:\/\/www.steenkamper.de\/index.php\/wp-json\/wp\/v2\/users\/1"}],"replies":[{"embeddable":true,"href":"https:\/\/www.steenkamper.de\/index.php\/wp-json\/wp\/v2\/comments?post=613"}],"version-history":[{"count":61,"href":"https:\/\/www.steenkamper.de\/index.php\/wp-json\/wp\/v2\/pages\/613\/revisions"}],"predecessor-version":[{"id":35158,"href":"https:\/\/www.steenkamper.de\/index.php\/wp-json\/wp\/v2\/pages\/613\/revisions\/35158"}],"wp:attachment":[{"href":"https:\/\/www.steenkamper.de\/index.php\/wp-json\/wp\/v2\/media?parent=613"}],"curies":[{"name":"wp","href":"https:\/\/api.w.org\/{rel}","templated":true}]}}