{"id":571,"date":"2015-12-19T22:19:03","date_gmt":"2015-12-19T21:19:03","guid":{"rendered":"http:\/\/wp.steenkamper.de:8080\/?page_id=571"},"modified":"2019-10-20T20:27:59","modified_gmt":"2019-10-20T18:27:59","slug":"kommentare","status":"publish","type":"page","link":"https:\/\/www.steenkamper.de\/index.php\/kommentare\/","title":{"rendered":"Kommentare"},"content":{"rendered":"","protected":false},"excerpt":{"rendered":"","protected":false},"author":1,"featured_media":0,"parent":0,"menu_order":0,"comment_status":"open","ping_status":"open","template":"","meta":{"_acf_changed":false,"site-sidebar-layout":"default","site-content-layout":"","ast-site-content-layout":"default","site-content-style":"default","site-sidebar-style":"default","ast-global-header-display":"","ast-banner-title-visibility":"","ast-main-header-display":"","ast-hfb-above-header-display":"","ast-hfb-below-header-display":"","ast-hfb-mobile-header-display":"","site-post-title":"","ast-breadcrumbs-content":"","ast-featured-img":"","footer-sml-layout":"","ast-disable-related-posts":"","theme-transparent-header-meta":"","adv-header-id-meta":"","stick-header-meta":"","header-above-stick-meta":"","header-main-stick-meta":"","header-below-stick-meta":"","astra-migrate-meta-layouts":"default","ast-page-background-enabled":"default","ast-page-background-meta":{"desktop":{"background-color":"var(--ast-global-color-5)","background-image":"","background-repeat":"repeat","background-position":"center center","background-size":"auto","background-attachment":"scroll","background-type":"","background-media":"","overlay-type":"","overlay-color":"","overlay-opacity":"","overlay-gradient":""},"tablet":{"background-color":"","background-image":"","background-repeat":"repeat","background-position":"center center","background-size":"auto","background-attachment":"scroll","background-type":"","background-media":"","overlay-type":"","overlay-color":"","overlay-opacity":"","overlay-gradient":""},"mobile":{"background-color":"","background-image":"","background-repeat":"repeat","background-position":"center center","background-size":"auto","background-attachment":"scroll","background-type":"","background-media":"","overlay-type":"","overlay-color":"","overlay-opacity":"","overlay-gradient":""}},"ast-content-background-meta":{"desktop":{"background-color":"var(--ast-global-color-4)","background-image":"","background-repeat":"repeat","background-position":"center center","background-size":"auto","background-attachment":"scroll","background-type":"","background-media":"","overlay-type":"","overlay-color":"","overlay-opacity":"","overlay-gradient":""},"tablet":{"background-color":"var(--ast-global-color-4)","background-image":"","background-repeat":"repeat","background-position":"center center","background-size":"auto","background-attachment":"scroll","background-type":"","background-media":"","overlay-type":"","overlay-color":"","overlay-opacity":"","overlay-gradient":""},"mobile":{"background-color":"var(--ast-global-color-4)","background-image":"","background-repeat":"repeat","background-position":"center center","background-size":"auto","background-attachment":"scroll","background-type":"","background-media":"","overlay-type":"","overlay-color":"","overlay-opacity":"","overlay-gradient":""}},"_price":"","_stock":"","_tribe_ticket_header":"","_tribe_default_ticket_provider":"","_tribe_ticket_capacity":"0","_ticket_start_date":"","_ticket_end_date":"","_tribe_ticket_show_description":"","_tribe_ticket_show_not_going":false,"_tribe_ticket_use_global_stock":"","_tribe_ticket_global_stock_level":"","_global_stock_mode":"","_global_stock_cap":"","_tribe_rsvp_for_event":"","_tribe_ticket_going_count":"","_tribe_ticket_not_going_count":"","_tribe_tickets_list":"[]","_tribe_ticket_has_attendee_info_fields":false,"jetpack_post_was_ever_published":false,"footnotes":"","_tec_slr_enabled":"","_tec_slr_layout":""},"class_list":["post-571","page","type-page","status-publish","hentry"],"acf":[],"jetpack_sharing_enabled":true,"jetpack_shortlink":"https:\/\/wp.me\/P74Wuo-9d","jetpack_likes_enabled":true,"jetpack-related-posts":[{"id":154,"url":"https:\/\/www.steenkamper.de\/index.php\/nachbarschaft\/","url_meta":{"origin":571,"position":0},"title":"Nachbarschaft","author":"admin","date":"15\/12\/2015","format":false,"excerpt":"Fl\u00fcchtlingshilfe Mitteilungsblatt \"DerSteenkamper\u201d Mieter Info Eigent\u00fcmer Info Shop \u201cSpreadshirt\u201d Gruppen Marktplatz Umgangsformen Kommentare Hinweise\/Tipps Pressespiegel","rel":"","context":"\u00c4hnlicher Beitrag","block_context":{"text":"\u00c4hnlicher Beitrag","link":""},"img":{"alt_text":"","src":"","width":0,"height":0},"classes":[]},{"id":421,"url":"https:\/\/www.steenkamper.de\/index.php\/umgangsformen\/","url_meta":{"origin":571,"position":1},"title":"Umgangsformen","author":"Max","date":"16\/12\/2015","format":false,"excerpt":"Nutzungsbedingungen und Umgangsformen auf Steenkamper.de Auf dem Marktplatz, in den Kommentaren und\u00a0allgem. auf Steenkamper.de Liebe Nachbarn, bitte schreiben Sie auf dem Marktplatz und in den Kommentaren nicht unter einem Pseudonym, sondern stehen Sie mit Ihrem echten Namen zu Ihrer Meinung. Wir w\u00fcnschen uns eine rege Beteiligung und eine gro\u00dfe Meinungsvielfalt.\u2026","rel":"","context":"\u00c4hnlicher Beitrag","block_context":{"text":"\u00c4hnlicher Beitrag","link":""},"img":{"alt_text":"","src":"","width":0,"height":0},"classes":[]},{"id":159,"url":"https:\/\/www.steenkamper.de\/index.php\/datenschutzerklaerung\/","url_meta":{"origin":571,"position":2},"title":"Datenschutzerkl\u00e4rung","author":"admin","date":"15\/12\/2015","format":false,"excerpt":"Aktive SteenkamperInnen bitte\u00a0hier die Einverst\u00e4ndnis der Ver\u00f6ffentlichung von Kontaktdaten\u00a0etc. als Ansprechpartner oder Kontaktperson f\u00fcr Aussch\u00fcsse, Gruppen oder andere Ehren\u00e4mter auf unserer Webseite, im Newsletter und im Steenkamper geben. Foto- und Filmaufnahmen \u00a0\u00a0\u00a0 W\u00e4hrend unseren Veranstaltungen wird fotografiert und gefilmt. Das Foto- und Filmmaterial wird von der Heimst\u00e4ttervereinigung zu Zwecken der\u2026","rel":"","context":"\u00c4hnlicher Beitrag","block_context":{"text":"\u00c4hnlicher Beitrag","link":""},"img":{"alt_text":"","src":"","width":0,"height":0},"classes":[]}],"ticketed":false,"_links":{"self":[{"href":"https:\/\/www.steenkamper.de\/index.php\/wp-json\/wp\/v2\/pages\/571","targetHints":{"allow":["GET"]}}],"collection":[{"href":"https:\/\/www.steenkamper.de\/index.php\/wp-json\/wp\/v2\/pages"}],"about":[{"href":"https:\/\/www.steenkamper.de\/index.php\/wp-json\/wp\/v2\/types\/page"}],"author":[{"embeddable":true,"href":"https:\/\/www.steenkamper.de\/index.php\/wp-json\/wp\/v2\/users\/1"}],"replies":[{"embeddable":true,"href":"https:\/\/www.steenkamper.de\/index.php\/wp-json\/wp\/v2\/comments?post=571"}],"version-history":[{"count":3,"href":"https:\/\/www.steenkamper.de\/index.php\/wp-json\/wp\/v2\/pages\/571\/revisions"}],"predecessor-version":[{"id":9044,"href":"https:\/\/www.steenkamper.de\/index.php\/wp-json\/wp\/v2\/pages\/571\/revisions\/9044"}],"wp:attachment":[{"href":"https:\/\/www.steenkamper.de\/index.php\/wp-json\/wp\/v2\/media?parent=571"}],"curies":[{"name":"wp","href":"https:\/\/api.w.org\/{rel}","templated":true}]}}