{"id":5690,"date":"2017-12-27T21:37:05","date_gmt":"2017-12-27T20:37:05","guid":{"rendered":"http:\/\/wp.steenkamper.de\/index.php\/submit-ticket\/"},"modified":"2017-12-27T21:37:05","modified_gmt":"2017-12-27T20:37:05","slug":"submit-ticket","status":"publish","type":"page","link":"https:\/\/www.steenkamper.de\/index.php\/submit-ticket\/","title":{"rendered":"Submit Ticket"},"content":{"rendered":"\n    <div id=\"nanosupport-add-ticket\" class=\"nano-support-ticket nano-add-ticket ns-no-js\">\n\n    \t\n\t<div class=\"ns-well ns-well-sm\">\n\t\t<div class=\"ns-row\">\n\t\t\t<div class=\"ns-col-md-5 ns-col-sm-6 ns-well-left\">\n\t\t\t\t<a href=\"https:\/\/www.steenkamper.de\/index.php\/support-desk\/\" class=\"ns-btn ns-btn-sm ns-btn-primary\">\n\t\t\t\t\t<i class=\"ns-icon-tag\" aria-hidden=\"true\"><\/i> My Tickets\t\t\t\t<\/a>\n\t\t\t\t                \t<a class=\"ns-btn ns-btn-sm ns-btn-info btn-knowledgebase\" href=\"https:\/\/www.steenkamper.de\/index.php\/knowledgebase\/\">\n                \t\t<i class=\"ns-icon-docs\" aria-hidden=\"true\"><\/i> Knowledgebase                \t<\/a>\n                            <\/div>\n            <div class=\"ns-col-md-7 ns-col-sm-6 ns-well-right ns-text-muted ns-small\">\n            \tErg\u00e4nzungen \/ Kritik \/ Anregungen \/ Fragen bitte hier einsenden.             <\/div>\n        <\/div>\n    <\/div> <!-- \/.ns-well.ns-well-sm -->\n\n    \n\t\t<div class=\"ns-row\">\n\t\t\t<div class=\"ns-col-md-12\">\n\n\t\t\t\t<form class=\"ns-form-horizontal\" method=\"post\" action=\"\/index.php\/wp-json\/wp\/v2\/pages\/5690\">\n\n\t\t\t\t\t<!-- SUBJECT -->\n\t\t\t\t\t<div class=\"ns-form-group\">\n\t\t\t\t\t\t<label for=\"ns-ticket-subject\" class=\"ns-col-md-2 ns-col-sm-2 ns-col-xs-10 ns-control-label\">\n\t\t\t\t\t\t\tSubject <sup class=\"ns-required\">*<\/sup>\n\t\t\t\t\t\t<\/label>\n\t\t\t\t\t\t<div class=\"ns-col-md-1 ns-col-sm-1 ns-col-xs-2 ns-text-center\">\n\t\t\t\t\t\t\t\n\t<span class=\"ns-tooltip ns-tooltip-bottom ns-icon-question\">\n\t\t<span id=\"ns-subject\" class=\"ns-tooltip-message\" role=\"tooltip\">\n\t\t\tWrite down a self-descriptive brief subject to the ticket\t\t<\/span>\n\t<\/span>\n\n\t\t\t\t\t\t\t<\/div>\n\t\t\t\t\t\t<div class=\"ns-col-md-9 ns-col-sm-9 ns-col-xs-12\">\n\t\t\t\t\t\t\t<input type=\"text\" class=\"ns-form-control\" name=\"ns_ticket_subject\" id=\"ns-ticket-subject\" placeholder=\"Subject in brief\" value=\"\" aria-describedby=\"ns-subject\" required autocomplete=\"off\">\n\t\t\t\t\t\t<\/div>\n\t\t\t\t\t<\/div> <!-- \/.ns-form-group -->\n\n\t\t\t\t\t<!-- TICKET DETAILS -->\n\t\t\t\t\t<div class=\"ns-form-group\">\n\t\t\t\t\t\t<label for=\"ns-ticket-details\" class=\"ns-col-md-2 ns-col-sm-2 ns-col-xs-10 ns-control-label\">\n\t\t\t\t\t\t\tDetails <sup class=\"ns-required\">*<\/sup>\n\t\t\t\t\t\t<\/label>\n\t\t\t\t\t\t<div class=\"ns-col-md-1 ns-col-sm-1 ns-col-xs-2 ns-text-center\">\n\t\t\t\t\t\t\t\n\t<span class=\"ns-tooltip ns-tooltip-bottom ns-icon-question\">\n\t\t<span id=\"ns-details\" class=\"ns-tooltip-message\" role=\"tooltip\">\n\t\t\tWrite down your issue in details... At least 30 characters is a must.\t\t<\/span>\n\t<\/span>\n\n\t\t\t\t\t\t\t<\/div>\n\t\t\t\t\t\t<div class=\"ns-col-md-9 ns-col-sm-9 ns-col-xs-12\">\n\t\t\t\t\t\t\t<div id=\"wp-ns-ticket-details-wrap\" class=\"wp-core-ui wp-editor-wrap tmce-active\"><link rel='stylesheet' id='dashicons-css' href='https:\/\/www.steenkamper.de\/wp-includes\/css\/dashicons.min.css?ver=6.9.4' media='all' \/>\n<link rel='stylesheet' id='editor-buttons-css' href='https:\/\/www.steenkamper.de\/wp-includes\/css\/editor.min.css?ver=6.9.4' media='all' \/>\n<div id=\"wp-ns-ticket-details-editor-container\" class=\"wp-editor-container\"><textarea class=\"ns-form-control wp-editor-area\" rows=\"10\" autocomplete=\"off\" cols=\"40\" name=\"ns_ticket_details\" id=\"ns-ticket-details\"><\/textarea><\/div>\n<\/div>\n\n\t\t\t\t\t\t<\/div>\n\t\t\t\t\t<\/div> <!-- \/.ns-form-group -->\n\n\t\t\t\t\t\n\t\t\t\t\t\t<!-- TICKET PRIORITY -->\n\t\t\t\t\t\t<div class=\"ns-form-group\">\n\t\t\t\t\t\t\t<label for=\"ns-ticket-priority\" class=\"ns-col-md-2 ns-col-sm-2 ns-col-xs-10 ns-control-label\">\n\t\t\t\t\t\t\t\tPriority <sup class=\"ns-required\">*<\/sup>\n\t\t\t\t\t\t\t<\/label>\n\t\t\t\t\t\t\t<div class=\"ns-col-md-1 ns-col-sm-1 ns-col-xs-2 ns-text-center\">\n\t\t\t\t\t\t\t\t\n\t<span class=\"ns-tooltip ns-tooltip-bottom ns-icon-question\">\n\t\t<span id=\"ns-priority\" class=\"ns-tooltip-message\" role=\"tooltip\">\n\t\t\tChoose the priority of the issue\t\t<\/span>\n\t<\/span>\n\n\t\t\t\t\t\t\t\t<\/div>\n\t\t\t\t\t\t\t<div class=\"ns-col-md-9 ns-col-sm-9 ns-col-xs-12 ns-form-inline\">\n\t\t\t\t\t\t\t\t\t\t\t\t\t\t\t\t<select class=\"ns-form-control\" name=\"ns_ticket_priority\" id=\"ns-ticket-priority\" aria-describedby=\"ns-priority\" required>\n\t\t\t\t\t\t\t\t\t<option value=\"\" >Select a priority<\/option>\n\t\t\t\t\t\t\t\t\t<option value=\"low\"  selected='selected'>Low<\/option>\n\t\t\t\t\t\t\t\t\t<option value=\"medium\" >Medium<\/option>\n\t\t\t\t\t\t\t\t\t<option value=\"high\" >High<\/option>\n\t\t\t\t\t\t\t\t\t<option value=\"critical\" >Critical<\/option>\n\t\t\t\t\t\t\t\t<\/select>\n\t\t\t\t\t\t\t<\/div>\n\t\t\t\t\t\t<\/div> <!-- \/.ns-form-group -->\n\n\t\t\t\t\t\n\t\t\t\t\t\n\t\t\t\t\t\t<!-- TICKET DEPARTMENTS -->\n\t\t\t\t\t\t<div class=\"ns-form-group\">\n\t\t\t\t\t\t\t<label for=\"ns-ticket-department\" class=\"ns-col-md-2 ns-col-sm-2 ns-col-xs-10 ns-control-label\">\n\t\t\t\t\t\t\t\tDepartment\t\t\t\t\t\t\t<\/label>\n\t\t\t\t\t\t\t<div class=\"ns-col-md-1 ns-col-sm-1 ns-col-xs-2 ns-text-center\">\n\t\t\t\t\t\t\t\t\n\t<span class=\"ns-tooltip ns-tooltip-bottom ns-icon-question\">\n\t\t<span id=\"ns-department\" class=\"ns-tooltip-message\" role=\"tooltip\">\n\t\t\tChoose a department to which you want to notify about the ticket\t\t<\/span>\n\t<\/span>\n\n\t\t\t\t\t\t\t\t<\/div>\n\t\t\t\t\t\t\t<div class=\"ns-col-md-9 ns-col-sm-9 ns-col-xs-12 ns-form-inline\">\n\t\t\t\t\t\t\t\t\t\t\t\t\t\t\t\t<select  name='ns_ticket_department' id='ns-ticket-department' class='postform ns-form-control'>\n\t<option value='' selected='selected'>Select a Department<\/option>\n\t<option class=\"level-0\" value=\"70\">Vorstand<\/option>\n\t<option class=\"level-0\" value=\"71\">Fl\u00fcchtlingsausschuss<\/option>\n\t<option class=\"level-0\" value=\"72\">Der Steenkamper &amp; Webseite &amp; Newsletter<\/option>\n\t<option class=\"level-0\" value=\"85\">Wissensspeicher<\/option>\n<\/select>\n\t\t\t\t\t\t\t<\/div>\n\t\t\t\t\t\t<\/div> <!-- \/.ns-form-group -->\n\n\t\t\t\t\t\n\t\t\t\t\t\n\t\t\t\t\t\n\t\t\t\t\t\t\n\t\t\t\t\t\t\n\t\t\t\t\t\t\n\t\t\t\t\t\t\t\n\t\t\t\t\t\t\t\t<!-- REGISTRATION IS INACTIVE -->\n\t\t\t\t\t\t\t\t<div class=\"ns-form-group\">\n\t\t\t\t\t\t\t\t\t<p class=\"ns-col-sm-9 ns-col-sm-offset-3 ns-text-dim\">\n\t\t\t\t\t\t\t\t\t\tRegistration is closed now. If you already have an account <a href=\"https:\/\/www.steenkamper.de\/index.php\/submit-ticket\/?action=login\">Login<\/a>\n\t\t\t\t\t\t\t\t\t<\/p>\n\t\t\t\t\t\t\t\t<\/div> <!-- \/.ns-form-group -->\n\n\t\t\t\t\t\t\t\n\t\t\t\t\t\t\n\t\t\t\t\t\n\t\t\t\t\t<div class=\"ns-form-group\">\n\t\t\t\t\t\t<div class=\"ns-col-sm-offset-3 ns-col-sm-9 ns-col-xs-12\">\n\t\t\t\t\t\t\t<button type=\"submit\" name=\"ns_submit\" class=\"ns-btn ns-btn-primary\">\n\t\t\t\t\t\t\t\tSubmit\t\t\t\t\t\t\t<\/button>\n\n\t\t\t\t\t\t\t\t\t\t\t\t\t<\/div>\n\t\t\t\t\t<\/div> <!-- \/.ns-form-group -->\n\n\t\t\t\t<\/form> <!-- \/.ns-form-horizontal -->\n\n\t\t\t<\/div>\n\t\t<\/div> <!-- \/.ns-row -->\n\n\t\t\n\t<\/div> <!-- \/.nano-support-ticket .nano-add-ticket -->\n\n\t\n","protected":false},"excerpt":{"rendered":"","protected":false},"author":1,"featured_media":0,"parent":0,"menu_order":0,"comment_status":"closed","ping_status":"closed","template":"","meta":{"_acf_changed":false,"site-sidebar-layout":"default","site-content-layout":"","ast-site-content-layout":"default","site-content-style":"default","site-sidebar-style":"default","ast-global-header-display":"","ast-banner-title-visibility":"","ast-main-header-display":"","ast-hfb-above-header-display":"","ast-hfb-below-header-display":"","ast-hfb-mobile-header-display":"","site-post-title":"","ast-breadcrumbs-content":"","ast-featured-img":"","footer-sml-layout":"","ast-disable-related-posts":"","theme-transparent-header-meta":"","adv-header-id-meta":"","stick-header-meta":"","header-above-stick-meta":"","header-main-stick-meta":"","header-below-stick-meta":"","astra-migrate-meta-layouts":"default","ast-page-background-enabled":"default","ast-page-background-meta":{"desktop":{"background-color":"var(--ast-global-color-5)","background-image":"","background-repeat":"repeat","background-position":"center center","background-size":"auto","background-attachment":"scroll","background-type":"","background-media":"","overlay-type":"","overlay-color":"","overlay-opacity":"","overlay-gradient":""},"tablet":{"background-color":"","background-image":"","background-repeat":"repeat","background-position":"center center","background-size":"auto","background-attachment":"scroll","background-type":"","background-media":"","overlay-type":"","overlay-color":"","overlay-opacity":"","overlay-gradient":""},"mobile":{"background-color":"","background-image":"","background-repeat":"repeat","background-position":"center center","background-size":"auto","background-attachment":"scroll","background-type":"","background-media":"","overlay-type":"","overlay-color":"","overlay-opacity":"","overlay-gradient":""}},"ast-content-background-meta":{"desktop":{"background-color":"var(--ast-global-color-4)","background-image":"","background-repeat":"repeat","background-position":"center center","background-size":"auto","background-attachment":"scroll","background-type":"","background-media":"","overlay-type":"","overlay-color":"","overlay-opacity":"","overlay-gradient":""},"tablet":{"background-color":"var(--ast-global-color-4)","background-image":"","background-repeat":"repeat","background-position":"center center","background-size":"auto","background-attachment":"scroll","background-type":"","background-media":"","overlay-type":"","overlay-color":"","overlay-opacity":"","overlay-gradient":""},"mobile":{"background-color":"var(--ast-global-color-4)","background-image":"","background-repeat":"repeat","background-position":"center center","background-size":"auto","background-attachment":"scroll","background-type":"","background-media":"","overlay-type":"","overlay-color":"","overlay-opacity":"","overlay-gradient":""}},"_price":"","_stock":"","_tribe_ticket_header":"","_tribe_default_ticket_provider":"","_tribe_ticket_capacity":"0","_ticket_start_date":"","_ticket_end_date":"","_tribe_ticket_show_description":"","_tribe_ticket_show_not_going":false,"_tribe_ticket_use_global_stock":"","_tribe_ticket_global_stock_level":"","_global_stock_mode":"","_global_stock_cap":"","_tribe_rsvp_for_event":"","_tribe_ticket_going_count":"","_tribe_ticket_not_going_count":"","_tribe_tickets_list":"[]","_tribe_ticket_has_attendee_info_fields":false,"jetpack_post_was_ever_published":false,"footnotes":"","_tec_slr_enabled":"","_tec_slr_layout":""},"class_list":["post-5690","page","type-page","status-publish","hentry"],"acf":[],"jetpack_sharing_enabled":true,"jetpack_shortlink":"https:\/\/wp.me\/P74Wuo-1tM","jetpack_likes_enabled":true,"jetpack-related-posts":[{"id":5671,"url":"https:\/\/www.steenkamper.de\/index.php\/ticket-uebermitteln\/","url_meta":{"origin":5690,"position":0},"title":"Ticket \u00fcbermitteln","author":"Max","date":"27\/12\/2017","format":false,"excerpt":"[ticket-submit]","rel":"","context":"\u00c4hnlicher Beitrag","block_context":{"text":"\u00c4hnlicher Beitrag","link":""},"img":{"alt_text":"","src":"","width":0,"height":0},"classes":[]},{"id":2764,"url":"https:\/\/www.steenkamper.de\/index.php\/open-ticket\/","url_meta":{"origin":5690,"position":1},"title":"Open Ticket","author":"Max","date":"02\/11\/2016","format":false,"excerpt":"[wpsp_open_ticket]","rel":"","context":"\u00c4hnlicher Beitrag","block_context":{"text":"\u00c4hnlicher Beitrag","link":""},"img":{"alt_text":"","src":"","width":0,"height":0},"classes":[]},{"id":6197,"url":"https:\/\/www.steenkamper.de\/index.php\/pm_submit_blog\/","url_meta":{"origin":5690,"position":2},"title":"Submit New Blog Post","author":"Max","date":"02\/02\/2018","format":false,"excerpt":"[PM_Add_Blog]","rel":"","context":"\u00c4hnlicher Beitrag","block_context":{"text":"\u00c4hnlicher Beitrag","link":""},"img":{"alt_text":"","src":"","width":0,"height":0},"classes":[]},{"id":2765,"url":"https:\/\/www.steenkamper.de\/index.php\/help\/","url_meta":{"origin":5690,"position":3},"title":"HELP","author":"Max","date":"02\/11\/2016","format":false,"excerpt":"\u00a0 for REFUGEES HELP \u2013 ein schwarzes Brett f\u00fcr die Steenkamper Fl\u00fcchtlingshilfe Die Onlineplattform \u201eHelp\u201c wurde zum Januar 2018 eingestellt. Die daran gekn\u00fcpften Erwartungen haben sich nicht best\u00e4tigt.\u00a0 In der Unterkunft in der Notkestra\u00dfe 25 wohnen derzeit ca. 650 Gefl\u00fcchtete, davon 170 Kinder, \u00fcberwiegend aus Syrien, Afghanistan, Iran, Irak und\u2026","rel":"","context":"\u00c4hnlicher Beitrag","block_context":{"text":"\u00c4hnlicher Beitrag","link":""},"img":{"alt_text":"img_4712","src":"https:\/\/i0.wp.com\/wp.steenkamper.de\/wp-content\/uploads\/2016\/09\/img_4712-300x163.jpg?resize=350%2C200","width":350,"height":200},"classes":[]}],"ticketed":false,"_links":{"self":[{"href":"https:\/\/www.steenkamper.de\/index.php\/wp-json\/wp\/v2\/pages\/5690","targetHints":{"allow":["GET"]}}],"collection":[{"href":"https:\/\/www.steenkamper.de\/index.php\/wp-json\/wp\/v2\/pages"}],"about":[{"href":"https:\/\/www.steenkamper.de\/index.php\/wp-json\/wp\/v2\/types\/page"}],"author":[{"embeddable":true,"href":"https:\/\/www.steenkamper.de\/index.php\/wp-json\/wp\/v2\/users\/1"}],"replies":[{"embeddable":true,"href":"https:\/\/www.steenkamper.de\/index.php\/wp-json\/wp\/v2\/comments?post=5690"}],"version-history":[{"count":0,"href":"https:\/\/www.steenkamper.de\/index.php\/wp-json\/wp\/v2\/pages\/5690\/revisions"}],"wp:attachment":[{"href":"https:\/\/www.steenkamper.de\/index.php\/wp-json\/wp\/v2\/media?parent=5690"}],"curies":[{"name":"wp","href":"https:\/\/api.w.org\/{rel}","templated":true}]}}