{"id":5290,"date":"2017-11-17T13:49:52","date_gmt":"2017-11-17T12:49:52","guid":{"rendered":"http:\/\/wp.steenkamper.de\/?page_id=5290"},"modified":"2021-01-10T08:58:53","modified_gmt":"2021-01-10T07:58:53","slug":"zukunft-steenkampsaal-die-saalretter","status":"publish","type":"page","link":"https:\/\/www.steenkamper.de\/index.php\/zukunft-steenkampsaal-die-saalretter\/","title":{"rendered":"Zukunft Steenkampsaal &#8211; Saalretter\u00a0"},"content":{"rendered":"<p>Der Ausschuss hat sich 2015\/16 erfolgreich f\u00fcr den Abschluss eines tragf\u00e4higen Mietvertrages mit der SAGA engagiert und ein Finanzierungskonzept f\u00fcr die ersten 10 Jahre erarbeitet. Derzeit pr\u00fcft der Ausschuss den Ankauf des Saales und bereitet die \u00fcberf\u00e4llige Renovierung vor.<\/p>\n<p>Kontakt:<br \/>\nSilke Faber<\/p>\n<p>Die Frage ob und wie der Steenkampsaal l\u00e4ngerfristig von der Heimst\u00e4ttervereinigung genutzt werden kann, stellt sich immer wieder von neuem. Es gibt \u00dcberlegungen eine Genossenschaft zu gr\u00fcnden und den Saal von der SAGA GWG zu kaufen. Die Genossenschaft w\u00fcrde dann der Heimst\u00e4ttervereinigung den Saal zur Nutzung \u00fcberlassen.<\/p>\n<p>Wenn eine Klein-Genossenschaft gegr\u00fcndet w\u00fcrde, w\u00e4re es sehr interessant zu wissen ob und wieviele sich an so einer &#8220;ideellen&#8221; Investition beteiligen w\u00fcrden.<\/p>\n<p>Dazu hier eine Umfrage:<\/p>\n<hr \/>\n<p><div id=\"polls-9\" class=\"wp-polls\">\n\t<form id=\"polls_form_9\" class=\"wp-polls-form\" action=\"\/index.php\" method=\"post\">\n\t\t<p style=\"display: none;\"><input type=\"hidden\" id=\"poll_9_nonce\" name=\"wp-polls-nonce\" value=\"208726a6be\" \/><\/p>\n\t\t<p style=\"display: none;\"><input type=\"hidden\" name=\"poll_id\" value=\"9\" \/><\/p>\n\t\t<p style=\"display: none;\"><input type=\"hidden\" id=\"poll_multiple_ans_9\" name=\"poll_multiple_ans_9\" value=\"3\" \/><\/p>\n\t\t<p style=\"text-align: left\"><strong>Saalankauf - ich w\u00fcrde Genossenschaftsanteile kaufen in H\u00f6he von...<\/strong><\/p><div id=\"polls-9-ans\" class=\"wp-polls-ans\"><ul class=\"wp-polls-ul\">\n\t\t<li><input type=\"checkbox\" id=\"poll-answer-37\" name=\"poll_9\" value=\"37\" \/> <label for=\"poll-answer-37\">50\u20ac<\/label><\/li>\n\t\t<li><input type=\"checkbox\" id=\"poll-answer-38\" name=\"poll_9\" value=\"38\" \/> <label for=\"poll-answer-38\">500\u20ac<\/label><\/li>\n\t\t<li><input type=\"checkbox\" id=\"poll-answer-39\" name=\"poll_9\" value=\"39\" \/> <label for=\"poll-answer-39\">1.000\u20ac<\/label><\/li>\n\t\t<li><input type=\"checkbox\" id=\"poll-answer-40\" name=\"poll_9\" value=\"40\" \/> <label for=\"poll-answer-40\">5.000\u20ac<\/label><\/li>\n\t\t<li><input type=\"checkbox\" id=\"poll-answer-41\" name=\"poll_9\" value=\"41\" \/> <label for=\"poll-answer-41\">10.000\u20ac<\/label><\/li>\n\t\t<li><input type=\"checkbox\" id=\"poll-answer-42\" name=\"poll_9\" value=\"42\" \/> <label for=\"poll-answer-42\">mehr als 20.000\u20ac<\/label><\/li>\n\t\t<li><input type=\"checkbox\" id=\"poll-answer-43\" name=\"poll_9\" value=\"43\" \/> <label for=\"poll-answer-43\">nur mit Rendite<\/label><\/li>\n\t\t<li><input type=\"checkbox\" id=\"poll-answer-44\" name=\"poll_9\" value=\"44\" \/> <label for=\"poll-answer-44\">auch zinslos<\/label><\/li>\n\t\t<li><input type=\"checkbox\" id=\"poll-answer-45\" name=\"poll_9\" value=\"45\" \/> <label for=\"poll-answer-45\">nur mit K\u00fcndigungs\/Austritts M\u00f6glichkeit<\/label><\/li>\n\t\t<li><input type=\"checkbox\" id=\"poll-answer-46\" name=\"poll_9\" value=\"46\" \/> <label for=\"poll-answer-46\">Nein - ich w\u00fcrde keine Anteile kaufen<\/label><\/li>\n\t\t<\/ul><p style=\"text-align: left\"><input type=\"button\" name=\"vote\" value=\"   abstimmen   \" class=\"Buttons\" onclick=\"poll_vote(9);\" \/><\/p><p style=\"text-align: center\"><a href=\"#ViewPollResults\" onclick=\"poll_result(9); return false;\" title=\"View Results Of This Poll\">View Results<\/a><\/p><\/div>\n\t<\/form>\n<\/div>\n<div id=\"polls-9-loading\" class=\"wp-polls-loading\"><img data-recalc-dims=\"1\" decoding=\"async\" src=\"https:\/\/i0.wp.com\/www.steenkamper.de\/wp-content\/plugins\/wp-polls\/images\/loading.gif?resize=16%2C16&#038;ssl=1\" width=\"16\" height=\"16\" alt=\"Wird geladen ...\" title=\"Wird geladen ...\" class=\"wp-polls-image\" \/>&nbsp;Wird geladen ...<\/div>\n<br \/>\n<em>M. Lips<\/em><\/p>\n","protected":false},"excerpt":{"rendered":"<p>Der Ausschuss hat sich 2015\/16 erfolgreich f\u00fcr den Abschluss eines tragf\u00e4higen Mietvertrages mit der SAGA engagiert und ein Finanzierungskonzept f\u00fcr die ersten 10 Jahre erarbeitet. Derzeit pr\u00fcft der Ausschuss den&#8230; <\/p>\n<p><a class=\"teaser-more\" href=\"https:\/\/www.steenkamper.de\/index.php\/zukunft-steenkampsaal-die-saalretter\/\">weiter lesen<\/a><\/p>\n","protected":false},"author":6,"featured_media":0,"parent":0,"menu_order":0,"comment_status":"closed","ping_status":"closed","template":"","meta":{"_acf_changed":false,"_price":"","_stock":"","_tribe_ticket_header":"","_tribe_default_ticket_provider":"","_tribe_ticket_capacity":"0","_ticket_start_date":"","_ticket_end_date":"","_tribe_ticket_show_description":"","_tribe_ticket_show_not_going":false,"_tribe_ticket_use_global_stock":"","_tribe_ticket_global_stock_level":"","_global_stock_mode":"","_global_stock_cap":"","_tribe_rsvp_for_event":"","_tribe_ticket_going_count":"","_tribe_ticket_not_going_count":"","_tribe_tickets_list":"[]","_tribe_ticket_has_attendee_info_fields":false,"jetpack_post_was_ever_published":false,"footnotes":"","_tec_slr_enabled":"","_tec_slr_layout":""},"class_list":["post-5290","page","type-page","status-publish","hentry"],"acf":[],"jetpack_sharing_enabled":true,"jetpack_shortlink":"https:\/\/wp.me\/P74Wuo-1nk","jetpack_likes_enabled":true,"jetpack-related-posts":[{"id":247,"url":"https:\/\/www.steenkamper.de\/index.php\/fluechtlingsarbeit\/","url_meta":{"origin":5290,"position":0},"title":"Ausschuss Fl\u00fcchtlingsunterst\u00fctzung","author":"Max","date":"15\/12\/2015","format":false,"excerpt":"Caf\u00e9 VogelweideDas Caf\u00e9 ist seit April 2022 nach einer l\u00e4ngeren Coronapause wieder aktiv. Alle Steenkamper\/innen sind eingeladen mit neuen Nachbarn\/innen Deutsch zu kl\u00f6nen und zu Tee\/Kaffee\/Kuchen zusammenzusitzen. Kuchenspenden (geschnittene) sind sehr erw\u00fcnscht, um das Buffet zu erweitern. Sie k\u00f6nnen ab 15.00h abgegeben werden. Das Caf\u00e9 findet ab 16.00h bis 17.30h\u2026","rel":"","context":"\u00c4hnlicher Beitrag","block_context":{"text":"\u00c4hnlicher Beitrag","link":""},"img":{"alt_text":"","src":"https:\/\/i0.wp.com\/www.steenkamper.de\/wp-content\/uploads\/2016\/09\/IMG_2805-300x141.png?resize=350%2C200&ssl=1","width":350,"height":200},"classes":[]},{"id":146,"url":"https:\/\/www.steenkamper.de\/index.php\/ausschuesse\/","url_meta":{"origin":5290,"position":1},"title":"Aussch\u00fcsse","author":"admin","date":"15\/12\/2015","format":false,"excerpt":"und Arbeitsgruppen (AGs) Die\u00a0Vereinsarbeit der Heimst\u00e4ttervereinigung Steenkamp e.V. wird getragen\u00a0durch aktive Mitglieder. Diese\u00a0Aktivit\u00e4ten werden durch\u00a0verschiedene\u00a0Aussch\u00fcssen koordiniert. Sollten Sie Interesse an der Mitarbeit in einem dieser Aussch\u00fcsse haben, melden Sie sich bitte bei der entsprechenden Kontaktperson, oder wenden Sie sich direkt an den Vorstand. Per Mail\u00a0oder \u00fcber unseren Briefkasten Steenkamp 37,\u2026","rel":"","context":"\u00c4hnlicher Beitrag","block_context":{"text":"\u00c4hnlicher Beitrag","link":""},"img":{"alt_text":"","src":"","width":0,"height":0},"classes":[]},{"id":5263,"url":"https:\/\/www.steenkamper.de\/index.php\/engagierte-nachbarn\/","url_meta":{"origin":5290,"position":2},"title":"Engagierte Nachbarn","author":"Max","date":"16\/11\/2017","format":false,"excerpt":"Eine lebendige Nachbarschaft lebt von dem Engagement ihrer Bewohner. F\u00fcr eine gute Vernetzung und Koordination der vielf\u00e4ltigen Aktivit\u00e4ten unserer sehr gro\u00dfen Nachbarschaft ist die Mehrheit der Steenkamphaushalte in der Heimst\u00e4ttervereinigung\u00a0Steenkamp e.V. organisiert. W\u00e4hrend sich der Vorstand um die formalen Vereinsgesch\u00e4fte k\u00fcmmert, f\u00fcllen die Nachbarn das Ganze mit Leben. Entweder indem\u2026","rel":"","context":"\u00c4hnlicher Beitrag","block_context":{"text":"\u00c4hnlicher Beitrag","link":""},"img":{"alt_text":"","src":"","width":0,"height":0},"classes":[]},{"id":29043,"url":"https:\/\/www.steenkamper.de\/index.php\/ausschuss-energie\/","url_meta":{"origin":5290,"position":3},"title":"AG SteenkampEnergie","author":"Petra Reimann","date":"13\/01\/2025","format":false,"excerpt":"Steenkamp Energie ist eine Gruppe von Bewohnerinnen und Bewohnern aus der Siedlung, die sich zusammengeschlossen haben, um eine gemeinsame L\u00f6sung f\u00fcr unsere zuk\u00fcnftige W\u00e4rmeversorgung zu entwickeln. Wir m\u00f6chten ein nachhaltiges und wirtschaftlich tragf\u00e4higes Konzept f\u00fcr unsere Siedlung entwickeln, das nicht nur \u00f6kologisch sinnvoll, sondern auch sozial gerecht und solidarisch gestaltet\u2026","rel":"","context":"\u00c4hnlicher Beitrag","block_context":{"text":"\u00c4hnlicher Beitrag","link":""},"img":{"alt_text":"","src":"https:\/\/i0.wp.com\/www.steenkamper.de\/wp-content\/uploads\/2025\/07\/Team_AG-SteenkampEnergie.png?resize=350%2C200&ssl=1","width":350,"height":200,"srcset":"https:\/\/i0.wp.com\/www.steenkamper.de\/wp-content\/uploads\/2025\/07\/Team_AG-SteenkampEnergie.png?resize=350%2C200&ssl=1 1x, https:\/\/i0.wp.com\/www.steenkamper.de\/wp-content\/uploads\/2025\/07\/Team_AG-SteenkampEnergie.png?resize=525%2C300&ssl=1 1.5x, https:\/\/i0.wp.com\/www.steenkamper.de\/wp-content\/uploads\/2025\/07\/Team_AG-SteenkampEnergie.png?resize=700%2C400&ssl=1 2x"},"classes":[]},{"id":20,"url":"https:\/\/www.steenkamper.de\/index.php\/verein\/","url_meta":{"origin":5290,"position":4},"title":"Verein","author":"admin","date":"14\/12\/2015","format":false,"excerpt":"Die Heimst\u00e4ttervereinigung Steenkamp e.V. ist die Keimzelle der Steenkampsiedlung und der SAGA. Seit Bestehen des Vereines (1920) ist Ihr Sinn und Zweck in der Satzung fest gelegt:\u00a0 \u201cDer Verein will durch den Zusammenschluss der Heimst\u00e4tter und Heimst\u00e4tterinnen in der Siedlung Steenkamp eine gemeinsame Interessenvertretung der Mieter und Mieterinnen, der Eigent\u00fcmer\u2026","rel":"","context":"\u00c4hnlicher Beitrag","block_context":{"text":"\u00c4hnlicher Beitrag","link":""},"img":{"alt_text":"","src":"https:\/\/i1.wp.com\/www.steenkamper.de\/wp-content\/uploads\/2020\/09\/qrIBAN.jpg?resize=350%2C200&ssl=1","width":350,"height":200},"classes":[]},{"id":144,"url":"https:\/\/www.steenkamper.de\/index.php\/vorstand\/","url_meta":{"origin":5290,"position":5},"title":"Vorstand","author":"admin","date":"15\/12\/2015","format":false,"excerpt":"Der Vorstand der Heimst\u00e4ttervereinigung Steenkamp e.V. arbeitet ehrenamtlich. Seine Sitzungen finden einmal monatlich statt.\u00a0Etwa einmal im Quartal findet eine \u00f6ffentliche Sitzung im Steenkampsaal statt, zu der Mitglieder und Interessierte herzlich eingeladen sind.Die aktuellen Termine erfahren Sie in der Rubrik \u201cTermine\u201d oder im Schaukasten am Saal. \u2014-Auf der Mitgliederversammlung am 11.4.2026\u2026","rel":"","context":"\u00c4hnlicher Beitrag","block_context":{"text":"\u00c4hnlicher Beitrag","link":""},"img":{"alt_text":"","src":"https:\/\/i0.wp.com\/www.steenkamper.de\/wp-content\/uploads\/2025\/04\/Vorstand2025.png?resize=350%2C200&ssl=1","width":350,"height":200,"srcset":"https:\/\/i0.wp.com\/www.steenkamper.de\/wp-content\/uploads\/2025\/04\/Vorstand2025.png?resize=350%2C200&ssl=1 1x, https:\/\/i0.wp.com\/www.steenkamper.de\/wp-content\/uploads\/2025\/04\/Vorstand2025.png?resize=525%2C300&ssl=1 1.5x"},"classes":[]}],"ticketed":false,"_links":{"self":[{"href":"https:\/\/www.steenkamper.de\/index.php\/wp-json\/wp\/v2\/pages\/5290","targetHints":{"allow":["GET"]}}],"collection":[{"href":"https:\/\/www.steenkamper.de\/index.php\/wp-json\/wp\/v2\/pages"}],"about":[{"href":"https:\/\/www.steenkamper.de\/index.php\/wp-json\/wp\/v2\/types\/page"}],"author":[{"embeddable":true,"href":"https:\/\/www.steenkamper.de\/index.php\/wp-json\/wp\/v2\/users\/6"}],"replies":[{"embeddable":true,"href":"https:\/\/www.steenkamper.de\/index.php\/wp-json\/wp\/v2\/comments?post=5290"}],"version-history":[{"count":10,"href":"https:\/\/www.steenkamper.de\/index.php\/wp-json\/wp\/v2\/pages\/5290\/revisions"}],"predecessor-version":[{"id":14160,"href":"https:\/\/www.steenkamper.de\/index.php\/wp-json\/wp\/v2\/pages\/5290\/revisions\/14160"}],"wp:attachment":[{"href":"https:\/\/www.steenkamper.de\/index.php\/wp-json\/wp\/v2\/media?parent=5290"}],"curies":[{"name":"wp","href":"https:\/\/api.w.org\/{rel}","templated":true}]}}