{"id":5240,"date":"2017-11-16T21:36:23","date_gmt":"2017-11-16T20:36:23","guid":{"rendered":"http:\/\/wp.steenkamper.de\/?page_id=5240"},"modified":"2017-11-17T10:40:23","modified_gmt":"2017-11-17T09:40:23","slug":"vogelweide","status":"publish","type":"page","link":"https:\/\/www.steenkamper.de\/index.php\/vogelweide\/","title":{"rendered":"Vogelweide"},"content":{"rendered":"<p><b>Ausschuss Vogelweide<\/b><\/p>\n<p>Kontakt:<br \/>\nMax Lips, \u00a0Tel.: 659 141 32\u00a0<a href=\"mailto:steenkamper@lips100.de\">steenkamper(at)lips100.de<\/a><br \/>\nMathias Eichler,\u00a0Tel.: 410 49 47<br \/>\nDie Mitglieder k\u00fcmmern sich im Austausch mit dem Bezirksamt Altona um die Neugestaltung und Pflege der \u00f6ffentlichen Gr\u00fcnfl\u00e4chen insbesondere des zentralen Platzes \u201eVogelweide\u201c vor dem Steenkampsaal. Rasenm\u00e4hen und M\u00fclleimer leeren geh\u00f6rt ebenso zu den selbstgew\u00e4hlten Aufgaben wie die Beteiligung weiterer Nachbarn zu Nutzungs- und Gestaltungsfragen und die Organisation nachbarlicher Aktionen zur Pflege und Versch\u00f6nerung der \u00f6ffentlichen Gr\u00fcnfl\u00e4chen.<\/p>\n<div id=\"attachment_2605\" style=\"width: 310px\" class=\"wp-caption alignnone\"><a href=\"https:\/\/i0.wp.com\/wp.steenkamper.de\/wp-content\/uploads\/2016\/10\/IMG_2807.jpg\" rel=\"attachment wp-att-2605\"><img data-recalc-dims=\"1\" fetchpriority=\"high\" decoding=\"async\" aria-describedby=\"caption-attachment-2605\" data-attachment-id=\"2605\" data-permalink=\"https:\/\/www.steenkamper.de\/index.php\/vogelweide\/img_2807\/\" data-orig-file=\"https:\/\/i0.wp.com\/www.steenkamper.de\/wp-content\/uploads\/2016\/10\/IMG_2807.jpg?fit=750%2C429&amp;ssl=1\" data-orig-size=\"750,429\" data-comments-opened=\"1\" data-image-meta=\"{&quot;aperture&quot;:&quot;2.4&quot;,&quot;credit&quot;:&quot;&quot;,&quot;camera&quot;:&quot;iPad 2&quot;,&quot;caption&quot;:&quot;&quot;,&quot;created_timestamp&quot;:&quot;1459626041&quot;,&quot;copyright&quot;:&quot;&quot;,&quot;focal_length&quot;:&quot;2.03&quot;,&quot;iso&quot;:&quot;160&quot;,&quot;shutter_speed&quot;:&quot;0.033333333333333&quot;,&quot;title&quot;:&quot;&quot;,&quot;orientation&quot;:&quot;1&quot;}\" data-image-title=\"img_2807\" data-image-description=\"\" data-image-caption=\"&lt;p&gt;Vogelweide 2016&lt;\/p&gt;\n\" data-large-file=\"https:\/\/i0.wp.com\/www.steenkamper.de\/wp-content\/uploads\/2016\/10\/IMG_2807.jpg?fit=750%2C429&amp;ssl=1\" class=\"size-medium wp-image-2605\" src=\"https:\/\/i0.wp.com\/wp.steenkamper.de\/wp-content\/uploads\/2016\/10\/IMG_2807-300x172.jpg?resize=300%2C172\" alt=\"Vogelweide 2016\" width=\"300\" height=\"172\" srcset=\"https:\/\/i0.wp.com\/www.steenkamper.de\/wp-content\/uploads\/2016\/10\/IMG_2807.jpg?resize=300%2C172&amp;ssl=1 300w, https:\/\/i0.wp.com\/www.steenkamper.de\/wp-content\/uploads\/2016\/10\/IMG_2807.jpg?resize=500%2C286&amp;ssl=1 500w, https:\/\/i0.wp.com\/www.steenkamper.de\/wp-content\/uploads\/2016\/10\/IMG_2807.jpg?resize=450%2C257&amp;ssl=1 450w, https:\/\/i0.wp.com\/www.steenkamper.de\/wp-content\/uploads\/2016\/10\/IMG_2807.jpg?w=750&amp;ssl=1 750w\" sizes=\"(max-width: 300px) 100vw, 300px\" \/><\/a><p id=\"caption-attachment-2605\" class=\"wp-caption-text\">Vogelweide 2016<\/p><\/div>\n<p>&nbsp;<\/p>\n","protected":false},"excerpt":{"rendered":"<p>Ausschuss Vogelweide Kontakt: Max Lips, \u00a0Tel.: 659 141 32\u00a0steenkamper(at)lips100.de Mathias Eichler,\u00a0Tel.: 410 49 47 Die Mitglieder k\u00fcmmern sich im Austausch mit dem Bezirksamt Altona um die Neugestaltung und Pflege der&#8230; <\/p>\n<p><a class=\"teaser-more\" href=\"https:\/\/www.steenkamper.de\/index.php\/vogelweide\/\">weiter lesen<\/a><\/p>\n","protected":false},"author":6,"featured_media":0,"parent":0,"menu_order":0,"comment_status":"closed","ping_status":"closed","template":"","meta":{"_acf_changed":false,"_price":"","_stock":"","_tribe_ticket_header":"","_tribe_default_ticket_provider":"","_tribe_ticket_capacity":"0","_ticket_start_date":"","_ticket_end_date":"","_tribe_ticket_show_description":"","_tribe_ticket_show_not_going":false,"_tribe_ticket_use_global_stock":"","_tribe_ticket_global_stock_level":"","_global_stock_mode":"","_global_stock_cap":"","_tribe_rsvp_for_event":"","_tribe_ticket_going_count":"","_tribe_ticket_not_going_count":"","_tribe_tickets_list":"[]","_tribe_ticket_has_attendee_info_fields":false,"jetpack_post_was_ever_published":false,"footnotes":"","_tec_slr_enabled":"","_tec_slr_layout":""},"class_list":["post-5240","page","type-page","status-publish","hentry"],"acf":[],"jetpack_sharing_enabled":true,"jetpack_shortlink":"https:\/\/wp.me\/P74Wuo-1mw","jetpack_likes_enabled":true,"jetpack-related-posts":[{"id":5263,"url":"https:\/\/www.steenkamper.de\/index.php\/engagierte-nachbarn\/","url_meta":{"origin":5240,"position":0},"title":"Engagierte Nachbarn","author":"Max","date":"16\/11\/2017","format":false,"excerpt":"Eine lebendige Nachbarschaft lebt von dem Engagement ihrer Bewohner. F\u00fcr eine gute Vernetzung und Koordination der vielf\u00e4ltigen Aktivit\u00e4ten unserer sehr gro\u00dfen Nachbarschaft ist die Mehrheit der Steenkamphaushalte in der Heimst\u00e4ttervereinigung\u00a0Steenkamp e.V. organisiert. W\u00e4hrend sich der Vorstand um die formalen Vereinsgesch\u00e4fte k\u00fcmmert, f\u00fcllen die Nachbarn das Ganze mit Leben. Entweder indem\u2026","rel":"","context":"\u00c4hnlicher Beitrag","block_context":{"text":"\u00c4hnlicher Beitrag","link":""},"img":{"alt_text":"","src":"","width":0,"height":0},"classes":[]},{"id":286,"url":"https:\/\/www.steenkamper.de\/index.php\/kooperationspartner\/","url_meta":{"origin":5240,"position":1},"title":"Kooperationspartner\/Links","author":"Max","date":"16\/12\/2015","format":false,"excerpt":"Nachbarschaftscaf\u00e9 \u201eDas Caf\u00e9\u201c des F\u00f6rderkreis Stadthof e.V.\u00a0 direkt an der Vogelweide, Steenkamp 16 Das Caf\u00e9 \u00f6ffnet seine T\u00fcr jeweils freitags und samstags von 14.00- 18.00 Uhr. Ev. Melanchthon-Kirchengemeinde Hamburg-Flottbek in der\u00a0Ebertallee 30 Es finden Gottesdienste mit Taufen beim Sommerfest statt sowie Gottesdienste mit Tschernobylkindern und den \u201eSteenkampsingern\u201c. Sozialkaufhaus \u201eBaNotke\u201c Spenden\u2026","rel":"","context":"\u00c4hnlicher Beitrag","block_context":{"text":"\u00c4hnlicher Beitrag","link":""},"img":{"alt_text":"","src":"","width":0,"height":0},"classes":[]},{"id":3237,"url":"https:\/\/www.steenkamper.de\/index.php\/fluechtlingsarbeit\/cafe-vogelweide\/","url_meta":{"origin":5240,"position":2},"title":"Caf\u00e9 Vogelweide","author":"Max","date":"31\/01\/2017","format":false,"excerpt":"Termine 2026 KEIN Caf\u00e9 im Dezember 2025 25.1., 22.2., 29,3., kein Caf\u00e9 im Apr., 31.5., 28.6., kein Caf\u00e9 im Juli, 30.8., 27.9., kein Caf\u00e9 im Okt., 8.11., 13.12. Was machen wir? Kl\u00f6nen, Kuchen verspeisen, spielen, malen, sich austauschen, Mandalas malen, Deutsch reden, neue Kontakte kn\u00fcpfen, lachen, Fotos machen, bei Regen\u2026","rel":"","context":"\u00c4hnlicher Beitrag","block_context":{"text":"\u00c4hnlicher Beitrag","link":""},"img":{"alt_text":"","src":"https:\/\/i0.wp.com\/www.steenkamper.de\/wp-content\/uploads\/2025\/12\/CafeVogelweide_ALLE_TERMINE_2026-220x300.jpg?resize=350%2C200&ssl=1","width":350,"height":200},"classes":[]},{"id":7257,"url":"https:\/\/www.steenkamper.de\/index.php\/termine-2018\/","url_meta":{"origin":5240,"position":3},"title":"Termine 2018","author":"Max","date":"11\/11\/2018","format":false,"excerpt":"(Link zu: \"das war 2017\") 2018 \u00a0 Januar 10.1. Ausschusstreffen Fl\u00fcchtlingsausschuss\u00a019.30h 27.1.\u00a0Fl\u00fcchtlingsausschuss\u00a0- Caf\u00e9 \"Vogelweide\" im Steenkampsaal\u00a015-17h diesmal Samstag und \"Tanz-Caf\u00e9\"!\u00a0\u26a0\u00a0SAMSTAG!!! 28.1. Kinderfasching 15h Februar 3.2. Kultursalon 20h 13.2. Puppen Theater\u00a016h 17.2. Zukunftswerkstatt 2018\u00a016-19h 25.2.\u00a0Fl\u00fcchtlingsausschuss\u00a0- Caf\u00e9 \"Vogelweide\" im Steenkampsaal\u00a015-17h M\u00e4rz 3.-18.3. Schulferien\/Osterferien 21.3. Mitgliederversammlung\u00a019h 24.3. Hamburg r\u00e4umt auf 15h 25.3.\u00a0Fl\u00fcchtlingsausschuss\u00a0- Caf\u00e9\u2026","rel":"","context":"\u00c4hnlicher Beitrag","block_context":{"text":"\u00c4hnlicher Beitrag","link":""},"img":{"alt_text":"","src":"","width":0,"height":0},"classes":[]},{"id":4186,"url":"https:\/\/www.steenkamper.de\/index.php\/steenkamp-abc\/","url_meta":{"origin":5240,"position":4},"title":"Steenkamp ABC","author":"Max","date":"18\/06\/2017","format":false,"excerpt":"L\u00f6sungen aus dem Steenkamper 2\/2017 - Seite 25 \"Die jungen Steenkamper\" Was alle Steenkamper*innen wissen sollten: 1.) Wie hie\u00df der Gasthof der Steenkampsiedlung? Lindenkrug Jetzt ist\u00a0in den R\u00e4umen eine Wohnung der SAGA. 2.) Wie hei\u00dft der Ort in der Siedlung, der kein Namensschild tr\u00e4gt? Vogelweide Mit der Eingemeindung zu Hamburg\u2026","rel":"","context":"\u00c4hnlicher Beitrag","block_context":{"text":"\u00c4hnlicher Beitrag","link":""},"img":{"alt_text":"Vogelweide ","src":"https:\/\/i0.wp.com\/www.steenkamper.de\/wp-content\/uploads\/2017\/06\/IMG_0100-300x225.jpg?resize=350%2C200&ssl=1","width":350,"height":200},"classes":[]},{"id":7395,"url":"https:\/\/www.steenkamper.de\/index.php\/termine-2018-2\/","url_meta":{"origin":5240,"position":5},"title":"Termine 2018","author":"Max","date":"15\/12\/2018","format":false,"excerpt":"das war 2018: Januar 10.1. Ausschusstreffen Fl\u00fcchtlingsausschuss\u00a019.30h 27.1.\u00a0Fl\u00fcchtlingsausschuss\u00a0- Caf\u00e9 \"Vogelweide\" im Steenkampsaal\u00a015-17h diesmal Samstag und \"Tanz-Caf\u00e9\"!\u00a0\u26a0\u00a0SAMSTAG!!! 28.1. Kinderfasching 15h Februar 3.2. Kultursalon 20h 13.2. Puppen Theater\u00a016h 17.2. Zukunftswerkstatt 2018\u00a016-19h 25.2.\u00a0Fl\u00fcchtlingsausschuss\u00a0- Caf\u00e9 \"Vogelweide\" im Steenkampsaal\u00a015-17h M\u00e4rz 3.-18.3. Schulferien\/Osterferien 21.3. Mitgliederversammlung\u00a019h 24.3. Hamburg r\u00e4umt auf 15h 25.3.\u00a0Fl\u00fcchtlingsausschuss\u00a0- Caf\u00e9 \"Vogelweide\" im Steenkampsaal\u00a015-17h April\u2026","rel":"","context":"\u00c4hnlicher Beitrag","block_context":{"text":"\u00c4hnlicher Beitrag","link":""},"img":{"alt_text":"","src":"","width":0,"height":0},"classes":[]}],"ticketed":false,"_links":{"self":[{"href":"https:\/\/www.steenkamper.de\/index.php\/wp-json\/wp\/v2\/pages\/5240","targetHints":{"allow":["GET"]}}],"collection":[{"href":"https:\/\/www.steenkamper.de\/index.php\/wp-json\/wp\/v2\/pages"}],"about":[{"href":"https:\/\/www.steenkamper.de\/index.php\/wp-json\/wp\/v2\/types\/page"}],"author":[{"embeddable":true,"href":"https:\/\/www.steenkamper.de\/index.php\/wp-json\/wp\/v2\/users\/6"}],"replies":[{"embeddable":true,"href":"https:\/\/www.steenkamper.de\/index.php\/wp-json\/wp\/v2\/comments?post=5240"}],"version-history":[{"count":3,"href":"https:\/\/www.steenkamper.de\/index.php\/wp-json\/wp\/v2\/pages\/5240\/revisions"}],"predecessor-version":[{"id":5299,"href":"https:\/\/www.steenkamper.de\/index.php\/wp-json\/wp\/v2\/pages\/5240\/revisions\/5299"}],"wp:attachment":[{"href":"https:\/\/www.steenkamper.de\/index.php\/wp-json\/wp\/v2\/media?parent=5240"}],"curies":[{"name":"wp","href":"https:\/\/api.w.org\/{rel}","templated":true}]}}