{"id":499,"date":"2015-12-18T10:53:45","date_gmt":"2015-12-18T09:53:45","guid":{"rendered":"http:\/\/wp.steenkamper.de:8080\/?page_id=499"},"modified":"2016-03-02T10:11:44","modified_gmt":"2016-03-02T09:11:44","slug":"square-dance-club","status":"publish","type":"page","link":"https:\/\/www.steenkamper.de\/index.php\/square-dance-club\/","title":{"rendered":"Square Dance Club"},"content":{"rendered":"<p>&nbsp;<\/p>\n<p><b>Elbe Beach Hoppers &#8211;\u00a0Square Dance Club<br \/>\n<\/b>Derzeitiger Tanzort:\u00a0\u00a0<a href=\"http:\/\/www.elbebeachhoppers.de\/\">www.elbebeachhoppers.de<\/a><\/p>\n<p>Kontakt: Claus Thiele, Tel.: 899 11 43<\/p>\n<p>So war es von 1989 bis 2012 jeden Mittwochabend im Steenkampsaal:<\/p>\n<p align=\"left\"><b>Square Dance im Steenkamp<\/b><\/p>\n<p align=\"left\">\n<p align=\"left\">Wer an einem Mittwochabend durch die Steenkamp-Siedlung geht, bleibt verwundert vor dem Saal am Lindenkrug stehen. Es ert\u00f6nt Country- und Western-Musik, und durch die Fenster sieht man fr\u00f6hliche Leute in Cowboyhemden und bunten R\u00f6cken mit Petticoats schwungvoll und ausgelassen tanzen.<\/p>\n<p align=\"left\">Hier haben die \u201eELBE\u00a0BEACH\u00a0HOPPERS\u201c ihren w\u00f6chentlichen Tanzabend! Geselligkeit und Freundschaft zwischen jung und alt werden gro\u00dfgeschrieben.<\/p>\n<p align=\"left\">Diese Art des Tanzens, der Square Dance, ist im \u201eWilden Westen&#8221; entstanden, als die Einwanderer die verschiedenen Volkst\u00e4nze aus ihrer Heimat mitbrachten. Um auch gemeinsam tanzen zu k\u00f6nnen, bekamen die einzelnen Figuren der Formation Namen, die von jedem Anf\u00e4nger erlernt werden. Beim heutigen modernen Square Dance gibt es keine auswendig gelernten T\u00e4nze, sondern der Caller (Ausrufer) reiht die Figuren w\u00e4hrend des Tanzes nach Belieben aneinander. F\u00fcr die T\u00e4nzer hei\u00dft das: Aufpassen und die Kommandos schnell umsetzen. Der Reiz des Square Dance liegt in der gemeinsamen Leistung der Gruppe.<\/p>\n<p align=\"left\">Die Figuren und ihre Ausf\u00fchrung sind weltweit \u201egenormt&#8221;. Jeder T\u00e4nzer kann daher \u00fcberall in anderen Square Dance Clubs als Gast am Tanzen teilnehmen.<\/p>\n<p align=\"left\">Interessierte sind herzlich eingeladen, den\u00a0ELBE\u00a0BEACH\u00a0HOPPERS\u00a0am Tanzabend zuzusehen. Kommen Sie gerne herein und lassen sich von der guten Laune anstecken!<\/p>\n<p align=\"left\">Die ELBE\u00a0BEACH\u00a0HOPPERS\u00a0bieten ein sportlich-kulturelles Angebot in der Steenkampsiedlung. Neben den Club-\u00dcbungsabenden gibt es auch \u00f6ffentliche Auftritte, z.B. beim Sommerfest der Heimsst\u00e4ttervereinigung Steenkamp e.V.<\/p>\n<p align=\"left\">Au\u00dferdem \u00fcbernehmen die Clubmitglieder Aufgaben innerhalb der Heimst\u00e4ttervereinigung, sei es bei der Saalpflege oder bei den Sommerfesten, und f\u00f6rdern so das Miteinander in der Siedlung.<\/p>\n<p>&nbsp;<\/p>\n","protected":false},"excerpt":{"rendered":"<p>&nbsp; Elbe Beach Hoppers &#8211;\u00a0Square Dance Club Derzeitiger Tanzort:\u00a0\u00a0www.elbebeachhoppers.de Kontakt: Claus Thiele, Tel.: 899 11 43 So war es von 1989 bis 2012 jeden Mittwochabend im Steenkampsaal: Square Dance im [&hellip;]<\/p>\n","protected":false},"author":1,"featured_media":0,"parent":0,"menu_order":0,"comment_status":"closed","ping_status":"closed","template":"","meta":{"_acf_changed":false,"site-sidebar-layout":"default","site-content-layout":"","ast-site-content-layout":"default","site-content-style":"default","site-sidebar-style":"default","ast-global-header-display":"","ast-banner-title-visibility":"","ast-main-header-display":"","ast-hfb-above-header-display":"","ast-hfb-below-header-display":"","ast-hfb-mobile-header-display":"","site-post-title":"","ast-breadcrumbs-content":"","ast-featured-img":"","footer-sml-layout":"","ast-disable-related-posts":"","theme-transparent-header-meta":"","adv-header-id-meta":"","stick-header-meta":"","header-above-stick-meta":"","header-main-stick-meta":"","header-below-stick-meta":"","astra-migrate-meta-layouts":"default","ast-page-background-enabled":"default","ast-page-background-meta":{"desktop":{"background-color":"var(--ast-global-color-5)","background-image":"","background-repeat":"repeat","background-position":"center center","background-size":"auto","background-attachment":"scroll","background-type":"","background-media":"","overlay-type":"","overlay-color":"","overlay-opacity":"","overlay-gradient":""},"tablet":{"background-color":"","background-image":"","background-repeat":"repeat","background-position":"center center","background-size":"auto","background-attachment":"scroll","background-type":"","background-media":"","overlay-type":"","overlay-color":"","overlay-opacity":"","overlay-gradient":""},"mobile":{"background-color":"","background-image":"","background-repeat":"repeat","background-position":"center center","background-size":"auto","background-attachment":"scroll","background-type":"","background-media":"","overlay-type":"","overlay-color":"","overlay-opacity":"","overlay-gradient":""}},"ast-content-background-meta":{"desktop":{"background-color":"var(--ast-global-color-4)","background-image":"","background-repeat":"repeat","background-position":"center center","background-size":"auto","background-attachment":"scroll","background-type":"","background-media":"","overlay-type":"","overlay-color":"","overlay-opacity":"","overlay-gradient":""},"tablet":{"background-color":"var(--ast-global-color-4)","background-image":"","background-repeat":"repeat","background-position":"center center","background-size":"auto","background-attachment":"scroll","background-type":"","background-media":"","overlay-type":"","overlay-color":"","overlay-opacity":"","overlay-gradient":""},"mobile":{"background-color":"var(--ast-global-color-4)","background-image":"","background-repeat":"repeat","background-position":"center center","background-size":"auto","background-attachment":"scroll","background-type":"","background-media":"","overlay-type":"","overlay-color":"","overlay-opacity":"","overlay-gradient":""}},"_price":"","_stock":"","_tribe_ticket_header":"","_tribe_default_ticket_provider":"","_tribe_ticket_capacity":"0","_ticket_start_date":"","_ticket_end_date":"","_tribe_ticket_show_description":"","_tribe_ticket_show_not_going":false,"_tribe_ticket_use_global_stock":"","_tribe_ticket_global_stock_level":"","_global_stock_mode":"","_global_stock_cap":"","_tribe_rsvp_for_event":"","_tribe_ticket_going_count":"","_tribe_ticket_not_going_count":"","_tribe_tickets_list":"[]","_tribe_ticket_has_attendee_info_fields":false,"jetpack_post_was_ever_published":false,"footnotes":"","_tec_slr_enabled":"","_tec_slr_layout":""},"class_list":["post-499","page","type-page","status-publish","hentry"],"acf":[],"jetpack_sharing_enabled":true,"jetpack_shortlink":"https:\/\/wp.me\/P74Wuo-83","jetpack_likes_enabled":true,"jetpack-related-posts":[{"id":463,"url":"https:\/\/www.steenkamper.de\/index.php\/pressespiegel\/","url_meta":{"origin":499,"position":0},"title":"Pressespiegel","author":"admin","date":"17\/12\/2015","format":false,"excerpt":"Hamburger Bauheft Nr. 40 erschienen 3\/2023 Hamburger Wochenblatt vom 11.5.2023\u201eVon der Sozialutopie zur gebauten Wirklichkeit\u201c Hamburger Abendblatt 18.3.2023 Hamburger Abendblatt vom 14.11.2022 16.7.2022 Elbe Wochenblatt aus dem MieterJournal Juni 2022 Die Zeit Online schreibt am 16.6.2022 \u201eversteckt in Bahrenfeld liegt ein Bullerb\u00fc.\u201c \u201eDie Steenkampsiedlung bekommt ein Buch als Denkmal\u201c Hamburger\u2026","rel":"","context":"\u00c4hnlicher Beitrag","block_context":{"text":"\u00c4hnlicher Beitrag","link":""},"img":{"alt_text":"","src":"https:\/\/i0.wp.com\/www.steenkamper.de\/wp-content\/uploads\/2022\/03\/img_2834-1.jpg?resize=350%2C200&ssl=1","width":350,"height":200,"srcset":"https:\/\/i0.wp.com\/www.steenkamper.de\/wp-content\/uploads\/2022\/03\/img_2834-1.jpg?resize=350%2C200&ssl=1 1x, https:\/\/i0.wp.com\/www.steenkamper.de\/wp-content\/uploads\/2022\/03\/img_2834-1.jpg?resize=525%2C300&ssl=1 1.5x, https:\/\/i0.wp.com\/www.steenkamper.de\/wp-content\/uploads\/2022\/03\/img_2834-1.jpg?resize=700%2C400&ssl=1 2x"},"classes":[]},{"id":25282,"url":"https:\/\/www.steenkamper.de\/index.php\/termine-2023\/","url_meta":{"origin":499,"position":1},"title":"Termine-2023","author":"Max","date":"03\/01\/2024","format":false,"excerpt":"das war 2022 202320.1. Bingo 19h24.2. Bingo 19h25.2. \u201eHamburg\u00a0r\u00e4umt auf!\u201c 14h1.3. \u201eBahrenfeld auf Trab\u201c 18h11.3.\u00a0Square Dance 15.30h24.3. \u201eHamburger Bauheft\u201c Buchvorstellung 18h31.3. Bingo 19h15.4. \u201eGegenwarts-Werkstatt\u201c 15h26.4. Mitgliederversammlung 19h28.4. Bingo 19h30.4. Tanz in den Mai2.6. Bingo 19h18.6. Steenkampsingers,\u00a0gemeinsames Singen mit Kaffee und Kuchen 15h4.8. Bingo 19h2. & 3.9.\u00a0Sommerfest10.9. Rundgang zu den Stolpersteinen\u2026","rel":"","context":"\u00c4hnlicher Beitrag","block_context":{"text":"\u00c4hnlicher Beitrag","link":""},"img":{"alt_text":"","src":"","width":0,"height":0},"classes":[]},{"id":1085,"url":"https:\/\/www.steenkamper.de\/index.php\/hommage-an-steenkamp\/","url_meta":{"origin":499,"position":2},"title":"Hommage an Steenkamp","author":"Max","date":"06\/01\/2016","format":false,"excerpt":"\"Hommage an Steenkamp\" aus dem Steenkamper Ausgaben 2\/2010,\u00a02\/2010 und\u00a02\/2011 von Erich Riegner (aus: \u201eAuf Umwegen nach Altona\u201c) Die Kinder, mit denen ich spielte, kamen alle aus derselben Ecke, n\u00e4mlich aus Altona, genauer gesagt, Bahrenfeld, oder noch genauer: \u201eSteenkamp\u201c. Letzteres hei\u00dft auf Hochdeutsch \u201eSteinfeld\u201c bzw. \u201eSteinacker\u201c und war noch bis ins\u2026","rel":"","context":"\u00c4hnlicher Beitrag","block_context":{"text":"\u00c4hnlicher Beitrag","link":""},"img":{"alt_text":"","src":"","width":0,"height":0},"classes":[]},{"id":9254,"url":"https:\/\/www.steenkamper.de\/index.php\/steenkamp-history\/","url_meta":{"origin":499,"position":3},"title":"Steenkamp History","author":"Max","date":"20\/11\/2019","format":false,"excerpt":"Geschichtswerkstatt im Steenkampsaal Es hat sich eine neue Gruppe gebildet (2019), die sich f\u00fcr das Jubil\u00e4umsjahr auf den Weg gemacht hat, historischen Spuren und spannenden Quellen zur Geschichte der Siedlung aufzutun. Die monatlichen Treffen sind offen f\u00fcr Interessierte und sollen dem gegenseitigen Austausch und gerne auch der Weiterentwicklung und Abstimmung\u2026","rel":"","context":"\u00c4hnlicher Beitrag","block_context":{"text":"\u00c4hnlicher Beitrag","link":""},"img":{"alt_text":"","src":"https:\/\/i0.wp.com\/www.steenkamper.de\/wp-content\/uploads\/2019\/12\/logo-steenkamp-jubilaeum-KLEIN.png?resize=350%2C200&ssl=1","width":350,"height":200,"srcset":"https:\/\/i0.wp.com\/www.steenkamper.de\/wp-content\/uploads\/2019\/12\/logo-steenkamp-jubilaeum-KLEIN.png?resize=350%2C200&ssl=1 1x, https:\/\/i0.wp.com\/www.steenkamper.de\/wp-content\/uploads\/2019\/12\/logo-steenkamp-jubilaeum-KLEIN.png?resize=525%2C300&ssl=1 1.5x, https:\/\/i0.wp.com\/www.steenkamper.de\/wp-content\/uploads\/2019\/12\/logo-steenkamp-jubilaeum-KLEIN.png?resize=700%2C400&ssl=1 2x, https:\/\/i0.wp.com\/www.steenkamper.de\/wp-content\/uploads\/2019\/12\/logo-steenkamp-jubilaeum-KLEIN.png?resize=1050%2C600&ssl=1 3x"},"classes":[]},{"id":9584,"url":"https:\/\/www.steenkamper.de\/index.php\/kalenderblatt\/","url_meta":{"origin":499,"position":4},"title":"Kalenderblatt","author":"Max","date":"10\/12\/2019","format":false,"excerpt":"Spannende Siedlungsgeschichte(n): neu entdeckenKalenderbl\u00e4tter \/ Schautafeln in der SteenkampsiedlungIm Jubil\u00e4umsjahr 2020 werden an wechselnden Orten monatlich neue Tafeln mit Bildern und Texten zu jeweils einem interessanten Aspekt der Siedlungsgeschichte aufgestellt, auch mit Blick auf heute. Auf jeder Tafel soll es einen Link (QR-Code) zu weiterf\u00fchrenden Informationen und\/oder Fotos geben.Wussten Sie,\u2026","rel":"","context":"\u00c4hnlicher Beitrag","block_context":{"text":"\u00c4hnlicher Beitrag","link":""},"img":{"alt_text":"","src":"https:\/\/i0.wp.com\/www.steenkamper.de\/wp-content\/uploads\/2019\/12\/logo-steenkamp-jubilaeum-KLEIN.png?resize=350%2C200&ssl=1","width":350,"height":200,"srcset":"https:\/\/i0.wp.com\/www.steenkamper.de\/wp-content\/uploads\/2019\/12\/logo-steenkamp-jubilaeum-KLEIN.png?resize=350%2C200&ssl=1 1x, https:\/\/i0.wp.com\/www.steenkamper.de\/wp-content\/uploads\/2019\/12\/logo-steenkamp-jubilaeum-KLEIN.png?resize=525%2C300&ssl=1 1.5x, https:\/\/i0.wp.com\/www.steenkamper.de\/wp-content\/uploads\/2019\/12\/logo-steenkamp-jubilaeum-KLEIN.png?resize=700%2C400&ssl=1 2x, https:\/\/i0.wp.com\/www.steenkamper.de\/wp-content\/uploads\/2019\/12\/logo-steenkamp-jubilaeum-KLEIN.png?resize=1050%2C600&ssl=1 3x"},"classes":[]},{"id":4186,"url":"https:\/\/www.steenkamper.de\/index.php\/steenkamp-abc\/","url_meta":{"origin":499,"position":5},"title":"Steenkamp ABC","author":"Max","date":"18\/06\/2017","format":false,"excerpt":"L\u00f6sungen aus dem Steenkamper 2\/2017 - Seite 25 \"Die jungen Steenkamper\" Was alle Steenkamper*innen wissen sollten: 1.) Wie hie\u00df der Gasthof der Steenkampsiedlung? Lindenkrug Jetzt ist\u00a0in den R\u00e4umen eine Wohnung der SAGA. 2.) Wie hei\u00dft der Ort in der Siedlung, der kein Namensschild tr\u00e4gt? Vogelweide Mit der Eingemeindung zu Hamburg\u2026","rel":"","context":"\u00c4hnlicher Beitrag","block_context":{"text":"\u00c4hnlicher Beitrag","link":""},"img":{"alt_text":"Vogelweide ","src":"https:\/\/i0.wp.com\/www.steenkamper.de\/wp-content\/uploads\/2017\/06\/IMG_0100-300x225.jpg?resize=350%2C200&ssl=1","width":350,"height":200},"classes":[]}],"ticketed":false,"_links":{"self":[{"href":"https:\/\/www.steenkamper.de\/index.php\/wp-json\/wp\/v2\/pages\/499","targetHints":{"allow":["GET"]}}],"collection":[{"href":"https:\/\/www.steenkamper.de\/index.php\/wp-json\/wp\/v2\/pages"}],"about":[{"href":"https:\/\/www.steenkamper.de\/index.php\/wp-json\/wp\/v2\/types\/page"}],"author":[{"embeddable":true,"href":"https:\/\/www.steenkamper.de\/index.php\/wp-json\/wp\/v2\/users\/1"}],"replies":[{"embeddable":true,"href":"https:\/\/www.steenkamper.de\/index.php\/wp-json\/wp\/v2\/comments?post=499"}],"version-history":[{"count":5,"href":"https:\/\/www.steenkamper.de\/index.php\/wp-json\/wp\/v2\/pages\/499\/revisions"}],"predecessor-version":[{"id":1866,"href":"https:\/\/www.steenkamper.de\/index.php\/wp-json\/wp\/v2\/pages\/499\/revisions\/1866"}],"wp:attachment":[{"href":"https:\/\/www.steenkamper.de\/index.php\/wp-json\/wp\/v2\/media?parent=499"}],"curies":[{"name":"wp","href":"https:\/\/api.w.org\/{rel}","templated":true}]}}