{"id":495,"date":"2015-12-18T11:38:18","date_gmt":"2015-12-18T09:38:18","guid":{"rendered":"http:\/\/wp.steenkamper.de:8080\/?page_id=495"},"modified":"2023-04-01T17:44:40","modified_gmt":"2023-04-01T15:44:40","slug":"theater","status":"publish","type":"page","link":"https:\/\/www.steenkamper.de\/index.php\/theater\/","title":{"rendered":"Theater"},"content":{"rendered":"<p><strong>IdeenReich B\u00fchnenkunst&nbsp;<\/strong>ist seit 2012 eine neue Gruppe der Heimst\u00e4ttervereinigung e.V.<\/p>\n<p>Kontakt:&nbsp;Christiane Westphal, Tel.: 890 189 78&nbsp;<\/p>\n<p>&nbsp;<\/p>\n<p>Der Name dr\u00fcckt es aus:&nbsp;<b><i>Reich an Ideen<\/i><\/b>&nbsp;zeigen wir<b><i>&nbsp;Kunst<\/i><\/b>&nbsp;auf der B\u00fchne. Unser Interesse gilt besonders eigenen Projekten, mit denen sich alle Mitglieder identifizieren k\u00f6nnen.<\/p>\n<p>Menschen, Emotionen, Ereignisse bieten viel Raum, mit verschiedenen Spielmitteln und Darstellungsweisen Geschichten zu erz\u00e4hlen. Der Phantasie sind hierbei keine Grenzen gesetzt, ebenfalls nicht dem Ausprobieren und der vielseitigen Gestaltungsm\u00f6glichkeit der Akteure.<\/p>\n<p>Unser Interesse gilt nat\u00fcrlich auch fertigen B\u00fchnenst\u00fccken, besonders hierf\u00fcr w\u00fcnschen wir uns interessierte MitspielerInnen!<\/p>\n<p>Z.Zt. sind wir sechs aktive MitgliederInnen mit den unterschiedlichsten und auch keinen B\u00fchnen-Erfahrungen.<\/p>\n<p>Wir freuen uns \u00fcber alle F\u00e4higkeiten die neu eingebracht werden: auf der B\u00fchne, hinter der B\u00fchne,&nbsp;Maske, Kost\u00fcme und B\u00fchnenbild, Technik u.v.a.m..<\/p>\n<p>Nur Mut, wir warten besonders auf S I E \/D I C H!!<\/p>\n<p>Neugierig geworden? Alle Spielfreudigen und Ideenreiche laden wir herzlich zum Schnuppern ein!<\/p>\n<p>Jeden Freitag von 18.30h bis 21h proben wir im Steenkampsaal und freuen uns auf alle, die sich mit ihren unterschiedlichen Begabungen einbringen oder sich einfach mal ausprobieren m\u00f6chten.<\/p>\n<p>Da wir gern Zeit f\u00fcr&nbsp;\u201eNeulinge\u201c am Probenabend haben &#8211; bitte meldet euch vorher bei Christiane Westphal&nbsp;zwecks Terminabsprache.<\/p>\n<p>&nbsp;<\/p>\n<p>&nbsp;<\/p>\n<p>&nbsp;<\/p>\n","protected":false},"excerpt":{"rendered":"<p>IdeenReich B\u00fchnenkunst&nbsp;ist seit 2012 eine neue Gruppe der Heimst\u00e4ttervereinigung e.V. Kontakt:&nbsp;Christiane Westphal, Tel.: 890 189 78&nbsp; &nbsp; Der Name dr\u00fcckt es aus:&nbsp;Reich an Ideen&nbsp;zeigen wir&nbsp;Kunst&nbsp;auf der B\u00fchne. Unser Interesse gilt&#8230; <\/p>\n<p><a class=\"teaser-more\" href=\"https:\/\/www.steenkamper.de\/index.php\/theater\/\">weiter lesen<\/a><\/p>\n","protected":false},"author":1,"featured_media":0,"parent":0,"menu_order":0,"comment_status":"closed","ping_status":"closed","template":"","meta":{"_acf_changed":false,"_price":"","_stock":"","_tribe_ticket_header":"","_tribe_default_ticket_provider":"","_tribe_ticket_capacity":"0","_ticket_start_date":"","_ticket_end_date":"","_tribe_ticket_show_description":"","_tribe_ticket_show_not_going":false,"_tribe_ticket_use_global_stock":"","_tribe_ticket_global_stock_level":"","_global_stock_mode":"","_global_stock_cap":"","_tribe_rsvp_for_event":"","_tribe_ticket_going_count":"","_tribe_ticket_not_going_count":"","_tribe_tickets_list":"[]","_tribe_ticket_has_attendee_info_fields":false,"jetpack_post_was_ever_published":false,"footnotes":"","_tec_slr_enabled":"","_tec_slr_layout":""},"class_list":["post-495","page","type-page","status-publish","hentry"],"acf":[],"jetpack_sharing_enabled":true,"jetpack_shortlink":"https:\/\/wp.me\/P74Wuo-7Z","jetpack_likes_enabled":true,"jetpack-related-posts":[{"id":116,"url":"https:\/\/www.steenkamper.de\/index.php\/steenkamp-singers\/","url_meta":{"origin":495,"position":0},"title":"Steenkamp &#8211; Singers","author":"admin","date":"15\/12\/2015","format":false,"excerpt":"Jeden Dienstag ab 19:30 Uhr im Steenkampsaal Leitung und Info: Kristiana G\u00e4rtner, Tel. 899 21 88 Seit 2002 treffen wir uns zumeist regelm\u00e4\u00dfig jeden Dienstag im Steenkampsaal, um zusammen zu singen. Dabei liegt unser Schwerpunkt im Bereich Gospel. Gelegentlich singen wir auch mal etwas anderes - aber eher selten. Wir\u2026","rel":"","context":"\u00c4hnlicher Beitrag","block_context":{"text":"\u00c4hnlicher Beitrag","link":""},"img":{"alt_text":"","src":"","width":0,"height":0},"classes":[]},{"id":29043,"url":"https:\/\/www.steenkamper.de\/index.php\/ausschuss-energie\/","url_meta":{"origin":495,"position":1},"title":"AG SteenkampEnergie","author":"Petra Reimann","date":"13\/01\/2025","format":false,"excerpt":"Steenkamp Energie ist eine Gruppe von Bewohnerinnen und Bewohnern aus der Siedlung, die sich zusammengeschlossen haben, um eine gemeinsame L\u00f6sung f\u00fcr unsere zuk\u00fcnftige W\u00e4rmeversorgung zu entwickeln. Wir m\u00f6chten ein nachhaltiges und wirtschaftlich tragf\u00e4higes Konzept f\u00fcr unsere Siedlung entwickeln, das nicht nur \u00f6kologisch sinnvoll, sondern auch sozial gerecht und solidarisch gestaltet\u2026","rel":"","context":"\u00c4hnlicher Beitrag","block_context":{"text":"\u00c4hnlicher Beitrag","link":""},"img":{"alt_text":"","src":"https:\/\/i0.wp.com\/www.steenkamper.de\/wp-content\/uploads\/2025\/07\/Team_AG-SteenkampEnergie.png?resize=350%2C200&ssl=1","width":350,"height":200,"srcset":"https:\/\/i0.wp.com\/www.steenkamper.de\/wp-content\/uploads\/2025\/07\/Team_AG-SteenkampEnergie.png?resize=350%2C200&ssl=1 1x, https:\/\/i0.wp.com\/www.steenkamper.de\/wp-content\/uploads\/2025\/07\/Team_AG-SteenkampEnergie.png?resize=525%2C300&ssl=1 1.5x, https:\/\/i0.wp.com\/www.steenkamper.de\/wp-content\/uploads\/2025\/07\/Team_AG-SteenkampEnergie.png?resize=700%2C400&ssl=1 2x"},"classes":[]},{"id":29768,"url":"https:\/\/www.steenkamper.de\/index.php\/infoabend-ag-steenkampenergie\/","url_meta":{"origin":495,"position":2},"title":"Infoabend \u201eAG SteenkampEnergie\u201c","author":"Max","date":"11\/07\/2025","format":false,"excerpt":"Infoabend zur W\u00e4rmeversorgung\u00a0am 25.6.2025 Volles Haus & starke Impulse: Infoabend zur W\u00e4rmeversorgung begeistert Nachbarschaft Der Informationsabend der AG SteenkampEnergie am Mittwoch, dem 25. Juni war ein voller Erfolg \u2013 im wahrsten Sinne des Wortes: Der Steenkamp Saal war bis auf den letzten Platz gef\u00fcllt, einige G\u00e4ste verfolgten die Veranstaltung sogar\u2026","rel":"","context":"\u00c4hnlicher Beitrag","block_context":{"text":"\u00c4hnlicher Beitrag","link":""},"img":{"alt_text":"","src":"https:\/\/i0.wp.com\/www.steenkamper.de\/wp-content\/uploads\/2025\/07\/AGEnergie-scaled.png?resize=350%2C200&ssl=1","width":350,"height":200,"srcset":"https:\/\/i0.wp.com\/www.steenkamper.de\/wp-content\/uploads\/2025\/07\/AGEnergie-scaled.png?resize=350%2C200&ssl=1 1x, https:\/\/i0.wp.com\/www.steenkamper.de\/wp-content\/uploads\/2025\/07\/AGEnergie-scaled.png?resize=525%2C300&ssl=1 1.5x, https:\/\/i0.wp.com\/www.steenkamper.de\/wp-content\/uploads\/2025\/07\/AGEnergie-scaled.png?resize=700%2C400&ssl=1 2x, https:\/\/i0.wp.com\/www.steenkamper.de\/wp-content\/uploads\/2025\/07\/AGEnergie-scaled.png?resize=1050%2C600&ssl=1 3x, https:\/\/i0.wp.com\/www.steenkamper.de\/wp-content\/uploads\/2025\/07\/AGEnergie-scaled.png?resize=1400%2C800&ssl=1 4x"},"classes":[]},{"id":159,"url":"https:\/\/www.steenkamper.de\/index.php\/datenschutzerklaerung\/","url_meta":{"origin":495,"position":3},"title":"Datenschutzerkl\u00e4rung","author":"admin","date":"15\/12\/2015","format":false,"excerpt":"Aktive SteenkamperInnen bitte\u00a0hier die Einverst\u00e4ndnis der Ver\u00f6ffentlichung von Kontaktdaten\u00a0etc. als Ansprechpartner oder Kontaktperson f\u00fcr Aussch\u00fcsse, Gruppen oder andere Ehren\u00e4mter auf unserer Webseite, im Newsletter und im Steenkamper geben. Foto- und Filmaufnahmen \u00a0\u00a0\u00a0 W\u00e4hrend unseren Veranstaltungen wird fotografiert und gefilmt. Das Foto- und Filmmaterial wird von der Heimst\u00e4ttervereinigung zu Zwecken der\u2026","rel":"","context":"\u00c4hnlicher Beitrag","block_context":{"text":"\u00c4hnlicher Beitrag","link":""},"img":{"alt_text":"","src":"","width":0,"height":0},"classes":[]},{"id":142,"url":"https:\/\/www.steenkamper.de\/index.php\/eigentuemer-info\/","url_meta":{"origin":495,"position":4},"title":"Eigent\u00fcmer Info","author":"admin","date":"15\/12\/2015","format":false,"excerpt":"Grundlegendes Ziel der Heimst\u00e4ttervereinigung Steenkamp e.V. ist die Pflege der Nachbarschaft, des Miteinanders aller ihrer Bewohner. Dies geschieht unter anderem durch die Verwaltung und Pflege des Steenkampsaales, der gemeinschaftliche Aktionen im geschlossenen Raum erm\u00f6glicht. Aber auch durch die Veranstaltung unserer vielen Festivit\u00e4ten (Sommerfest, Ausstellungen, Informationsveranstaltungen, Familienkino,\u00a0Steenkampsalon,\u00a0...). Durch den Erwerb unserer\u2026","rel":"","context":"\u00c4hnlicher Beitrag","block_context":{"text":"\u00c4hnlicher Beitrag","link":""},"img":{"alt_text":"","src":"","width":0,"height":0},"classes":[]},{"id":29404,"url":"https:\/\/www.steenkamper.de\/index.php\/die-steenkampsiedlung-unter-schutz\/","url_meta":{"origin":495,"position":5},"title":"Die Steenkampsiedlung unter Schutz","author":"Max","date":"24\/05\/2025","format":false,"excerpt":"Gemeinsam erhalten, was uns verbindet Ein Ort mit Charakter \u2013 und einer starken Gemeinschaft Die Steenkampsiedlung ist mehr als nur ein Wohnviertel im Hamburger Westen. Sie ist ein St\u00fcck Stadtgeschichte, ein Ort gelebter Nachbarschaft und ein architektonisches Kleinod mitten in Bahrenfeld. Damit dieser besondere Charakter auch f\u00fcr kommende Generationen erhalten\u2026","rel":"","context":"\u00c4hnlicher Beitrag","block_context":{"text":"\u00c4hnlicher Beitrag","link":""},"img":{"alt_text":"","src":"https:\/\/i0.wp.com\/www.steenkamper.de\/wp-content\/uploads\/2019\/04\/StmJahns4.jpg?fit=1200%2C764&ssl=1&resize=350%2C200","width":350,"height":200,"srcset":"https:\/\/i0.wp.com\/www.steenkamper.de\/wp-content\/uploads\/2019\/04\/StmJahns4.jpg?fit=1200%2C764&ssl=1&resize=350%2C200 1x, https:\/\/i0.wp.com\/www.steenkamper.de\/wp-content\/uploads\/2019\/04\/StmJahns4.jpg?fit=1200%2C764&ssl=1&resize=525%2C300 1.5x, https:\/\/i0.wp.com\/www.steenkamper.de\/wp-content\/uploads\/2019\/04\/StmJahns4.jpg?fit=1200%2C764&ssl=1&resize=700%2C400 2x, https:\/\/i0.wp.com\/www.steenkamper.de\/wp-content\/uploads\/2019\/04\/StmJahns4.jpg?fit=1200%2C764&ssl=1&resize=1050%2C600 3x"},"classes":[]}],"ticketed":false,"_links":{"self":[{"href":"https:\/\/www.steenkamper.de\/index.php\/wp-json\/wp\/v2\/pages\/495","targetHints":{"allow":["GET"]}}],"collection":[{"href":"https:\/\/www.steenkamper.de\/index.php\/wp-json\/wp\/v2\/pages"}],"about":[{"href":"https:\/\/www.steenkamper.de\/index.php\/wp-json\/wp\/v2\/types\/page"}],"author":[{"embeddable":true,"href":"https:\/\/www.steenkamper.de\/index.php\/wp-json\/wp\/v2\/users\/1"}],"replies":[{"embeddable":true,"href":"https:\/\/www.steenkamper.de\/index.php\/wp-json\/wp\/v2\/comments?post=495"}],"version-history":[{"count":10,"href":"https:\/\/www.steenkamper.de\/index.php\/wp-json\/wp\/v2\/pages\/495\/revisions"}],"predecessor-version":[{"id":22987,"href":"https:\/\/www.steenkamper.de\/index.php\/wp-json\/wp\/v2\/pages\/495\/revisions\/22987"}],"wp:attachment":[{"href":"https:\/\/www.steenkamper.de\/index.php\/wp-json\/wp\/v2\/media?parent=495"}],"curies":[{"name":"wp","href":"https:\/\/api.w.org\/{rel}","templated":true}]}}