{"id":43,"date":"2015-12-14T16:00:21","date_gmt":"2015-12-14T14:00:21","guid":{"rendered":"https:\/\/steenkamper.wordpress.com\/?page_id=43"},"modified":"2024-09-04T14:00:11","modified_gmt":"2024-09-04T12:00:11","slug":"download","status":"publish","type":"page","link":"https:\/\/www.steenkamper.de\/index.php\/download\/","title":{"rendered":"Download"},"content":{"rendered":"<p>Satzung der Heimst\u00e4ttervereinigung<\/p>\n<p><a href=\"https:\/\/www.hamburg.de\/resource\/blob\/52242\/37bf43c42d65a74da922412c30694e4e\/steenkamp-vo-data.pdf\" target=\"_blank\" rel=\"noopener\">Erhaltungs- und Gestaltungsverordnung<\/a><\/p>\n<p>Antrag auf Mitgliedschaft<\/p>\n<p><a href=\"https:\/\/www.steenkamper.de\/wp-content\/uploads\/2019\/12\/Einverst%C3%A4ndniserkl%C3%A4rungDSGVO.pdf\">Einverst\u00e4ndniserkl\u00e4rung f\u00fcr Ver\u00f6ffentlichung von Kontaktdaten von Mitgliedern<\/a><br \/>\n<a href=\"https:\/\/www.steenkamper.de\/index.php\/einverstandniserklaerung\/\">oder online Formular<\/a><\/p>\n<p><a href=\"https:\/\/www.steenkamper.de\/wp-content\/uploads\/2019\/12\/Rechteeinr%C3%A4umung.pdf\">Rechteerkl\u00e4rung f\u00fcr Ver\u00f6ffentlichungen<\/a><br \/>\n<a href=\"https:\/\/www.steenkamper.de\/index.php\/rechteeinraeumung\/\">oder online Formular<\/a><\/p>\n<p><a href=\"https:\/\/www.steenkamper.de\/wp-content\/uploads\/2021\/01\/Rechteabtretung-Festschrift.pdf\" target=\"_blank\" rel=\"noopener\">Rechteabtretung f\u00fcr die Festschrift &#8220;100 Jahre Steenkamp&#8221;<\/a><\/p>\n<p>Steenkamper Nachbarschaftsplan:<br \/>\n<a href=\"https:\/\/i0.wp.com\/www.steenkamper.de\/wp-content\/uploads\/2021\/02\/Nachbarschaftsplan2021-2-scaled.jpg?ssl=1\" target=\"_blank\" rel=\"noopener\"><img data-recalc-dims=\"1\" fetchpriority=\"high\" decoding=\"async\" data-attachment-id=\"14621\" data-permalink=\"https:\/\/www.steenkamper.de\/index.php\/steenkamper-medien\/nachbarschaftsplan2021-2\/\" data-orig-file=\"https:\/\/i0.wp.com\/www.steenkamper.de\/wp-content\/uploads\/2021\/02\/Nachbarschaftsplan2021-2-scaled.jpg?fit=2560%2C1810&amp;ssl=1\" data-orig-size=\"2560,1810\" data-comments-opened=\"1\" data-image-meta=\"{&quot;aperture&quot;:&quot;0&quot;,&quot;credit&quot;:&quot;&quot;,&quot;camera&quot;:&quot;&quot;,&quot;caption&quot;:&quot;&quot;,&quot;created_timestamp&quot;:&quot;0&quot;,&quot;copyright&quot;:&quot;&quot;,&quot;focal_length&quot;:&quot;0&quot;,&quot;iso&quot;:&quot;0&quot;,&quot;shutter_speed&quot;:&quot;0&quot;,&quot;title&quot;:&quot;&quot;,&quot;orientation&quot;:&quot;1&quot;}\" data-image-title=\"Nachbarschaftsplan2021-2\" data-image-description=\"\" data-image-caption=\"&lt;p&gt;Copyright \u00a9 2021 HEIMST\u00c4TTERVEREINIGUNG STEENKAMP E.V.&lt;\/p&gt;\n\" data-large-file=\"https:\/\/i0.wp.com\/www.steenkamper.de\/wp-content\/uploads\/2021\/02\/Nachbarschaftsplan2021-2-scaled.jpg?fit=750%2C530&amp;ssl=1\" src=\"https:\/\/i0.wp.com\/www.steenkamper.de\/wp-content\/uploads\/2021\/02\/Nachbarschaftsplan2021-2.jpg?resize=300%2C212&#038;ssl=1\" class=\"alignnone size-medium wp-image-14621\" width=\"300\" height=\"212\" alt=\"\" srcset=\"https:\/\/i0.wp.com\/www.steenkamper.de\/wp-content\/uploads\/2021\/02\/Nachbarschaftsplan2021-2-scaled.jpg?resize=300%2C212&amp;ssl=1 300w, https:\/\/i0.wp.com\/www.steenkamper.de\/wp-content\/uploads\/2021\/02\/Nachbarschaftsplan2021-2-scaled.jpg?resize=1024%2C724&amp;ssl=1 1024w, https:\/\/i0.wp.com\/www.steenkamper.de\/wp-content\/uploads\/2021\/02\/Nachbarschaftsplan2021-2-scaled.jpg?resize=768%2C543&amp;ssl=1 768w, https:\/\/i0.wp.com\/www.steenkamper.de\/wp-content\/uploads\/2021\/02\/Nachbarschaftsplan2021-2-scaled.jpg?resize=1536%2C1086&amp;ssl=1 1536w, https:\/\/i0.wp.com\/www.steenkamper.de\/wp-content\/uploads\/2021\/02\/Nachbarschaftsplan2021-2-scaled.jpg?resize=2048%2C1448&amp;ssl=1 2048w, https:\/\/i0.wp.com\/www.steenkamper.de\/wp-content\/uploads\/2021\/02\/Nachbarschaftsplan2021-2-scaled.jpg?resize=450%2C318&amp;ssl=1 450w, https:\/\/i0.wp.com\/www.steenkamper.de\/wp-content\/uploads\/2021\/02\/Nachbarschaftsplan2021-2-scaled.jpg?resize=1000%2C707&amp;ssl=1 1000w, https:\/\/i0.wp.com\/www.steenkamper.de\/wp-content\/uploads\/2021\/02\/Nachbarschaftsplan2021-2-scaled.jpg?w=2250&amp;ssl=1 2250w\" sizes=\"(max-width: 300px) 100vw, 300px\" \/><\/a><br \/>\n<em>Copyright \u00a9 2021 HEIMST\u00c4TTERVEREINIGUNG STEENKAMP E.V.<\/em><\/p>\n","protected":false},"excerpt":{"rendered":"<p>Satzung der Heimst\u00e4ttervereinigung Erhaltungs- und Gestaltungsverordnung Antrag auf Mitgliedschaft Einverst\u00e4ndniserkl\u00e4rung f\u00fcr Ver\u00f6ffentlichung von Kontaktdaten von Mitgliedern oder online Formular Rechteerkl\u00e4rung f\u00fcr Ver\u00f6ffentlichungen oder online Formular Rechteabtretung f\u00fcr die Festschrift &#8220;100&#8230; <\/p>\n<p><a class=\"teaser-more\" href=\"https:\/\/www.steenkamper.de\/index.php\/download\/\">weiter lesen<\/a><\/p>\n","protected":false},"author":1,"featured_media":0,"parent":0,"menu_order":5,"comment_status":"closed","ping_status":"closed","template":"","meta":{"_acf_changed":false,"_price":"","_stock":"","_tribe_ticket_header":"","_tribe_default_ticket_provider":"","_tribe_ticket_capacity":"0","_ticket_start_date":"","_ticket_end_date":"","_tribe_ticket_show_description":"","_tribe_ticket_show_not_going":false,"_tribe_ticket_use_global_stock":"","_tribe_ticket_global_stock_level":"","_global_stock_mode":"","_global_stock_cap":"","_tribe_rsvp_for_event":"","_tribe_ticket_going_count":"","_tribe_ticket_not_going_count":"","_tribe_tickets_list":"[]","_tribe_ticket_has_attendee_info_fields":false,"jetpack_post_was_ever_published":false,"footnotes":"","_tec_slr_enabled":"","_tec_slr_layout":""},"class_list":["post-43","page","type-page","status-publish","hentry"],"acf":[],"jetpack_sharing_enabled":false,"jetpack_shortlink":"https:\/\/wp.me\/P74Wuo-H","jetpack_likes_enabled":true,"jetpack-related-posts":[{"id":6483,"url":"https:\/\/www.steenkamper.de\/index.php\/einverstandniserklaerung\/","url_meta":{"origin":43,"position":0},"title":"Einverstandniserkl\u00e4rung","author":"Max","date":"24\/05\/2018","format":false,"excerpt":"Wir brauchen als Heimst\u00e4ttervereinigung Steenkamp e.V. von allen Kontaktpersonen und Ansprechpartnern zu Aussch\u00fcssen, Gruppen und anderen Ehren\u00e4mtern die Einwilligung von den betreffenden Personen zur Ver\u00f6ffentlichung von Kontaktdaten. Das schreibt die europ\u00e4ische\u00a0Datenschutzgrundverordnung (DSGVO) vor. Bitte f\u00fcllt das Formular unten aus und entscheidet euch welche Kontaktdaten ver\u00f6ffentlicht werden d\u00fcrfen und welche nicht.\u2026","rel":"","context":"\u00c4hnlicher Beitrag","block_context":{"text":"\u00c4hnlicher Beitrag","link":""},"img":{"alt_text":"","src":"","width":0,"height":0},"classes":[]},{"id":30674,"url":"https:\/\/www.steenkamper.de\/index.php\/waermepumpenbedarf\/","url_meta":{"origin":43,"position":1},"title":"(W\u00e4rmenetz)-W\u00e4rmepumpen Bedarfsermittlung","author":"Max","date":"02\/12\/2025","format":false,"excerpt":"TEST SEITE \u2026 NOCH NICHT IN OFFIZIELLER BENUTZUNG!! Wir wollen rausfinden wo die Idee von einem Erdw\u00e4rmenetz den gr\u00f6\u00dften auf das Interesse st\u00f6\u00dft. Wer hat wo Interesse? Bitte tragt euren Standort (Adresse) in die Karte ein, so bekommen wir alle einen \u00dcberblick wo und wieviele W\u00e4rmepumpen wir vernetzen k\u00f6nnen. Dr\u00fccke\u2026","rel":"","context":"\u00c4hnlicher Beitrag","block_context":{"text":"\u00c4hnlicher Beitrag","link":""},"img":{"alt_text":"","src":"","width":0,"height":0},"classes":[]},{"id":2765,"url":"https:\/\/www.steenkamper.de\/index.php\/help\/","url_meta":{"origin":43,"position":2},"title":"HELP","author":"Max","date":"02\/11\/2016","format":false,"excerpt":"\u00a0 for REFUGEES HELP \u2013 ein schwarzes Brett f\u00fcr die Steenkamper Fl\u00fcchtlingshilfe Die Onlineplattform \u201eHelp\u201c wurde zum Januar 2018 eingestellt. Die daran gekn\u00fcpften Erwartungen haben sich nicht best\u00e4tigt.\u00a0 In der Unterkunft in der Notkestra\u00dfe 25 wohnen derzeit ca. 650 Gefl\u00fcchtete, davon 170 Kinder, \u00fcberwiegend aus Syrien, Afghanistan, Iran, Irak und\u2026","rel":"","context":"\u00c4hnlicher Beitrag","block_context":{"text":"\u00c4hnlicher Beitrag","link":""},"img":{"alt_text":"img_4712","src":"https:\/\/i0.wp.com\/wp.steenkamper.de\/wp-content\/uploads\/2016\/09\/img_4712-300x163.jpg?resize=350%2C200","width":350,"height":200},"classes":[]},{"id":17287,"url":"https:\/\/www.steenkamper.de\/index.php\/widerrufsbelehrung\/","url_meta":{"origin":43,"position":3},"title":"Widerrufsbelehrung","author":"admin","date":"19\/11\/2021","format":false,"excerpt":"Widerrufsbelehrung \/ Widerrufsrecht Sie haben das Recht, binnen vierzehn Tagen ohne Angabe von Gr\u00fcnden diesen Vertrag zu widerrufen.\u00a0 Die Widerrufsfrist betr\u00e4gt vierzehn Tage, ab dem Tag, an dem Sie oder ein von Ihnen benannter Dritter, der nicht der Bef\u00f6rderer ist, die Waren in Besitz genommen haben bzw. hat. Um Ihr\u2026","rel":"","context":"\u00c4hnlicher Beitrag","block_context":{"text":"\u00c4hnlicher Beitrag","link":""},"img":{"alt_text":"","src":"","width":0,"height":0},"classes":[]},{"id":257,"url":"https:\/\/www.steenkamper.de\/index.php\/mitglied-werden\/","url_meta":{"origin":43,"position":4},"title":"Mitglied werden","author":"Max","date":"15\/12\/2015","format":false,"excerpt":"Du bist gern dabei \u2013 willst Du nicht auch dazugeh\u00f6ren? Du genie\u00dft das Sommerfest auf der Vogelweide, machst mit bei unseren Quizabenden oder tanzt mit in den Mai?Dann kennst Du schon das Herz der Steenkampsiedlung \u2013 unsere lebendige Nachbarschaft. Vielleicht ist jetzt genau der richtige Moment, offiziell Teil davon zu\u2026","rel":"","context":"\u00c4hnlicher Beitrag","block_context":{"text":"\u00c4hnlicher Beitrag","link":""},"img":{"alt_text":"","src":"","width":0,"height":0},"classes":[]},{"id":17286,"url":"https:\/\/www.steenkamper.de\/index.php\/agb\/","url_meta":{"origin":43,"position":5},"title":"AGB","author":"admin","date":"19\/11\/2021","format":false,"excerpt":"Allgemeine Gesch\u00e4ftsbedingungen der Heimst\u00e4ttervereinigung Steenkamp e.V. f\u00fcr den Online-Shop \u00a71 Geltung gegen\u00fcber Unternehmern und Begriffsdefinitionen(1) Die nachfolgenden Allgemeinen Gesch\u00e4ftbedingungen gelten f\u00fcr alle Lieferungen zwischen uns und einem Verbraucher in ihrer zum Zeitpunkt der Bestellung g\u00fcltigen Fassung. Verbraucher ist jede nat\u00fcrliche Person, die ein Rechtsgesch\u00e4ft zu Zwecken abschlie\u00dft, die \u00fcberwiegend weder\u2026","rel":"","context":"\u00c4hnlicher Beitrag","block_context":{"text":"\u00c4hnlicher Beitrag","link":""},"img":{"alt_text":"","src":"","width":0,"height":0},"classes":[]}],"ticketed":false,"_links":{"self":[{"href":"https:\/\/www.steenkamper.de\/index.php\/wp-json\/wp\/v2\/pages\/43","targetHints":{"allow":["GET"]}}],"collection":[{"href":"https:\/\/www.steenkamper.de\/index.php\/wp-json\/wp\/v2\/pages"}],"about":[{"href":"https:\/\/www.steenkamper.de\/index.php\/wp-json\/wp\/v2\/types\/page"}],"author":[{"embeddable":true,"href":"https:\/\/www.steenkamper.de\/index.php\/wp-json\/wp\/v2\/users\/1"}],"replies":[{"embeddable":true,"href":"https:\/\/www.steenkamper.de\/index.php\/wp-json\/wp\/v2\/comments?post=43"}],"version-history":[{"count":31,"href":"https:\/\/www.steenkamper.de\/index.php\/wp-json\/wp\/v2\/pages\/43\/revisions"}],"predecessor-version":[{"id":28681,"href":"https:\/\/www.steenkamper.de\/index.php\/wp-json\/wp\/v2\/pages\/43\/revisions\/28681"}],"wp:attachment":[{"href":"https:\/\/www.steenkamper.de\/index.php\/wp-json\/wp\/v2\/media?parent=43"}],"curies":[{"name":"wp","href":"https:\/\/api.w.org\/{rel}","templated":true}]}}