{"id":35384,"date":"2026-04-20T17:49:27","date_gmt":"2026-04-20T15:49:27","guid":{"rendered":"https:\/\/www.steenkamper.de\/?page_id=35384"},"modified":"2026-04-20T17:52:55","modified_gmt":"2026-04-20T15:52:55","slug":"kassen","status":"publish","type":"page","link":"https:\/\/www.steenkamper.de\/index.php\/kassen\/","title":{"rendered":"Kasse \/ Bankverbindung"},"content":{"rendered":"\n<p>Auslagenerstattungen: <br>Bitte auf die Belege ab 100\u20ac den Namen und die Adresse des Vereins.<br>per Mail mit IBAN und Verwendungszweck an: <a href=\"mailto:kasse@steenkamper.de\">kasse(at)steenkamper.de<\/a><\/p>\n\n\n\n<p><strong>1. Kassiererin&nbsp;&nbsp;<br><\/strong>Meike Johannsen<br>Tel.: 0177 4463168<br><a href=\"mailto:kasse@steenkamper.de\">kasse(at)steenkamper.de<\/a><\/p>\n\n\n\n<p><strong>IBAN: DE81 200 505 50 107 821 05 13<\/strong><\/p>\n\n\n\n<figure class=\"wp-block-image is-resized\"><a href=\"https:\/\/i0.wp.com\/www.steenkamper.de\/wp-content\/uploads\/2020\/09\/qrIBAN.jpg?ssl=1\"><img fetchpriority=\"high\" decoding=\"async\" width=\"835\" height=\"845\" data-attachment-id=\"11949\" data-permalink=\"https:\/\/www.steenkamper.de\/index.php\/kontakt\/qriban\/\" data-orig-file=\"https:\/\/i0.wp.com\/www.steenkamper.de\/wp-content\/uploads\/2020\/09\/qrIBAN.jpg?fit=835%2C845&amp;ssl=1\" data-orig-size=\"835,845\" data-comments-opened=\"1\" data-image-meta=\"{&quot;aperture&quot;:&quot;0&quot;,&quot;credit&quot;:&quot;&quot;,&quot;camera&quot;:&quot;&quot;,&quot;caption&quot;:&quot;&quot;,&quot;created_timestamp&quot;:&quot;0&quot;,&quot;copyright&quot;:&quot;&quot;,&quot;focal_length&quot;:&quot;0&quot;,&quot;iso&quot;:&quot;0&quot;,&quot;shutter_speed&quot;:&quot;0&quot;,&quot;title&quot;:&quot;&quot;,&quot;orientation&quot;:&quot;1&quot;}\" data-image-title=\"qrIBAN\" data-image-description=\"\" data-image-caption=\"&lt;p&gt;Giro-Code IBAN&lt;\/p&gt;\n\" data-large-file=\"https:\/\/i0.wp.com\/www.steenkamper.de\/wp-content\/uploads\/2020\/09\/qrIBAN.jpg?fit=750%2C759&amp;ssl=1\" src=\"https:\/\/i0.wp.com\/www.steenkamper.de\/wp-content\/uploads\/2020\/09\/qrIBAN.jpg?resize=296%2C300&amp;ssl=1\" alt=\"\" class=\"wp-image-11949\" style=\"width:208px;height:auto\" srcset=\"https:\/\/i0.wp.com\/www.steenkamper.de\/wp-content\/uploads\/2020\/09\/qrIBAN.jpg?w=835&amp;ssl=1 835w, https:\/\/i0.wp.com\/www.steenkamper.de\/wp-content\/uploads\/2020\/09\/qrIBAN.jpg?resize=296%2C300&amp;ssl=1 296w, https:\/\/i0.wp.com\/www.steenkamper.de\/wp-content\/uploads\/2020\/09\/qrIBAN.jpg?resize=768%2C777&amp;ssl=1 768w, https:\/\/i0.wp.com\/www.steenkamper.de\/wp-content\/uploads\/2020\/09\/qrIBAN.jpg?resize=500%2C506&amp;ssl=1 500w, https:\/\/i0.wp.com\/www.steenkamper.de\/wp-content\/uploads\/2020\/09\/qrIBAN.jpg?resize=450%2C455&amp;ssl=1 450w, https:\/\/i0.wp.com\/www.steenkamper.de\/wp-content\/uploads\/2020\/09\/qrIBAN.jpg?resize=80%2C80&amp;ssl=1 80w, https:\/\/i0.wp.com\/www.steenkamper.de\/wp-content\/uploads\/2020\/09\/qrIBAN.jpg?resize=741%2C750&amp;ssl=1 741w\" sizes=\"(max-width: 750px) 100vw, 750px\" \/><\/a><figcaption class=\"wp-element-caption\"><em>QR-Code IBAN Heimst\u00e4ttervereinigung Steenkamp e.V.<\/em><\/figcaption><\/figure>\n\n\n\n<p><strong>2. Kassierer &amp; Mitgliederangelegenheiten<\/strong><br>Jan Meybek<br><a href=\"mailto:heimstaette@meybek.de\" target=\"_blank\" rel=\"noreferrer noopener\">heimstaette(at)meybek.de<\/a><br>Tel.: 4606 3379<\/p>\n","protected":false},"excerpt":{"rendered":"<p>Auslagenerstattungen: Bitte auf die Belege ab 100\u20ac den Namen und die Adresse des Vereins.per Mail mit IBAN und Verwendungszweck an: kasse(at)steenkamper.de 1. Kassiererin&nbsp;&nbsp;Meike JohannsenTel.: 0177 4463168kasse(at)steenkamper.de IBAN: DE81 200 505&#8230; <\/p>\n<p><a class=\"teaser-more\" href=\"https:\/\/www.steenkamper.de\/index.php\/kassen\/\">weiter lesen<\/a><\/p>\n","protected":false},"author":6,"featured_media":0,"parent":0,"menu_order":0,"comment_status":"closed","ping_status":"closed","template":"","meta":{"_acf_changed":false,"_price":"","_stock":"","_tribe_ticket_header":"","_tribe_default_ticket_provider":"","_tribe_ticket_capacity":"0","_ticket_start_date":"","_ticket_end_date":"","_tribe_ticket_show_description":"","_tribe_ticket_show_not_going":false,"_tribe_ticket_use_global_stock":"","_tribe_ticket_global_stock_level":"","_global_stock_mode":"","_global_stock_cap":"","_tribe_rsvp_for_event":"","_tribe_ticket_going_count":"","_tribe_ticket_not_going_count":"","_tribe_tickets_list":"[]","_tribe_ticket_has_attendee_info_fields":false,"jetpack_post_was_ever_published":false,"footnotes":"","_tec_slr_enabled":"","_tec_slr_layout":""},"class_list":["post-35384","page","type-page","status-publish","hentry"],"acf":[],"jetpack_sharing_enabled":true,"jetpack_shortlink":"https:\/\/wp.me\/P74Wuo-9cI","jetpack_likes_enabled":true,"jetpack-related-posts":[{"id":11952,"url":"https:\/\/www.steenkamper.de\/index.php\/spenden\/","url_meta":{"origin":35384,"position":0},"title":"SPENDEN","author":"Max","date":"18\/09\/2020","format":false,"excerpt":"Unser Verein freut sich \u00fcber Spenden, die unsere umfangreiche Nachbarschaftsarbeit unterst\u00fctzen. Oder Sie werden F\u00f6rdermitglied oder Sie f\u00f6rdern das Erscheinen unserer Vereinszeitung Der Steenkamper, indem Sie eine Anzeige schalten und als F\u00f6rderer des Vereins auf unserer Webseite genannt werden. Leider ist die Heimst\u00e4ttervereinigung Steenkamp e.V. nicht als gemeinn\u00fctziger Verein eingetragen,\u2026","rel":"","context":"\u00c4hnlicher Beitrag","block_context":{"text":"\u00c4hnlicher Beitrag","link":""},"img":{"alt_text":"","src":"https:\/\/i0.wp.com\/www.steenkamper.de\/wp-content\/uploads\/2020\/09\/qrIBAN.jpg?resize=350%2C200&ssl=1","width":350,"height":200,"srcset":"https:\/\/i0.wp.com\/www.steenkamper.de\/wp-content\/uploads\/2020\/09\/qrIBAN.jpg?resize=350%2C200&ssl=1 1x, https:\/\/i0.wp.com\/www.steenkamper.de\/wp-content\/uploads\/2020\/09\/qrIBAN.jpg?resize=525%2C300&ssl=1 1.5x, https:\/\/i0.wp.com\/www.steenkamper.de\/wp-content\/uploads\/2020\/09\/qrIBAN.jpg?resize=700%2C400&ssl=1 2x"},"classes":[]},{"id":613,"url":"https:\/\/www.steenkamper.de\/index.php\/kontakt\/","url_meta":{"origin":35384,"position":1},"title":"Kontakt","author":"admin","date":"22\/12\/2015","format":false,"excerpt":"Heimst\u00e4ttervereinigung Steenkamp e. V.Steenkamp 3722607 Hamburg Vorstandvorstand(at)steenkamper.de(Email Verteiler an alle Vorstandsmitglieder)1. Vorsitzende: Silke Faber 1. Kassiererin\u00a0\u00a0Meike JohannsenTel.: 0177 4463168kasse(at)steenkamper.de IBAN: DE81 200 505 50 107 821 05 13 QR-Code IBAN Heimst\u00e4ttervereinigung Steenkamp e.V. 2. Kassierer & MitgliederangelegenheitenJan Meybekheimstaette(at)meybek.deTel.: 4606 3379 Aussch\u00fcsse \/ AGs\u00a0 regelm\u00e4ssige Gruppen im Steenkampsaal Saalvermietungen\/SaalverwaltungTel. 0176 21065400Claus\u2026","rel":"","context":"\u00c4hnlicher Beitrag","block_context":{"text":"\u00c4hnlicher Beitrag","link":""},"img":{"alt_text":"","src":"https:\/\/i0.wp.com\/www.steenkamper.de\/wp-content\/uploads\/2020\/09\/qrIBAN.jpg?resize=350%2C200&ssl=1","width":350,"height":200,"srcset":"https:\/\/i0.wp.com\/www.steenkamper.de\/wp-content\/uploads\/2020\/09\/qrIBAN.jpg?resize=350%2C200&ssl=1 1x, https:\/\/i0.wp.com\/www.steenkamper.de\/wp-content\/uploads\/2020\/09\/qrIBAN.jpg?resize=525%2C300&ssl=1 1.5x, https:\/\/i0.wp.com\/www.steenkamper.de\/wp-content\/uploads\/2020\/09\/qrIBAN.jpg?resize=700%2C400&ssl=1 2x"},"classes":[]},{"id":20,"url":"https:\/\/www.steenkamper.de\/index.php\/verein\/","url_meta":{"origin":35384,"position":2},"title":"Verein","author":"admin","date":"14\/12\/2015","format":false,"excerpt":"Die Heimst\u00e4ttervereinigung Steenkamp e.V. ist die Keimzelle der Steenkampsiedlung und der SAGA. Seit Bestehen des Vereines (1920) ist Ihr Sinn und Zweck in der Satzung fest gelegt:\u00a0 \u201cDer Verein will durch den Zusammenschluss der Heimst\u00e4tter und Heimst\u00e4tterinnen in der Siedlung Steenkamp eine gemeinsame Interessenvertretung der Mieter und Mieterinnen, der Eigent\u00fcmer\u2026","rel":"","context":"\u00c4hnlicher Beitrag","block_context":{"text":"\u00c4hnlicher Beitrag","link":""},"img":{"alt_text":"","src":"https:\/\/i1.wp.com\/www.steenkamper.de\/wp-content\/uploads\/2020\/09\/qrIBAN.jpg?resize=350%2C200&ssl=1","width":350,"height":200},"classes":[]},{"id":167,"url":"https:\/\/www.steenkamper.de\/index.php\/der-steenkamper\/","url_meta":{"origin":35384,"position":3},"title":"Der Steenkamper","author":"admin","date":"15\/12\/2015","format":false,"excerpt":"Zweimal im Jahr gibt die Heimst\u00e4ttervereinigung ihre Mitgliederzeitung mit dem Titel \u201eDer Steenkamper\u201c mit einer Auflage von 1.500 St\u00fcck heraus. Diese wird in der Nachbarschaft kostenlos an alle Haushalte verteilt und liegt auch in verschiedenen Gesch\u00e4ften in der Umgebung aus. Seit 2019 auf Recyclingpapier:\u00a0 Hier der Link zur Helfer*innen-Liste f\u00fcr\u2026","rel":"","context":"\u00c4hnlicher Beitrag","block_context":{"text":"\u00c4hnlicher Beitrag","link":""},"img":{"alt_text":"","src":"https:\/\/i0.wp.com\/www.steenkamper.de\/wp-content\/uploads\/2017\/07\/2_2017-2-e1500232746131-300x172.jpg?resize=350%2C200&ssl=1","width":350,"height":200},"classes":[]},{"id":21903,"url":"https:\/\/www.steenkamper.de\/index.php\/saal-buchen\/","url_meta":{"origin":35384,"position":4},"title":"Saal buchen","author":"Max","date":"13\/12\/2022","format":false,"excerpt":"Fragen beantworten & Termin Anfragen Nutzungsvertrag downloaden, ausf\u00fcllen und abschicken Termin mit dem Saalverwalter Fragen beantworten Termin Anfrage Datenschutzerkl\u00e4rung\u00a0der Heimst\u00e4ttervereinigung Steenkamp e.V. Vertrag ausf\u00fcllen Vertrag hier online ausf\u00fcllen, speichern und per Mail an den Saalverwalter oder ausdrucken und zum Termin mitbringen. Vertrag als PDF ausf\u00fcllen Vertrag per Mail an:\u00a0Claus.Thiele(at)steenkamper.de Termin\u2026","rel":"","context":"\u00c4hnlicher Beitrag","block_context":{"text":"\u00c4hnlicher Beitrag","link":""},"img":{"alt_text":"","src":"https:\/\/i0.wp.com\/www.steenkamper.de\/wp-content\/uploads\/2022\/12\/Zahl3.png?resize=350%2C200&ssl=1","width":350,"height":200,"srcset":"https:\/\/i0.wp.com\/www.steenkamper.de\/wp-content\/uploads\/2022\/12\/Zahl3.png?resize=350%2C200&ssl=1 1x, https:\/\/i0.wp.com\/www.steenkamper.de\/wp-content\/uploads\/2022\/12\/Zahl3.png?resize=525%2C300&ssl=1 1.5x"},"classes":[]},{"id":90,"url":"https:\/\/www.steenkamper.de\/index.php\/impressum\/","url_meta":{"origin":35384,"position":5},"title":"Impressum","author":"admin","date":"15\/12\/2015","format":false,"excerpt":"Angaben gem\u00e4\u00df \u00a7 5 TMG: Betreiber dieser Website\u00a0ist die: Heimst\u00e4ttervereinigung Steenkamp e. V. Steenkamp 37 22607 Hamburg Vertreten durch: 1. Vorsitzende Silke Faber 2. Vorsitzender Lars Kohlmorgen Vorstandsmitglieder: siehe: https:\/\/www.steenkamper.de\/index.php\/vorstand Kontakt: E-Mail:\u00a0vorstand(at)steenkamper.de Bankverbindung: HASPA BLZ 200 505 50\u00a0Konto: 107810513 BIC: HASPDEHHXXX \u00a0 \u00a0IBAN: DE81 200 505 50 107 821 05\u2026","rel":"","context":"\u00c4hnlicher Beitrag","block_context":{"text":"\u00c4hnlicher Beitrag","link":""},"img":{"alt_text":"","src":"","width":0,"height":0},"classes":[]}],"ticketed":false,"_links":{"self":[{"href":"https:\/\/www.steenkamper.de\/index.php\/wp-json\/wp\/v2\/pages\/35384","targetHints":{"allow":["GET"]}}],"collection":[{"href":"https:\/\/www.steenkamper.de\/index.php\/wp-json\/wp\/v2\/pages"}],"about":[{"href":"https:\/\/www.steenkamper.de\/index.php\/wp-json\/wp\/v2\/types\/page"}],"author":[{"embeddable":true,"href":"https:\/\/www.steenkamper.de\/index.php\/wp-json\/wp\/v2\/users\/6"}],"replies":[{"embeddable":true,"href":"https:\/\/www.steenkamper.de\/index.php\/wp-json\/wp\/v2\/comments?post=35384"}],"version-history":[{"count":3,"href":"https:\/\/www.steenkamper.de\/index.php\/wp-json\/wp\/v2\/pages\/35384\/revisions"}],"predecessor-version":[{"id":35388,"href":"https:\/\/www.steenkamper.de\/index.php\/wp-json\/wp\/v2\/pages\/35384\/revisions\/35388"}],"wp:attachment":[{"href":"https:\/\/www.steenkamper.de\/index.php\/wp-json\/wp\/v2\/media?parent=35384"}],"curies":[{"name":"wp","href":"https:\/\/api.w.org\/{rel}","templated":true}]}}