{"id":35300,"date":"2026-04-14T18:52:29","date_gmt":"2026-04-14T16:52:29","guid":{"rendered":"https:\/\/www.steenkamper.de\/?page_id=35300"},"modified":"2026-04-14T18:58:32","modified_gmt":"2026-04-14T16:58:32","slug":"mitglieder","status":"publish","type":"page","link":"https:\/\/www.steenkamper.de\/index.php\/mitglieder\/","title":{"rendered":"Mitglieder"},"content":{"rendered":"\t\t<div data-elementor-type=\"wp-page\" data-elementor-id=\"35300\" class=\"elementor elementor-35300\">\n\t\t\t\t\t\t<section class=\"elementor-section elementor-top-section elementor-element elementor-element-4db443a elementor-section-boxed elementor-section-height-default elementor-section-height-default\" data-id=\"4db443a\" data-element_type=\"section\" data-e-type=\"section\">\n\t\t\t\t\t\t<div class=\"elementor-container elementor-column-gap-default\">\n\t\t\t\t\t<div class=\"elementor-column elementor-col-100 elementor-top-column elementor-element elementor-element-72ce1ea\" data-id=\"72ce1ea\" data-element_type=\"column\" data-e-type=\"column\">\n\t\t\t<div class=\"elementor-widget-wrap elementor-element-populated\">\n\t\t\t\t\t\t<div class=\"elementor-element elementor-element-d21bb03 elementor-widget elementor-widget-button\" data-id=\"d21bb03\" data-element_type=\"widget\" data-e-type=\"widget\" data-widget_type=\"button.default\">\n\t\t\t\t<div class=\"elementor-widget-container\">\n\t\t\t\t\t\t\t\t\t<div class=\"elementor-button-wrapper\">\n\t\t\t\t\t<a class=\"elementor-button elementor-button-link elementor-size-sm\" href=\"https:\/\/www.steenkamper.de\/index.php\/mitglied-werden\/\">\n\t\t\t\t\t\t<span class=\"elementor-button-content-wrapper\">\n\t\t\t\t\t\t\t\t\t<span class=\"elementor-button-text\">Mitglied werden<\/span>\n\t\t\t\t\t<\/span>\n\t\t\t\t\t<\/a>\n\t\t\t\t<\/div>\n\t\t\t\t\t\t\t\t<\/div>\n\t\t\t\t<\/div>\n\t\t\t\t<div class=\"elementor-element elementor-element-5eb1483 elementor-widget elementor-widget-button\" data-id=\"5eb1483\" data-element_type=\"widget\" data-e-type=\"widget\" data-widget_type=\"button.default\">\n\t\t\t\t<div class=\"elementor-widget-container\">\n\t\t\t\t\t\t\t\t\t<div class=\"elementor-button-wrapper\">\n\t\t\t\t\t<a class=\"elementor-button elementor-button-link elementor-size-sm\" href=\"https:\/\/www.steenkamper.de\/index.php\/knowledgebase\/\">\n\t\t\t\t\t\t<span class=\"elementor-button-content-wrapper\">\n\t\t\t\t\t\t\t\t\t<span class=\"elementor-button-text\">Wissensspeicher<\/span>\n\t\t\t\t\t<\/span>\n\t\t\t\t\t<\/a>\n\t\t\t\t<\/div>\n\t\t\t\t\t\t\t\t<\/div>\n\t\t\t\t<\/div>\n\t\t\t\t<div class=\"elementor-element elementor-element-e09cfce elementor-widget elementor-widget-button\" data-id=\"e09cfce\" data-element_type=\"widget\" data-e-type=\"widget\" data-widget_type=\"button.default\">\n\t\t\t\t<div class=\"elementor-widget-container\">\n\t\t\t\t\t\t\t\t\t<div class=\"elementor-button-wrapper\">\n\t\t\t\t\t<a class=\"elementor-button elementor-button-link elementor-size-sm\" href=\"https:\/\/www.steenkamper.de\/index.php\/satzung\/\">\n\t\t\t\t\t\t<span class=\"elementor-button-content-wrapper\">\n\t\t\t\t\t\t\t\t\t<span class=\"elementor-button-text\">Satzung<\/span>\n\t\t\t\t\t<\/span>\n\t\t\t\t\t<\/a>\n\t\t\t\t<\/div>\n\t\t\t\t\t\t\t\t<\/div>\n\t\t\t\t<\/div>\n\t\t\t\t\t<\/div>\n\t\t<\/div>\n\t\t\t\t\t<\/div>\n\t\t<\/section>\n\t\t\t\t<\/div>\n\t\t","protected":false},"excerpt":{"rendered":"<p>Mitglied werden Wissensspeicher Satzung<\/p>\n","protected":false},"author":6,"featured_media":0,"parent":0,"menu_order":0,"comment_status":"closed","ping_status":"closed","template":"","meta":{"_acf_changed":false,"_price":"","_stock":"","_tribe_ticket_header":"","_tribe_default_ticket_provider":"","_tribe_ticket_capacity":"0","_ticket_start_date":"","_ticket_end_date":"","_tribe_ticket_show_description":"","_tribe_ticket_show_not_going":false,"_tribe_ticket_use_global_stock":"","_tribe_ticket_global_stock_level":"","_global_stock_mode":"","_global_stock_cap":"","_tribe_rsvp_for_event":"","_tribe_ticket_going_count":"","_tribe_ticket_not_going_count":"","_tribe_tickets_list":"[]","_tribe_ticket_has_attendee_info_fields":false,"jetpack_post_was_ever_published":false,"footnotes":"","_tec_slr_enabled":"","_tec_slr_layout":""},"class_list":["post-35300","page","type-page","status-publish","hentry"],"acf":[],"jetpack_sharing_enabled":true,"jetpack_shortlink":"https:\/\/wp.me\/P74Wuo-9bm","jetpack_likes_enabled":true,"jetpack-related-posts":[{"id":28318,"url":"https:\/\/www.steenkamper.de\/index.php\/flohmarkt-anmeldung\/","url_meta":{"origin":35300,"position":0},"title":"Flohmarkt Anmeldung","author":"Max","date":"25\/05\/2024","format":false,"excerpt":"Neu: Flohmarkt nur mit Anmeldung Es werden am Mittwoch, den 04.09. 5 zus\u00e4tzliche Pl\u00e4tze freigeschaltet, da es in diesem Jahr keine Feldbahn gibt (Zone R=Reserve, s.u.). Die Zone R befindet sich im Steenkamp ab Hausnummer 39 in Richtung Norden. (Die Zone N zieht auch in diesen Bereich um.) Stand: 4.9.\u2026","rel":"","context":"\u00c4hnlicher Beitrag","block_context":{"text":"\u00c4hnlicher Beitrag","link":""},"img":{"alt_text":"","src":"https:\/\/i0.wp.com\/www.steenkamper.de\/wp-content\/uploads\/2024\/07\/img_2018-1.jpg?fit=750%2C382&ssl=1&resize=350%2C200","width":350,"height":200,"srcset":"https:\/\/i0.wp.com\/www.steenkamper.de\/wp-content\/uploads\/2024\/07\/img_2018-1.jpg?fit=750%2C382&ssl=1&resize=350%2C200 1x, https:\/\/i0.wp.com\/www.steenkamper.de\/wp-content\/uploads\/2024\/07\/img_2018-1.jpg?fit=750%2C382&ssl=1&resize=525%2C300 1.5x, https:\/\/i0.wp.com\/www.steenkamper.de\/wp-content\/uploads\/2024\/07\/img_2018-1.jpg?fit=750%2C382&ssl=1&resize=700%2C400 2x"},"classes":[]},{"id":17286,"url":"https:\/\/www.steenkamper.de\/index.php\/agb\/","url_meta":{"origin":35300,"position":1},"title":"AGB","author":"admin","date":"19\/11\/2021","format":false,"excerpt":"Allgemeine Gesch\u00e4ftsbedingungen der Heimst\u00e4ttervereinigung Steenkamp e.V. f\u00fcr den Online-Shop \u00a71 Geltung gegen\u00fcber Unternehmern und Begriffsdefinitionen(1) Die nachfolgenden Allgemeinen Gesch\u00e4ftbedingungen gelten f\u00fcr alle Lieferungen zwischen uns und einem Verbraucher in ihrer zum Zeitpunkt der Bestellung g\u00fcltigen Fassung. Verbraucher ist jede nat\u00fcrliche Person, die ein Rechtsgesch\u00e4ft zu Zwecken abschlie\u00dft, die \u00fcberwiegend weder\u2026","rel":"","context":"\u00c4hnlicher Beitrag","block_context":{"text":"\u00c4hnlicher Beitrag","link":""},"img":{"alt_text":"","src":"","width":0,"height":0},"classes":[]},{"id":17778,"url":"https:\/\/www.steenkamper.de\/index.php\/science-city-bahrenfeld\/","url_meta":{"origin":35300,"position":2},"title":"Science City Bahrenfeld","author":"Max","date":"31\/12\/2021","format":false,"excerpt":"Ausschuss \u201eScience City und die Steenkampsiedlung\"Kontakt: Alexander SchwertnerEbertallee 187\u00a0 Email:\u00a0alschwert(at)gmx.de siehe \u201eDer Steenkamper\u201c Ausgabe 1\/2024 Seite 24&25 aus der Mitgliederzeitung \u201eDer Steenkamper\u201c Ausgabe 2\/2022 Seite 18 Bitte nutzt die Kommentarfunktion (unten) um wichtige Punkte noch zu erg\u00e4nzen!Damit unsere Steenkamper-Interessen mit in die Planungen einflie\u00dfen k\u00f6nnen, soll demn\u00e4chst ein Positionspapier an\u2026","rel":"","context":"Mit 1 Kommentar","block_context":{"text":"Mit 1 Kommentar","link":"https:\/\/www.steenkamper.de\/index.php\/science-city-bahrenfeld\/#comments"},"img":{"alt_text":"","src":"https:\/\/i0.wp.com\/www.steenkamper.de\/wp-content\/uploads\/2024\/01\/AusschussScienCity.png?resize=350%2C200&ssl=1","width":350,"height":200,"srcset":"https:\/\/i0.wp.com\/www.steenkamper.de\/wp-content\/uploads\/2024\/01\/AusschussScienCity.png?resize=350%2C200&ssl=1 1x, https:\/\/i0.wp.com\/www.steenkamper.de\/wp-content\/uploads\/2024\/01\/AusschussScienCity.png?resize=525%2C300&ssl=1 1.5x, https:\/\/i0.wp.com\/www.steenkamper.de\/wp-content\/uploads\/2024\/01\/AusschussScienCity.png?resize=700%2C400&ssl=1 2x, https:\/\/i0.wp.com\/www.steenkamper.de\/wp-content\/uploads\/2024\/01\/AusschussScienCity.png?resize=1050%2C600&ssl=1 3x, https:\/\/i0.wp.com\/www.steenkamper.de\/wp-content\/uploads\/2024\/01\/AusschussScienCity.png?resize=1400%2C800&ssl=1 4x"},"classes":[]},{"id":8158,"url":"https:\/\/www.steenkamper.de\/index.php\/erika-93-jahre-sind-eine-verflixt-lange-zeit\/","url_meta":{"origin":35300,"position":3},"title":"Erika, 93 Jahre sind eine verflixt lange Zeit.","author":"Max","date":"18\/04\/2019","format":false,"excerpt":"aus dem Steenkamper1\/2019 Erika, 93 Jahre sind eine verflixt lange Zeit. von Gertrud Krapp Erikas Leben \u00fcberspannt einen Zeitbogen von 1925 bis heute. Von den Goldenen 20ern des letzten Jahrhunderts, reicht er\u00a0\u00fcber Inflation, Nationalsozialismus und den zweiten Weltkrieg, Nachkriegsjahre mit Hunger und K\u00e4lte, die Einf\u00fchrung der DM, die Zeit des\u2026","rel":"","context":"\u00c4hnlicher Beitrag","block_context":{"text":"\u00c4hnlicher Beitrag","link":""},"img":{"alt_text":"","src":"","width":0,"height":0},"classes":[]}],"ticketed":false,"_links":{"self":[{"href":"https:\/\/www.steenkamper.de\/index.php\/wp-json\/wp\/v2\/pages\/35300","targetHints":{"allow":["GET"]}}],"collection":[{"href":"https:\/\/www.steenkamper.de\/index.php\/wp-json\/wp\/v2\/pages"}],"about":[{"href":"https:\/\/www.steenkamper.de\/index.php\/wp-json\/wp\/v2\/types\/page"}],"author":[{"embeddable":true,"href":"https:\/\/www.steenkamper.de\/index.php\/wp-json\/wp\/v2\/users\/6"}],"replies":[{"embeddable":true,"href":"https:\/\/www.steenkamper.de\/index.php\/wp-json\/wp\/v2\/comments?post=35300"}],"version-history":[{"count":7,"href":"https:\/\/www.steenkamper.de\/index.php\/wp-json\/wp\/v2\/pages\/35300\/revisions"}],"predecessor-version":[{"id":35307,"href":"https:\/\/www.steenkamper.de\/index.php\/wp-json\/wp\/v2\/pages\/35300\/revisions\/35307"}],"wp:attachment":[{"href":"https:\/\/www.steenkamper.de\/index.php\/wp-json\/wp\/v2\/media?parent=35300"}],"curies":[{"name":"wp","href":"https:\/\/api.w.org\/{rel}","templated":true}]}}