{"id":3394,"date":"2017-02-19T10:58:16","date_gmt":"2017-02-19T09:58:16","guid":{"rendered":"http:\/\/wp.steenkamper.de\/index.php\/helfen-tauschen-teilen\/"},"modified":"2020-04-19T11:56:00","modified_gmt":"2020-04-19T09:56:00","slug":"helfen-tauschen-teilen","status":"publish","type":"page","link":"https:\/\/www.steenkamper.de\/index.php\/ideen-plaene\/helfen-tauschen-teilen\/","title":{"rendered":"HELFEN \/ TAUSCHEN \/ TEILEN"},"content":{"rendered":"<p>Der Ausschuss hat sich auf der Zukunftskonferenz 2017 gegr\u00fcndet und ist derzeit dabei, eine Tauschbox an zentraler Stelle zu errichten. Weitere Zukunftsprojekte sind u. a. ein Repaircaf\u00e9 und bessere Nutzung des \u201e<a href=\"https:\/\/www.steenkamper.de\/index.php\/steenkamper-marktplatz-kleinanzeigen\/marktplatz-durchsuchen\/\">Marktplatzes<\/a>\u201c unserer Internetplattform.<\/p>\n<p>Der Ausschuss hat im Dezember 2018 das Tauschh\u00e4uschen auf der Vogelweide vor dem Steenkampsaal eingeweiht.<\/p>\n<div id=\"attachment_7453\" style=\"width: 310px\" class=\"wp-caption alignnone\"><a href=\"https:\/\/i0.wp.com\/www.steenkamper.de\/wp-content\/uploads\/2018\/12\/IMG_0246.jpg?ssl=1\"><img data-recalc-dims=\"1\" decoding=\"async\" aria-describedby=\"caption-attachment-7453\" data-attachment-id=\"7453\" data-permalink=\"https:\/\/www.steenkamper.de\/index.php\/2018\/12\/20\/tauschhaeuschen-eroeffnet\/img_0246\/\" data-orig-file=\"https:\/\/i0.wp.com\/www.steenkamper.de\/wp-content\/uploads\/2018\/12\/IMG_0246.jpg?fit=1792%2C981&amp;ssl=1\" data-orig-size=\"1792,981\" data-comments-opened=\"1\" data-image-meta=\"{&quot;aperture&quot;:&quot;2.2&quot;,&quot;credit&quot;:&quot;&quot;,&quot;camera&quot;:&quot;iPhone 6s&quot;,&quot;caption&quot;:&quot;&quot;,&quot;created_timestamp&quot;:&quot;1546683501&quot;,&quot;copyright&quot;:&quot;&quot;,&quot;focal_length&quot;:&quot;4.15&quot;,&quot;iso&quot;:&quot;40&quot;,&quot;shutter_speed&quot;:&quot;0.03030303030303&quot;,&quot;title&quot;:&quot;&quot;,&quot;orientation&quot;:&quot;0&quot;}\" data-image-title=\"Tauschh\u00e4uschen\" data-image-description=\"\" data-image-caption=\"&lt;p&gt;Tauschh\u00e4uschen \/ Vogelh\u00e4uschen&lt;\/p&gt;\n\" data-large-file=\"https:\/\/i0.wp.com\/www.steenkamper.de\/wp-content\/uploads\/2018\/12\/IMG_0246.jpg?fit=750%2C411&amp;ssl=1\" class=\"size-medium wp-image-7453\" src=\"https:\/\/i0.wp.com\/www.steenkamper.de\/wp-content\/uploads\/2018\/12\/IMG_0246.jpg?resize=300%2C164&#038;ssl=1\" alt=\"\" width=\"300\" height=\"164\" srcset=\"https:\/\/i0.wp.com\/www.steenkamper.de\/wp-content\/uploads\/2018\/12\/IMG_0246.jpg?resize=300%2C164&amp;ssl=1 300w, https:\/\/i0.wp.com\/www.steenkamper.de\/wp-content\/uploads\/2018\/12\/IMG_0246.jpg?resize=768%2C420&amp;ssl=1 768w, https:\/\/i0.wp.com\/www.steenkamper.de\/wp-content\/uploads\/2018\/12\/IMG_0246.jpg?resize=1024%2C561&amp;ssl=1 1024w, https:\/\/i0.wp.com\/www.steenkamper.de\/wp-content\/uploads\/2018\/12\/IMG_0246.jpg?resize=500%2C274&amp;ssl=1 500w, https:\/\/i0.wp.com\/www.steenkamper.de\/wp-content\/uploads\/2018\/12\/IMG_0246.jpg?resize=450%2C246&amp;ssl=1 450w, https:\/\/i0.wp.com\/www.steenkamper.de\/wp-content\/uploads\/2018\/12\/IMG_0246.jpg?w=1792&amp;ssl=1 1792w, https:\/\/i0.wp.com\/www.steenkamper.de\/wp-content\/uploads\/2018\/12\/IMG_0246.jpg?w=1500&amp;ssl=1 1500w\" sizes=\"(max-width: 300px) 100vw, 300px\" \/><\/a><p id=\"caption-attachment-7453\" class=\"wp-caption-text\">Tauschh\u00e4uschen \/ Vogelh\u00e4uschen<\/p><\/div>\n<p>Kontakt: Endrik Schiemann, Tel. 0152 34287807 <a href=\"mailto: endrikschiemann@gmx.de\">endrikschiemann(at)gmx.de<\/a><\/p>\n<p><a href=\"https:\/\/i0.wp.com\/wp.steenkamper.de\/wp-content\/uploads\/2017\/02\/IMG_5569.jpg\" rel=\"attachment wp-att-3427\"><img data-recalc-dims=\"1\" fetchpriority=\"high\" decoding=\"async\" data-attachment-id=\"3427\" data-permalink=\"https:\/\/www.steenkamper.de\/index.php\/ideen-plaene\/helfen-tauschen-teilen\/img_5569\/\" data-orig-file=\"https:\/\/i0.wp.com\/www.steenkamper.de\/wp-content\/uploads\/2017\/02\/IMG_5569.jpg?fit=2016%2C1512&amp;ssl=1\" data-orig-size=\"2016,1512\" data-comments-opened=\"1\" data-image-meta=\"{&quot;aperture&quot;:&quot;2.2&quot;,&quot;credit&quot;:&quot;&quot;,&quot;camera&quot;:&quot;iPhone 6s&quot;,&quot;caption&quot;:&quot;&quot;,&quot;created_timestamp&quot;:&quot;1487444057&quot;,&quot;copyright&quot;:&quot;&quot;,&quot;focal_length&quot;:&quot;4.15&quot;,&quot;iso&quot;:&quot;125&quot;,&quot;shutter_speed&quot;:&quot;0.03030303030303&quot;,&quot;title&quot;:&quot;&quot;,&quot;orientation&quot;:&quot;1&quot;}\" data-image-title=\"IMG_5569\" data-image-description=\"\" data-image-caption=\"\" data-large-file=\"https:\/\/i0.wp.com\/www.steenkamper.de\/wp-content\/uploads\/2017\/02\/IMG_5569.jpg?fit=750%2C563&amp;ssl=1\" class=\"alignnone size-medium wp-image-3427\" src=\"https:\/\/i0.wp.com\/wp.steenkamper.de\/wp-content\/uploads\/2017\/02\/IMG_5569-300x225.jpg?resize=300%2C225\" alt=\"IMG_5569\" width=\"300\" height=\"225\" srcset=\"https:\/\/i0.wp.com\/www.steenkamper.de\/wp-content\/uploads\/2017\/02\/IMG_5569.jpg?resize=300%2C225&amp;ssl=1 300w, https:\/\/i0.wp.com\/www.steenkamper.de\/wp-content\/uploads\/2017\/02\/IMG_5569.jpg?resize=768%2C576&amp;ssl=1 768w, https:\/\/i0.wp.com\/www.steenkamper.de\/wp-content\/uploads\/2017\/02\/IMG_5569.jpg?resize=1024%2C768&amp;ssl=1 1024w, https:\/\/i0.wp.com\/www.steenkamper.de\/wp-content\/uploads\/2017\/02\/IMG_5569.jpg?resize=500%2C375&amp;ssl=1 500w, https:\/\/i0.wp.com\/www.steenkamper.de\/wp-content\/uploads\/2017\/02\/IMG_5569.jpg?resize=450%2C338&amp;ssl=1 450w, https:\/\/i0.wp.com\/www.steenkamper.de\/wp-content\/uploads\/2017\/02\/IMG_5569.jpg?w=2016&amp;ssl=1 2016w, https:\/\/i0.wp.com\/www.steenkamper.de\/wp-content\/uploads\/2017\/02\/IMG_5569.jpg?w=1500&amp;ssl=1 1500w\" sizes=\"(max-width: 300px) 100vw, 300px\" \/><\/a><\/p>\n","protected":false},"excerpt":{"rendered":"<p>Der Ausschuss hat sich auf der Zukunftskonferenz 2017 gegr\u00fcndet und ist derzeit dabei, eine Tauschbox an zentraler Stelle zu errichten. Weitere Zukunftsprojekte sind u. a. ein Repaircaf\u00e9 und bessere Nutzung&#8230; <\/p>\n<p><a class=\"teaser-more\" href=\"https:\/\/www.steenkamper.de\/index.php\/ideen-plaene\/helfen-tauschen-teilen\/\">weiter lesen<\/a><\/p>\n","protected":false},"author":6,"featured_media":0,"parent":3390,"menu_order":0,"comment_status":"open","ping_status":"closed","template":"","meta":{"_acf_changed":false,"_price":"","_stock":"","_tribe_ticket_header":"","_tribe_default_ticket_provider":"","_tribe_ticket_capacity":"0","_ticket_start_date":"","_ticket_end_date":"","_tribe_ticket_show_description":"","_tribe_ticket_show_not_going":false,"_tribe_ticket_use_global_stock":"","_tribe_ticket_global_stock_level":"","_global_stock_mode":"","_global_stock_cap":"","_tribe_rsvp_for_event":"","_tribe_ticket_going_count":"","_tribe_ticket_not_going_count":"","_tribe_tickets_list":"[]","_tribe_ticket_has_attendee_info_fields":false,"jetpack_post_was_ever_published":false,"footnotes":"","_tec_slr_enabled":"","_tec_slr_layout":""},"class_list":["post-3394","page","type-page","status-publish","hentry"],"acf":[],"jetpack_sharing_enabled":true,"jetpack_shortlink":"https:\/\/wp.me\/P74Wuo-SK","jetpack_likes_enabled":true,"jetpack-related-posts":[{"id":146,"url":"https:\/\/www.steenkamper.de\/index.php\/ausschuesse\/","url_meta":{"origin":3394,"position":0},"title":"Aussch\u00fcsse","author":"admin","date":"15\/12\/2015","format":false,"excerpt":"und Arbeitsgruppen (AGs) Die\u00a0Vereinsarbeit der Heimst\u00e4ttervereinigung Steenkamp e.V. wird getragen\u00a0durch aktive Mitglieder. Diese\u00a0Aktivit\u00e4ten werden durch\u00a0verschiedene\u00a0Aussch\u00fcssen koordiniert. Sollten Sie Interesse an der Mitarbeit in einem dieser Aussch\u00fcsse haben, melden Sie sich bitte bei der entsprechenden Kontaktperson, oder wenden Sie sich direkt an den Vorstand. Per Mail\u00a0oder \u00fcber unseren Briefkasten Steenkamp 37,\u2026","rel":"","context":"\u00c4hnlicher Beitrag","block_context":{"text":"\u00c4hnlicher Beitrag","link":""},"img":{"alt_text":"","src":"","width":0,"height":0},"classes":[]},{"id":5263,"url":"https:\/\/www.steenkamper.de\/index.php\/engagierte-nachbarn\/","url_meta":{"origin":3394,"position":1},"title":"Engagierte Nachbarn","author":"Max","date":"16\/11\/2017","format":false,"excerpt":"Eine lebendige Nachbarschaft lebt von dem Engagement ihrer Bewohner. F\u00fcr eine gute Vernetzung und Koordination der vielf\u00e4ltigen Aktivit\u00e4ten unserer sehr gro\u00dfen Nachbarschaft ist die Mehrheit der Steenkamphaushalte in der Heimst\u00e4ttervereinigung\u00a0Steenkamp e.V. organisiert. W\u00e4hrend sich der Vorstand um die formalen Vereinsgesch\u00e4fte k\u00fcmmert, f\u00fcllen die Nachbarn das Ganze mit Leben. Entweder indem\u2026","rel":"","context":"\u00c4hnlicher Beitrag","block_context":{"text":"\u00c4hnlicher Beitrag","link":""},"img":{"alt_text":"","src":"","width":0,"height":0},"classes":[]},{"id":3391,"url":"https:\/\/www.steenkamper.de\/index.php\/ideen-plaene\/kultur\/","url_meta":{"origin":3394,"position":2},"title":"KULTUR\u00a0","author":"Max","date":"19\/02\/2017","format":false,"excerpt":"Kontakt: Barbara Feige, bfeige(at)posteo.de Der Ausschuss Kultur\u00a0hat sich auf der Zukunftswerkstatt 2017 gegr\u00fcndet und hat schon mehrere Kultur-Salons veranstaltet. Weitere Veranstaltungen sind in der Planung. Ideen sind immer willkommen. \u00a0","rel":"","context":"\u00c4hnlicher Beitrag","block_context":{"text":"\u00c4hnlicher Beitrag","link":""},"img":{"alt_text":"IMG_5563","src":"https:\/\/i0.wp.com\/www.steenkamper.de\/wp-content\/uploads\/2017\/02\/IMG_5563-e1487594690501-225x300.jpg?resize=350%2C200&ssl=1","width":350,"height":200},"classes":[]},{"id":5290,"url":"https:\/\/www.steenkamper.de\/index.php\/zukunft-steenkampsaal-die-saalretter\/","url_meta":{"origin":3394,"position":3},"title":"Zukunft Steenkampsaal &#8211; Saalretter\u00a0","author":"Max","date":"17\/11\/2017","format":false,"excerpt":"Der Ausschuss hat sich 2015\/16 erfolgreich f\u00fcr den Abschluss eines tragf\u00e4higen Mietvertrages mit der SAGA engagiert und ein Finanzierungskonzept f\u00fcr die ersten 10 Jahre erarbeitet. Derzeit pr\u00fcft der Ausschuss den Ankauf des Saales und bereitet die \u00fcberf\u00e4llige Renovierung vor. Kontakt: Silke Faber Die Frage ob und wie der Steenkampsaal l\u00e4ngerfristig\u2026","rel":"","context":"\u00c4hnlicher Beitrag","block_context":{"text":"\u00c4hnlicher Beitrag","link":""},"img":{"alt_text":"","src":"","width":0,"height":0},"classes":[]},{"id":28985,"url":"https:\/\/www.steenkamper.de\/index.php\/termine-2024\/","url_meta":{"origin":3394,"position":4},"title":"Termine-2024","author":"Max","date":"22\/12\/2024","format":false,"excerpt":"(Link zu: \u201cdas war 2023\u201d) 2024\u00a020.1. Kultursalon 20h26.1. Bingo 19h10.2. Puppentheater 14&15.30h10.2. Salon13.2. Puppentheater 16h16.2. Bingo 19h23.2. Quiznights 19h2.3. \u201eHamburg r\u00e4umt auf\u201c 14h7.3. Ausschuss Science City 19h8.3. Kultursalon 20h15.3. Bingo 19h12.4. Bingo 19h13.4. Mitgliederversammlung 16h20.4. Quizabend 19h26.4. Kultursalon (Lesung) 19h30.4. Tanz in den Mai 20h15.5.\u00a0Ausschuss Science City 19.30h17.5. Bingo 19h1.6.\u00a0Science\u2026","rel":"","context":"\u00c4hnlicher Beitrag","block_context":{"text":"\u00c4hnlicher Beitrag","link":""},"img":{"alt_text":"","src":"","width":0,"height":0},"classes":[]},{"id":247,"url":"https:\/\/www.steenkamper.de\/index.php\/fluechtlingsarbeit\/","url_meta":{"origin":3394,"position":5},"title":"Ausschuss Fl\u00fcchtlingsunterst\u00fctzung","author":"Max","date":"15\/12\/2015","format":false,"excerpt":"Caf\u00e9 VogelweideDas Caf\u00e9 ist seit April 2022 nach einer l\u00e4ngeren Coronapause wieder aktiv. Alle Steenkamper\/innen sind eingeladen mit neuen Nachbarn\/innen Deutsch zu kl\u00f6nen und zu Tee\/Kaffee\/Kuchen zusammenzusitzen. Kuchenspenden (geschnittene) sind sehr erw\u00fcnscht, um das Buffet zu erweitern. Sie k\u00f6nnen ab 15.00h abgegeben werden. Das Caf\u00e9 findet ab 16.00h bis 17.30h\u2026","rel":"","context":"\u00c4hnlicher Beitrag","block_context":{"text":"\u00c4hnlicher Beitrag","link":""},"img":{"alt_text":"","src":"https:\/\/i0.wp.com\/www.steenkamper.de\/wp-content\/uploads\/2016\/09\/IMG_2805-300x141.png?resize=350%2C200&ssl=1","width":350,"height":200},"classes":[]}],"ticketed":false,"_links":{"self":[{"href":"https:\/\/www.steenkamper.de\/index.php\/wp-json\/wp\/v2\/pages\/3394","targetHints":{"allow":["GET"]}}],"collection":[{"href":"https:\/\/www.steenkamper.de\/index.php\/wp-json\/wp\/v2\/pages"}],"about":[{"href":"https:\/\/www.steenkamper.de\/index.php\/wp-json\/wp\/v2\/types\/page"}],"author":[{"embeddable":true,"href":"https:\/\/www.steenkamper.de\/index.php\/wp-json\/wp\/v2\/users\/6"}],"replies":[{"embeddable":true,"href":"https:\/\/www.steenkamper.de\/index.php\/wp-json\/wp\/v2\/comments?post=3394"}],"version-history":[{"count":10,"href":"https:\/\/www.steenkamper.de\/index.php\/wp-json\/wp\/v2\/pages\/3394\/revisions"}],"predecessor-version":[{"id":10635,"href":"https:\/\/www.steenkamper.de\/index.php\/wp-json\/wp\/v2\/pages\/3394\/revisions\/10635"}],"up":[{"embeddable":true,"href":"https:\/\/www.steenkamper.de\/index.php\/wp-json\/wp\/v2\/pages\/3390"}],"wp:attachment":[{"href":"https:\/\/www.steenkamper.de\/index.php\/wp-json\/wp\/v2\/media?parent=3394"}],"curies":[{"name":"wp","href":"https:\/\/api.w.org\/{rel}","templated":true}]}}