{"id":3391,"date":"2017-02-19T10:56:35","date_gmt":"2017-02-19T09:56:35","guid":{"rendered":"http:\/\/wp.steenkamper.de\/?page_id=3391"},"modified":"2024-02-18T12:27:37","modified_gmt":"2024-02-18T11:27:37","slug":"kultur","status":"publish","type":"page","link":"https:\/\/www.steenkamper.de\/index.php\/ideen-plaene\/kultur\/","title":{"rendered":"KULTUR\u00a0"},"content":{"rendered":"<p>Kontakt: Barbara Feige, <a href=\"mailto:bfeige@posteo.de\">bfeige(at)posteo.de<\/a><\/p>\n<p>Der Ausschuss Kultur\u00a0hat sich auf der Zukunftswerkstatt 2017 gegr\u00fcndet und hat schon mehrere Kultur-Salons veranstaltet.<br \/>\nWeitere Veranstaltungen sind in der Planung.<br \/>\nIdeen sind immer willkommen.<\/p>\n<p><a href=\"https:\/\/i0.wp.com\/www.steenkamper.de\/wp-content\/uploads\/2017\/02\/IMG_5563.jpg\" rel=\"attachment wp-att-3431\"><img data-recalc-dims=\"1\" fetchpriority=\"high\" decoding=\"async\" data-attachment-id=\"3431\" data-permalink=\"https:\/\/www.steenkamper.de\/index.php\/ideen-plaene\/kultur\/img_5563\/\" data-orig-file=\"https:\/\/i0.wp.com\/www.steenkamper.de\/wp-content\/uploads\/2017\/02\/IMG_5563-e1487594690501.jpg?fit=1512%2C2016&amp;ssl=1\" data-orig-size=\"1512,2016\" data-comments-opened=\"1\" data-image-meta=\"{&quot;aperture&quot;:&quot;2.2&quot;,&quot;credit&quot;:&quot;&quot;,&quot;camera&quot;:&quot;iPhone 6s&quot;,&quot;caption&quot;:&quot;&quot;,&quot;created_timestamp&quot;:&quot;1487443921&quot;,&quot;copyright&quot;:&quot;&quot;,&quot;focal_length&quot;:&quot;4.15&quot;,&quot;iso&quot;:&quot;100&quot;,&quot;shutter_speed&quot;:&quot;0.03030303030303&quot;,&quot;title&quot;:&quot;&quot;,&quot;orientation&quot;:&quot;6&quot;}\" data-image-title=\"IMG_5563\" data-image-description=\"\" data-image-caption=\"\" data-large-file=\"https:\/\/i0.wp.com\/www.steenkamper.de\/wp-content\/uploads\/2017\/02\/IMG_5563-e1487594690501.jpg?fit=750%2C1000&amp;ssl=1\" class=\"alignnone wp-image-3431 size-medium\" src=\"https:\/\/i0.wp.com\/www.steenkamper.de\/wp-content\/uploads\/2017\/02\/IMG_5563-e1487594690501-225x300.jpg?resize=225%2C300&#038;ssl=1\" alt=\"IMG_5563\" width=\"225\" height=\"300\" srcset=\"https:\/\/i0.wp.com\/www.steenkamper.de\/wp-content\/uploads\/2017\/02\/IMG_5563-e1487594690501.jpg?resize=225%2C300&amp;ssl=1 225w, https:\/\/i0.wp.com\/www.steenkamper.de\/wp-content\/uploads\/2017\/02\/IMG_5563-e1487594690501.jpg?resize=768%2C1024&amp;ssl=1 768w, https:\/\/i0.wp.com\/www.steenkamper.de\/wp-content\/uploads\/2017\/02\/IMG_5563-e1487594690501.jpg?resize=500%2C667&amp;ssl=1 500w, https:\/\/i0.wp.com\/www.steenkamper.de\/wp-content\/uploads\/2017\/02\/IMG_5563-e1487594690501.jpg?resize=450%2C600&amp;ssl=1 450w, https:\/\/i0.wp.com\/www.steenkamper.de\/wp-content\/uploads\/2017\/02\/IMG_5563-e1487594690501.jpg?w=1512&amp;ssl=1 1512w\" sizes=\"(max-width: 225px) 100vw, 225px\" \/>\u00a0<\/a><\/p>\n","protected":false},"excerpt":{"rendered":"<p>Kontakt: Barbara Feige, bfeige(at)posteo.de Der Ausschuss Kultur\u00a0hat sich auf der Zukunftswerkstatt 2017 gegr\u00fcndet und hat schon mehrere Kultur-Salons veranstaltet. Weitere Veranstaltungen sind in der Planung. Ideen sind immer willkommen. \u00a0<\/p>\n","protected":false},"author":6,"featured_media":0,"parent":3390,"menu_order":0,"comment_status":"open","ping_status":"closed","template":"","meta":{"_acf_changed":false,"_price":"","_stock":"","_tribe_ticket_header":"","_tribe_default_ticket_provider":"","_tribe_ticket_capacity":"0","_ticket_start_date":"","_ticket_end_date":"","_tribe_ticket_show_description":"","_tribe_ticket_show_not_going":false,"_tribe_ticket_use_global_stock":"","_tribe_ticket_global_stock_level":"","_global_stock_mode":"","_global_stock_cap":"","_tribe_rsvp_for_event":"","_tribe_ticket_going_count":"","_tribe_ticket_not_going_count":"","_tribe_tickets_list":"[]","_tribe_ticket_has_attendee_info_fields":false,"jetpack_post_was_ever_published":false,"footnotes":"","_tec_slr_enabled":"","_tec_slr_layout":""},"class_list":["post-3391","page","type-page","status-publish","hentry"],"acf":[],"jetpack_sharing_enabled":true,"jetpack_shortlink":"https:\/\/wp.me\/P74Wuo-SH","jetpack_likes_enabled":true,"jetpack-related-posts":[{"id":3390,"url":"https:\/\/www.steenkamper.de\/index.php\/ideen-plaene\/","url_meta":{"origin":3391,"position":0},"title":"IDEEN &#038; PL\u00c4NE","author":"Max","date":"19\/02\/2017","format":false,"excerpt":"Auf der Zukunftswerkstatt am 18.2.17 sind Ideen und Pl\u00e4ne entstanden. Diese sind hier aufgelistet und k\u00f6nnen kommentiert und\/oder erg\u00e4nzt werden. Zu den einzelnen Ideenfeldern haben sich Arbeitsgruppen gebildet. Ansprechpartner sind jeweils genannt. Wer Interesse hat sich an der Verwirklichung der Vorhaben zu beteiligen meldet sich bitte bei diesen. KULTUR \/\u2026","rel":"","context":"Mit 1 Kommentar","block_context":{"text":"Mit 1 Kommentar","link":"https:\/\/www.steenkamper.de\/index.php\/ideen-plaene\/#comments"},"img":{"alt_text":"","src":"https:\/\/i0.wp.com\/www.steenkamper.de\/wp-content\/uploads\/2016\/01\/DerSteenkamper.jpg?fit=703%2C247&ssl=1&resize=350%2C200","width":350,"height":200,"srcset":"https:\/\/i0.wp.com\/www.steenkamper.de\/wp-content\/uploads\/2016\/01\/DerSteenkamper.jpg?fit=703%2C247&ssl=1&resize=350%2C200 1x, https:\/\/i0.wp.com\/www.steenkamper.de\/wp-content\/uploads\/2016\/01\/DerSteenkamper.jpg?fit=703%2C247&ssl=1&resize=525%2C300 1.5x, https:\/\/i0.wp.com\/www.steenkamper.de\/wp-content\/uploads\/2016\/01\/DerSteenkamper.jpg?fit=703%2C247&ssl=1&resize=700%2C400 2x"},"classes":[]},{"id":1790,"url":"https:\/\/www.steenkamper.de\/index.php\/fluechtlingsarbeit\/kunstkultur\/","url_meta":{"origin":3391,"position":1},"title":"Kunst\/Kultur","author":"Max","date":"26\/02\/2016","format":false,"excerpt":"Text ist in Vorbereitung ... steenkamp.fluechtlinge(at)yahoo.de","rel":"","context":"\u00c4hnlicher Beitrag","block_context":{"text":"\u00c4hnlicher Beitrag","link":""},"img":{"alt_text":"","src":"","width":0,"height":0},"classes":[]},{"id":3374,"url":"https:\/\/www.steenkamper.de\/index.php\/fluechtlingsarbeit\/fluechtlings-ags\/","url_meta":{"origin":3391,"position":2},"title":"Fl\u00fcchtlings AGs","author":"Max","date":"14\/02\/2017","format":false,"excerpt":"Ausschuss Fl\u00fcchtlingsunterst\u00fctzung Steenkamp: Friederike Petrelli: 040 31790366 Gertrud Krapp: 040 8005165 Friedhelm Moggert-K\u00e4geler: 0160 99165211 Aktiv Caf\u00e9 \"Vogelweide\" Jeden letzten Sonntag treffen sich alte und neue Nachbar\/innen im Steenkampsaal bei Kaffee und Kuchen... weiterlesen Archiv Deutschkiosk, ein Angebor f\u00fcr gefl\u00fcchtete Menschen aus der Ukraine Juni 2023 - Oktober 2023, Deutschkurse\u2026","rel":"","context":"\u00c4hnlicher Beitrag","block_context":{"text":"\u00c4hnlicher Beitrag","link":""},"img":{"alt_text":"","src":"","width":0,"height":0},"classes":[]},{"id":247,"url":"https:\/\/www.steenkamper.de\/index.php\/fluechtlingsarbeit\/","url_meta":{"origin":3391,"position":3},"title":"Ausschuss Fl\u00fcchtlingsunterst\u00fctzung","author":"Max","date":"15\/12\/2015","format":false,"excerpt":"Caf\u00e9 VogelweideDas Caf\u00e9 ist seit April 2022 nach einer l\u00e4ngeren Coronapause wieder aktiv. Alle Steenkamper\/innen sind eingeladen mit neuen Nachbarn\/innen Deutsch zu kl\u00f6nen und zu Tee\/Kaffee\/Kuchen zusammenzusitzen. Kuchenspenden (geschnittene) sind sehr erw\u00fcnscht, um das Buffet zu erweitern. Sie k\u00f6nnen ab 15.00h abgegeben werden. Das Caf\u00e9 findet ab 16.00h bis 17.30h\u2026","rel":"","context":"\u00c4hnlicher Beitrag","block_context":{"text":"\u00c4hnlicher Beitrag","link":""},"img":{"alt_text":"","src":"https:\/\/i0.wp.com\/www.steenkamper.de\/wp-content\/uploads\/2016\/09\/IMG_2805-300x141.png?resize=350%2C200&ssl=1","width":350,"height":200},"classes":[]},{"id":146,"url":"https:\/\/www.steenkamper.de\/index.php\/ausschuesse\/","url_meta":{"origin":3391,"position":4},"title":"Aussch\u00fcsse","author":"admin","date":"15\/12\/2015","format":false,"excerpt":"und Arbeitsgruppen (AGs) Die\u00a0Vereinsarbeit der Heimst\u00e4ttervereinigung Steenkamp e.V. wird getragen\u00a0durch aktive Mitglieder. Diese\u00a0Aktivit\u00e4ten werden durch\u00a0verschiedene\u00a0Aussch\u00fcssen koordiniert. Sollten Sie Interesse an der Mitarbeit in einem dieser Aussch\u00fcsse haben, melden Sie sich bitte bei der entsprechenden Kontaktperson, oder wenden Sie sich direkt an den Vorstand. Per Mail\u00a0oder \u00fcber unseren Briefkasten Steenkamp 37,\u2026","rel":"","context":"\u00c4hnlicher Beitrag","block_context":{"text":"\u00c4hnlicher Beitrag","link":""},"img":{"alt_text":"","src":"","width":0,"height":0},"classes":[]},{"id":5644,"url":"https:\/\/www.steenkamper.de\/index.php\/termine-2017\/","url_meta":{"origin":3391,"position":5},"title":"Termine 2017","author":"Max","date":"27\/12\/2017","format":false,"excerpt":"Januar 22.1.\u00a0Fl\u00fcchtlingshilfe\u00a0- Caf\u00e9 \"Vogelweide\" im Steenkampsaal\u00a015-17h 28.&29.1. Theatergruppe IdeenReich B\u00fchnenkunst \"Meerschaum oder Windsbraut\" 19h Februar 14.2. Puppen Theater\u00a016h 18.2. Zukunftswerkstatt\u00a016-19h 19.2. Kinderfasching\u00a015h im Steenkampsaal 26.2.\u00a0Fl\u00fcchtlingshilfe\u00a0- Caf\u00e9 \"Vogelweide\" im Steenkampsaal\u00a015-17h M\u00e4rz 6.-17.3.\u00a0Fr\u00fchjahrs-\/Ski-Schulferien 25.3.\u00a0Hamburg r\u00e4umt auf Treffpunkt 15h vorm Saal 26.3.\u00a0Fl\u00fcchtlingshilfe\u00a0- Caf\u00e9 \"Vogelweide\" im Steenkampsaal\u00a015-17h April 8.4. \u00a0Steenkampsalon\u00a0ab 20.30h 22.4.\u00a0Fl\u00fcchtlingshilfe\u00a0- Caf\u00e9 \"Vogelweide\"\u2026","rel":"","context":"\u00c4hnlicher Beitrag","block_context":{"text":"\u00c4hnlicher Beitrag","link":""},"img":{"alt_text":"","src":"","width":0,"height":0},"classes":[]}],"ticketed":false,"_links":{"self":[{"href":"https:\/\/www.steenkamper.de\/index.php\/wp-json\/wp\/v2\/pages\/3391","targetHints":{"allow":["GET"]}}],"collection":[{"href":"https:\/\/www.steenkamper.de\/index.php\/wp-json\/wp\/v2\/pages"}],"about":[{"href":"https:\/\/www.steenkamper.de\/index.php\/wp-json\/wp\/v2\/types\/page"}],"author":[{"embeddable":true,"href":"https:\/\/www.steenkamper.de\/index.php\/wp-json\/wp\/v2\/users\/6"}],"replies":[{"embeddable":true,"href":"https:\/\/www.steenkamper.de\/index.php\/wp-json\/wp\/v2\/comments?post=3391"}],"version-history":[{"count":10,"href":"https:\/\/www.steenkamper.de\/index.php\/wp-json\/wp\/v2\/pages\/3391\/revisions"}],"predecessor-version":[{"id":25993,"href":"https:\/\/www.steenkamper.de\/index.php\/wp-json\/wp\/v2\/pages\/3391\/revisions\/25993"}],"up":[{"embeddable":true,"href":"https:\/\/www.steenkamper.de\/index.php\/wp-json\/wp\/v2\/pages\/3390"}],"wp:attachment":[{"href":"https:\/\/www.steenkamper.de\/index.php\/wp-json\/wp\/v2\/media?parent=3391"}],"curies":[{"name":"wp","href":"https:\/\/api.w.org\/{rel}","templated":true}]}}