{"id":3374,"date":"2017-02-14T11:11:48","date_gmt":"2017-02-14T10:11:48","guid":{"rendered":"http:\/\/wp.steenkamper.de\/?page_id=3374"},"modified":"2024-04-16T12:07:12","modified_gmt":"2024-04-16T10:07:12","slug":"fluechtlings-ags","status":"publish","type":"page","link":"https:\/\/www.steenkamper.de\/index.php\/fluechtlingsarbeit\/fluechtlings-ags\/","title":{"rendered":"Fl\u00fcchtlings AGs"},"content":{"rendered":"<p>Ausschuss Fl\u00fcchtlingsunterst\u00fctzung Steenkamp:<br \/>\nFriederike Petrelli: 040 31790366<br \/>\nGertrud Krapp: 040 8005165<br \/>\nFriedhelm Moggert-K\u00e4geler: 0160 99165211<\/p>\n<hr \/>\n<h3>Aktiv<\/h3>\n<ul>\n<li><a href=\"https:\/\/www.steenkamper.de\/index.php\/fluechtlingsarbeit\/cafe-vogelweide\/\"><strong>Caf\u00e9 &#8220;Vogelweide<\/strong>&#8220;<\/a><br \/>\nJeden letzten Sonntag treffen sich alte und neue Nachbar\/innen im Steenkampsaal bei Kaffee und Kuchen&#8230; <a href=\"https:\/\/www.steenkamper.de\/index.php\/fluechtlingsarbeit\/cafe-vogelweide\/\">weiterlesen<\/a><\/li>\n<\/ul>\n<h3>Archiv<\/h3>\n<ul>\n<li>Deutschkiosk, ein Angebor f\u00fcr gefl\u00fcchtete Menschen aus der Ukraine Juni 2023 &#8211; Oktober 2023,<\/li>\n<li><strong><a href=\"https:\/\/www.steenkamper.de\/index.php\/fluechtlingsarbeit\/deutschkurse\/\" data-wplink-edit=\"true\">Deutschkurse<\/a><\/strong><br \/>\nMehrere Angebote auf verschiedenen Niveaus waren im Angebot. Sie wurden 2020 eingestellt.<\/li>\n<li><a href=\"https:\/\/www.steenkamper.de\/index.php\/fluechtlingsarbeit\/angebote-fuer-frauen\/\"><strong>Nachbarinnentreff &#8211; Angebot f\u00fcr<\/strong> <strong>Frauen<\/strong><\/a><br \/>\nJeder zweite Freitag bot der Nachbarinnentreff ein Kontakt- und Gespr\u00e4chsangebot an, anfangs mit Kinderbertreuung &#8230; \u00a0<a href=\"https:\/\/www.steenkamper.de\/index.php\/fluechtlingsarbeit\/angebote-fuer-frauen\/\">weiterlesen<\/a><\/li>\n<li><a href=\"https:\/\/www.steenkamper.de\/index.php\/fluechtlingsarbeit\/willkommens-ag\/\"><strong>Willkommens<\/strong>&#8211;<strong>AG<\/strong><\/a><br \/>\nDiese Arbeitsgruppe hat ihre Arbeit f\u00fcr die Notkestra\u00dfe 25 im Oktober 2016 beendet.\u00a0 <a href=\"https:\/\/www.steenkamper.de\/index.php\/fluechtlingsarbeit\/willkommens-ag\/\">weiterlesen<\/a><\/li>\n<li><strong><a href=\"https:\/\/www.steenkamper.de\/index.php\/fluechtlingsarbeit\/ag-wlaninternet\/\">WLAN\/Internet f\u00fcr Fl\u00fcchtlinge<\/a><\/strong><br \/>\nDen Kontakt in alle Welt herzustellen, mit der Familie und Freunden, Internet f\u00fcr die Kommunikation wie f\u00fcr die Arbeitssuche, das war das Ziel dieser Arbeitsgruppe &#8230;.\u00a0 <a href=\"https:\/\/www.steenkamper.de\/index.php\/fluechtlingsarbeit\/ag-wlaninternet\/\">weiterlesen<\/a><\/li>\n<li><strong><a href=\"https:\/\/www.steenkamper.de\/index.php\/fluechtlingsarbeit\/angebote-fuer-jugendliche\/\">Angebote f\u00fcr Jugendliche<\/a><\/strong><br \/>\nJugendlichen Aktivit\u00e4ten anzubieten, sie\u00a0in ihrer Umgebung zu vernetzen und ihnen\u00a0das Eingew\u00f6hnen zu erleichtern, darum ging es hier &#8230;\u00a0 <a href=\"https:\/\/www.steenkamper.de\/index.php\/fluechtlingsarbeit\/angebote-fuer-jugendliche\/\">weiterlesen<\/a><\/li>\n<li><a href=\"https:\/\/www.steenkamper.de\/index.php\/sport-ag\/\"><strong>Sport<\/strong><\/a><br \/>\nSport ist international und eine gute Basis miteinander in Kontakt zu treten und aktiv zu werden, das wollte die Sport AG bieten&#8230;\u00a0 <a href=\"https:\/\/www.steenkamper.de\/index.php\/sport-ag\/\">weiterlesen<\/a><\/li>\n<li><strong>Kunst\/Kultur <\/strong>&#8211;&gt; Diese Arbeitsgruppe war in der Planung, wurde aber nicht in die Praxis umgesetzt.<\/li>\n<li><strong>Patenschaften<\/strong> &#8211;&gt; Es hat sich im Laufe der Aktivit\u00e4ten gezeigt, dass die Begleitung und Unterst\u00fctzung einzelner Personen oder auch Familien \u00fcber die Kontakte in anderen Gruppen erfolgt oder \u00fcber die Einrichtung in der Notkestra\u00dfe 25. Damit war diese Planung &#8220;\u00fcberholt&#8221;. Von 2017 bis 2018 gab es neben den pers\u00f6nlichen Kontakten die <a href=\"https:\/\/www.steenkamper.de\/index.php\/help\/\" target=\"_blank\" rel=\"noopener noreferrer\"><strong>Plattform HELP<\/strong><\/a> , Aufgabe Unterst\u00fctzung nachzufragen oder anzubieten.<\/li>\n<\/ul>\n","protected":false},"excerpt":{"rendered":"<p>Ausschuss Fl\u00fcchtlingsunterst\u00fctzung Steenkamp: Friederike Petrelli: 040 31790366 Gertrud Krapp: 040 8005165 Friedhelm Moggert-K\u00e4geler: 0160 99165211 Aktiv Caf\u00e9 &#8220;Vogelweide&#8220; Jeden letzten Sonntag treffen sich alte und neue Nachbar\/innen im Steenkampsaal bei&#8230; <\/p>\n<p><a class=\"teaser-more\" href=\"https:\/\/www.steenkamper.de\/index.php\/fluechtlingsarbeit\/fluechtlings-ags\/\">weiter lesen<\/a><\/p>\n","protected":false},"author":6,"featured_media":0,"parent":247,"menu_order":0,"comment_status":"closed","ping_status":"closed","template":"","meta":{"_acf_changed":false,"_price":"","_stock":"","_tribe_ticket_header":"","_tribe_default_ticket_provider":"","_tribe_ticket_capacity":"0","_ticket_start_date":"","_ticket_end_date":"","_tribe_ticket_show_description":"","_tribe_ticket_show_not_going":false,"_tribe_ticket_use_global_stock":"","_tribe_ticket_global_stock_level":"","_global_stock_mode":"","_global_stock_cap":"","_tribe_rsvp_for_event":"","_tribe_ticket_going_count":"","_tribe_ticket_not_going_count":"","_tribe_tickets_list":"[]","_tribe_ticket_has_attendee_info_fields":false,"jetpack_post_was_ever_published":false,"footnotes":"","_tec_slr_enabled":"","_tec_slr_layout":""},"class_list":["post-3374","page","type-page","status-publish","hentry"],"acf":[],"jetpack_sharing_enabled":false,"jetpack_shortlink":"https:\/\/wp.me\/P74Wuo-Sq","jetpack_likes_enabled":true,"jetpack-related-posts":[{"id":2972,"url":"https:\/\/www.steenkamper.de\/index.php\/fluechtlingsarbeit\/praktika-und-job\/","url_meta":{"origin":3374,"position":0},"title":"Praktikum + Job","author":"Gertrud Krapp","date":"28\/11\/2016","format":false,"excerpt":"Durch die Kontakte zu den Nachbarinnen und Nachbarn aus der Notkestra\u00dfe 25 ergeben sich Fragen zu Praktika und Arbeitsplatz. Vielleicht sind wir nicht unbedingt alle Fachleute und m\u00f6chten trotzdem unterst\u00fctzen, ggf. begleiten und praktisch helfen. Die folgenden Einrichtungen sind behilflich - auch in rechtlichen Fragen zu Arbeit, Anerkennung und Status.\u2026","rel":"","context":"\u00c4hnlicher Beitrag","block_context":{"text":"\u00c4hnlicher Beitrag","link":""},"img":{"alt_text":"","src":"","width":0,"height":0},"classes":[]},{"id":1788,"url":"https:\/\/www.steenkamper.de\/index.php\/fluechtlingsarbeit\/angebote-fuer-frauen\/","url_meta":{"origin":3374,"position":1},"title":"Nachbarinnentreff","author":"Gertrud Krapp","date":"26\/02\/2016","format":false,"excerpt":"sagt Tsch\u00fcss! Wiedersehen mit und im und vom Nachbarinnentreff. Am 07. August 2020 um 11:00 Uhr war es noch einmal soweit. Die T\u00fcren des Steenkampsaales gingen wieder und noch einmal f\u00fcr uns auf.\u00a0 Dieser Termin war gleichzeitig auch der letzte f\u00fcr das Nachbarinnentreffen. Damit sagte das Team vom Nachbarinnentreff \"Tsch\u00fcs\".\u2026","rel":"","context":"\u00c4hnlicher Beitrag","block_context":{"text":"\u00c4hnlicher Beitrag","link":""},"img":{"alt_text":"Unser Platz zum Kl\u00f6nen ....","src":"https:\/\/i0.wp.com\/www.steenkamper.de\/wp-content\/uploads\/2017\/10\/fruehst-300x146.jpg?resize=350%2C200&ssl=1","width":350,"height":200},"classes":[]},{"id":2380,"url":"https:\/\/www.steenkamper.de\/index.php\/sport-ag\/","url_meta":{"origin":3374,"position":2},"title":"Sport-AG","author":"Gertrud Krapp","date":"09\/08\/2016","format":false,"excerpt":"Informationen \u2013 Sportangebote Auf der mehrsprachigen Internetplattform* \u201eWillkommen im Sport\u201c sind Angebote f\u00fcr Gefl\u00fcchtete eingestellt. Dort k\u00f6nnen Angebote nach Bezirk, Sportart, Verein und Altersgruppe gesucht und gefunden werden. http:\/\/www.willkommen-im-sport.de\/ Auf einem \u201eSportmarkt\u201c, k\u00f6nnen Gesuche nach und Angebote von \u00dcbungsleitern\/innen usw. eingestellt werden. *Initiative des Bundesprogramms \u201eIntegration durch Sport\u201c\/Hamburger Sportbund e.V.,\u2026","rel":"","context":"\u00c4hnlicher Beitrag","block_context":{"text":"\u00c4hnlicher Beitrag","link":""},"img":{"alt_text":"web_sport","src":"https:\/\/i0.wp.com\/wp.steenkamper.de\/wp-content\/uploads\/2016\/08\/web_sport-300x203.png?resize=350%2C200","width":350,"height":200},"classes":[]},{"id":1792,"url":"https:\/\/www.steenkamper.de\/index.php\/fluechtlingsarbeit\/angebote-fuer-jugendliche\/","url_meta":{"origin":3374,"position":3},"title":"Angebote f\u00fcr Jugendliche","author":"Max","date":"26\/02\/2016","format":false,"excerpt":"Informationen - F\u00f6rderangebote f\u00fcr Jugendliche * Hamburger Berufsbildungsatlas Speziell f\u00fcr die Zielgruppe\u00a0der Jugendlichen\u00a0wurden auf http:\/\/www.ichblickdurch.de\/ die bestehenden Beratungs-, Orientierungs- und Qualifizierungsprojekte um neue Angebote erweitert und aktuell gehalten. (Schneller Zugang zu \u00fcber\u00a0Auswahlm\u00f6glichkeit \u201eJugendliche mit Fluchthintergrund (U25)\u201c ) Bei Jugendlichen mit Fluchthintergrund entscheidet neben anderen F\u00f6rderkriterien der Aufenthaltsstatus \u2013 Gestattung, Duldung\u2026","rel":"","context":"\u00c4hnlicher Beitrag","block_context":{"text":"\u00c4hnlicher Beitrag","link":""},"img":{"alt_text":"","src":"","width":0,"height":0},"classes":[]},{"id":286,"url":"https:\/\/www.steenkamper.de\/index.php\/kooperationspartner\/","url_meta":{"origin":3374,"position":4},"title":"Kooperationspartner\/Links","author":"Max","date":"16\/12\/2015","format":false,"excerpt":"Nachbarschaftscaf\u00e9 \u201eDas Caf\u00e9\u201c des F\u00f6rderkreis Stadthof e.V.\u00a0 direkt an der Vogelweide, Steenkamp 16 Das Caf\u00e9 \u00f6ffnet seine T\u00fcr jeweils freitags und samstags von 14.00- 18.00 Uhr. Ev. Melanchthon-Kirchengemeinde Hamburg-Flottbek in der\u00a0Ebertallee 30 Es finden Gottesdienste mit Taufen beim Sommerfest statt sowie Gottesdienste mit Tschernobylkindern und den \u201eSteenkampsingern\u201c. Sozialkaufhaus \u201eBaNotke\u201c Spenden\u2026","rel":"","context":"\u00c4hnlicher Beitrag","block_context":{"text":"\u00c4hnlicher Beitrag","link":""},"img":{"alt_text":"","src":"","width":0,"height":0},"classes":[]},{"id":247,"url":"https:\/\/www.steenkamper.de\/index.php\/fluechtlingsarbeit\/","url_meta":{"origin":3374,"position":5},"title":"Ausschuss Fl\u00fcchtlingsunterst\u00fctzung","author":"Max","date":"15\/12\/2015","format":false,"excerpt":"Caf\u00e9 VogelweideDas Caf\u00e9 ist seit April 2022 nach einer l\u00e4ngeren Coronapause wieder aktiv. Alle Steenkamper\/innen sind eingeladen mit neuen Nachbarn\/innen Deutsch zu kl\u00f6nen und zu Tee\/Kaffee\/Kuchen zusammenzusitzen. Kuchenspenden (geschnittene) sind sehr erw\u00fcnscht, um das Buffet zu erweitern. Sie k\u00f6nnen ab 15.00h abgegeben werden. Das Caf\u00e9 findet ab 16.00h bis 17.30h\u2026","rel":"","context":"\u00c4hnlicher Beitrag","block_context":{"text":"\u00c4hnlicher Beitrag","link":""},"img":{"alt_text":"","src":"https:\/\/i0.wp.com\/www.steenkamper.de\/wp-content\/uploads\/2016\/09\/IMG_2805-300x141.png?resize=350%2C200&ssl=1","width":350,"height":200},"classes":[]}],"ticketed":false,"_links":{"self":[{"href":"https:\/\/www.steenkamper.de\/index.php\/wp-json\/wp\/v2\/pages\/3374","targetHints":{"allow":["GET"]}}],"collection":[{"href":"https:\/\/www.steenkamper.de\/index.php\/wp-json\/wp\/v2\/pages"}],"about":[{"href":"https:\/\/www.steenkamper.de\/index.php\/wp-json\/wp\/v2\/types\/page"}],"author":[{"embeddable":true,"href":"https:\/\/www.steenkamper.de\/index.php\/wp-json\/wp\/v2\/users\/6"}],"replies":[{"embeddable":true,"href":"https:\/\/www.steenkamper.de\/index.php\/wp-json\/wp\/v2\/comments?post=3374"}],"version-history":[{"count":18,"href":"https:\/\/www.steenkamper.de\/index.php\/wp-json\/wp\/v2\/pages\/3374\/revisions"}],"predecessor-version":[{"id":27506,"href":"https:\/\/www.steenkamper.de\/index.php\/wp-json\/wp\/v2\/pages\/3374\/revisions\/27506"}],"up":[{"embeddable":true,"href":"https:\/\/www.steenkamper.de\/index.php\/wp-json\/wp\/v2\/pages\/247"}],"wp:attachment":[{"href":"https:\/\/www.steenkamper.de\/index.php\/wp-json\/wp\/v2\/media?parent=3374"}],"curies":[{"name":"wp","href":"https:\/\/api.w.org\/{rel}","templated":true}]}}