{"id":3174,"date":"2017-07-03T11:19:31","date_gmt":"2017-07-03T10:19:31","guid":{"rendered":"http:\/\/wp.steenkamper.de\/?page_id=3174"},"modified":"2017-12-27T10:59:19","modified_gmt":"2017-12-27T09:59:19","slug":"steenkamper-plan","status":"publish","type":"page","link":"https:\/\/www.steenkamper.de\/index.php\/steenkamper-plan\/","title":{"rendered":"Steenkamper Plan"},"content":{"rendered":"<p>unsere Steenkamper Nachbarschaft.<\/p>\n<p><em>zum vergr\u00f6\u00dfern Plan anklicken<\/em><\/p>\n<p><img data-recalc-dims=\"1\" fetchpriority=\"high\" decoding=\"async\" data-attachment-id=\"5651\" data-permalink=\"https:\/\/www.steenkamper.de\/index.php\/steenkamper-plan\/img_3279\/\" data-orig-file=\"https:\/\/i0.wp.com\/www.steenkamper.de\/wp-content\/uploads\/2017\/12\/img_3279.jpg?fit=2973%2C2102&amp;ssl=1\" data-orig-size=\"2973,2102\" data-comments-opened=\"1\" data-image-meta=\"{&quot;aperture&quot;:&quot;0&quot;,&quot;credit&quot;:&quot;&quot;,&quot;camera&quot;:&quot;&quot;,&quot;caption&quot;:&quot;&quot;,&quot;created_timestamp&quot;:&quot;0&quot;,&quot;copyright&quot;:&quot;&quot;,&quot;focal_length&quot;:&quot;0&quot;,&quot;iso&quot;:&quot;0&quot;,&quot;shutter_speed&quot;:&quot;0&quot;,&quot;title&quot;:&quot;&quot;,&quot;orientation&quot;:&quot;1&quot;}\" data-image-title=\"Steenkamper_Nachbarschaftsplan\" data-image-description=\"\" data-image-caption=\"&lt;p&gt;Steenkamper Nachbarschaftsplan&lt;\/p&gt;\n\" data-large-file=\"https:\/\/i0.wp.com\/www.steenkamper.de\/wp-content\/uploads\/2017\/12\/img_3279.jpg?fit=1024%2C724&amp;ssl=1\" src=\"https:\/\/i0.wp.com\/wp.steenkamper.de\/wp-content\/uploads\/2017\/12\/img_3279.jpg?resize=2973%2C2102\" class=\"size-medium alignleft wp-image-5651\" height=\"2102\" width=\"2973\" srcset=\"https:\/\/i0.wp.com\/www.steenkamper.de\/wp-content\/uploads\/2017\/12\/img_3279.jpg?w=2973&amp;ssl=1 2973w, https:\/\/i0.wp.com\/www.steenkamper.de\/wp-content\/uploads\/2017\/12\/img_3279.jpg?resize=300%2C212&amp;ssl=1 300w, https:\/\/i0.wp.com\/www.steenkamper.de\/wp-content\/uploads\/2017\/12\/img_3279.jpg?resize=768%2C543&amp;ssl=1 768w, https:\/\/i0.wp.com\/www.steenkamper.de\/wp-content\/uploads\/2017\/12\/img_3279.jpg?resize=1024%2C724&amp;ssl=1 1024w, https:\/\/i0.wp.com\/www.steenkamper.de\/wp-content\/uploads\/2017\/12\/img_3279.jpg?resize=500%2C354&amp;ssl=1 500w, https:\/\/i0.wp.com\/www.steenkamper.de\/wp-content\/uploads\/2017\/12\/img_3279.jpg?resize=450%2C318&amp;ssl=1 450w, https:\/\/i0.wp.com\/www.steenkamper.de\/wp-content\/uploads\/2017\/12\/img_3279.jpg?w=2000&amp;ssl=1 2000w\" sizes=\"(max-width: 1000px) 100vw, 1000px\" \/><\/p>\n","protected":false},"excerpt":{"rendered":"<p>unsere Steenkamper Nachbarschaft. zum vergr\u00f6\u00dfern Plan anklicken<\/p>\n","protected":false},"author":6,"featured_media":0,"parent":0,"menu_order":0,"comment_status":"closed","ping_status":"closed","template":"","meta":{"_acf_changed":false,"site-sidebar-layout":"default","site-content-layout":"","ast-site-content-layout":"default","site-content-style":"default","site-sidebar-style":"default","ast-global-header-display":"","ast-banner-title-visibility":"","ast-main-header-display":"","ast-hfb-above-header-display":"","ast-hfb-below-header-display":"","ast-hfb-mobile-header-display":"","site-post-title":"","ast-breadcrumbs-content":"","ast-featured-img":"","footer-sml-layout":"","ast-disable-related-posts":"","theme-transparent-header-meta":"","adv-header-id-meta":"","stick-header-meta":"","header-above-stick-meta":"","header-main-stick-meta":"","header-below-stick-meta":"","astra-migrate-meta-layouts":"default","ast-page-background-enabled":"default","ast-page-background-meta":{"desktop":{"background-color":"var(--ast-global-color-5)","background-image":"","background-repeat":"repeat","background-position":"center center","background-size":"auto","background-attachment":"scroll","background-type":"","background-media":"","overlay-type":"","overlay-color":"","overlay-opacity":"","overlay-gradient":""},"tablet":{"background-color":"","background-image":"","background-repeat":"repeat","background-position":"center center","background-size":"auto","background-attachment":"scroll","background-type":"","background-media":"","overlay-type":"","overlay-color":"","overlay-opacity":"","overlay-gradient":""},"mobile":{"background-color":"","background-image":"","background-repeat":"repeat","background-position":"center center","background-size":"auto","background-attachment":"scroll","background-type":"","background-media":"","overlay-type":"","overlay-color":"","overlay-opacity":"","overlay-gradient":""}},"ast-content-background-meta":{"desktop":{"background-color":"var(--ast-global-color-4)","background-image":"","background-repeat":"repeat","background-position":"center center","background-size":"auto","background-attachment":"scroll","background-type":"","background-media":"","overlay-type":"","overlay-color":"","overlay-opacity":"","overlay-gradient":""},"tablet":{"background-color":"var(--ast-global-color-4)","background-image":"","background-repeat":"repeat","background-position":"center center","background-size":"auto","background-attachment":"scroll","background-type":"","background-media":"","overlay-type":"","overlay-color":"","overlay-opacity":"","overlay-gradient":""},"mobile":{"background-color":"var(--ast-global-color-4)","background-image":"","background-repeat":"repeat","background-position":"center center","background-size":"auto","background-attachment":"scroll","background-type":"","background-media":"","overlay-type":"","overlay-color":"","overlay-opacity":"","overlay-gradient":""}},"_price":"","_stock":"","_tribe_ticket_header":"","_tribe_default_ticket_provider":"","_tribe_ticket_capacity":"0","_ticket_start_date":"","_ticket_end_date":"","_tribe_ticket_show_description":"","_tribe_ticket_show_not_going":false,"_tribe_ticket_use_global_stock":"","_tribe_ticket_global_stock_level":"","_global_stock_mode":"","_global_stock_cap":"","_tribe_rsvp_for_event":"","_tribe_ticket_going_count":"","_tribe_ticket_not_going_count":"","_tribe_tickets_list":"[]","_tribe_ticket_has_attendee_info_fields":false,"jetpack_post_was_ever_published":false,"footnotes":"","_tec_slr_enabled":"","_tec_slr_layout":""},"class_list":["post-3174","page","type-page","status-publish","hentry"],"acf":[],"jetpack_sharing_enabled":false,"jetpack_shortlink":"https:\/\/wp.me\/P74Wuo-Pc","jetpack_likes_enabled":true,"jetpack-related-posts":[{"id":5242,"url":"https:\/\/www.steenkamper.de\/index.php\/steenkamper-medien\/","url_meta":{"origin":3174,"position":0},"title":"Steenkamper Medien","author":"Max","date":"16\/11\/2017","format":false,"excerpt":"Mitgliederzeitung,\u00a0Newsletter,\u00a0Webseite,\u00a0Nachbarschaftsplan,\u00a0Festschrift,etc. Mitgliederzeitung \u201eDer Steenkamper\u201c Steenkamper Archiv\u00a0(hier auch die aktuelle Ausgabe) Zweimal j\u00e4hrlich gibt die Heimst\u00e4ttervereinigung eine Mitgliederzeitung mit dem Titel\u201eDer Steenkamper\u201c mit einer Auflage von 1.500 St\u00fcck heraus. In 2016 wurden das redaktionelle Konzept und das Layout durch Fachleute aus der Nachbarschaft ehrenamtlich komplett erneuert. Die Redaktion freut sich \u00fcber\u2026","rel":"","context":"\u00c4hnlicher Beitrag","block_context":{"text":"\u00c4hnlicher Beitrag","link":""},"img":{"alt_text":"","src":"https:\/\/i0.wp.com\/www.steenkamper.de\/wp-content\/uploads\/2021\/02\/Nachbarschaftsplan2021-2-scaled.jpg?resize=350%2C200&ssl=1","width":350,"height":200,"srcset":"https:\/\/i0.wp.com\/www.steenkamper.de\/wp-content\/uploads\/2021\/02\/Nachbarschaftsplan2021-2-scaled.jpg?resize=350%2C200&ssl=1 1x, https:\/\/i0.wp.com\/www.steenkamper.de\/wp-content\/uploads\/2021\/02\/Nachbarschaftsplan2021-2-scaled.jpg?resize=525%2C300&ssl=1 1.5x, https:\/\/i0.wp.com\/www.steenkamper.de\/wp-content\/uploads\/2021\/02\/Nachbarschaftsplan2021-2-scaled.jpg?resize=700%2C400&ssl=1 2x, https:\/\/i0.wp.com\/www.steenkamper.de\/wp-content\/uploads\/2021\/02\/Nachbarschaftsplan2021-2-scaled.jpg?resize=1050%2C600&ssl=1 3x, https:\/\/i0.wp.com\/www.steenkamper.de\/wp-content\/uploads\/2021\/02\/Nachbarschaftsplan2021-2-scaled.jpg?resize=1400%2C800&ssl=1 4x"},"classes":[]},{"id":1096,"url":"https:\/\/www.steenkamper.de\/index.php\/max-lips\/","url_meta":{"origin":3174,"position":1},"title":"Max Lips","author":"Max","date":"06\/01\/2016","format":false,"excerpt":"ist Administrator der Webseite www.steenkamper.de Redakteur vom Vereinsblatt DER STEENKAMPER und vom Newsletter DER KLEINEN STEENKAMPER. Er ist Kameramann f\u00fcr Film und Fernsehen,\u00a01972 in Hamburg geboren und in HH-Ottensen aufgewachsen. Seit 2012 wohnen meine Frau, unsere drei T\u00f6chtern und ich hier in der Siedlung. \u00a0Wir f\u00fchlen uns sehr wohl und\u2026","rel":"","context":"\u00c4hnlicher Beitrag","block_context":{"text":"\u00c4hnlicher Beitrag","link":""},"img":{"alt_text":"m.lips","src":"https:\/\/i0.wp.com\/wp.steenkamper.de\/wp-content\/uploads\/2016\/01\/m.lips_-150x150.png?resize=350%2C200","width":350,"height":200},"classes":[]},{"id":167,"url":"https:\/\/www.steenkamper.de\/index.php\/der-steenkamper\/","url_meta":{"origin":3174,"position":2},"title":"Der Steenkamper","author":"admin","date":"15\/12\/2015","format":false,"excerpt":"Zweimal im Jahr gibt die Heimst\u00e4ttervereinigung ihre Mitgliederzeitung mit dem Titel \u201eDer Steenkamper\u201c mit einer Auflage von 1.500 St\u00fcck heraus. Diese wird in der Nachbarschaft kostenlos an alle Haushalte verteilt und liegt auch in verschiedenen Gesch\u00e4ften in der Umgebung aus. Seit 2019 auf Recyclingpapier:\u00a0 Hier der Link zur Helfer*innen-Liste f\u00fcr\u2026","rel":"","context":"\u00c4hnlicher Beitrag","block_context":{"text":"\u00c4hnlicher Beitrag","link":""},"img":{"alt_text":"","src":"https:\/\/i0.wp.com\/www.steenkamper.de\/wp-content\/uploads\/2017\/07\/2_2017-2-e1500232746131-300x172.jpg?resize=350%2C200&ssl=1","width":350,"height":200},"classes":[]},{"id":1025,"url":"https:\/\/www.steenkamper.de\/index.php\/siedlungsgeschichten\/","url_meta":{"origin":3174,"position":3},"title":"Siedlungsgeschichten","author":"Max","date":"04\/01\/2016","format":false,"excerpt":"\u00a0 Im Steenkamper online Rundgang sind die Siedlungsgeschichten mit ihrem Ort des Geschehens verkn\u00fcpft. Ein bisschen Zeit muss sein! 100 Jahre Ursula (Uschi) Scheibner Louis Cahnbley Stolperstein vor dem Haus im Steenkamp 43 Der Emmichbrunnen im Riemenschneiderstieg von Sebastian Buchholz aus dem Steenkamper 2\/2022 Mit der Strassenbahn zum Steenkamp? von\u2026","rel":"","context":"\u00c4hnlicher Beitrag","block_context":{"text":"\u00c4hnlicher Beitrag","link":""},"img":{"alt_text":"","src":"https:\/\/i0.wp.com\/www.steenkamper.de\/wp-content\/uploads\/2019\/12\/logo-steenkamp-jubilaeum-KLEIN-278x300.png?resize=350%2C200&ssl=1","width":350,"height":200},"classes":[]},{"id":247,"url":"https:\/\/www.steenkamper.de\/index.php\/fluechtlingsarbeit\/","url_meta":{"origin":3174,"position":4},"title":"Ausschuss Fl\u00fcchtlingsunterst\u00fctzung","author":"Max","date":"15\/12\/2015","format":false,"excerpt":"Caf\u00e9 VogelweideDas Caf\u00e9 ist seit April 2022 nach einer l\u00e4ngeren Coronapause wieder aktiv. Alle Steenkamper\/innen sind eingeladen mit neuen Nachbarn\/innen Deutsch zu kl\u00f6nen und zu Tee\/Kaffee\/Kuchen zusammenzusitzen. Kuchenspenden (geschnittene) sind sehr erw\u00fcnscht, um das Buffet zu erweitern. Sie k\u00f6nnen ab 15.00h abgegeben werden. Das Caf\u00e9 findet ab 16.00h bis 17.30h\u2026","rel":"","context":"\u00c4hnlicher Beitrag","block_context":{"text":"\u00c4hnlicher Beitrag","link":""},"img":{"alt_text":"","src":"https:\/\/i0.wp.com\/www.steenkamper.de\/wp-content\/uploads\/2016\/09\/IMG_2805-300x141.png?resize=350%2C200&ssl=1","width":350,"height":200},"classes":[]},{"id":154,"url":"https:\/\/www.steenkamper.de\/index.php\/nachbarschaft\/","url_meta":{"origin":3174,"position":5},"title":"Nachbarschaft","author":"admin","date":"15\/12\/2015","format":false,"excerpt":"Fl\u00fcchtlingshilfe Mitteilungsblatt \"DerSteenkamper\u201d Mieter Info Eigent\u00fcmer Info Shop \u201cSpreadshirt\u201d Gruppen Marktplatz Umgangsformen Kommentare Hinweise\/Tipps Pressespiegel","rel":"","context":"\u00c4hnlicher Beitrag","block_context":{"text":"\u00c4hnlicher Beitrag","link":""},"img":{"alt_text":"","src":"","width":0,"height":0},"classes":[]}],"ticketed":false,"_links":{"self":[{"href":"https:\/\/www.steenkamper.de\/index.php\/wp-json\/wp\/v2\/pages\/3174","targetHints":{"allow":["GET"]}}],"collection":[{"href":"https:\/\/www.steenkamper.de\/index.php\/wp-json\/wp\/v2\/pages"}],"about":[{"href":"https:\/\/www.steenkamper.de\/index.php\/wp-json\/wp\/v2\/types\/page"}],"author":[{"embeddable":true,"href":"https:\/\/www.steenkamper.de\/index.php\/wp-json\/wp\/v2\/users\/6"}],"replies":[{"embeddable":true,"href":"https:\/\/www.steenkamper.de\/index.php\/wp-json\/wp\/v2\/comments?post=3174"}],"version-history":[{"count":10,"href":"https:\/\/www.steenkamper.de\/index.php\/wp-json\/wp\/v2\/pages\/3174\/revisions"}],"predecessor-version":[{"id":5652,"href":"https:\/\/www.steenkamper.de\/index.php\/wp-json\/wp\/v2\/pages\/3174\/revisions\/5652"}],"wp:attachment":[{"href":"https:\/\/www.steenkamper.de\/index.php\/wp-json\/wp\/v2\/media?parent=3174"}],"curies":[{"name":"wp","href":"https:\/\/api.w.org\/{rel}","templated":true}]}}