{"id":30284,"date":"2025-09-03T19:06:47","date_gmt":"2025-09-03T17:06:47","guid":{"rendered":"https:\/\/www.steenkamper.de\/?page_id=30284"},"modified":"2025-09-03T19:08:00","modified_gmt":"2025-09-03T17:08:00","slug":"ein-bisschen-zeit-muss-sein-100-jahre-ursula-uschi-scheibner","status":"publish","type":"page","link":"https:\/\/www.steenkamper.de\/index.php\/ein-bisschen-zeit-muss-sein-100-jahre-ursula-uschi-scheibner\/","title":{"rendered":"Ein bisschen Zeit muss sein! 100 Jahre Ursula (Uschi) Scheibner"},"content":{"rendered":"\n<p>Vor allem, wenn es sich um einen 100sten Geburtstag handelt. So einen Geburtstag hat Ursula (Uschi) Scheibner aus dem R\u00fcsternkamp am 10. Januar 2025 gefeiert. Da unser Saal noch nicht ganz fertig war, traf man sich im Gemeindesaal der Melanchthongemeinde, von der Familie fein vorbereitet und geschm\u00fcckt.<\/p>\n\n\n\n<p>Erinnert ihr euch? Vor zwei Jahren gab es schon einmal einen Artikel im Steenkamper, zum 98j\u00e4hrigen, da hatte sie uns den 100sten versprochen und sie hat Wort gehalten. Und nun braucht es auch etwas Zeit f\u00fcr diesen Artikel\u2026<\/p>\n\n\n<div class=\"wp-block-image\">\n<figure class=\"alignleft size-large is-resized\"><img data-recalc-dims=\"1\" fetchpriority=\"high\" decoding=\"async\" width=\"750\" height=\"1000\" data-attachment-id=\"30286\" data-permalink=\"https:\/\/www.steenkamper.de\/index.php\/ein-bisschen-zeit-muss-sein-100-jahre-ursula-uschi-scheibner\/20250210_100840_torte\/\" data-orig-file=\"https:\/\/i0.wp.com\/www.steenkamper.de\/wp-content\/uploads\/2025\/09\/20250210_100840_torte-scaled.jpg?fit=1920%2C2560&amp;ssl=1\" data-orig-size=\"1920,2560\" data-comments-opened=\"1\" data-image-meta=\"{&quot;aperture&quot;:&quot;1.8&quot;,&quot;credit&quot;:&quot;&quot;,&quot;camera&quot;:&quot;SM-A528B&quot;,&quot;caption&quot;:&quot;&quot;,&quot;created_timestamp&quot;:&quot;1739182120&quot;,&quot;copyright&quot;:&quot;&quot;,&quot;focal_length&quot;:&quot;5.23&quot;,&quot;iso&quot;:&quot;400&quot;,&quot;shutter_speed&quot;:&quot;0.02&quot;,&quot;title&quot;:&quot;&quot;,&quot;orientation&quot;:&quot;0&quot;}\" data-image-title=\"20250210_100840_torte\" data-image-description=\"\" data-image-caption=\"\" data-large-file=\"https:\/\/i0.wp.com\/www.steenkamper.de\/wp-content\/uploads\/2025\/09\/20250210_100840_torte-scaled.jpg?fit=750%2C1000&amp;ssl=1\" src=\"https:\/\/i0.wp.com\/www.steenkamper.de\/wp-content\/uploads\/2025\/09\/20250210_100840_torte.jpg?resize=750%2C1000&#038;ssl=1\" alt=\"\" class=\"wp-image-30286\" style=\"width:221px;height:auto\" srcset=\"https:\/\/i0.wp.com\/www.steenkamper.de\/wp-content\/uploads\/2025\/09\/20250210_100840_torte-scaled.jpg?resize=768%2C1024&amp;ssl=1 768w, https:\/\/i0.wp.com\/www.steenkamper.de\/wp-content\/uploads\/2025\/09\/20250210_100840_torte-scaled.jpg?resize=225%2C300&amp;ssl=1 225w, https:\/\/i0.wp.com\/www.steenkamper.de\/wp-content\/uploads\/2025\/09\/20250210_100840_torte-scaled.jpg?resize=1152%2C1536&amp;ssl=1 1152w, https:\/\/i0.wp.com\/www.steenkamper.de\/wp-content\/uploads\/2025\/09\/20250210_100840_torte-scaled.jpg?resize=1536%2C2048&amp;ssl=1 1536w, https:\/\/i0.wp.com\/www.steenkamper.de\/wp-content\/uploads\/2025\/09\/20250210_100840_torte-scaled.jpg?resize=450%2C600&amp;ssl=1 450w, https:\/\/i0.wp.com\/www.steenkamper.de\/wp-content\/uploads\/2025\/09\/20250210_100840_torte-scaled.jpg?resize=300%2C400&amp;ssl=1 300w, https:\/\/i0.wp.com\/www.steenkamper.de\/wp-content\/uploads\/2025\/09\/20250210_100840_torte-scaled.jpg?resize=600%2C800&amp;ssl=1 600w, https:\/\/i0.wp.com\/www.steenkamper.de\/wp-content\/uploads\/2025\/09\/20250210_100840_torte-scaled.jpg?w=1920&amp;ssl=1 1920w\" sizes=\"(max-width: 750px) 100vw, 750px\" \/><\/figure>\n<\/div>\n\n\n<p>Es trafen also so bummelig 60 Menschen wirklich aller Altersgruppen zusammen, von den Urenkelinnen bis zu den 99j\u00e4hrigen, um Uschi zu gratulieren. Und sie hatten Zeit mitgebracht, denn das Festprogramm hatte einiges zu bieten. Es fanden sich viele liebevolle und respektvolle Worte f\u00fcr die Jubilarin, die stets sehr aktiv gewesen war und \u00fcber ein gutes Netzwerk in der Siedlung und der Gemeinde verf\u00fcgt. Wir h\u00f6rten, dass sie als engagierte Organisatorin nie nachgelassen hatte, sich zu k\u00fcmmern. Nun engagieren sich neben der Familie viele Menschen f\u00fcr Uschi. Ein Netzwerk von Menschen um sie herum besucht sie, kauft ein, ist da. Vom Pflegedienst war zu h\u00f6ren, dass sie ein solches Netzwerk noch nicht erlebt haben. Als kleiner Nebengedanke und am Beispiel von Uschi sei erlaubt zu sagen, dass so Altwerden in der Gemeinschaft, hier im Zusammenklang der Siedlung, der Gemeinde, der Freund*innen und der Familie funktionieren kann. Zur\u00fcck zum Fest.<\/p>\n\n\n\n<p>Der Chor der Melanchthongemeinde trat mit einem kleinen Programm an und brachte ein Gru\u00dfwort von Bisch\u00f6fin Kirsten Fehrs mit. Uschi war bis zu ihren 80igern im Chor, sie hat den Chorgesang geliebt und stets bedauert, dass sie aufgeh\u00f6rt hatte. An diesem Tag hatte sie wieder die Gelegenheit und sang mit.&nbsp;<\/p>\n\n\n\n<p>Der Pastor im Ruhestand, Andreas Z\u00fchlke, uns u.a. wohlbekannt durch die Aktivit\u00e4ten rund um die Stolpersteine, hatte neben seiner Rede ein kleines Liederheft vorbereitet, alle sollten die M\u00f6glichkeit haben, mitzusingen. W\u00e4hrend seines Beitrags kamen alte Weggef\u00e4hrt*innen mit Blumen in den H\u00e4nden und stellten sie in eine gro\u00dfe Vase, bis ein kleines Tulpenmeer entstanden war, eine anr\u00fchrend sch\u00f6ne Geste.&nbsp;<\/p>\n\n\n\n<p>Wie es \u00fcberhaupt ein Treffpunkt f\u00fcr alte und sehr alte Freundschaften war. \u00d6fter war zu h\u00f6ren, dass man sich sehr lange nicht gesehen habe, es wurden H\u00e4ndchen gehalten und Erinnerungen ausgetauscht. Sehr viel sp\u00e4ter, beim Abschiednehmen, unterhielten sich drei \u00e4ltere Herren dar\u00fcber, dass sie ja nun im n\u00e4chsten Jahr ihren Hundertsten h\u00e4tten \u2013 gleich drei, Chapeau.<\/p>\n\n\n<div class=\"wp-block-image\">\n<figure class=\"alignleft size-large is-resized\"><img data-recalc-dims=\"1\" decoding=\"async\" width=\"750\" height=\"563\" data-attachment-id=\"30285\" data-permalink=\"https:\/\/www.steenkamper.de\/index.php\/ein-bisschen-zeit-muss-sein-100-jahre-ursula-uschi-scheibner\/20250210_105755_silke\/\" data-orig-file=\"https:\/\/i0.wp.com\/www.steenkamper.de\/wp-content\/uploads\/2025\/09\/20250210_105755_silke.jpg?fit=1971%2C1478&amp;ssl=1\" data-orig-size=\"1971,1478\" data-comments-opened=\"1\" data-image-meta=\"{&quot;aperture&quot;:&quot;0&quot;,&quot;credit&quot;:&quot;&quot;,&quot;camera&quot;:&quot;SM-A528B&quot;,&quot;caption&quot;:&quot;&quot;,&quot;created_timestamp&quot;:&quot;1739185076&quot;,&quot;copyright&quot;:&quot;&quot;,&quot;focal_length&quot;:&quot;0&quot;,&quot;iso&quot;:&quot;500&quot;,&quot;shutter_speed&quot;:&quot;0&quot;,&quot;title&quot;:&quot;&quot;,&quot;orientation&quot;:&quot;0&quot;}\" data-image-title=\"20250210_105755_silke\" data-image-description=\"\" data-image-caption=\"\" data-large-file=\"https:\/\/i0.wp.com\/www.steenkamper.de\/wp-content\/uploads\/2025\/09\/20250210_105755_silke.jpg?fit=750%2C563&amp;ssl=1\" src=\"https:\/\/i0.wp.com\/www.steenkamper.de\/wp-content\/uploads\/2025\/09\/20250210_105755_silke.jpg?resize=750%2C563&#038;ssl=1\" alt=\"\" class=\"wp-image-30285\" style=\"width:354px;height:auto\" srcset=\"https:\/\/i0.wp.com\/www.steenkamper.de\/wp-content\/uploads\/2025\/09\/20250210_105755_silke.jpg?resize=1024%2C768&amp;ssl=1 1024w, https:\/\/i0.wp.com\/www.steenkamper.de\/wp-content\/uploads\/2025\/09\/20250210_105755_silke.jpg?resize=300%2C225&amp;ssl=1 300w, https:\/\/i0.wp.com\/www.steenkamper.de\/wp-content\/uploads\/2025\/09\/20250210_105755_silke.jpg?resize=768%2C576&amp;ssl=1 768w, https:\/\/i0.wp.com\/www.steenkamper.de\/wp-content\/uploads\/2025\/09\/20250210_105755_silke.jpg?resize=1536%2C1152&amp;ssl=1 1536w, https:\/\/i0.wp.com\/www.steenkamper.de\/wp-content\/uploads\/2025\/09\/20250210_105755_silke.jpg?resize=450%2C337&amp;ssl=1 450w, https:\/\/i0.wp.com\/www.steenkamper.de\/wp-content\/uploads\/2025\/09\/20250210_105755_silke.jpg?resize=600%2C450&amp;ssl=1 600w, https:\/\/i0.wp.com\/www.steenkamper.de\/wp-content\/uploads\/2025\/09\/20250210_105755_silke.jpg?w=1971&amp;ssl=1 1971w\" sizes=\"(max-width: 750px) 100vw, 750px\" \/><\/figure>\n<\/div>\n\n\n<p>Die Vorsitzende der Heimst\u00e4ttervereinigung, Silke Faber, gratulierte in unser aller Namen mit einem wundersch\u00f6nen Blumenstrau\u00df. Sie passe mit ihren 100 Jahren gerade noch in das 100j\u00e4hrige Jubil\u00e4um der Steenkampsiedlung meinte Silke Faber mit einem gro\u00dfen Kompliment und vielen guten W\u00fcnschen. Weitere Nachbar*innen gratulierten und erz\u00e4hlten von gemeinsamen Erinnerungen, der Liebe zum Theater oder auch zum Rumtopf.&nbsp;<\/p>\n\n\n\n<p>Die Steenkamp-Singers und der Leitung von Kristina G\u00e4rtner hatte es sich nicht nehmen lassen, sowohl ein St\u00e4ndchen als auch ordentlich Temperament in den Saal zu bringen, u.a. mit mitrei\u00dfenden afrikanischen Liedern, sehr zur Freude der Jubilarin.&nbsp;<\/p>\n\n\n\n<p>Gro\u00dfe Bewunderung erhielt von Anfang an eine riesige Erdbeertorte auf dem Geburtstagstisch. Sie wurde unter gro\u00dfem Interesse der Anwesenden angeschnitten. Keine*r konnte sich so recht vorstellen, wie das gehen k\u00f6nnte. Tja, manchmal muss man quer denken \u2013 oder eben schneiden und dann genie\u00dfen. Mit Tortengenu\u00df und kleinen Gespr\u00e4chen ging die Feier so langsam zu Ende, aber nicht ohne gemeinsame T\u00f6ne. Uschis Sohn Andreas, griff zur Gitarre und verabschiedete die G\u00e4ste mit Heidi Kabels \u201eIn Hamburg sacht man Tsch\u00fcss, das hei\u00dft auf Wiedersehn\u2026\u201c. Und Uschi? Na, sie sang fr\u00f6hlich mit.<\/p>\n\n\n\n<p>Welch ein sch\u00f6nes kleines Fest f\u00fcr einen gro\u00dfartigen runden Geburtstag.&nbsp;<\/p>\n\n\n\n<p>April 2025<br><em>Gertrud Krapp<\/em><\/p>\n\n\n\n<p><\/p>\n","protected":false},"excerpt":{"rendered":"<p>Vor allem, wenn es sich um einen 100sten Geburtstag handelt. So einen Geburtstag hat Ursula (Uschi) Scheibner aus dem R\u00fcsternkamp am 10. Januar 2025 gefeiert. Da unser Saal noch nicht&#8230; <\/p>\n<p><a class=\"teaser-more\" href=\"https:\/\/www.steenkamper.de\/index.php\/ein-bisschen-zeit-muss-sein-100-jahre-ursula-uschi-scheibner\/\">weiter lesen<\/a><\/p>\n","protected":false},"author":6,"featured_media":0,"parent":0,"menu_order":0,"comment_status":"closed","ping_status":"closed","template":"","meta":{"_acf_changed":false,"_price":"","_stock":"","_tribe_ticket_header":"","_tribe_default_ticket_provider":"","_tribe_ticket_capacity":"0","_ticket_start_date":"","_ticket_end_date":"","_tribe_ticket_show_description":"","_tribe_ticket_show_not_going":false,"_tribe_ticket_use_global_stock":"","_tribe_ticket_global_stock_level":"","_global_stock_mode":"","_global_stock_cap":"","_tribe_rsvp_for_event":"","_tribe_ticket_going_count":"","_tribe_ticket_not_going_count":"","_tribe_tickets_list":"[]","_tribe_ticket_has_attendee_info_fields":false,"jetpack_post_was_ever_published":false,"footnotes":"","_tec_slr_enabled":"","_tec_slr_layout":""},"class_list":["post-30284","page","type-page","status-publish","hentry"],"acf":[],"jetpack_sharing_enabled":true,"jetpack_shortlink":"https:\/\/wp.me\/P74Wuo-7Ss","jetpack_likes_enabled":true,"jetpack-related-posts":[{"id":1025,"url":"https:\/\/www.steenkamper.de\/index.php\/siedlungsgeschichten\/","url_meta":{"origin":30284,"position":0},"title":"Siedlungsgeschichten","author":"Max","date":"04\/01\/2016","format":false,"excerpt":"\u00a0 Im Steenkamper online Rundgang sind die Siedlungsgeschichten mit ihrem Ort des Geschehens verkn\u00fcpft. Ein bisschen Zeit muss sein! 100 Jahre Ursula (Uschi) Scheibner Louis Cahnbley Stolperstein vor dem Haus im Steenkamp 43 Der Emmichbrunnen im Riemenschneiderstieg von Sebastian Buchholz aus dem Steenkamper 2\/2022 Mit der Strassenbahn zum Steenkamp? von\u2026","rel":"","context":"\u00c4hnlicher Beitrag","block_context":{"text":"\u00c4hnlicher Beitrag","link":""},"img":{"alt_text":"","src":"https:\/\/i0.wp.com\/www.steenkamper.de\/wp-content\/uploads\/2019\/12\/logo-steenkamp-jubilaeum-KLEIN-278x300.png?resize=350%2C200&ssl=1","width":350,"height":200},"classes":[]},{"id":14074,"url":"https:\/\/www.steenkamper.de\/index.php\/festschrift-100-jahre-steenkampsiedlung\/","url_meta":{"origin":30284,"position":1},"title":"Festschrift 100 Jahre Steenkampsiedlung","author":"Max","date":"07\/01\/2021","format":false,"excerpt":"Eine einzigartige Festschrift zum 100. Geburtstag der Steenkampsiedlung. Sebastian Buchholz hat f\u00fcr die Heimst\u00e4ttervereinigung Steenkamp Historisches, Erlebtes und Zeitdokumente aus dem umfangreichen Archiv der Heimst\u00e4ttervereinigung und vielen neuen Quellen zusammengetragen. Es ist ein bunter Blumenstrau\u00df mit Blick auf die sozialen, kulturellen und geschichtlichen Geschehnisse und die Ver\u00e4nderungen in der Steenkampsiedlung\u2026","rel":"","context":"\u00c4hnlicher Beitrag","block_context":{"text":"\u00c4hnlicher Beitrag","link":""},"img":{"alt_text":"","src":"https:\/\/i0.wp.com\/www.steenkamper.de\/wp-content\/uploads\/2021\/11\/100JahreBanner-KL.jpg?fit=800%2C320&ssl=1&resize=350%2C200","width":350,"height":200,"srcset":"https:\/\/i0.wp.com\/www.steenkamper.de\/wp-content\/uploads\/2021\/11\/100JahreBanner-KL.jpg?fit=800%2C320&ssl=1&resize=350%2C200 1x, https:\/\/i0.wp.com\/www.steenkamper.de\/wp-content\/uploads\/2021\/11\/100JahreBanner-KL.jpg?fit=800%2C320&ssl=1&resize=525%2C300 1.5x, https:\/\/i0.wp.com\/www.steenkamper.de\/wp-content\/uploads\/2021\/11\/100JahreBanner-KL.jpg?fit=800%2C320&ssl=1&resize=700%2C400 2x"},"classes":[]},{"id":463,"url":"https:\/\/www.steenkamper.de\/index.php\/pressespiegel\/","url_meta":{"origin":30284,"position":2},"title":"Pressespiegel","author":"admin","date":"17\/12\/2015","format":false,"excerpt":"Hamburger Bauheft Nr. 40 erschienen 3\/2023 Hamburger Wochenblatt vom 11.5.2023\u201eVon der Sozialutopie zur gebauten Wirklichkeit\u201c Hamburger Abendblatt 18.3.2023 NDR Hamburg Journal vom 14.11.2022 https:\/\/www.ndr.de\/nachrichten\/hamburg\/Sorgen-Navigationsgeraete-fuer-mehr-Stau-im-Hamburger-Westen,stau1506.html NDR Hamburg Journal vom 14.11.2022 Hamburger Abendblatt vom 14.11.2022 16.7.2022 Elbe Wochenblatt aus dem MieterJournal Juni 2022 Die Zeit Online schreibt am 16.6.2022 \u201eversteckt in Bahrenfeld\u2026","rel":"","context":"\u00c4hnlicher Beitrag","block_context":{"text":"\u00c4hnlicher Beitrag","link":""},"img":{"alt_text":"","src":"https:\/\/i0.wp.com\/www.steenkamper.de\/wp-content\/uploads\/2022\/03\/img_2834-1.jpg?resize=350%2C200&ssl=1","width":350,"height":200,"srcset":"https:\/\/i0.wp.com\/www.steenkamper.de\/wp-content\/uploads\/2022\/03\/img_2834-1.jpg?resize=350%2C200&ssl=1 1x, https:\/\/i0.wp.com\/www.steenkamper.de\/wp-content\/uploads\/2022\/03\/img_2834-1.jpg?resize=525%2C300&ssl=1 1.5x, https:\/\/i0.wp.com\/www.steenkamper.de\/wp-content\/uploads\/2022\/03\/img_2834-1.jpg?resize=700%2C400&ssl=1 2x"},"classes":[]},{"id":1027,"url":"https:\/\/www.steenkamper.de\/index.php\/ladengeschaeft-im-veit-stoss-weg\/","url_meta":{"origin":30284,"position":3},"title":"Ladengesch\u00e4ft im Veit-Sto\u00df-Weg","author":"Max","date":"04\/01\/2016","format":false,"excerpt":"Siedlungs-Geschichten \"Herr Viehst\u00e4dt erz\u00e4hlt von seinem Ladengesch\u00e4ft im Veit-Sto\u00df-Weg\" Jeder, der in der Steenkampsiedlung und den umgebenden Stra\u00dfen wohnt, sollte die beiden stets liebevoll dekorierten Schaufenster des ehemaligen Gesch\u00e4ftes im Veit-Sto\u00df-Weg kennen. Warum? Lesen Sie selbst: Interview aus dem Jahr 2013 (Artikel aus dem Steenkamper 2014\/2&3) Interview: Claus Thiele (CT),\u2026","rel":"","context":"\u00c4hnlicher Beitrag","block_context":{"text":"\u00c4hnlicher Beitrag","link":""},"img":{"alt_text":"Laden im Veit-Sto\u00df-Weg","src":"https:\/\/i0.wp.com\/wp.steenkamper.de\/wp-content\/uploads\/2016\/01\/Laden-im-Veit-Sto%C3%9F-Weg-300x215.jpg?resize=350%2C200","width":350,"height":200},"classes":[]},{"id":9443,"url":"https:\/\/www.steenkamper.de\/index.php\/meine-zeit-in-der-ebertallee-1964-1977\/","url_meta":{"origin":30284,"position":4},"title":"Meine Zeit in der Ebertallee 1964 \u2013 1977","author":"Max","date":"02\/12\/2019","format":false,"excerpt":"aus dem Steenkamper 1\/2020Erg\u00e4nzend zu dem Artikel \u201eErinnerungen\u201cvon Karin und Horst Henzeim Steenkamper 2\/2012 Kreuzung Ebertallee Osdorfer Weg in den 50er Jahren Heinz Burmeister aus Oldenfelde schreibt uns:Meine Zeit in der Ebertallee 1964 \u2013 1977 (und indirekt bis 2003)Angeregt von dem Artikel \"Erinnerungen\" von Karin und Horst Henze,denke ich an\u2026","rel":"","context":"\u00c4hnlicher Beitrag","block_context":{"text":"\u00c4hnlicher Beitrag","link":""},"img":{"alt_text":"","src":"https:\/\/i0.wp.com\/www.steenkamper.de\/wp-content\/uploads\/2019\/10\/HeinzBurmeisterEbertalleeKreuzung-OsdorferWeg50er-Jahre-Pap18-001-Kopie.jpg?resize=350%2C200&ssl=1","width":350,"height":200,"srcset":"https:\/\/i0.wp.com\/www.steenkamper.de\/wp-content\/uploads\/2019\/10\/HeinzBurmeisterEbertalleeKreuzung-OsdorferWeg50er-Jahre-Pap18-001-Kopie.jpg?resize=350%2C200&ssl=1 1x, https:\/\/i0.wp.com\/www.steenkamper.de\/wp-content\/uploads\/2019\/10\/HeinzBurmeisterEbertalleeKreuzung-OsdorferWeg50er-Jahre-Pap18-001-Kopie.jpg?resize=525%2C300&ssl=1 1.5x, https:\/\/i0.wp.com\/www.steenkamper.de\/wp-content\/uploads\/2019\/10\/HeinzBurmeisterEbertalleeKreuzung-OsdorferWeg50er-Jahre-Pap18-001-Kopie.jpg?resize=700%2C400&ssl=1 2x, https:\/\/i0.wp.com\/www.steenkamper.de\/wp-content\/uploads\/2019\/10\/HeinzBurmeisterEbertalleeKreuzung-OsdorferWeg50er-Jahre-Pap18-001-Kopie.jpg?resize=1050%2C600&ssl=1 3x, https:\/\/i0.wp.com\/www.steenkamper.de\/wp-content\/uploads\/2019\/10\/HeinzBurmeisterEbertalleeKreuzung-OsdorferWeg50er-Jahre-Pap18-001-Kopie.jpg?resize=1400%2C800&ssl=1 4x"},"classes":[]},{"id":8158,"url":"https:\/\/www.steenkamper.de\/index.php\/erika-93-jahre-sind-eine-verflixt-lange-zeit\/","url_meta":{"origin":30284,"position":5},"title":"Erika, 93 Jahre sind eine verflixt lange Zeit.","author":"Max","date":"18\/04\/2019","format":false,"excerpt":"aus dem Steenkamper1\/2019 Erika, 93 Jahre sind eine verflixt lange Zeit. von Gertrud Krapp Erikas Leben \u00fcberspannt einen Zeitbogen von 1925 bis heute. Von den Goldenen 20ern des letzten Jahrhunderts, reicht er\u00a0\u00fcber Inflation, Nationalsozialismus und den zweiten Weltkrieg, Nachkriegsjahre mit Hunger und K\u00e4lte, die Einf\u00fchrung der DM, die Zeit des\u2026","rel":"","context":"\u00c4hnlicher Beitrag","block_context":{"text":"\u00c4hnlicher Beitrag","link":""},"img":{"alt_text":"","src":"","width":0,"height":0},"classes":[]}],"ticketed":false,"_links":{"self":[{"href":"https:\/\/www.steenkamper.de\/index.php\/wp-json\/wp\/v2\/pages\/30284","targetHints":{"allow":["GET"]}}],"collection":[{"href":"https:\/\/www.steenkamper.de\/index.php\/wp-json\/wp\/v2\/pages"}],"about":[{"href":"https:\/\/www.steenkamper.de\/index.php\/wp-json\/wp\/v2\/types\/page"}],"author":[{"embeddable":true,"href":"https:\/\/www.steenkamper.de\/index.php\/wp-json\/wp\/v2\/users\/6"}],"replies":[{"embeddable":true,"href":"https:\/\/www.steenkamper.de\/index.php\/wp-json\/wp\/v2\/comments?post=30284"}],"version-history":[{"count":4,"href":"https:\/\/www.steenkamper.de\/index.php\/wp-json\/wp\/v2\/pages\/30284\/revisions"}],"predecessor-version":[{"id":30290,"href":"https:\/\/www.steenkamper.de\/index.php\/wp-json\/wp\/v2\/pages\/30284\/revisions\/30290"}],"wp:attachment":[{"href":"https:\/\/www.steenkamper.de\/index.php\/wp-json\/wp\/v2\/media?parent=30284"}],"curies":[{"name":"wp","href":"https:\/\/api.w.org\/{rel}","templated":true}]}}