{"id":29768,"date":"2025-07-11T22:39:00","date_gmt":"2025-07-11T20:39:00","guid":{"rendered":"https:\/\/www.steenkamper.de\/?page_id=29768"},"modified":"2025-07-13T08:58:03","modified_gmt":"2025-07-13T06:58:03","slug":"infoabend-ag-steenkampenergie","status":"publish","type":"page","link":"https:\/\/www.steenkamper.de\/index.php\/infoabend-ag-steenkampenergie\/","title":{"rendered":"Infoabend \u201eAG SteenkampEnergie\u201c"},"content":{"rendered":"\n<p><strong>Infoabend zur W\u00e4rmeversorgung<\/strong>&nbsp;am 25.6.2025<\/p>\n\n\n\n<figure class=\"wp-block-image size-large is-resized\"><img data-recalc-dims=\"1\" fetchpriority=\"high\" decoding=\"async\" width=\"750\" height=\"288\" data-attachment-id=\"29779\" data-permalink=\"https:\/\/www.steenkamper.de\/index.php\/infoabend-ag-steenkampenergie\/agenergie\/\" data-orig-file=\"https:\/\/i0.wp.com\/www.steenkamper.de\/wp-content\/uploads\/2025\/07\/AGEnergie-scaled.png?fit=2560%2C983&amp;ssl=1\" data-orig-size=\"2560,983\" data-comments-opened=\"1\" data-image-meta=\"{&quot;aperture&quot;:&quot;0&quot;,&quot;credit&quot;:&quot;&quot;,&quot;camera&quot;:&quot;&quot;,&quot;caption&quot;:&quot;&quot;,&quot;created_timestamp&quot;:&quot;0&quot;,&quot;copyright&quot;:&quot;&quot;,&quot;focal_length&quot;:&quot;0&quot;,&quot;iso&quot;:&quot;0&quot;,&quot;shutter_speed&quot;:&quot;0&quot;,&quot;title&quot;:&quot;&quot;,&quot;orientation&quot;:&quot;0&quot;}\" data-image-title=\"AGEnergie\" data-image-description=\"\" data-image-caption=\"\" data-large-file=\"https:\/\/i0.wp.com\/www.steenkamper.de\/wp-content\/uploads\/2025\/07\/AGEnergie-scaled.png?fit=750%2C288&amp;ssl=1\" src=\"https:\/\/i0.wp.com\/www.steenkamper.de\/wp-content\/uploads\/2025\/07\/AGEnergie.png?resize=750%2C288&#038;ssl=1\" alt=\"\" class=\"wp-image-29779\" style=\"width:586px;height:auto\" srcset=\"https:\/\/i0.wp.com\/www.steenkamper.de\/wp-content\/uploads\/2025\/07\/AGEnergie-scaled.png?resize=1024%2C393&amp;ssl=1 1024w, https:\/\/i0.wp.com\/www.steenkamper.de\/wp-content\/uploads\/2025\/07\/AGEnergie-scaled.png?resize=300%2C115&amp;ssl=1 300w, https:\/\/i0.wp.com\/www.steenkamper.de\/wp-content\/uploads\/2025\/07\/AGEnergie-scaled.png?resize=768%2C295&amp;ssl=1 768w, https:\/\/i0.wp.com\/www.steenkamper.de\/wp-content\/uploads\/2025\/07\/AGEnergie-scaled.png?resize=1536%2C590&amp;ssl=1 1536w, https:\/\/i0.wp.com\/www.steenkamper.de\/wp-content\/uploads\/2025\/07\/AGEnergie-scaled.png?resize=2048%2C787&amp;ssl=1 2048w, https:\/\/i0.wp.com\/www.steenkamper.de\/wp-content\/uploads\/2025\/07\/AGEnergie-scaled.png?resize=450%2C173&amp;ssl=1 450w, https:\/\/i0.wp.com\/www.steenkamper.de\/wp-content\/uploads\/2025\/07\/AGEnergie-scaled.png?resize=600%2C230&amp;ssl=1 600w, https:\/\/i0.wp.com\/www.steenkamper.de\/wp-content\/uploads\/2025\/07\/AGEnergie-scaled.png?w=2250&amp;ssl=1 2250w\" sizes=\"(max-width: 750px) 100vw, 750px\" \/><\/figure>\n\n\n\n<p class=\"has-medium-font-size\"><strong>Volles Haus &amp; starke Impulse: <\/strong><br><strong>Infoabend zur W\u00e4rmeversorgung begeistert Nachbarschaft<\/strong><\/p>\n\n\n\n<p>Der Informationsabend der <strong>AG SteenkampEnergie<\/strong> am Mittwoch, dem 25. Juni war ein voller Erfolg \u2013 im wahrsten Sinne des Wortes: Der Steenkamp Saal war bis auf den letzten Platz gef\u00fcllt, einige G\u00e4ste verfolgten die Veranstaltung sogar durch die ge\u00f6ffneten Fenster von drau\u00dfen. Die starke Beteiligung zeigte deutlich, wie gro\u00df das Interesse in der Nachbarschaft an einer gemeinschaftlichen, nachhaltigen L\u00f6sung f\u00fcr die k\u00fcnftige W\u00e4rmeversorgung ist.<br>Nachdem wir schon vielfach angefragt wurden, stellen wir Euch mit diesem Artikel auch die <strong>PDFs der Vortr\u00e4ge<\/strong>, sowie <strong>Videomitschnitte des Abends<\/strong> bereit \u2013 f\u00fcr alle, die nicht dabei sein konnten oder die Inhalte noch einmal in Ruhe nachverfolgen m\u00f6chten. Viel Spa\u00df beim Lesen und Anschauen!<\/p>\n\n\n\n<figure class=\"wp-block-embed is-type-video is-provider-youtube wp-block-embed-youtube wp-embed-aspect-16-9 wp-has-aspect-ratio\"><div class=\"wp-block-embed__wrapper\">\n<span class=\"embed-youtube\" style=\"text-align:center; display: block;\"><iframe class=\"youtube-player\" width=\"750\" height=\"422\" src=\"https:\/\/www.youtube.com\/embed\/dpkxXCkVygs?version=3&#038;rel=1&#038;showsearch=0&#038;showinfo=1&#038;iv_load_policy=1&#038;fs=1&#038;hl=de-DE&#038;autohide=2&#038;wmode=transparent\" allowfullscreen=\"true\" style=\"border:0;\" sandbox=\"allow-scripts allow-same-origin allow-popups allow-presentation allow-popups-to-escape-sandbox\"><\/iframe><\/span>\n<\/div><\/figure>\n\n\n\n<p><strong>Drei starke Vortr\u00e4ge gaben Orientierung und Perspektive<\/strong><\/p>\n\n\n\n<p>Den Auftakt machte <strong>Lars Beckmannshagen<\/strong> vom <a href=\"https:\/\/zebau.de\/\" target=\"_blank\" rel=\"noreferrer noopener\"><strong>ZEBAU<\/strong><\/a>, der im Auftrag der Hamburger Umweltbeh\u00f6rde (BUKEA) sprach. Er fasste einen weiten Rahmen, von der allgemeinen, globalen Notwendigkeit der CO<sub>2<\/sub> Reduktion bis hin zu den konkreten Auswirkungen auf jeden Einzelnen. Dabei stellte er die \u00fcbergeordneten Rahmenbedingungen der kommunalen W\u00e4rmeplanung vor und ordnete die Steenkamp Siedlung in das Konzept der Stadt ein. Eins ist klar: Ein Anschluss an ein zentrales Versorgernetz (z.B. Fernw\u00e4rme) ist f\u00fcr unsere Siedlung nicht vorgesehen \u2013 umso wichtiger ist es, eigene, dezentrale L\u00f6sungen zu entwickeln.<\/p>\n\n\n\n<div class=\"wp-block-buttons is-layout-flex wp-block-buttons-is-layout-flex\">\n<div class=\"wp-block-button\"><a class=\"wp-block-button__link has-luminous-vivid-orange-background-color has-background has-small-font-size has-custom-font-size wp-element-button\" href=\"https:\/\/www.steenkamper.de\/wp-content\/uploads\/2025\/07\/250625_Praesentation-01_ZEBAU_Lars-Beckmannshagen.pdf\" target=\"_blank\" rel=\"noreferrer noopener\">PDF Pr\u00e4sentation Beckmannshagen<\/a><\/div>\n<\/div>\n\n\n\n<div style=\"height:13px\" aria-hidden=\"true\" class=\"wp-block-spacer\"><\/div>\n\n\n\n<figure class=\"wp-block-embed is-type-video is-provider-youtube wp-block-embed-youtube wp-embed-aspect-16-9 wp-has-aspect-ratio\"><div class=\"wp-block-embed__wrapper\">\n<span class=\"embed-youtube\" style=\"text-align:center; display: block;\"><iframe class=\"youtube-player\" width=\"750\" height=\"422\" src=\"https:\/\/www.youtube.com\/embed\/0ixsB82vnJ4?version=3&#038;rel=1&#038;showsearch=0&#038;showinfo=1&#038;iv_load_policy=1&#038;fs=1&#038;hl=de-DE&#038;autohide=2&#038;wmode=transparent\" allowfullscreen=\"true\" style=\"border:0;\" sandbox=\"allow-scripts allow-same-origin allow-popups allow-presentation allow-popups-to-escape-sandbox\"><\/iframe><\/span>\n<\/div><\/figure>\n\n\n\n<p><strong>Christopher Cornehl<\/strong>, <a href=\"https:\/\/www.christopher-cornehl.de\" target=\"_blank\" rel=\"noreferrer noopener\">Architekt &amp; Energieberater<\/a> und selbst Bewohner der Steenkampsiedlung, pr\u00e4sentierte anschlie\u00dfend die baulichen und energetischen Rahmenbedingungen vor Ort. Er demonstrierte die M\u00f6glichkeit, W\u00e4rmepumpen mit Tiefenbohrungen zu betreiben und erl\u00e4uterte die Vor- und Nachteile im Vergleich zu Luft-W\u00e4rmepumpen. Anhand von Beispielen zeigte er, wie vielf\u00e4ltig die Ausgangssituation in der Siedlung ist \u2013 aber auch, dass bereits viel Wissen und Erfahrung vorhanden ist, auf das aufgebaut werden kann.&nbsp;<\/p>\n\n\n\n<div class=\"wp-block-buttons is-layout-flex wp-block-buttons-is-layout-flex\">\n<div class=\"wp-block-button\"><a class=\"wp-block-button__link has-luminous-vivid-orange-background-color has-background has-small-font-size has-custom-font-size wp-element-button\" href=\"https:\/\/www.steenkamper.de\/wp-content\/uploads\/2025\/07\/250625_Praesentation-02_ArchitektEnergieberater_Christopher-Cornehl.pdf\" target=\"_blank\" rel=\"noreferrer noopener\">PDF Pr\u00e4sentation Christopher Cornehl<\/a><\/div>\n<\/div>\n\n\n\n<div style=\"height:14px\" aria-hidden=\"true\" class=\"wp-block-spacer\"><\/div>\n\n\n\n<figure class=\"wp-block-embed is-type-video is-provider-youtube wp-block-embed-youtube wp-embed-aspect-4-3 wp-has-aspect-ratio\"><div class=\"wp-block-embed__wrapper\">\n<span class=\"embed-youtube\" style=\"text-align:center; display: block;\"><iframe class=\"youtube-player\" width=\"750\" height=\"422\" src=\"https:\/\/www.youtube.com\/embed\/aXBts0J3nAM?version=3&#038;rel=1&#038;showsearch=0&#038;showinfo=1&#038;iv_load_policy=1&#038;fs=1&#038;hl=de-DE&#038;autohide=2&#038;wmode=transparent\" allowfullscreen=\"true\" style=\"border:0;\" sandbox=\"allow-scripts allow-same-origin allow-popups allow-presentation allow-popups-to-escape-sandbox\"><\/iframe><\/span>\n<\/div><\/figure>\n\n\n\n<p>Den Abschluss bildete <strong>Philipp Metz<\/strong> von der Bremer Genossenschaft <a href=\"https:\/\/erdwaermedich.de\/\"><strong>Erdw\u00e4rmeDich eG<\/strong><\/a>, der aus erster Hand berichtete, wie in einem vergleichbaren Quartier ein sogenanntes <strong>Anergienetz<\/strong> \u2013 also ein kaltes Nahw\u00e4rmenetz auf Basis von Geothermie \u2013 gemeinschaftlich geplant und umgesetzt wird. Sein Vortrag stie\u00df auf gro\u00dfe Resonanz im Saal, vermittelte Praxisn\u00e4he, Motivation und echten Pioniergeist \u2013 und machte vielen Mut, diesen Weg auch in unserer Siedlung zu gehen und zeigte welch gro\u00dfe Potenziale in einer gemeinschaftlichen L\u00f6sung stecken k\u00f6nnen und warum es sich aus verschiedensten Perspektiven lohnt, selbst aktiv zu werden, anstatt auf eine von au\u00dfen entwickelte L\u00f6sung zu warten. Und es ist eine L\u00f6sung f\u00fcr eine gerechte, solidarische und dezentrale W\u00e4rmeversorgung, bei der alle mitmachen k\u00f6nnen, aber niemand muss.<\/p>\n\n\n\n<div class=\"wp-block-buttons is-layout-flex wp-block-buttons-is-layout-flex\">\n<div class=\"wp-block-button\"><a class=\"wp-block-button__link has-luminous-vivid-orange-background-color has-background has-small-font-size has-custom-font-size wp-element-button\" href=\"https:\/\/www.steenkamper.de\/wp-content\/uploads\/2025\/07\/250625_Praesentation-03_erdwaermedich-eG_Philipp-Metz.pdf\" target=\"_blank\" rel=\"noreferrer noopener\">PDF Pr\u00e4sentation Philipp Metz<\/a><\/div>\n<\/div>\n\n\n\n<div style=\"height:11px\" aria-hidden=\"true\" class=\"wp-block-spacer\"><\/div>\n\n\n\n<figure class=\"wp-block-embed is-type-video is-provider-youtube wp-block-embed-youtube wp-embed-aspect-4-3 wp-has-aspect-ratio\"><div class=\"wp-block-embed__wrapper\">\n<span class=\"embed-youtube\" style=\"text-align:center; display: block;\"><iframe class=\"youtube-player\" width=\"750\" height=\"422\" src=\"https:\/\/www.youtube.com\/embed\/HVg19nJoZOA?version=3&#038;rel=1&#038;showsearch=0&#038;showinfo=1&#038;iv_load_policy=1&#038;fs=1&#038;hl=de-DE&#038;autohide=2&#038;wmode=transparent\" allowfullscreen=\"true\" style=\"border:0;\" sandbox=\"allow-scripts allow-same-origin allow-popups allow-presentation allow-popups-to-escape-sandbox\"><\/iframe><\/span>\n<\/div><\/figure>\n\n\n\n<p>In diesem Video ist auch der Ausklang unserer Veranstaltung zu sehen. Die Fragen und Antworten arbeiten wir auf und ihr findet sie hier zeitnah zum Downloaden. <\/p>\n\n\n\n<p><strong>R\u00fcckmeldung, Motivation &amp; n\u00e4chste Schritte<\/strong><\/p>\n\n\n\n<p>Im Anschluss an die Vortr\u00e4ge kam es zu einem regen Austausch \u2013 auf dem Podium und im Saal. Die zahlreichen Fragen, R\u00fcckmeldungen und Gespr\u00e4che haben uns gezeigt, wie viele Gedanken sich schon viele Nachbar:innen machen \u2013 nicht nur f\u00fcr das eigene Haus, sondern f\u00fcr die Siedlung als Ganzes.<\/p>\n\n\n\n<p>Diese R\u00fcckmeldungen werten wir in den kommenden Wochen aus. Gleichzeitig suchen wir gezielt nach weiteren Mitstreiter:innen, die Lust haben, sich in der AG SteenkampEnergie zu engagieren \u2013 sei es bei Organisation, \u00d6ffentlichkeitsarbeit, Vereinsgr\u00fcndung oder fachlichen Fragen. Denn um unsere Strukturen weiterzuentwickeln und zu festigen, ben\u00f6tigen wir viele K\u00f6pfe und helfende H\u00e4nde.<\/p>\n\n\n\n<p>Das gro\u00dfe und durchweg positive Feedback zum Abend hat uns sehr motiviert \u2013 es best\u00e4rkt uns darin, den eingeschlagenen Weg weiterzugehen: eine gemeinschaftliche, solidarische und nachhaltige W\u00e4rmeversorgung aus der Siedlung heraus zu entwickeln.<\/p>\n\n\n\n<p>Dabei behalten wir auch den Zusammenhang zwischen <strong>W\u00e4rme und Photovoltaik<\/strong> im Blick \u2013 wir m\u00f6chten Perspektiven entwickeln, wie sich regenerative Strom- und W\u00e4rmeerzeugung sinnvoll erg\u00e4nzen lassen.<\/p>\n\n\n\n<p>Zudem denken wir parallel auch \u00fcber L\u00f6sungen f\u00fcr diejenigen nach, die <strong>schon in naher Zukunft<\/strong> eine neue Heizung ben\u00f6tigen \u2013 also, bevor ein Energienetz zur Verf\u00fcgung stehen kann. Denn unser Ziel bleibt:<\/p>\n\n\n\n<blockquote class=\"wp-block-quote is-layout-flow wp-block-quote-is-layout-flow\">\n<p><em>\u201e<strong>Eine gemeinschaftliche L\u00f6sung f\u00fcr alle \u2013 bei der jede:r dabei sein kann, aber niemand muss.<\/strong>\u201c<\/em><\/p>\n<\/blockquote>\n\n\n\n<div class=\"wp-block-buttons is-layout-flex wp-block-buttons-is-layout-flex\">\n<div class=\"wp-block-button\"><a class=\"wp-block-button__link has-luminous-vivid-orange-background-color has-background has-small-font-size has-custom-font-size wp-element-button\" href=\"https:\/\/www.steenkamper.de\/wp-content\/uploads\/2025\/07\/250625_Praesentation-AGSteenkampEnergie.pdf\" target=\"_blank\" rel=\"noreferrer noopener\">PDF Pr\u00e4sentation \u201eAG SteenkampEnergie\u201c<\/a><\/div>\n<\/div>\n\n\n\n<p><strong>Newsletter &amp; Interessentenliste <\/strong><\/p>\n\n\n\n<p>In Zukunft m\u00f6chten wir regelm\u00e4\u00dfig \u00fcber unsere Fortschritte und Entwicklungen informieren.<br>Wer Interesse hat am Ball zu bleiben, oder sich aktiv mit einzubringen, kann sich weiterhin \u00fcber unsere <strong>Interessentenliste<\/strong> eintragen:<\/p>\n\n\n\n<figure class=\"wp-block-image size-thumbnail\"><img data-recalc-dims=\"1\" decoding=\"async\" width=\"150\" height=\"150\" data-attachment-id=\"29845\" data-permalink=\"https:\/\/www.steenkamper.de\/index.php\/infoabend-ag-steenkampenergie\/interessenabfrageenergie\/\" data-orig-file=\"https:\/\/i0.wp.com\/www.steenkamper.de\/wp-content\/uploads\/2025\/07\/InteressenabfrageEnergie.png?fit=394%2C392&amp;ssl=1\" data-orig-size=\"394,392\" data-comments-opened=\"1\" data-image-meta=\"{&quot;aperture&quot;:&quot;0&quot;,&quot;credit&quot;:&quot;&quot;,&quot;camera&quot;:&quot;&quot;,&quot;caption&quot;:&quot;&quot;,&quot;created_timestamp&quot;:&quot;0&quot;,&quot;copyright&quot;:&quot;&quot;,&quot;focal_length&quot;:&quot;0&quot;,&quot;iso&quot;:&quot;0&quot;,&quot;shutter_speed&quot;:&quot;0&quot;,&quot;title&quot;:&quot;&quot;,&quot;orientation&quot;:&quot;0&quot;}\" data-image-title=\"InteressenabfrageEnergie\" data-image-description=\"\" data-image-caption=\"&lt;p&gt;QR-Code zur Interessensabfrage &lt;\/p&gt;\n\" data-large-file=\"https:\/\/i0.wp.com\/www.steenkamper.de\/wp-content\/uploads\/2025\/07\/InteressenabfrageEnergie.png?fit=394%2C392&amp;ssl=1\" src=\"https:\/\/i0.wp.com\/www.steenkamper.de\/wp-content\/uploads\/2025\/07\/InteressenabfrageEnergie.png?resize=150%2C150&#038;ssl=1\" alt=\"QR-Code zur Interessensabfrage \" class=\"wp-image-29845\" srcset=\"https:\/\/i0.wp.com\/www.steenkamper.de\/wp-content\/uploads\/2025\/07\/InteressenabfrageEnergie.png?resize=150%2C150&amp;ssl=1 150w, https:\/\/i0.wp.com\/www.steenkamper.de\/wp-content\/uploads\/2025\/07\/InteressenabfrageEnergie.png?resize=300%2C298&amp;ssl=1 300w, https:\/\/i0.wp.com\/www.steenkamper.de\/wp-content\/uploads\/2025\/07\/InteressenabfrageEnergie.png?resize=100%2C100&amp;ssl=1 100w, https:\/\/i0.wp.com\/www.steenkamper.de\/wp-content\/uploads\/2025\/07\/InteressenabfrageEnergie.png?w=394&amp;ssl=1 394w\" sizes=\"(max-width: 150px) 100vw, 150px\" \/><\/figure>\n\n\n\n<div style=\"height:11px\" aria-hidden=\"true\" class=\"wp-block-spacer\"><\/div>\n\n\n\n<div class=\"wp-block-buttons is-layout-flex wp-block-buttons-is-layout-flex\">\n<div class=\"wp-block-button\"><a class=\"wp-block-button__link has-luminous-vivid-orange-background-color has-background has-small-font-size has-custom-font-size wp-element-button\" href=\"https:\/\/forms.gle\/4sbDE2zCpHH84nd27\" target=\"_blank\" rel=\"noreferrer noopener\"><strong>Link zur Interessensabfrage<\/strong><\/a><\/div>\n<\/div>\n\n\n\n<p>Abonniert den <a href=\"https:\/\/steenkamper.us12.list-manage.com\/subscribe?u=29da7e8471fc36e06dffaaf02&amp;id=878aa292df\" target=\"_blank\" rel=\"noreferrer noopener\"><strong>Steenkamp Newsletter<\/strong><\/a> und aktiviert das Thema \u201eAG SteenkampEnergie\u201c und wenn ihr den Newsletter schon abonniert hat, m\u00fc\u00dft ihr die <strong><a href=\"https:\/\/steenkamper.us12.list-manage.com\/profile?u=29da7e8471fc36e06dffaaf02&amp;id=878aa292df&amp;e=[UNIQID]\" target=\"_blank\" rel=\"noreferrer noopener\">Optionen\/Einstellung anpassen<\/a><\/strong>.<\/p>\n\n\n\n<p>Und \u00fcber unsere Mailadresse k\u00f6nnt Ihr uns auch erreichen: <a href=\"mailto:energie@steenkamper.de\"><strong>energie(at)steenkamper.de<\/strong><\/a><\/p>\n\n\n\n<p>Nochmals vielen Dank f\u00fcr Euer Interesse und das viele Feedback. <br>Bleiben wir in Kontakt, denn zusammen geht mehr!<\/p>\n\n\n\n<p class=\"has-text-align-right\"><em>Eure Arbeitsgemeinschaft SteenkampEnergie<\/em><\/p>\n\n\n\n<p>PS: wir haben sicherlich nicht alle Emailadressen richtig identifizieren k\u00f6nnen. Falls jemand sich also wundert, warum er\/sie noch keinen Newsletter erhalten hat, meldet Euch bitte nochmal auf den o.a. Wegen bei uns. Danke!<\/p>\n\n\n\n<hr class=\"wp-block-separator has-alpha-channel-opacity\"\/>\n\n\n\n<p class=\"has-luminous-vivid-orange-color has-text-color has-link-color wp-elements-65d0e647191c88c27ac21825e723a41e\">Mehr Infos zur <a href=\"https:\/\/www.steenkamper.de\/index.php\/ausschuss-energie\/\">\u201eAG Steenkamp Energie\u201c<\/a><\/p>\n\n\n<div class=\"is-default-size wp-block-site-logo\"><a href=\"https:\/\/www.steenkamper.de\/\" class=\"custom-logo-link\" rel=\"home\"><img decoding=\"async\" width=\"438\" height=\"254\" src=\"https:\/\/i0.wp.com\/www.steenkamper.de\/wp-content\/uploads\/2019\/10\/STEEKAMPERLOGO-1.png?fit=438%2C254&amp;ssl=1\" class=\"custom-logo\" alt=\"Die Steenkamper\" srcset=\"https:\/\/i0.wp.com\/www.steenkamper.de\/wp-content\/uploads\/2019\/10\/STEEKAMPERLOGO-1.png?w=438&amp;ssl=1 438w, https:\/\/i0.wp.com\/www.steenkamper.de\/wp-content\/uploads\/2019\/10\/STEEKAMPERLOGO-1.png?resize=300%2C174&amp;ssl=1 300w\" sizes=\"(max-width: 438px) 100vw, 438px\" data-attachment-id=\"8996\" data-permalink=\"https:\/\/www.steenkamper.de\/steekamperlogo-2\/\" data-orig-file=\"https:\/\/i0.wp.com\/www.steenkamper.de\/wp-content\/uploads\/2019\/10\/STEEKAMPERLOGO-1.png?fit=438%2C254&amp;ssl=1\" data-orig-size=\"438,254\" data-comments-opened=\"1\" data-image-meta=\"{&quot;aperture&quot;:&quot;0&quot;,&quot;credit&quot;:&quot;&quot;,&quot;camera&quot;:&quot;&quot;,&quot;caption&quot;:&quot;&quot;,&quot;created_timestamp&quot;:&quot;0&quot;,&quot;copyright&quot;:&quot;&quot;,&quot;focal_length&quot;:&quot;0&quot;,&quot;iso&quot;:&quot;0&quot;,&quot;shutter_speed&quot;:&quot;0&quot;,&quot;title&quot;:&quot;&quot;,&quot;orientation&quot;:&quot;0&quot;}\" data-image-title=\"STEEKAMPERLOGO\" data-image-description=\"\" data-image-caption=\"\" data-large-file=\"https:\/\/i0.wp.com\/www.steenkamper.de\/wp-content\/uploads\/2019\/10\/STEEKAMPERLOGO-1.png?fit=438%2C254&amp;ssl=1\" \/><\/a><\/div>\n\n","protected":false},"excerpt":{"rendered":"<p>Infoabend zur W\u00e4rmeversorgung&nbsp;am 25.6.2025 Volles Haus &amp; starke Impulse: Infoabend zur W\u00e4rmeversorgung begeistert Nachbarschaft Der Informationsabend der AG SteenkampEnergie am Mittwoch, dem 25. Juni war ein voller Erfolg \u2013 im&#8230; <\/p>\n<p><a class=\"teaser-more\" href=\"https:\/\/www.steenkamper.de\/index.php\/infoabend-ag-steenkampenergie\/\">weiter lesen<\/a><\/p>\n","protected":false},"author":6,"featured_media":0,"parent":0,"menu_order":0,"comment_status":"closed","ping_status":"closed","template":"","meta":{"_acf_changed":false,"_price":"","_stock":"","_tribe_ticket_header":"","_tribe_default_ticket_provider":"","_tribe_ticket_capacity":"0","_ticket_start_date":"","_ticket_end_date":"","_tribe_ticket_show_description":"","_tribe_ticket_show_not_going":false,"_tribe_ticket_use_global_stock":"","_tribe_ticket_global_stock_level":"","_global_stock_mode":"","_global_stock_cap":"","_tribe_rsvp_for_event":"","_tribe_ticket_going_count":"","_tribe_ticket_not_going_count":"","_tribe_tickets_list":"[]","_tribe_ticket_has_attendee_info_fields":false,"jetpack_post_was_ever_published":false,"footnotes":"","_tec_slr_enabled":"","_tec_slr_layout":""},"class_list":["post-29768","page","type-page","status-publish","hentry"],"acf":[],"jetpack_sharing_enabled":true,"jetpack_shortlink":"https:\/\/wp.me\/P74Wuo-7K8","jetpack_likes_enabled":true,"jetpack-related-posts":[{"id":29043,"url":"https:\/\/www.steenkamper.de\/index.php\/ausschuss-energie\/","url_meta":{"origin":29768,"position":0},"title":"AG SteenkampEnergie","author":"Petra Reimann","date":"13\/01\/2025","format":false,"excerpt":"Steenkamp Energie ist eine Gruppe von Bewohnerinnen und Bewohnern aus der Siedlung, die sich zusammengeschlossen haben, um eine gemeinsame L\u00f6sung f\u00fcr unsere zuk\u00fcnftige W\u00e4rmeversorgung zu entwickeln. Wir m\u00f6chten ein nachhaltiges und wirtschaftlich tragf\u00e4higes Konzept f\u00fcr unsere Siedlung entwickeln, das nicht nur \u00f6kologisch sinnvoll, sondern auch sozial gerecht und solidarisch gestaltet\u2026","rel":"","context":"\u00c4hnlicher Beitrag","block_context":{"text":"\u00c4hnlicher Beitrag","link":""},"img":{"alt_text":"","src":"https:\/\/i0.wp.com\/www.steenkamper.de\/wp-content\/uploads\/2025\/07\/Team_AG-SteenkampEnergie.png?resize=350%2C200&ssl=1","width":350,"height":200,"srcset":"https:\/\/i0.wp.com\/www.steenkamper.de\/wp-content\/uploads\/2025\/07\/Team_AG-SteenkampEnergie.png?resize=350%2C200&ssl=1 1x, https:\/\/i0.wp.com\/www.steenkamper.de\/wp-content\/uploads\/2025\/07\/Team_AG-SteenkampEnergie.png?resize=525%2C300&ssl=1 1.5x, https:\/\/i0.wp.com\/www.steenkamper.de\/wp-content\/uploads\/2025\/07\/Team_AG-SteenkampEnergie.png?resize=700%2C400&ssl=1 2x"},"classes":[]},{"id":30465,"url":"https:\/\/www.steenkamper.de\/index.php\/faq\/","url_meta":{"origin":29768,"position":1},"title":"FAQ","author":"Max","date":"01\/10\/2025","format":false,"excerpt":"Fragen zur Vereinsmitgliedschaft ORGA & Saal Fragen zur AG SteenkampEnergie","rel":"","context":"\u00c4hnlicher Beitrag","block_context":{"text":"\u00c4hnlicher Beitrag","link":""},"img":{"alt_text":"","src":"","width":0,"height":0},"classes":[]},{"id":30324,"url":"https:\/\/www.steenkamper.de\/index.php\/mailingliste\/","url_meta":{"origin":29768,"position":2},"title":"Mailingliste","author":"Max","date":"07\/09\/2025","format":false,"excerpt":"AG SteenkampEnergie MailinglisteACHTUNG! Dies ist NICHT der Newsletter. Diese Mailingliste dient der Kommunikation der Gruppe! Der Newsletter kann mit dem Thema \u201eAG SteenkampEnergie\u201c hier abonniert werden. Ja, ich m\u00f6chte mich auf die Mailingliste agsteenkampenergie@steenkamper.de. Bitte streichen Sie mich wieder von der Mailingliste agsteenkampenergie@steenkamper.de. Geben Sie Ihre E-Mail-Adresse ein: Wiederholen Sie\u2026","rel":"","context":"\u00c4hnlicher Beitrag","block_context":{"text":"\u00c4hnlicher Beitrag","link":""},"img":{"alt_text":"","src":"","width":0,"height":0},"classes":[]},{"id":24,"url":"https:\/\/www.steenkamper.de\/index.php\/termine\/","url_meta":{"origin":29768,"position":3},"title":"Termine","author":"admin","date":"14\/12\/2015","format":false,"excerpt":"\u00a0Kalender URL\u00a0 \u00a0 \u00a0 \u00a0Kalender abonnieren (Link zu: \"das war 2025\") 202623.1. Bingo! 19h21.2. Quizabend 19h22.2. Hamburg r\u00e4umt auf! 14h27.2. Bingo! 19h13.3. Kultursalon\u00a0 F\u00c4LLT AUS!27.3. Bingo! 19h11.4. Mitgliederversammlung 16h17.4. Kultursalon 19.30h24.4. Bingo! 19h30.4. Tanz in den Mai27.5. AG SteenkampEnergie12.6. Kultursalon 19.30h27.6. Quizabend 19h5. & 6.9. Sommerfest28.8. Kultursalon 19.30h1.10. Stolperstein Veranstaltung7.11.\u2026","rel":"","context":"\u00c4hnlicher Beitrag","block_context":{"text":"\u00c4hnlicher Beitrag","link":""},"img":{"alt_text":"","src":"","width":0,"height":0},"classes":[]},{"id":146,"url":"https:\/\/www.steenkamper.de\/index.php\/ausschuesse\/","url_meta":{"origin":29768,"position":4},"title":"Aussch\u00fcsse","author":"admin","date":"15\/12\/2015","format":false,"excerpt":"und Arbeitsgruppen (AGs) Die\u00a0Vereinsarbeit der Heimst\u00e4ttervereinigung Steenkamp e.V. wird getragen\u00a0durch aktive Mitglieder. Diese\u00a0Aktivit\u00e4ten werden durch\u00a0verschiedene\u00a0Aussch\u00fcssen koordiniert. Sollten Sie Interesse an der Mitarbeit in einem dieser Aussch\u00fcsse haben, melden Sie sich bitte bei der entsprechenden Kontaktperson, oder wenden Sie sich direkt an den Vorstand. Per Mail\u00a0oder \u00fcber unseren Briefkasten Steenkamp 37,\u2026","rel":"","context":"\u00c4hnlicher Beitrag","block_context":{"text":"\u00c4hnlicher Beitrag","link":""},"img":{"alt_text":"","src":"","width":0,"height":0},"classes":[]},{"id":1799,"url":"https:\/\/www.steenkamper.de\/index.php\/fluechtlingsarbeit\/ag-wlaninternet\/protokoll-10-2-16\/","url_meta":{"origin":29768,"position":5},"title":"Protokoll 10.02.2016","author":"Max","date":"26\/02\/2016","format":false,"excerpt":"Protokoll vom 10.02.2016 Beim dem letzten Treffen der AG im Januar 2016 war Bernd Thielk, Gesch\u00e4ftsf\u00fchrer, willy.tel GmbH zu Gast. Damals wurde vereinbart, dass es unsere Gruppe \u00fcber bereits laufende Gespr\u00e4che mit dem Senat zur Realisierung von WLAN in Fl\u00fcchtlingsunterk\u00fcnften auf dem laufenden h\u00e4lt. Hintergrund ist das Vorhaben des Zentralen\u2026","rel":"","context":"\u00c4hnlicher Beitrag","block_context":{"text":"\u00c4hnlicher Beitrag","link":""},"img":{"alt_text":"","src":"","width":0,"height":0},"classes":[]}],"ticketed":false,"_links":{"self":[{"href":"https:\/\/www.steenkamper.de\/index.php\/wp-json\/wp\/v2\/pages\/29768","targetHints":{"allow":["GET"]}}],"collection":[{"href":"https:\/\/www.steenkamper.de\/index.php\/wp-json\/wp\/v2\/pages"}],"about":[{"href":"https:\/\/www.steenkamper.de\/index.php\/wp-json\/wp\/v2\/types\/page"}],"author":[{"embeddable":true,"href":"https:\/\/www.steenkamper.de\/index.php\/wp-json\/wp\/v2\/users\/6"}],"replies":[{"embeddable":true,"href":"https:\/\/www.steenkamper.de\/index.php\/wp-json\/wp\/v2\/comments?post=29768"}],"version-history":[{"count":43,"href":"https:\/\/www.steenkamper.de\/index.php\/wp-json\/wp\/v2\/pages\/29768\/revisions"}],"predecessor-version":[{"id":29907,"href":"https:\/\/www.steenkamper.de\/index.php\/wp-json\/wp\/v2\/pages\/29768\/revisions\/29907"}],"wp:attachment":[{"href":"https:\/\/www.steenkamper.de\/index.php\/wp-json\/wp\/v2\/media?parent=29768"}],"curies":[{"name":"wp","href":"https:\/\/api.w.org\/{rel}","templated":true}]}}