{"id":2972,"date":"2016-11-28T14:42:58","date_gmt":"2016-11-28T13:42:58","guid":{"rendered":"http:\/\/wp.steenkamper.de\/?page_id=2972"},"modified":"2024-04-16T12:08:53","modified_gmt":"2024-04-16T10:08:53","slug":"praktika-und-job","status":"publish","type":"page","link":"https:\/\/www.steenkamper.de\/index.php\/fluechtlingsarbeit\/praktika-und-job\/","title":{"rendered":"Praktikum + Job"},"content":{"rendered":"<p>Durch die Kontakte zu den Nachbarinnen und Nachbarn aus der Notkestra\u00dfe 25 ergeben sich <strong>Fragen zu Praktika und Arbeitsplatz<\/strong>. Vielleicht sind wir nicht unbedingt alle Fachleute und m\u00f6chten trotzdem unterst\u00fctzen, ggf. begleiten und praktisch helfen. Die folgenden Einrichtungen sind behilflich &#8211; auch in rechtlichen Fragen zu Arbeit, Anerkennung und Status.<\/p>\n<ul>\n<li>Das <strong>Diakonie-Caf\u00e9 why not<\/strong>? befindet sich in Hamburg &#8211; St. Pauli, es ist ein Bereich der Stiftung Freie evangelische Gemeinde in Norddeutschland. Infos zur <strong>Sozialberatung<\/strong> unter<br \/>\n<a href=\"http:\/\/www.why-not.org\/angebote\/beratung\" target=\"_blank\" rel=\"noopener\">http:\/\/www.why-not.org\/angebote\/beratung<\/a><br \/>\nKontakt:\u00a0 beratung@why-not.org (Die Beratung erfolgt nur auf Anfrage)<br \/>\nTel.: 040 43274526<\/li>\n<li>Die <strong>passage gGmbH<\/strong>,\u00a0gemeinn\u00fctzige Gesellschaft f\u00fcr Arbeit und Integration mbH, Wallgraben 37, 21073 Hamburg, betreibt das <strong>Projekt Beruflich Ein<\/strong>steigen<br \/>\nKontakt:<br \/>\nregine.heiser@passage-hamburg.de<br \/>\nTel.: 040\u00a02487 4818 (Vermittlung in Praktika)<\/li>\n<li><strong>verikom<\/strong> &#8211; Verbund f\u00fcr interkulturelle Kommunikation und Bildung e. V. Hospitalstr. 109, 22767 Hamburg bietet <strong>Sozialberatung<\/strong> in verschiedenen Sprachen an. Infos unter <a href=\"http:\/\/www.verikom.de\/beratung\/sozialberatung\" target=\"_blank\" rel=\"noopener\">http:\/\/www.verikom.de\/beratung\/sozialberatung<\/a><br \/>\nKontakt:<br \/>\nverikom@verikom.de<br \/>\nTel.: 040 23855310<\/li>\n<li><strong>W.I.R. steht f\u00fcr work and integration for refugees<\/strong>. Es ist ein <strong>Serviceangebot\u00a0f\u00fcr erwerbsf\u00e4hige Asylsuchende und Geduldete<\/strong> aus nicht-sicheren Herkunftsstaaten mit einer \u2013 auch individuell \u2013 guten Bleibeperspektive. W.I.R.\u00a0ist eine Kooperation von BASFI,\u00a0Agentur f\u00fcr Arbeit,\u00a0Jobcenter team.arbeit.hamburg,\u00a0Hamburger Tr\u00e4gern der Fl\u00fcchtlingshilfe,\u00a0Hamburger Kammer + Verb\u00e4nden der Wirtschaft mit\u00a0gemeinsamen Beratungs- und Vermittlungsangeboten und Integrationsleistungen<br \/>\nKontakt zum <a href=\"http:\/\/www.fz-hh.de\/\" target=\"_blank\" rel=\"noopener\">Fl\u00fcchtlingszentrum<\/a> : E-Mail w.i.r@fz-hh.de<br \/>\nTel.:\u00a0040 284079 &#8211; 0<\/li>\n<li><strong><a href=\"http:\/\/www.fz-hh.de\/de\/links.php\" target=\"_blank\" rel=\"noopener\">Weitere Infos<\/a><\/strong> &#8211; Links auf Beratungsstellen, Gesellschafter, Recht &#8230;..<\/li>\n<\/ul>\n<p>Diese Liste enth\u00e4lt Tipps, sie erhebt keinen Anspruch auf Vollst\u00e4ndigkeit und \u00fcbernimmt keine Gew\u00e4hr.<\/p>\n<p><strong>Ausschuss Fl\u00fcchtlingsunterst\u00fctzung Steenkamp<br \/>\n<\/strong>Friederike Petrelli: 040 31790366<br \/>\nGertrud Krapp: 040 8005165<br \/>\nFriedhelm Moggert-K\u00e4geler: 0160 99165211<\/p>\n","protected":false},"excerpt":{"rendered":"<p>Durch die Kontakte zu den Nachbarinnen und Nachbarn aus der Notkestra\u00dfe 25 ergeben sich Fragen zu Praktika und Arbeitsplatz. Vielleicht sind wir nicht unbedingt alle Fachleute und m\u00f6chten trotzdem unterst\u00fctzen,&#8230; <\/p>\n<p><a class=\"teaser-more\" href=\"https:\/\/www.steenkamper.de\/index.php\/fluechtlingsarbeit\/praktika-und-job\/\">weiter lesen<\/a><\/p>\n","protected":false},"author":28,"featured_media":0,"parent":247,"menu_order":0,"comment_status":"open","ping_status":"closed","template":"","meta":{"_acf_changed":false,"_price":"","_stock":"","_tribe_ticket_header":"","_tribe_default_ticket_provider":"","_tribe_ticket_capacity":"0","_ticket_start_date":"","_ticket_end_date":"","_tribe_ticket_show_description":"","_tribe_ticket_show_not_going":false,"_tribe_ticket_use_global_stock":"","_tribe_ticket_global_stock_level":"","_global_stock_mode":"","_global_stock_cap":"","_tribe_rsvp_for_event":"","_tribe_ticket_going_count":"","_tribe_ticket_not_going_count":"","_tribe_tickets_list":"[]","_tribe_ticket_has_attendee_info_fields":false,"jetpack_post_was_ever_published":false,"footnotes":"","_tec_slr_enabled":"","_tec_slr_layout":""},"class_list":["post-2972","page","type-page","status-publish","hentry"],"acf":[],"jetpack_sharing_enabled":false,"jetpack_shortlink":"https:\/\/wp.me\/P74Wuo-LW","jetpack_likes_enabled":true,"jetpack-related-posts":[{"id":1792,"url":"https:\/\/www.steenkamper.de\/index.php\/fluechtlingsarbeit\/angebote-fuer-jugendliche\/","url_meta":{"origin":2972,"position":0},"title":"Angebote f\u00fcr Jugendliche","author":"Max","date":"26\/02\/2016","format":false,"excerpt":"Informationen - F\u00f6rderangebote f\u00fcr Jugendliche * Hamburger Berufsbildungsatlas Speziell f\u00fcr die Zielgruppe\u00a0der Jugendlichen\u00a0wurden auf http:\/\/www.ichblickdurch.de\/ die bestehenden Beratungs-, Orientierungs- und Qualifizierungsprojekte um neue Angebote erweitert und aktuell gehalten. (Schneller Zugang zu \u00fcber\u00a0Auswahlm\u00f6glichkeit \u201eJugendliche mit Fluchthintergrund (U25)\u201c ) Bei Jugendlichen mit Fluchthintergrund entscheidet neben anderen F\u00f6rderkriterien der Aufenthaltsstatus \u2013 Gestattung, Duldung\u2026","rel":"","context":"\u00c4hnlicher Beitrag","block_context":{"text":"\u00c4hnlicher Beitrag","link":""},"img":{"alt_text":"","src":"","width":0,"height":0},"classes":[]},{"id":286,"url":"https:\/\/www.steenkamper.de\/index.php\/kooperationspartner\/","url_meta":{"origin":2972,"position":1},"title":"Kooperationspartner\/Links","author":"Max","date":"16\/12\/2015","format":false,"excerpt":"Nachbarschaftscaf\u00e9 \u201eDas Caf\u00e9\u201c des F\u00f6rderkreis Stadthof e.V.\u00a0 direkt an der Vogelweide, Steenkamp 16 Das Caf\u00e9 \u00f6ffnet seine T\u00fcr jeweils freitags und samstags von 14.00- 18.00 Uhr. Ev. Melanchthon-Kirchengemeinde Hamburg-Flottbek in der\u00a0Ebertallee 30 Es finden Gottesdienste mit Taufen beim Sommerfest statt sowie Gottesdienste mit Tschernobylkindern und den \u201eSteenkampsingern\u201c. Sozialkaufhaus \u201eBaNotke\u201c Spenden\u2026","rel":"","context":"\u00c4hnlicher Beitrag","block_context":{"text":"\u00c4hnlicher Beitrag","link":""},"img":{"alt_text":"","src":"","width":0,"height":0},"classes":[]},{"id":3374,"url":"https:\/\/www.steenkamper.de\/index.php\/fluechtlingsarbeit\/fluechtlings-ags\/","url_meta":{"origin":2972,"position":2},"title":"Fl\u00fcchtlings AGs","author":"Max","date":"14\/02\/2017","format":false,"excerpt":"Ausschuss Fl\u00fcchtlingsunterst\u00fctzung Steenkamp: Friederike Petrelli: 040 31790366 Gertrud Krapp: 040 8005165 Friedhelm Moggert-K\u00e4geler: 0160 99165211 Aktiv Caf\u00e9 \"Vogelweide\" Jeden letzten Sonntag treffen sich alte und neue Nachbar\/innen im Steenkampsaal bei Kaffee und Kuchen... weiterlesen Archiv Deutschkiosk, ein Angebor f\u00fcr gefl\u00fcchtete Menschen aus der Ukraine Juni 2023 - Oktober 2023, Deutschkurse\u2026","rel":"","context":"\u00c4hnlicher Beitrag","block_context":{"text":"\u00c4hnlicher Beitrag","link":""},"img":{"alt_text":"","src":"","width":0,"height":0},"classes":[]},{"id":247,"url":"https:\/\/www.steenkamper.de\/index.php\/fluechtlingsarbeit\/","url_meta":{"origin":2972,"position":3},"title":"Ausschuss Fl\u00fcchtlingsunterst\u00fctzung","author":"Max","date":"15\/12\/2015","format":false,"excerpt":"Caf\u00e9 VogelweideDas Caf\u00e9 ist seit April 2022 nach einer l\u00e4ngeren Coronapause wieder aktiv. Alle Steenkamper\/innen sind eingeladen mit neuen Nachbarn\/innen Deutsch zu kl\u00f6nen und zu Tee\/Kaffee\/Kuchen zusammenzusitzen. Kuchenspenden (geschnittene) sind sehr erw\u00fcnscht, um das Buffet zu erweitern. Sie k\u00f6nnen ab 15.00h abgegeben werden. Das Caf\u00e9 findet ab 16.00h bis 17.30h\u2026","rel":"","context":"\u00c4hnlicher Beitrag","block_context":{"text":"\u00c4hnlicher Beitrag","link":""},"img":{"alt_text":"","src":"https:\/\/i0.wp.com\/www.steenkamper.de\/wp-content\/uploads\/2016\/09\/IMG_2805-300x141.png?resize=350%2C200&ssl=1","width":350,"height":200},"classes":[]},{"id":5263,"url":"https:\/\/www.steenkamper.de\/index.php\/engagierte-nachbarn\/","url_meta":{"origin":2972,"position":4},"title":"Engagierte Nachbarn","author":"Max","date":"16\/11\/2017","format":false,"excerpt":"Eine lebendige Nachbarschaft lebt von dem Engagement ihrer Bewohner. F\u00fcr eine gute Vernetzung und Koordination der vielf\u00e4ltigen Aktivit\u00e4ten unserer sehr gro\u00dfen Nachbarschaft ist die Mehrheit der Steenkamphaushalte in der Heimst\u00e4ttervereinigung\u00a0Steenkamp e.V. organisiert. W\u00e4hrend sich der Vorstand um die formalen Vereinsgesch\u00e4fte k\u00fcmmert, f\u00fcllen die Nachbarn das Ganze mit Leben. Entweder indem\u2026","rel":"","context":"\u00c4hnlicher Beitrag","block_context":{"text":"\u00c4hnlicher Beitrag","link":""},"img":{"alt_text":"","src":"","width":0,"height":0},"classes":[]},{"id":90,"url":"https:\/\/www.steenkamper.de\/index.php\/impressum\/","url_meta":{"origin":2972,"position":5},"title":"Impressum","author":"admin","date":"15\/12\/2015","format":false,"excerpt":"Angaben gem\u00e4\u00df \u00a7 5 TMG: Betreiber dieser Website\u00a0ist die: Heimst\u00e4ttervereinigung Steenkamp e. V. Steenkamp 37 22607 Hamburg Vertreten durch: 1. Vorsitzende Silke Faber 2. Vorsitzender Lars Kohlmorgen Vorstandsmitglieder: siehe: https:\/\/www.steenkamper.de\/index.php\/vorstand Kontakt: E-Mail:\u00a0vorstand(at)steenkamper.de Bankverbindung: HASPA BLZ 200 505 50\u00a0Konto: 107810513 BIC: HASPDEHHXXX \u00a0 \u00a0IBAN: DE81 200 505 50 107 821 05\u2026","rel":"","context":"\u00c4hnlicher Beitrag","block_context":{"text":"\u00c4hnlicher Beitrag","link":""},"img":{"alt_text":"","src":"","width":0,"height":0},"classes":[]}],"ticketed":false,"_links":{"self":[{"href":"https:\/\/www.steenkamper.de\/index.php\/wp-json\/wp\/v2\/pages\/2972","targetHints":{"allow":["GET"]}}],"collection":[{"href":"https:\/\/www.steenkamper.de\/index.php\/wp-json\/wp\/v2\/pages"}],"about":[{"href":"https:\/\/www.steenkamper.de\/index.php\/wp-json\/wp\/v2\/types\/page"}],"author":[{"embeddable":true,"href":"https:\/\/www.steenkamper.de\/index.php\/wp-json\/wp\/v2\/users\/28"}],"replies":[{"embeddable":true,"href":"https:\/\/www.steenkamper.de\/index.php\/wp-json\/wp\/v2\/comments?post=2972"}],"version-history":[{"count":9,"href":"https:\/\/www.steenkamper.de\/index.php\/wp-json\/wp\/v2\/pages\/2972\/revisions"}],"predecessor-version":[{"id":27507,"href":"https:\/\/www.steenkamper.de\/index.php\/wp-json\/wp\/v2\/pages\/2972\/revisions\/27507"}],"up":[{"embeddable":true,"href":"https:\/\/www.steenkamper.de\/index.php\/wp-json\/wp\/v2\/pages\/247"}],"wp:attachment":[{"href":"https:\/\/www.steenkamper.de\/index.php\/wp-json\/wp\/v2\/media?parent=2972"}],"curies":[{"name":"wp","href":"https:\/\/api.w.org\/{rel}","templated":true}]}}