{"id":28885,"date":"2024-11-19T07:51:37","date_gmt":"2024-11-19T06:51:37","guid":{"rendered":"https:\/\/www.steenkamper.de\/index.php\/louis-cahnbley\/"},"modified":"2024-11-19T07:51:37","modified_gmt":"2024-11-19T06:51:37","slug":"louis-cahnbley","status":"publish","type":"page","link":"https:\/\/www.steenkamper.de\/index.php\/louis-cahnbley\/","title":{"rendered":"Louis Cahnbley"},"content":{"rendered":"\n<p><strong>Wer war Louis Cahnbley ?<\/strong> <\/p>\n\n\n\n<p>Louis Cahnbley wurde geboren 30.11.1892 in Ottensen und starb am 17.07.1970 \u2013 seine Frau Dorothea Cahnbley, geb. Denker, wurde geboren am 02.02.1896 in Bad Oldesloe und starb am 10.4.1974. Beider Grab existiert noch heute auf dem Hauptfriedhof Hamburg Altona am Volkspark. <\/p>\n\n\n\n<p>Im Haus Steenkamp 43 ( vor 1945 Steenkamp 27) wohnten Louis und Dorothea Cahnbley von 1920 an. Sie zogen seinerzeit aus Ottensen in die neu errichtete Steenkampsiedlung und unterzeichneten den 5. Mietvertrag. Bis Ende der 1990-iger Jahre lebten noch Nachkommen des Ehepaares Cahnbley im Haus Steenkamp 43. Der Stolperstein wird zur Erinnerung an Louis Cahnbley gesetzt. Aufgewachsen in einem sozialdemokratischen Elternhaus in Ottensen engagierte sich Louis Cahnbley zusammen mit seiner Ehefrau Dorothea Cahnbley von Jugendzeiten an gegen Krieg, f\u00fcr Frieden und sp\u00e4ter auch gegen Faschismus.<\/p>\n\n\n\n<p>In der \u201eradikal sozialistischen Jugend\u201c Altonas k\u00e4mpften sie gegen den Eintritt Deutschlands in den 1. Weltkrieg und setzten diesen Kampf auch w\u00e4hrend des Krieges fort. 1918 beteiligten sie sich aktiv an der \u201eNovemberrevolution\u201c in Hamburg. Da geh\u00f6rten sie bereits dem \u201eSpartakusbund\u201c an, der 1920 in der neu gegr\u00fcndete Kommunistische Partei (KPD Spartakus) aufging. Zu ihren Gef\u00e4hrten seit Jugendzeiten geh\u00f6rten u.a. Dr. Heinrich Laufenberg, der 1. Vorsitzende des \u201eHamburger Arbeiter- und Soldatenrates\u201c w\u00e4hrend der \u201eNovemberrevolution\u201c 1918 in Hamburg, Fritz Wolffheim, und Rudolf Lindau \u2013 alle drei waren mitentscheidende theoretischen K\u00f6pfe f\u00fcr den politischen Umsturz durch die Novemberrevolution in Hamburg und Altona.<\/p>\n\n\n\n<p>W\u00e4hrend der \u201eWeimarer Republik\u201c k\u00e4mpften Louis und seine Frau gemeinsam mit der KPD, immer bedroht von Justizverfolgung, gegen den aufkommenden Faschismus und den drohenden&nbsp;<\/p>\n\n\n\n<p>2. Weltkrieg. Bei einem feigen Mordanschlag durch SA-Leute 1931, bei dem der Hamburger KPD-B\u00fcrgerschaftsabgeordnete Ernst Henning erschossen wurde, b\u00fc\u00dfte Louis Cahnbley ein Auge ein, \u00fcberlebte aber schwer verletzt.&nbsp;<\/p>\n\n\n\n<p>1933 verurteilten die NAZIS Louis f\u00fcr sein Engagement gegen Faschismus und Krieg zu einer Zuchthausstrafe wegen \u201eHochverrat\u201c . Diese musste er im KZ-Fuhlsb\u00fcttel verbringen. Kurz entlassen nahmen die NAZIS Louis in sogenannte \u201eSchutzhaft\u201c und verschleppten ihn in das KZ \u201eSachsenhausen\u201c. Schwer gesundheitlich gesch\u00e4digt und geschw\u00e4cht \u00fcberlebte Louis Cahnbley den NAZI-Terror in den KZs aufgrund gl\u00fccklicher Umst\u00e4nde.&nbsp;<\/p>\n\n\n\n<p>Mit seiner Frau Dorothea zusammen lebte er nach 1945 noch bis 1970 im Haus Steenkamp 43. Beide waren nach ihrer Erholung von den Folgen des Nazi-Terrors wieder aktiv in der bald darauf erneut verbotenen KPD. Das bedeutete f\u00fcr das Ehepaar Cahnbley auch ab 1949 wieder bis zum Lebensende, bedroht von staatlicher Repression f\u00fcr ihr unersch\u00fctterliches Engagement f\u00fcr Frieden und gegen Krieg und Faschismus, leben zu m\u00fcssen. Ihr Engagement f\u00fcr eine friedliche Welt ist leider immer noch aktuell.<\/p>\n\n\n\n<hr class=\"wp-block-separator has-alpha-channel-opacity\"\/>\n\n\n\n<p>Am Freitag, den 15.11.2024 wurden zwei Stolpersteine f\u00fcr die Br\u00fcder Louis Cahnbley und Walter Cahnbley von der &#8220;Hamburger Initiative Stolpersteine&#8221; in der Reineckestrasse 18&nbsp;(Walter) und im Steenkamp 43 (Louis) verlegt.<\/p>\n\n\n\n<p><em>Recherche und Text: Klaus Berking<\/em><\/p>\n\n\n\n<figure class=\"wp-block-image size-large\"><img data-recalc-dims=\"1\" fetchpriority=\"high\" decoding=\"async\" width=\"750\" height=\"716\" data-attachment-id=\"28883\" data-permalink=\"https:\/\/www.steenkamper.de\/img_5279-1\/\" data-orig-file=\"https:\/\/i0.wp.com\/www.steenkamper.de\/wp-content\/uploads\/2024\/11\/img_5279-1.jpg?fit=2000%2C1908&amp;ssl=1\" data-orig-size=\"2000,1908\" data-comments-opened=\"1\" data-image-meta=\"{&quot;aperture&quot;:&quot;1.8&quot;,&quot;credit&quot;:&quot;&quot;,&quot;camera&quot;:&quot;iPhone SE (3rd generation)&quot;,&quot;caption&quot;:&quot;&quot;,&quot;created_timestamp&quot;:&quot;1731669936&quot;,&quot;copyright&quot;:&quot;&quot;,&quot;focal_length&quot;:&quot;3.99&quot;,&quot;iso&quot;:&quot;25&quot;,&quot;shutter_speed&quot;:&quot;0.0083333333333333&quot;,&quot;title&quot;:&quot;&quot;,&quot;orientation&quot;:&quot;1&quot;}\" data-image-title=\"img_5279-1\" data-image-description=\"\" data-image-caption=\"\" data-large-file=\"https:\/\/i0.wp.com\/www.steenkamper.de\/wp-content\/uploads\/2024\/11\/img_5279-1.jpg?fit=750%2C716&amp;ssl=1\" src=\"https:\/\/i0.wp.com\/www.steenkamper.de\/wp-content\/uploads\/2024\/11\/img_5279-1.jpg?resize=750%2C716&#038;ssl=1\" class=\"wp-image-28883\" srcset=\"https:\/\/i0.wp.com\/www.steenkamper.de\/wp-content\/uploads\/2024\/11\/img_5279-1.jpg?resize=1024%2C977&amp;ssl=1 1024w, https:\/\/i0.wp.com\/www.steenkamper.de\/wp-content\/uploads\/2024\/11\/img_5279-1.jpg?resize=300%2C286&amp;ssl=1 300w, https:\/\/i0.wp.com\/www.steenkamper.de\/wp-content\/uploads\/2024\/11\/img_5279-1.jpg?resize=768%2C733&amp;ssl=1 768w, https:\/\/i0.wp.com\/www.steenkamper.de\/wp-content\/uploads\/2024\/11\/img_5279-1.jpg?resize=1536%2C1465&amp;ssl=1 1536w, https:\/\/i0.wp.com\/www.steenkamper.de\/wp-content\/uploads\/2024\/11\/img_5279-1.jpg?resize=450%2C429&amp;ssl=1 450w, https:\/\/i0.wp.com\/www.steenkamper.de\/wp-content\/uploads\/2024\/11\/img_5279-1.jpg?resize=786%2C750&amp;ssl=1 786w, https:\/\/i0.wp.com\/www.steenkamper.de\/wp-content\/uploads\/2024\/11\/img_5279-1.jpg?resize=600%2C572&amp;ssl=1 600w, https:\/\/i0.wp.com\/www.steenkamper.de\/wp-content\/uploads\/2024\/11\/img_5279-1.jpg?w=2000&amp;ssl=1 2000w\" sizes=\"(max-width: 750px) 100vw, 750px\" \/><figcaption class=\"wp-element-caption\">Stolperstein vor dem Haus im Steenkamp 43<\/figcaption><\/figure>\n\n\n\n<figure class=\"wp-block-image size-large\"><img data-recalc-dims=\"1\" decoding=\"async\" width=\"750\" height=\"1000\" data-attachment-id=\"28884\" data-permalink=\"https:\/\/www.steenkamper.de\/img_5280-1\/\" data-orig-file=\"https:\/\/i0.wp.com\/www.steenkamper.de\/wp-content\/uploads\/2024\/11\/img_5280-1.jpg?fit=1500%2C2000&amp;ssl=1\" data-orig-size=\"1500,2000\" data-comments-opened=\"1\" data-image-meta=\"{&quot;aperture&quot;:&quot;1.8&quot;,&quot;credit&quot;:&quot;&quot;,&quot;camera&quot;:&quot;iPhone SE (3rd generation)&quot;,&quot;caption&quot;:&quot;&quot;,&quot;created_timestamp&quot;:&quot;1731666446&quot;,&quot;copyright&quot;:&quot;&quot;,&quot;focal_length&quot;:&quot;3.99&quot;,&quot;iso&quot;:&quot;40&quot;,&quot;shutter_speed&quot;:&quot;0.0083333333333333&quot;,&quot;title&quot;:&quot;&quot;,&quot;orientation&quot;:&quot;1&quot;}\" data-image-title=\"img_5280-1\" data-image-description=\"\" data-image-caption=\"\" data-large-file=\"https:\/\/i0.wp.com\/www.steenkamper.de\/wp-content\/uploads\/2024\/11\/img_5280-1.jpg?fit=750%2C1000&amp;ssl=1\" src=\"https:\/\/i0.wp.com\/www.steenkamper.de\/wp-content\/uploads\/2024\/11\/img_5280-1.jpg?resize=750%2C1000&#038;ssl=1\" class=\"wp-image-28884\" srcset=\"https:\/\/i0.wp.com\/www.steenkamper.de\/wp-content\/uploads\/2024\/11\/img_5280-1.jpg?resize=768%2C1024&amp;ssl=1 768w, https:\/\/i0.wp.com\/www.steenkamper.de\/wp-content\/uploads\/2024\/11\/img_5280-1.jpg?resize=225%2C300&amp;ssl=1 225w, https:\/\/i0.wp.com\/www.steenkamper.de\/wp-content\/uploads\/2024\/11\/img_5280-1.jpg?resize=1152%2C1536&amp;ssl=1 1152w, https:\/\/i0.wp.com\/www.steenkamper.de\/wp-content\/uploads\/2024\/11\/img_5280-1.jpg?resize=450%2C600&amp;ssl=1 450w, https:\/\/i0.wp.com\/www.steenkamper.de\/wp-content\/uploads\/2024\/11\/img_5280-1.jpg?resize=563%2C750&amp;ssl=1 563w, https:\/\/i0.wp.com\/www.steenkamper.de\/wp-content\/uploads\/2024\/11\/img_5280-1.jpg?resize=300%2C400&amp;ssl=1 300w, https:\/\/i0.wp.com\/www.steenkamper.de\/wp-content\/uploads\/2024\/11\/img_5280-1.jpg?resize=600%2C800&amp;ssl=1 600w, https:\/\/i0.wp.com\/www.steenkamper.de\/wp-content\/uploads\/2024\/11\/img_5280-1.jpg?w=1500&amp;ssl=1 1500w\" sizes=\"(max-width: 750px) 100vw, 750px\" \/><\/figure>\n","protected":false},"excerpt":{"rendered":"<p>Wer war Louis Cahnbley ? Louis Cahnbley wurde geboren 30.11.1892 in Ottensen und starb am 17.07.1970 \u2013 seine Frau Dorothea Cahnbley, geb. Denker, wurde geboren am 02.02.1896 in Bad Oldesloe&#8230; <\/p>\n<p><a class=\"teaser-more\" href=\"https:\/\/www.steenkamper.de\/index.php\/louis-cahnbley\/\">weiter lesen<\/a><\/p>\n","protected":false},"author":6,"featured_media":0,"parent":0,"menu_order":0,"comment_status":"closed","ping_status":"closed","template":"","meta":{"_acf_changed":false,"_price":"","_stock":"","_tribe_ticket_header":"","_tribe_default_ticket_provider":"","_tribe_ticket_capacity":"0","_ticket_start_date":"","_ticket_end_date":"","_tribe_ticket_show_description":"","_tribe_ticket_show_not_going":false,"_tribe_ticket_use_global_stock":"","_tribe_ticket_global_stock_level":"","_global_stock_mode":"","_global_stock_cap":"","_tribe_rsvp_for_event":"","_tribe_ticket_going_count":"","_tribe_ticket_not_going_count":"","_tribe_tickets_list":"[]","_tribe_ticket_has_attendee_info_fields":false,"jetpack_post_was_ever_published":false,"footnotes":"","_tec_slr_enabled":"","_tec_slr_layout":""},"class_list":["post-28885","page","type-page","status-publish","hentry"],"acf":[],"jetpack_sharing_enabled":true,"jetpack_shortlink":"https:\/\/wp.me\/P74Wuo-7vT","jetpack_likes_enabled":true,"jetpack-related-posts":[{"id":1025,"url":"https:\/\/www.steenkamper.de\/index.php\/siedlungsgeschichten\/","url_meta":{"origin":28885,"position":0},"title":"Siedlungsgeschichten","author":"Max","date":"04\/01\/2016","format":false,"excerpt":"\u00a0 Im Steenkamper online Rundgang sind die Siedlungsgeschichten mit ihrem Ort des Geschehens verkn\u00fcpft. Ein bisschen Zeit muss sein! 100 Jahre Ursula (Uschi) Scheibner Louis Cahnbley Stolperstein vor dem Haus im Steenkamp 43 Der Emmichbrunnen im Riemenschneiderstieg von Sebastian Buchholz aus dem Steenkamper 2\/2022 Mit der Strassenbahn zum Steenkamp? von\u2026","rel":"","context":"\u00c4hnlicher Beitrag","block_context":{"text":"\u00c4hnlicher Beitrag","link":""},"img":{"alt_text":"","src":"https:\/\/i0.wp.com\/www.steenkamper.de\/wp-content\/uploads\/2019\/12\/logo-steenkamp-jubilaeum-KLEIN-278x300.png?resize=350%2C200&ssl=1","width":350,"height":200},"classes":[]},{"id":14074,"url":"https:\/\/www.steenkamper.de\/index.php\/festschrift-100-jahre-steenkampsiedlung\/","url_meta":{"origin":28885,"position":1},"title":"Festschrift 100 Jahre Steenkampsiedlung","author":"Max","date":"07\/01\/2021","format":false,"excerpt":"Eine einzigartige Festschrift zum 100. Geburtstag der Steenkampsiedlung. Sebastian Buchholz hat f\u00fcr die Heimst\u00e4ttervereinigung Steenkamp Historisches, Erlebtes und Zeitdokumente aus dem umfangreichen Archiv der Heimst\u00e4ttervereinigung und vielen neuen Quellen zusammengetragen. Es ist ein bunter Blumenstrau\u00df mit Blick auf die sozialen, kulturellen und geschichtlichen Geschehnisse und die Ver\u00e4nderungen in der Steenkampsiedlung\u2026","rel":"","context":"\u00c4hnlicher Beitrag","block_context":{"text":"\u00c4hnlicher Beitrag","link":""},"img":{"alt_text":"","src":"https:\/\/i0.wp.com\/www.steenkamper.de\/wp-content\/uploads\/2021\/11\/100JahreBanner-KL.jpg?fit=800%2C320&ssl=1&resize=350%2C200","width":350,"height":200,"srcset":"https:\/\/i0.wp.com\/www.steenkamper.de\/wp-content\/uploads\/2021\/11\/100JahreBanner-KL.jpg?fit=800%2C320&ssl=1&resize=350%2C200 1x, https:\/\/i0.wp.com\/www.steenkamper.de\/wp-content\/uploads\/2021\/11\/100JahreBanner-KL.jpg?fit=800%2C320&ssl=1&resize=525%2C300 1.5x, https:\/\/i0.wp.com\/www.steenkamper.de\/wp-content\/uploads\/2021\/11\/100JahreBanner-KL.jpg?fit=800%2C320&ssl=1&resize=700%2C400 2x"},"classes":[]},{"id":1096,"url":"https:\/\/www.steenkamper.de\/index.php\/max-lips\/","url_meta":{"origin":28885,"position":2},"title":"Max Lips","author":"Max","date":"06\/01\/2016","format":false,"excerpt":"ist Administrator der Webseite www.steenkamper.de Redakteur vom Vereinsblatt DER STEENKAMPER und vom Newsletter DER KLEINEN STEENKAMPER. Er ist Kameramann f\u00fcr Film und Fernsehen,\u00a01972 in Hamburg geboren und in HH-Ottensen aufgewachsen. Seit 2012 wohnen meine Frau, unsere drei T\u00f6chtern und ich hier in der Siedlung. \u00a0Wir f\u00fchlen uns sehr wohl und\u2026","rel":"","context":"\u00c4hnlicher Beitrag","block_context":{"text":"\u00c4hnlicher Beitrag","link":""},"img":{"alt_text":"m.lips","src":"https:\/\/i0.wp.com\/wp.steenkamper.de\/wp-content\/uploads\/2016\/01\/m.lips_-150x150.png?resize=350%2C200","width":350,"height":200},"classes":[]},{"id":186,"url":"https:\/\/www.steenkamper.de\/index.php\/geschichte\/","url_meta":{"origin":28885,"position":3},"title":"Geschichte","author":"admin","date":"15\/12\/2015","format":false,"excerpt":"Die Entstehung der Siedlung Steenkamp Von A. Klement, Leiter des Baub\u00fcros Oktober 1920 Es ist nicht immer so gewesen, dass der Siedlungsgedanke in weiten Kreisen der Bev\u00f6lkerung lebendig war, wie es heute ist; im Jahre 1913 noch musste der Gemeinn\u00fctzige Bauverein Altona- Ottensen, um seine Siedler zu gewinnen, den Weg\u2026","rel":"","context":"\u00c4hnlicher Beitrag","block_context":{"text":"\u00c4hnlicher Beitrag","link":""},"img":{"alt_text":"","src":"","width":0,"height":0},"classes":[]},{"id":9440,"url":"https:\/\/www.steenkamper.de\/index.php\/erich-hartmann\/","url_meta":{"origin":28885,"position":4},"title":"Erich Hartmann","author":"Max","date":"02\/12\/2019","format":false,"excerpt":"Erich Hartmann, Steenkamper K\u00fcnstler der Hamburgischen Sezession Elberfeld \u2013 D\u00fcsseldorf \u2013 M\u00fcnchen \u2013 Paris \u2013 Altona \u2013 Steenkampsiedlung: Dieser Lebensweg f\u00fchrte den K\u00fcnstler Erich Hartmann (geb. 7.01.1886) mit seiner Frau Ida, geborene Jenichen, im August 1922 in das Haus Drosselweg 8\/Grenzstieg (jetzt Torbogen\/Ecke Veit-Sto\u00df-Weg) in die Steenkamp-Siedlung.\u00a0Erich Hartmann geh\u00f6rte zu\u2026","rel":"","context":"\u00c4hnlicher Beitrag","block_context":{"text":"\u00c4hnlicher Beitrag","link":""},"img":{"alt_text":"","src":"","width":0,"height":0},"classes":[]},{"id":11468,"url":"https:\/\/www.steenkamper.de\/index.php\/erich-hartmann-2\/","url_meta":{"origin":28885,"position":5},"title":"Erich Hartmann","author":"Max","date":"29\/08\/2020","format":false,"excerpt":"Erich Hartmann 1886-1974Ein K\u00fcnstler in Steenkamp (1922-1974)von Elfriede Ziegler \u00dcbersicht 1886 7.1.geboren in Elberfeld (heute Wuppertal-Elberfeld), Vater hat Kunst- und Buchhandlung1903-1908Kunststudium in D\u00fcsseldorf und M\u00fcnchen, er malt impressionistisch 1908-1909 und 1912-1913Paris-Aufenthalte. Picasso, Matisse interessieren ihn, er will sich dem Kubismus zuwenden1914-1918Soldat in Frankreich, 1918 verwundet, in Altona im Lazarett1917Heirat mit\u2026","rel":"","context":"\u00c4hnlicher Beitrag","block_context":{"text":"\u00c4hnlicher Beitrag","link":""},"img":{"alt_text":"","src":"","width":0,"height":0},"classes":[]}],"ticketed":false,"_links":{"self":[{"href":"https:\/\/www.steenkamper.de\/index.php\/wp-json\/wp\/v2\/pages\/28885","targetHints":{"allow":["GET"]}}],"collection":[{"href":"https:\/\/www.steenkamper.de\/index.php\/wp-json\/wp\/v2\/pages"}],"about":[{"href":"https:\/\/www.steenkamper.de\/index.php\/wp-json\/wp\/v2\/types\/page"}],"author":[{"embeddable":true,"href":"https:\/\/www.steenkamper.de\/index.php\/wp-json\/wp\/v2\/users\/6"}],"replies":[{"embeddable":true,"href":"https:\/\/www.steenkamper.de\/index.php\/wp-json\/wp\/v2\/comments?post=28885"}],"version-history":[{"count":0,"href":"https:\/\/www.steenkamper.de\/index.php\/wp-json\/wp\/v2\/pages\/28885\/revisions"}],"wp:attachment":[{"href":"https:\/\/www.steenkamper.de\/index.php\/wp-json\/wp\/v2\/media?parent=28885"}],"curies":[{"name":"wp","href":"https:\/\/api.w.org\/{rel}","templated":true}]}}