{"id":2765,"date":"2016-11-02T10:50:55","date_gmt":"2016-11-02T09:50:55","guid":{"rendered":"http:\/\/wp.steenkamper.de\/?page_id=2765"},"modified":"2018-01-13T13:54:16","modified_gmt":"2018-01-13T12:54:16","slug":"help","status":"publish","type":"page","link":"https:\/\/www.steenkamper.de\/index.php\/help\/","title":{"rendered":"HELP"},"content":{"rendered":"<p>&nbsp;<\/p>\n<p>for REFUGEES<\/p>\n<p><img data-recalc-dims=\"1\" decoding=\"async\" data-attachment-id=\"2533\" data-permalink=\"https:\/\/www.steenkamper.de\/index.php\/2016\/09\/25\/unterstuetzung-beim-willkommen-gesucht\/img_4712\/\" data-orig-file=\"https:\/\/i0.wp.com\/www.steenkamper.de\/wp-content\/uploads\/2016\/09\/img_4712.jpg?fit=784%2C426&amp;ssl=1\" data-orig-size=\"784,426\" data-comments-opened=\"1\" data-image-meta=\"{&quot;aperture&quot;:&quot;0&quot;,&quot;credit&quot;:&quot;&quot;,&quot;camera&quot;:&quot;&quot;,&quot;caption&quot;:&quot;&quot;,&quot;created_timestamp&quot;:&quot;0&quot;,&quot;copyright&quot;:&quot;&quot;,&quot;focal_length&quot;:&quot;0&quot;,&quot;iso&quot;:&quot;0&quot;,&quot;shutter_speed&quot;:&quot;0&quot;,&quot;title&quot;:&quot;&quot;,&quot;orientation&quot;:&quot;1&quot;}\" data-image-title=\"img_4712\" data-image-description=\"\" data-image-caption=\"\" data-large-file=\"https:\/\/i0.wp.com\/www.steenkamper.de\/wp-content\/uploads\/2016\/09\/img_4712.jpg?fit=750%2C408&amp;ssl=1\" class=\"alignnone size-medium wp-image-2533\" src=\"https:\/\/i0.wp.com\/wp.steenkamper.de\/wp-content\/uploads\/2016\/09\/img_4712-300x163.jpg?resize=300%2C163\" alt=\"img_4712\" width=\"300\" height=\"163\" srcset=\"https:\/\/i0.wp.com\/www.steenkamper.de\/wp-content\/uploads\/2016\/09\/img_4712.jpg?resize=300%2C163&amp;ssl=1 300w, https:\/\/i0.wp.com\/www.steenkamper.de\/wp-content\/uploads\/2016\/09\/img_4712.jpg?resize=768%2C417&amp;ssl=1 768w, https:\/\/i0.wp.com\/www.steenkamper.de\/wp-content\/uploads\/2016\/09\/img_4712.jpg?resize=500%2C272&amp;ssl=1 500w, https:\/\/i0.wp.com\/www.steenkamper.de\/wp-content\/uploads\/2016\/09\/img_4712.jpg?resize=450%2C245&amp;ssl=1 450w, https:\/\/i0.wp.com\/www.steenkamper.de\/wp-content\/uploads\/2016\/09\/img_4712.jpg?w=784&amp;ssl=1 784w\" sizes=\"(max-width: 300px) 100vw, 300px\" \/><\/p>\n<p><strong>HELP \u2013 ein schwarzes Brett f\u00fcr die Steenkamper Fl\u00fcchtlingshilfe<\/strong><\/p>\n<p><span style=\"color: #993300;\"><strong>Die Onlineplattform \u201eHelp\u201c wurde zum Januar 2018 eingestellt. Die daran gekn\u00fcpften Erwartungen haben sich nicht best\u00e4tigt.\u00a0<\/strong><\/span><\/p>\n<p><span style=\"font-family: sans-serif; font-size: small;\">In der Unterkunft in der Notkestra\u00dfe 25 wohnen derzeit ca. 650 Gefl\u00fcchtete, davon 170 Kinder, \u00fcberwiegend aus Syrien, Afghanistan, Iran, Irak und Eritrea.\u00a0<\/span><\/p>\n<p><span style=\"font-family: sans-serif; font-size: small;\">Die Unterkunft ist eine Folgeunterkunft, das hei\u00dft viele BewohnerInnen d\u00fcrfen nun in privaten Wohnraum ziehen und sind auf Wohnungssuche, einige warten aber auch noch auf ihre Aufenthaltsgenehmigungen.\u00a0<\/span><\/p>\n<p><span style=\"font-family: sans-serif; font-size: small;\">Die Menschen in der Unterkunft freuen sich sehr \u00fcber Kontakt zu Deutschen. Teilweise gibt es konkreten Hilfebedarf wie etwa Deutsch-Nachhilfe oder Hilfe bei der Wohnungssuche. Oft geht es aber auch nur um Kontakt und Austausch. Entsprechende Hilfeanfragen werden von der Unterkunftsleitung oder den Hilfesuchenden hier bei HELP eingestellt.<\/span><\/p>\n<p><span style=\"font-family: sans-serif; font-size: small;\">Wer sich bei HELP als Helfer oder Helferin anmeldet, kann eine \u00dcbersicht aller Hilfeanfragen einsehen. Dann k\u00f6nnte Ihr entscheiden, ob Ihr auf eine bestimmte Anfrage antworten wollt, um Hilfe anzubieten. F\u00fcr die Anmeldung bei HELP weiter unten das Formular &#8220;Create New Help&#8221; ausf\u00fcllen und abschicken (submit HELP). Sobald Ihr eine Best\u00e4tigung erhalten habt, dass Eure Anmeldung abgeschlossen ist, k\u00f6nnt Ihr Euch mit Euren Zugangsdaten bei HELP einloggen um zu sehen, welche Hilfe gebraucht wird.<\/span><\/p>\n<p>&nbsp;<\/p>\n<p>&nbsp;<\/p>\n<p>&nbsp;<\/p>\n<p>&nbsp;<\/p>\n","protected":false},"excerpt":{"rendered":"<p>&nbsp; for REFUGEES HELP \u2013 ein schwarzes Brett f\u00fcr die Steenkamper Fl\u00fcchtlingshilfe Die Onlineplattform \u201eHelp\u201c wurde zum Januar 2018 eingestellt. Die daran gekn\u00fcpften Erwartungen haben sich nicht best\u00e4tigt.\u00a0 In der&#8230; <\/p>\n<p><a class=\"teaser-more\" href=\"https:\/\/www.steenkamper.de\/index.php\/help\/\">weiter lesen<\/a><\/p>\n","protected":false},"author":6,"featured_media":0,"parent":0,"menu_order":0,"comment_status":"open","ping_status":"closed","template":"","meta":{"_acf_changed":false,"_price":"","_stock":"","_tribe_ticket_header":"","_tribe_default_ticket_provider":"","_tribe_ticket_capacity":"0","_ticket_start_date":"","_ticket_end_date":"","_tribe_ticket_show_description":"","_tribe_ticket_show_not_going":false,"_tribe_ticket_use_global_stock":"","_tribe_ticket_global_stock_level":"","_global_stock_mode":"","_global_stock_cap":"","_tribe_rsvp_for_event":"","_tribe_ticket_going_count":"","_tribe_ticket_not_going_count":"","_tribe_tickets_list":"[]","_tribe_ticket_has_attendee_info_fields":false,"jetpack_post_was_ever_published":false,"footnotes":"","_tec_slr_enabled":"","_tec_slr_layout":""},"class_list":["post-2765","page","type-page","status-publish","hentry"],"acf":[],"jetpack_sharing_enabled":false,"jetpack_shortlink":"https:\/\/wp.me\/P74Wuo-IB","jetpack_likes_enabled":true,"jetpack-related-posts":[{"id":1638,"url":"https:\/\/www.steenkamper.de\/index.php\/fluechtlingsarbeit\/ag-wlaninternet\/","url_meta":{"origin":2765,"position":0},"title":"AG WLAN\/Internet","author":"Max","date":"13\/02\/2016","format":false,"excerpt":"Protokolle der Treffen der Fl\u00fcchtlingsunterst\u00fctzung AG: Protokoll 10.2.16\u00a0Protokoll 13.1.16 Die AG WLAN\/Internet stellt Ihre Arbeit\/Ziele vor: Hintergrund: \u00dcbersetzungen, Vorbereitungen von Beh\u00f6rdeng\u00e4ngen, Kontakt \u00fcber soziale Medien zu Verwandten und Freunden sowie das Schreiben von Bewerbungen oder Korrespondenz zu Unternehmen ist heutzutage gr\u00f6\u00dftenteils nur noch \u00fcber den Zugang zum Internet m\u00f6glich. Um\u2026","rel":"","context":"\u00c4hnlicher Beitrag","block_context":{"text":"\u00c4hnlicher Beitrag","link":""},"img":{"alt_text":"","src":"","width":0,"height":0},"classes":[]},{"id":3237,"url":"https:\/\/www.steenkamper.de\/index.php\/fluechtlingsarbeit\/cafe-vogelweide\/","url_meta":{"origin":2765,"position":1},"title":"Caf\u00e9 Vogelweide","author":"Max","date":"31\/01\/2017","format":false,"excerpt":"Termine 2026 KEIN Caf\u00e9 im Dezember 2025 25.1., 22.2., 29,3., kein Caf\u00e9 im Apr., 31.5., 28.6., kein Caf\u00e9 im Juli, 30.8., 27.9., kein Caf\u00e9 im Okt., 8.11., 13.12. Was machen wir? Kl\u00f6nen, Kuchen verspeisen, spielen, malen, sich austauschen, Mandalas malen, Deutsch reden, neue Kontakte kn\u00fcpfen, lachen, Fotos machen, bei Regen\u2026","rel":"","context":"\u00c4hnlicher Beitrag","block_context":{"text":"\u00c4hnlicher Beitrag","link":""},"img":{"alt_text":"","src":"https:\/\/i0.wp.com\/www.steenkamper.de\/wp-content\/uploads\/2025\/12\/CafeVogelweide_ALLE_TERMINE_2026-220x300.jpg?resize=350%2C200&ssl=1","width":350,"height":200},"classes":[]},{"id":1641,"url":"https:\/\/www.steenkamper.de\/index.php\/fluechtlingsarbeit\/ag-wlaninternet\/protokolle-ag-wlaninternet\/","url_meta":{"origin":2765,"position":2},"title":"Protokoll 13.1.16","author":"Max","date":"13\/02\/2016","format":false,"excerpt":"Fl\u00fcchtlingsunterst\u00fctzungs-Treffen am 13.01.2016 im Steenkampsaal AG WLAN\/Internet G\u00e4ste Bernd Thielk, Gesch\u00e4ftsf\u00fchrer, willy.tel GmbH Torsten Grube, F\u00f6rdern und Wohnen, Planer\/Betreiber der Unterkunft Thomas Zoufal, Desy, Pressesprecher Mit den G\u00e4sten wurden die technischen M\u00f6glichkeiten zur Bereitstellung von Internetzug\u00e4ngen bzw. WLAN er\u00f6rtert. Es wurde deutlich, dass es erforderlich sein wird eine geeignete Infrastruktur\u2026","rel":"","context":"\u00c4hnlicher Beitrag","block_context":{"text":"\u00c4hnlicher Beitrag","link":""},"img":{"alt_text":"","src":"","width":0,"height":0},"classes":[]},{"id":1799,"url":"https:\/\/www.steenkamper.de\/index.php\/fluechtlingsarbeit\/ag-wlaninternet\/protokoll-10-2-16\/","url_meta":{"origin":2765,"position":3},"title":"Protokoll 10.02.2016","author":"Max","date":"26\/02\/2016","format":false,"excerpt":"Protokoll vom 10.02.2016 Beim dem letzten Treffen der AG im Januar 2016 war Bernd Thielk, Gesch\u00e4ftsf\u00fchrer, willy.tel GmbH zu Gast. Damals wurde vereinbart, dass es unsere Gruppe \u00fcber bereits laufende Gespr\u00e4che mit dem Senat zur Realisierung von WLAN in Fl\u00fcchtlingsunterk\u00fcnften auf dem laufenden h\u00e4lt. Hintergrund ist das Vorhaben des Zentralen\u2026","rel":"","context":"\u00c4hnlicher Beitrag","block_context":{"text":"\u00c4hnlicher Beitrag","link":""},"img":{"alt_text":"","src":"","width":0,"height":0},"classes":[]},{"id":3390,"url":"https:\/\/www.steenkamper.de\/index.php\/ideen-plaene\/","url_meta":{"origin":2765,"position":4},"title":"IDEEN &#038; PL\u00c4NE","author":"Max","date":"19\/02\/2017","format":false,"excerpt":"Auf der Zukunftswerkstatt am 18.2.17 sind Ideen und Pl\u00e4ne entstanden. Diese sind hier aufgelistet und k\u00f6nnen kommentiert und\/oder erg\u00e4nzt werden. Zu den einzelnen Ideenfeldern haben sich Arbeitsgruppen gebildet. Ansprechpartner sind jeweils genannt. Wer Interesse hat sich an der Verwirklichung der Vorhaben zu beteiligen meldet sich bitte bei diesen. KULTUR \/\u2026","rel":"","context":"Mit 1 Kommentar","block_context":{"text":"Mit 1 Kommentar","link":"https:\/\/www.steenkamper.de\/index.php\/ideen-plaene\/#comments"},"img":{"alt_text":"","src":"https:\/\/i0.wp.com\/www.steenkamper.de\/wp-content\/uploads\/2016\/01\/DerSteenkamper.jpg?fit=703%2C247&ssl=1&resize=350%2C200","width":350,"height":200,"srcset":"https:\/\/i0.wp.com\/www.steenkamper.de\/wp-content\/uploads\/2016\/01\/DerSteenkamper.jpg?fit=703%2C247&ssl=1&resize=350%2C200 1x, https:\/\/i0.wp.com\/www.steenkamper.de\/wp-content\/uploads\/2016\/01\/DerSteenkamper.jpg?fit=703%2C247&ssl=1&resize=525%2C300 1.5x, https:\/\/i0.wp.com\/www.steenkamper.de\/wp-content\/uploads\/2016\/01\/DerSteenkamper.jpg?fit=703%2C247&ssl=1&resize=700%2C400 2x"},"classes":[]},{"id":30284,"url":"https:\/\/www.steenkamper.de\/index.php\/ein-bisschen-zeit-muss-sein-100-jahre-ursula-uschi-scheibner\/","url_meta":{"origin":2765,"position":5},"title":"Ein bisschen Zeit muss sein! 100 Jahre Ursula (Uschi) Scheibner","author":"Max","date":"03\/09\/2025","format":false,"excerpt":"Vor allem, wenn es sich um einen 100sten Geburtstag handelt. So einen Geburtstag hat Ursula (Uschi) Scheibner aus dem R\u00fcsternkamp am 10. Januar 2025 gefeiert. Da unser Saal noch nicht ganz fertig war, traf man sich im Gemeindesaal der Melanchthongemeinde, von der Familie fein vorbereitet und geschm\u00fcckt. Erinnert ihr euch?\u2026","rel":"","context":"\u00c4hnlicher Beitrag","block_context":{"text":"\u00c4hnlicher Beitrag","link":""},"img":{"alt_text":"","src":"https:\/\/i0.wp.com\/www.steenkamper.de\/wp-content\/uploads\/2025\/09\/20250210_100840_torte-scaled.jpg?resize=350%2C200&ssl=1","width":350,"height":200,"srcset":"https:\/\/i0.wp.com\/www.steenkamper.de\/wp-content\/uploads\/2025\/09\/20250210_100840_torte-scaled.jpg?resize=350%2C200&ssl=1 1x, https:\/\/i0.wp.com\/www.steenkamper.de\/wp-content\/uploads\/2025\/09\/20250210_100840_torte-scaled.jpg?resize=525%2C300&ssl=1 1.5x, https:\/\/i0.wp.com\/www.steenkamper.de\/wp-content\/uploads\/2025\/09\/20250210_100840_torte-scaled.jpg?resize=700%2C400&ssl=1 2x, https:\/\/i0.wp.com\/www.steenkamper.de\/wp-content\/uploads\/2025\/09\/20250210_100840_torte-scaled.jpg?resize=1050%2C600&ssl=1 3x, https:\/\/i0.wp.com\/www.steenkamper.de\/wp-content\/uploads\/2025\/09\/20250210_100840_torte-scaled.jpg?resize=1400%2C800&ssl=1 4x"},"classes":[]}],"ticketed":false,"_links":{"self":[{"href":"https:\/\/www.steenkamper.de\/index.php\/wp-json\/wp\/v2\/pages\/2765","targetHints":{"allow":["GET"]}}],"collection":[{"href":"https:\/\/www.steenkamper.de\/index.php\/wp-json\/wp\/v2\/pages"}],"about":[{"href":"https:\/\/www.steenkamper.de\/index.php\/wp-json\/wp\/v2\/types\/page"}],"author":[{"embeddable":true,"href":"https:\/\/www.steenkamper.de\/index.php\/wp-json\/wp\/v2\/users\/6"}],"replies":[{"embeddable":true,"href":"https:\/\/www.steenkamper.de\/index.php\/wp-json\/wp\/v2\/comments?post=2765"}],"version-history":[{"count":26,"href":"https:\/\/www.steenkamper.de\/index.php\/wp-json\/wp\/v2\/pages\/2765\/revisions"}],"predecessor-version":[{"id":5962,"href":"https:\/\/www.steenkamper.de\/index.php\/wp-json\/wp\/v2\/pages\/2765\/revisions\/5962"}],"wp:attachment":[{"href":"https:\/\/www.steenkamper.de\/index.php\/wp-json\/wp\/v2\/media?parent=2765"}],"curies":[{"name":"wp","href":"https:\/\/api.w.org\/{rel}","templated":true}]}}