{"id":264,"date":"2015-12-15T23:43:33","date_gmt":"2015-12-15T21:43:33","guid":{"rendered":"https:\/\/steenkamper.wordpress.com\/baulicher-erhaelt-der-siedlung\/"},"modified":"2025-05-24T08:32:59","modified_gmt":"2025-05-24T06:32:59","slug":"baulicher-erhaelt-der-siedlung","status":"publish","type":"page","link":"https:\/\/www.steenkamper.de\/index.php\/baulicher-erhaelt-der-siedlung\/","title":{"rendered":"Baulicher Erhalt der Siedlung"},"content":{"rendered":"<div id=\"attachment_423\" style=\"width: 310px\" class=\"wp-caption alignleft\"><img data-recalc-dims=\"1\" fetchpriority=\"high\" decoding=\"async\" aria-describedby=\"caption-attachment-423\" data-attachment-id=\"423\" data-permalink=\"https:\/\/www.steenkamper.de\/index.php\/baulicher-erhaelt-der-siedlung\/2003-04-01-im-hag-schuppenrenov-02\/\" data-orig-file=\"https:\/\/i0.wp.com\/www.steenkamper.de\/wp-content\/uploads\/2015\/12\/2003-04-01-im-hag-schuppenrenov-02.jpg?fit=1280%2C960&amp;ssl=1\" data-orig-size=\"1280,960\" data-comments-opened=\"1\" data-image-meta=\"{&quot;aperture&quot;:&quot;0&quot;,&quot;credit&quot;:&quot;&quot;,&quot;camera&quot;:&quot;&quot;,&quot;caption&quot;:&quot;&quot;,&quot;created_timestamp&quot;:&quot;0&quot;,&quot;copyright&quot;:&quot;&quot;,&quot;focal_length&quot;:&quot;0&quot;,&quot;iso&quot;:&quot;0&quot;,&quot;shutter_speed&quot;:&quot;0&quot;,&quot;title&quot;:&quot;&quot;,&quot;orientation&quot;:&quot;0&quot;}\" data-image-title=\"2003-04-01 Im Hag Schuppenrenov (02\" data-image-description=\"\" data-image-caption=\"\" data-large-file=\"https:\/\/i0.wp.com\/www.steenkamper.de\/wp-content\/uploads\/2015\/12\/2003-04-01-im-hag-schuppenrenov-02.jpg?fit=750%2C563&amp;ssl=1\" class=\"size-medium wp-image-423\" src=\"https:\/\/i0.wp.com\/wp.steenkamper.de\/wp-content\/uploads\/2015\/12\/2003-04-01-im-hag-schuppenrenov-02-300x225.jpg?resize=300%2C225\" alt=\"Claus Thiel\" width=\"300\" height=\"225\" srcset=\"https:\/\/i0.wp.com\/www.steenkamper.de\/wp-content\/uploads\/2015\/12\/2003-04-01-im-hag-schuppenrenov-02.jpg?resize=300%2C225&amp;ssl=1 300w, https:\/\/i0.wp.com\/www.steenkamper.de\/wp-content\/uploads\/2015\/12\/2003-04-01-im-hag-schuppenrenov-02.jpg?resize=768%2C576&amp;ssl=1 768w, https:\/\/i0.wp.com\/www.steenkamper.de\/wp-content\/uploads\/2015\/12\/2003-04-01-im-hag-schuppenrenov-02.jpg?resize=1024%2C768&amp;ssl=1 1024w, https:\/\/i0.wp.com\/www.steenkamper.de\/wp-content\/uploads\/2015\/12\/2003-04-01-im-hag-schuppenrenov-02.jpg?resize=945%2C709&amp;ssl=1 945w, https:\/\/i0.wp.com\/www.steenkamper.de\/wp-content\/uploads\/2015\/12\/2003-04-01-im-hag-schuppenrenov-02.jpg?resize=600%2C450&amp;ssl=1 600w, https:\/\/i0.wp.com\/www.steenkamper.de\/wp-content\/uploads\/2015\/12\/2003-04-01-im-hag-schuppenrenov-02.jpg?w=1280&amp;ssl=1 1280w\" sizes=\"(max-width: 300px) 100vw, 300px\" \/><p id=\"caption-attachment-423\" class=\"wp-caption-text\">Foto: Claus Thiel<\/p><\/div>\n<p>Das charmante, zusammenh\u00e4ngende Erscheinungsbild unserer Siedlung ist neben der zentralen Lage ein gro\u00dfes Qualit\u00e4tsmerkmal unserer Siedlung.<br \/>\nAllerdings ist bereits sehr viel von dem einheitlichen Charakter der Siedlung verloren gegangen, da \u00fcber viele Jahre die Instandhaltungs- und Umbauma\u00dfnahmen ohne Vorgaben durchgef\u00fchrt wurden.<br \/>\nUm diesen Prozess umzukehren, wurde im Jahr 2001 eine Erhaltungs- und Gestaltungsverordnung erlassen. Die Satzung macht Vorgaben zur Gestaltung der Geb\u00e4ude sowie wesentlicher Gartenelemente. Die Regelungen wurden auf Grundlage eines detaillierten Gestaltungsgutachtens aus dem Jahre 1984 entwickelt. (Das Gutachten kann beim Heimst\u00e4tterverein eingesehen werden).<br \/>\nMit dem massiven Abverkauf der H\u00e4user in den letzten Jahren hat die Umsetzung der Erhaltungs- und Gestaltungsverordnung einen Schub bekommen. Durch die Fassadensanierungen und den Einbau der alten Fensterteilungen vielfach zum positiven. Allerdings entstehen auch immer mehr individuelle L\u00f6sungen fernab der Gestaltungsverordnung, die sich aus r\u00e4umlichen Zw\u00e4ngen oder einfach aus Unwissenheit ergeben.<br \/>\nSo sieht man z.B. immer h\u00e4ufiger \u00fcberdimensionierte Dachgauben, franz\u00f6sische Fenster oder zweige- schossige Gartenh\u00e4user mit Satellitensch\u00fcsseln. Die Farbe Ocker wird als \u201ePastell\u201c verbucht.<br \/>\nDie sich gegenseitig verst\u00e4rkenden Regel\u00fcberschreitungen k\u00f6nnen langfristige Folgen haben.<br \/>\nWenn bestimmte Ver\u00e4nderungen ungeahndet immer weiter gehen, wird sich auch das faktische Baurecht anpassen. Schlimmstenfalls kann dies dazu f\u00fchren, dass wir irgendwann in einer gesichtslosen Siedlung mit einer zweiten Baureihe leben.<br \/>\nDie Frage, wie unsere Siedlung in 10, 20 oder 30 Jahren aussehen soll, muss daher heute angepackt werden, wenn wir den Charme unserer Gartenstadt erhalten wollen.<br \/>\nEin Satzungszweck des Heimst\u00e4ttervereins ist die Erhaltung der Steenkampsiedlung als Baudenkmal. Auf der Mitgliederversammlung 2015 wurde daher beschlossen, dass sich der Vorstand in Zukunft st\u00e4rker um die bauliche Erhaltung der Siedlung k\u00fcmmert und eine Diskussion jenseits \u201ebaupolizeilicher Strenge\u201c hier\u00fcber anregt.<br \/>\nWir w\u00fcrden uns \u00fcber Ihre Meinung und Anregung hierzu freuen!<br \/>\nDie \u201eVerordnung \u00fcber die Erhaltung und Gestaltung baulicher Anlagen in Bahrenfeld (Steenkampsiedlung)\u201c vom 26. Oktober 2001 trifft Regelungen insbesondere f\u00fcr:<br \/>\n&#8211; Fassadenmaterialien und \u2013farben<br \/>\n&#8211; Fensterzuschnitte und Sprossenteilungen, Lage der Fenster<br \/>\n&#8211; Dachform und -farben, -materialien, -fenster \u2013 und -gauben<br \/>\n&#8211; Anbauten und Ger\u00e4teschuppen<br \/>\n&#8211; Elemente der Vorgartengestaltung, Pflasterungen, Gartenabtrennung<\/p>\n<p>Hier die Verordnung:\u00a0<a href=\"https:\/\/www.hamburg.de\/resource\/blob\/52242\/37bf43c42d65a74da922412c30694e4e\/steenkamp-vo-data.pdf\" target=\"_blank\" rel=\"noopener\">Erhaltungs- und Gestaltungsverordnung<\/a><\/p>\n<p>Gedanken zur Gestaltungsverordnung: <a href=\"https:\/\/www.steenkamper.de\/index.php\/die-steenkampsiedlung-unter-schutz\/\">Steenkampsiedlung unter Schutz<\/a><\/p>\n<p>Siehe auch: <a href=\"https:\/\/www.steenkamper.de\/index.php\/ideen-plaene\/milieuschutz\/\">Ausschuss Baukultur<\/a><\/p>\n","protected":false},"excerpt":{"rendered":"<p>Das charmante, zusammenh\u00e4ngende Erscheinungsbild unserer Siedlung ist neben der zentralen Lage ein gro\u00dfes Qualit\u00e4tsmerkmal unserer Siedlung. Allerdings ist bereits sehr viel von dem einheitlichen Charakter der Siedlung verloren gegangen, da&#8230; <\/p>\n<p><a class=\"teaser-more\" href=\"https:\/\/www.steenkamper.de\/index.php\/baulicher-erhaelt-der-siedlung\/\">weiter lesen<\/a><\/p>\n","protected":false},"author":6,"featured_media":0,"parent":0,"menu_order":0,"comment_status":"closed","ping_status":"closed","template":"","meta":{"_acf_changed":false,"_price":"","_stock":"","_tribe_ticket_header":"","_tribe_default_ticket_provider":"","_tribe_ticket_capacity":"0","_ticket_start_date":"","_ticket_end_date":"","_tribe_ticket_show_description":"","_tribe_ticket_show_not_going":false,"_tribe_ticket_use_global_stock":"","_tribe_ticket_global_stock_level":"","_global_stock_mode":"","_global_stock_cap":"","_tribe_rsvp_for_event":"","_tribe_ticket_going_count":"","_tribe_ticket_not_going_count":"","_tribe_tickets_list":"[]","_tribe_ticket_has_attendee_info_fields":false,"jetpack_post_was_ever_published":false,"footnotes":"","_tec_slr_enabled":"","_tec_slr_layout":""},"class_list":["post-264","page","type-page","status-publish","hentry"],"acf":[],"jetpack_sharing_enabled":true,"jetpack_shortlink":"https:\/\/wp.me\/P74Wuo-4g","jetpack_likes_enabled":true,"jetpack-related-posts":[{"id":1108,"url":"https:\/\/www.steenkamper.de\/index.php\/85-jahre-steenkampsiedlung-2005\/","url_meta":{"origin":264,"position":0},"title":"85 Jahre Steenkampsiedlung 2005","author":"Max","date":"06\/01\/2016","format":false,"excerpt":"Aus dem Steenkamp Ausgabe 1\/2005 Text: Matthias Raabe Fotos: stellt Frau Balj\u00f6hr zur Verf\u00fcgung 85 Jahre Steenkampsiedlung Was k\u00f6nnen uns 85 Jahre Steenkampsiedlung bedeuten? Ein Grund zum Feiern? Einige Gedanken dazu ... Der erste Weltkrieg war vorbei, und den Heimkehrern sollte eine Heimat angeboten werden, in der sie zusammen mit\u2026","rel":"","context":"\u00c4hnlicher Beitrag","block_context":{"text":"\u00c4hnlicher Beitrag","link":""},"img":{"alt_text":"85_2","src":"https:\/\/i0.wp.com\/wp.steenkamper.de\/wp-content\/uploads\/2016\/01\/85_2-300x193.jpg?resize=350%2C200","width":350,"height":200},"classes":[]},{"id":1025,"url":"https:\/\/www.steenkamper.de\/index.php\/siedlungsgeschichten\/","url_meta":{"origin":264,"position":1},"title":"Siedlungsgeschichten","author":"Max","date":"04\/01\/2016","format":false,"excerpt":"\u00a0 Im Steenkamper online Rundgang sind die Siedlungsgeschichten mit ihrem Ort des Geschehens verkn\u00fcpft. Ein bisschen Zeit muss sein! 100 Jahre Ursula (Uschi) Scheibner Louis Cahnbley Stolperstein vor dem Haus im Steenkamp 43 Der Emmichbrunnen im Riemenschneiderstieg von Sebastian Buchholz aus dem Steenkamper 2\/2022 Mit der Strassenbahn zum Steenkamp? von\u2026","rel":"","context":"\u00c4hnlicher Beitrag","block_context":{"text":"\u00c4hnlicher Beitrag","link":""},"img":{"alt_text":"","src":"https:\/\/i0.wp.com\/www.steenkamper.de\/wp-content\/uploads\/2019\/12\/logo-steenkamp-jubilaeum-KLEIN-278x300.png?resize=350%2C200&ssl=1","width":350,"height":200},"classes":[]},{"id":9143,"url":"https:\/\/www.steenkamper.de\/index.php\/jubilaeumsveranstaltungen\/","url_meta":{"origin":264,"position":2},"title":"Jubil\u00e4umsveranstaltungen","author":"Max","date":"11\/11\/2019","format":false,"excerpt":"100 Jahre Steenkampsiedlung 1920 - 2020 Den wunderbaren Auftakt unseres Jubil\u00e4umsjahres bildete der Neujahrsempfang im Januar, weiter ging es mit einem spannenden Vortr\u00e4gen zur Siedlungsgeschichte, dem Swing-Tanz-Salon und wir konnten unsere 100 Jahre auch noch zusammen mit dem 4j\u00e4hrigen Jubil\u00e4um \u201eCaf\u00e9 Vogelweide\u201c feiern, gemeinsam mit der Blecheisenbahn spielen und uns\u2026","rel":"","context":"\u00c4hnlicher Beitrag","block_context":{"text":"\u00c4hnlicher Beitrag","link":""},"img":{"alt_text":"","src":"https:\/\/i0.wp.com\/www.steenkamper.de\/wp-content\/uploads\/2019\/12\/logo-steenkamp-jubilaeum-KLEIN.png?resize=350%2C200&ssl=1","width":350,"height":200,"srcset":"https:\/\/i0.wp.com\/www.steenkamper.de\/wp-content\/uploads\/2019\/12\/logo-steenkamp-jubilaeum-KLEIN.png?resize=350%2C200&ssl=1 1x, https:\/\/i0.wp.com\/www.steenkamper.de\/wp-content\/uploads\/2019\/12\/logo-steenkamp-jubilaeum-KLEIN.png?resize=525%2C300&ssl=1 1.5x, https:\/\/i0.wp.com\/www.steenkamper.de\/wp-content\/uploads\/2019\/12\/logo-steenkamp-jubilaeum-KLEIN.png?resize=700%2C400&ssl=1 2x, https:\/\/i0.wp.com\/www.steenkamper.de\/wp-content\/uploads\/2019\/12\/logo-steenkamp-jubilaeum-KLEIN.png?resize=1050%2C600&ssl=1 3x"},"classes":[]},{"id":29043,"url":"https:\/\/www.steenkamper.de\/index.php\/ausschuss-energie\/","url_meta":{"origin":264,"position":3},"title":"AG SteenkampEnergie","author":"Petra Reimann","date":"13\/01\/2025","format":false,"excerpt":"Steenkamp Energie ist eine Gruppe von Bewohnerinnen und Bewohnern aus der Siedlung, die sich zusammengeschlossen haben, um eine gemeinsame L\u00f6sung f\u00fcr unsere zuk\u00fcnftige W\u00e4rmeversorgung zu entwickeln. Wir m\u00f6chten ein nachhaltiges und wirtschaftlich tragf\u00e4higes Konzept f\u00fcr unsere Siedlung entwickeln, das nicht nur \u00f6kologisch sinnvoll, sondern auch sozial gerecht und solidarisch gestaltet\u2026","rel":"","context":"\u00c4hnlicher Beitrag","block_context":{"text":"\u00c4hnlicher Beitrag","link":""},"img":{"alt_text":"","src":"https:\/\/i0.wp.com\/www.steenkamper.de\/wp-content\/uploads\/2025\/07\/Team_AG-SteenkampEnergie.png?resize=350%2C200&ssl=1","width":350,"height":200,"srcset":"https:\/\/i0.wp.com\/www.steenkamper.de\/wp-content\/uploads\/2025\/07\/Team_AG-SteenkampEnergie.png?resize=350%2C200&ssl=1 1x, https:\/\/i0.wp.com\/www.steenkamper.de\/wp-content\/uploads\/2025\/07\/Team_AG-SteenkampEnergie.png?resize=525%2C300&ssl=1 1.5x, https:\/\/i0.wp.com\/www.steenkamper.de\/wp-content\/uploads\/2025\/07\/Team_AG-SteenkampEnergie.png?resize=700%2C400&ssl=1 2x"},"classes":[]},{"id":186,"url":"https:\/\/www.steenkamper.de\/index.php\/geschichte\/","url_meta":{"origin":264,"position":4},"title":"Geschichte","author":"admin","date":"15\/12\/2015","format":false,"excerpt":"Die Entstehung der Siedlung Steenkamp Von A. Klement, Leiter des Baub\u00fcros Oktober 1920 Es ist nicht immer so gewesen, dass der Siedlungsgedanke in weiten Kreisen der Bev\u00f6lkerung lebendig war, wie es heute ist; im Jahre 1913 noch musste der Gemeinn\u00fctzige Bauverein Altona- Ottensen, um seine Siedler zu gewinnen, den Weg\u2026","rel":"","context":"\u00c4hnlicher Beitrag","block_context":{"text":"\u00c4hnlicher Beitrag","link":""},"img":{"alt_text":"","src":"","width":0,"height":0},"classes":[]},{"id":14074,"url":"https:\/\/www.steenkamper.de\/index.php\/festschrift-100-jahre-steenkampsiedlung\/","url_meta":{"origin":264,"position":5},"title":"Festschrift 100 Jahre Steenkampsiedlung","author":"Max","date":"07\/01\/2021","format":false,"excerpt":"Eine einzigartige Festschrift zum 100. Geburtstag der Steenkampsiedlung. Sebastian Buchholz hat f\u00fcr die Heimst\u00e4ttervereinigung Steenkamp Historisches, Erlebtes und Zeitdokumente aus dem umfangreichen Archiv der Heimst\u00e4ttervereinigung und vielen neuen Quellen zusammengetragen. Es ist ein bunter Blumenstrau\u00df mit Blick auf die sozialen, kulturellen und geschichtlichen Geschehnisse und die Ver\u00e4nderungen in der Steenkampsiedlung\u2026","rel":"","context":"\u00c4hnlicher Beitrag","block_context":{"text":"\u00c4hnlicher Beitrag","link":""},"img":{"alt_text":"","src":"https:\/\/i0.wp.com\/www.steenkamper.de\/wp-content\/uploads\/2021\/11\/100JahreBanner-KL.jpg?fit=800%2C320&ssl=1&resize=350%2C200","width":350,"height":200,"srcset":"https:\/\/i0.wp.com\/www.steenkamper.de\/wp-content\/uploads\/2021\/11\/100JahreBanner-KL.jpg?fit=800%2C320&ssl=1&resize=350%2C200 1x, https:\/\/i0.wp.com\/www.steenkamper.de\/wp-content\/uploads\/2021\/11\/100JahreBanner-KL.jpg?fit=800%2C320&ssl=1&resize=525%2C300 1.5x, https:\/\/i0.wp.com\/www.steenkamper.de\/wp-content\/uploads\/2021\/11\/100JahreBanner-KL.jpg?fit=800%2C320&ssl=1&resize=700%2C400 2x"},"classes":[]}],"ticketed":false,"_links":{"self":[{"href":"https:\/\/www.steenkamper.de\/index.php\/wp-json\/wp\/v2\/pages\/264","targetHints":{"allow":["GET"]}}],"collection":[{"href":"https:\/\/www.steenkamper.de\/index.php\/wp-json\/wp\/v2\/pages"}],"about":[{"href":"https:\/\/www.steenkamper.de\/index.php\/wp-json\/wp\/v2\/types\/page"}],"author":[{"embeddable":true,"href":"https:\/\/www.steenkamper.de\/index.php\/wp-json\/wp\/v2\/users\/6"}],"replies":[{"embeddable":true,"href":"https:\/\/www.steenkamper.de\/index.php\/wp-json\/wp\/v2\/comments?post=264"}],"version-history":[{"count":17,"href":"https:\/\/www.steenkamper.de\/index.php\/wp-json\/wp\/v2\/pages\/264\/revisions"}],"predecessor-version":[{"id":29411,"href":"https:\/\/www.steenkamper.de\/index.php\/wp-json\/wp\/v2\/pages\/264\/revisions\/29411"}],"wp:attachment":[{"href":"https:\/\/www.steenkamper.de\/index.php\/wp-json\/wp\/v2\/media?parent=264"}],"curies":[{"name":"wp","href":"https:\/\/api.w.org\/{rel}","templated":true}]}}