{"id":255,"date":"2015-12-15T23:20:44","date_gmt":"2015-12-15T21:20:44","guid":{"rendered":"https:\/\/steenkamper.wordpress.com\/?page_id=255"},"modified":"2022-09-10T07:05:24","modified_gmt":"2022-09-10T05:05:24","slug":"verein-2","status":"publish","type":"page","link":"https:\/\/www.steenkamper.de\/index.php\/verein\/verein-2\/","title":{"rendered":"Der Verein"},"content":{"rendered":"<p>Die Steenkamper \u2013 HEIMST\u00c4TTERVEREINIGUNG STEENKAMP E.V.<br \/>\n<img data-recalc-dims=\"1\" decoding=\"async\" data-attachment-id=\"5407\" data-permalink=\"https:\/\/www.steenkamper.de\/index.php\/2017\/11\/26\/tor-zur-steenkampsiedlung\/img_3269\/\" data-orig-file=\"https:\/\/i0.wp.com\/www.steenkamper.de\/wp-content\/uploads\/2017\/11\/img_3269.jpg?fit=300%2C111&amp;ssl=1\" data-orig-size=\"300,111\" data-comments-opened=\"1\" data-image-meta=\"{&quot;aperture&quot;:&quot;0&quot;,&quot;credit&quot;:&quot;&quot;,&quot;camera&quot;:&quot;&quot;,&quot;caption&quot;:&quot;&quot;,&quot;created_timestamp&quot;:&quot;0&quot;,&quot;copyright&quot;:&quot;&quot;,&quot;focal_length&quot;:&quot;0&quot;,&quot;iso&quot;:&quot;0&quot;,&quot;shutter_speed&quot;:&quot;0&quot;,&quot;title&quot;:&quot;&quot;,&quot;orientation&quot;:&quot;1&quot;}\" data-image-title=\"img_3269\" data-image-description=\"\" data-image-caption=\"\" data-large-file=\"https:\/\/i0.wp.com\/www.steenkamper.de\/wp-content\/uploads\/2017\/11\/img_3269.jpg?fit=300%2C111&amp;ssl=1\" class=\"alignnone wp-image-5407 size-medium\" src=\"https:\/\/i0.wp.com\/www.steenkamper.de\/wp-content\/uploads\/2017\/11\/img_3269.jpg?resize=300%2C111&#038;ssl=1\" alt=\"img_3269\" width=\"300\" height=\"111\" \/><\/p>\n<p><a href=\"https:\/\/www.steenkamper.de\/index.php\/mitglied-werden\/\">Mitglied werden<\/a><\/p>\n<p><a href=\"https:\/\/www.steenkamper.de\/index.php\/foerderbeitrag\/\">freiwilliger zus\u00e4tzlicher F\u00f6rderbeitrag<\/a><\/p>\n<p><a href=\"https:\/\/www.steenkamper.de\/index.php\/verein\/\">der Verein<\/a><\/p>\n<p><a href=\"https:\/\/www.steenkamper.de\/index.php\/engagierte-nachbarn\/\">Engagierte Nachbarn<\/a><\/p>\n<p><a href=\"https:\/\/www.steenkamper.de\/index.php\/vorstand\/\">Vorstand<\/a><\/p>\n<p><a href=\"https:\/\/www.steenkamper.de\/index.php\/satzung\/\">Satzung<\/a><\/p>\n<p><a href=\"https:\/\/www.steenkamper.de\/index.php\/ausschuesse\/\">Aussch\u00fcsse<\/a><\/p>\n<p><a href=\"https:\/\/www.steenkamper.de\/index.php\/gruppen\/\">regelm\u00e4\u00dfige Gruppen<\/a><\/p>\n<p><a href=\"https:\/\/www.steenkamper.de\/index.php\/saal\/\">Saal<\/a><\/p>\n<p><a href=\"https:\/\/www.steenkamper.de\/index.php\/download\/\">Downloads<\/a><\/p>\n<p><a href=\"https:\/\/www.steenkamper.de\/index.php\/steenkamper-medien\/\">Steenkamper Medien \u2013 Der Steenkamper &amp; Newsletter, Nachbarschaftsplan etc.<\/a><\/p>\n<p><a href=\"https:\/\/www.steenkamper.de\/index.php\/pressespiegel\/\">Pressespiegel<\/a><\/p>\n<p><a href=\"https:\/\/www.steenkamper.de\/index.php\/kooperationspartner\/\">Kooperationspartner\/Links<\/a><\/p>\n<p><a href=\"https:\/\/www.steenkamper.de\/index.php\/hinweise-und-tipps\/\">Hinweise und Links<\/a><\/p>\n<p><a href=\"https:\/\/www.steenkamper.de\/index.php\/knowledgebase\/\">Wissensspeicher-Knowledgebase\u00a0<\/a><\/p>\n<p><a href=\"https:\/\/cloud.steenkamper.de\">Cloud<\/a><\/p>\n<p><a href=\"https:\/\/www.steenkamper.de\/index.php\/foerderer\/\">F\u00f6rderer<\/a><\/p>\n","protected":false},"excerpt":{"rendered":"<p>Die Steenkamper \u2013 HEIMST\u00c4TTERVEREINIGUNG STEENKAMP E.V. Mitglied werden freiwilliger zus\u00e4tzlicher F\u00f6rderbeitrag der Verein Engagierte Nachbarn Vorstand Satzung Aussch\u00fcsse regelm\u00e4\u00dfige Gruppen Saal Downloads Steenkamper Medien \u2013 Der Steenkamper &amp; Newsletter, Nachbarschaftsplan&#8230; <\/p>\n<p><a class=\"teaser-more\" href=\"https:\/\/www.steenkamper.de\/index.php\/verein\/verein-2\/\">weiter lesen<\/a><\/p>\n","protected":false},"author":6,"featured_media":0,"parent":20,"menu_order":0,"comment_status":"closed","ping_status":"closed","template":"","meta":{"_acf_changed":false,"_price":"","_stock":"","_tribe_ticket_header":"","_tribe_default_ticket_provider":"","_tribe_ticket_capacity":"0","_ticket_start_date":"","_ticket_end_date":"","_tribe_ticket_show_description":"","_tribe_ticket_show_not_going":false,"_tribe_ticket_use_global_stock":"","_tribe_ticket_global_stock_level":"","_global_stock_mode":"","_global_stock_cap":"","_tribe_rsvp_for_event":"","_tribe_ticket_going_count":"","_tribe_ticket_not_going_count":"","_tribe_tickets_list":"[]","_tribe_ticket_has_attendee_info_fields":false,"jetpack_post_was_ever_published":false,"footnotes":"","_tec_slr_enabled":"","_tec_slr_layout":""},"class_list":["post-255","page","type-page","status-publish","hentry"],"acf":[],"jetpack_sharing_enabled":false,"jetpack_shortlink":"https:\/\/wp.me\/P74Wuo-47","jetpack_likes_enabled":true,"jetpack-related-posts":[{"id":20,"url":"https:\/\/www.steenkamper.de\/index.php\/verein\/","url_meta":{"origin":255,"position":0},"title":"Verein","author":"admin","date":"14\/12\/2015","format":false,"excerpt":"Die Heimst\u00e4ttervereinigung Steenkamp e.V. ist die Keimzelle der Steenkampsiedlung und der SAGA. Seit Bestehen des Vereines (1920) ist Ihr Sinn und Zweck in der Satzung fest gelegt:\u00a0 \u201cDer Verein will durch den Zusammenschluss der Heimst\u00e4tter und Heimst\u00e4tterinnen in der Siedlung Steenkamp eine gemeinsame Interessenvertretung der Mieter und Mieterinnen, der Eigent\u00fcmer\u2026","rel":"","context":"\u00c4hnlicher Beitrag","block_context":{"text":"\u00c4hnlicher Beitrag","link":""},"img":{"alt_text":"","src":"https:\/\/i1.wp.com\/www.steenkamper.de\/wp-content\/uploads\/2020\/09\/qrIBAN.jpg?resize=350%2C200&ssl=1","width":350,"height":200},"classes":[]},{"id":11952,"url":"https:\/\/www.steenkamper.de\/index.php\/spenden\/","url_meta":{"origin":255,"position":1},"title":"SPENDEN","author":"Max","date":"18\/09\/2020","format":false,"excerpt":"Unser Verein freut sich \u00fcber Spenden, die unsere umfangreiche Nachbarschaftsarbeit unterst\u00fctzen. Oder Sie werden F\u00f6rdermitglied oder Sie f\u00f6rdern das Erscheinen unserer Vereinszeitung Der Steenkamper, indem Sie eine Anzeige schalten und als F\u00f6rderer des Vereins auf unserer Webseite genannt werden. Leider ist die Heimst\u00e4ttervereinigung Steenkamp e.V. nicht als gemeinn\u00fctziger Verein eingetragen,\u2026","rel":"","context":"\u00c4hnlicher Beitrag","block_context":{"text":"\u00c4hnlicher Beitrag","link":""},"img":{"alt_text":"","src":"https:\/\/i0.wp.com\/www.steenkamper.de\/wp-content\/uploads\/2020\/09\/qrIBAN.jpg?resize=350%2C200&ssl=1","width":350,"height":200,"srcset":"https:\/\/i0.wp.com\/www.steenkamper.de\/wp-content\/uploads\/2020\/09\/qrIBAN.jpg?resize=350%2C200&ssl=1 1x, https:\/\/i0.wp.com\/www.steenkamper.de\/wp-content\/uploads\/2020\/09\/qrIBAN.jpg?resize=525%2C300&ssl=1 1.5x, https:\/\/i0.wp.com\/www.steenkamper.de\/wp-content\/uploads\/2020\/09\/qrIBAN.jpg?resize=700%2C400&ssl=1 2x"},"classes":[]},{"id":276,"url":"https:\/\/www.steenkamper.de\/index.php\/satzung\/","url_meta":{"origin":255,"position":2},"title":"Satzung","author":"Max","date":"16\/12\/2015","format":false,"excerpt":"Satzung ge\u00e4nderte Satzung g\u00fcltig seit der Mitgliederversammlung am 6.4.2022 Pr\u00e4ambel\u00a0 W\u00e4hrend der Bauzeit der Gartenstadt Steenkamp wurde 1920 die Heimst\u00e4ttervereinigung Steenkamp als Organisation der Mieter gegr\u00fcndet. Das gesellige Miteinander zu organisieren und Hilfestellungen aller Art anzubieten, diesen Zielen ist der Verein stets verpflichtet geblieben..\u00a0 \u00a7 1 Name und Sitz\u00a0 Der\u2026","rel":"","context":"\u00c4hnlicher Beitrag","block_context":{"text":"\u00c4hnlicher Beitrag","link":""},"img":{"alt_text":"","src":"","width":0,"height":0},"classes":[]},{"id":1000,"url":"https:\/\/www.steenkamper.de\/index.php\/foerderer\/","url_meta":{"origin":255,"position":3},"title":"F\u00f6rderer","author":"Max","date":"04\/01\/2016","format":false,"excerpt":"Vielen DANK allen Unterst\u00fctzer*innen und F\u00f6rderer*innen der\u00a0Heimst\u00e4ttervereinigung Steenkamp e. V. Gerne k\u00f6nnen Sie unseren Verein und somit unsere Nachbarschftsarbeit unterst\u00fctzen. Werden Sie F\u00f6rdermitglied oder unterst\u00fctzen Sie mit einer Anzeige das Erscheinen unserer Vereinszeitung \u201eDer Steenkamper\u201c. Liebe Steenkampe*innen,ber\u00fccksichtigt bitte die Inserenten & F\u00f6rderer bei Euren Eink\u00e4ufen! Vielen Dank an: Anzeigenkunden in\u2026","rel":"","context":"\u00c4hnlicher Beitrag","block_context":{"text":"\u00c4hnlicher Beitrag","link":""},"img":{"alt_text":"","src":"","width":0,"height":0},"classes":[]},{"id":2380,"url":"https:\/\/www.steenkamper.de\/index.php\/sport-ag\/","url_meta":{"origin":255,"position":4},"title":"Sport-AG","author":"Max","date":"09\/08\/2016","format":false,"excerpt":"Informationen \u2013 Sportangebote Auf der mehrsprachigen Internetplattform* \u201eWillkommen im Sport\u201c sind Angebote f\u00fcr Gefl\u00fcchtete eingestellt. Dort k\u00f6nnen Angebote nach Bezirk, Sportart, Verein und Altersgruppe gesucht und gefunden werden. http:\/\/www.willkommen-im-sport.de\/ Auf einem \u201eSportmarkt\u201c, k\u00f6nnen Gesuche nach und Angebote von \u00dcbungsleitern\/innen usw. eingestellt werden. *Initiative des Bundesprogramms \u201eIntegration durch Sport\u201c\/Hamburger Sportbund e.V.,\u2026","rel":"","context":"\u00c4hnlicher Beitrag","block_context":{"text":"\u00c4hnlicher Beitrag","link":""},"img":{"alt_text":"web_sport","src":"https:\/\/i0.wp.com\/wp.steenkamper.de\/wp-content\/uploads\/2016\/08\/web_sport-300x203.png?resize=350%2C200","width":350,"height":200},"classes":[]},{"id":1410,"url":"https:\/\/www.steenkamper.de\/index.php\/affiliates-werbung\/","url_meta":{"origin":255,"position":5},"title":"Affiliates &#038; Werbung","author":"Max","date":"07\/02\/2016","format":false,"excerpt":"Auf unserer Webseite sind Links und Werbebanner enthalten. Wenn du auf einen Affiliate Link klickst, dann erhalten wir, wenn du z.B. etwas kaufst, eine kleine Provision. F\u00fcr dich \u00e4ndert sich dabei nichts und es fallen auch keine Geb\u00fchren oder \u00e4hnliches an. Wenn du also \u00fcber einen Affiliate Link der Steenkamper\u2026","rel":"","context":"\u00c4hnlicher Beitrag","block_context":{"text":"\u00c4hnlicher Beitrag","link":""},"img":{"alt_text":"","src":"","width":0,"height":0},"classes":[]}],"ticketed":false,"_links":{"self":[{"href":"https:\/\/www.steenkamper.de\/index.php\/wp-json\/wp\/v2\/pages\/255","targetHints":{"allow":["GET"]}}],"collection":[{"href":"https:\/\/www.steenkamper.de\/index.php\/wp-json\/wp\/v2\/pages"}],"about":[{"href":"https:\/\/www.steenkamper.de\/index.php\/wp-json\/wp\/v2\/types\/page"}],"author":[{"embeddable":true,"href":"https:\/\/www.steenkamper.de\/index.php\/wp-json\/wp\/v2\/users\/6"}],"replies":[{"embeddable":true,"href":"https:\/\/www.steenkamper.de\/index.php\/wp-json\/wp\/v2\/comments?post=255"}],"version-history":[{"count":12,"href":"https:\/\/www.steenkamper.de\/index.php\/wp-json\/wp\/v2\/pages\/255\/revisions"}],"predecessor-version":[{"id":20812,"href":"https:\/\/www.steenkamper.de\/index.php\/wp-json\/wp\/v2\/pages\/255\/revisions\/20812"}],"up":[{"embeddable":true,"href":"https:\/\/www.steenkamper.de\/index.php\/wp-json\/wp\/v2\/pages\/20"}],"wp:attachment":[{"href":"https:\/\/www.steenkamper.de\/index.php\/wp-json\/wp\/v2\/media?parent=255"}],"curies":[{"name":"wp","href":"https:\/\/api.w.org\/{rel}","templated":true}]}}