{"id":247,"date":"2015-12-15T21:44:59","date_gmt":"2015-12-15T20:44:59","guid":{"rendered":"https:\/\/steenkamper.wordpress.com\/fluechtlingsarbeit\/"},"modified":"2024-04-16T12:39:32","modified_gmt":"2024-04-16T10:39:32","slug":"fluechtlingsarbeit","status":"publish","type":"page","link":"https:\/\/www.steenkamper.de\/index.php\/fluechtlingsarbeit\/","title":{"rendered":"Ausschuss Fl\u00fcchtlingsunterst\u00fctzung"},"content":{"rendered":"<p><img data-recalc-dims=\"1\" decoding=\"async\" data-attachment-id=\"2573\" data-permalink=\"https:\/\/www.steenkamper.de\/index.php\/fluechtlingsarbeit\/img_2805\/\" data-orig-file=\"https:\/\/i0.wp.com\/www.steenkamper.de\/wp-content\/uploads\/2016\/09\/IMG_2805.png?fit=833%2C391&amp;ssl=1\" data-orig-size=\"833,391\" data-comments-opened=\"1\" data-image-meta=\"{&quot;aperture&quot;:&quot;0&quot;,&quot;credit&quot;:&quot;&quot;,&quot;camera&quot;:&quot;&quot;,&quot;caption&quot;:&quot;&quot;,&quot;created_timestamp&quot;:&quot;0&quot;,&quot;copyright&quot;:&quot;&quot;,&quot;focal_length&quot;:&quot;0&quot;,&quot;iso&quot;:&quot;0&quot;,&quot;shutter_speed&quot;:&quot;0&quot;,&quot;title&quot;:&quot;&quot;,&quot;orientation&quot;:&quot;0&quot;}\" data-image-title=\"img_2805\" data-image-description=\"\" data-image-caption=\"\" data-large-file=\"https:\/\/i0.wp.com\/www.steenkamper.de\/wp-content\/uploads\/2016\/09\/IMG_2805.png?fit=750%2C352&amp;ssl=1\" class=\"alignnone size-medium wp-image-2573\" src=\"https:\/\/i0.wp.com\/www.steenkamper.de\/wp-content\/uploads\/2016\/09\/IMG_2805.png?resize=300%2C141&#038;ssl=1\" alt=\"\" width=\"300\" height=\"141\" srcset=\"https:\/\/i0.wp.com\/www.steenkamper.de\/wp-content\/uploads\/2016\/09\/IMG_2805.png?resize=300%2C141&amp;ssl=1 300w, https:\/\/i0.wp.com\/www.steenkamper.de\/wp-content\/uploads\/2016\/09\/IMG_2805.png?resize=768%2C360&amp;ssl=1 768w, https:\/\/i0.wp.com\/www.steenkamper.de\/wp-content\/uploads\/2016\/09\/IMG_2805.png?resize=500%2C235&amp;ssl=1 500w, https:\/\/i0.wp.com\/www.steenkamper.de\/wp-content\/uploads\/2016\/09\/IMG_2805.png?resize=450%2C211&amp;ssl=1 450w, https:\/\/i0.wp.com\/www.steenkamper.de\/wp-content\/uploads\/2016\/09\/IMG_2805.png?w=833&amp;ssl=1 833w\" sizes=\"(max-width: 300px) 100vw, 300px\" \/><\/p>\n<hr \/>\n<p><strong>Caf\u00e9 Vogelweide<\/strong><br \/>Das Caf\u00e9 ist seit April 2022 nach einer l\u00e4ngeren Coronapause wieder aktiv. <strong>Alle Steenkamper\/innen<\/strong> sind eingeladen mit <strong>neuen Nachbarn\/innen<\/strong> Deutsch zu kl\u00f6nen und zu Tee\/Kaffee\/Kuchen zusammenzusitzen. Kuchenspenden (geschnittene) sind sehr erw\u00fcnscht, um das Buffet zu erweitern. Sie k\u00f6nnen ab 15.00h abgegeben werden. Das Caf\u00e9 findet ab 16.00h bis 17.30h statt, meist am letzten Sonntag des Monats. Informationen kommen vorab z.B. im Newsletter &#8220;<a href=\"https:\/\/www.steenkamper.de\/index.php\/steenkamper-medien\/\" target=\"_blank\" rel=\"noopener\">Der kleine Steenkamper<\/a>&#8220;. Fragen zum <a href=\"https:\/\/www.steenkamper.de\/index.php\/fluechtlingsarbeit\/cafe-vogelweide\" target=\"_blank\" rel=\"noopener\">Caf\u00e9 Vogelweide<\/a> gehen an Uta Eschweiler <a href=\"mailto:uta.eschweiler@web.de\">uta.eschweiler@web.de<\/a><\/p>\n<p style=\"text-align: left;\"><strong>Weitere Informationen<\/strong><\/p>\n<ul>\n<li>Informationen zu M\u00f6glichkeiten von Sach- oder Geldspenden an Verb\u00e4nde oder Organisationen f\u00fcr gefl\u00fcchtete Menschen aus der Ukrainefinden sich z.B. auf der Homepage des <a href=\"https:\/\/www.ndr.de\/ratgeber\/Spenden-fuer-die-Ukraine-So-kommt-die-Hilfe-am-besten-an,ukrainehilfe112.html\" target=\"_blank\" rel=\"noopener\">NDR<\/a>.<\/li>\n<li>Neuigkeiten kommen bei Bedarf \u00fcber unserem <a href=\"https:\/\/steenkamper.us12.list-manage.com\/subscribe?u=29da7e8471fc36e06dffaaf02&amp;id=878aa292df\" target=\"_blank\" rel=\"noopener noreferrer\">Newsletter<\/a> (1 <a href=\"https:\/\/steenkamper.us12.list-manage.com\/subscribe?u=29da7e8471fc36e06dffaaf02&amp;id=878aa292df\" target=\"_blank\" rel=\"noopener\">Klick<\/a> zum Abo)<\/li>\n<li>Der Fl\u00fcchtlingsausschuss ist ansprechbar, wenn es darum geht, wichtige Ideen-Informationen-Angebote zur Unterst\u00fctzung gefl\u00fcchteter Menschen \u00fcber unseren Newsletter zu verbreiten.<\/li>\n<li>BaNotke &#8211; Sozialkaufhaus und Caf\u00e9, in den Quartiersr\u00e4umen Bahrenfeld, Notkestr. 7 befindet sich u.a. das Sozialkaufhaus. Seit M\u00e4rz 2017 gibt es dieses Angebot f\u00fcr Menschen mit nachweislich geringem Einkommen. Gebrauchte Haushaltswaren, B\u00fccher und vieles mehr k\u00f6nnen eingekauft werden. Es gibt eine Caf\u00e9ecke und einen Schreibservice (anmelden) und ist von Montag bis Freitag ab 9 Uhr bis 15 Uhr ge\u00f6ffnet. (Stand 16.04.2024)<\/li>\n<\/ul>\n<p><strong>Historie<\/strong><\/p>\n<ul>\n<li>Deutschkiosk R\u00fcckblick: Die Unterst\u00fctzung f\u00fcr gefl\u00fcchtete Menschen war durch das Geschehen in der Ukraine im Februar 2022 in den Fokus ger\u00fcckt und rief eine Welle der Hilfsbereitschaft hervor. Im Rahmen verschiedener Aktivit\u00e4ten entstand ein Deutschlernangebot <strong>Rund um Deutsch &#8211; <\/strong>Deutschkiosk, das von Juni\u00a0 2022 bis Oktober 2023 einmal w\u00f6chentlich im Saal stattfand.<\/li>\n<li>Das Caf\u00e9 Vogelweide, der Deutschunterricht und der Nachbarinnentreff wurden 2017 &amp; 2018 &amp; 2019 aus Mitteln des Bezirksamtes Altona gef\u00f6rdert.<\/li>\n<li><strong>HELP<\/strong> for REFUGEES &#8211; ein schwarzes Brett f\u00fcr die Steenkamper Fl\u00fcchtlingshilfe. <span style=\"color: #000000;\">Die Onlineplattform \u201eHELP\u201c wurde zum Januar 2018 eingestellt. Die daran gekn\u00fcpften Erwartungen hatten sich nicht best\u00e4tigt.<\/span><\/li>\n<li>Gut besuchter <strong>Winterflohmarkt<\/strong> im Steenkampsaal am 03. Dezember 2016 ab 14.00h. Steenkamper\/innen, unsere Nachbarn\/innen aus der Notkestra\u00dfe, aber auch Fl\u00fcchtlingsfamilien von weiter her, kamen, guckten und kauften ein.<\/li>\n<li>Beim <strong>Projekt \u201eSchult\u00fcte\u201c f\u00fcr Erstkl\u00e4ssler<\/strong> der Notkestra\u00dfe auf dem <strong>Sommerfest 2016<\/strong>\u00a0 konnten Steenkamperinnen und Steenkamper gegen 3\u20ac die Patenschaft f\u00fcr eine Schult\u00fcte \u00fcbernehmen. Mit dem Erl\u00f6s und den Sachspenden der Firmen BUDNIKOWSKY und Staples wurden die T\u00fcten gef\u00fcllt und den Kindern f\u00fcr die Einschulung \u00fcbergeben.<\/li>\n<li><strong>Entstehungsgeschichte<br \/><\/strong> Im Sommer 2015 hatte sich aus der Heimst\u00e4ttervereinigung heraus eine Gruppe gebildet, die sich die Unterst\u00fctzung der Fl\u00fcchtlinge in der geplanten Asylbewerber-Folgeunterkunft Notkestra\u00dfe 25 zum Thema genommen hat. Nach den Sommerferien fand das erste Treffen statt, zu dem \u00fcber 100 Menschen in den Steenkampsaal kamen. Es wurden Ideen f\u00fcr m\u00f6gliche Unterst\u00fctzungsprojekte gesammelt und weitere Schritte geplant. Es bildeten sich zum Thema \u201eFl\u00fcchtlingsunterst\u00fctzung\u201c einige Arbeitsgruppen, u. a. zu folgenden Projektthemen: Deutschkurse, Patenschaften, Angebote f\u00fcr Frauen, WLAN f\u00fcr Fl\u00fcchtlinge, Kunst\/Kultur, Angebote f\u00fcr Jugendliche, Caf\u00e9 Vogelweide. Zudem gab es eine Gruppe, die den Fl\u00fcchtlingen in der Notkestra\u00dfe 25 das Ankommen erleichterte, die Willkommens-AG. Ziele der Arbeit waren, den Menschen in den Unterk\u00fcnften sinnvolle Unterst\u00fctzung anzubieten und eine gute Nachbarschaft mit unserer Siedlung zu f\u00f6rdern. Zu der Gruppe, dem \u201eAusschuss Fl\u00fcchtlingsunterst\u00fctzung Steenkamp\u201c, geh\u00f6rten seinerzeit zwei Mitglieder des Vorstandes der Heimst\u00e4ttervereinigung und drei weitere Nachbarn\/innen. Aufgabe des Ausschusses war und ist, unterst\u00fctzungsbereite Menschen zu finden und zusammenzubringen, Informationen zu verbreiten, sinnvolle Angebote ins Leben zu rufen und sie zu koordinieren, Kontakte z. B. zu den Unterkunftsbetreibern und Verantwortlichen herzubestellen, Fragen zu kl\u00e4ren, die Kommunikation zwischen den Helfern\/innen zu gew\u00e4hrleisten. Fortbildungsangebote f\u00fcr Ehrenamtliche in der Fl\u00fcchtlingshilfe wurden bekannt gemacht. Die Gruppen arbeiteten eigenst\u00e4ndig, tauschten sich bei den regelm\u00e4\u00dfigen Treffen mit dem Ausschuss und den anderen Projekten aus. Die Treffen waren f\u00fcr alle Interessierten offen. Ein Einsteigen in die Unterst\u00fctzungsarbeit war jederzeit willkommen alle, die helfen wollten.<\/li>\n<li>Wer ohne Internet, kann Termine im Schaukasten am Saal erfahren, \u00fcber den Steenkamper\u00a0 oder anrufen:<\/li>\n<\/ul>\n<p><strong>Ausschuss Fl\u00fcchtlingsunterst\u00fctzung Steenkamp<br \/><\/strong>Friederike Petrelli: 040 31790366<br \/>Gertrud Krapp: 040 8005165<br \/>Friedhelm Moggert-K\u00e4geler: 0160 99165211<\/p>\n<p><a href=\"https:\/\/www.steenkamper.de\">zur\u00fcck zu Neuigkeiten<\/a><\/p>\n\n\n<p><\/p>\n","protected":false},"excerpt":{"rendered":"<p>Caf\u00e9 VogelweideDas Caf\u00e9 ist seit April 2022 nach einer l\u00e4ngeren Coronapause wieder aktiv. Alle Steenkamper\/innen sind eingeladen mit neuen Nachbarn\/innen Deutsch zu kl\u00f6nen und zu Tee\/Kaffee\/Kuchen zusammenzusitzen. Kuchenspenden (geschnittene) sind&#8230; <\/p>\n<p><a class=\"teaser-more\" href=\"https:\/\/www.steenkamper.de\/index.php\/fluechtlingsarbeit\/\">weiter lesen<\/a><\/p>\n","protected":false},"author":6,"featured_media":0,"parent":0,"menu_order":0,"comment_status":"closed","ping_status":"closed","template":"","meta":{"_acf_changed":false,"_price":"","_stock":"","_tribe_ticket_header":"","_tribe_default_ticket_provider":"","_tribe_ticket_capacity":"0","_ticket_start_date":"","_ticket_end_date":"","_tribe_ticket_show_description":"","_tribe_ticket_show_not_going":false,"_tribe_ticket_use_global_stock":"","_tribe_ticket_global_stock_level":"","_global_stock_mode":"","_global_stock_cap":"","_tribe_rsvp_for_event":"","_tribe_ticket_going_count":"","_tribe_ticket_not_going_count":"","_tribe_tickets_list":"[]","_tribe_ticket_has_attendee_info_fields":false,"jetpack_post_was_ever_published":false,"footnotes":"","_tec_slr_enabled":"","_tec_slr_layout":""},"class_list":["post-247","page","type-page","status-publish","hentry"],"acf":[],"jetpack_sharing_enabled":false,"jetpack_shortlink":"https:\/\/wp.me\/P74Wuo-3Z","jetpack_likes_enabled":true,"jetpack-related-posts":[{"id":24,"url":"https:\/\/www.steenkamper.de\/index.php\/termine\/","url_meta":{"origin":247,"position":0},"title":"Termine","author":"admin","date":"14\/12\/2015","format":false,"excerpt":"\u00a0Kalender URL\u00a0 \u00a0 \u00a0 \u00a0Kalender abonnieren (Link zu: \"das war 2025\") 202623.1. Bingo! 19h21.2. Quizabend 19h22.2. Hamburg r\u00e4umt auf! 14h27.2. Bingo! 19h13.3. Kultursalon\u00a0 F\u00c4LLT AUS!27.3. Bingo! 19h11.4. Mitgliederversammlung 16h17.4. Kultursalon 19.30h24.4. Bingo! 19h30.4. Tanz in den Mai27.5. AG SteenkampEnergie12.6. Kultursalon 19.30h27.6. Quizabend 19h5. & 6.9. Sommerfest28.8. Kultursalon 19.30h1.10. Stolperstein Veranstaltung7.11.\u2026","rel":"","context":"\u00c4hnlicher Beitrag","block_context":{"text":"\u00c4hnlicher Beitrag","link":""},"img":{"alt_text":"","src":"","width":0,"height":0},"classes":[]},{"id":3237,"url":"https:\/\/www.steenkamper.de\/index.php\/fluechtlingsarbeit\/cafe-vogelweide\/","url_meta":{"origin":247,"position":1},"title":"Caf\u00e9 Vogelweide","author":"Max","date":"31\/01\/2017","format":false,"excerpt":"Termine 2026 KEIN Caf\u00e9 im Dezember 2025 25.1., 22.2., 29,3., kein Caf\u00e9 im Apr., 31.5., 28.6., kein Caf\u00e9 im Juli, 30.8., 27.9., kein Caf\u00e9 im Okt., 8.11., 13.12. Was machen wir? Kl\u00f6nen, Kuchen verspeisen, spielen, malen, sich austauschen, Mandalas malen, Deutsch reden, neue Kontakte kn\u00fcpfen, lachen, Fotos machen, bei Regen\u2026","rel":"","context":"\u00c4hnlicher Beitrag","block_context":{"text":"\u00c4hnlicher Beitrag","link":""},"img":{"alt_text":"","src":"https:\/\/i0.wp.com\/www.steenkamper.de\/wp-content\/uploads\/2025\/12\/CafeVogelweide_ALLE_TERMINE_2026-220x300.jpg?resize=350%2C200&ssl=1","width":350,"height":200},"classes":[]},{"id":1066,"url":"https:\/\/www.steenkamper.de\/index.php\/das-cafe\/","url_meta":{"origin":247,"position":2},"title":"Das Caf\u00e9","author":"Max","date":"05\/01\/2016","format":false,"excerpt":"Das Caf\u00e9\u00a0\u00f6ffnet seine T\u00fcr\u00a0jeweils Fr. & Sa.\u00a0von 14-18h im Steenkamp 16 (an der Vogelweide) Zum Lockdown Verkauf au\u00dfer Haus: Unter: dascafe.steenkamp16(at)gmx.de oder unter 0162 9172416 kann Kuchen bestellt werden. Wir verabreden dann eine Abholzeit. JUBIL\u00c4UM:\u00a05 Jahre \"DAS CAF\u00c9\" im Steenkamp Artikel aus dem Steenkamper 2\/2019: Von der Idee zum Caf\u00e9\u2026","rel":"","context":"\u00c4hnlicher Beitrag","block_context":{"text":"\u00c4hnlicher Beitrag","link":""},"img":{"alt_text":"","src":"https:\/\/i0.wp.com\/www.steenkamper.de\/wp-content\/uploads\/2021\/10\/img_3922.jpg?resize=350%2C200&ssl=1","width":350,"height":200},"classes":[]},{"id":1000,"url":"https:\/\/www.steenkamper.de\/index.php\/foerderer\/","url_meta":{"origin":247,"position":3},"title":"F\u00f6rderer","author":"Max","date":"04\/01\/2016","format":false,"excerpt":"Vielen DANK allen Unterst\u00fctzer*innen und F\u00f6rderer*innen der\u00a0Heimst\u00e4ttervereinigung Steenkamp e. V. Gerne k\u00f6nnen Sie unseren Verein und somit unsere Nachbarschftsarbeit unterst\u00fctzen. Werden Sie F\u00f6rdermitglied oder unterst\u00fctzen Sie mit einer Anzeige das Erscheinen unserer Vereinszeitung \u201eDer Steenkamper\u201c. Liebe Steenkampe*innen,ber\u00fccksichtigt bitte die Inserenten & F\u00f6rderer bei Euren Eink\u00e4ufen! Vielen Dank an: Anzeigenkunden in\u2026","rel":"","context":"\u00c4hnlicher Beitrag","block_context":{"text":"\u00c4hnlicher Beitrag","link":""},"img":{"alt_text":"","src":"","width":0,"height":0},"classes":[]},{"id":5242,"url":"https:\/\/www.steenkamper.de\/index.php\/steenkamper-medien\/","url_meta":{"origin":247,"position":4},"title":"Steenkamper Medien","author":"Max","date":"16\/11\/2017","format":false,"excerpt":"Mitgliederzeitung,\u00a0Newsletter,\u00a0Webseite,\u00a0Nachbarschaftsplan,\u00a0Festschrift,etc. Mitgliederzeitung \u201eDer Steenkamper\u201c Steenkamper Archiv\u00a0(hier auch die aktuelle Ausgabe) Zweimal j\u00e4hrlich gibt die Heimst\u00e4ttervereinigung eine Mitgliederzeitung mit dem Titel\u201eDer Steenkamper\u201c mit einer Auflage von 1.500 St\u00fcck heraus. In 2016 wurden das redaktionelle Konzept und das Layout durch Fachleute aus der Nachbarschaft ehrenamtlich komplett erneuert. Die Redaktion freut sich \u00fcber\u2026","rel":"","context":"\u00c4hnlicher Beitrag","block_context":{"text":"\u00c4hnlicher Beitrag","link":""},"img":{"alt_text":"","src":"https:\/\/i0.wp.com\/www.steenkamper.de\/wp-content\/uploads\/2021\/02\/Nachbarschaftsplan2021-2-scaled.jpg?resize=350%2C200&ssl=1","width":350,"height":200,"srcset":"https:\/\/i0.wp.com\/www.steenkamper.de\/wp-content\/uploads\/2021\/02\/Nachbarschaftsplan2021-2-scaled.jpg?resize=350%2C200&ssl=1 1x, https:\/\/i0.wp.com\/www.steenkamper.de\/wp-content\/uploads\/2021\/02\/Nachbarschaftsplan2021-2-scaled.jpg?resize=525%2C300&ssl=1 1.5x, https:\/\/i0.wp.com\/www.steenkamper.de\/wp-content\/uploads\/2021\/02\/Nachbarschaftsplan2021-2-scaled.jpg?resize=700%2C400&ssl=1 2x, https:\/\/i0.wp.com\/www.steenkamper.de\/wp-content\/uploads\/2021\/02\/Nachbarschaftsplan2021-2-scaled.jpg?resize=1050%2C600&ssl=1 3x, https:\/\/i0.wp.com\/www.steenkamper.de\/wp-content\/uploads\/2021\/02\/Nachbarschaftsplan2021-2-scaled.jpg?resize=1400%2C800&ssl=1 4x"},"classes":[]},{"id":9143,"url":"https:\/\/www.steenkamper.de\/index.php\/jubilaeumsveranstaltungen\/","url_meta":{"origin":247,"position":5},"title":"Jubil\u00e4umsveranstaltungen","author":"Max","date":"11\/11\/2019","format":false,"excerpt":"100 Jahre Steenkampsiedlung 1920 - 2020 Den wunderbaren Auftakt unseres Jubil\u00e4umsjahres bildete der Neujahrsempfang im Januar, weiter ging es mit einem spannenden Vortr\u00e4gen zur Siedlungsgeschichte, dem Swing-Tanz-Salon und wir konnten unsere 100 Jahre auch noch zusammen mit dem 4j\u00e4hrigen Jubil\u00e4um \u201eCaf\u00e9 Vogelweide\u201c feiern, gemeinsam mit der Blecheisenbahn spielen und uns\u2026","rel":"","context":"\u00c4hnlicher Beitrag","block_context":{"text":"\u00c4hnlicher Beitrag","link":""},"img":{"alt_text":"","src":"https:\/\/i0.wp.com\/www.steenkamper.de\/wp-content\/uploads\/2019\/12\/logo-steenkamp-jubilaeum-KLEIN.png?resize=350%2C200&ssl=1","width":350,"height":200,"srcset":"https:\/\/i0.wp.com\/www.steenkamper.de\/wp-content\/uploads\/2019\/12\/logo-steenkamp-jubilaeum-KLEIN.png?resize=350%2C200&ssl=1 1x, https:\/\/i0.wp.com\/www.steenkamper.de\/wp-content\/uploads\/2019\/12\/logo-steenkamp-jubilaeum-KLEIN.png?resize=525%2C300&ssl=1 1.5x, https:\/\/i0.wp.com\/www.steenkamper.de\/wp-content\/uploads\/2019\/12\/logo-steenkamp-jubilaeum-KLEIN.png?resize=700%2C400&ssl=1 2x, https:\/\/i0.wp.com\/www.steenkamper.de\/wp-content\/uploads\/2019\/12\/logo-steenkamp-jubilaeum-KLEIN.png?resize=1050%2C600&ssl=1 3x"},"classes":[]}],"ticketed":false,"_links":{"self":[{"href":"https:\/\/www.steenkamper.de\/index.php\/wp-json\/wp\/v2\/pages\/247","targetHints":{"allow":["GET"]}}],"collection":[{"href":"https:\/\/www.steenkamper.de\/index.php\/wp-json\/wp\/v2\/pages"}],"about":[{"href":"https:\/\/www.steenkamper.de\/index.php\/wp-json\/wp\/v2\/types\/page"}],"author":[{"embeddable":true,"href":"https:\/\/www.steenkamper.de\/index.php\/wp-json\/wp\/v2\/users\/6"}],"replies":[{"embeddable":true,"href":"https:\/\/www.steenkamper.de\/index.php\/wp-json\/wp\/v2\/comments?post=247"}],"version-history":[{"count":256,"href":"https:\/\/www.steenkamper.de\/index.php\/wp-json\/wp\/v2\/pages\/247\/revisions"}],"predecessor-version":[{"id":27519,"href":"https:\/\/www.steenkamper.de\/index.php\/wp-json\/wp\/v2\/pages\/247\/revisions\/27519"}],"wp:attachment":[{"href":"https:\/\/www.steenkamper.de\/index.php\/wp-json\/wp\/v2\/media?parent=247"}],"curies":[{"name":"wp","href":"https:\/\/api.w.org\/{rel}","templated":true}]}}