{"id":2380,"date":"2016-08-09T15:16:29","date_gmt":"2016-08-09T13:16:29","guid":{"rendered":"http:\/\/wp.steenkamper.de\/?page_id=2380"},"modified":"2016-08-09T16:03:05","modified_gmt":"2016-08-09T14:03:05","slug":"sport-ag","status":"publish","type":"page","link":"https:\/\/www.steenkamper.de\/index.php\/sport-ag\/","title":{"rendered":"Sport-AG"},"content":{"rendered":"<p>Informationen \u2013 <strong>Sportangebote<\/strong><\/p>\n<p>Auf der mehrsprachigen Internetplattform* \u201eWillkommen im Sport\u201c sind Angebote f\u00fcr Gefl\u00fcchtete eingestellt. Dort k\u00f6nnen Angebote nach Bezirk, Sportart, Verein und Altersgruppe gesucht und gefunden werden.<\/p>\n<p><a href=\"http:\/\/www.willkommen-im-sport.de\/\" target=\"_blank\">http:\/\/www.willkommen-im-sport.de\/<\/a><\/p>\n<p><a href=\"http:\/\/www.willkommen-im-sport.de\/\" target=\"_blank\"><img data-recalc-dims=\"1\" fetchpriority=\"high\" decoding=\"async\" data-attachment-id=\"2385\" data-permalink=\"https:\/\/www.steenkamper.de\/index.php\/sport-ag\/web_sport\/\" data-orig-file=\"https:\/\/i0.wp.com\/www.steenkamper.de\/wp-content\/uploads\/2016\/08\/web_sport.png?fit=494%2C335&amp;ssl=1\" data-orig-size=\"494,335\" data-comments-opened=\"1\" data-image-meta=\"{&quot;aperture&quot;:&quot;0&quot;,&quot;credit&quot;:&quot;&quot;,&quot;camera&quot;:&quot;&quot;,&quot;caption&quot;:&quot;&quot;,&quot;created_timestamp&quot;:&quot;0&quot;,&quot;copyright&quot;:&quot;&quot;,&quot;focal_length&quot;:&quot;0&quot;,&quot;iso&quot;:&quot;0&quot;,&quot;shutter_speed&quot;:&quot;0&quot;,&quot;title&quot;:&quot;&quot;,&quot;orientation&quot;:&quot;0&quot;}\" data-image-title=\"web_sport\" data-image-description=\"\" data-image-caption=\"\" data-large-file=\"https:\/\/i0.wp.com\/www.steenkamper.de\/wp-content\/uploads\/2016\/08\/web_sport.png?fit=494%2C335&amp;ssl=1\" class=\"alignnone size-medium wp-image-2385\" src=\"https:\/\/i0.wp.com\/wp.steenkamper.de\/wp-content\/uploads\/2016\/08\/web_sport-300x203.png?resize=300%2C203\" alt=\"web_sport\" width=\"300\" height=\"203\" srcset=\"https:\/\/i0.wp.com\/www.steenkamper.de\/wp-content\/uploads\/2016\/08\/web_sport.png?resize=300%2C203&amp;ssl=1 300w, https:\/\/i0.wp.com\/www.steenkamper.de\/wp-content\/uploads\/2016\/08\/web_sport.png?resize=450%2C305&amp;ssl=1 450w, https:\/\/i0.wp.com\/www.steenkamper.de\/wp-content\/uploads\/2016\/08\/web_sport.png?w=494&amp;ssl=1 494w\" sizes=\"(max-width: 300px) 100vw, 300px\" \/><\/a><\/p>\n<p>Auf einem \u201eSportmarkt\u201c, k\u00f6nnen Gesuche nach und Angebote von \u00dcbungsleitern\/innen usw. eingestellt werden.<\/p>\n<p>*Initiative des Bundesprogramms \u201eIntegration durch Sport\u201c\/Hamburger Sportbund e.V., Stand 2016-08-09<\/p>\n<p>&nbsp;<\/p>\n<p><strong>Ausschuss Fl\u00fcchtlingsunterst\u00fctzung<\/strong> <strong>Steenkamp<\/strong><br \/>\n<a href=\"http:\/\/wp.steenkamper.de\/index.php\/fluechtlingsarbeit\/angebote-fuer-jugendliche\/steenkamp.fluechtlinge@yahoo.de\" target=\"_blank\">steenkamp.fluechtlinge(at)yahoo.de<\/a><br \/>\nFriederike Petrelli: 040 31790366<br \/>\nLars Kohlmorgen: 040 43253416<\/p>\n","protected":false},"excerpt":{"rendered":"<p>Informationen \u2013 Sportangebote Auf der mehrsprachigen Internetplattform* \u201eWillkommen im Sport\u201c sind Angebote f\u00fcr Gefl\u00fcchtete eingestellt. Dort k\u00f6nnen Angebote nach Bezirk, Sportart, Verein und Altersgruppe gesucht und gefunden werden. http:\/\/www.willkommen-im-sport.de\/ Auf&#8230; <\/p>\n<p><a class=\"teaser-more\" href=\"https:\/\/www.steenkamper.de\/index.php\/sport-ag\/\">weiter lesen<\/a><\/p>\n","protected":false},"author":0,"featured_media":0,"parent":0,"menu_order":0,"comment_status":"closed","ping_status":"closed","template":"","meta":{"_acf_changed":false,"_price":"","_stock":"","_tribe_ticket_header":"","_tribe_default_ticket_provider":"","_tribe_ticket_capacity":"0","_ticket_start_date":"","_ticket_end_date":"","_tribe_ticket_show_description":"","_tribe_ticket_show_not_going":false,"_tribe_ticket_use_global_stock":"","_tribe_ticket_global_stock_level":"","_global_stock_mode":"","_global_stock_cap":"","_tribe_rsvp_for_event":"","_tribe_ticket_going_count":"","_tribe_ticket_not_going_count":"","_tribe_tickets_list":"[]","_tribe_ticket_has_attendee_info_fields":false,"jetpack_post_was_ever_published":false,"footnotes":"","_tec_slr_enabled":"","_tec_slr_layout":""},"class_list":["post-2380","page","type-page","status-publish","hentry"],"acf":[],"jetpack_sharing_enabled":true,"jetpack_shortlink":"https:\/\/wp.me\/P74Wuo-Co","jetpack_likes_enabled":true,"jetpack-related-posts":[{"id":3374,"url":"https:\/\/www.steenkamper.de\/index.php\/fluechtlingsarbeit\/fluechtlings-ags\/","url_meta":{"origin":2380,"position":0},"title":"Fl\u00fcchtlings AGs","author":"Max","date":"14\/02\/2017","format":false,"excerpt":"Ausschuss Fl\u00fcchtlingsunterst\u00fctzung Steenkamp: Friederike Petrelli: 040 31790366 Gertrud Krapp: 040 8005165 Friedhelm Moggert-K\u00e4geler: 0160 99165211 Aktiv Caf\u00e9 \"Vogelweide\" Jeden letzten Sonntag treffen sich alte und neue Nachbar\/innen im Steenkampsaal bei Kaffee und Kuchen... weiterlesen Archiv Deutschkiosk, ein Angebor f\u00fcr gefl\u00fcchtete Menschen aus der Ukraine Juni 2023 - Oktober 2023, Deutschkurse\u2026","rel":"","context":"\u00c4hnlicher Beitrag","block_context":{"text":"\u00c4hnlicher Beitrag","link":""},"img":{"alt_text":"","src":"","width":0,"height":0},"classes":[]},{"id":247,"url":"https:\/\/www.steenkamper.de\/index.php\/fluechtlingsarbeit\/","url_meta":{"origin":2380,"position":1},"title":"Ausschuss Fl\u00fcchtlingsunterst\u00fctzung","author":"Max","date":"15\/12\/2015","format":false,"excerpt":"Caf\u00e9 VogelweideDas Caf\u00e9 ist seit April 2022 nach einer l\u00e4ngeren Coronapause wieder aktiv. Alle Steenkamper\/innen sind eingeladen mit neuen Nachbarn\/innen Deutsch zu kl\u00f6nen und zu Tee\/Kaffee\/Kuchen zusammenzusitzen. Kuchenspenden (geschnittene) sind sehr erw\u00fcnscht, um das Buffet zu erweitern. Sie k\u00f6nnen ab 15.00h abgegeben werden. Das Caf\u00e9 findet ab 16.00h bis 17.30h\u2026","rel":"","context":"\u00c4hnlicher Beitrag","block_context":{"text":"\u00c4hnlicher Beitrag","link":""},"img":{"alt_text":"","src":"https:\/\/i0.wp.com\/www.steenkamper.de\/wp-content\/uploads\/2016\/09\/IMG_2805-300x141.png?resize=350%2C200&ssl=1","width":350,"height":200},"classes":[]},{"id":1788,"url":"https:\/\/www.steenkamper.de\/index.php\/fluechtlingsarbeit\/angebote-fuer-frauen\/","url_meta":{"origin":2380,"position":2},"title":"Nachbarinnentreff","author":"Gertrud Krapp","date":"26\/02\/2016","format":false,"excerpt":"sagt Tsch\u00fcss! Wiedersehen mit und im und vom Nachbarinnentreff. Am 07. August 2020 um 11:00 Uhr war es noch einmal soweit. Die T\u00fcren des Steenkampsaales gingen wieder und noch einmal f\u00fcr uns auf.\u00a0 Dieser Termin war gleichzeitig auch der letzte f\u00fcr das Nachbarinnentreffen. Damit sagte das Team vom Nachbarinnentreff \"Tsch\u00fcs\".\u2026","rel":"","context":"\u00c4hnlicher Beitrag","block_context":{"text":"\u00c4hnlicher Beitrag","link":""},"img":{"alt_text":"Unser Platz zum Kl\u00f6nen ....","src":"https:\/\/i0.wp.com\/www.steenkamper.de\/wp-content\/uploads\/2017\/10\/fruehst-300x146.jpg?resize=350%2C200&ssl=1","width":350,"height":200},"classes":[]},{"id":1792,"url":"https:\/\/www.steenkamper.de\/index.php\/fluechtlingsarbeit\/angebote-fuer-jugendliche\/","url_meta":{"origin":2380,"position":3},"title":"Angebote f\u00fcr Jugendliche","author":"Max","date":"26\/02\/2016","format":false,"excerpt":"Informationen - F\u00f6rderangebote f\u00fcr Jugendliche * Hamburger Berufsbildungsatlas Speziell f\u00fcr die Zielgruppe\u00a0der Jugendlichen\u00a0wurden auf http:\/\/www.ichblickdurch.de\/ die bestehenden Beratungs-, Orientierungs- und Qualifizierungsprojekte um neue Angebote erweitert und aktuell gehalten. (Schneller Zugang zu \u00fcber\u00a0Auswahlm\u00f6glichkeit \u201eJugendliche mit Fluchthintergrund (U25)\u201c ) Bei Jugendlichen mit Fluchthintergrund entscheidet neben anderen F\u00f6rderkriterien der Aufenthaltsstatus \u2013 Gestattung, Duldung\u2026","rel":"","context":"\u00c4hnlicher Beitrag","block_context":{"text":"\u00c4hnlicher Beitrag","link":""},"img":{"alt_text":"","src":"","width":0,"height":0},"classes":[]},{"id":2765,"url":"https:\/\/www.steenkamper.de\/index.php\/help\/","url_meta":{"origin":2380,"position":4},"title":"HELP","author":"Max","date":"02\/11\/2016","format":false,"excerpt":"\u00a0 for REFUGEES HELP \u2013 ein schwarzes Brett f\u00fcr die Steenkamper Fl\u00fcchtlingshilfe Die Onlineplattform \u201eHelp\u201c wurde zum Januar 2018 eingestellt. Die daran gekn\u00fcpften Erwartungen haben sich nicht best\u00e4tigt.\u00a0 In der Unterkunft in der Notkestra\u00dfe 25 wohnen derzeit ca. 650 Gefl\u00fcchtete, davon 170 Kinder, \u00fcberwiegend aus Syrien, Afghanistan, Iran, Irak und\u2026","rel":"","context":"\u00c4hnlicher Beitrag","block_context":{"text":"\u00c4hnlicher Beitrag","link":""},"img":{"alt_text":"img_4712","src":"https:\/\/i0.wp.com\/wp.steenkamper.de\/wp-content\/uploads\/2016\/09\/img_4712-300x163.jpg?resize=350%2C200","width":350,"height":200},"classes":[]},{"id":257,"url":"https:\/\/www.steenkamper.de\/index.php\/mitglied-werden\/","url_meta":{"origin":2380,"position":5},"title":"Mitglied werden","author":"Max","date":"15\/12\/2015","format":false,"excerpt":"Du bist gern dabei \u2013 willst Du nicht auch dazugeh\u00f6ren? Du genie\u00dft das Sommerfest auf der Vogelweide, machst mit bei unseren Quizabenden oder tanzt mit in den Mai?Dann kennst Du schon das Herz der Steenkampsiedlung \u2013 unsere lebendige Nachbarschaft. Vielleicht ist jetzt genau der richtige Moment, offiziell Teil davon zu\u2026","rel":"","context":"\u00c4hnlicher Beitrag","block_context":{"text":"\u00c4hnlicher Beitrag","link":""},"img":{"alt_text":"","src":"","width":0,"height":0},"classes":[]}],"ticketed":false,"_links":{"self":[{"href":"https:\/\/www.steenkamper.de\/index.php\/wp-json\/wp\/v2\/pages\/2380","targetHints":{"allow":["GET"]}}],"collection":[{"href":"https:\/\/www.steenkamper.de\/index.php\/wp-json\/wp\/v2\/pages"}],"about":[{"href":"https:\/\/www.steenkamper.de\/index.php\/wp-json\/wp\/v2\/types\/page"}],"replies":[{"embeddable":true,"href":"https:\/\/www.steenkamper.de\/index.php\/wp-json\/wp\/v2\/comments?post=2380"}],"version-history":[{"count":4,"href":"https:\/\/www.steenkamper.de\/index.php\/wp-json\/wp\/v2\/pages\/2380\/revisions"}],"predecessor-version":[{"id":2387,"href":"https:\/\/www.steenkamper.de\/index.php\/wp-json\/wp\/v2\/pages\/2380\/revisions\/2387"}],"wp:attachment":[{"href":"https:\/\/www.steenkamper.de\/index.php\/wp-json\/wp\/v2\/media?parent=2380"}],"curies":[{"name":"wp","href":"https:\/\/api.w.org\/{rel}","templated":true}]}}