{"id":21974,"date":"2022-12-13T18:32:21","date_gmt":"2022-12-13T17:32:21","guid":{"rendered":"https:\/\/www.steenkamper.de\/?page_id=21974"},"modified":"2022-12-13T18:34:10","modified_gmt":"2022-12-13T17:34:10","slug":"saalordnung","status":"publish","type":"page","link":"https:\/\/www.steenkamper.de\/index.php\/saalordnung\/","title":{"rendered":"Saalordnung"},"content":{"rendered":"\n<h2 class=\"wp-block-heading\"><mark style=\"background-color:rgba(0, 0, 0, 0)\" class=\"has-inline-color has-luminous-vivid-amber-color\">Saalordnung \/ Saal Regeln<\/mark><\/h2>\n\n\n\n<p><strong>M\u00f6bel oder Inventar NICHT NACH DRAU\u00dfEN<\/strong><strong>&nbsp;bringen<\/strong><strong>!!!<\/strong><\/p>\n\n\n\n<p><strong>TISCHE<\/strong><br>\u2013 Bitte nicht schieben, sondern tragen. Schieben besch\u00e4digt Parkettund Tischbein.<br>\u2013 nicht darauf stehen oder sitzen, die Tischbeine vertragen das Gewicht nicht.<br>\u2013 keine schweren Gegenst\u00e4nde ohne weiche Zwischenlage daraufstellen, sonst Verkratzungen<br>\u2013 nicht aufeinander stapeln, au\u00dfer Platte-auf-Platte mit weicher Zwischenlage.<br>\u2013 Kerzen\/Teelichter nie direkt auf die Tische stellen (Einbrandgefahr),<br>nur in unbrennbaren Glasbeh\u00e4ltern, Kerzenst\u00e4ndern o.\u00e4.<\/p>\n\n\n\n<p><strong>ST\u00dcHLE<\/strong><br>\u2013 nicht mit Stra\u00dfenschuhen auf St\u00fchlen stehen.<br>\u2013 keine schweren Gegenst\u00e4nde ohne weiche Zwischenlage daraufstellen.<\/p>\n\n\n\n<p><strong>DEKO<\/strong><br>\u2013 NUR an den vorhandenen Haken und Drahtseilen befestigen.<br>\u2013 keine Rei\u00dfzwecken oder N\u00e4gel verwenden, stattdessen Schnur oder Tesafilm.<br>\u2013 Tesafilm-Reste nach der Feier sauber entfernen<br>\u2013 Keinen Flitter und kein Konfetti verwenden.<br>\u2013&nbsp;<strong>Keine Deko<\/strong>&nbsp;(Luftschlangen, Girlanden etc.)&nbsp;<strong>an den Wandlampen, Stromschienen und Tresenleuchten&nbsp;<\/strong>anbringen.<br>\u2013&nbsp;<strong>Vorh\u00e4nge nur an den Zugseilen \u00f6ffnen und schlie\u00dfen<\/strong>.<\/p>\n\n\n\n<p><strong><mark>NACHTRUHE: Ab 20:00 Uhr gesetzliche Nachtruhe!<\/mark><\/strong><br>Musik dann nur noch bei geschlossenen Fenstern und T\u00fcren -&gt; zum L\u00fcften Musikpausen.<\/p>\n\n\n\n<p><strong>TOILETTEN<\/strong><br><strong>Licht im Sicherungskasten<\/strong>&nbsp;im Eingang einschalten. Hin und wieder \u00fcberpr\u00fcfen, um Verunreinigung \/ Vandalismus rechtzeitig zu erkennen.<\/p>\n\n\n\n<p><strong>SAALL\u00dcFTER<\/strong><br>Einschalten, sonst Schwitzwasser u. Schimmel an den Fenstern. (Drehschalter \u00fc. der Sp\u00fcle)<\/p>\n\n\n\n<hr class=\"wp-block-separator has-alpha-channel-opacity\"\/>\n\n\n\n<p><mark style=\"background-color:rgba(0, 0, 0, 0)\" class=\"has-inline-color has-luminous-vivid-amber-color\"><strong>Nach der Nutzung:\u00a0<\/strong><br><\/mark><strong><mark style=\"background-color:rgba(0, 0, 0, 0)\" class=\"has-inline-color has-luminous-vivid-amber-color\">Grundordnung wiederherstellen<\/mark><\/strong><\/p>\n\n\n\n<p><strong>Vorh\u00e4nge<\/strong><br>aufziehen, damit das Schwitzwasser von den Fenstern abtrocknen kann.<\/p>\n\n\n\n<p><strong>Saall\u00fcfter<\/strong><br>Evtl. die Nacht durchlaufen lassen, um Feuchtigkeit absaugen, sonst Schimmel an den Fenstern.<\/p>\n\n\n\n<p><strong>Tische<\/strong><br>\u2013 Stra\u00dfenseite: 11 Gartenseite: 9&nbsp;<br>\u2013 Notausgang\/Fluchtweg zum Garten frei lassen!<br>\u2013 Abstand zu den W\u00e4nden<\/p>\n\n\n\n<p><strong>St\u00fchle<\/strong><br>\u2013 in&nbsp;<strong>4er-Stapel&nbsp;<\/strong>auf die B\u00fchne, links einen Durchgang zum B\u00fchnenhinterzimmer freilassen.<br>\u2013 Von St\u00fchlen ggf. abgefallene Plastikf\u00fc\u00dfe wieder sorgf\u00e4ltig anbringen, sonst Parkettsch\u00e4den !!!&nbsp;<\/p>\n\n\n\n<p><strong>K\u00dcHLSCHR\u00c4NKE<\/strong><br>LEER und NICHTS hinterlassen<br>und Sicherung im Eingang wieder ausschalten. Auch das Toilettenlicht wieder ausschalten.&nbsp;<\/p>\n\n\n\n<p><strong>TISCHE und FL\u00c4CHEN<\/strong><br>feucht reinigen und anschlie\u00dfend trocknen.<\/p>\n\n\n\n<p><strong>FU\u00dfBODEN<\/strong><br>PARKETT&nbsp;bitte nur fegen.&nbsp;Kein Wasser!&nbsp;Linoleum ggf.&nbsp;feucht wischen.<\/p>\n\n\n\n<p><strong>GESCHIRR, GL\u00c4SER &amp; BESTECK<\/strong><br>gewaschen in die vorgesehenen Schr\u00e4nke einordnen.<\/p>\n\n\n\n<p><strong>Sch\u00e4den bitte dem Saalverwalter melden.<\/strong><br>Der Verursacher ist ersatzpflichtig.<\/p>\n\n\n\n<p><mark><strong>Die regelm\u00e4\u00dfigen Gruppen<\/strong>&nbsp;<\/mark><br><mark>werden gebeten, den beschriebenen Zustand wieder herzustellen, selbst wenn einzelne Dinge nicht ordnungsgem\u00e4\u00df vorgefunden wurden.<\/mark><\/p>\n\n\n\n<p>Saalverwalter:&nbsp;<br>Claus Thiele<strong>&nbsp;<\/strong>Tel.: 0176 21065400 \u2013 E-Mail:&nbsp;<a href=\"mailto:Claus.Thiele@steenkamper.de\">Claus.Thiele(at)steenkamper.de<\/a><\/p>\n","protected":false},"excerpt":{"rendered":"<p>Saalordnung \/ Saal Regeln M\u00f6bel oder Inventar NICHT NACH DRAU\u00dfEN&nbsp;bringen!!! TISCHE\u2013 Bitte nicht schieben, sondern tragen. Schieben besch\u00e4digt Parkettund Tischbein.\u2013 nicht darauf stehen oder sitzen, die Tischbeine vertragen das Gewicht&#8230; <\/p>\n<p><a class=\"teaser-more\" href=\"https:\/\/www.steenkamper.de\/index.php\/saalordnung\/\">weiter lesen<\/a><\/p>\n","protected":false},"author":6,"featured_media":0,"parent":0,"menu_order":0,"comment_status":"closed","ping_status":"closed","template":"","meta":{"_acf_changed":false,"_price":"","_stock":"","_tribe_ticket_header":"","_tribe_default_ticket_provider":"","_tribe_ticket_capacity":"0","_ticket_start_date":"","_ticket_end_date":"","_tribe_ticket_show_description":"","_tribe_ticket_show_not_going":false,"_tribe_ticket_use_global_stock":"","_tribe_ticket_global_stock_level":"","_global_stock_mode":"","_global_stock_cap":"","_tribe_rsvp_for_event":"","_tribe_ticket_going_count":"","_tribe_ticket_not_going_count":"","_tribe_tickets_list":"[]","_tribe_ticket_has_attendee_info_fields":false,"jetpack_post_was_ever_published":false,"footnotes":"","_tec_slr_enabled":"","_tec_slr_layout":""},"class_list":["post-21974","page","type-page","status-publish","hentry"],"acf":[],"jetpack_sharing_enabled":true,"jetpack_shortlink":"https:\/\/wp.me\/P74Wuo-5Iq","jetpack_likes_enabled":true,"jetpack-related-posts":[{"id":21903,"url":"https:\/\/www.steenkamper.de\/index.php\/saal-buchen\/","url_meta":{"origin":21974,"position":0},"title":"Saal buchen","author":"Max","date":"13\/12\/2022","format":false,"excerpt":"Fragen beantworten & Termin Anfragen Nutzungsvertrag downloaden, ausf\u00fcllen und abschicken Termin mit dem Saalverwalter Fragen beantworten Termin Anfrage Datenschutzerkl\u00e4rung\u00a0der Heimst\u00e4ttervereinigung Steenkamp e.V. Vertrag ausf\u00fcllen Vertrag hier online ausf\u00fcllen, speichern und per Mail an den Saalverwalter oder ausdrucken und zum Termin mitbringen. Vertrag als PDF ausf\u00fcllen Vertrag per Mail an:\u00a0Claus.Thiele(at)steenkamper.de Termin\u2026","rel":"","context":"\u00c4hnlicher Beitrag","block_context":{"text":"\u00c4hnlicher Beitrag","link":""},"img":{"alt_text":"","src":"https:\/\/i0.wp.com\/www.steenkamper.de\/wp-content\/uploads\/2022\/12\/Zahl3.png?resize=350%2C200&ssl=1","width":350,"height":200,"srcset":"https:\/\/i0.wp.com\/www.steenkamper.de\/wp-content\/uploads\/2022\/12\/Zahl3.png?resize=350%2C200&ssl=1 1x, https:\/\/i0.wp.com\/www.steenkamper.de\/wp-content\/uploads\/2022\/12\/Zahl3.png?resize=525%2C300&ssl=1 1.5x"},"classes":[]},{"id":27,"url":"https:\/\/www.steenkamper.de\/index.php\/saal\/","url_meta":{"origin":21974,"position":1},"title":"Saal","author":"admin","date":"14\/12\/2015","format":false,"excerpt":"Der Steenkampsaal wurde 2019 renoviert und erstrahlt in neuem Glanz.Seit 1921 ist er der kulturelle Mittelpunkt des Gesellschaftslebens der Steenkampsiedlung. Seit 90 Jahren bem\u00fcht die Heimst\u00e4ttervereigung Steenkamp e.V. sich erfolgreich um das Gemeinschaftsleben in der Siedlung. Dabei stand und steht die Nutzung des Saales Steenkamp 37 und der davor liegenden\u2026","rel":"","context":"\u00c4hnlicher Beitrag","block_context":{"text":"\u00c4hnlicher Beitrag","link":""},"img":{"alt_text":"","src":"https:\/\/i0.wp.com\/www.steenkamper.de\/wp-content\/uploads\/2024\/01\/IMG_6501-e1770747680790.jpeg?fit=800%2C547&ssl=1&resize=350%2C200","width":350,"height":200,"srcset":"https:\/\/i0.wp.com\/www.steenkamper.de\/wp-content\/uploads\/2024\/01\/IMG_6501-e1770747680790.jpeg?fit=800%2C547&ssl=1&resize=350%2C200 1x, https:\/\/i0.wp.com\/www.steenkamper.de\/wp-content\/uploads\/2024\/01\/IMG_6501-e1770747680790.jpeg?fit=800%2C547&ssl=1&resize=525%2C300 1.5x, https:\/\/i0.wp.com\/www.steenkamper.de\/wp-content\/uploads\/2024\/01\/IMG_6501-e1770747680790.jpeg?fit=800%2C547&ssl=1&resize=700%2C400 2x"},"classes":[]},{"id":29497,"url":"https:\/\/www.steenkamper.de\/index.php\/sommerfest-2025-helferinnen-listen\/","url_meta":{"origin":21974,"position":2},"title":"Sommerfest 2025 Helfer*innen-Listen","author":"Max","date":"09\/06\/2025","format":false,"excerpt":"Wir brauchen wieder viele \u201eHelfende H\u00e4nde\u201c f\u00fcr ein tolles Sommerfest! Bitte trage Dich hier f\u00fcr die gew\u00fcnschten Schichten ein.Dieses Jahr ist unsere Helfer*innen-Liste anders organisiert. Wir versuchen es etwas \u00fcbersichtlicher zu gestalten, damit die Anmeldung leichter f\u00e4llt. Eine Abmeldung von einer Schicht \/ einem Dienst ist nat\u00fcrlich auch m\u00f6glich. Gut\u2026","rel":"","context":"\u00c4hnlicher Beitrag","block_context":{"text":"\u00c4hnlicher Beitrag","link":""},"img":{"alt_text":"","src":"https:\/\/i0.wp.com\/www.steenkamper.de\/wp-content\/uploads\/2022\/10\/0987A869-0C20-4A21-A2E9-6232E2C663F5.jpg?fit=1200%2C900&ssl=1&resize=350%2C200","width":350,"height":200,"srcset":"https:\/\/i0.wp.com\/www.steenkamper.de\/wp-content\/uploads\/2022\/10\/0987A869-0C20-4A21-A2E9-6232E2C663F5.jpg?fit=1200%2C900&ssl=1&resize=350%2C200 1x, https:\/\/i0.wp.com\/www.steenkamper.de\/wp-content\/uploads\/2022\/10\/0987A869-0C20-4A21-A2E9-6232E2C663F5.jpg?fit=1200%2C900&ssl=1&resize=525%2C300 1.5x, https:\/\/i0.wp.com\/www.steenkamper.de\/wp-content\/uploads\/2022\/10\/0987A869-0C20-4A21-A2E9-6232E2C663F5.jpg?fit=1200%2C900&ssl=1&resize=700%2C400 2x, https:\/\/i0.wp.com\/www.steenkamper.de\/wp-content\/uploads\/2022\/10\/0987A869-0C20-4A21-A2E9-6232E2C663F5.jpg?fit=1200%2C900&ssl=1&resize=1050%2C600 3x"},"classes":[]},{"id":10733,"url":"https:\/\/www.steenkamper.de\/index.php\/terminetest\/","url_meta":{"origin":21974,"position":3},"title":"Termine","author":"Max","date":"14\/12\/2022","format":false,"excerpt":"Danke f\u00fcr die Best\u00e4tigung der Buchung vom Steenkampsaal. R\u00fcckfragen bitte an unseren Saalverwalter:Claus ThieleTel. 0176 21065400E-Mail:\u00a0Claus.Thiele(at)steenkamper.deStellvertreter:\u00a0Friedhelm Moggert-K\u00e4geler\u00a0Tel. 0160 99165211 Saalordnung\u00a0und Saalnutzungsvertrag werden bei Anmietung \u00fcbergeben.","rel":"","context":"\u00c4hnlicher Beitrag","block_context":{"text":"\u00c4hnlicher Beitrag","link":""},"img":{"alt_text":"","src":"","width":0,"height":0},"classes":[]},{"id":20,"url":"https:\/\/www.steenkamper.de\/index.php\/verein\/","url_meta":{"origin":21974,"position":4},"title":"Verein","author":"admin","date":"14\/12\/2015","format":false,"excerpt":"Die Heimst\u00e4ttervereinigung Steenkamp e.V. ist die Keimzelle der Steenkampsiedlung und der SAGA. Seit Bestehen des Vereines (1920) ist Ihr Sinn und Zweck in der Satzung fest gelegt:\u00a0 \u201cDer Verein will durch den Zusammenschluss der Heimst\u00e4tter und Heimst\u00e4tterinnen in der Siedlung Steenkamp eine gemeinsame Interessenvertretung der Mieter und Mieterinnen, der Eigent\u00fcmer\u2026","rel":"","context":"\u00c4hnlicher Beitrag","block_context":{"text":"\u00c4hnlicher Beitrag","link":""},"img":{"alt_text":"","src":"https:\/\/i1.wp.com\/www.steenkamper.de\/wp-content\/uploads\/2020\/09\/qrIBAN.jpg?resize=350%2C200&ssl=1","width":350,"height":200},"classes":[]},{"id":1280,"url":"https:\/\/www.steenkamper.de\/index.php\/bienensterben\/","url_meta":{"origin":21974,"position":5},"title":"Bienensterben","author":"Max","date":"13\/01\/2016","format":false,"excerpt":"Ein offenes Wort zum Bienensterben und kleine Tipps dagegen aus dem Steenkamper Ausgabe 1\/2015 von\u00a0Gesa Lahner Das Bienensterben ist in aller Munde. Jeder m\u00f6chte etwas dagegen tun. Wenn wir vom Bienensterben h\u00f6ren, denken wir in erster Linie an die hierzulande gehaltene westliche Honigbiene \u201eApis mellifera\u201c. Sie wird von uns Imkern\u2026","rel":"","context":"\u00c4hnlicher Beitrag","block_context":{"text":"\u00c4hnlicher Beitrag","link":""},"img":{"alt_text":"Bienen","src":"https:\/\/i0.wp.com\/wp.steenkamper.de\/wp-content\/uploads\/2016\/01\/Bienen.jpg?resize=350%2C200","width":350,"height":200,"srcset":"https:\/\/i0.wp.com\/wp.steenkamper.de\/wp-content\/uploads\/2016\/01\/Bienen.jpg?resize=350%2C200 1x, https:\/\/i0.wp.com\/wp.steenkamper.de\/wp-content\/uploads\/2016\/01\/Bienen.jpg?resize=525%2C300 1.5x"},"classes":[]}],"ticketed":false,"_links":{"self":[{"href":"https:\/\/www.steenkamper.de\/index.php\/wp-json\/wp\/v2\/pages\/21974","targetHints":{"allow":["GET"]}}],"collection":[{"href":"https:\/\/www.steenkamper.de\/index.php\/wp-json\/wp\/v2\/pages"}],"about":[{"href":"https:\/\/www.steenkamper.de\/index.php\/wp-json\/wp\/v2\/types\/page"}],"author":[{"embeddable":true,"href":"https:\/\/www.steenkamper.de\/index.php\/wp-json\/wp\/v2\/users\/6"}],"replies":[{"embeddable":true,"href":"https:\/\/www.steenkamper.de\/index.php\/wp-json\/wp\/v2\/comments?post=21974"}],"version-history":[{"count":2,"href":"https:\/\/www.steenkamper.de\/index.php\/wp-json\/wp\/v2\/pages\/21974\/revisions"}],"predecessor-version":[{"id":21977,"href":"https:\/\/www.steenkamper.de\/index.php\/wp-json\/wp\/v2\/pages\/21974\/revisions\/21977"}],"wp:attachment":[{"href":"https:\/\/www.steenkamper.de\/index.php\/wp-json\/wp\/v2\/media?parent=21974"}],"curies":[{"name":"wp","href":"https:\/\/api.w.org\/{rel}","templated":true}]}}