{"id":20676,"date":"2022-09-03T07:59:18","date_gmt":"2022-09-03T05:59:18","guid":{"rendered":"https:\/\/www.steenkamper.de\/?page_id=20676"},"modified":"2022-09-03T08:06:06","modified_gmt":"2022-09-03T06:06:06","slug":"der-emmichbrunnen-im-riemenschneiderstieg","status":"publish","type":"page","link":"https:\/\/www.steenkamper.de\/index.php\/der-emmichbrunnen-im-riemenschneiderstieg\/","title":{"rendered":"Der Emmichbrunnen im Riemenschneiderstieg\u00a0"},"content":{"rendered":"\n<p><em>aus dem Steenkamper 2\/2022 von Sebastian Buchholz<\/em><br><\/p>\n\n\n\n<p>Heute soll an dieser Stelle ein Blick zur\u00fcck in den Riemenschneiderstieg geworfen werden. Dass der Grundstein zur Steenkampsiedlung genau hier gelegt wurde und diese H\u00e4user zusammen den allerersten Bauabschnitt (1914\u20131915) bilden, ist hinreichend bekannt. Auch die Herkunft des Stra\u00dfennamens l\u00e4sst sich auf den Bildhauer und Schnitzer Tilman Riemenschneider (um 1460\u20131531) zur\u00fcckf\u00fchren und reiht sich in die Namensgebung mit k\u00fcnstlerischem Hintergrund der in und um den Steenkamp herum liegenden Stra\u00dfen ein. Dass diese Stra\u00dfe aber von 1914\u20131947 Emmichstra\u00dfe genannt wurde und dort ganz am Ende der Sackgasse auch ein Brunnen mit gleichem Namen stand, ist mit Sicherheit nur noch den \u00e4lteren Semestern und den direkten Anwohnern des Riemenschneiderstieges bekannt. Der Brunnen mit dem Denkmal wurde im \u201eSchmuckhof\u201c der damals noch als Kriegerheimst\u00e4tten bezeichneten Siedlung gebaut und am 7. August 1916 von Senator Marlow und Oberb\u00fcrgermeister Schnackenburg zu Ehren des preu\u00dfischen Generals Otto Albert Theodor Emmich (1948\u20131915) eingeweiht. <\/p>\n\n\n<div class=\"wp-block-image\">\n<figure class=\"alignright size-large is-resized\"><img data-recalc-dims=\"1\" fetchpriority=\"high\" decoding=\"async\" data-attachment-id=\"20679\" data-permalink=\"https:\/\/www.steenkamper.de\/index.php\/der-emmichbrunnen-im-riemenschneiderstieg\/bild-2-einweihung-emmichbunnen-senator-marlow-ob-schnackenburg-opt\/\" data-orig-file=\"https:\/\/i0.wp.com\/www.steenkamper.de\/wp-content\/uploads\/2022\/09\/Bild-2-Einweihung-Emmichbunnen-Senator-Marlow-OB-Schnackenburg-opt.jpg?fit=1650%2C1116&amp;ssl=1\" data-orig-size=\"1650,1116\" data-comments-opened=\"1\" data-image-meta=\"{&quot;aperture&quot;:&quot;0&quot;,&quot;credit&quot;:&quot;&quot;,&quot;camera&quot;:&quot;&quot;,&quot;caption&quot;:&quot;&quot;,&quot;created_timestamp&quot;:&quot;0&quot;,&quot;copyright&quot;:&quot;&quot;,&quot;focal_length&quot;:&quot;0&quot;,&quot;iso&quot;:&quot;0&quot;,&quot;shutter_speed&quot;:&quot;0&quot;,&quot;title&quot;:&quot;&quot;,&quot;orientation&quot;:&quot;1&quot;}\" data-image-title=\"Bild-2-Einweihung-Emmichbunnen-Senator-Marlow-OB-Schnackenburg-opt\" data-image-description=\"\" data-image-caption=\"&lt;p&gt;Bild: Christoph Beilfu\u00df, B\u00fcrgerverein Flottbek-Othmarschen e. V.&lt;\/p&gt;\n\" data-large-file=\"https:\/\/i0.wp.com\/www.steenkamper.de\/wp-content\/uploads\/2022\/09\/Bild-2-Einweihung-Emmichbunnen-Senator-Marlow-OB-Schnackenburg-opt.jpg?fit=750%2C508&amp;ssl=1\" src=\"https:\/\/i0.wp.com\/www.steenkamper.de\/wp-content\/uploads\/2022\/09\/Bild-2-Einweihung-Emmichbunnen-Senator-Marlow-OB-Schnackenburg-opt.jpg?resize=472%2C319&#038;ssl=1\" alt=\"\" class=\"wp-image-20679\" width=\"472\" height=\"319\" srcset=\"https:\/\/i0.wp.com\/www.steenkamper.de\/wp-content\/uploads\/2022\/09\/Bild-2-Einweihung-Emmichbunnen-Senator-Marlow-OB-Schnackenburg-opt.jpg?resize=1024%2C693&amp;ssl=1 1024w, https:\/\/i0.wp.com\/www.steenkamper.de\/wp-content\/uploads\/2022\/09\/Bild-2-Einweihung-Emmichbunnen-Senator-Marlow-OB-Schnackenburg-opt.jpg?resize=300%2C203&amp;ssl=1 300w, https:\/\/i0.wp.com\/www.steenkamper.de\/wp-content\/uploads\/2022\/09\/Bild-2-Einweihung-Emmichbunnen-Senator-Marlow-OB-Schnackenburg-opt.jpg?resize=768%2C519&amp;ssl=1 768w, https:\/\/i0.wp.com\/www.steenkamper.de\/wp-content\/uploads\/2022\/09\/Bild-2-Einweihung-Emmichbunnen-Senator-Marlow-OB-Schnackenburg-opt.jpg?resize=1536%2C1039&amp;ssl=1 1536w, https:\/\/i0.wp.com\/www.steenkamper.de\/wp-content\/uploads\/2022\/09\/Bild-2-Einweihung-Emmichbunnen-Senator-Marlow-OB-Schnackenburg-opt.jpg?resize=450%2C304&amp;ssl=1 450w, https:\/\/i0.wp.com\/www.steenkamper.de\/wp-content\/uploads\/2022\/09\/Bild-2-Einweihung-Emmichbunnen-Senator-Marlow-OB-Schnackenburg-opt.jpg?resize=1000%2C676&amp;ssl=1 1000w, https:\/\/i0.wp.com\/www.steenkamper.de\/wp-content\/uploads\/2022\/09\/Bild-2-Einweihung-Emmichbunnen-Senator-Marlow-OB-Schnackenburg-opt.jpg?resize=600%2C406&amp;ssl=1 600w, https:\/\/i0.wp.com\/www.steenkamper.de\/wp-content\/uploads\/2022\/09\/Bild-2-Einweihung-Emmichbunnen-Senator-Marlow-OB-Schnackenburg-opt.jpg?w=1650&amp;ssl=1 1650w\" sizes=\"(max-width: 472px) 100vw, 472px\" \/><figcaption><em>Bild: Christoph Beilfu\u00df, B\u00fcrgerverein Flottbek-Othmarschen e. V.<\/em><\/figcaption><\/figure>\n<\/div>\n\n\n<p>Fortan war dieser als Sehensw\u00fcrdigkeit und Denkmal im Altonaer Adressbuch verzeichnet. Es ist ein klassisches Exempel des militaristischen und nationalistischen Heldenkultes dieser Zeit. Der sog. \u201eEroberer von L\u00fcttich\u201c steht aber noch heute in der Kritik und gilt als typisches Beispiel f\u00fcr die bis heute stattfindenden Umbenennungen von Stra\u00dfen, Pl\u00e4tzen und Orten, die noch immer die Namen aus dieser Epoche tragen. Wenn man den Diskurs dar\u00fcber verfolgt und die allgemeine \u00f6ffentliche Meinung dazu betrachtet, ist die Epoche dieser aus der Zeit gefallenen Heroisierungen definitiv pass\u00e9, wenn auch historische Begebenheiten immer Platz der Erinnerung oder auch Mahnmale zugleich sein k\u00f6nnen.<br>Exkurs: Otto von Emmich war n\u00e4mlich der erste deutsche General, der bei Ausbruch des Ersten Weltkrieges mit seinen Truppen am 4. August 1914 einfach in das neutrale Belgien einmarschierte. So gesehen ist diese Tat also eindeutig ein \u00dcberfall auf die neutralen Staaten Belgien und weiterhin Luxemburg gewesen und somit als v\u00f6lkerrechtswidrige Invasion zu deuten. Ebenfalls ging es anschlie\u00dfend darum, die belgische Stadt L\u00fcttich im \u201eHandstreich\u201c einzunehmen, wobei sich Otto von Emmich besonders hervor tat. L\u00fcttich wurde bereits am 7. August 1914 eingenommen und bis die letzten der 12 umgebenden Forts kapitulierten, vergingen nur 9 weitere Tage. Bei den K\u00e4mpfen von L\u00fcttich wurde aber noch eine weitere traurige Grenze \u00fcberschritten \u2013 es kam erstmals zur Erschie\u00dfung von Zivilisten. Dies war der Beginn einer langen Reihe von schrecklichen Kriegsverbrechen des deutschen Milit\u00e4rs an der belgischen Zivilbev\u00f6lkerung. Kein Wunder also, dass man sich \u00fcberall in unserem Land von diesen kriegerischen Relikten, und erst recht von diesem Namen, trennen will.&nbsp;<br><\/p>\n\n\n<div class=\"wp-block-image\">\n<figure class=\"alignleft size-large is-resized\"><img data-recalc-dims=\"1\" decoding=\"async\" data-attachment-id=\"20680\" data-permalink=\"https:\/\/www.steenkamper.de\/index.php\/der-emmichbrunnen-im-riemenschneiderstieg\/bild-1-1915-emmichstrasse-ohne-brunnen-hans-nolle-riemenschneiderstieg-46-opt\/\" data-orig-file=\"https:\/\/i0.wp.com\/www.steenkamper.de\/wp-content\/uploads\/2022\/09\/Bild-1-1915-Emmichstrasse-Ohne-Brunnen-Hans-Nolle-Riemenschneiderstieg-46-opt.jpg?fit=1772%2C1154&amp;ssl=1\" data-orig-size=\"1772,1154\" data-comments-opened=\"1\" data-image-meta=\"{&quot;aperture&quot;:&quot;1.8&quot;,&quot;credit&quot;:&quot;&quot;,&quot;camera&quot;:&quot;iPhone SE (2nd generation)&quot;,&quot;caption&quot;:&quot;&quot;,&quot;created_timestamp&quot;:&quot;1660652661&quot;,&quot;copyright&quot;:&quot;&quot;,&quot;focal_length&quot;:&quot;3.99&quot;,&quot;iso&quot;:&quot;80&quot;,&quot;shutter_speed&quot;:&quot;0.0082644628099174&quot;,&quot;title&quot;:&quot;&quot;,&quot;orientation&quot;:&quot;1&quot;}\" data-image-title=\"Bild-1-1915-Emmichstrasse-Ohne-Brunnen-Hans-Nolle-Riemenschneiderstieg-46-opt\" data-image-description=\"\" data-image-caption=\"&lt;p&gt;Bild: Privatbesitz Hans Nolle&lt;\/p&gt;\n\" data-large-file=\"https:\/\/i0.wp.com\/www.steenkamper.de\/wp-content\/uploads\/2022\/09\/Bild-1-1915-Emmichstrasse-Ohne-Brunnen-Hans-Nolle-Riemenschneiderstieg-46-opt.jpg?fit=750%2C489&amp;ssl=1\" src=\"https:\/\/i0.wp.com\/www.steenkamper.de\/wp-content\/uploads\/2022\/09\/Bild-1-1915-Emmichstrasse-Ohne-Brunnen-Hans-Nolle-Riemenschneiderstieg-46-opt.jpg?resize=457%2C298&#038;ssl=1\" alt=\"\" class=\"wp-image-20680\" width=\"457\" height=\"298\" srcset=\"https:\/\/i0.wp.com\/www.steenkamper.de\/wp-content\/uploads\/2022\/09\/Bild-1-1915-Emmichstrasse-Ohne-Brunnen-Hans-Nolle-Riemenschneiderstieg-46-opt.jpg?resize=1024%2C667&amp;ssl=1 1024w, https:\/\/i0.wp.com\/www.steenkamper.de\/wp-content\/uploads\/2022\/09\/Bild-1-1915-Emmichstrasse-Ohne-Brunnen-Hans-Nolle-Riemenschneiderstieg-46-opt.jpg?resize=300%2C195&amp;ssl=1 300w, https:\/\/i0.wp.com\/www.steenkamper.de\/wp-content\/uploads\/2022\/09\/Bild-1-1915-Emmichstrasse-Ohne-Brunnen-Hans-Nolle-Riemenschneiderstieg-46-opt.jpg?resize=768%2C500&amp;ssl=1 768w, https:\/\/i0.wp.com\/www.steenkamper.de\/wp-content\/uploads\/2022\/09\/Bild-1-1915-Emmichstrasse-Ohne-Brunnen-Hans-Nolle-Riemenschneiderstieg-46-opt.jpg?resize=1536%2C1000&amp;ssl=1 1536w, https:\/\/i0.wp.com\/www.steenkamper.de\/wp-content\/uploads\/2022\/09\/Bild-1-1915-Emmichstrasse-Ohne-Brunnen-Hans-Nolle-Riemenschneiderstieg-46-opt.jpg?resize=450%2C293&amp;ssl=1 450w, https:\/\/i0.wp.com\/www.steenkamper.de\/wp-content\/uploads\/2022\/09\/Bild-1-1915-Emmichstrasse-Ohne-Brunnen-Hans-Nolle-Riemenschneiderstieg-46-opt.jpg?resize=1000%2C651&amp;ssl=1 1000w, https:\/\/i0.wp.com\/www.steenkamper.de\/wp-content\/uploads\/2022\/09\/Bild-1-1915-Emmichstrasse-Ohne-Brunnen-Hans-Nolle-Riemenschneiderstieg-46-opt.jpg?resize=600%2C391&amp;ssl=1 600w, https:\/\/i0.wp.com\/www.steenkamper.de\/wp-content\/uploads\/2022\/09\/Bild-1-1915-Emmichstrasse-Ohne-Brunnen-Hans-Nolle-Riemenschneiderstieg-46-opt.jpg?w=1772&amp;ssl=1 1772w\" sizes=\"(max-width: 457px) 100vw, 457px\" \/><figcaption><em>Bild: Privatbesitz Hans Nolle<\/em><\/figcaption><\/figure>\n<\/div>\n\n\n<p>In Bezug auf den Riemenschneiderstieg gibt es diesbez\u00fcglich aber auch eine nette Anekdote. Viele Jahre sp\u00e4ter und erst recht nach dem Gro\u00df-Hamburg-Gesetz von 1937 waren n\u00e4mlich die Nationalsozialisten eifrig damit besch\u00e4ftigt Stra\u00dfen, Pl\u00e4tze und viele weitere Orte nach ihrer Gesinnung umzubenennen. W\u00e4hrend also z.B. die Friedrich-Ebert-Allee zur Horst-Wessel-Allee wurde und eigentlich sogar in Rembrandtstra\u00dfe umbenannt werden sollte, sowie ringsum im Steenkamp einige Stra\u00dfennamen ge\u00e4ndert werden mussten, weil es gleiche Namen schon im restlichen Hamburg gab, blieb die Emmichstra\u00dfe vorerst die Emmichstra\u00dfe. Der Name passte gut ins Legenden-Portfolio der Nationalsozialisten. Und auch wenn sich die \u201evorl\u00e4ufigen\u201c Namen nie wirklich bei den SteenkamperInnen durchzusetzen schienen und in den Irrungen und Wirrungen des Krieges nur bis 1943 im Altonaer Adressbuch zu finden sind, ist es doch verwunderlich, dass eigentlich der damalige Lohweg in Riemenschneiderstieg umbenannt werden sollte. Verdanken kann man die Weitergabe des Namens wohl dem Altonaer Senator Wilhelm Sievert, der zu Lebzeiten im Lohweg 2 wohnte und der heutige Namensgeber dieser Stra\u00dfe ist. <\/p>\n\n\n<div class=\"wp-block-image\">\n<figure class=\"alignright size-large is-resized\"><img data-recalc-dims=\"1\" decoding=\"async\" data-attachment-id=\"20678\" data-permalink=\"https:\/\/www.steenkamper.de\/index.php\/der-emmichbrunnen-im-riemenschneiderstieg\/bild-3-steenkamp-strassenumbenennung-1940-ausschnitt\/\" data-orig-file=\"https:\/\/i0.wp.com\/www.steenkamper.de\/wp-content\/uploads\/2022\/09\/Bild-3-Steenkamp-Strassenumbenennung-1940-Ausschnitt.jpg?fit=1772%2C1181&amp;ssl=1\" data-orig-size=\"1772,1181\" data-comments-opened=\"1\" data-image-meta=\"{&quot;aperture&quot;:&quot;0&quot;,&quot;credit&quot;:&quot;ETH&quot;,&quot;camera&quot;:&quot;&quot;,&quot;caption&quot;:&quot;&quot;,&quot;created_timestamp&quot;:&quot;0&quot;,&quot;copyright&quot;:&quot;&quot;,&quot;focal_length&quot;:&quot;0&quot;,&quot;iso&quot;:&quot;0&quot;,&quot;shutter_speed&quot;:&quot;0&quot;,&quot;title&quot;:&quot;&quot;,&quot;orientation&quot;:&quot;1&quot;}\" data-image-title=\"Bild-3-Steenkamp-Strassenumbenennung-1940-Ausschnitt\" data-image-description=\"\" data-image-caption=\"\" data-large-file=\"https:\/\/i0.wp.com\/www.steenkamper.de\/wp-content\/uploads\/2022\/09\/Bild-3-Steenkamp-Strassenumbenennung-1940-Ausschnitt.jpg?fit=750%2C500&amp;ssl=1\" src=\"https:\/\/i0.wp.com\/www.steenkamper.de\/wp-content\/uploads\/2022\/09\/Bild-3-Steenkamp-Strassenumbenennung-1940-Ausschnitt.jpg?resize=461%2C307&#038;ssl=1\" alt=\"\" class=\"wp-image-20678\" width=\"461\" height=\"307\" srcset=\"https:\/\/i0.wp.com\/www.steenkamper.de\/wp-content\/uploads\/2022\/09\/Bild-3-Steenkamp-Strassenumbenennung-1940-Ausschnitt.jpg?resize=1024%2C682&amp;ssl=1 1024w, https:\/\/i0.wp.com\/www.steenkamper.de\/wp-content\/uploads\/2022\/09\/Bild-3-Steenkamp-Strassenumbenennung-1940-Ausschnitt.jpg?resize=300%2C200&amp;ssl=1 300w, https:\/\/i0.wp.com\/www.steenkamper.de\/wp-content\/uploads\/2022\/09\/Bild-3-Steenkamp-Strassenumbenennung-1940-Ausschnitt.jpg?resize=768%2C512&amp;ssl=1 768w, https:\/\/i0.wp.com\/www.steenkamper.de\/wp-content\/uploads\/2022\/09\/Bild-3-Steenkamp-Strassenumbenennung-1940-Ausschnitt.jpg?resize=1536%2C1024&amp;ssl=1 1536w, https:\/\/i0.wp.com\/www.steenkamper.de\/wp-content\/uploads\/2022\/09\/Bild-3-Steenkamp-Strassenumbenennung-1940-Ausschnitt.jpg?resize=450%2C300&amp;ssl=1 450w, https:\/\/i0.wp.com\/www.steenkamper.de\/wp-content\/uploads\/2022\/09\/Bild-3-Steenkamp-Strassenumbenennung-1940-Ausschnitt.jpg?resize=1000%2C666&amp;ssl=1 1000w, https:\/\/i0.wp.com\/www.steenkamper.de\/wp-content\/uploads\/2022\/09\/Bild-3-Steenkamp-Strassenumbenennung-1940-Ausschnitt.jpg?resize=600%2C400&amp;ssl=1 600w, https:\/\/i0.wp.com\/www.steenkamper.de\/wp-content\/uploads\/2022\/09\/Bild-3-Steenkamp-Strassenumbenennung-1940-Ausschnitt.jpg?w=1772&amp;ssl=1 1772w\" sizes=\"(max-width: 461px) 100vw, 461px\" \/><figcaption><em>Hamburger Adressbuch um 1940<\/em><\/figcaption><\/figure>\n<\/div>\n\n\n<p class=\"has-text-align-left\">Denn im gleichen Atemzug radierte man 1947 den Namen der Emmichstra\u00dfe aus der Steenkamper Geschichte und nannte diese fortan Riemen-schneiderstieg.&nbsp;Anzunehmen ist auch, dass der Brunnen im gleichen Zuge abgebaut wurde. \u00dcberliefert ist zumindest ein reges Spielen der Kinder auf und um den Brunnen herum, sodass nicht nur der Adler auf dem Emmichbrunnen wortw\u00f6rtlich w\u00e4hrend der vorangegangenen drei Jahrzehnte seine steinernen Federn lassen musste. Eine Sanierung stand mit Sicherheit in der Nachkriegszeit au\u00dfer Frage, so dass Emmich auf diese Weise das Zeitliche nochmals segnete. Was bleibt ist die Gedenktafel zwischen den Durchg\u00e4ngen zur Wichmannstra\u00dfe, ohne direkten Emmich-Bezug. Einer heutigen Diskussion zur Umbenennung der Stra\u00dfe ist der Riemenschneiderstieg aber auf diese Weise genau 75 Jahre zuvorgekommen.<br><\/p>\n\n\n\n<p class=\"has-text-align-right\"><em>Sebastian Buchholz<\/em><\/p>\n\n\n\n<p><br><\/p>\n","protected":false},"excerpt":{"rendered":"<p>aus dem Steenkamper 2\/2022 von Sebastian Buchholz Heute soll an dieser Stelle ein Blick zur\u00fcck in den Riemenschneiderstieg geworfen werden. Dass der Grundstein zur Steenkampsiedlung genau hier gelegt wurde und&#8230; <\/p>\n<p><a class=\"teaser-more\" href=\"https:\/\/www.steenkamper.de\/index.php\/der-emmichbrunnen-im-riemenschneiderstieg\/\">weiter lesen<\/a><\/p>\n","protected":false},"author":6,"featured_media":20688,"parent":0,"menu_order":0,"comment_status":"closed","ping_status":"closed","template":"","meta":{"_acf_changed":false,"_price":"","_stock":"","_tribe_ticket_header":"","_tribe_default_ticket_provider":"","_tribe_ticket_capacity":"0","_ticket_start_date":"","_ticket_end_date":"","_tribe_ticket_show_description":"","_tribe_ticket_show_not_going":false,"_tribe_ticket_use_global_stock":"","_tribe_ticket_global_stock_level":"","_global_stock_mode":"","_global_stock_cap":"","_tribe_rsvp_for_event":"","_tribe_ticket_going_count":"","_tribe_ticket_not_going_count":"","_tribe_tickets_list":"[]","_tribe_ticket_has_attendee_info_fields":false,"jetpack_post_was_ever_published":false,"footnotes":"","_tec_slr_enabled":"","_tec_slr_layout":""},"class_list":["post-20676","page","type-page","status-publish","has-post-thumbnail","hentry"],"acf":[],"jetpack_sharing_enabled":true,"jetpack_shortlink":"https:\/\/wp.me\/P74Wuo-5nu","jetpack_likes_enabled":true,"jetpack-related-posts":[{"id":1108,"url":"https:\/\/www.steenkamper.de\/index.php\/85-jahre-steenkampsiedlung-2005\/","url_meta":{"origin":20676,"position":0},"title":"85 Jahre Steenkampsiedlung 2005","author":"Max","date":"06\/01\/2016","format":false,"excerpt":"Aus dem Steenkamp Ausgabe 1\/2005 Text: Matthias Raabe Fotos: stellt Frau Balj\u00f6hr zur Verf\u00fcgung 85 Jahre Steenkampsiedlung Was k\u00f6nnen uns 85 Jahre Steenkampsiedlung bedeuten? Ein Grund zum Feiern? Einige Gedanken dazu ... Der erste Weltkrieg war vorbei, und den Heimkehrern sollte eine Heimat angeboten werden, in der sie zusammen mit\u2026","rel":"","context":"\u00c4hnlicher Beitrag","block_context":{"text":"\u00c4hnlicher Beitrag","link":""},"img":{"alt_text":"85_2","src":"https:\/\/i0.wp.com\/wp.steenkamper.de\/wp-content\/uploads\/2016\/01\/85_2-300x193.jpg?resize=350%2C200","width":350,"height":200},"classes":[]},{"id":457,"url":"https:\/\/www.steenkamper.de\/index.php\/strassennamen\/","url_meta":{"origin":20676,"position":1},"title":"Stra\u00dfennamen","author":"admin","date":"17\/12\/2015","format":false,"excerpt":"Was bedeuten die Stra\u00dfennamen in der Steenkampsiedlung? Einige der Stra\u00dfen wurden, insbesondere nach der Eingliederung von Altona nach Hamburg, umbenannt. Hier einiges Wissenswerte.Quelle: Festschrift \u201e100 Jahre Steenkamp\u201c Am Quickborn Am Quickbornbenannt 1920. Abgeleitet von Born = Quelle, Brunnen oder Wasserstelle. Laut schriftlicher \u00dcberlieferungen aus der Zeit vor dem Bau gab\u2026","rel":"","context":"\u00c4hnlicher Beitrag","block_context":{"text":"\u00c4hnlicher Beitrag","link":""},"img":{"alt_text":"","src":"https:\/\/i0.wp.com\/www.steenkamper.de\/wp-content\/uploads\/2015\/12\/035.jpg?resize=350%2C200&ssl=1","width":350,"height":200,"srcset":"https:\/\/i0.wp.com\/www.steenkamper.de\/wp-content\/uploads\/2015\/12\/035.jpg?resize=350%2C200&ssl=1 1x, https:\/\/i0.wp.com\/www.steenkamper.de\/wp-content\/uploads\/2015\/12\/035.jpg?resize=525%2C300&ssl=1 1.5x, https:\/\/i0.wp.com\/www.steenkamper.de\/wp-content\/uploads\/2015\/12\/035.jpg?resize=700%2C400&ssl=1 2x, https:\/\/i0.wp.com\/www.steenkamper.de\/wp-content\/uploads\/2015\/12\/035.jpg?resize=1050%2C600&ssl=1 3x, https:\/\/i0.wp.com\/www.steenkamper.de\/wp-content\/uploads\/2015\/12\/035.jpg?resize=1400%2C800&ssl=1 4x"},"classes":[]},{"id":1085,"url":"https:\/\/www.steenkamper.de\/index.php\/hommage-an-steenkamp\/","url_meta":{"origin":20676,"position":2},"title":"Hommage an Steenkamp","author":"Max","date":"06\/01\/2016","format":false,"excerpt":"\"Hommage an Steenkamp\" aus dem Steenkamper Ausgaben 2\/2010,\u00a02\/2010 und\u00a02\/2011 von Erich Riegner (aus: \u201eAuf Umwegen nach Altona\u201c) Die Kinder, mit denen ich spielte, kamen alle aus derselben Ecke, n\u00e4mlich aus Altona, genauer gesagt, Bahrenfeld, oder noch genauer: \u201eSteenkamp\u201c. Letzteres hei\u00dft auf Hochdeutsch \u201eSteinfeld\u201c bzw. \u201eSteinacker\u201c und war noch bis ins\u2026","rel":"","context":"\u00c4hnlicher Beitrag","block_context":{"text":"\u00c4hnlicher Beitrag","link":""},"img":{"alt_text":"","src":"","width":0,"height":0},"classes":[]},{"id":186,"url":"https:\/\/www.steenkamper.de\/index.php\/geschichte\/","url_meta":{"origin":20676,"position":3},"title":"Geschichte","author":"admin","date":"15\/12\/2015","format":false,"excerpt":"Die Entstehung der Siedlung Steenkamp Von A. Klement, Leiter des Baub\u00fcros Oktober 1920 Es ist nicht immer so gewesen, dass der Siedlungsgedanke in weiten Kreisen der Bev\u00f6lkerung lebendig war, wie es heute ist; im Jahre 1913 noch musste der Gemeinn\u00fctzige Bauverein Altona- Ottensen, um seine Siedler zu gewinnen, den Weg\u2026","rel":"","context":"\u00c4hnlicher Beitrag","block_context":{"text":"\u00c4hnlicher Beitrag","link":""},"img":{"alt_text":"","src":"","width":0,"height":0},"classes":[]},{"id":11468,"url":"https:\/\/www.steenkamper.de\/index.php\/erich-hartmann-2\/","url_meta":{"origin":20676,"position":4},"title":"Erich Hartmann","author":"Max","date":"29\/08\/2020","format":false,"excerpt":"Erich Hartmann 1886-1974Ein K\u00fcnstler in Steenkamp (1922-1974)von Elfriede Ziegler \u00dcbersicht 1886 7.1.geboren in Elberfeld (heute Wuppertal-Elberfeld), Vater hat Kunst- und Buchhandlung1903-1908Kunststudium in D\u00fcsseldorf und M\u00fcnchen, er malt impressionistisch 1908-1909 und 1912-1913Paris-Aufenthalte. Picasso, Matisse interessieren ihn, er will sich dem Kubismus zuwenden1914-1918Soldat in Frankreich, 1918 verwundet, in Altona im Lazarett1917Heirat mit\u2026","rel":"","context":"\u00c4hnlicher Beitrag","block_context":{"text":"\u00c4hnlicher Beitrag","link":""},"img":{"alt_text":"","src":"","width":0,"height":0},"classes":[]},{"id":15242,"url":"https:\/\/www.steenkamper.de\/index.php\/mit-der-strassenbahn-zum-steenkamp\/","url_meta":{"origin":20676,"position":5},"title":"Mit der Strassenbahn zum Steenkamp?","author":"Max","date":"14\/03\/2021","format":false,"excerpt":"Aus dem Steenkamper 1\/2021 von Rainer Dodt vom Eisenbahnmuseumsvereins VVM www.vvm-museumsbahn.de Ja, nat\u00fcrlich: bis zur Trabrennbahn und dann zu Fu\u00df. So jedenfalls kennen das \u00c4ltere noch, die vor 1975 auf ihrem Weg in die Stadt und zur\u00fcck mit Linie 1 oder 11 fuhren, wenn sie nicht in die andere Richtung\u2026","rel":"","context":"\u00c4hnlicher Beitrag","block_context":{"text":"\u00c4hnlicher Beitrag","link":""},"img":{"alt_text":"","src":"https:\/\/i0.wp.com\/www.steenkamper.de\/wp-content\/uploads\/2019\/10\/HeinzBurmeisterTrabrennbahn-Bahrenfeld-70er-Jahre-1099-Kopie.jpg?fit=1200%2C528&ssl=1&resize=350%2C200","width":350,"height":200,"srcset":"https:\/\/i0.wp.com\/www.steenkamper.de\/wp-content\/uploads\/2019\/10\/HeinzBurmeisterTrabrennbahn-Bahrenfeld-70er-Jahre-1099-Kopie.jpg?fit=1200%2C528&ssl=1&resize=350%2C200 1x, https:\/\/i0.wp.com\/www.steenkamper.de\/wp-content\/uploads\/2019\/10\/HeinzBurmeisterTrabrennbahn-Bahrenfeld-70er-Jahre-1099-Kopie.jpg?fit=1200%2C528&ssl=1&resize=525%2C300 1.5x, https:\/\/i0.wp.com\/www.steenkamper.de\/wp-content\/uploads\/2019\/10\/HeinzBurmeisterTrabrennbahn-Bahrenfeld-70er-Jahre-1099-Kopie.jpg?fit=1200%2C528&ssl=1&resize=700%2C400 2x, https:\/\/i0.wp.com\/www.steenkamper.de\/wp-content\/uploads\/2019\/10\/HeinzBurmeisterTrabrennbahn-Bahrenfeld-70er-Jahre-1099-Kopie.jpg?fit=1200%2C528&ssl=1&resize=1050%2C600 3x"},"classes":[]}],"ticketed":false,"_links":{"self":[{"href":"https:\/\/www.steenkamper.de\/index.php\/wp-json\/wp\/v2\/pages\/20676","targetHints":{"allow":["GET"]}}],"collection":[{"href":"https:\/\/www.steenkamper.de\/index.php\/wp-json\/wp\/v2\/pages"}],"about":[{"href":"https:\/\/www.steenkamper.de\/index.php\/wp-json\/wp\/v2\/types\/page"}],"author":[{"embeddable":true,"href":"https:\/\/www.steenkamper.de\/index.php\/wp-json\/wp\/v2\/users\/6"}],"replies":[{"embeddable":true,"href":"https:\/\/www.steenkamper.de\/index.php\/wp-json\/wp\/v2\/comments?post=20676"}],"version-history":[{"count":5,"href":"https:\/\/www.steenkamper.de\/index.php\/wp-json\/wp\/v2\/pages\/20676\/revisions"}],"predecessor-version":[{"id":20690,"href":"https:\/\/www.steenkamper.de\/index.php\/wp-json\/wp\/v2\/pages\/20676\/revisions\/20690"}],"wp:featuredmedia":[{"embeddable":true,"href":"https:\/\/www.steenkamper.de\/index.php\/wp-json\/wp\/v2\/media\/20688"}],"wp:attachment":[{"href":"https:\/\/www.steenkamper.de\/index.php\/wp-json\/wp\/v2\/media?parent=20676"}],"curies":[{"name":"wp","href":"https:\/\/api.w.org\/{rel}","templated":true}]}}