{"id":20,"date":"2015-12-14T12:15:09","date_gmt":"2015-12-14T10:15:09","guid":{"rendered":"https:\/\/steenkamper.wordpress.com\/verein\/"},"modified":"2024-07-16T19:19:08","modified_gmt":"2024-07-16T17:19:08","slug":"verein","status":"publish","type":"page","link":"https:\/\/www.steenkamper.de\/index.php\/verein\/","title":{"rendered":"Verein"},"content":{"rendered":"<p><b>Die Heimst\u00e4ttervereinigung Steenkamp e.V. ist die Keimzelle der Steenkampsiedlung und der SAGA. Seit Bestehen des Vereines (1920) ist Ihr Sinn und Zweck in der Satzung fest gelegt:\u00a0<\/b><\/p>\n<p><b><i>\u201cDer Verein will durch den Zusammenschluss der Heimst\u00e4tter und Heimst\u00e4tterinnen in der Siedlung Steenkamp eine gemeinsame Interessenvertretung der Mieter und Mieterinnen, der Eigent\u00fcmer und Eigent\u00fcmerinnen, sowie seiner sonstigen Mitglieder und die Durchf\u00fchrung von Gemeinschaftsveranstaltungen zur Pflege der Geselligkeit anregen, f\u00f6rdern und unterst\u00fctzen.\u201d<\/i><\/b><\/p>\n<p>Dazu gibt es eigentlich nichts weiter zu erg\u00e4nzen. Die Frage\u00a0<i>\u201cwas habe ich denn von einer Mitgliedschaft?\u201d<\/i>\u00a0erkl\u00e4rt sich in der Umkehrung der Frage:\u00a0<i>\u201cWas g\u00e4be es nicht mehr ohne die Heimst\u00e4ttervereinigung?\u201d<\/i>. Antwort: Keine Sommerfeste, keine Flohm\u00e4rkte, keine Kinderfeste, keine Laternenumz\u00fcge, keine Siedler-Aktionen im Steenkampsaal, kein Tanz in den Mai, keinen Salon, und vieles mehr. \u00a0Auch der Steenkampsaal w\u00fcrde nicht mehr ehrenamtlich betrieben, sodass &#8211; wenn \u00fcberhaupt &#8211; eine Nutzung nur noch im kommerziellen Rahmen m\u00f6glich w\u00e4re.<\/p>\n<p><b>Wir tun mehr, als nur nebeneinander her zu wohnen. Wir sind aktive Nachbarn. Geh\u00f6ren SIE dazu! Es ist ganz einfach und beginnt mit IHRER Mitgliedschaft.<\/b><\/p>\n<p><b>Wer unsere Bem\u00fchungen durch Sach- oder Geldspenden unterst\u00fctzen m\u00f6chte -allgemein oder zweckgebunden- sollte nicht lange z\u00f6gern. Wir sind f\u00fcr jegliche Hilfestellungen dankbar!\u00a0<\/b><\/p>\n<p><em>Aus organisatorischen Gr\u00fcnden ist die Heimst\u00e4ttervereinigung Steenkamp e.V. nicht als gemeinn\u00fctziger Verein eingetragen, somit k\u00f6nnen wir leider keine Spendenbescheinigungen ausstellen.<br \/>\n<\/em>Wer trotzdem uns unterst\u00fctzen m\u00f6chte kann hier spenden:<\/p>\n<p><strong>IBAN: DE81 200 505 50 107 821 05 13<\/strong><\/p>\n<figure class=\"wp-block-image size-medium is-style-default\"><img fetchpriority=\"high\" decoding=\"async\" data-attachment-id=\"11949\" data-permalink=\"https:\/\/www.steenkamper.de\/index.php\/kontakt\/qriban\/\" data-orig-file=\"https:\/\/i0.wp.com\/www.steenkamper.de\/wp-content\/uploads\/2020\/09\/qrIBAN.jpg?fit=835%2C845&amp;ssl=1\" data-orig-size=\"835,845\" data-comments-opened=\"1\" data-image-meta=\"{&quot;aperture&quot;:&quot;0&quot;,&quot;credit&quot;:&quot;&quot;,&quot;camera&quot;:&quot;&quot;,&quot;caption&quot;:&quot;&quot;,&quot;created_timestamp&quot;:&quot;0&quot;,&quot;copyright&quot;:&quot;&quot;,&quot;focal_length&quot;:&quot;0&quot;,&quot;iso&quot;:&quot;0&quot;,&quot;shutter_speed&quot;:&quot;0&quot;,&quot;title&quot;:&quot;&quot;,&quot;orientation&quot;:&quot;1&quot;}\" data-image-title=\"qrIBAN\" data-image-description=\"\" data-image-caption=\"&lt;p&gt;Giro-Code IBAN&lt;\/p&gt;\n\" data-large-file=\"https:\/\/i0.wp.com\/www.steenkamper.de\/wp-content\/uploads\/2020\/09\/qrIBAN.jpg?fit=750%2C759&amp;ssl=1\" class=\"wp-image-11949\" src=\"https:\/\/i1.wp.com\/www.steenkamper.de\/wp-content\/uploads\/2020\/09\/qrIBAN.jpg?resize=296%2C300&amp;ssl=1\" sizes=\"(max-width: 296px) 100vw, 296px\" srcset=\"https:\/\/i1.wp.com\/www.steenkamper.de\/wp-content\/uploads\/2020\/09\/qrIBAN.jpg?resize=296%2C300&amp;ssl=1 296w, https:\/\/i1.wp.com\/www.steenkamper.de\/wp-content\/uploads\/2020\/09\/qrIBAN.jpg?resize=768%2C777&amp;ssl=1 768w, https:\/\/i1.wp.com\/www.steenkamper.de\/wp-content\/uploads\/2020\/09\/qrIBAN.jpg?resize=500%2C506&amp;ssl=1 500w, https:\/\/i1.wp.com\/www.steenkamper.de\/wp-content\/uploads\/2020\/09\/qrIBAN.jpg?resize=450%2C455&amp;ssl=1 450w, https:\/\/i1.wp.com\/www.steenkamper.de\/wp-content\/uploads\/2020\/09\/qrIBAN.jpg?resize=80%2C80&amp;ssl=1 80w, https:\/\/i1.wp.com\/www.steenkamper.de\/wp-content\/uploads\/2020\/09\/qrIBAN.jpg?resize=741%2C750&amp;ssl=1 741w, https:\/\/i1.wp.com\/www.steenkamper.de\/wp-content\/uploads\/2020\/09\/qrIBAN.jpg?w=835&amp;ssl=1 835w\" alt=\"\" width=\"296\" height=\"300\" data-attachment-id=\"11949\" data-permalink=\"https:\/\/www.steenkamper.de\/index.php\/kontakt\/qriban\/\" data-orig-file=\"https:\/\/i1.wp.com\/www.steenkamper.de\/wp-content\/uploads\/2020\/09\/qrIBAN.jpg?fit=835%2C845&amp;ssl=1\" data-orig-size=\"835,845\" data-comments-opened=\"1\" data-image-meta=\"{&quot;aperture&quot;:&quot;0&quot;,&quot;credit&quot;:&quot;&quot;,&quot;camera&quot;:&quot;&quot;,&quot;caption&quot;:&quot;&quot;,&quot;created_timestamp&quot;:&quot;0&quot;,&quot;copyright&quot;:&quot;&quot;,&quot;focal_length&quot;:&quot;0&quot;,&quot;iso&quot;:&quot;0&quot;,&quot;shutter_speed&quot;:&quot;0&quot;,&quot;title&quot;:&quot;&quot;,&quot;orientation&quot;:&quot;1&quot;}\" data-image-title=\"qrIBAN\" data-image-description=\"\" data-medium-file=\"https:\/\/i1.wp.com\/www.steenkamper.de\/wp-content\/uploads\/2020\/09\/qrIBAN.jpg?fit=296%2C300&amp;ssl=1\" data-large-file=\"https:\/\/i1.wp.com\/www.steenkamper.de\/wp-content\/uploads\/2020\/09\/qrIBAN.jpg?fit=750%2C759&amp;ssl=1\" data-recalc-dims=\"1\" \/><\/figure>\n<p><em>Der \u201eGiroCode\u201c sieht aus wie ein klassischer QR-Code, den Sie zum Beispiel von Plakaten oder Flyern kennen. Er enth\u00e4lt alle relevanten Zahlungsdaten wie Empf\u00e4nger, IBAN, BIC, Zahlbetrag und Verwendungszweck.<\/em><br \/>\n<em>Scannen Sie den \u201eGiroCode\u201c ein und die IBAN, BIC, Zahlungsempf\u00e4nger und Verwendungszweck ist in Ihrer Banking App schon eingetragen. Kein l\u00e4stiges abtippen und keine Zahlendreher mehr.<\/em><\/p>\n<p>Oder Sie werden <a href=\"https:\/\/www.steenkamper.de\/index.php\/foerderer\/\">F\u00f6rderer des Vereins<\/a>, indem Sie eine Anzeige in unserer Mitgliederzeitung <em><a href=\"https:\/\/www.steenkamper.de\/index.php\/der-steenkamper\/\">Der Steenkamper<\/a><\/em> schalten.<\/p>\n","protected":false},"excerpt":{"rendered":"<p>Die Heimst\u00e4ttervereinigung Steenkamp e.V. ist die Keimzelle der Steenkampsiedlung und der SAGA. Seit Bestehen des Vereines (1920) ist Ihr Sinn und Zweck in der Satzung fest gelegt:\u00a0 \u201cDer Verein will&#8230; <\/p>\n<p><a class=\"teaser-more\" href=\"https:\/\/www.steenkamper.de\/index.php\/verein\/\">weiter lesen<\/a><\/p>\n","protected":false},"author":1,"featured_media":0,"parent":0,"menu_order":1,"comment_status":"closed","ping_status":"closed","template":"","meta":{"_acf_changed":false,"_price":"","_stock":"","_tribe_ticket_header":"","_tribe_default_ticket_provider":"","_tribe_ticket_capacity":"0","_ticket_start_date":"","_ticket_end_date":"","_tribe_ticket_show_description":"","_tribe_ticket_show_not_going":false,"_tribe_ticket_use_global_stock":"","_tribe_ticket_global_stock_level":"","_global_stock_mode":"","_global_stock_cap":"","_tribe_rsvp_for_event":"","_tribe_ticket_going_count":"","_tribe_ticket_not_going_count":"","_tribe_tickets_list":"[]","_tribe_ticket_has_attendee_info_fields":false,"jetpack_post_was_ever_published":false,"footnotes":"","_tec_slr_enabled":"","_tec_slr_layout":""},"class_list":["post-20","page","type-page","status-publish","hentry"],"acf":[],"jetpack_sharing_enabled":false,"jetpack_shortlink":"https:\/\/wp.me\/P74Wuo-k","jetpack_likes_enabled":true,"jetpack-related-posts":[{"id":11952,"url":"https:\/\/www.steenkamper.de\/index.php\/spenden\/","url_meta":{"origin":20,"position":0},"title":"SPENDEN","author":"Max","date":"18\/09\/2020","format":false,"excerpt":"Unser Verein freut sich \u00fcber Spenden, die unsere umfangreiche Nachbarschaftsarbeit unterst\u00fctzen. Oder Sie werden F\u00f6rdermitglied oder Sie f\u00f6rdern das Erscheinen unserer Vereinszeitung Der Steenkamper, indem Sie eine Anzeige schalten und als F\u00f6rderer des Vereins auf unserer Webseite genannt werden. Leider ist die Heimst\u00e4ttervereinigung Steenkamp e.V. nicht als gemeinn\u00fctziger Verein eingetragen,\u2026","rel":"","context":"\u00c4hnlicher Beitrag","block_context":{"text":"\u00c4hnlicher Beitrag","link":""},"img":{"alt_text":"","src":"https:\/\/i0.wp.com\/www.steenkamper.de\/wp-content\/uploads\/2020\/09\/qrIBAN.jpg?resize=350%2C200&ssl=1","width":350,"height":200,"srcset":"https:\/\/i0.wp.com\/www.steenkamper.de\/wp-content\/uploads\/2020\/09\/qrIBAN.jpg?resize=350%2C200&ssl=1 1x, https:\/\/i0.wp.com\/www.steenkamper.de\/wp-content\/uploads\/2020\/09\/qrIBAN.jpg?resize=525%2C300&ssl=1 1.5x, https:\/\/i0.wp.com\/www.steenkamper.de\/wp-content\/uploads\/2020\/09\/qrIBAN.jpg?resize=700%2C400&ssl=1 2x"},"classes":[]},{"id":255,"url":"https:\/\/www.steenkamper.de\/index.php\/verein\/verein-2\/","url_meta":{"origin":20,"position":1},"title":"Der Verein","author":"Max","date":"15\/12\/2015","format":false,"excerpt":"Die Steenkamper \u2013 HEIMST\u00c4TTERVEREINIGUNG STEENKAMP E.V. Mitglied werden freiwilliger zus\u00e4tzlicher F\u00f6rderbeitrag der Verein Engagierte Nachbarn Vorstand Satzung Aussch\u00fcsse regelm\u00e4\u00dfige Gruppen Saal Downloads Steenkamper Medien \u2013 Der Steenkamper & Newsletter, Nachbarschaftsplan etc. Pressespiegel Kooperationspartner\/Links Hinweise und Links Wissensspeicher-Knowledgebase\u00a0 Cloud F\u00f6rderer","rel":"","context":"\u00c4hnlicher Beitrag","block_context":{"text":"\u00c4hnlicher Beitrag","link":""},"img":{"alt_text":"img_3269","src":"https:\/\/i0.wp.com\/www.steenkamper.de\/wp-content\/uploads\/2017\/11\/img_3269-300x111.jpg?resize=350%2C200&ssl=1","width":350,"height":200},"classes":[]},{"id":257,"url":"https:\/\/www.steenkamper.de\/index.php\/mitglied-werden\/","url_meta":{"origin":20,"position":2},"title":"Mitglied werden","author":"Max","date":"15\/12\/2015","format":false,"excerpt":"Du bist gern dabei \u2013 willst Du nicht auch dazugeh\u00f6ren? Du genie\u00dft das Sommerfest auf der Vogelweide, machst mit bei unseren Quizabenden oder tanzt mit in den Mai?Dann kennst Du schon das Herz der Steenkampsiedlung \u2013 unsere lebendige Nachbarschaft. Vielleicht ist jetzt genau der richtige Moment, offiziell Teil davon zu\u2026","rel":"","context":"\u00c4hnlicher Beitrag","block_context":{"text":"\u00c4hnlicher Beitrag","link":""},"img":{"alt_text":"","src":"","width":0,"height":0},"classes":[]},{"id":21903,"url":"https:\/\/www.steenkamper.de\/index.php\/saal-buchen\/","url_meta":{"origin":20,"position":3},"title":"Saal buchen","author":"Max","date":"13\/12\/2022","format":false,"excerpt":"Fragen beantworten & Termin Anfragen Nutzungsvertrag downloaden, ausf\u00fcllen und abschicken Termin mit dem Saalverwalter Fragen beantworten Termin Anfrage Datenschutzerkl\u00e4rung\u00a0der Heimst\u00e4ttervereinigung Steenkamp e.V. Vertrag ausf\u00fcllen Vertrag hier online ausf\u00fcllen, speichern und per Mail an den Saalverwalter oder ausdrucken und zum Termin mitbringen. Vertrag als PDF ausf\u00fcllen Vertrag per Mail an:\u00a0Claus.Thiele(at)steenkamper.de Termin\u2026","rel":"","context":"\u00c4hnlicher Beitrag","block_context":{"text":"\u00c4hnlicher Beitrag","link":""},"img":{"alt_text":"","src":"https:\/\/i0.wp.com\/www.steenkamper.de\/wp-content\/uploads\/2022\/12\/Zahl3.png?resize=350%2C200&ssl=1","width":350,"height":200,"srcset":"https:\/\/i0.wp.com\/www.steenkamper.de\/wp-content\/uploads\/2022\/12\/Zahl3.png?resize=350%2C200&ssl=1 1x, https:\/\/i0.wp.com\/www.steenkamper.de\/wp-content\/uploads\/2022\/12\/Zahl3.png?resize=525%2C300&ssl=1 1.5x"},"classes":[]},{"id":3880,"url":"https:\/\/www.steenkamper.de\/index.php\/fotowettbewerb-2017\/","url_meta":{"origin":20,"position":4},"title":"Fotowettbewerb\u00a02017","author":"Max","date":"12\/07\/2017","format":false,"excerpt":"Wir suchen die\u00a0sch\u00f6nsten Bilder der Steenkampsiedlung von DAMALS\u00a0und\u00a0HEUTE. Durchsuchen Sie ihre Fotosammlung. Die besten Bilder ver\u00f6ffentlichen wir in den Steenkamper Medien und in der Chronik zum 100 j\u00e4hrigen Jubil\u00e4um des Vereines. Zu gewinnen gibt es: 1. - 3. Platz: Steenkamper T-Shirt aus unserem T-Shirt Shop 4. - 10. Platz: Schl\u00fcsselband\u2026","rel":"","context":"\u00c4hnlicher Beitrag","block_context":{"text":"\u00c4hnlicher Beitrag","link":""},"img":{"alt_text":"FotowettbewerbTitel","src":"https:\/\/i0.wp.com\/wp.steenkamper.de\/wp-content\/uploads\/2017\/07\/FotowettbewerbTitel-300x240.jpg?resize=350%2C200","width":350,"height":200},"classes":[]},{"id":276,"url":"https:\/\/www.steenkamper.de\/index.php\/satzung\/","url_meta":{"origin":20,"position":5},"title":"Satzung","author":"Max","date":"16\/12\/2015","format":false,"excerpt":"Satzung ge\u00e4nderte Satzung g\u00fcltig seit der Mitgliederversammlung am 6.4.2022 Pr\u00e4ambel\u00a0 W\u00e4hrend der Bauzeit der Gartenstadt Steenkamp wurde 1920 die Heimst\u00e4ttervereinigung Steenkamp als Organisation der Mieter gegr\u00fcndet. Das gesellige Miteinander zu organisieren und Hilfestellungen aller Art anzubieten, diesen Zielen ist der Verein stets verpflichtet geblieben..\u00a0 \u00a7 1 Name und Sitz\u00a0 Der\u2026","rel":"","context":"\u00c4hnlicher Beitrag","block_context":{"text":"\u00c4hnlicher Beitrag","link":""},"img":{"alt_text":"","src":"","width":0,"height":0},"classes":[]}],"ticketed":false,"_links":{"self":[{"href":"https:\/\/www.steenkamper.de\/index.php\/wp-json\/wp\/v2\/pages\/20","targetHints":{"allow":["GET"]}}],"collection":[{"href":"https:\/\/www.steenkamper.de\/index.php\/wp-json\/wp\/v2\/pages"}],"about":[{"href":"https:\/\/www.steenkamper.de\/index.php\/wp-json\/wp\/v2\/types\/page"}],"author":[{"embeddable":true,"href":"https:\/\/www.steenkamper.de\/index.php\/wp-json\/wp\/v2\/users\/1"}],"replies":[{"embeddable":true,"href":"https:\/\/www.steenkamper.de\/index.php\/wp-json\/wp\/v2\/comments?post=20"}],"version-history":[{"count":7,"href":"https:\/\/www.steenkamper.de\/index.php\/wp-json\/wp\/v2\/pages\/20\/revisions"}],"predecessor-version":[{"id":28515,"href":"https:\/\/www.steenkamper.de\/index.php\/wp-json\/wp\/v2\/pages\/20\/revisions\/28515"}],"wp:attachment":[{"href":"https:\/\/www.steenkamper.de\/index.php\/wp-json\/wp\/v2\/media?parent=20"}],"curies":[{"name":"wp","href":"https:\/\/api.w.org\/{rel}","templated":true}]}}