{"id":1794,"date":"2016-02-26T05:59:38","date_gmt":"2016-02-26T04:59:38","guid":{"rendered":"http:\/\/wp.steenkamper.de\/?page_id=1794"},"modified":"2024-04-16T12:16:55","modified_gmt":"2024-04-16T10:16:55","slug":"willkommens-ag","status":"publish","type":"page","link":"https:\/\/www.steenkamper.de\/index.php\/fluechtlingsarbeit\/willkommens-ag\/","title":{"rendered":"Willkommens AG"},"content":{"rendered":"<p style=\"margin: 0cm 0cm 0pt;\"><strong>Das ist&#8230; <\/strong><\/p>\n<p style=\"margin: 0cm 0cm 0pt;\">Im M\u00e4rz 2017 wird aller Voraussicht nach aus der Erstaufnahme im Albert-Einstein-Ring eine Folgeunterkunft.\u00a0 Das bedeutet, wie auch schon in der Notkestra\u00dfe 25, dass an zwei Tagen in der Woche Menschen aufgenommen werden. Es ist gut m\u00f6glich, dass es wieder solche Aktivit\u00e4ten der Steenkamper\/innen geben wird, der Kontakt l\u00e4uft, Nachfragen an <a href=\"mailto:Andreas.Wachholz@web.de\">Andreas.Wachholz(at)web.de<\/a><\/p>\n<p><strong>Das war &#8230;<br \/>\n<\/strong>Die Belegung der Folgeunterkunft in der Notkestra\u00dfe 25 hatte\u00a0am 19.07.2016 begonnen und wurde Mitte Oktober abgeschlossen. Der Ausschuss Fl\u00fcchtlingsunterst\u00fctzung organisierte von Beginn an\u00a0mit Hilfe von Freiwilligen einen kleinen Empfang f\u00fcr die neuen Bewohner und Bewohnerinnen. Diese Unterst\u00fctzung wurde von den Mitarbeitern\/innen der Einrichtung sehr begr\u00fc\u00dft.<\/p>\n<p style=\"margin: 0cm; margin-bottom: .0001pt;\">Wie sah\u00a0unsere Unterst\u00fctzung aus?\u00a0Es wurde z.B. als Begr\u00fc\u00dfungsgeste Tee, Kaffee und Kekse an den Einzugstagen angeboten, dabei haben viele flei\u00dfige H\u00e4nde mitgeholfen! Alle, die Lust und Zeit hatten, konnten mithelfen, mit den neuen Nachbarn\/innen plaudern und einen <a href=\"https:\/\/www.steenkamper.de\/wp-content\/uploads\/2015\/12\/Fluechtlingshilfe_Steenkamp_Willkommens_Flyer_7_7_2016.pdf\" rel=\"\">Orientierungs- und Begr\u00fc\u00dfungsflyer<\/a> verteilen, der Basisinformationen \u00fcber die n\u00e4here Umgebung bietet.<\/p>\n<p><a href=\"http:\/\/wp.steenkamper.de\/wp-content\/uploads\/2015\/12\/Fluechtlingshilfe_Steenkamp_Willkommens_Flyer_7_7_2016.pdf\" rel=\"attachment wp-att-2414\"><img data-recalc-dims=\"1\" fetchpriority=\"high\" decoding=\"async\" data-attachment-id=\"2414\" data-permalink=\"https:\/\/www.steenkamper.de\/index.php\/fluechtlingsarbeit\/welcome\/\" data-orig-file=\"https:\/\/i0.wp.com\/www.steenkamper.de\/wp-content\/uploads\/2015\/12\/welcome.jpg?fit=1098%2C710&amp;ssl=1\" data-orig-size=\"1098,710\" data-comments-opened=\"1\" data-image-meta=\"{&quot;aperture&quot;:&quot;0&quot;,&quot;credit&quot;:&quot;&quot;,&quot;camera&quot;:&quot;&quot;,&quot;caption&quot;:&quot;&quot;,&quot;created_timestamp&quot;:&quot;0&quot;,&quot;copyright&quot;:&quot;&quot;,&quot;focal_length&quot;:&quot;0&quot;,&quot;iso&quot;:&quot;0&quot;,&quot;shutter_speed&quot;:&quot;0&quot;,&quot;title&quot;:&quot;&quot;,&quot;orientation&quot;:&quot;0&quot;}\" data-image-title=\"welcome\" data-image-description=\"\" data-image-caption=\"\" data-large-file=\"https:\/\/i0.wp.com\/www.steenkamper.de\/wp-content\/uploads\/2015\/12\/welcome.jpg?fit=750%2C485&amp;ssl=1\" class=\"alignnone wp-image-2414 size-medium\" src=\"https:\/\/i0.wp.com\/wp.steenkamper.de\/wp-content\/uploads\/2015\/12\/welcome-300x194.jpg?resize=300%2C194\" alt=\"welcome\" width=\"300\" height=\"194\" srcset=\"https:\/\/i0.wp.com\/www.steenkamper.de\/wp-content\/uploads\/2015\/12\/welcome.jpg?resize=300%2C194&amp;ssl=1 300w, https:\/\/i0.wp.com\/www.steenkamper.de\/wp-content\/uploads\/2015\/12\/welcome.jpg?resize=768%2C497&amp;ssl=1 768w, https:\/\/i0.wp.com\/www.steenkamper.de\/wp-content\/uploads\/2015\/12\/welcome.jpg?resize=1024%2C662&amp;ssl=1 1024w, https:\/\/i0.wp.com\/www.steenkamper.de\/wp-content\/uploads\/2015\/12\/welcome.jpg?resize=500%2C323&amp;ssl=1 500w, https:\/\/i0.wp.com\/www.steenkamper.de\/wp-content\/uploads\/2015\/12\/welcome.jpg?resize=450%2C291&amp;ssl=1 450w, https:\/\/i0.wp.com\/www.steenkamper.de\/wp-content\/uploads\/2015\/12\/welcome.jpg?w=1098&amp;ssl=1 1098w\" sizes=\"(max-width: 300px) 100vw, 300px\" \/><\/a><\/p>\n<p>Die ersten Helfer\/innen hatten aus ihren Erfahrungen\u00a0eine Liste von h\u00e4ufigen Fragen entwickelt (<a href=\"https:\/\/www.steenkamper.de\/wp-content\/uploads\/2015\/12\/InfosHelferNotkestra\u00dfe.pdf\" rel=\"\">InfosHelferNotkestra\u00dfe)<\/a>, mit denen sie konfrontiert wurden: <em>Wie kommt man nach Altona? Wo fahren die Busse ab? Wo kann man Kleidung einkaufen? Gibt es Internet? Wo gibt es die n\u00e4chste M\u00f6glichkeit, schwimmen zu gehen? Wo ist das n\u00e4chste Fitnesscenter? Wo ist der n\u00e4chste Park?\u00a0\u00a0<\/em><\/p>\n<p>Die jeweiligen Willkommentermine konnten\u00a0nur kurzfristig bekanntgegeben werden. Zur Organisation wurde\u00a0Doodle genutzt,\u00a0Informationen verbreiteten wir\u00a0\u00fcber die Website und den Mailverteiler.<br \/>\nDer direkte<strong>\u00a0Kontakt <\/strong>erfolgte \u00fcber: <a href=\"mailto:Andreas.Wachholz@web.de\">Andreas.Wachholz(at)web.de<\/a><br \/>\nAuch f\u00fcr diese Aktivit\u00e4t gab es alle wichtigen Informationen und Absprachen\u00a0auf den\u00a0<strong>Austauschtreffen im Steenkampsaal<\/strong><strong>.\u00a0<\/strong><\/p>\n","protected":false},"excerpt":{"rendered":"<p>Das ist&#8230; Im M\u00e4rz 2017 wird aller Voraussicht nach aus der Erstaufnahme im Albert-Einstein-Ring eine Folgeunterkunft.\u00a0 Das bedeutet, wie auch schon in der Notkestra\u00dfe 25, dass an zwei Tagen in&#8230; <\/p>\n<p><a class=\"teaser-more\" href=\"https:\/\/www.steenkamper.de\/index.php\/fluechtlingsarbeit\/willkommens-ag\/\">weiter lesen<\/a><\/p>\n","protected":false},"author":6,"featured_media":0,"parent":247,"menu_order":0,"comment_status":"closed","ping_status":"closed","template":"","meta":{"_acf_changed":false,"_price":"","_stock":"","_tribe_ticket_header":"","_tribe_default_ticket_provider":"","_tribe_ticket_capacity":"0","_ticket_start_date":"","_ticket_end_date":"","_tribe_ticket_show_description":"","_tribe_ticket_show_not_going":false,"_tribe_ticket_use_global_stock":"","_tribe_ticket_global_stock_level":"","_global_stock_mode":"","_global_stock_cap":"","_tribe_rsvp_for_event":"","_tribe_ticket_going_count":"","_tribe_ticket_not_going_count":"","_tribe_tickets_list":"[]","_tribe_ticket_has_attendee_info_fields":false,"jetpack_post_was_ever_published":false,"footnotes":"","_tec_slr_enabled":"","_tec_slr_layout":""},"class_list":["post-1794","page","type-page","status-publish","hentry"],"acf":[],"jetpack_sharing_enabled":true,"jetpack_shortlink":"https:\/\/wp.me\/P74Wuo-sW","jetpack_likes_enabled":true,"jetpack-related-posts":[{"id":247,"url":"https:\/\/www.steenkamper.de\/index.php\/fluechtlingsarbeit\/","url_meta":{"origin":1794,"position":0},"title":"Ausschuss Fl\u00fcchtlingsunterst\u00fctzung","author":"Max","date":"15\/12\/2015","format":false,"excerpt":"Caf\u00e9 VogelweideDas Caf\u00e9 ist seit April 2022 nach einer l\u00e4ngeren Coronapause wieder aktiv. Alle Steenkamper\/innen sind eingeladen mit neuen Nachbarn\/innen Deutsch zu kl\u00f6nen und zu Tee\/Kaffee\/Kuchen zusammenzusitzen. Kuchenspenden (geschnittene) sind sehr erw\u00fcnscht, um das Buffet zu erweitern. Sie k\u00f6nnen ab 15.00h abgegeben werden. Das Caf\u00e9 findet ab 16.00h bis 17.30h\u2026","rel":"","context":"\u00c4hnlicher Beitrag","block_context":{"text":"\u00c4hnlicher Beitrag","link":""},"img":{"alt_text":"","src":"https:\/\/i0.wp.com\/www.steenkamper.de\/wp-content\/uploads\/2016\/09\/IMG_2805-300x141.png?resize=350%2C200&ssl=1","width":350,"height":200},"classes":[]},{"id":2765,"url":"https:\/\/www.steenkamper.de\/index.php\/help\/","url_meta":{"origin":1794,"position":1},"title":"HELP","author":"Max","date":"02\/11\/2016","format":false,"excerpt":"\u00a0 for REFUGEES HELP \u2013 ein schwarzes Brett f\u00fcr die Steenkamper Fl\u00fcchtlingshilfe Die Onlineplattform \u201eHelp\u201c wurde zum Januar 2018 eingestellt. Die daran gekn\u00fcpften Erwartungen haben sich nicht best\u00e4tigt.\u00a0 In der Unterkunft in der Notkestra\u00dfe 25 wohnen derzeit ca. 650 Gefl\u00fcchtete, davon 170 Kinder, \u00fcberwiegend aus Syrien, Afghanistan, Iran, Irak und\u2026","rel":"","context":"\u00c4hnlicher Beitrag","block_context":{"text":"\u00c4hnlicher Beitrag","link":""},"img":{"alt_text":"img_4712","src":"https:\/\/i0.wp.com\/wp.steenkamper.de\/wp-content\/uploads\/2016\/09\/img_4712-300x163.jpg?resize=350%2C200","width":350,"height":200},"classes":[]},{"id":1799,"url":"https:\/\/www.steenkamper.de\/index.php\/fluechtlingsarbeit\/ag-wlaninternet\/protokoll-10-2-16\/","url_meta":{"origin":1794,"position":2},"title":"Protokoll 10.02.2016","author":"Max","date":"26\/02\/2016","format":false,"excerpt":"Protokoll vom 10.02.2016 Beim dem letzten Treffen der AG im Januar 2016 war Bernd Thielk, Gesch\u00e4ftsf\u00fchrer, willy.tel GmbH zu Gast. Damals wurde vereinbart, dass es unsere Gruppe \u00fcber bereits laufende Gespr\u00e4che mit dem Senat zur Realisierung von WLAN in Fl\u00fcchtlingsunterk\u00fcnften auf dem laufenden h\u00e4lt. Hintergrund ist das Vorhaben des Zentralen\u2026","rel":"","context":"\u00c4hnlicher Beitrag","block_context":{"text":"\u00c4hnlicher Beitrag","link":""},"img":{"alt_text":"","src":"","width":0,"height":0},"classes":[]},{"id":3374,"url":"https:\/\/www.steenkamper.de\/index.php\/fluechtlingsarbeit\/fluechtlings-ags\/","url_meta":{"origin":1794,"position":3},"title":"Fl\u00fcchtlings AGs","author":"Max","date":"14\/02\/2017","format":false,"excerpt":"Ausschuss Fl\u00fcchtlingsunterst\u00fctzung Steenkamp: Friederike Petrelli: 040 31790366 Gertrud Krapp: 040 8005165 Friedhelm Moggert-K\u00e4geler: 0160 99165211 Aktiv Caf\u00e9 \"Vogelweide\" Jeden letzten Sonntag treffen sich alte und neue Nachbar\/innen im Steenkampsaal bei Kaffee und Kuchen... weiterlesen Archiv Deutschkiosk, ein Angebor f\u00fcr gefl\u00fcchtete Menschen aus der Ukraine Juni 2023 - Oktober 2023, Deutschkurse\u2026","rel":"","context":"\u00c4hnlicher Beitrag","block_context":{"text":"\u00c4hnlicher Beitrag","link":""},"img":{"alt_text":"","src":"","width":0,"height":0},"classes":[]},{"id":1641,"url":"https:\/\/www.steenkamper.de\/index.php\/fluechtlingsarbeit\/ag-wlaninternet\/protokolle-ag-wlaninternet\/","url_meta":{"origin":1794,"position":4},"title":"Protokoll 13.1.16","author":"Max","date":"13\/02\/2016","format":false,"excerpt":"Fl\u00fcchtlingsunterst\u00fctzungs-Treffen am 13.01.2016 im Steenkampsaal AG WLAN\/Internet G\u00e4ste Bernd Thielk, Gesch\u00e4ftsf\u00fchrer, willy.tel GmbH Torsten Grube, F\u00f6rdern und Wohnen, Planer\/Betreiber der Unterkunft Thomas Zoufal, Desy, Pressesprecher Mit den G\u00e4sten wurden die technischen M\u00f6glichkeiten zur Bereitstellung von Internetzug\u00e4ngen bzw. WLAN er\u00f6rtert. Es wurde deutlich, dass es erforderlich sein wird eine geeignete Infrastruktur\u2026","rel":"","context":"\u00c4hnlicher Beitrag","block_context":{"text":"\u00c4hnlicher Beitrag","link":""},"img":{"alt_text":"","src":"","width":0,"height":0},"classes":[]},{"id":17778,"url":"https:\/\/www.steenkamper.de\/index.php\/science-city-bahrenfeld\/","url_meta":{"origin":1794,"position":5},"title":"Science City Bahrenfeld","author":"Max","date":"31\/12\/2021","format":false,"excerpt":"Ausschuss \u201eScience City und die Steenkampsiedlung\"Kontakt: Alexander SchwertnerEbertallee 187\u00a0 Email:\u00a0alschwert(at)gmx.de siehe \u201eDer Steenkamper\u201c Ausgabe 1\/2024 Seite 24&25 aus der Mitgliederzeitung \u201eDer Steenkamper\u201c Ausgabe 2\/2022 Seite 18 Bitte nutzt die Kommentarfunktion (unten) um wichtige Punkte noch zu erg\u00e4nzen!Damit unsere Steenkamper-Interessen mit in die Planungen einflie\u00dfen k\u00f6nnen, soll demn\u00e4chst ein Positionspapier an\u2026","rel":"","context":"Mit 1 Kommentar","block_context":{"text":"Mit 1 Kommentar","link":"https:\/\/www.steenkamper.de\/index.php\/science-city-bahrenfeld\/#comments"},"img":{"alt_text":"","src":"https:\/\/i0.wp.com\/www.steenkamper.de\/wp-content\/uploads\/2024\/01\/AusschussScienCity.png?resize=350%2C200&ssl=1","width":350,"height":200,"srcset":"https:\/\/i0.wp.com\/www.steenkamper.de\/wp-content\/uploads\/2024\/01\/AusschussScienCity.png?resize=350%2C200&ssl=1 1x, https:\/\/i0.wp.com\/www.steenkamper.de\/wp-content\/uploads\/2024\/01\/AusschussScienCity.png?resize=525%2C300&ssl=1 1.5x, https:\/\/i0.wp.com\/www.steenkamper.de\/wp-content\/uploads\/2024\/01\/AusschussScienCity.png?resize=700%2C400&ssl=1 2x, https:\/\/i0.wp.com\/www.steenkamper.de\/wp-content\/uploads\/2024\/01\/AusschussScienCity.png?resize=1050%2C600&ssl=1 3x, https:\/\/i0.wp.com\/www.steenkamper.de\/wp-content\/uploads\/2024\/01\/AusschussScienCity.png?resize=1400%2C800&ssl=1 4x"},"classes":[]}],"ticketed":false,"_links":{"self":[{"href":"https:\/\/www.steenkamper.de\/index.php\/wp-json\/wp\/v2\/pages\/1794","targetHints":{"allow":["GET"]}}],"collection":[{"href":"https:\/\/www.steenkamper.de\/index.php\/wp-json\/wp\/v2\/pages"}],"about":[{"href":"https:\/\/www.steenkamper.de\/index.php\/wp-json\/wp\/v2\/types\/page"}],"author":[{"embeddable":true,"href":"https:\/\/www.steenkamper.de\/index.php\/wp-json\/wp\/v2\/users\/6"}],"replies":[{"embeddable":true,"href":"https:\/\/www.steenkamper.de\/index.php\/wp-json\/wp\/v2\/comments?post=1794"}],"version-history":[{"count":18,"href":"https:\/\/www.steenkamper.de\/index.php\/wp-json\/wp\/v2\/pages\/1794\/revisions"}],"predecessor-version":[{"id":27512,"href":"https:\/\/www.steenkamper.de\/index.php\/wp-json\/wp\/v2\/pages\/1794\/revisions\/27512"}],"up":[{"embeddable":true,"href":"https:\/\/www.steenkamper.de\/index.php\/wp-json\/wp\/v2\/pages\/247"}],"wp:attachment":[{"href":"https:\/\/www.steenkamper.de\/index.php\/wp-json\/wp\/v2\/media?parent=1794"}],"curies":[{"name":"wp","href":"https:\/\/api.w.org\/{rel}","templated":true}]}}