{"id":1792,"date":"2016-02-26T05:55:11","date_gmt":"2016-02-26T04:55:11","guid":{"rendered":"http:\/\/wp.steenkamper.de\/?page_id=1792"},"modified":"2017-01-12T23:17:36","modified_gmt":"2017-01-12T22:17:36","slug":"angebote-fuer-jugendliche","status":"publish","type":"page","link":"https:\/\/www.steenkamper.de\/index.php\/fluechtlingsarbeit\/angebote-fuer-jugendliche\/","title":{"rendered":"Angebote f\u00fcr Jugendliche"},"content":{"rendered":"<p>Informationen &#8211; <strong>F\u00f6rderangebote f\u00fcr Jugendliche<\/strong> *<br \/>\nHamburger Berufsbildungsatlas<\/p>\n<p>Speziell f\u00fcr die Zielgruppe\u00a0der Jugendlichen\u00a0wurden auf <a href=\"http:\/\/www.ichblickdurch.de\/\" target=\"_blank\">http:\/\/www.ichblickdurch.de\/<\/a> die bestehenden Beratungs-, Orientierungs- und Qualifizierungsprojekte um neue Angebote erweitert und aktuell gehalten.<br \/>\n(Schneller Zugang zu \u00fcber\u00a0Auswahlm\u00f6glichkeit \u201eJugendliche mit Fluchthintergrund (U25)\u201c )<\/p>\n<p>Bei Jugendlichen mit Fluchthintergrund entscheidet neben anderen F\u00f6rderkriterien der Aufenthaltsstatus \u2013 Gestattung, Duldung oder Aufenthaltserlaubnis \u2013 \u00fcber den Zugang zu qualifizierenden und\/oder ausbildungsvorbereitenden Ma\u00dfnahmen, Ausbildung und ausbildungsbegleitender F\u00f6rderung. In den Beschreibungstexten der Angebote speziell f\u00fcr diese Zielgruppe sind immer genaue Angaben zu den Teilnahmevoraussetzungen (Alter, Aufenthaltsstatus, Sprachniveau sowie weitere Zugangsvoraussetzungen) aufgef\u00fchrt. Der Zugang zu anderen Ma\u00dfnahmen, die auf <a href=\"http:\/\/www.ichblickdurch.de\/\" target=\"_blank\">http:\/\/www.ichblickdurch.de\/<\/a> aufgef\u00fchrt sind, ist f\u00fcr die genannte Zielgruppe ebenfalls m\u00f6glich, wenn die (aufenthalts)rechtlichen Grundlagen und Voraussetzungen gegeben sind. Eine umfassende Beratung erfolgt in der Jugendberufsagentur.<\/p>\n<ul>\n<li>Informationen der KWB &#8211; Koordinierungsstelle Weiterbildung und Besch\u00e4ftigung e.V., SfK, Sekretariat f\u00fcr Koordination (Stand 2016-08-02)<\/li>\n<\/ul>\n<p><strong>Ausschuss Fl\u00fcchtlingsunterst\u00fctzung<\/strong> <strong>Steenkamp<\/strong><br \/>\n<a href=\"steenkamp.fluechtlinge@yahoo.de\" target=\"_blank\">steenkamp.fluechtlinge(at)yahoo.de<\/a><br \/>\nFriederike Petrelli: 040 31790366<br \/>\nLars Kohlmorgen: 040 43253416<\/p>\n","protected":false},"excerpt":{"rendered":"<p>Informationen &#8211; F\u00f6rderangebote f\u00fcr Jugendliche * Hamburger Berufsbildungsatlas Speziell f\u00fcr die Zielgruppe\u00a0der Jugendlichen\u00a0wurden auf http:\/\/www.ichblickdurch.de\/ die bestehenden Beratungs-, Orientierungs- und Qualifizierungsprojekte um neue Angebote erweitert und aktuell gehalten. (Schneller Zugang&#8230; <\/p>\n<p><a class=\"teaser-more\" href=\"https:\/\/www.steenkamper.de\/index.php\/fluechtlingsarbeit\/angebote-fuer-jugendliche\/\">weiter lesen<\/a><\/p>\n","protected":false},"author":6,"featured_media":0,"parent":247,"menu_order":0,"comment_status":"closed","ping_status":"closed","template":"","meta":{"_acf_changed":false,"_price":"","_stock":"","_tribe_ticket_header":"","_tribe_default_ticket_provider":"","_tribe_ticket_capacity":"0","_ticket_start_date":"","_ticket_end_date":"","_tribe_ticket_show_description":"","_tribe_ticket_show_not_going":false,"_tribe_ticket_use_global_stock":"","_tribe_ticket_global_stock_level":"","_global_stock_mode":"","_global_stock_cap":"","_tribe_rsvp_for_event":"","_tribe_ticket_going_count":"","_tribe_ticket_not_going_count":"","_tribe_tickets_list":"[]","_tribe_ticket_has_attendee_info_fields":false,"jetpack_post_was_ever_published":false,"footnotes":"","_tec_slr_enabled":"","_tec_slr_layout":""},"class_list":["post-1792","page","type-page","status-publish","hentry"],"acf":[],"jetpack_sharing_enabled":true,"jetpack_shortlink":"https:\/\/wp.me\/P74Wuo-sU","jetpack_likes_enabled":true,"jetpack-related-posts":[{"id":3374,"url":"https:\/\/www.steenkamper.de\/index.php\/fluechtlingsarbeit\/fluechtlings-ags\/","url_meta":{"origin":1792,"position":0},"title":"Fl\u00fcchtlings AGs","author":"Max","date":"14\/02\/2017","format":false,"excerpt":"Ausschuss Fl\u00fcchtlingsunterst\u00fctzung Steenkamp: Friederike Petrelli: 040 31790366 Gertrud Krapp: 040 8005165 Friedhelm Moggert-K\u00e4geler: 0160 99165211 Aktiv Caf\u00e9 \"Vogelweide\" Jeden letzten Sonntag treffen sich alte und neue Nachbar\/innen im Steenkampsaal bei Kaffee und Kuchen... weiterlesen Archiv Deutschkiosk, ein Angebor f\u00fcr gefl\u00fcchtete Menschen aus der Ukraine Juni 2023 - Oktober 2023, Deutschkurse\u2026","rel":"","context":"\u00c4hnlicher Beitrag","block_context":{"text":"\u00c4hnlicher Beitrag","link":""},"img":{"alt_text":"","src":"","width":0,"height":0},"classes":[]},{"id":247,"url":"https:\/\/www.steenkamper.de\/index.php\/fluechtlingsarbeit\/","url_meta":{"origin":1792,"position":1},"title":"Ausschuss Fl\u00fcchtlingsunterst\u00fctzung","author":"Max","date":"15\/12\/2015","format":false,"excerpt":"Caf\u00e9 VogelweideDas Caf\u00e9 ist seit April 2022 nach einer l\u00e4ngeren Coronapause wieder aktiv. Alle Steenkamper\/innen sind eingeladen mit neuen Nachbarn\/innen Deutsch zu kl\u00f6nen und zu Tee\/Kaffee\/Kuchen zusammenzusitzen. Kuchenspenden (geschnittene) sind sehr erw\u00fcnscht, um das Buffet zu erweitern. Sie k\u00f6nnen ab 15.00h abgegeben werden. Das Caf\u00e9 findet ab 16.00h bis 17.30h\u2026","rel":"","context":"\u00c4hnlicher Beitrag","block_context":{"text":"\u00c4hnlicher Beitrag","link":""},"img":{"alt_text":"","src":"https:\/\/i0.wp.com\/www.steenkamper.de\/wp-content\/uploads\/2016\/09\/IMG_2805-300x141.png?resize=350%2C200&ssl=1","width":350,"height":200},"classes":[]},{"id":1788,"url":"https:\/\/www.steenkamper.de\/index.php\/fluechtlingsarbeit\/angebote-fuer-frauen\/","url_meta":{"origin":1792,"position":2},"title":"Nachbarinnentreff","author":"Gertrud Krapp","date":"26\/02\/2016","format":false,"excerpt":"sagt Tsch\u00fcss! Wiedersehen mit und im und vom Nachbarinnentreff. Am 07. August 2020 um 11:00 Uhr war es noch einmal soweit. Die T\u00fcren des Steenkampsaales gingen wieder und noch einmal f\u00fcr uns auf.\u00a0 Dieser Termin war gleichzeitig auch der letzte f\u00fcr das Nachbarinnentreffen. Damit sagte das Team vom Nachbarinnentreff \"Tsch\u00fcs\".\u2026","rel":"","context":"\u00c4hnlicher Beitrag","block_context":{"text":"\u00c4hnlicher Beitrag","link":""},"img":{"alt_text":"Unser Platz zum Kl\u00f6nen ....","src":"https:\/\/i0.wp.com\/www.steenkamper.de\/wp-content\/uploads\/2017\/10\/fruehst-300x146.jpg?resize=350%2C200&ssl=1","width":350,"height":200},"classes":[]},{"id":3390,"url":"https:\/\/www.steenkamper.de\/index.php\/ideen-plaene\/","url_meta":{"origin":1792,"position":3},"title":"IDEEN &#038; PL\u00c4NE","author":"Max","date":"19\/02\/2017","format":false,"excerpt":"Auf der Zukunftswerkstatt am 18.2.17 sind Ideen und Pl\u00e4ne entstanden. Diese sind hier aufgelistet und k\u00f6nnen kommentiert und\/oder erg\u00e4nzt werden. Zu den einzelnen Ideenfeldern haben sich Arbeitsgruppen gebildet. Ansprechpartner sind jeweils genannt. Wer Interesse hat sich an der Verwirklichung der Vorhaben zu beteiligen meldet sich bitte bei diesen. KULTUR \/\u2026","rel":"","context":"Mit 1 Kommentar","block_context":{"text":"Mit 1 Kommentar","link":"https:\/\/www.steenkamper.de\/index.php\/ideen-plaene\/#comments"},"img":{"alt_text":"","src":"https:\/\/i0.wp.com\/www.steenkamper.de\/wp-content\/uploads\/2016\/01\/DerSteenkamper.jpg?fit=703%2C247&ssl=1&resize=350%2C200","width":350,"height":200,"srcset":"https:\/\/i0.wp.com\/www.steenkamper.de\/wp-content\/uploads\/2016\/01\/DerSteenkamper.jpg?fit=703%2C247&ssl=1&resize=350%2C200 1x, https:\/\/i0.wp.com\/www.steenkamper.de\/wp-content\/uploads\/2016\/01\/DerSteenkamper.jpg?fit=703%2C247&ssl=1&resize=525%2C300 1.5x, https:\/\/i0.wp.com\/www.steenkamper.de\/wp-content\/uploads\/2016\/01\/DerSteenkamper.jpg?fit=703%2C247&ssl=1&resize=700%2C400 2x"},"classes":[]},{"id":1638,"url":"https:\/\/www.steenkamper.de\/index.php\/fluechtlingsarbeit\/ag-wlaninternet\/","url_meta":{"origin":1792,"position":4},"title":"AG WLAN\/Internet","author":"Max","date":"13\/02\/2016","format":false,"excerpt":"Protokolle der Treffen der Fl\u00fcchtlingsunterst\u00fctzung AG: Protokoll 10.2.16\u00a0Protokoll 13.1.16 Die AG WLAN\/Internet stellt Ihre Arbeit\/Ziele vor: Hintergrund: \u00dcbersetzungen, Vorbereitungen von Beh\u00f6rdeng\u00e4ngen, Kontakt \u00fcber soziale Medien zu Verwandten und Freunden sowie das Schreiben von Bewerbungen oder Korrespondenz zu Unternehmen ist heutzutage gr\u00f6\u00dftenteils nur noch \u00fcber den Zugang zum Internet m\u00f6glich. Um\u2026","rel":"","context":"\u00c4hnlicher Beitrag","block_context":{"text":"\u00c4hnlicher Beitrag","link":""},"img":{"alt_text":"","src":"","width":0,"height":0},"classes":[]},{"id":2380,"url":"https:\/\/www.steenkamper.de\/index.php\/sport-ag\/","url_meta":{"origin":1792,"position":5},"title":"Sport-AG","author":"Max","date":"09\/08\/2016","format":false,"excerpt":"Informationen \u2013 Sportangebote Auf der mehrsprachigen Internetplattform* \u201eWillkommen im Sport\u201c sind Angebote f\u00fcr Gefl\u00fcchtete eingestellt. Dort k\u00f6nnen Angebote nach Bezirk, Sportart, Verein und Altersgruppe gesucht und gefunden werden. http:\/\/www.willkommen-im-sport.de\/ Auf einem \u201eSportmarkt\u201c, k\u00f6nnen Gesuche nach und Angebote von \u00dcbungsleitern\/innen usw. eingestellt werden. *Initiative des Bundesprogramms \u201eIntegration durch Sport\u201c\/Hamburger Sportbund e.V.,\u2026","rel":"","context":"\u00c4hnlicher Beitrag","block_context":{"text":"\u00c4hnlicher Beitrag","link":""},"img":{"alt_text":"web_sport","src":"https:\/\/i0.wp.com\/wp.steenkamper.de\/wp-content\/uploads\/2016\/08\/web_sport-300x203.png?resize=350%2C200","width":350,"height":200},"classes":[]}],"ticketed":false,"_links":{"self":[{"href":"https:\/\/www.steenkamper.de\/index.php\/wp-json\/wp\/v2\/pages\/1792","targetHints":{"allow":["GET"]}}],"collection":[{"href":"https:\/\/www.steenkamper.de\/index.php\/wp-json\/wp\/v2\/pages"}],"about":[{"href":"https:\/\/www.steenkamper.de\/index.php\/wp-json\/wp\/v2\/types\/page"}],"author":[{"embeddable":true,"href":"https:\/\/www.steenkamper.de\/index.php\/wp-json\/wp\/v2\/users\/6"}],"replies":[{"embeddable":true,"href":"https:\/\/www.steenkamper.de\/index.php\/wp-json\/wp\/v2\/comments?post=1792"}],"version-history":[{"count":6,"href":"https:\/\/www.steenkamper.de\/index.php\/wp-json\/wp\/v2\/pages\/1792\/revisions"}],"predecessor-version":[{"id":3162,"href":"https:\/\/www.steenkamper.de\/index.php\/wp-json\/wp\/v2\/pages\/1792\/revisions\/3162"}],"up":[{"embeddable":true,"href":"https:\/\/www.steenkamper.de\/index.php\/wp-json\/wp\/v2\/pages\/247"}],"wp:attachment":[{"href":"https:\/\/www.steenkamper.de\/index.php\/wp-json\/wp\/v2\/media?parent=1792"}],"curies":[{"name":"wp","href":"https:\/\/api.w.org\/{rel}","templated":true}]}}