{"id":1788,"date":"2016-02-26T05:52:24","date_gmt":"2016-02-26T04:52:24","guid":{"rendered":"http:\/\/wp.steenkamper.de\/?page_id=1788"},"modified":"2024-04-16T12:12:45","modified_gmt":"2024-04-16T10:12:45","slug":"angebote-fuer-frauen","status":"publish","type":"page","link":"https:\/\/www.steenkamper.de\/index.php\/fluechtlingsarbeit\/angebote-fuer-frauen\/","title":{"rendered":"Nachbarinnentreff"},"content":{"rendered":"<h3 style=\"text-align: left;\"><strong>sagt Tsch\u00fcss!<\/strong><\/h3>\n<p style=\"text-align: left;\">Wiedersehen mit und im und vom Nachbarinnentreff. Am 07. August 2020 um 11:00 Uhr war es noch einmal soweit. Die T\u00fcren des Steenkampsaales gingen wieder und noch einmal f\u00fcr uns auf.\u00a0 Dieser Termin war gleichzeitig auch der letzte f\u00fcr das Nachbarinnentreffen. <strong>Damit sagte das Team vom Nachbarinnentreff &#8220;Tsch\u00fcs&#8221;.<br \/>\n<\/strong><\/p>\n<p><img data-recalc-dims=\"1\" decoding=\"async\" data-attachment-id=\"5004\" data-permalink=\"https:\/\/www.steenkamper.de\/index.php\/fluechtlingsarbeit\/angebote-fuer-frauen\/fruehst\/\" data-orig-file=\"https:\/\/i0.wp.com\/www.steenkamper.de\/wp-content\/uploads\/2017\/10\/fruehst.jpg?fit=1692%2C822&amp;ssl=1\" data-orig-size=\"1692,822\" data-comments-opened=\"1\" data-image-meta=\"{&quot;aperture&quot;:&quot;4.5&quot;,&quot;credit&quot;:&quot;&quot;,&quot;camera&quot;:&quot;Canon EOS 7D&quot;,&quot;caption&quot;:&quot;&quot;,&quot;created_timestamp&quot;:&quot;1506091355&quot;,&quot;copyright&quot;:&quot;&quot;,&quot;focal_length&quot;:&quot;35&quot;,&quot;iso&quot;:&quot;400&quot;,&quot;shutter_speed&quot;:&quot;0.016666666666667&quot;,&quot;title&quot;:&quot;&quot;,&quot;orientation&quot;:&quot;1&quot;}\" data-image-title=\"fruehst\" data-image-description=\"\" data-image-caption=\"\" data-large-file=\"https:\/\/i0.wp.com\/www.steenkamper.de\/wp-content\/uploads\/2017\/10\/fruehst.jpg?fit=750%2C364&amp;ssl=1\" class=\"aligncenter wp-image-5004 size-medium\" src=\"https:\/\/i0.wp.com\/www.steenkamper.de\/wp-content\/uploads\/2017\/10\/fruehst.jpg?resize=300%2C146&#038;ssl=1\" alt=\"Unser Platz zum Kl\u00f6nen ....\" width=\"300\" height=\"146\" srcset=\"https:\/\/i0.wp.com\/www.steenkamper.de\/wp-content\/uploads\/2017\/10\/fruehst.jpg?resize=300%2C146&amp;ssl=1 300w, https:\/\/i0.wp.com\/www.steenkamper.de\/wp-content\/uploads\/2017\/10\/fruehst.jpg?resize=768%2C373&amp;ssl=1 768w, https:\/\/i0.wp.com\/www.steenkamper.de\/wp-content\/uploads\/2017\/10\/fruehst.jpg?resize=1024%2C497&amp;ssl=1 1024w, https:\/\/i0.wp.com\/www.steenkamper.de\/wp-content\/uploads\/2017\/10\/fruehst.jpg?resize=500%2C243&amp;ssl=1 500w, https:\/\/i0.wp.com\/www.steenkamper.de\/wp-content\/uploads\/2017\/10\/fruehst.jpg?resize=450%2C219&amp;ssl=1 450w, https:\/\/i0.wp.com\/www.steenkamper.de\/wp-content\/uploads\/2017\/10\/fruehst.jpg?w=1692&amp;ssl=1 1692w, https:\/\/i0.wp.com\/www.steenkamper.de\/wp-content\/uploads\/2017\/10\/fruehst.jpg?w=1500&amp;ssl=1 1500w\" sizes=\"(max-width: 300px) 100vw, 300px\" \/><\/p>\n<p><strong>Historie&#8217;<br \/>\n<\/strong>Das <strong>Angebot<\/strong> f\u00fcr die Nachbarinnen der Notkestr. 25 startete <strong>am 09. September 2016<\/strong> im Steenkampsaal. Seit diesem Zeitpunkt fanden die Treffen vierzehnt\u00e4gig jeweils von 10:00 bis etwa 12:30 Uhr statt. Falls n\u00f6tig, war f\u00fcr Kinderbetreuung gesorgt. Neu hinzugekommen war im April 2017 die Erweiterung des Angebots f\u00fcr die Frauen im Albert-Einstein-Ring. F\u00fcr die jeweiligen Treffen lud eine Vorbereitungsgruppe mit einem Flyer in verschiedenen Sprachen ein und kooperierte mit der Einrichtung vor Ort. Im M\u00e4rz 2020 endeten die Angebote zun\u00e4chst pandemiebedingt. Als es im August 2020 m\u00f6glich war, wieder Treffen zu anzubieten, hatten sich die Rahmenbdigungen infolge der l\u00e4ngeren Pause\u00a0 stark ver\u00e4ndert und der Nachbarinnentreff musste eingestellt werden.<\/p>\n<p><img data-recalc-dims=\"1\" fetchpriority=\"high\" decoding=\"async\" data-attachment-id=\"9343\" data-permalink=\"https:\/\/www.steenkamper.de\/index.php\/fluechtlingsarbeit\/angebote-fuer-frauen\/20180624_152704\/\" data-orig-file=\"https:\/\/i0.wp.com\/www.steenkamper.de\/wp-content\/uploads\/2019\/11\/20180624_152704.jpg?fit=1118%2C856&amp;ssl=1\" data-orig-size=\"1118,856\" data-comments-opened=\"1\" data-image-meta=\"{&quot;aperture&quot;:&quot;1.9&quot;,&quot;credit&quot;:&quot;&quot;,&quot;camera&quot;:&quot;SM-A520F&quot;,&quot;caption&quot;:&quot;&quot;,&quot;created_timestamp&quot;:&quot;1527748135&quot;,&quot;copyright&quot;:&quot;&quot;,&quot;focal_length&quot;:&quot;3.6&quot;,&quot;iso&quot;:&quot;40&quot;,&quot;shutter_speed&quot;:&quot;0.0065789473684211&quot;,&quot;title&quot;:&quot;&quot;,&quot;orientation&quot;:&quot;0&quot;}\" data-image-title=\"20180624_152704\" data-image-description=\"\" data-image-caption=\"\" data-large-file=\"https:\/\/i0.wp.com\/www.steenkamper.de\/wp-content\/uploads\/2019\/11\/20180624_152704.jpg?fit=750%2C574&amp;ssl=1\" class=\"wp-image-9343 alignright\" src=\"https:\/\/i0.wp.com\/www.steenkamper.de\/wp-content\/uploads\/2019\/11\/20180624_152704.jpg?resize=262%2C200&#038;ssl=1\" alt=\"\" width=\"262\" height=\"200\" srcset=\"https:\/\/i0.wp.com\/www.steenkamper.de\/wp-content\/uploads\/2019\/11\/20180624_152704.jpg?resize=300%2C230&amp;ssl=1 300w, https:\/\/i0.wp.com\/www.steenkamper.de\/wp-content\/uploads\/2019\/11\/20180624_152704.jpg?resize=1024%2C784&amp;ssl=1 1024w, https:\/\/i0.wp.com\/www.steenkamper.de\/wp-content\/uploads\/2019\/11\/20180624_152704.jpg?resize=768%2C588&amp;ssl=1 768w, https:\/\/i0.wp.com\/www.steenkamper.de\/wp-content\/uploads\/2019\/11\/20180624_152704.jpg?resize=200%2C153&amp;ssl=1 200w, https:\/\/i0.wp.com\/www.steenkamper.de\/wp-content\/uploads\/2019\/11\/20180624_152704.jpg?resize=500%2C383&amp;ssl=1 500w, https:\/\/i0.wp.com\/www.steenkamper.de\/wp-content\/uploads\/2019\/11\/20180624_152704.jpg?resize=450%2C345&amp;ssl=1 450w, https:\/\/i0.wp.com\/www.steenkamper.de\/wp-content\/uploads\/2019\/11\/20180624_152704.jpg?w=1118&amp;ssl=1 1118w\" sizes=\"(max-width: 262px) 100vw, 262px\" \/><\/p>\n<p>Ein <strong>Beispiel<\/strong> aus den Treffen:<strong>\u00a0 Freundin gesucht!<\/strong> Bei einem Treffen im Sommer 2019 wurde u. a. viel \u00fcber das Thema &#8220;Kommunikation&#8221; diskutiert. Die Frauen, die zurzeit bei uns zu Gast sind, k\u00f6nnen sich schon gut auf Deutsch verst\u00e4ndigen. Sie m\u00f6chten gerne weiterkommen und mehr sprechen, sich unterhalten, diskutieren. Ein Sprachkurs deckt den Wunsch nicht ab, da gibt es feste Zeiten und oft festen Themen. Es geht ihnen aber mehr um eine Freundin, die man mal treffen kann, mit der man telefoniert und schon mal bespricht, was man eben unter Freundinnen so bespricht. Ein Grund ist nat\u00fcrlich auch, dass sie ihr deutsches Umfeld noch besser kennen lernen m\u00f6chten, noch mehr zu verstehen, wie alles funktioniert. Und Shoppengehen, das w\u00e4re auch mal so eine Idee. <strong>Gesucht wird<\/strong>, eine Freundin eben!<\/p>\n<p>Informationen \u00fcber den Nachbarinnentreff erschienen regelm\u00e4\u00dfig in der Ver\u00f6ffentlichung der Heimst\u00e4ttervereinigung Steenkamp e.V.&#8221; <a href=\"https:\/\/www.steenkamper.de\/index.php\/steenkamper-medien\/\">Der STEENKAMPER<\/a>&#8221;<\/p>\n<p>STEENKAMPER 1\/2020 ab S. 21<br \/>\nSTEENKAMPER 2\/2019 ab S. 17<br \/>\nSTEENKAMPER 1\/2019 ab S. 23<br \/>\nSTEENKAMPER 1\/2018 ab S. 20<br \/>\nSTEENKAMPER 2\/2017 ab S. 3<\/p>\n<hr \/>\n<p><strong>\u00a0<\/strong><em>Der Nachbarinnentreff wurde 2017, 2018, 2019 und 2020 aus Mitteln des Bezirksamtes Altona gef\u00f6rdert.<br \/>\n<img data-recalc-dims=\"1\" decoding=\"async\" data-attachment-id=\"3501\" data-permalink=\"https:\/\/www.steenkamper.de\/index.php\/foerderer\/image-8\/\" data-orig-file=\"https:\/\/i0.wp.com\/www.steenkamper.de\/wp-content\/uploads\/2017\/03\/image.jpg?fit=3000%2C775&amp;ssl=1\" data-orig-size=\"3000,775\" data-comments-opened=\"1\" data-image-meta=\"{&quot;aperture&quot;:&quot;0&quot;,&quot;credit&quot;:&quot;&quot;,&quot;camera&quot;:&quot;&quot;,&quot;caption&quot;:&quot;&quot;,&quot;created_timestamp&quot;:&quot;0&quot;,&quot;copyright&quot;:&quot;&quot;,&quot;focal_length&quot;:&quot;0&quot;,&quot;iso&quot;:&quot;0&quot;,&quot;shutter_speed&quot;:&quot;0&quot;,&quot;title&quot;:&quot;&quot;,&quot;orientation&quot;:&quot;1&quot;}\" data-image-title=\"image\" data-image-description=\"\" data-image-caption=\"\" data-large-file=\"https:\/\/i0.wp.com\/www.steenkamper.de\/wp-content\/uploads\/2017\/03\/image.jpg?fit=750%2C194&amp;ssl=1\" class=\"alignnone wp-image-3501\" src=\"https:\/\/i0.wp.com\/wp.steenkamper.de\/wp-content\/uploads\/2017\/03\/image-300x78.jpg?resize=180%2C46\" alt=\"image\" width=\"180\" height=\"46\" srcset=\"https:\/\/i0.wp.com\/www.steenkamper.de\/wp-content\/uploads\/2017\/03\/image.jpg?resize=300%2C78&amp;ssl=1 300w, https:\/\/i0.wp.com\/www.steenkamper.de\/wp-content\/uploads\/2017\/03\/image.jpg?resize=768%2C198&amp;ssl=1 768w, https:\/\/i0.wp.com\/www.steenkamper.de\/wp-content\/uploads\/2017\/03\/image.jpg?resize=1024%2C265&amp;ssl=1 1024w, https:\/\/i0.wp.com\/www.steenkamper.de\/wp-content\/uploads\/2017\/03\/image.jpg?resize=500%2C129&amp;ssl=1 500w, https:\/\/i0.wp.com\/www.steenkamper.de\/wp-content\/uploads\/2017\/03\/image.jpg?resize=450%2C116&amp;ssl=1 450w, https:\/\/i0.wp.com\/www.steenkamper.de\/wp-content\/uploads\/2017\/03\/image.jpg?w=1500&amp;ssl=1 1500w, https:\/\/i0.wp.com\/www.steenkamper.de\/wp-content\/uploads\/2017\/03\/image.jpg?w=2250&amp;ssl=1 2250w\" sizes=\"(max-width: 180px) 100vw, 180px\" \/><img data-recalc-dims=\"1\" loading=\"lazy\" decoding=\"async\" data-attachment-id=\"3110\" data-permalink=\"https:\/\/www.steenkamper.de\/index.php\/fluechtlingsarbeit\/img_5162\/\" data-orig-file=\"https:\/\/i0.wp.com\/www.steenkamper.de\/wp-content\/uploads\/2017\/01\/img_5162.jpg?fit=281%2C356&amp;ssl=1\" data-orig-size=\"281,356\" data-comments-opened=\"1\" data-image-meta=\"{&quot;aperture&quot;:&quot;0&quot;,&quot;credit&quot;:&quot;&quot;,&quot;camera&quot;:&quot;&quot;,&quot;caption&quot;:&quot;&quot;,&quot;created_timestamp&quot;:&quot;0&quot;,&quot;copyright&quot;:&quot;&quot;,&quot;focal_length&quot;:&quot;0&quot;,&quot;iso&quot;:&quot;0&quot;,&quot;shutter_speed&quot;:&quot;0&quot;,&quot;title&quot;:&quot;&quot;,&quot;orientation&quot;:&quot;1&quot;}\" data-image-title=\"img_5162\" data-image-description=\"\" data-image-caption=\"\" data-large-file=\"https:\/\/i0.wp.com\/www.steenkamper.de\/wp-content\/uploads\/2017\/01\/img_5162.jpg?fit=281%2C356&amp;ssl=1\" class=\"alignnone wp-image-3110\" src=\"https:\/\/i0.wp.com\/wp.steenkamper.de\/wp-content\/uploads\/2017\/01\/img_5162.jpg?resize=52%2C66\" alt=\"\" width=\"52\" height=\"66\" srcset=\"https:\/\/i0.wp.com\/www.steenkamper.de\/wp-content\/uploads\/2017\/01\/img_5162.jpg?w=281&amp;ssl=1 281w, https:\/\/i0.wp.com\/www.steenkamper.de\/wp-content\/uploads\/2017\/01\/img_5162.jpg?resize=237%2C300&amp;ssl=1 237w\" sizes=\"(max-width: 52px) 100vw, 52px\" \/><\/em><\/p>\n<hr \/>\n<p><strong>Kontakt<\/strong><br \/>\nAusschuss Fl\u00fcchtlingsunterst\u00fctzung Steenkamp:<br \/>\nGertrud Krapp: 040 8005165<br \/>\nFriederike Petrelli: 040 31790366<br \/>\nFriedhelm Moggert-K\u00e4geler: 0160 99165211<\/p>\n","protected":false},"excerpt":{"rendered":"<p>sagt Tsch\u00fcss! Wiedersehen mit und im und vom Nachbarinnentreff. Am 07. August 2020 um 11:00 Uhr war es noch einmal soweit. Die T\u00fcren des Steenkampsaales gingen wieder und noch einmal&#8230; <\/p>\n<p><a class=\"teaser-more\" href=\"https:\/\/www.steenkamper.de\/index.php\/fluechtlingsarbeit\/angebote-fuer-frauen\/\">weiter lesen<\/a><\/p>\n","protected":false},"author":28,"featured_media":0,"parent":247,"menu_order":0,"comment_status":"closed","ping_status":"closed","template":"","meta":{"_acf_changed":false,"_price":"","_stock":"","_tribe_ticket_header":"","_tribe_default_ticket_provider":"","_tribe_ticket_capacity":"0","_ticket_start_date":"","_ticket_end_date":"","_tribe_ticket_show_description":"","_tribe_ticket_show_not_going":false,"_tribe_ticket_use_global_stock":"","_tribe_ticket_global_stock_level":"","_global_stock_mode":"","_global_stock_cap":"","_tribe_rsvp_for_event":"","_tribe_ticket_going_count":"","_tribe_ticket_not_going_count":"","_tribe_tickets_list":"[]","_tribe_ticket_has_attendee_info_fields":false,"jetpack_post_was_ever_published":false,"footnotes":"","_tec_slr_enabled":"","_tec_slr_layout":""},"class_list":["post-1788","page","type-page","status-publish","hentry"],"acf":[],"jetpack_sharing_enabled":true,"jetpack_shortlink":"https:\/\/wp.me\/P74Wuo-sQ","jetpack_likes_enabled":true,"jetpack-related-posts":[{"id":3374,"url":"https:\/\/www.steenkamper.de\/index.php\/fluechtlingsarbeit\/fluechtlings-ags\/","url_meta":{"origin":1788,"position":0},"title":"Fl\u00fcchtlings AGs","author":"Max","date":"14\/02\/2017","format":false,"excerpt":"Ausschuss Fl\u00fcchtlingsunterst\u00fctzung Steenkamp: Friederike Petrelli: 040 31790366 Gertrud Krapp: 040 8005165 Friedhelm Moggert-K\u00e4geler: 0160 99165211 Aktiv Caf\u00e9 \"Vogelweide\" Jeden letzten Sonntag treffen sich alte und neue Nachbar\/innen im Steenkampsaal bei Kaffee und Kuchen... weiterlesen Archiv Deutschkiosk, ein Angebor f\u00fcr gefl\u00fcchtete Menschen aus der Ukraine Juni 2023 - Oktober 2023, Deutschkurse\u2026","rel":"","context":"\u00c4hnlicher Beitrag","block_context":{"text":"\u00c4hnlicher Beitrag","link":""},"img":{"alt_text":"","src":"","width":0,"height":0},"classes":[]},{"id":485,"url":"https:\/\/www.steenkamper.de\/index.php\/gruppen\/","url_meta":{"origin":1788,"position":1},"title":"Gruppen","author":"admin","date":"18\/12\/2015","format":false,"excerpt":"F\u00fcr die Teilnahme an Gruppenangeboten ist eine Mitgliedschaft in der Heimst\u00e4ttervereinigung erforderlich! Steenkamp-Singers\u00a0Gospelchor\u00a0 Jeden Dienstag ab 19:30h im Steenkampsaal Leitung und Info: Kristiana G\u00e4rtner, Tel. 899 21 88 Kl\u00f6nschnacktreff Jeden ersten Dienstag im Monat ab 16h im Steenkampsaal Kontakt: Inga Lund-Thiele, Tel.: 8991143 Nachbarinnentreff (f\u00fcr Frauen) letztes Treffen war am\u2026","rel":"","context":"\u00c4hnlicher Beitrag","block_context":{"text":"\u00c4hnlicher Beitrag","link":""},"img":{"alt_text":"","src":"","width":0,"height":0},"classes":[]},{"id":247,"url":"https:\/\/www.steenkamper.de\/index.php\/fluechtlingsarbeit\/","url_meta":{"origin":1788,"position":2},"title":"Ausschuss Fl\u00fcchtlingsunterst\u00fctzung","author":"Max","date":"15\/12\/2015","format":false,"excerpt":"Caf\u00e9 VogelweideDas Caf\u00e9 ist seit April 2022 nach einer l\u00e4ngeren Coronapause wieder aktiv. Alle Steenkamper\/innen sind eingeladen mit neuen Nachbarn\/innen Deutsch zu kl\u00f6nen und zu Tee\/Kaffee\/Kuchen zusammenzusitzen. Kuchenspenden (geschnittene) sind sehr erw\u00fcnscht, um das Buffet zu erweitern. Sie k\u00f6nnen ab 15.00h abgegeben werden. Das Caf\u00e9 findet ab 16.00h bis 17.30h\u2026","rel":"","context":"\u00c4hnlicher Beitrag","block_context":{"text":"\u00c4hnlicher Beitrag","link":""},"img":{"alt_text":"","src":"https:\/\/i0.wp.com\/www.steenkamper.de\/wp-content\/uploads\/2016\/09\/IMG_2805-300x141.png?resize=350%2C200&ssl=1","width":350,"height":200},"classes":[]},{"id":7257,"url":"https:\/\/www.steenkamper.de\/index.php\/termine-2018\/","url_meta":{"origin":1788,"position":3},"title":"Termine 2018","author":"Max","date":"11\/11\/2018","format":false,"excerpt":"(Link zu: \"das war 2017\") 2018 \u00a0 Januar 10.1. Ausschusstreffen Fl\u00fcchtlingsausschuss\u00a019.30h 27.1.\u00a0Fl\u00fcchtlingsausschuss\u00a0- Caf\u00e9 \"Vogelweide\" im Steenkampsaal\u00a015-17h diesmal Samstag und \"Tanz-Caf\u00e9\"!\u00a0\u26a0\u00a0SAMSTAG!!! 28.1. Kinderfasching 15h Februar 3.2. Kultursalon 20h 13.2. Puppen Theater\u00a016h 17.2. Zukunftswerkstatt 2018\u00a016-19h 25.2.\u00a0Fl\u00fcchtlingsausschuss\u00a0- Caf\u00e9 \"Vogelweide\" im Steenkampsaal\u00a015-17h M\u00e4rz 3.-18.3. Schulferien\/Osterferien 21.3. Mitgliederversammlung\u00a019h 24.3. Hamburg r\u00e4umt auf 15h 25.3.\u00a0Fl\u00fcchtlingsausschuss\u00a0- Caf\u00e9\u2026","rel":"","context":"\u00c4hnlicher Beitrag","block_context":{"text":"\u00c4hnlicher Beitrag","link":""},"img":{"alt_text":"","src":"","width":0,"height":0},"classes":[]},{"id":9134,"url":"https:\/\/www.steenkamper.de\/index.php\/termine-2019\/","url_meta":{"origin":1788,"position":4},"title":"Termine 2019","author":"Max","date":"11\/11\/2019","format":false,"excerpt":"(Link zu: \"das war 2018\") 2019 Januar20.12.2018 - 4.1.2019 Schulferien8.4. \u00f6ffentliche Vorstandssitzung im Saal 20h16.1. Ausschusstreffen Fl\u00fcchtlingsausschuss\u00a019.30h26.1. H\u00e4ppchen-Salon 20h27.1.\u00a0Caf\u00e9 \"Vogelweide\" im Steenkampsaal\u00a015-17h Februar10.2. Kinderfasching 15h12.2. Puppentheater 16h16.2. AUSR\u00c4UM-AKTION im Saal 11h18.2. \u2013 20.3. wg. Renovierung: Saal GESPERRT!!!\u26a0\ufe0f 24.2. Caf\u00e9 \"Vogelweide\" im Steenkampsaal\u00a015-17hdiesmal in der \"Freien evangelischen Gemeinde\" Kielkamp 49 M\u00e4rz2.-17.3.\u2026","rel":"","context":"\u00c4hnlicher Beitrag","block_context":{"text":"\u00c4hnlicher Beitrag","link":""},"img":{"alt_text":"","src":"","width":0,"height":0},"classes":[]},{"id":5644,"url":"https:\/\/www.steenkamper.de\/index.php\/termine-2017\/","url_meta":{"origin":1788,"position":5},"title":"Termine 2017","author":"Max","date":"27\/12\/2017","format":false,"excerpt":"Januar 22.1.\u00a0Fl\u00fcchtlingshilfe\u00a0- Caf\u00e9 \"Vogelweide\" im Steenkampsaal\u00a015-17h 28.&29.1. Theatergruppe IdeenReich B\u00fchnenkunst \"Meerschaum oder Windsbraut\" 19h Februar 14.2. Puppen Theater\u00a016h 18.2. Zukunftswerkstatt\u00a016-19h 19.2. Kinderfasching\u00a015h im Steenkampsaal 26.2.\u00a0Fl\u00fcchtlingshilfe\u00a0- Caf\u00e9 \"Vogelweide\" im Steenkampsaal\u00a015-17h M\u00e4rz 6.-17.3.\u00a0Fr\u00fchjahrs-\/Ski-Schulferien 25.3.\u00a0Hamburg r\u00e4umt auf Treffpunkt 15h vorm Saal 26.3.\u00a0Fl\u00fcchtlingshilfe\u00a0- Caf\u00e9 \"Vogelweide\" im Steenkampsaal\u00a015-17h April 8.4. \u00a0Steenkampsalon\u00a0ab 20.30h 22.4.\u00a0Fl\u00fcchtlingshilfe\u00a0- Caf\u00e9 \"Vogelweide\"\u2026","rel":"","context":"\u00c4hnlicher Beitrag","block_context":{"text":"\u00c4hnlicher Beitrag","link":""},"img":{"alt_text":"","src":"","width":0,"height":0},"classes":[]}],"ticketed":false,"_links":{"self":[{"href":"https:\/\/www.steenkamper.de\/index.php\/wp-json\/wp\/v2\/pages\/1788","targetHints":{"allow":["GET"]}}],"collection":[{"href":"https:\/\/www.steenkamper.de\/index.php\/wp-json\/wp\/v2\/pages"}],"about":[{"href":"https:\/\/www.steenkamper.de\/index.php\/wp-json\/wp\/v2\/types\/page"}],"author":[{"embeddable":true,"href":"https:\/\/www.steenkamper.de\/index.php\/wp-json\/wp\/v2\/users\/28"}],"replies":[{"embeddable":true,"href":"https:\/\/www.steenkamper.de\/index.php\/wp-json\/wp\/v2\/comments?post=1788"}],"version-history":[{"count":136,"href":"https:\/\/www.steenkamper.de\/index.php\/wp-json\/wp\/v2\/pages\/1788\/revisions"}],"predecessor-version":[{"id":27510,"href":"https:\/\/www.steenkamper.de\/index.php\/wp-json\/wp\/v2\/pages\/1788\/revisions\/27510"}],"up":[{"embeddable":true,"href":"https:\/\/www.steenkamper.de\/index.php\/wp-json\/wp\/v2\/pages\/247"}],"wp:attachment":[{"href":"https:\/\/www.steenkamper.de\/index.php\/wp-json\/wp\/v2\/media?parent=1788"}],"curies":[{"name":"wp","href":"https:\/\/api.w.org\/{rel}","templated":true}]}}