{"id":17778,"date":"2021-12-31T16:25:38","date_gmt":"2021-12-31T15:25:38","guid":{"rendered":"https:\/\/www.steenkamper.de\/?page_id=17778"},"modified":"2024-01-16T14:30:44","modified_gmt":"2024-01-16T13:30:44","slug":"science-city-bahrenfeld","status":"publish","type":"page","link":"https:\/\/www.steenkamper.de\/index.php\/science-city-bahrenfeld\/","title":{"rendered":"Science City Bahrenfeld"},"content":{"rendered":"\n<p><strong>Ausschuss \u201eScience City und die Steenkampsiedlung&#8221;<\/strong><br><br>Kontakt: <br>Alexander Schwertner<br>Ebertallee 187&nbsp; <br>Email:&nbsp;<a href=\"mailto:alschwert@gmx.de\">alschwert(at)gmx.de<\/a><\/p>\n\n\n\n<figure class=\"wp-block-image size-large\"><a href=\"https:\/\/www.magglance.com\/Magazine\/f6f502e9cbb8d25e5571b67bb15f34fb\/white\" target=\"_blank\" rel=\"noopener\"><img data-recalc-dims=\"1\" fetchpriority=\"high\" decoding=\"async\" width=\"750\" height=\"533\" data-attachment-id=\"25475\" data-permalink=\"https:\/\/www.steenkamper.de\/index.php\/science-city-bahrenfeld\/ausschusssciencity\/\" data-orig-file=\"https:\/\/i0.wp.com\/www.steenkamper.de\/wp-content\/uploads\/2024\/01\/AusschussScienCity.png?fit=1708%2C1214&amp;ssl=1\" data-orig-size=\"1708,1214\" data-comments-opened=\"1\" data-image-meta=\"{&quot;aperture&quot;:&quot;0&quot;,&quot;credit&quot;:&quot;&quot;,&quot;camera&quot;:&quot;&quot;,&quot;caption&quot;:&quot;&quot;,&quot;created_timestamp&quot;:&quot;0&quot;,&quot;copyright&quot;:&quot;&quot;,&quot;focal_length&quot;:&quot;0&quot;,&quot;iso&quot;:&quot;0&quot;,&quot;shutter_speed&quot;:&quot;0&quot;,&quot;title&quot;:&quot;&quot;,&quot;orientation&quot;:&quot;0&quot;}\" data-image-title=\"AusschussScienCity\" data-image-description=\"\" data-image-caption=\"\" data-large-file=\"https:\/\/i0.wp.com\/www.steenkamper.de\/wp-content\/uploads\/2024\/01\/AusschussScienCity.png?fit=750%2C533&amp;ssl=1\" src=\"https:\/\/i0.wp.com\/www.steenkamper.de\/wp-content\/uploads\/2024\/01\/AusschussScienCity.png?resize=750%2C533&#038;ssl=1\" alt=\"\" class=\"wp-image-25475\" srcset=\"https:\/\/i0.wp.com\/www.steenkamper.de\/wp-content\/uploads\/2024\/01\/AusschussScienCity.png?resize=1024%2C728&amp;ssl=1 1024w, https:\/\/i0.wp.com\/www.steenkamper.de\/wp-content\/uploads\/2024\/01\/AusschussScienCity.png?resize=300%2C213&amp;ssl=1 300w, https:\/\/i0.wp.com\/www.steenkamper.de\/wp-content\/uploads\/2024\/01\/AusschussScienCity.png?resize=768%2C546&amp;ssl=1 768w, https:\/\/i0.wp.com\/www.steenkamper.de\/wp-content\/uploads\/2024\/01\/AusschussScienCity.png?resize=1536%2C1092&amp;ssl=1 1536w, https:\/\/i0.wp.com\/www.steenkamper.de\/wp-content\/uploads\/2024\/01\/AusschussScienCity.png?resize=450%2C320&amp;ssl=1 450w, https:\/\/i0.wp.com\/www.steenkamper.de\/wp-content\/uploads\/2024\/01\/AusschussScienCity.png?resize=1000%2C711&amp;ssl=1 1000w, https:\/\/i0.wp.com\/www.steenkamper.de\/wp-content\/uploads\/2024\/01\/AusschussScienCity.png?resize=600%2C426&amp;ssl=1 600w, https:\/\/i0.wp.com\/www.steenkamper.de\/wp-content\/uploads\/2024\/01\/AusschussScienCity.png?w=1708&amp;ssl=1 1708w\" sizes=\"(max-width: 750px) 100vw, 750px\" \/><\/a><figcaption class=\"wp-element-caption\"><em>siehe \u201eDer Steenkamper\u201c Ausgabe 1\/2024 Seite 24&amp;25<\/em><\/figcaption><\/figure>\n\n\n\n<hr class=\"wp-block-separator has-alpha-channel-opacity\"\/>\n\n\n\n<figure class=\"wp-block-image size-large is-resized\"><a href=\"https:\/\/www.magglance.com\/Magazine\/0370fc7f9b358cad040637891d2e91ac\/white\" target=\"_blank\" rel=\"noopener\"><img data-recalc-dims=\"1\" decoding=\"async\" data-attachment-id=\"25478\" data-permalink=\"https:\/\/www.steenkamper.de\/index.php\/science-city-bahrenfeld\/positionen\/\" data-orig-file=\"https:\/\/i0.wp.com\/www.steenkamper.de\/wp-content\/uploads\/2024\/01\/Positionen.png?fit=938%2C1322&amp;ssl=1\" data-orig-size=\"938,1322\" data-comments-opened=\"1\" data-image-meta=\"{&quot;aperture&quot;:&quot;0&quot;,&quot;credit&quot;:&quot;&quot;,&quot;camera&quot;:&quot;&quot;,&quot;caption&quot;:&quot;&quot;,&quot;created_timestamp&quot;:&quot;0&quot;,&quot;copyright&quot;:&quot;&quot;,&quot;focal_length&quot;:&quot;0&quot;,&quot;iso&quot;:&quot;0&quot;,&quot;shutter_speed&quot;:&quot;0&quot;,&quot;title&quot;:&quot;&quot;,&quot;orientation&quot;:&quot;0&quot;}\" data-image-title=\"Positionen\" data-image-description=\"\" data-image-caption=\"\" data-large-file=\"https:\/\/i0.wp.com\/www.steenkamper.de\/wp-content\/uploads\/2024\/01\/Positionen.png?fit=727%2C1024&amp;ssl=1\" src=\"https:\/\/i0.wp.com\/www.steenkamper.de\/wp-content\/uploads\/2024\/01\/Positionen.png?resize=308%2C434&#038;ssl=1\" alt=\"\" class=\"wp-image-25478\" width=\"308\" height=\"434\" srcset=\"https:\/\/i0.wp.com\/www.steenkamper.de\/wp-content\/uploads\/2024\/01\/Positionen.png?resize=727%2C1024&amp;ssl=1 727w, https:\/\/i0.wp.com\/www.steenkamper.de\/wp-content\/uploads\/2024\/01\/Positionen.png?resize=213%2C300&amp;ssl=1 213w, https:\/\/i0.wp.com\/www.steenkamper.de\/wp-content\/uploads\/2024\/01\/Positionen.png?resize=768%2C1082&amp;ssl=1 768w, https:\/\/i0.wp.com\/www.steenkamper.de\/wp-content\/uploads\/2024\/01\/Positionen.png?resize=450%2C634&amp;ssl=1 450w, https:\/\/i0.wp.com\/www.steenkamper.de\/wp-content\/uploads\/2024\/01\/Positionen.png?resize=532%2C750&amp;ssl=1 532w, https:\/\/i0.wp.com\/www.steenkamper.de\/wp-content\/uploads\/2024\/01\/Positionen.png?resize=300%2C423&amp;ssl=1 300w, https:\/\/i0.wp.com\/www.steenkamper.de\/wp-content\/uploads\/2024\/01\/Positionen.png?resize=600%2C846&amp;ssl=1 600w, https:\/\/i0.wp.com\/www.steenkamper.de\/wp-content\/uploads\/2024\/01\/Positionen.png?w=938&amp;ssl=1 938w\" sizes=\"(max-width: 308px) 100vw, 308px\" \/><\/a><figcaption class=\"wp-element-caption\"><em>aus der Mitgliederzeitung \u201eDer Steenkamper\u201c Ausgabe 2\/2022 Seite 18<\/em><\/figcaption><\/figure>\n\n\n\n<hr class=\"wp-block-separator has-css-opacity\"\/>\n\n\n\n<p class=\"has-vivid-cyan-blue-color has-text-color\">Bitte nutzt die Kommentarfunktion (unten) um wichtige Punkte noch zu erg\u00e4nzen!<br>Damit unsere Steenkamper-Interessen mit in die Planungen einflie\u00dfen k\u00f6nnen, soll demn\u00e4chst ein Positionspapier an die Planer der Science City Bahrenfeld herausgegeben werden.<\/p>\n\n\n\n<hr class=\"wp-block-separator has-css-opacity\"\/>\n\n\n\n<h4 class=\"has-luminous-vivid-orange-color has-text-color wp-block-heading\"><em><strong>Der neue Nachbar: <\/strong><br><strong>Ideen und Standpunkte aus der Steenkampsiedlung<br>zur Science-City Bahrenfeld<\/strong><\/em><\/h4>\n\n\n\n<p>Mit der Science City Bahrenfeld plant der Senat der Stadt eines der gr\u00f6\u00dften Stadtentwicklungsprojekte Hamburgs direkt neben der Steenkampsiedlung. Grund genug f\u00fcr viele Steenkamper*innen sich zahlreiche Fragen zu stellen und sich mit der eigenen Rolle als Nachbar*in zu besch\u00e4ftigen. Im zweiten Halbjahr 2021 hat die Science City Bahrenfeld GmbH, die die Projektkoordination f\u00fcr die Stadt \u00fcbernimmt, mit der \u00f6ffentlichen B\u00fcrgerbeteiligung begonnen. Auch zahlreiche Steenkamper*innen waren dabei, um ihre Anregungen und Ideen einzubringen. So individuell die Meinungen auch sind, schnell zeigte sich, dass auch die Heimst\u00e4ttervereinigung Steenkamp e. V. als wichtiges Bindeglied fungieren kann und sich fr\u00fchzeitig in die Planungen einbringen will, um die Interessen seiner mehr als 500 Mitglieder zu vertreten.&nbsp;<br><br><strong>Gemeinsame Positionen finden<\/strong><br>Die Herausforderungen ist dabei:<br>1. Wie entwickeln wir gemeinsame Standpunkte, die einen m\u00f6glichst gro\u00dfe Schnittmenge innerhalb der Vereinsmitglieder und der Bewohner haben?&nbsp;<br>2. Wie bringen wir unsere Ideen und Forderungen in die st\u00e4dtebauliche Planung mit ein.&nbsp;<br>Die Idee: eine eigene Zukunftswerkstatt. So geschehen am 23. Oktober 2021. Mehr als 40 Vereinsmitglieder nahmen Teil und setzten sich einen ganzen Nachmittag mit der Science-City auseinander, entwickelten Ideen, setzten Schwerpunkte und diskutierten leidenschaftlich. Im Ergebnis entstand ein erstes Standpunktepapier.<br>Im Zentrum standen dabei:<br>1. Die Integration der Science-City in ihr Umfeld<br>2. Verkehr und Mobilit\u00e4t.<br>3. Die Randbebauung<br>4. Soziale Infrastruktur und Freir\u00e4ume.<br>Von der S-Bahn, \u00fcber Anwohnerparken, Sportpl\u00e4tze, gr\u00fcne Pl\u00e4tze, \u00fcber den Erhalt historischer Geb\u00e4ude entlang der Notkestra\u00dfe bis hin zur Bebauungsdichte der Trabrennbahn kamen zahlreiche Aspekte zusammen. Am wichtigsten war aber der gemeinsame Wille, die zuk\u00fcnftigen Planungen kritisch und konstruktiv zu begleiten.&nbsp;<br><br><strong>Neuer Ausschuss begleitet die st\u00e4dtischen Planungen&nbsp;<\/strong><br>Mehrere Teilnehmer*innen der Zukunftswerkstatt haben sich nun in einem eigenen Ausschuss des Vereins zusammengefunden. Zun\u00e4chst wird hier ein Katalog mit den Kernpositionen der Heimst\u00e4dtervereinigung (Positionspapier) erarbeitet. Welcher dann wiederum auf der Mitgliederversammlung noch einmal vorgelegt wird und dann als Leitfaden f\u00fcr Gespr\u00e4che und Forderungen im weiteren Prozess dienen soll. Denn einen Leitfaden wird es brauchen, um bei einem Planungshorizont von \u00fcber zehn Jahren nicht irgendwann den \u00dcberblick zu verlieren.<br>Parallel dazu beginnen die \u00dcberlegungen in welcher Form, mit welchen Partnern und in welchen Gremien die Steenkamper*innen aktiv werden k\u00f6nnen und m\u00f6chten, um die Science City im Sinne aller heutigen und zuk\u00fcnftigen Bewohner*innen Bahrendfelds zum Erfolg zu machen.&nbsp;<br><br><strong>Sie haben noch Meinungen, Ideen und Anregungen zur Science City Bahrenfeld aus Sicht der Nachbarschaft?<\/strong> Dann&nbsp;<strong>schreiben Sie bis zum 2. Feb.<\/strong>&nbsp;eine Mail an <a href=\"mailto:alschwert@gmx.de\">alschwert(at)gmx.de<\/a> oder benutzen Sie \/ Du die Kommentar Funktion auf der Webseite oder unseren Briefkasten am Steenkampsaal.<br>&nbsp;<br>Der Entwurf des Positionspapiers wird im Vorfeld der Mitgliederversammlung am 6. April rechtzeitig auf unserer Website ver\u00f6ffentlicht.<\/p>\n\n\n\n<p><\/p>\n\n\n\n<hr class=\"wp-block-separator has-css-opacity\"\/>\n\n\n\n<p><\/p>\n\n\n\n<h4 class=\"wp-block-heading\"><strong><em><strong>Ergebniszusammenfassung der Zukunftswerkstatt&nbsp;<\/strong><br><strong>\u201eScience City und Steenkampsiedlung\u201c vom 23.10.2021<\/strong><\/em><\/strong><\/h4>\n\n\n\n<figure class=\"wp-block-image size-large is-resized is-style-default\"><img data-recalc-dims=\"1\" decoding=\"async\" data-attachment-id=\"17023\" data-permalink=\"https:\/\/www.steenkamper.de\/index.php\/2021\/11\/10\/ergebnis-der-zukunftswerkstatt\/img_1577\/\" data-orig-file=\"https:\/\/i0.wp.com\/www.steenkamper.de\/wp-content\/uploads\/2021\/11\/IMG_1577-scaled.jpg?fit=2560%2C1150&amp;ssl=1\" data-orig-size=\"2560,1150\" data-comments-opened=\"1\" data-image-meta=\"{&quot;aperture&quot;:&quot;2.4&quot;,&quot;credit&quot;:&quot;&quot;,&quot;camera&quot;:&quot;iPhone 11&quot;,&quot;caption&quot;:&quot;&quot;,&quot;created_timestamp&quot;:&quot;1635007568&quot;,&quot;copyright&quot;:&quot;&quot;,&quot;focal_length&quot;:&quot;1.54&quot;,&quot;iso&quot;:&quot;640&quot;,&quot;shutter_speed&quot;:&quot;0.02&quot;,&quot;title&quot;:&quot;&quot;,&quot;orientation&quot;:&quot;1&quot;}\" data-image-title=\"Zukunftswerkstatt 2021\" data-image-description=\"\" data-image-caption=\"\" data-large-file=\"https:\/\/i0.wp.com\/www.steenkamper.de\/wp-content\/uploads\/2021\/11\/IMG_1577-scaled.jpg?fit=750%2C337&amp;ssl=1\" src=\"https:\/\/i0.wp.com\/www.steenkamper.de\/wp-content\/uploads\/2021\/11\/IMG_1577.jpg?resize=375%2C168&#038;ssl=1\" alt=\"\" class=\"wp-image-17023\" width=\"375\" height=\"168\" srcset=\"https:\/\/i0.wp.com\/www.steenkamper.de\/wp-content\/uploads\/2021\/11\/IMG_1577-scaled.jpg?resize=1024%2C460&amp;ssl=1 1024w, https:\/\/i0.wp.com\/www.steenkamper.de\/wp-content\/uploads\/2021\/11\/IMG_1577-scaled.jpg?resize=300%2C135&amp;ssl=1 300w, https:\/\/i0.wp.com\/www.steenkamper.de\/wp-content\/uploads\/2021\/11\/IMG_1577-scaled.jpg?resize=768%2C345&amp;ssl=1 768w, https:\/\/i0.wp.com\/www.steenkamper.de\/wp-content\/uploads\/2021\/11\/IMG_1577-scaled.jpg?resize=1536%2C690&amp;ssl=1 1536w, https:\/\/i0.wp.com\/www.steenkamper.de\/wp-content\/uploads\/2021\/11\/IMG_1577-scaled.jpg?resize=2048%2C920&amp;ssl=1 2048w, https:\/\/i0.wp.com\/www.steenkamper.de\/wp-content\/uploads\/2021\/11\/IMG_1577-scaled.jpg?resize=450%2C202&amp;ssl=1 450w, https:\/\/i0.wp.com\/www.steenkamper.de\/wp-content\/uploads\/2021\/11\/IMG_1577-scaled.jpg?resize=1000%2C449&amp;ssl=1 1000w, https:\/\/i0.wp.com\/www.steenkamper.de\/wp-content\/uploads\/2021\/11\/IMG_1577-scaled.jpg?w=2250&amp;ssl=1 2250w\" sizes=\"(max-width: 375px) 100vw, 375px\" \/><figcaption class=\"wp-element-caption\"><em>Zukunftswerkstatt am 23.10.2021 im Steenkampsaal<\/em><\/figcaption><\/figure>\n\n\n\n<p><strong>Hinweise zu weiteren Verfahren<\/strong><\/p>\n\n\n\n<p>Wir sehen es als wichtigen Punkt an, dass wir nicht nur als Hinweisgeber, sondern auch bei den weiteren Entscheidungen eingebunden werden. Insofern sollte mindestens ein Mitglied der Heimst\u00e4ttervereinigung Steenkamp e. V. auch an den Jurysitzungen des st\u00e4dtebaulichen Wettbewerbs als Anwohnervertreter*in mit Stimmrecht eingebunden werden.<\/p>\n\n\n\n<p>Wir sehen ein Problem in den bisher unkoordinierten einzelnen Planungsbausteinen. Ein Masterplan, der auch das neue \u201eUniviertel\u201c umfasst, fehlt bisher. Insofern sollte ein st\u00e4dtebaulicher Wettbewerb auch diese Bereiche umfassen.<\/p>\n\n\n\n<p><strong>Integration ins Umfeld<\/strong><\/p>\n\n\n\n<p>Eine beidseitige \u00d6ffnung und Vernetzung der neuen Quartiere mit dem angrenzenden Vierteln ist gew\u00fcnscht und eine Grundvoraussetzung f\u00fcr die st\u00e4dtebauliche Integration. Das bedeutet, dass neue Konzepte, die in der Science City verwirklicht werden, auch im Verbund mit der Nachbarschaft entstehen sollten. Dies gilt f\u00fcr alternative Energie- (kann die Steenkampsiedlung eingebunden werden?) und Verkehrskonzepte (Anwohnerparken, autofreie Quartiere, Mobility Hubs).<\/p>\n\n\n\n<p>Auch der \u00f6ffentliche Raum sollte einheitlich gedacht werden. In der Steenkampsiedlung k\u00f6nnen Orte wie die Vogelweide oder Am Quickborn interessante Pl\u00e4tze f\u00fcr die neuen Nachbarn sein, wenn sie aufgewertet und integriert gedacht werden. Dies sollte bei der Planung nicht vergessen werden. Andersherum haben alle AnwohnerInnen ein Interesse an einer ansprechenden und ausreichenden sozialen Infrastruktur im Umfeld.<\/p>\n\n\n\n<p>Grunds\u00e4tzlich sollte insbesondere bei der Wohnbebauung der Trabrennbahn auf eine vertr\u00e4gliche Bebauungsdichte und Bauqualit\u00e4t geachtet werden.<\/p>\n\n\n\n<p>Bestehende soziale Einrichtungen und Sportst\u00e4tten wie das Juno und der VAF m\u00fcssen erhalten und \u00fcber die gesamte Planungs- und Bauphase nutzbar bleiben.<\/p>\n\n\n\n<p><strong>Verkehr und Mobilit\u00e4t<\/strong><\/p>\n\n\n\n<p><strong>Vorweg: An jedem der vier Thementische in der Zukunftswerkstatt wurden diese Themen behandelt und deren besondere Ber\u00fccksichtigung gefordert<\/strong><\/p>\n\n\n\n<ol class=\"wp-block-list\">\n<li>Ein ganzheitliches, auf alternative Verkehrsmittel fokussiertes, Verkehrskonzept muss zwingend&nbsp;<strong>vor<\/strong>der weiteren Entwicklung der Science City entwickelt werden. Dabei sind alle angrenzenden Viertel, namentlich auch die Steenkampsiedlung, einzubeziehen. Der Rad- und Fu\u00dfg\u00e4ngerverkehr m\u00fcssen dabei den klaren Vorrang vor dem Autoverkehr bekommen. Die Science City sollte nicht vorrangig \u00fcber den Autoverkehr erschlossen werden.<\/li>\n\n\n\n<li>Als Leitidee sollte gelten, dass die Verkehrsfl\u00e4chen den Menschen zur\u00fcckgegeben werden. Entsprechend sollten Mobilit\u00e4t und Parkfl\u00e4chen geplant werden.<\/li>\n\n\n\n<li><strong>Das neue Quartier muss an die S-Bahn angeschlossen werden. Und zwar im gleichen Zeithorizont wie das Projekt selbst<\/strong>.<\/li>\n\n\n\n<li>Die Notkestra\u00dfe und die Ebertallee sollen verkehrsberuhigt werden. Der Schwerlastverkehr soll umgeleitet werden.<\/li>\n\n\n\n<li>In der Siedlung soll Anwohnerparken eingerichtet werden<\/li>\n\n\n\n<li>Mobility-Hubs oder Quartiersparkh\u00e4user in der Science-City k\u00f6nnten\/ sollten auch f\u00fcr die Steenkampsiedlung nutzbar sein.<\/li>\n<\/ol>\n\n\n\n<p><strong>Randbebauung zwischen Steenkampsiedlung und Science-City<\/strong><\/p>\n\n\n\n<ol class=\"wp-block-list\">\n<li>Die pr\u00e4genden, historischen Bestandsgeb\u00e4ude entlang der Notkestra\u00dfe (Juno, Kaserne) m\u00fcssen erhalten bleiben.<\/li>\n\n\n\n<li>Die Spr\u00fcnge der Geb\u00e4udeh\u00f6hen an der Quartiersgrenze sollten moderat ausfallen.<\/li>\n\n\n\n<li>Die Notkestra\u00dfe mit ihrem Baumbestand muss gesch\u00fctzt werden.<\/li>\n\n\n\n<li>Ein offener, sanfter \u00dcbergang von den alten in die neuen Quartiere und eine beidseitige \u00d6ffnung w\u00e4ren w\u00fcnschenswert.<\/li>\n\n\n\n<li>Vorstellbar ist hier (zumindest in Teilen) auch eine sog. \u201eAktiv-Fl\u00e4che\u201c (vgl. \u201eFreiraum\u201c), die auch in Verbindung mit dem VAF stehen k\u00f6nnte&nbsp;<\/li>\n<\/ol>\n\n\n\n<p><strong>Soziale Infrastruktur und Freiraum<\/strong><\/p>\n\n\n\n<ol class=\"wp-block-list\">\n<li>Die Ebertallee sollte aufgewertet und vom Ebertplatz als gr\u00fcne Achse in den Volkspark gef\u00fchrt werden. Insbesondere ein Fu\u00dfg\u00e4nger\u00fcberweg \u00fcber die Luruper Stra\u00dfe soll f\u00fcr Kinder und Jugendliche den Weg ins neue Quartier und den Volkspark einfach und sicher machen.<\/li>\n\n\n\n<li>Schon jetzt ist die Ausstattung mit Sportst\u00e4tten, guten Spielpl\u00e4tzen und Orten f\u00fcr Kinder und Jugendliche nicht ausreichend. In der Science-City m\u00fcssen daher Orte wie Fu\u00dfball- und Basketballpl\u00e4tze, Spielpl\u00e4tze Skateparks (Vergleichbar mit dem Wilhelmsburger Inselpark) entstehen.&nbsp;<\/li>\n\n\n\n<li>Ein Stadteilzentrum, freie Werkst\u00e4tten, eine B\u00fccherei oder andere soziale Einrichtungen sollten Orte f\u00fcr den Austausch in der Nachbarschaft sichern und allen Bahrenfeldern offenstehen.<\/li>\n\n\n\n<li>Der neue Unicampus sollte in die Planung der sozialen Infrastruktur eingebunden werden, nicht nur die Trabrennbahn mit ihrer Wohnbebauung.<\/li>\n<\/ol>\n","protected":false},"excerpt":{"rendered":"<p>Ausschuss \u201eScience City und die Steenkampsiedlung&#8221; Kontakt: Alexander SchwertnerEbertallee 187&nbsp; Email:&nbsp;alschwert(at)gmx.de Bitte nutzt die Kommentarfunktion (unten) um wichtige Punkte noch zu erg\u00e4nzen!Damit unsere Steenkamper-Interessen mit in die Planungen einflie\u00dfen k\u00f6nnen,&#8230; <\/p>\n<p><a class=\"teaser-more\" href=\"https:\/\/www.steenkamper.de\/index.php\/science-city-bahrenfeld\/\">weiter lesen<\/a><\/p>\n","protected":false},"author":6,"featured_media":0,"parent":0,"menu_order":0,"comment_status":"open","ping_status":"closed","template":"","meta":{"_acf_changed":false,"_price":"","_stock":"","_tribe_ticket_header":"","_tribe_default_ticket_provider":"","_tribe_ticket_capacity":"0","_ticket_start_date":"","_ticket_end_date":"","_tribe_ticket_show_description":"","_tribe_ticket_show_not_going":false,"_tribe_ticket_use_global_stock":"","_tribe_ticket_global_stock_level":"","_global_stock_mode":"","_global_stock_cap":"","_tribe_rsvp_for_event":"","_tribe_ticket_going_count":"","_tribe_ticket_not_going_count":"","_tribe_tickets_list":"[]","_tribe_ticket_has_attendee_info_fields":false,"jetpack_post_was_ever_published":false,"footnotes":"","_tec_slr_enabled":"","_tec_slr_layout":""},"class_list":["post-17778","page","type-page","status-publish","hentry"],"acf":[],"jetpack_sharing_enabled":true,"jetpack_shortlink":"https:\/\/wp.me\/P74Wuo-4CK","jetpack_likes_enabled":true,"jetpack-related-posts":[{"id":16505,"url":"https:\/\/www.steenkamper.de\/index.php\/science-city-bahrenfeld-gremien\/","url_meta":{"origin":17778,"position":0},"title":"Science-City Bahrenfeld &#8211; Gremien","author":"Max","date":"20\/09\/2021","format":false,"excerpt":"\u00dcbersicht \u00fcber Gremien\/ Akteure\/ Beteiligungsformate im Bereich Science-City Bahrenfeld Das Vorhaben Science City ist nicht nur in der Planung sehr komplex. Es ist bereits eine Herausforderung zu verstehen, welche verschiedenen Akteure was machen. Daher geben wir an dieser Stelle eine \u00dcbersicht \u00fcber die uns bekannten Akteure, Gremien und Beteiligungsformate. Die\u2026","rel":"","context":"\u00c4hnlicher Beitrag","block_context":{"text":"\u00c4hnlicher Beitrag","link":""},"img":{"alt_text":"","src":"","width":0,"height":0},"classes":[]},{"id":17809,"url":"https:\/\/www.steenkamper.de\/index.php\/termine-2021\/","url_meta":{"origin":17778,"position":1},"title":"Termine 2021","author":"Max","date":"03\/01\/2022","format":false,"excerpt":"(Link zu: \u201cdas war 2020\u201d) 2021Kinderfasching\u00a0F\u00c4LLT AUS!7.8. Klassisches Nachmittagskonzert \u2013 Einlass: 16h11.8. 2.Forum Bahrenfeld 18h21.8. Stolpersteine Rundgang durch die Steenkampsiedlung 15-17h25.8. Science City\u00a0Werkstatt #1 \u00a0ab 18h31.8. Science City\u00a0Werkstatt #2\u00a0 ab 18h2.9. Science City\u00a0Werkstatt #3\u00a0 ab 18h4.&5.9. Sommerfest \u2013\u00a0f\u00e4llt aus!4.9. privater Flohmarkt ab 14h5.9. Open-Air-Gottesdienst 10h5.9. klassisches Konzert 15h (17h)18.9. Puppentheater\u2026","rel":"","context":"\u00c4hnlicher Beitrag","block_context":{"text":"\u00c4hnlicher Beitrag","link":""},"img":{"alt_text":"","src":"","width":0,"height":0},"classes":[]},{"id":28985,"url":"https:\/\/www.steenkamper.de\/index.php\/termine-2024\/","url_meta":{"origin":17778,"position":2},"title":"Termine-2024","author":"Max","date":"22\/12\/2024","format":false,"excerpt":"(Link zu: \u201cdas war 2023\u201d) 2024\u00a020.1. Kultursalon 20h26.1. Bingo 19h10.2. Puppentheater 14&15.30h10.2. Salon13.2. Puppentheater 16h16.2. Bingo 19h23.2. Quiznights 19h2.3. \u201eHamburg r\u00e4umt auf\u201c 14h7.3. Ausschuss Science City 19h8.3. Kultursalon 20h15.3. Bingo 19h12.4. Bingo 19h13.4. Mitgliederversammlung 16h20.4. Quizabend 19h26.4. Kultursalon (Lesung) 19h30.4. Tanz in den Mai 20h15.5.\u00a0Ausschuss Science City 19.30h17.5. Bingo 19h1.6.\u00a0Science\u2026","rel":"","context":"\u00c4hnlicher Beitrag","block_context":{"text":"\u00c4hnlicher Beitrag","link":""},"img":{"alt_text":"","src":"","width":0,"height":0},"classes":[]},{"id":22081,"url":"https:\/\/www.steenkamper.de\/index.php\/termine-2022\/","url_meta":{"origin":17778,"position":3},"title":"Termine-2022","author":"Max","date":"26\/12\/2022","format":false,"excerpt":"(Link zu: \u201cdas war 2021\u201d) 20226.4. Mitgliederversammlung 19h14.5. Salon3.7. Stadtteilfest auf dem Ebertplatz 11-16h3. & 4.9. Sommerfest19.9.\u00a0Informationsrunde \u201eTempo30 Ebertallee\u201c 18h26.9. Ausschuss Science City Bahrenfeld 19.45h4.11. Kultursalon 19.305.11. Laternenlaufen 19h (18h)3.12. Kultursalon 19.304.12. Adventsbasar 14h","rel":"","context":"\u00c4hnlicher Beitrag","block_context":{"text":"\u00c4hnlicher Beitrag","link":""},"img":{"alt_text":"","src":"","width":0,"height":0},"classes":[]},{"id":25282,"url":"https:\/\/www.steenkamper.de\/index.php\/termine-2023\/","url_meta":{"origin":17778,"position":4},"title":"Termine-2023","author":"Max","date":"03\/01\/2024","format":false,"excerpt":"das war 2022 202320.1. Bingo 19h24.2. Bingo 19h25.2. \u201eHamburg\u00a0r\u00e4umt auf!\u201c 14h1.3. \u201eBahrenfeld auf Trab\u201c 18h11.3.\u00a0Square Dance 15.30h24.3. \u201eHamburger Bauheft\u201c Buchvorstellung 18h31.3. Bingo 19h15.4. \u201eGegenwarts-Werkstatt\u201c 15h26.4. Mitgliederversammlung 19h28.4. Bingo 19h30.4. Tanz in den Mai2.6. Bingo 19h18.6. Steenkampsingers,\u00a0gemeinsames Singen mit Kaffee und Kuchen 15h4.8. Bingo 19h2. & 3.9.\u00a0Sommerfest10.9. Rundgang zu den Stolpersteinen\u2026","rel":"","context":"\u00c4hnlicher Beitrag","block_context":{"text":"\u00c4hnlicher Beitrag","link":""},"img":{"alt_text":"","src":"","width":0,"height":0},"classes":[]},{"id":30784,"url":"https:\/\/www.steenkamper.de\/index.php\/termine-2025\/","url_meta":{"origin":17778,"position":5},"title":"Termine 2025","author":"Max","date":"02\/01\/2026","format":false,"excerpt":"(Link zu: \"das war 2024\") 202511.1. Helfer*innen Aktion Saal ausr\u00e4umen 11-14h2.1. - 21.2.\u00a0Saal gesperrt (Fu\u00dfbodensanierung) \u26d4\ufe0f22.2. Helfer*innen Aktion Saal einr\u00e4umen 11-14h1.3. Hamburg r\u00e4umt auf! 14h4.4. Bingo! 19h5.4. Mitgliederversammlung 16h11.4. Kultursalon \/ Lichtspielabend 19.30h25.4. Quiz-Abend 19h30.4. Tanz in den Mai 20h9.5. Bingo! 19h13.6. Bingo! 19h25.6. Energie-Gruppe Info-Veranstaltung 18h16.7. Ausschuss Science City\u2026","rel":"","context":"\u00c4hnlicher Beitrag","block_context":{"text":"\u00c4hnlicher Beitrag","link":""},"img":{"alt_text":"","src":"","width":0,"height":0},"classes":[]}],"ticketed":false,"_links":{"self":[{"href":"https:\/\/www.steenkamper.de\/index.php\/wp-json\/wp\/v2\/pages\/17778","targetHints":{"allow":["GET"]}}],"collection":[{"href":"https:\/\/www.steenkamper.de\/index.php\/wp-json\/wp\/v2\/pages"}],"about":[{"href":"https:\/\/www.steenkamper.de\/index.php\/wp-json\/wp\/v2\/types\/page"}],"author":[{"embeddable":true,"href":"https:\/\/www.steenkamper.de\/index.php\/wp-json\/wp\/v2\/users\/6"}],"replies":[{"embeddable":true,"href":"https:\/\/www.steenkamper.de\/index.php\/wp-json\/wp\/v2\/comments?post=17778"}],"version-history":[{"count":24,"href":"https:\/\/www.steenkamper.de\/index.php\/wp-json\/wp\/v2\/pages\/17778\/revisions"}],"predecessor-version":[{"id":25483,"href":"https:\/\/www.steenkamper.de\/index.php\/wp-json\/wp\/v2\/pages\/17778\/revisions\/25483"}],"wp:attachment":[{"href":"https:\/\/www.steenkamper.de\/index.php\/wp-json\/wp\/v2\/media?parent=17778"}],"curies":[{"name":"wp","href":"https:\/\/api.w.org\/{rel}","templated":true}]}}