{"id":174,"date":"2015-12-15T12:18:08","date_gmt":"2015-12-15T10:18:08","guid":{"rendered":"https:\/\/steenkamper.wordpress.com\/?page_id=174"},"modified":"2024-08-29T08:08:43","modified_gmt":"2024-08-29T06:08:43","slug":"anzeigenpreise","status":"publish","type":"page","link":"https:\/\/www.steenkamper.de\/index.php\/anzeigenpreise\/","title":{"rendered":"Anzeigenpreise"},"content":{"rendered":"<p><strong>Preisliste f\u00fcr Anzeigen in \u201eDer Steenkamper\u201c<\/strong> (Print)<br \/>\nAuflage:\u00a01.500 St\u00fcck 2x j\u00e4hrlich<\/p>\n<div>\n<p><strong>Neue Preise g\u00fcltig ab Ausgabe 2\/2024<\/strong><br \/>\n\u00bc Seite (43x125mm): \u00a0\u20ac 65 \/ Ausgabe<br \/>\n\u2153 Seite (60x125mm): \u00a0\u20ac 90 \/ Ausgabe<br \/>\n\u00bd Seite (90x125mm):\u00a0 \u20ac\u00a0135 \/ Ausgabe<\/p>\n<\/div>\n<div>\n<p>Anzeigen-Kontakt:<br \/>\nMax Lips<br \/>\nTel.: 040 659 141 32<br \/>\n<a href=\"mailto: steenkamper@lips100.de\">steenkamper(at)lips100.de<\/a><br \/>\n<a href=\"mailto:redaktion@steenkamper.de\">redaktion(at)steenkamper.de<\/a><\/p>\n<p><span style=\"color: #993300;\">Wenn Sie mit einer Anzeige in unserer Mitglieder &amp; Nachbarschaftszeitung &#8220;Der Steenkamper&#8221;\u00a0erscheinen m\u00f6chten,\u00a0melden Sie sich bitte bei\u00a0Max Lips.<br \/>\n<\/span><\/p>\n<p>Gerne gestalten wir Ihnen auch ihre Anzeige mit ihren W\u00fcnschen, Ihrer CI und Ihrem Logo.<\/p>\n<p><i>Stand: Jan. 2024<\/i><\/p>\n<\/div>\n","protected":false},"excerpt":{"rendered":"<p>Preisliste f\u00fcr Anzeigen in \u201eDer Steenkamper\u201c (Print) Auflage:\u00a01.500 St\u00fcck 2x j\u00e4hrlich Neue Preise g\u00fcltig ab Ausgabe 2\/2024 \u00bc Seite (43x125mm): \u00a0\u20ac 65 \/ Ausgabe \u2153 Seite (60x125mm): \u00a0\u20ac 90 \/&#8230; <\/p>\n<p><a class=\"teaser-more\" href=\"https:\/\/www.steenkamper.de\/index.php\/anzeigenpreise\/\">weiter lesen<\/a><\/p>\n","protected":false},"author":1,"featured_media":0,"parent":0,"menu_order":0,"comment_status":"closed","ping_status":"closed","template":"","meta":{"_acf_changed":false,"_price":"","_stock":"","_tribe_ticket_header":"","_tribe_default_ticket_provider":"","_tribe_ticket_capacity":"0","_ticket_start_date":"","_ticket_end_date":"","_tribe_ticket_show_description":"","_tribe_ticket_show_not_going":false,"_tribe_ticket_use_global_stock":"","_tribe_ticket_global_stock_level":"","_global_stock_mode":"","_global_stock_cap":"","_tribe_rsvp_for_event":"","_tribe_ticket_going_count":"","_tribe_ticket_not_going_count":"","_tribe_tickets_list":"[]","_tribe_ticket_has_attendee_info_fields":false,"jetpack_post_was_ever_published":false,"footnotes":"","_tec_slr_enabled":"","_tec_slr_layout":""},"class_list":["post-174","page","type-page","status-publish","hentry"],"acf":[],"jetpack_sharing_enabled":false,"jetpack_shortlink":"https:\/\/wp.me\/P74Wuo-2O","jetpack_likes_enabled":true,"jetpack-related-posts":[{"id":167,"url":"https:\/\/www.steenkamper.de\/index.php\/der-steenkamper\/","url_meta":{"origin":174,"position":0},"title":"Der Steenkamper","author":"admin","date":"15\/12\/2015","format":false,"excerpt":"Zweimal im Jahr gibt die Heimst\u00e4ttervereinigung ihre Mitgliederzeitung mit dem Titel \u201eDer Steenkamper\u201c mit einer Auflage von 1.500 St\u00fcck heraus. Diese wird in der Nachbarschaft kostenlos an alle Haushalte verteilt und liegt auch in verschiedenen Gesch\u00e4ften in der Umgebung aus. Seit 2019 auf Recyclingpapier:\u00a0 Hier der Link zur Helfer*innen-Liste f\u00fcr\u2026","rel":"","context":"\u00c4hnlicher Beitrag","block_context":{"text":"\u00c4hnlicher Beitrag","link":""},"img":{"alt_text":"","src":"https:\/\/i0.wp.com\/www.steenkamper.de\/wp-content\/uploads\/2017\/07\/2_2017-2-e1500232746131-300x172.jpg?resize=350%2C200&ssl=1","width":350,"height":200},"classes":[]},{"id":6750,"url":"https:\/\/www.steenkamper.de\/index.php\/steenkamper-loesungen-2-2018\/","url_meta":{"origin":174,"position":1},"title":"Steenkamper L\u00f6sungen 2\/2018","author":"Max","date":"16\/07\/2018","format":false,"excerpt":"vom Steenkamper-Bilderr\u00e4tsel von Seite 24 Original F\u00e4lschung L\u00f6sungen Mehr zum Saalbild hier aus der\u00a0Ausgabe 2\/2004","rel":"","context":"\u00c4hnlicher Beitrag","block_context":{"text":"\u00c4hnlicher Beitrag","link":""},"img":{"alt_text":"","src":"https:\/\/i0.wp.com\/wp.steenkamper.de\/wp-content\/uploads\/2017\/11\/img_3270-1-1024x488.jpg?resize=350%2C200","width":350,"height":200,"srcset":"https:\/\/i0.wp.com\/wp.steenkamper.de\/wp-content\/uploads\/2017\/11\/img_3270-1-1024x488.jpg?resize=350%2C200 1x, https:\/\/i0.wp.com\/wp.steenkamper.de\/wp-content\/uploads\/2017\/11\/img_3270-1-1024x488.jpg?resize=525%2C300 1.5x"},"classes":[]},{"id":1025,"url":"https:\/\/www.steenkamper.de\/index.php\/siedlungsgeschichten\/","url_meta":{"origin":174,"position":2},"title":"Siedlungsgeschichten","author":"Max","date":"04\/01\/2016","format":false,"excerpt":"\u00a0 Im Steenkamper online Rundgang sind die Siedlungsgeschichten mit ihrem Ort des Geschehens verkn\u00fcpft. Ein bisschen Zeit muss sein! 100 Jahre Ursula (Uschi) Scheibner Louis Cahnbley Stolperstein vor dem Haus im Steenkamp 43 Der Emmichbrunnen im Riemenschneiderstieg von Sebastian Buchholz aus dem Steenkamper 2\/2022 Mit der Strassenbahn zum Steenkamp? von\u2026","rel":"","context":"\u00c4hnlicher Beitrag","block_context":{"text":"\u00c4hnlicher Beitrag","link":""},"img":{"alt_text":"","src":"https:\/\/i0.wp.com\/www.steenkamper.de\/wp-content\/uploads\/2019\/12\/logo-steenkamp-jubilaeum-KLEIN-278x300.png?resize=350%2C200&ssl=1","width":350,"height":200},"classes":[]},{"id":5242,"url":"https:\/\/www.steenkamper.de\/index.php\/steenkamper-medien\/","url_meta":{"origin":174,"position":3},"title":"Steenkamper Medien","author":"Max","date":"16\/11\/2017","format":false,"excerpt":"Mitgliederzeitung,\u00a0Newsletter,\u00a0Webseite,\u00a0Nachbarschaftsplan,\u00a0Festschrift,etc. Mitgliederzeitung \u201eDer Steenkamper\u201c Steenkamper Archiv\u00a0(hier auch die aktuelle Ausgabe) Zweimal j\u00e4hrlich gibt die Heimst\u00e4ttervereinigung eine Mitgliederzeitung mit dem Titel\u201eDer Steenkamper\u201c mit einer Auflage von 1.500 St\u00fcck heraus. In 2016 wurden das redaktionelle Konzept und das Layout durch Fachleute aus der Nachbarschaft ehrenamtlich komplett erneuert. Die Redaktion freut sich \u00fcber\u2026","rel":"","context":"\u00c4hnlicher Beitrag","block_context":{"text":"\u00c4hnlicher Beitrag","link":""},"img":{"alt_text":"","src":"https:\/\/i0.wp.com\/www.steenkamper.de\/wp-content\/uploads\/2021\/02\/Nachbarschaftsplan2021-2-scaled.jpg?resize=350%2C200&ssl=1","width":350,"height":200,"srcset":"https:\/\/i0.wp.com\/www.steenkamper.de\/wp-content\/uploads\/2021\/02\/Nachbarschaftsplan2021-2-scaled.jpg?resize=350%2C200&ssl=1 1x, https:\/\/i0.wp.com\/www.steenkamper.de\/wp-content\/uploads\/2021\/02\/Nachbarschaftsplan2021-2-scaled.jpg?resize=525%2C300&ssl=1 1.5x, https:\/\/i0.wp.com\/www.steenkamper.de\/wp-content\/uploads\/2021\/02\/Nachbarschaftsplan2021-2-scaled.jpg?resize=700%2C400&ssl=1 2x, https:\/\/i0.wp.com\/www.steenkamper.de\/wp-content\/uploads\/2021\/02\/Nachbarschaftsplan2021-2-scaled.jpg?resize=1050%2C600&ssl=1 3x, https:\/\/i0.wp.com\/www.steenkamper.de\/wp-content\/uploads\/2021\/02\/Nachbarschaftsplan2021-2-scaled.jpg?resize=1400%2C800&ssl=1 4x"},"classes":[]},{"id":1410,"url":"https:\/\/www.steenkamper.de\/index.php\/affiliates-werbung\/","url_meta":{"origin":174,"position":4},"title":"Affiliates &#038; Werbung","author":"Max","date":"07\/02\/2016","format":false,"excerpt":"Auf unserer Webseite sind Links und Werbebanner enthalten. Wenn du auf einen Affiliate Link klickst, dann erhalten wir, wenn du z.B. etwas kaufst, eine kleine Provision. F\u00fcr dich \u00e4ndert sich dabei nichts und es fallen auch keine Geb\u00fchren oder \u00e4hnliches an. Wenn du also \u00fcber einen Affiliate Link der Steenkamper\u2026","rel":"","context":"\u00c4hnlicher Beitrag","block_context":{"text":"\u00c4hnlicher Beitrag","link":""},"img":{"alt_text":"","src":"","width":0,"height":0},"classes":[]},{"id":613,"url":"https:\/\/www.steenkamper.de\/index.php\/kontakt\/","url_meta":{"origin":174,"position":5},"title":"Kontakt","author":"admin","date":"22\/12\/2015","format":false,"excerpt":"Heimst\u00e4ttervereinigung Steenkamp e. V.Steenkamp 3722607 Hamburg Vorstandvorstand(at)steenkamper.de(Email Verteiler an alle Vorstandsmitglieder)1. Vorsitzende: Silke Faber 1. Kassiererin\u00a0\u00a0Meike JohannsenTel.: 0177 4463168kasse(at)steenkamper.de IBAN: DE81 200 505 50 107 821 05 13 QR-Code IBAN Heimst\u00e4ttervereinigung Steenkamp e.V. 2. Kassierer & MitgliederangelegenheitenJan Meybekheimstaette(at)meybek.deTel.: 4606 3379 Aussch\u00fcsse \/ AGs\u00a0 regelm\u00e4ssige Gruppen im Steenkampsaal Saalvermietungen\/SaalverwaltungTel. 0176 21065400Claus\u2026","rel":"","context":"\u00c4hnlicher Beitrag","block_context":{"text":"\u00c4hnlicher Beitrag","link":""},"img":{"alt_text":"","src":"https:\/\/i0.wp.com\/www.steenkamper.de\/wp-content\/uploads\/2020\/09\/qrIBAN.jpg?resize=350%2C200&ssl=1","width":350,"height":200,"srcset":"https:\/\/i0.wp.com\/www.steenkamper.de\/wp-content\/uploads\/2020\/09\/qrIBAN.jpg?resize=350%2C200&ssl=1 1x, https:\/\/i0.wp.com\/www.steenkamper.de\/wp-content\/uploads\/2020\/09\/qrIBAN.jpg?resize=525%2C300&ssl=1 1.5x, https:\/\/i0.wp.com\/www.steenkamper.de\/wp-content\/uploads\/2020\/09\/qrIBAN.jpg?resize=700%2C400&ssl=1 2x"},"classes":[]}],"ticketed":false,"_links":{"self":[{"href":"https:\/\/www.steenkamper.de\/index.php\/wp-json\/wp\/v2\/pages\/174","targetHints":{"allow":["GET"]}}],"collection":[{"href":"https:\/\/www.steenkamper.de\/index.php\/wp-json\/wp\/v2\/pages"}],"about":[{"href":"https:\/\/www.steenkamper.de\/index.php\/wp-json\/wp\/v2\/types\/page"}],"author":[{"embeddable":true,"href":"https:\/\/www.steenkamper.de\/index.php\/wp-json\/wp\/v2\/users\/1"}],"replies":[{"embeddable":true,"href":"https:\/\/www.steenkamper.de\/index.php\/wp-json\/wp\/v2\/comments?post=174"}],"version-history":[{"count":28,"href":"https:\/\/www.steenkamper.de\/index.php\/wp-json\/wp\/v2\/pages\/174\/revisions"}],"predecessor-version":[{"id":28630,"href":"https:\/\/www.steenkamper.de\/index.php\/wp-json\/wp\/v2\/pages\/174\/revisions\/28630"}],"wp:attachment":[{"href":"https:\/\/www.steenkamper.de\/index.php\/wp-json\/wp\/v2\/media?parent=174"}],"curies":[{"name":"wp","href":"https:\/\/api.w.org\/{rel}","templated":true}]}}