{"id":17353,"date":"2021-11-23T07:59:30","date_gmt":"2021-11-23T06:59:30","guid":{"rendered":"https:\/\/www.steenkamper.de\/?page_id=17353"},"modified":"2021-11-23T08:09:46","modified_gmt":"2021-11-23T07:09:46","slug":"gaesteliste-ehrengaeste","status":"publish","type":"page","link":"https:\/\/www.steenkamper.de\/index.php\/gaesteliste-ehrengaeste\/","title":{"rendered":"G\u00e4steliste Ehreng\u00e4ste"},"content":{"rendered":"","protected":true},"excerpt":{"rendered":"","protected":true},"author":6,"featured_media":0,"parent":0,"menu_order":0,"comment_status":"closed","ping_status":"closed","template":"","meta":{"_acf_changed":false,"_price":"","_stock":"","_tribe_ticket_header":"","_tribe_default_ticket_provider":"","_tribe_ticket_capacity":"0","_ticket_start_date":"","_ticket_end_date":"","_tribe_ticket_show_description":"","_tribe_ticket_show_not_going":false,"_tribe_ticket_use_global_stock":"","_tribe_ticket_global_stock_level":"","_global_stock_mode":"","_global_stock_cap":"","_tribe_rsvp_for_event":"","_tribe_ticket_going_count":"","_tribe_ticket_not_going_count":"","_tribe_tickets_list":"[]","_tribe_ticket_has_attendee_info_fields":false,"jetpack_post_was_ever_published":false,"footnotes":"","_tec_slr_enabled":"","_tec_slr_layout":""},"class_list":["post-17353","page","type-page","status-publish","post-password-required","hentry"],"acf":[],"jetpack_sharing_enabled":true,"jetpack_shortlink":"https:\/\/wp.me\/P74Wuo-4vT","jetpack_likes_enabled":true,"jetpack-related-posts":[{"id":29497,"url":"https:\/\/www.steenkamper.de\/index.php\/sommerfest-2025-helferinnen-listen\/","url_meta":{"origin":17353,"position":0},"title":"Sommerfest 2025 Helfer*innen-Listen","author":"Max","date":"09\/06\/2025","format":false,"excerpt":"Wir brauchen wieder viele \u201eHelfende H\u00e4nde\u201c f\u00fcr ein tolles Sommerfest! Bitte trage Dich hier f\u00fcr die gew\u00fcnschten Schichten ein.Dieses Jahr ist unsere Helfer*innen-Liste anders organisiert. Wir versuchen es etwas \u00fcbersichtlicher zu gestalten, damit die Anmeldung leichter f\u00e4llt. Eine Abmeldung von einer Schicht \/ einem Dienst ist nat\u00fcrlich auch m\u00f6glich. Gut\u2026","rel":"","context":"\u00c4hnlicher Beitrag","block_context":{"text":"\u00c4hnlicher Beitrag","link":""},"img":{"alt_text":"","src":"https:\/\/i0.wp.com\/www.steenkamper.de\/wp-content\/uploads\/2022\/10\/0987A869-0C20-4A21-A2E9-6232E2C663F5.jpg?fit=1200%2C900&ssl=1&resize=350%2C200","width":350,"height":200,"srcset":"https:\/\/i0.wp.com\/www.steenkamper.de\/wp-content\/uploads\/2022\/10\/0987A869-0C20-4A21-A2E9-6232E2C663F5.jpg?fit=1200%2C900&ssl=1&resize=350%2C200 1x, https:\/\/i0.wp.com\/www.steenkamper.de\/wp-content\/uploads\/2022\/10\/0987A869-0C20-4A21-A2E9-6232E2C663F5.jpg?fit=1200%2C900&ssl=1&resize=525%2C300 1.5x, https:\/\/i0.wp.com\/www.steenkamper.de\/wp-content\/uploads\/2022\/10\/0987A869-0C20-4A21-A2E9-6232E2C663F5.jpg?fit=1200%2C900&ssl=1&resize=700%2C400 2x, https:\/\/i0.wp.com\/www.steenkamper.de\/wp-content\/uploads\/2022\/10\/0987A869-0C20-4A21-A2E9-6232E2C663F5.jpg?fit=1200%2C900&ssl=1&resize=1050%2C600 3x"},"classes":[]},{"id":9093,"url":"https:\/\/www.steenkamper.de\/index.php\/neujahrsempfang-anmeldungen\/","url_meta":{"origin":17353,"position":1},"title":"Neujahrsempfang &#8211; Anmeldungen","author":"Max","date":"04\/11\/2019","format":false,"excerpt":"","rel":"","context":"\u00c4hnlicher Beitrag","block_context":{"text":"\u00c4hnlicher Beitrag","link":""},"img":{"alt_text":"","src":"","width":0,"height":0},"classes":[]},{"id":28318,"url":"https:\/\/www.steenkamper.de\/index.php\/flohmarkt-anmeldung\/","url_meta":{"origin":17353,"position":2},"title":"Flohmarkt Anmeldung","author":"Max","date":"25\/05\/2024","format":false,"excerpt":"Neu: Flohmarkt nur mit Anmeldung Es werden am Mittwoch, den 04.09. 5 zus\u00e4tzliche Pl\u00e4tze freigeschaltet, da es in diesem Jahr keine Feldbahn gibt (Zone R=Reserve, s.u.). Die Zone R befindet sich im Steenkamp ab Hausnummer 39 in Richtung Norden. (Die Zone N zieht auch in diesen Bereich um.) Stand: 4.9.\u2026","rel":"","context":"\u00c4hnlicher Beitrag","block_context":{"text":"\u00c4hnlicher Beitrag","link":""},"img":{"alt_text":"","src":"https:\/\/i0.wp.com\/www.steenkamper.de\/wp-content\/uploads\/2024\/07\/img_2018-1.jpg?fit=750%2C382&ssl=1&resize=350%2C200","width":350,"height":200,"srcset":"https:\/\/i0.wp.com\/www.steenkamper.de\/wp-content\/uploads\/2024\/07\/img_2018-1.jpg?fit=750%2C382&ssl=1&resize=350%2C200 1x, https:\/\/i0.wp.com\/www.steenkamper.de\/wp-content\/uploads\/2024\/07\/img_2018-1.jpg?fit=750%2C382&ssl=1&resize=525%2C300 1.5x, https:\/\/i0.wp.com\/www.steenkamper.de\/wp-content\/uploads\/2024\/07\/img_2018-1.jpg?fit=750%2C382&ssl=1&resize=700%2C400 2x"},"classes":[]},{"id":8994,"url":"https:\/\/www.steenkamper.de\/index.php\/community\/","url_meta":{"origin":17353,"position":3},"title":"Forum","author":"Max","date":"20\/10\/2019","format":false,"excerpt":"DAS STEENKAMPER-FORUM (Eintr\u00e4ge nur sichtbar mit Anmeldung.) Zum anmelden bitte Benutzer-Daten vom Steenkamper \u201elogin\u201c benutzen! oder als Benutzer anmelden:\u00a0neu registrieren (Neuanmeldung ist NICHT automatisiert und dauert einige Tage) Benutzername: \u00a0Vorname Name Passwort: Benutzerkennwort oder auf \"Passwort vergessen\" dr\u00fccken.","rel":"","context":"\u00c4hnlicher Beitrag","block_context":{"text":"\u00c4hnlicher Beitrag","link":""},"img":{"alt_text":"","src":"","width":0,"height":0},"classes":[]},{"id":8413,"url":"https:\/\/www.steenkamper.de\/index.php\/sommerfest-helfer-anmeldung-2019\/","url_meta":{"origin":17353,"position":4},"title":"Sommerfest HELFER Anmeldung 2019","author":"Max","date":"29\/06\/2019","format":false,"excerpt":"Helfer\u00a0f\u00fcr das Sommerfest 2019\u00a0bitte auf \u201ehier anmelden\u201c dr\u00fccken und eintragenoder telefonisch 040 659 141 34 Bitte unbedingt die\u00a0T\u00e4tigkeit\/Hilfe\u00a0im\u00a0Textfeld \u201eAnmerkung\/Kommentar\u201c\u00a0angeben! Dieses Jahr ist mit vielen Besuchen zu rechnen!Letztes Jahr war am Samstag schon der Kuchen aufgegessen, deswegen dieBitte:\u00a0Spendet Kuchen! HELFER Freitag (neu!):F\u00fcr den\u00a0Aufbau der beiden gro\u00dfen Zelte (f\u00fcr die B\u00fchne auf\u2026","rel":"","context":"\u00c4hnlicher Beitrag","block_context":{"text":"\u00c4hnlicher Beitrag","link":""},"img":{"alt_text":"","src":"","width":0,"height":0},"classes":[]},{"id":6716,"url":"https:\/\/www.steenkamper.de\/index.php\/sommerfest-helfer-anmeldung\/","url_meta":{"origin":17353,"position":5},"title":"Sommerfest HELFER Anmeldung","author":"Max","date":"12\/07\/2018","format":false,"excerpt":"Helfer\u00a0f\u00fcr das Sommerfest 2018 bitte auf \"hier anmelden\" dr\u00fccken und eintragen oder telefonisch 040 659 141 34 Bitte unbedingt die T\u00e4tigkeit\/Hilfe im Textfeld \"Anmerkung\/Kommentar\" angeben! Falls die Anmeldung NICHT funktioniert, k\u00f6nnte es an der nicht richtigen URL liegen. (Es gab eine technische Umstellung der Webseite.) Bitte in der Adresszeile im\u2026","rel":"","context":"\u00c4hnlicher Beitrag","block_context":{"text":"\u00c4hnlicher Beitrag","link":""},"img":{"alt_text":"","src":"","width":0,"height":0},"classes":[]}],"ticketed":false,"_links":{"self":[{"href":"https:\/\/www.steenkamper.de\/index.php\/wp-json\/wp\/v2\/pages\/17353","targetHints":{"allow":["GET"]}}],"collection":[{"href":"https:\/\/www.steenkamper.de\/index.php\/wp-json\/wp\/v2\/pages"}],"about":[{"href":"https:\/\/www.steenkamper.de\/index.php\/wp-json\/wp\/v2\/types\/page"}],"author":[{"embeddable":true,"href":"https:\/\/www.steenkamper.de\/index.php\/wp-json\/wp\/v2\/users\/6"}],"replies":[{"embeddable":true,"href":"https:\/\/www.steenkamper.de\/index.php\/wp-json\/wp\/v2\/comments?post=17353"}],"version-history":[{"count":1,"href":"https:\/\/www.steenkamper.de\/index.php\/wp-json\/wp\/v2\/pages\/17353\/revisions"}],"predecessor-version":[{"id":17354,"href":"https:\/\/www.steenkamper.de\/index.php\/wp-json\/wp\/v2\/pages\/17353\/revisions\/17354"}],"wp:attachment":[{"href":"https:\/\/www.steenkamper.de\/index.php\/wp-json\/wp\/v2\/media?parent=17353"}],"curies":[{"name":"wp","href":"https:\/\/api.w.org\/{rel}","templated":true}]}}