{"id":17249,"date":"2021-11-18T18:26:44","date_gmt":"2021-11-18T17:26:44","guid":{"rendered":"https:\/\/www.steenkamper.de\/index.php\/mein-konto\/"},"modified":"2021-11-18T18:26:44","modified_gmt":"2021-11-18T17:26:44","slug":"mein-konto","status":"publish","type":"page","link":"https:\/\/www.steenkamper.de\/index.php\/mein-konto\/","title":{"rendered":"Mein Konto"},"content":{"rendered":"<div class=\"woocommerce\"><\/div>\n","protected":false},"excerpt":{"rendered":"","protected":false},"author":1,"featured_media":0,"parent":0,"menu_order":0,"comment_status":"closed","ping_status":"closed","template":"","meta":{"_acf_changed":false,"site-sidebar-layout":"default","site-content-layout":"","ast-site-content-layout":"default","site-content-style":"default","site-sidebar-style":"default","ast-global-header-display":"","ast-banner-title-visibility":"","ast-main-header-display":"","ast-hfb-above-header-display":"","ast-hfb-below-header-display":"","ast-hfb-mobile-header-display":"","site-post-title":"","ast-breadcrumbs-content":"","ast-featured-img":"","footer-sml-layout":"","ast-disable-related-posts":"","theme-transparent-header-meta":"","adv-header-id-meta":"","stick-header-meta":"","header-above-stick-meta":"","header-main-stick-meta":"","header-below-stick-meta":"","astra-migrate-meta-layouts":"default","ast-page-background-enabled":"default","ast-page-background-meta":{"desktop":{"background-color":"var(--ast-global-color-5)","background-image":"","background-repeat":"repeat","background-position":"center center","background-size":"auto","background-attachment":"scroll","background-type":"","background-media":"","overlay-type":"","overlay-color":"","overlay-opacity":"","overlay-gradient":""},"tablet":{"background-color":"","background-image":"","background-repeat":"repeat","background-position":"center center","background-size":"auto","background-attachment":"scroll","background-type":"","background-media":"","overlay-type":"","overlay-color":"","overlay-opacity":"","overlay-gradient":""},"mobile":{"background-color":"","background-image":"","background-repeat":"repeat","background-position":"center center","background-size":"auto","background-attachment":"scroll","background-type":"","background-media":"","overlay-type":"","overlay-color":"","overlay-opacity":"","overlay-gradient":""}},"ast-content-background-meta":{"desktop":{"background-color":"var(--ast-global-color-4)","background-image":"","background-repeat":"repeat","background-position":"center center","background-size":"auto","background-attachment":"scroll","background-type":"","background-media":"","overlay-type":"","overlay-color":"","overlay-opacity":"","overlay-gradient":""},"tablet":{"background-color":"var(--ast-global-color-4)","background-image":"","background-repeat":"repeat","background-position":"center center","background-size":"auto","background-attachment":"scroll","background-type":"","background-media":"","overlay-type":"","overlay-color":"","overlay-opacity":"","overlay-gradient":""},"mobile":{"background-color":"var(--ast-global-color-4)","background-image":"","background-repeat":"repeat","background-position":"center center","background-size":"auto","background-attachment":"scroll","background-type":"","background-media":"","overlay-type":"","overlay-color":"","overlay-opacity":"","overlay-gradient":""}},"_price":"","_stock":"","_tribe_ticket_header":"","_tribe_default_ticket_provider":"","_tribe_ticket_capacity":"0","_ticket_start_date":"","_ticket_end_date":"","_tribe_ticket_show_description":"","_tribe_ticket_show_not_going":false,"_tribe_ticket_use_global_stock":"","_tribe_ticket_global_stock_level":"","_global_stock_mode":"","_global_stock_cap":"","_tribe_rsvp_for_event":"","_tribe_ticket_going_count":"","_tribe_ticket_not_going_count":"","_tribe_tickets_list":"[]","_tribe_ticket_has_attendee_info_fields":false,"jetpack_post_was_ever_published":false,"footnotes":"","_tec_slr_enabled":"","_tec_slr_layout":""},"class_list":["post-17249","page","type-page","status-publish","hentry"],"acf":[],"jetpack_sharing_enabled":true,"jetpack_shortlink":"https:\/\/wp.me\/P74Wuo-4ud","jetpack_likes_enabled":true,"jetpack-related-posts":[{"id":1275,"url":"https:\/\/www.steenkamper.de\/index.php\/erinnerungen\/","url_meta":{"origin":17249,"position":0},"title":"Erinnerungen","author":"Max","date":"13\/01\/2016","format":false,"excerpt":"Erinnerungen\u00a0von Karin und Horst Henze aus dem Steenkamper Ausgabe 2\/2012 Da ich seit meiner Geburt (1933 ) im B\u00f6kenkamp (damals Sandkamp) lebe, kann ich mich noch gut an die Zeit kurz vor dem zweiten Weltkrieg erinnern. Meine Eltern hatten damals einen Obst- und Gem\u00fcseladen im Sandkamp 76. Mein Vater fuhr\u2026","rel":"","context":"\u00c4hnlicher Beitrag","block_context":{"text":"\u00c4hnlicher Beitrag","link":""},"img":{"alt_text":"handkarren","src":"https:\/\/i0.wp.com\/wp.steenkamper.de\/wp-content\/uploads\/2016\/01\/handkarren-300x198.jpg?resize=350%2C200","width":350,"height":200},"classes":[]},{"id":15278,"url":"https:\/\/www.steenkamper.de\/index.php\/kindheit-in-den-fuenfziger-jahren\/","url_meta":{"origin":17249,"position":1},"title":"Kindheit in den F\u00fcnfziger Jahren","author":"Max","date":"14\/03\/2021","format":false,"excerpt":"aus dem Steenkamper 2\/2020Steenkamp \u2013 Kindheit in den F\u00fcnfziger JahrenDas Haus \u2013 Am Quickborn 1von Elfriede Ziegler, geb. Bangen (geb.30.10.1949) Von der Stra\u00dfe zur Haust\u00fcr ein paar Stufen hoch. Im etwas dunklen Flur geht rechts eine T\u00fcr ins \u201eHerrenzimmer\u201c, geradeaus in die K\u00fcche, links f\u00fchrt die Treppe nach oben, ganz\u2026","rel":"","context":"\u00c4hnlicher Beitrag","block_context":{"text":"\u00c4hnlicher Beitrag","link":""},"img":{"alt_text":"","src":"","width":0,"height":0},"classes":[]},{"id":8150,"url":"https:\/\/www.steenkamper.de\/index.php\/schuster-schroeder\/","url_meta":{"origin":17249,"position":2},"title":"Schuster Schr\u00f6der","author":"Max","date":"18\/04\/2019","format":false,"excerpt":"aus dem Steenkamper 1\/2017 DAMALSErinnerungen einer Steenkamperin aus der Ebertallee\u00a0 1920\u00a0Als Erstbewohner des Hauses zogen 1920 meine Gro\u00dfeltern Theodora und Paul Schr\u00f6der mit ihren S\u00f6hnen Ernst (15) und Herbert (12) ein. Im Vorgarten des Hauses stand ein gro\u00dfes, schwarzes Glasschild mit Goldschrift, aus dem stolz hervorging, dass hier die Werkstatt\u2026","rel":"","context":"\u00c4hnlicher Beitrag","block_context":{"text":"\u00c4hnlicher Beitrag","link":""},"img":{"alt_text":"","src":"","width":0,"height":0},"classes":[]},{"id":90,"url":"https:\/\/www.steenkamper.de\/index.php\/impressum\/","url_meta":{"origin":17249,"position":3},"title":"Impressum","author":"admin","date":"15\/12\/2015","format":false,"excerpt":"Angaben gem\u00e4\u00df \u00a7 5 TMG: Betreiber dieser Website\u00a0ist die: Heimst\u00e4ttervereinigung Steenkamp e. V. Steenkamp 37 22607 Hamburg Vertreten durch: 1. Vorsitzende Silke Faber 2. Vorsitzender Lars Kohlmorgen Vorstandsmitglieder: siehe: https:\/\/www.steenkamper.de\/index.php\/vorstand Kontakt: E-Mail:\u00a0vorstand(at)steenkamper.de Bankverbindung: HASPA BLZ 200 505 50\u00a0Konto: 107810513 BIC: HASPDEHHXXX \u00a0 \u00a0IBAN: DE81 200 505 50 107 821 05\u2026","rel":"","context":"\u00c4hnlicher Beitrag","block_context":{"text":"\u00c4hnlicher Beitrag","link":""},"img":{"alt_text":"","src":"","width":0,"height":0},"classes":[]},{"id":1027,"url":"https:\/\/www.steenkamper.de\/index.php\/ladengeschaeft-im-veit-stoss-weg\/","url_meta":{"origin":17249,"position":4},"title":"Ladengesch\u00e4ft im Veit-Sto\u00df-Weg","author":"Max","date":"04\/01\/2016","format":false,"excerpt":"Siedlungs-Geschichten \"Herr Viehst\u00e4dt erz\u00e4hlt von seinem Ladengesch\u00e4ft im Veit-Sto\u00df-Weg\" Jeder, der in der Steenkampsiedlung und den umgebenden Stra\u00dfen wohnt, sollte die beiden stets liebevoll dekorierten Schaufenster des ehemaligen Gesch\u00e4ftes im Veit-Sto\u00df-Weg kennen. Warum? Lesen Sie selbst: Interview aus dem Jahr 2013 (Artikel aus dem Steenkamper 2014\/2&3) Interview: Claus Thiele (CT),\u2026","rel":"","context":"\u00c4hnlicher Beitrag","block_context":{"text":"\u00c4hnlicher Beitrag","link":""},"img":{"alt_text":"Laden im Veit-Sto\u00df-Weg","src":"https:\/\/i0.wp.com\/wp.steenkamper.de\/wp-content\/uploads\/2016\/01\/Laden-im-Veit-Sto%C3%9F-Weg-300x215.jpg?resize=350%2C200","width":350,"height":200},"classes":[]},{"id":9443,"url":"https:\/\/www.steenkamper.de\/index.php\/meine-zeit-in-der-ebertallee-1964-1977\/","url_meta":{"origin":17249,"position":5},"title":"Meine Zeit in der Ebertallee 1964 \u2013 1977","author":"Max","date":"02\/12\/2019","format":false,"excerpt":"aus dem Steenkamper 1\/2020Erg\u00e4nzend zu dem Artikel \u201eErinnerungen\u201cvon Karin und Horst Henzeim Steenkamper 2\/2012 Kreuzung Ebertallee Osdorfer Weg in den 50er Jahren Heinz Burmeister aus Oldenfelde schreibt uns:Meine Zeit in der Ebertallee 1964 \u2013 1977 (und indirekt bis 2003)Angeregt von dem Artikel \"Erinnerungen\" von Karin und Horst Henze,denke ich an\u2026","rel":"","context":"\u00c4hnlicher Beitrag","block_context":{"text":"\u00c4hnlicher Beitrag","link":""},"img":{"alt_text":"","src":"https:\/\/i0.wp.com\/www.steenkamper.de\/wp-content\/uploads\/2019\/10\/HeinzBurmeisterEbertalleeKreuzung-OsdorferWeg50er-Jahre-Pap18-001-Kopie.jpg?resize=350%2C200&ssl=1","width":350,"height":200,"srcset":"https:\/\/i0.wp.com\/www.steenkamper.de\/wp-content\/uploads\/2019\/10\/HeinzBurmeisterEbertalleeKreuzung-OsdorferWeg50er-Jahre-Pap18-001-Kopie.jpg?resize=350%2C200&ssl=1 1x, https:\/\/i0.wp.com\/www.steenkamper.de\/wp-content\/uploads\/2019\/10\/HeinzBurmeisterEbertalleeKreuzung-OsdorferWeg50er-Jahre-Pap18-001-Kopie.jpg?resize=525%2C300&ssl=1 1.5x, https:\/\/i0.wp.com\/www.steenkamper.de\/wp-content\/uploads\/2019\/10\/HeinzBurmeisterEbertalleeKreuzung-OsdorferWeg50er-Jahre-Pap18-001-Kopie.jpg?resize=700%2C400&ssl=1 2x, https:\/\/i0.wp.com\/www.steenkamper.de\/wp-content\/uploads\/2019\/10\/HeinzBurmeisterEbertalleeKreuzung-OsdorferWeg50er-Jahre-Pap18-001-Kopie.jpg?resize=1050%2C600&ssl=1 3x, https:\/\/i0.wp.com\/www.steenkamper.de\/wp-content\/uploads\/2019\/10\/HeinzBurmeisterEbertalleeKreuzung-OsdorferWeg50er-Jahre-Pap18-001-Kopie.jpg?resize=1400%2C800&ssl=1 4x"},"classes":[]}],"ticketed":false,"_links":{"self":[{"href":"https:\/\/www.steenkamper.de\/index.php\/wp-json\/wp\/v2\/pages\/17249","targetHints":{"allow":["GET"]}}],"collection":[{"href":"https:\/\/www.steenkamper.de\/index.php\/wp-json\/wp\/v2\/pages"}],"about":[{"href":"https:\/\/www.steenkamper.de\/index.php\/wp-json\/wp\/v2\/types\/page"}],"author":[{"embeddable":true,"href":"https:\/\/www.steenkamper.de\/index.php\/wp-json\/wp\/v2\/users\/1"}],"replies":[{"embeddable":true,"href":"https:\/\/www.steenkamper.de\/index.php\/wp-json\/wp\/v2\/comments?post=17249"}],"version-history":[{"count":0,"href":"https:\/\/www.steenkamper.de\/index.php\/wp-json\/wp\/v2\/pages\/17249\/revisions"}],"wp:attachment":[{"href":"https:\/\/www.steenkamper.de\/index.php\/wp-json\/wp\/v2\/media?parent=17249"}],"curies":[{"name":"wp","href":"https:\/\/api.w.org\/{rel}","templated":true}]}}