{"id":15278,"date":"2021-03-14T13:21:56","date_gmt":"2021-03-14T12:21:56","guid":{"rendered":"https:\/\/www.steenkamper.de\/?page_id=15278"},"modified":"2021-03-14T13:21:57","modified_gmt":"2021-03-14T12:21:57","slug":"kindheit-in-den-fuenfziger-jahren","status":"publish","type":"page","link":"https:\/\/www.steenkamper.de\/index.php\/kindheit-in-den-fuenfziger-jahren\/","title":{"rendered":"Kindheit in den F\u00fcnfziger Jahren"},"content":{"rendered":"\n<p><em>aus dem Steenkamper 2\/2020<\/em><br><em>Steenkamp \u2013 Kindheit in den F\u00fcnfziger Jahren<br>Das Haus \u2013 Am Quickborn 1<br>von Elfriede Ziegler, geb. Bangen (geb.30.10.1949)<\/em><\/p>\n\n\n\n<p>Von der Stra\u00dfe zur Haust\u00fcr ein paar Stufen hoch. Im etwas dunklen Flur geht rechts eine T\u00fcr ins \u201eHerrenzimmer\u201c, geradeaus in die K\u00fcche, links f\u00fchrt die Treppe nach oben, ganz links eine T\u00fcr zum Klo. Das meiste Leben spielt sich in der K\u00fcche ab, von wo aus man auch eine T\u00fcr ins Freie hat, zum Balkon, von dem eine Treppe in den Garten hinunter f\u00fchrt. Dann hat die K\u00fcche auch eine T\u00fcr zum Wohnzimmer, das Wohnzimmer ist meistens durch die offene Schiebet\u00fcr mit dem \u201eHerrenzimmer\u201c verbunden, so dass es ein Raum ist, der sich durch das ganze Haus erstreckt, von der Gartenseite bis zur Stra\u00dfenseite. Geht man vom Flur die Treppe in den ersten Stock, so ist gleich links ein kleines Zimmer, in dem Anfang der 50er Jahre ein alter Mann als \u201eEinquartierung\u201c lebt. 1953 wird es dann mein Kinderzimmer. Geradeaus von der Treppe kommt man in das Zimmer der beiden Tanten \u2013 Tante und Gro\u00dftante , das zwei Fenster zur Gartenseite hat. Hier schlief die Gro\u00dftante in einem Klappbett und die Tante auf einem Sofa, das man durch Ausziehen an der Seite und Umordnen der Polster jeden Abend neu zu einem Bett umbaute.\u00a0 Daneben das Schlafzimmer der Gro\u00dfeltern, mit zwei Fenstern zur Stra\u00dfe. Dann das Badezimmer an der Stra\u00dfenseite.\u00a0<br>Rechts neben der Badezimmert\u00fcr beginnt die selbstgebaute Treppe auf den Dachboden, wo mein Gro\u00dfvater 1949 ein Zimmer f\u00fcr meine Eltern ausgebaut hat mit schr\u00e4gen W\u00e4nden, als er im Fr\u00fchjahr 1949 erfuhr, dass er im Herbst Opa werden w\u00fcrde. Bis ich 4 war, schlief ich dort oben mit meinen Eltern in einem Zimmer. Opa, Oma, Tante, Gro\u00dftante, Papa, Mama \u2013 und ich als Kind, mit 6 Erwachsenen.<br>Gro\u00dftante und Oma kochen f\u00fcr die ganze Familie. \u00a0<br>Von der K\u00fcche geht noch eine vierte T\u00fcr auf der Nordseite ab, in den Keller. Zun\u00e4chst oben auf dem Treppenabsatz die Speisekammer.\u00a0 Im Sommer stehen hier Suppenteller mit Milch auf der Fensterbank, aus der Milch wird dann Dickmilch.\u00a0 Die Treppe in den Keller geht zur Kochkiste unten und der Ecke, wo die Sachen stehen, die es k\u00fchler haben sollen. Dieser erste Kellerraum hei\u00dft \u201eSchuhputzkeller\u201c. Von ihm gelangt man in den Heizungskeller ( sehr spannend, das Feuer zu sehen, auf das Opa Briketts legt).<br>Die etwas unheimlich aussehenden \u201eKohlenm\u00e4nner\u201c mit schwarzen T\u00fcchern \u00fcberm Kopf liefern direkt durch das Kellerfenster den Nachschub.<br>Durch den Heizungskeller kommt man dann in den \u201eLuftschutzkeller\u201c, der immer noch so genannt wird. Die eingebauten Stockwerkbetten sind noch zu erahnen, jetzt als Regale umgebaut. Dort steht die W\u00e4schemangel vor dem kleinen Kellerfenster zum Garten.<br>Hier stehen auch in den Regalen \u201edas Eingemachte\u201c in den Weck-Gl\u00e4sern und die selbstgekochten Marmeladen.<br>Wieder zur\u00fcck durch Heizungskeller und Schuhputzkeller konnte man dann in den Waschkeller kommen, wo auch Opas Werkbank stand, mit seinem Werkzeug. Ein gro\u00dfer Bottich war dort eingemauert und von unten mit Briketts anzuheizen, dann wurde die dampfende W\u00e4sche darin mit einer langen Holzstange umger\u00fchrt. Eine T\u00fcr f\u00fchrte raus zur \u00e4u\u00dferen Kellertreppe in den Garten. Bei dem Licht, das dort durch das T\u00fcrfenster schien, rubbelte meine Gro\u00dftante einige Teile der W\u00e4sche auf dem Waschbrett in einer kleinen B\u00fctte. Die glitschige gr\u00fcne Seife. F\u00fcr die Flecken wurde ich manchmal zu K\u00e4hler gegen\u00fcber geschickt, um \u201eSil\u201c (nicht Persil sagen!) zu holen, was ich merkw\u00fcrdig fand, die waren doch f\u00fcr Bontsches zust\u00e4ndig.<br><em>Elfriede Ziegler<\/em><\/p>\n","protected":false},"excerpt":{"rendered":"<p>aus dem Steenkamper 2\/2020Steenkamp \u2013 Kindheit in den F\u00fcnfziger JahrenDas Haus \u2013 Am Quickborn 1von Elfriede Ziegler, geb. Bangen (geb.30.10.1949) Von der Stra\u00dfe zur Haust\u00fcr ein paar Stufen hoch. Im&#8230; <\/p>\n<p><a class=\"teaser-more\" href=\"https:\/\/www.steenkamper.de\/index.php\/kindheit-in-den-fuenfziger-jahren\/\">weiter lesen<\/a><\/p>\n","protected":false},"author":6,"featured_media":0,"parent":0,"menu_order":0,"comment_status":"closed","ping_status":"closed","template":"","meta":{"_acf_changed":false,"_price":"","_stock":"","_tribe_ticket_header":"","_tribe_default_ticket_provider":"","_tribe_ticket_capacity":"0","_ticket_start_date":"","_ticket_end_date":"","_tribe_ticket_show_description":"","_tribe_ticket_show_not_going":false,"_tribe_ticket_use_global_stock":"","_tribe_ticket_global_stock_level":"","_global_stock_mode":"","_global_stock_cap":"","_tribe_rsvp_for_event":"","_tribe_ticket_going_count":"","_tribe_ticket_not_going_count":"","_tribe_tickets_list":"[]","_tribe_ticket_has_attendee_info_fields":false,"jetpack_post_was_ever_published":false,"footnotes":"","_tec_slr_enabled":"","_tec_slr_layout":""},"class_list":["post-15278","page","type-page","status-publish","hentry"],"acf":[],"jetpack_sharing_enabled":true,"jetpack_shortlink":"https:\/\/wp.me\/P74Wuo-3Yq","jetpack_likes_enabled":true,"jetpack-related-posts":[{"id":1025,"url":"https:\/\/www.steenkamper.de\/index.php\/siedlungsgeschichten\/","url_meta":{"origin":15278,"position":0},"title":"Siedlungsgeschichten","author":"Max","date":"04\/01\/2016","format":false,"excerpt":"\u00a0 Im Steenkamper online Rundgang sind die Siedlungsgeschichten mit ihrem Ort des Geschehens verkn\u00fcpft. Ein bisschen Zeit muss sein! 100 Jahre Ursula (Uschi) Scheibner Louis Cahnbley Stolperstein vor dem Haus im Steenkamp 43 Der Emmichbrunnen im Riemenschneiderstieg von Sebastian Buchholz aus dem Steenkamper 2\/2022 Mit der Strassenbahn zum Steenkamp? von\u2026","rel":"","context":"\u00c4hnlicher Beitrag","block_context":{"text":"\u00c4hnlicher Beitrag","link":""},"img":{"alt_text":"","src":"https:\/\/i0.wp.com\/www.steenkamper.de\/wp-content\/uploads\/2019\/12\/logo-steenkamp-jubilaeum-KLEIN-278x300.png?resize=350%2C200&ssl=1","width":350,"height":200},"classes":[]},{"id":8158,"url":"https:\/\/www.steenkamper.de\/index.php\/erika-93-jahre-sind-eine-verflixt-lange-zeit\/","url_meta":{"origin":15278,"position":1},"title":"Erika, 93 Jahre sind eine verflixt lange Zeit.","author":"Max","date":"18\/04\/2019","format":false,"excerpt":"aus dem Steenkamper1\/2019 Erika, 93 Jahre sind eine verflixt lange Zeit. von Gertrud Krapp Erikas Leben \u00fcberspannt einen Zeitbogen von 1925 bis heute. Von den Goldenen 20ern des letzten Jahrhunderts, reicht er\u00a0\u00fcber Inflation, Nationalsozialismus und den zweiten Weltkrieg, Nachkriegsjahre mit Hunger und K\u00e4lte, die Einf\u00fchrung der DM, die Zeit des\u2026","rel":"","context":"\u00c4hnlicher Beitrag","block_context":{"text":"\u00c4hnlicher Beitrag","link":""},"img":{"alt_text":"","src":"","width":0,"height":0},"classes":[]},{"id":10803,"url":"https:\/\/www.steenkamper.de\/index.php\/georg-hempel\/","url_meta":{"origin":15278,"position":2},"title":"Georg Hempel","author":"Max","date":"17\/05\/2020","format":false,"excerpt":"(geb. am 28.09.1894 in Altona, gestorben am 30.12.1969 in Hamburg) war ein Steenkamper K\u00fcnstler, der seit 1923 bis zu seinem Tod Im Winkel 27 (heute Rosenwinkel) lebte. Georg Hempel fertigte haupts\u00e4chlich Scherenschnitte, gestaltete aber auch B\u00fccher und stellte kunstgewerbliche Arbeiten und Schmuck her. Georg Hempel Foto: Ulrich Blievernicht\u00a0 Georg Hempel\u2026","rel":"","context":"\u00c4hnlicher Beitrag","block_context":{"text":"\u00c4hnlicher Beitrag","link":""},"img":{"alt_text":"","src":"https:\/\/i0.wp.com\/www.steenkamper.de\/wp-content\/uploads\/2020\/06\/HempelScherenschnitte.png?resize=350%2C200&ssl=1","width":350,"height":200,"srcset":"https:\/\/i0.wp.com\/www.steenkamper.de\/wp-content\/uploads\/2020\/06\/HempelScherenschnitte.png?resize=350%2C200&ssl=1 1x, https:\/\/i0.wp.com\/www.steenkamper.de\/wp-content\/uploads\/2020\/06\/HempelScherenschnitte.png?resize=525%2C300&ssl=1 1.5x, https:\/\/i0.wp.com\/www.steenkamper.de\/wp-content\/uploads\/2020\/06\/HempelScherenschnitte.png?resize=700%2C400&ssl=1 2x"},"classes":[]},{"id":1066,"url":"https:\/\/www.steenkamper.de\/index.php\/das-cafe\/","url_meta":{"origin":15278,"position":3},"title":"Das Caf\u00e9","author":"Max","date":"05\/01\/2016","format":false,"excerpt":"Das Caf\u00e9\u00a0\u00f6ffnet seine T\u00fcr\u00a0jeweils Fr. & Sa.\u00a0von 14-18h im Steenkamp 16 (an der Vogelweide) Zum Lockdown Verkauf au\u00dfer Haus: Unter: dascafe.steenkamp16(at)gmx.de oder unter 0162 9172416 kann Kuchen bestellt werden. Wir verabreden dann eine Abholzeit. JUBIL\u00c4UM:\u00a05 Jahre \"DAS CAF\u00c9\" im Steenkamp Artikel aus dem Steenkamper 2\/2019: Von der Idee zum Caf\u00e9\u2026","rel":"","context":"\u00c4hnlicher Beitrag","block_context":{"text":"\u00c4hnlicher Beitrag","link":""},"img":{"alt_text":"","src":"https:\/\/i0.wp.com\/www.steenkamper.de\/wp-content\/uploads\/2021\/10\/img_3922.jpg?resize=350%2C200&ssl=1","width":350,"height":200},"classes":[]},{"id":27,"url":"https:\/\/www.steenkamper.de\/index.php\/saal\/","url_meta":{"origin":15278,"position":4},"title":"Saal","author":"admin","date":"14\/12\/2015","format":false,"excerpt":"Der Steenkampsaal wurde 2019 renoviert und erstrahlt in neuem Glanz.Seit 1921 ist er der kulturelle Mittelpunkt des Gesellschaftslebens der Steenkampsiedlung. Seit 90 Jahren bem\u00fcht die Heimst\u00e4ttervereigung Steenkamp e.V. sich erfolgreich um das Gemeinschaftsleben in der Siedlung. Dabei stand und steht die Nutzung des Saales Steenkamp 37 und der davor liegenden\u2026","rel":"","context":"\u00c4hnlicher Beitrag","block_context":{"text":"\u00c4hnlicher Beitrag","link":""},"img":{"alt_text":"","src":"https:\/\/i0.wp.com\/www.steenkamper.de\/wp-content\/uploads\/2024\/01\/IMG_6501-e1770747680790.jpeg?fit=800%2C547&ssl=1&resize=350%2C200","width":350,"height":200,"srcset":"https:\/\/i0.wp.com\/www.steenkamper.de\/wp-content\/uploads\/2024\/01\/IMG_6501-e1770747680790.jpeg?fit=800%2C547&ssl=1&resize=350%2C200 1x, https:\/\/i0.wp.com\/www.steenkamper.de\/wp-content\/uploads\/2024\/01\/IMG_6501-e1770747680790.jpeg?fit=800%2C547&ssl=1&resize=525%2C300 1.5x, https:\/\/i0.wp.com\/www.steenkamper.de\/wp-content\/uploads\/2024\/01\/IMG_6501-e1770747680790.jpeg?fit=800%2C547&ssl=1&resize=700%2C400 2x"},"classes":[]},{"id":1275,"url":"https:\/\/www.steenkamper.de\/index.php\/erinnerungen\/","url_meta":{"origin":15278,"position":5},"title":"Erinnerungen","author":"Max","date":"13\/01\/2016","format":false,"excerpt":"Erinnerungen\u00a0von Karin und Horst Henze aus dem Steenkamper Ausgabe 2\/2012 Da ich seit meiner Geburt (1933 ) im B\u00f6kenkamp (damals Sandkamp) lebe, kann ich mich noch gut an die Zeit kurz vor dem zweiten Weltkrieg erinnern. Meine Eltern hatten damals einen Obst- und Gem\u00fcseladen im Sandkamp 76. Mein Vater fuhr\u2026","rel":"","context":"\u00c4hnlicher Beitrag","block_context":{"text":"\u00c4hnlicher Beitrag","link":""},"img":{"alt_text":"handkarren","src":"https:\/\/i0.wp.com\/wp.steenkamper.de\/wp-content\/uploads\/2016\/01\/handkarren-300x198.jpg?resize=350%2C200","width":350,"height":200},"classes":[]}],"ticketed":false,"_links":{"self":[{"href":"https:\/\/www.steenkamper.de\/index.php\/wp-json\/wp\/v2\/pages\/15278","targetHints":{"allow":["GET"]}}],"collection":[{"href":"https:\/\/www.steenkamper.de\/index.php\/wp-json\/wp\/v2\/pages"}],"about":[{"href":"https:\/\/www.steenkamper.de\/index.php\/wp-json\/wp\/v2\/types\/page"}],"author":[{"embeddable":true,"href":"https:\/\/www.steenkamper.de\/index.php\/wp-json\/wp\/v2\/users\/6"}],"replies":[{"embeddable":true,"href":"https:\/\/www.steenkamper.de\/index.php\/wp-json\/wp\/v2\/comments?post=15278"}],"version-history":[{"count":1,"href":"https:\/\/www.steenkamper.de\/index.php\/wp-json\/wp\/v2\/pages\/15278\/revisions"}],"predecessor-version":[{"id":15279,"href":"https:\/\/www.steenkamper.de\/index.php\/wp-json\/wp\/v2\/pages\/15278\/revisions\/15279"}],"wp:attachment":[{"href":"https:\/\/www.steenkamper.de\/index.php\/wp-json\/wp\/v2\/media?parent=15278"}],"curies":[{"name":"wp","href":"https:\/\/api.w.org\/{rel}","templated":true}]}}