{"id":14334,"date":"2021-01-20T13:48:29","date_gmt":"2021-01-20T12:48:29","guid":{"rendered":"https:\/\/www.steenkamper.de\/?page_id=14334"},"modified":"2021-01-20T14:28:36","modified_gmt":"2021-01-20T13:28:36","slug":"baecker-roegner","status":"publish","type":"page","link":"https:\/\/www.steenkamper.de\/index.php\/baecker-roegner\/","title":{"rendered":"B\u00e4cker R\u00f6gner"},"content":{"rendered":"\n<figure class=\"wp-block-image size-large is-style-default\"><img data-recalc-dims=\"1\" fetchpriority=\"high\" decoding=\"async\" width=\"750\" height=\"645\" data-attachment-id=\"14000\" data-permalink=\"https:\/\/www.steenkamper.de\/index.php\/2021\/01\/01\/baeckerei-roegner\/roegner\/\" data-orig-file=\"https:\/\/i0.wp.com\/www.steenkamper.de\/wp-content\/uploads\/2021\/01\/Roegner.jpeg?fit=1000%2C860&amp;ssl=1\" data-orig-size=\"1000,860\" data-comments-opened=\"1\" data-image-meta=\"{&quot;aperture&quot;:&quot;3.2&quot;,&quot;credit&quot;:&quot;&quot;,&quot;camera&quot;:&quot;DSC-HX400V&quot;,&quot;caption&quot;:&quot;&quot;,&quot;created_timestamp&quot;:&quot;1609418575&quot;,&quot;copyright&quot;:&quot;&quot;,&quot;focal_length&quot;:&quot;4.97&quot;,&quot;iso&quot;:&quot;80&quot;,&quot;shutter_speed&quot;:&quot;0.025&quot;,&quot;title&quot;:&quot;&quot;,&quot;orientation&quot;:&quot;1&quot;}\" data-image-title=\"Roegner\" data-image-description=\"\" data-image-caption=\"\" data-large-file=\"https:\/\/i0.wp.com\/www.steenkamper.de\/wp-content\/uploads\/2021\/01\/Roegner.jpeg?fit=750%2C645&amp;ssl=1\" src=\"https:\/\/i0.wp.com\/www.steenkamper.de\/wp-content\/uploads\/2021\/01\/Roegner.jpeg?resize=750%2C645&#038;ssl=1\" alt=\"\" class=\"wp-image-14000\" srcset=\"https:\/\/i0.wp.com\/www.steenkamper.de\/wp-content\/uploads\/2021\/01\/Roegner.jpeg?w=1000&amp;ssl=1 1000w, https:\/\/i0.wp.com\/www.steenkamper.de\/wp-content\/uploads\/2021\/01\/Roegner.jpeg?resize=300%2C258&amp;ssl=1 300w, https:\/\/i0.wp.com\/www.steenkamper.de\/wp-content\/uploads\/2021\/01\/Roegner.jpeg?resize=768%2C660&amp;ssl=1 768w, https:\/\/i0.wp.com\/www.steenkamper.de\/wp-content\/uploads\/2021\/01\/Roegner.jpeg?resize=450%2C387&amp;ssl=1 450w, https:\/\/i0.wp.com\/www.steenkamper.de\/wp-content\/uploads\/2021\/01\/Roegner.jpeg?resize=872%2C750&amp;ssl=1 872w\" sizes=\"(max-width: 750px) 100vw, 750px\" \/><figcaption><em>R\u00f6gner Team am 31.12.2020<\/em><\/figcaption><\/figure>\n\n\n\n<p><em>aus dem Steenkamper 1\/2021 von Jule L\u00fcbke und Anke Zimmermann<\/em><\/p>\n\n\n\n<p><strong>R\u00f6gner&nbsp;&nbsp;&#8211;&nbsp;&nbsp;das Ende&nbsp;vom Br\u00f6tchenduft in der Ebertallee.<\/strong><\/p>\n\n\n\n<p><em>R\u00f6gners<\/em><em>&nbsp;Backstube<\/em>&nbsp;hat am 31.12.2020 mit den letzten Verk\u00e4ufen von&nbsp;<em>Berlinern<\/em><em>,&nbsp;<\/em>einer kleinen Tr\u00e4ne im Knopfloch&nbsp;und Abschiedssekt&nbsp;ihren \u00fcber 80j\u00e4hrigen Betrieb eingestellt.<br>Der nun&nbsp;mitsamt seiner Familie&nbsp;der&nbsp;Ebertalle&nbsp;228 den R\u00fccken kehrende B\u00e4ckermeister Koslowski hat 1980 bei B\u00e4cker&nbsp;R\u00f6gner&nbsp;mit einem Praktikum begonnen &nbsp;&#8211; &nbsp;er liebte es schon immer, zu backen. Folgerichtig machte er dann hier auch seine Ausbildung und anschlie\u00dfend den Meister. 1997 \u00fcbernahm er dann die B\u00e4ckerei von Familie&nbsp;R\u00f6gner.<br>Nun aber hat Familie Koslowski (die zum Gro\u00dfteil aktiv im Betrieb mitgearbeitet hat) zum letzten Mal \u201eWeltmeister\u201c, \u201eK\u00e4ptn&nbsp;Knust\u201c&nbsp;und Franzbr\u00f6tchen verkauft und kehrt Hamburg gleich ganz den R\u00fccken.&nbsp;<br>Die Gr\u00fcnde hierf\u00fcr sind zum einen gesundheitliche, zum anderen machten&nbsp;aber auch&nbsp;neue Vorschriften das Weiterf\u00fchren der Backstube aus finanziellen Gr\u00fcnden undenkbar: Der Ofen (die \u201edicke Bertha\u201c wie B\u00e4cker Koslowski sie liebevoll nennt) ist mit ihren 50 Jahren nicht mehr der J\u00fcngste und hat einige Zipperlein, auch andere Betriebssysteme m\u00fcssten ausgetauscht werden &nbsp; \u2013 insgesamt h\u00e4tten die Investitionen rund 500.000 \u20ac betragen. Familie Koslowski war es&nbsp;jedoch&nbsp;wichtig, ihre B\u00e4ckerei nicht an eine gro\u00dfe Kette zu \u00fcbergeben:&nbsp;am liebsten sollte es ein Familienbetrieb wie der ihrige mit Tradition sein. Schlie\u00dflich fand sich mit der&nbsp;<em>B\u00e4ckerei K\u00f6rner<\/em>&nbsp;aus Blankenese ein passender Nachfolger.&nbsp;Der langj\u00e4hrige Familienbetrieb backt in Blankenese seit 1901 in eigener Herstellung&nbsp;sowie ebenfalls&nbsp;mit eigenen Rezepten. Die bislang oft so verf\u00fchrerisch duftende Backstube in der Ebertallee wird schlie\u00dfen, das gesamte Sortiment wird in Blankenese gebacken und dann hier verkauft. Alle&nbsp;MitarbeiterInnen&nbsp;R\u00f6gners&nbsp;werden&nbsp;jedoch&nbsp;\u00fcbernommen<\/p>\n\n\n\n<p>Die&nbsp;<em>Backstube&nbsp;<\/em><em>R\u00f6gner<\/em>&nbsp;war \u2013 neben&nbsp;ihren&nbsp;Brot- und&nbsp;Backwaren &nbsp;&#8211;&nbsp;&nbsp;auch eine&nbsp;best\u00e4ndige&nbsp;Anlaufstelle zum&nbsp;Kl\u00f6nschnack.&nbsp;\u201eR\u00f6gner\u201c&nbsp;(oder&nbsp;\u201eR\u00f6\u00f6chna\u201c,&nbsp;wie meine Oma zu sagen pflegte)hat zudem&nbsp;immer ein gutes Verh\u00e4ltnis zu den&nbsp;Steenkampern&nbsp;gehabt&nbsp;&#8211; &nbsp;so&nbsp;gab es lange Zeit sogar ein Br\u00f6tchen mit dem Namen \u201eSteenkamper\u201c. Immerhin die Zutaten, die einen echten \u201eSteenkamper\u201c ausmachen,&nbsp;hat uns der B\u00e4ckermeister noch verraten:&nbsp;<\/p>\n\n\n\n<p>Hartweizengrie\u00df, Wasser, Hefe, Weizenmehl, Roggenmehl, Salz und Malz.&nbsp;Und &nbsp;&#8211;&nbsp;&nbsp;der&nbsp;Steenkamper&nbsp;hat, bevor es im Ofen hei\u00df hergeht eine lange Ruhephase: 14 Stunden ruht er erst einmal!<\/p>\n\n\n\n<p>Wir w\u00fcnschen Familie Koslowski einen sch\u00f6nen \u201ebrotlosen\u201c Neuanfang und freuen uns auf die Neuer\u00f6ffnung durch die\u00a0<em>B\u00e4ckerei K\u00f6rner<\/em>!<\/p>\n\n\n\n<figure class=\"wp-block-image size-large is-style-default\"><img data-recalc-dims=\"1\" decoding=\"async\" width=\"750\" height=\"473\" data-attachment-id=\"13973\" data-permalink=\"https:\/\/www.steenkamper.de\/index.php\/2021\/01\/01\/baeckerei-roegner\/baeckereiroegner\/\" data-orig-file=\"https:\/\/i0.wp.com\/www.steenkamper.de\/wp-content\/uploads\/2021\/01\/B%C3%A4ckereiR%C3%B6gner.png?fit=986%2C622&amp;ssl=1\" data-orig-size=\"986,622\" data-comments-opened=\"1\" data-image-meta=\"{&quot;aperture&quot;:&quot;0&quot;,&quot;credit&quot;:&quot;&quot;,&quot;camera&quot;:&quot;&quot;,&quot;caption&quot;:&quot;&quot;,&quot;created_timestamp&quot;:&quot;0&quot;,&quot;copyright&quot;:&quot;&quot;,&quot;focal_length&quot;:&quot;0&quot;,&quot;iso&quot;:&quot;0&quot;,&quot;shutter_speed&quot;:&quot;0&quot;,&quot;title&quot;:&quot;&quot;,&quot;orientation&quot;:&quot;0&quot;}\" data-image-title=\"B\u00e4ckereiR\u00f6gner\" data-image-description=\"\" data-image-caption=\"\" data-large-file=\"https:\/\/i0.wp.com\/www.steenkamper.de\/wp-content\/uploads\/2021\/01\/B%C3%A4ckereiR%C3%B6gner.png?fit=750%2C473&amp;ssl=1\" src=\"https:\/\/i0.wp.com\/www.steenkamper.de\/wp-content\/uploads\/2021\/01\/B%C3%A4ckereiR%C3%B6gner.png?resize=750%2C473&#038;ssl=1\" alt=\"\" class=\"wp-image-13973\" srcset=\"https:\/\/i0.wp.com\/www.steenkamper.de\/wp-content\/uploads\/2021\/01\/B%C3%A4ckereiR%C3%B6gner.png?w=986&amp;ssl=1 986w, https:\/\/i0.wp.com\/www.steenkamper.de\/wp-content\/uploads\/2021\/01\/B%C3%A4ckereiR%C3%B6gner.png?resize=300%2C189&amp;ssl=1 300w, https:\/\/i0.wp.com\/www.steenkamper.de\/wp-content\/uploads\/2021\/01\/B%C3%A4ckereiR%C3%B6gner.png?resize=768%2C484&amp;ssl=1 768w, https:\/\/i0.wp.com\/www.steenkamper.de\/wp-content\/uploads\/2021\/01\/B%C3%A4ckereiR%C3%B6gner.png?resize=450%2C284&amp;ssl=1 450w, https:\/\/i0.wp.com\/www.steenkamper.de\/wp-content\/uploads\/2021\/01\/B%C3%A4ckereiR%C3%B6gner.png?resize=200%2C125&amp;ssl=1 200w\" sizes=\"(max-width: 750px) 100vw, 750px\" \/><figcaption><em>Anzeigen aus dem Steenkamper und Festschriften<\/em><\/figcaption><\/figure>\n","protected":false},"excerpt":{"rendered":"<p>aus dem Steenkamper 1\/2021 von Jule L\u00fcbke und Anke Zimmermann R\u00f6gner&nbsp;&nbsp;&#8211;&nbsp;&nbsp;das Ende&nbsp;vom Br\u00f6tchenduft in der Ebertallee. R\u00f6gners&nbsp;Backstube&nbsp;hat am 31.12.2020 mit den letzten Verk\u00e4ufen von&nbsp;Berlinern,&nbsp;einer kleinen Tr\u00e4ne im Knopfloch&nbsp;und Abschiedssekt&nbsp;ihren \u00fcber&#8230; <\/p>\n<p><a class=\"teaser-more\" href=\"https:\/\/www.steenkamper.de\/index.php\/baecker-roegner\/\">weiter lesen<\/a><\/p>\n","protected":false},"author":6,"featured_media":13858,"parent":0,"menu_order":0,"comment_status":"closed","ping_status":"closed","template":"","meta":{"_acf_changed":false,"_price":"","_stock":"","_tribe_ticket_header":"","_tribe_default_ticket_provider":"","_tribe_ticket_capacity":"0","_ticket_start_date":"","_ticket_end_date":"","_tribe_ticket_show_description":"","_tribe_ticket_show_not_going":false,"_tribe_ticket_use_global_stock":"","_tribe_ticket_global_stock_level":"","_global_stock_mode":"","_global_stock_cap":"","_tribe_rsvp_for_event":"","_tribe_ticket_going_count":"","_tribe_ticket_not_going_count":"","_tribe_tickets_list":"[]","_tribe_ticket_has_attendee_info_fields":false,"jetpack_post_was_ever_published":false,"footnotes":"","_tec_slr_enabled":"","_tec_slr_layout":""},"class_list":["post-14334","page","type-page","status-publish","has-post-thumbnail","hentry"],"acf":[],"jetpack_sharing_enabled":true,"jetpack_shortlink":"https:\/\/wp.me\/P74Wuo-3Jc","jetpack_likes_enabled":true,"jetpack-related-posts":[{"id":9443,"url":"https:\/\/www.steenkamper.de\/index.php\/meine-zeit-in-der-ebertallee-1964-1977\/","url_meta":{"origin":14334,"position":0},"title":"Meine Zeit in der Ebertallee 1964 \u2013 1977","author":"Max","date":"02\/12\/2019","format":false,"excerpt":"aus dem Steenkamper 1\/2020Erg\u00e4nzend zu dem Artikel \u201eErinnerungen\u201cvon Karin und Horst Henzeim Steenkamper 2\/2012 Kreuzung Ebertallee Osdorfer Weg in den 50er Jahren Heinz Burmeister aus Oldenfelde schreibt uns:Meine Zeit in der Ebertallee 1964 \u2013 1977 (und indirekt bis 2003)Angeregt von dem Artikel \"Erinnerungen\" von Karin und Horst Henze,denke ich an\u2026","rel":"","context":"\u00c4hnlicher Beitrag","block_context":{"text":"\u00c4hnlicher Beitrag","link":""},"img":{"alt_text":"","src":"https:\/\/i0.wp.com\/www.steenkamper.de\/wp-content\/uploads\/2019\/10\/HeinzBurmeisterEbertalleeKreuzung-OsdorferWeg50er-Jahre-Pap18-001-Kopie.jpg?resize=350%2C200&ssl=1","width":350,"height":200,"srcset":"https:\/\/i0.wp.com\/www.steenkamper.de\/wp-content\/uploads\/2019\/10\/HeinzBurmeisterEbertalleeKreuzung-OsdorferWeg50er-Jahre-Pap18-001-Kopie.jpg?resize=350%2C200&ssl=1 1x, https:\/\/i0.wp.com\/www.steenkamper.de\/wp-content\/uploads\/2019\/10\/HeinzBurmeisterEbertalleeKreuzung-OsdorferWeg50er-Jahre-Pap18-001-Kopie.jpg?resize=525%2C300&ssl=1 1.5x, https:\/\/i0.wp.com\/www.steenkamper.de\/wp-content\/uploads\/2019\/10\/HeinzBurmeisterEbertalleeKreuzung-OsdorferWeg50er-Jahre-Pap18-001-Kopie.jpg?resize=700%2C400&ssl=1 2x, https:\/\/i0.wp.com\/www.steenkamper.de\/wp-content\/uploads\/2019\/10\/HeinzBurmeisterEbertalleeKreuzung-OsdorferWeg50er-Jahre-Pap18-001-Kopie.jpg?resize=1050%2C600&ssl=1 3x, https:\/\/i0.wp.com\/www.steenkamper.de\/wp-content\/uploads\/2019\/10\/HeinzBurmeisterEbertalleeKreuzung-OsdorferWeg50er-Jahre-Pap18-001-Kopie.jpg?resize=1400%2C800&ssl=1 4x"},"classes":[]},{"id":1025,"url":"https:\/\/www.steenkamper.de\/index.php\/siedlungsgeschichten\/","url_meta":{"origin":14334,"position":1},"title":"Siedlungsgeschichten","author":"Max","date":"04\/01\/2016","format":false,"excerpt":"\u00a0 Im Steenkamper online Rundgang sind die Siedlungsgeschichten mit ihrem Ort des Geschehens verkn\u00fcpft. Ein bisschen Zeit muss sein! 100 Jahre Ursula (Uschi) Scheibner Louis Cahnbley Stolperstein vor dem Haus im Steenkamp 43 Der Emmichbrunnen im Riemenschneiderstieg von Sebastian Buchholz aus dem Steenkamper 2\/2022 Mit der Strassenbahn zum Steenkamp? von\u2026","rel":"","context":"\u00c4hnlicher Beitrag","block_context":{"text":"\u00c4hnlicher Beitrag","link":""},"img":{"alt_text":"","src":"https:\/\/i0.wp.com\/www.steenkamper.de\/wp-content\/uploads\/2019\/12\/logo-steenkamp-jubilaeum-KLEIN-278x300.png?resize=350%2C200&ssl=1","width":350,"height":200},"classes":[]},{"id":1275,"url":"https:\/\/www.steenkamper.de\/index.php\/erinnerungen\/","url_meta":{"origin":14334,"position":2},"title":"Erinnerungen","author":"Max","date":"13\/01\/2016","format":false,"excerpt":"Erinnerungen\u00a0von Karin und Horst Henze aus dem Steenkamper Ausgabe 2\/2012 Da ich seit meiner Geburt (1933 ) im B\u00f6kenkamp (damals Sandkamp) lebe, kann ich mich noch gut an die Zeit kurz vor dem zweiten Weltkrieg erinnern. Meine Eltern hatten damals einen Obst- und Gem\u00fcseladen im Sandkamp 76. Mein Vater fuhr\u2026","rel":"","context":"\u00c4hnlicher Beitrag","block_context":{"text":"\u00c4hnlicher Beitrag","link":""},"img":{"alt_text":"handkarren","src":"https:\/\/i0.wp.com\/wp.steenkamper.de\/wp-content\/uploads\/2016\/01\/handkarren-300x198.jpg?resize=350%2C200","width":350,"height":200},"classes":[]},{"id":8162,"url":"https:\/\/www.steenkamper.de\/index.php\/een-hundeleben\/","url_meta":{"origin":14334,"position":3},"title":"Een Hundeleben.","author":"Max","date":"18\/04\/2019","format":false,"excerpt":"aus dem Steenkamper Ausgabe 3\/2004 & 2\/2018 Bi us in de Gegend l\u00f6pt son l\u00fctten swatten Dackel r\u00fcm. He hett ganz n\u00fcddellige kleene Knoppoogen. Von wieden s\u00fcht he ut, as'n \u201eFlaschenb\u00fcrste\" or as'n \u201eRennsalami\". Morgens kummt he anlopen un sett sick \u00e4s erstes bin Slachter vor de D\u00f6\u00f6r. Wenn nu\u2026","rel":"","context":"\u00c4hnlicher Beitrag","block_context":{"text":"\u00c4hnlicher Beitrag","link":""},"img":{"alt_text":"","src":"","width":0,"height":0},"classes":[]},{"id":1027,"url":"https:\/\/www.steenkamper.de\/index.php\/ladengeschaeft-im-veit-stoss-weg\/","url_meta":{"origin":14334,"position":4},"title":"Ladengesch\u00e4ft im Veit-Sto\u00df-Weg","author":"Max","date":"04\/01\/2016","format":false,"excerpt":"Siedlungs-Geschichten \"Herr Viehst\u00e4dt erz\u00e4hlt von seinem Ladengesch\u00e4ft im Veit-Sto\u00df-Weg\" Jeder, der in der Steenkampsiedlung und den umgebenden Stra\u00dfen wohnt, sollte die beiden stets liebevoll dekorierten Schaufenster des ehemaligen Gesch\u00e4ftes im Veit-Sto\u00df-Weg kennen. Warum? Lesen Sie selbst: Interview aus dem Jahr 2013 (Artikel aus dem Steenkamper 2014\/2&3) Interview: Claus Thiele (CT),\u2026","rel":"","context":"\u00c4hnlicher Beitrag","block_context":{"text":"\u00c4hnlicher Beitrag","link":""},"img":{"alt_text":"Laden im Veit-Sto\u00df-Weg","src":"https:\/\/i0.wp.com\/wp.steenkamper.de\/wp-content\/uploads\/2016\/01\/Laden-im-Veit-Sto%C3%9F-Weg-300x215.jpg?resize=350%2C200","width":350,"height":200},"classes":[]},{"id":3391,"url":"https:\/\/www.steenkamper.de\/index.php\/ideen-plaene\/kultur\/","url_meta":{"origin":14334,"position":5},"title":"KULTUR\u00a0","author":"Max","date":"19\/02\/2017","format":false,"excerpt":"Kontakt: Barbara Feige, bfeige(at)posteo.de Der Ausschuss Kultur\u00a0hat sich auf der Zukunftswerkstatt 2017 gegr\u00fcndet und hat schon mehrere Kultur-Salons veranstaltet. Weitere Veranstaltungen sind in der Planung. Ideen sind immer willkommen. \u00a0","rel":"","context":"\u00c4hnlicher Beitrag","block_context":{"text":"\u00c4hnlicher Beitrag","link":""},"img":{"alt_text":"IMG_5563","src":"https:\/\/i0.wp.com\/www.steenkamper.de\/wp-content\/uploads\/2017\/02\/IMG_5563-e1487594690501-225x300.jpg?resize=350%2C200&ssl=1","width":350,"height":200},"classes":[]}],"ticketed":false,"_links":{"self":[{"href":"https:\/\/www.steenkamper.de\/index.php\/wp-json\/wp\/v2\/pages\/14334","targetHints":{"allow":["GET"]}}],"collection":[{"href":"https:\/\/www.steenkamper.de\/index.php\/wp-json\/wp\/v2\/pages"}],"about":[{"href":"https:\/\/www.steenkamper.de\/index.php\/wp-json\/wp\/v2\/types\/page"}],"author":[{"embeddable":true,"href":"https:\/\/www.steenkamper.de\/index.php\/wp-json\/wp\/v2\/users\/6"}],"replies":[{"embeddable":true,"href":"https:\/\/www.steenkamper.de\/index.php\/wp-json\/wp\/v2\/comments?post=14334"}],"version-history":[{"count":5,"href":"https:\/\/www.steenkamper.de\/index.php\/wp-json\/wp\/v2\/pages\/14334\/revisions"}],"predecessor-version":[{"id":14344,"href":"https:\/\/www.steenkamper.de\/index.php\/wp-json\/wp\/v2\/pages\/14334\/revisions\/14344"}],"wp:featuredmedia":[{"embeddable":true,"href":"https:\/\/www.steenkamper.de\/index.php\/wp-json\/wp\/v2\/media\/13858"}],"wp:attachment":[{"href":"https:\/\/www.steenkamper.de\/index.php\/wp-json\/wp\/v2\/media?parent=14334"}],"curies":[{"name":"wp","href":"https:\/\/api.w.org\/{rel}","templated":true}]}}