{"id":14065,"date":"2021-01-07T12:02:41","date_gmt":"2021-01-07T11:02:41","guid":{"rendered":"https:\/\/www.steenkamper.de\/?page_id=14065"},"modified":"2021-01-07T12:24:44","modified_gmt":"2021-01-07T11:24:44","slug":"strassenschilder","status":"publish","type":"page","link":"https:\/\/www.steenkamper.de\/index.php\/strassenschilder\/","title":{"rendered":"Stra\u00dfenschilder"},"content":{"rendered":"\n<p>Eine der wenigen Aktionen zum 100j\u00e4hrigen Bestehen der Steenkampsiedlung, die trotz Corona im Jubil\u00e4ums-Jahr stattgefunden haben, ist die Stra\u00dfenschilderaktion, die an einige Steenkamper*innen erinnert. <br>Der&nbsp;Rosenwinkel hie\u00df seit Anfang Juni 2020 auch Georg-Hempel-Winkel. Georg Hempel (1894-1969) war ein Steenkamper K\u00fcnstler, der vor allem Scherenschnitte fertigte, aber auch Kunstarbeiten und Schmuck. Er lebte bis zu seinem Tod im Rosenwinkel.&nbsp; Auch der&nbsp;R\u00fcsternkamp hatte ein goldenes Jubil\u00e4ums-Stra\u00dfenschild bekommen, das f\u00fcr drei Monate an Hilge Nordmeier erinnert.<\/p>\n\n\n\n<p>Hilge Nordmeier, geb. Stuhl (1896-1975), lebte seit 1922 im&nbsp;R\u00fcsternkamp 12. Sie war von 1946-1949 Abgeordnete der SPD in der ersten frei gew\u00e4hlten Hamburgischen B\u00fcrgerschaft nach dem Ende des Nationalsozialismus. Von den 110 Abgeordneten waren 17 Frauen. Nach dem Ende der Legislaturperiode geh\u00f6rte Hilge Nordmeier von 1949 bis 1961 der Bezirksversammlung Altona an. Auf der 100. Sitzung der Bezirksversammlung seit 1949 w\u00fcrdigte B\u00fcrgermeister Paul Nevermann sie und zwei andere Bezirksabgeordnete f\u00fcr ununterbrochene Mitgliedschaft. Ihr Grabstein befindet sich heute im Garten der Frauen auf dem Ohlsdorfer Friedhof.&nbsp;<\/p>\n\n\n\n<p>Der&nbsp;Veit-Sto\u00df-Weg&nbsp;hat&nbsp;dann im August an den K\u00fcnstler Erich Hartmann erinnert.&nbsp;Erich Hartmann (1886-1974) war ein K\u00fcnstler der Hamburgischen Sezession. Er lebte seit 1922 im Drosselweg 8 (heute Torbogen\/Ecke Veit-Sto\u00df-Weg).&nbsp;<\/p>\n\n\n\n<p><em>Vielen Dank an: Herrn Carstens vom Fachamt Management des \u00f6ffentlichen Raums f\u00fcr die beh\u00f6rdliche Bewilligung der Aktion und herzlichen Dank an Julia Kussius f\u00fcr die Gestaltung der Schilder, an Lydia Hartmann und J\u00f6rn Pfeiffer f\u00fcr die engagierte Unterst\u00fctzung sowie allen Nachbar*innen f\u00fcr die positiven Feedbacks zu der Aktion. <\/em><\/p>\n\n\n\n<hr class=\"wp-block-separator\"\/>\n\n\n\n<p>Mehr Informationen:<br><a href=\"https:\/\/www.steenkamper.de\/index.php\/erich-hartmann-2\/\">Erich Hartmann,&nbsp; (1886-1974)&nbsp;Steenkamper K\u00fcnstler der Hamburgischen Sezession<\/a><br><br><a href=\"https:\/\/www.steenkamper.de\/index.php\/hilge-nordmeier\/\">Hilge Nordmeier, geb. Stuhr (5.7.1896-9.9.1975)&nbsp;Abgeordnete der SPD<\/a><br><br><a href=\"https:\/\/www.steenkamper.de\/index.php\/georg-hempel\/\">Georg Hempel, (1894-1969) Steenkamper K\u00fcnstler<\/a><br><\/p>\n\n\n\n<figure class=\"wp-block-image size-large is-style-default\"><img data-recalc-dims=\"1\" fetchpriority=\"high\" decoding=\"async\" width=\"750\" height=\"563\" data-attachment-id=\"10996\" data-permalink=\"https:\/\/www.steenkamper.de\/index.php\/2020\/06\/21\/das-naechste-strassenschild-hilge-nordmeier-kamp\/img_1275\/\" data-orig-file=\"https:\/\/i0.wp.com\/www.steenkamper.de\/wp-content\/uploads\/2020\/06\/img_1275.jpg?fit=1024%2C768&amp;ssl=1\" data-orig-size=\"1024,768\" data-comments-opened=\"1\" data-image-meta=\"{&quot;aperture&quot;:&quot;0&quot;,&quot;credit&quot;:&quot;&quot;,&quot;camera&quot;:&quot;&quot;,&quot;caption&quot;:&quot;&quot;,&quot;created_timestamp&quot;:&quot;0&quot;,&quot;copyright&quot;:&quot;&quot;,&quot;focal_length&quot;:&quot;0&quot;,&quot;iso&quot;:&quot;0&quot;,&quot;shutter_speed&quot;:&quot;0&quot;,&quot;title&quot;:&quot;&quot;,&quot;orientation&quot;:&quot;1&quot;}\" data-image-title=\"img_1275\" data-image-description=\"\" data-image-caption=\"\" data-large-file=\"https:\/\/i0.wp.com\/www.steenkamper.de\/wp-content\/uploads\/2020\/06\/img_1275.jpg?fit=750%2C563&amp;ssl=1\" src=\"https:\/\/i0.wp.com\/www.steenkamper.de\/wp-content\/uploads\/2020\/06\/img_1275.jpg?resize=750%2C563&#038;ssl=1\" alt=\"\" class=\"wp-image-10996\" srcset=\"https:\/\/i0.wp.com\/www.steenkamper.de\/wp-content\/uploads\/2020\/06\/img_1275.jpg?w=1024&amp;ssl=1 1024w, https:\/\/i0.wp.com\/www.steenkamper.de\/wp-content\/uploads\/2020\/06\/img_1275.jpg?resize=300%2C225&amp;ssl=1 300w, https:\/\/i0.wp.com\/www.steenkamper.de\/wp-content\/uploads\/2020\/06\/img_1275.jpg?resize=768%2C576&amp;ssl=1 768w, https:\/\/i0.wp.com\/www.steenkamper.de\/wp-content\/uploads\/2020\/06\/img_1275.jpg?resize=500%2C375&amp;ssl=1 500w, https:\/\/i0.wp.com\/www.steenkamper.de\/wp-content\/uploads\/2020\/06\/img_1275.jpg?resize=450%2C338&amp;ssl=1 450w, https:\/\/i0.wp.com\/www.steenkamper.de\/wp-content\/uploads\/2020\/06\/img_1275.jpg?resize=1000%2C750&amp;ssl=1 1000w\" sizes=\"(max-width: 750px) 100vw, 750px\" \/><\/figure>\n\n\n\n<figure class=\"wp-block-image size-large is-style-default\"><img data-recalc-dims=\"1\" decoding=\"async\" width=\"750\" height=\"464\" data-attachment-id=\"11466\" data-permalink=\"https:\/\/www.steenkamper.de\/index.php\/2020\/08\/29\/erich-hartmann-weg\/img_1655\/\" data-orig-file=\"https:\/\/i0.wp.com\/www.steenkamper.de\/wp-content\/uploads\/2020\/08\/img_1655-scaled.jpg?fit=2560%2C1585&amp;ssl=1\" data-orig-size=\"2560,1585\" data-comments-opened=\"1\" data-image-meta=\"{&quot;aperture&quot;:&quot;0&quot;,&quot;credit&quot;:&quot;&quot;,&quot;camera&quot;:&quot;&quot;,&quot;caption&quot;:&quot;&quot;,&quot;created_timestamp&quot;:&quot;0&quot;,&quot;copyright&quot;:&quot;&quot;,&quot;focal_length&quot;:&quot;0&quot;,&quot;iso&quot;:&quot;0&quot;,&quot;shutter_speed&quot;:&quot;0&quot;,&quot;title&quot;:&quot;&quot;,&quot;orientation&quot;:&quot;1&quot;}\" data-image-title=\"img_1655\" data-image-description=\"\" data-image-caption=\"\" data-large-file=\"https:\/\/i0.wp.com\/www.steenkamper.de\/wp-content\/uploads\/2020\/08\/img_1655-scaled.jpg?fit=750%2C464&amp;ssl=1\" src=\"https:\/\/i0.wp.com\/www.steenkamper.de\/wp-content\/uploads\/2020\/08\/img_1655.jpg?resize=750%2C464&#038;ssl=1\" alt=\"\" class=\"wp-image-11466\" srcset=\"https:\/\/i0.wp.com\/www.steenkamper.de\/wp-content\/uploads\/2020\/08\/img_1655-scaled.jpg?resize=1024%2C634&amp;ssl=1 1024w, https:\/\/i0.wp.com\/www.steenkamper.de\/wp-content\/uploads\/2020\/08\/img_1655-scaled.jpg?resize=300%2C186&amp;ssl=1 300w, https:\/\/i0.wp.com\/www.steenkamper.de\/wp-content\/uploads\/2020\/08\/img_1655-scaled.jpg?resize=768%2C476&amp;ssl=1 768w, https:\/\/i0.wp.com\/www.steenkamper.de\/wp-content\/uploads\/2020\/08\/img_1655-scaled.jpg?resize=500%2C310&amp;ssl=1 500w, https:\/\/i0.wp.com\/www.steenkamper.de\/wp-content\/uploads\/2020\/08\/img_1655-scaled.jpg?resize=1536%2C951&amp;ssl=1 1536w, https:\/\/i0.wp.com\/www.steenkamper.de\/wp-content\/uploads\/2020\/08\/img_1655-scaled.jpg?resize=2048%2C1268&amp;ssl=1 2048w, https:\/\/i0.wp.com\/www.steenkamper.de\/wp-content\/uploads\/2020\/08\/img_1655-scaled.jpg?resize=450%2C279&amp;ssl=1 450w, https:\/\/i0.wp.com\/www.steenkamper.de\/wp-content\/uploads\/2020\/08\/img_1655-scaled.jpg?resize=200%2C125&amp;ssl=1 200w, https:\/\/i0.wp.com\/www.steenkamper.de\/wp-content\/uploads\/2020\/08\/img_1655-scaled.jpg?resize=1000%2C619&amp;ssl=1 1000w, https:\/\/i0.wp.com\/www.steenkamper.de\/wp-content\/uploads\/2020\/08\/img_1655-scaled.jpg?w=2250&amp;ssl=1 2250w\" sizes=\"(max-width: 750px) 100vw, 750px\" \/><\/figure>\n\n\n\n<figure class=\"wp-block-image size-large is-style-default\"><img data-recalc-dims=\"1\" decoding=\"async\" width=\"750\" height=\"484\" data-attachment-id=\"10859\" data-permalink=\"https:\/\/www.steenkamper.de\/index.php\/2020\/06\/03\/strassenschilder-und-kunst\/rosenwinkel\/\" data-orig-file=\"https:\/\/i0.wp.com\/www.steenkamper.de\/wp-content\/uploads\/2020\/06\/Rosenwinkel.jpg?fit=1000%2C645&amp;ssl=1\" data-orig-size=\"1000,645\" data-comments-opened=\"1\" data-image-meta=\"{&quot;aperture&quot;:&quot;0&quot;,&quot;credit&quot;:&quot;&quot;,&quot;camera&quot;:&quot;&quot;,&quot;caption&quot;:&quot;&quot;,&quot;created_timestamp&quot;:&quot;0&quot;,&quot;copyright&quot;:&quot;&quot;,&quot;focal_length&quot;:&quot;0&quot;,&quot;iso&quot;:&quot;0&quot;,&quot;shutter_speed&quot;:&quot;0&quot;,&quot;title&quot;:&quot;&quot;,&quot;orientation&quot;:&quot;1&quot;}\" data-image-title=\"Rosenwinkel\" data-image-description=\"\" data-image-caption=\"&lt;p&gt;Rosenwinkel 2020&lt;\/p&gt;\n\" data-large-file=\"https:\/\/i0.wp.com\/www.steenkamper.de\/wp-content\/uploads\/2020\/06\/Rosenwinkel.jpg?fit=750%2C484&amp;ssl=1\" src=\"https:\/\/i0.wp.com\/www.steenkamper.de\/wp-content\/uploads\/2020\/06\/Rosenwinkel.jpg?resize=750%2C484&#038;ssl=1\" alt=\"\" class=\"wp-image-10859\" srcset=\"https:\/\/i0.wp.com\/www.steenkamper.de\/wp-content\/uploads\/2020\/06\/Rosenwinkel.jpg?w=1000&amp;ssl=1 1000w, https:\/\/i0.wp.com\/www.steenkamper.de\/wp-content\/uploads\/2020\/06\/Rosenwinkel.jpg?resize=300%2C194&amp;ssl=1 300w, https:\/\/i0.wp.com\/www.steenkamper.de\/wp-content\/uploads\/2020\/06\/Rosenwinkel.jpg?resize=768%2C495&amp;ssl=1 768w, https:\/\/i0.wp.com\/www.steenkamper.de\/wp-content\/uploads\/2020\/06\/Rosenwinkel.jpg?resize=500%2C323&amp;ssl=1 500w, https:\/\/i0.wp.com\/www.steenkamper.de\/wp-content\/uploads\/2020\/06\/Rosenwinkel.jpg?resize=450%2C290&amp;ssl=1 450w\" sizes=\"(max-width: 750px) 100vw, 750px\" \/><\/figure>\n","protected":false},"excerpt":{"rendered":"<p>Eine der wenigen Aktionen zum 100j\u00e4hrigen Bestehen der Steenkampsiedlung, die trotz Corona im Jubil\u00e4ums-Jahr stattgefunden haben, ist die Stra\u00dfenschilderaktion, die an einige Steenkamper*innen erinnert. Der&nbsp;Rosenwinkel hie\u00df seit Anfang Juni 2020&#8230; <\/p>\n<p><a class=\"teaser-more\" href=\"https:\/\/www.steenkamper.de\/index.php\/strassenschilder\/\">weiter lesen<\/a><\/p>\n","protected":false},"author":6,"featured_media":11471,"parent":0,"menu_order":0,"comment_status":"closed","ping_status":"closed","template":"","meta":{"_acf_changed":false,"_price":"","_stock":"","_tribe_ticket_header":"","_tribe_default_ticket_provider":"","_tribe_ticket_capacity":"0","_ticket_start_date":"","_ticket_end_date":"","_tribe_ticket_show_description":"","_tribe_ticket_show_not_going":false,"_tribe_ticket_use_global_stock":"","_tribe_ticket_global_stock_level":"","_global_stock_mode":"","_global_stock_cap":"","_tribe_rsvp_for_event":"","_tribe_ticket_going_count":"","_tribe_ticket_not_going_count":"","_tribe_tickets_list":"[]","_tribe_ticket_has_attendee_info_fields":false,"jetpack_post_was_ever_published":false,"footnotes":"","_tec_slr_enabled":"","_tec_slr_layout":""},"class_list":["post-14065","page","type-page","status-publish","has-post-thumbnail","hentry"],"acf":[],"jetpack_sharing_enabled":true,"jetpack_shortlink":"https:\/\/wp.me\/P74Wuo-3ER","jetpack_likes_enabled":true,"jetpack-related-posts":[{"id":10998,"url":"https:\/\/www.steenkamper.de\/index.php\/hilge-nordmeier\/","url_meta":{"origin":14065,"position":0},"title":"Hilge Nordmeier","author":"Max","date":"21\/06\/2020","format":false,"excerpt":"Hilge Nordmeier, geb. Stuhr(5.7.1896-9.9.1975)lebte seit 1922 im R\u00fcsternkamp 12. Sie war von 1946-1949 Abgeordnete der SPD in der ersten frei gew\u00e4hlten Hamburgischen B\u00fcrgerschaft nach dem Ende des Nationalsozialismus. Von den 110 Abgeordneten waren 17 Frauen. Nach dem Ende der Legislaturperiode geh\u00f6rte Hilge Nordmeier von 1949 bis 1961 der Bezirksversammlung Altona\u2026","rel":"","context":"\u00c4hnlicher Beitrag","block_context":{"text":"\u00c4hnlicher Beitrag","link":""},"img":{"alt_text":"","src":"https:\/\/i0.wp.com\/www.steenkamper.de\/wp-content\/uploads\/2020\/06\/Hilge-Nordmeier.png?resize=350%2C200&ssl=1","width":350,"height":200,"srcset":"https:\/\/i0.wp.com\/www.steenkamper.de\/wp-content\/uploads\/2020\/06\/Hilge-Nordmeier.png?resize=350%2C200&ssl=1 1x, https:\/\/i0.wp.com\/www.steenkamper.de\/wp-content\/uploads\/2020\/06\/Hilge-Nordmeier.png?resize=525%2C300&ssl=1 1.5x, https:\/\/i0.wp.com\/www.steenkamper.de\/wp-content\/uploads\/2020\/06\/Hilge-Nordmeier.png?resize=700%2C400&ssl=1 2x"},"classes":[]},{"id":10803,"url":"https:\/\/www.steenkamper.de\/index.php\/georg-hempel\/","url_meta":{"origin":14065,"position":1},"title":"Georg Hempel","author":"Max","date":"17\/05\/2020","format":false,"excerpt":"(geb. am 28.09.1894 in Altona, gestorben am 30.12.1969 in Hamburg) war ein Steenkamper K\u00fcnstler, der seit 1923 bis zu seinem Tod Im Winkel 27 (heute Rosenwinkel) lebte. Georg Hempel fertigte haupts\u00e4chlich Scherenschnitte, gestaltete aber auch B\u00fccher und stellte kunstgewerbliche Arbeiten und Schmuck her. Georg Hempel Foto: Ulrich Blievernicht\u00a0 Georg Hempel\u2026","rel":"","context":"\u00c4hnlicher Beitrag","block_context":{"text":"\u00c4hnlicher Beitrag","link":""},"img":{"alt_text":"","src":"https:\/\/i0.wp.com\/www.steenkamper.de\/wp-content\/uploads\/2020\/06\/HempelScherenschnitte.png?resize=350%2C200&ssl=1","width":350,"height":200,"srcset":"https:\/\/i0.wp.com\/www.steenkamper.de\/wp-content\/uploads\/2020\/06\/HempelScherenschnitte.png?resize=350%2C200&ssl=1 1x, https:\/\/i0.wp.com\/www.steenkamper.de\/wp-content\/uploads\/2020\/06\/HempelScherenschnitte.png?resize=525%2C300&ssl=1 1.5x, https:\/\/i0.wp.com\/www.steenkamper.de\/wp-content\/uploads\/2020\/06\/HempelScherenschnitte.png?resize=700%2C400&ssl=1 2x"},"classes":[]},{"id":1025,"url":"https:\/\/www.steenkamper.de\/index.php\/siedlungsgeschichten\/","url_meta":{"origin":14065,"position":2},"title":"Siedlungsgeschichten","author":"Max","date":"04\/01\/2016","format":false,"excerpt":"\u00a0 Im Steenkamper online Rundgang sind die Siedlungsgeschichten mit ihrem Ort des Geschehens verkn\u00fcpft. Ein bisschen Zeit muss sein! 100 Jahre Ursula (Uschi) Scheibner Louis Cahnbley Stolperstein vor dem Haus im Steenkamp 43 Der Emmichbrunnen im Riemenschneiderstieg von Sebastian Buchholz aus dem Steenkamper 2\/2022 Mit der Strassenbahn zum Steenkamp? von\u2026","rel":"","context":"\u00c4hnlicher Beitrag","block_context":{"text":"\u00c4hnlicher Beitrag","link":""},"img":{"alt_text":"","src":"https:\/\/i0.wp.com\/www.steenkamper.de\/wp-content\/uploads\/2019\/12\/logo-steenkamp-jubilaeum-KLEIN-278x300.png?resize=350%2C200&ssl=1","width":350,"height":200},"classes":[]},{"id":9143,"url":"https:\/\/www.steenkamper.de\/index.php\/jubilaeumsveranstaltungen\/","url_meta":{"origin":14065,"position":3},"title":"Jubil\u00e4umsveranstaltungen","author":"Max","date":"11\/11\/2019","format":false,"excerpt":"100 Jahre Steenkampsiedlung 1920 - 2020 Den wunderbaren Auftakt unseres Jubil\u00e4umsjahres bildete der Neujahrsempfang im Januar, weiter ging es mit einem spannenden Vortr\u00e4gen zur Siedlungsgeschichte, dem Swing-Tanz-Salon und wir konnten unsere 100 Jahre auch noch zusammen mit dem 4j\u00e4hrigen Jubil\u00e4um \u201eCaf\u00e9 Vogelweide\u201c feiern, gemeinsam mit der Blecheisenbahn spielen und uns\u2026","rel":"","context":"\u00c4hnlicher Beitrag","block_context":{"text":"\u00c4hnlicher Beitrag","link":""},"img":{"alt_text":"","src":"https:\/\/i0.wp.com\/www.steenkamper.de\/wp-content\/uploads\/2019\/12\/logo-steenkamp-jubilaeum-KLEIN.png?resize=350%2C200&ssl=1","width":350,"height":200,"srcset":"https:\/\/i0.wp.com\/www.steenkamper.de\/wp-content\/uploads\/2019\/12\/logo-steenkamp-jubilaeum-KLEIN.png?resize=350%2C200&ssl=1 1x, https:\/\/i0.wp.com\/www.steenkamper.de\/wp-content\/uploads\/2019\/12\/logo-steenkamp-jubilaeum-KLEIN.png?resize=525%2C300&ssl=1 1.5x, https:\/\/i0.wp.com\/www.steenkamper.de\/wp-content\/uploads\/2019\/12\/logo-steenkamp-jubilaeum-KLEIN.png?resize=700%2C400&ssl=1 2x, https:\/\/i0.wp.com\/www.steenkamper.de\/wp-content\/uploads\/2019\/12\/logo-steenkamp-jubilaeum-KLEIN.png?resize=1050%2C600&ssl=1 3x"},"classes":[]},{"id":8158,"url":"https:\/\/www.steenkamper.de\/index.php\/erika-93-jahre-sind-eine-verflixt-lange-zeit\/","url_meta":{"origin":14065,"position":4},"title":"Erika, 93 Jahre sind eine verflixt lange Zeit.","author":"Max","date":"18\/04\/2019","format":false,"excerpt":"aus dem Steenkamper1\/2019 Erika, 93 Jahre sind eine verflixt lange Zeit. von Gertrud Krapp Erikas Leben \u00fcberspannt einen Zeitbogen von 1925 bis heute. Von den Goldenen 20ern des letzten Jahrhunderts, reicht er\u00a0\u00fcber Inflation, Nationalsozialismus und den zweiten Weltkrieg, Nachkriegsjahre mit Hunger und K\u00e4lte, die Einf\u00fchrung der DM, die Zeit des\u2026","rel":"","context":"\u00c4hnlicher Beitrag","block_context":{"text":"\u00c4hnlicher Beitrag","link":""},"img":{"alt_text":"","src":"","width":0,"height":0},"classes":[]},{"id":14074,"url":"https:\/\/www.steenkamper.de\/index.php\/festschrift-100-jahre-steenkampsiedlung\/","url_meta":{"origin":14065,"position":5},"title":"Festschrift 100 Jahre Steenkampsiedlung","author":"Max","date":"07\/01\/2021","format":false,"excerpt":"Eine einzigartige Festschrift zum 100. Geburtstag der Steenkampsiedlung. Sebastian Buchholz hat f\u00fcr die Heimst\u00e4ttervereinigung Steenkamp Historisches, Erlebtes und Zeitdokumente aus dem umfangreichen Archiv der Heimst\u00e4ttervereinigung und vielen neuen Quellen zusammengetragen. Es ist ein bunter Blumenstrau\u00df mit Blick auf die sozialen, kulturellen und geschichtlichen Geschehnisse und die Ver\u00e4nderungen in der Steenkampsiedlung\u2026","rel":"","context":"\u00c4hnlicher Beitrag","block_context":{"text":"\u00c4hnlicher Beitrag","link":""},"img":{"alt_text":"","src":"https:\/\/i0.wp.com\/www.steenkamper.de\/wp-content\/uploads\/2021\/11\/100JahreBanner-KL.jpg?fit=800%2C320&ssl=1&resize=350%2C200","width":350,"height":200,"srcset":"https:\/\/i0.wp.com\/www.steenkamper.de\/wp-content\/uploads\/2021\/11\/100JahreBanner-KL.jpg?fit=800%2C320&ssl=1&resize=350%2C200 1x, https:\/\/i0.wp.com\/www.steenkamper.de\/wp-content\/uploads\/2021\/11\/100JahreBanner-KL.jpg?fit=800%2C320&ssl=1&resize=525%2C300 1.5x, https:\/\/i0.wp.com\/www.steenkamper.de\/wp-content\/uploads\/2021\/11\/100JahreBanner-KL.jpg?fit=800%2C320&ssl=1&resize=700%2C400 2x"},"classes":[]}],"ticketed":false,"_links":{"self":[{"href":"https:\/\/www.steenkamper.de\/index.php\/wp-json\/wp\/v2\/pages\/14065","targetHints":{"allow":["GET"]}}],"collection":[{"href":"https:\/\/www.steenkamper.de\/index.php\/wp-json\/wp\/v2\/pages"}],"about":[{"href":"https:\/\/www.steenkamper.de\/index.php\/wp-json\/wp\/v2\/types\/page"}],"author":[{"embeddable":true,"href":"https:\/\/www.steenkamper.de\/index.php\/wp-json\/wp\/v2\/users\/6"}],"replies":[{"embeddable":true,"href":"https:\/\/www.steenkamper.de\/index.php\/wp-json\/wp\/v2\/comments?post=14065"}],"version-history":[{"count":6,"href":"https:\/\/www.steenkamper.de\/index.php\/wp-json\/wp\/v2\/pages\/14065\/revisions"}],"predecessor-version":[{"id":14072,"href":"https:\/\/www.steenkamper.de\/index.php\/wp-json\/wp\/v2\/pages\/14065\/revisions\/14072"}],"wp:featuredmedia":[{"embeddable":true,"href":"https:\/\/www.steenkamper.de\/index.php\/wp-json\/wp\/v2\/media\/11471"}],"wp:attachment":[{"href":"https:\/\/www.steenkamper.de\/index.php\/wp-json\/wp\/v2\/media?parent=14065"}],"curies":[{"name":"wp","href":"https:\/\/api.w.org\/{rel}","templated":true}]}}