{"id":140,"date":"2015-12-15T11:28:31","date_gmt":"2015-12-15T09:28:31","guid":{"rendered":"https:\/\/steenkamper.wordpress.com\/?page_id=140"},"modified":"2017-11-16T13:47:54","modified_gmt":"2017-11-16T12:47:54","slug":"mieter-und-eigentuemerausschuss","status":"publish","type":"page","link":"https:\/\/www.steenkamper.de\/index.php\/mieter-und-eigentuemerausschuss\/","title":{"rendered":"Mieter- und Eigent\u00fcmerausschuss"},"content":{"rendered":"<p>Hilfestellung in Miet- und Eigentumsfragen<br \/>\nClaus Thiele, Tel. 899 11 43<\/p>\n<p>Durch den Erwerb unserer teilweise seit mehreren Generationen selber bewohnten H\u00e4user, stehen besonders die erstmals mit Wohneigentum versehenen Nachbarn vor vielen Fragen. Mit der Finanzierung des Kaufes alleine ist es nicht getan. Wo bekomme ich einen guten Handwerker f\u00fcr meine Elektroinstallation her? Wer wartet meine Heizung nun? Was kann ich gegen Feuchtigkeit im Keller tun? Welche \u00e4usseren Renovierungsarbeiten erlaubt mir die Milieuschutzordnung?<\/p>\n<p>Der Mieter- und Eigent\u00fcmerausschuss sieht seine Aufgabe\u00a0in der Vermittlung zwischen dem Eigent\u00fcmer der Mietwohnungen (der SAGA-GWG) und den Mietern selber.<\/p>\n<p><strong>Kontakt zur SAGA:<br \/>\n<\/strong>Die\u00a0Siedlungs\u00a0Aktien\u00a0Gesellschaft\u00a0Altona<br \/>\nVerwaltung &#8211; Miete &#8211; Notruf &#8211;\u00a0SAGA-GWG<\/p>\n<p><b>SAGA-GWG Gesch\u00e4ftsstelle:<\/b><br \/>\nBornheide 10, 22549 Hamburg<br \/>\nTel.: 426 66 25-00<\/p>\n<p><b>Notrufzentrale:<\/b>\u00a020 00 68 68 Montag bis Freitag, nur ausserhalb der \u00fcblichen B\u00fcro- und Gesch\u00e4ftszeiten.<\/p>\n<p><b><br \/>\nTipps zum Kontakt mit der SAGA-GWG:<\/b><\/p>\n<ul>\n<li>Anfragen an die SAGA sollten Sie generell schriftlich stellen.<\/li>\n<li>Wenn Sie Reparaturantr\u00e4ge haben, stellen Sie diese schriftlich an den Hausverwalter.<\/li>\n<li>Kontrollieren Sie was gemacht wurde mit dem, was Sie auf dem Auftragszettel unterschreiben.<\/li>\n<li>Sollten Sie in\u00a0<b>Mieterh\u00f6hungsangelegenheiten<\/b>\u00a0Fragen an uns haben, wenden Sie sich bitte an den Mietausschuss.<\/li>\n<\/ul>\n","protected":false},"excerpt":{"rendered":"<p>Hilfestellung in Miet- und Eigentumsfragen Claus Thiele, Tel. 899 11 43 Durch den Erwerb unserer teilweise seit mehreren Generationen selber bewohnten H\u00e4user, stehen besonders die erstmals mit Wohneigentum versehenen Nachbarn&#8230; <\/p>\n<p><a class=\"teaser-more\" href=\"https:\/\/www.steenkamper.de\/index.php\/mieter-und-eigentuemerausschuss\/\">weiter lesen<\/a><\/p>\n","protected":false},"author":1,"featured_media":0,"parent":0,"menu_order":0,"comment_status":"closed","ping_status":"closed","template":"","meta":{"_acf_changed":false,"_price":"","_stock":"","_tribe_ticket_header":"","_tribe_default_ticket_provider":"","_tribe_ticket_capacity":"0","_ticket_start_date":"","_ticket_end_date":"","_tribe_ticket_show_description":"","_tribe_ticket_show_not_going":false,"_tribe_ticket_use_global_stock":"","_tribe_ticket_global_stock_level":"","_global_stock_mode":"","_global_stock_cap":"","_tribe_rsvp_for_event":"","_tribe_ticket_going_count":"","_tribe_ticket_not_going_count":"","_tribe_tickets_list":"[]","_tribe_ticket_has_attendee_info_fields":false,"jetpack_post_was_ever_published":false,"footnotes":"","_tec_slr_enabled":"","_tec_slr_layout":""},"class_list":["post-140","page","type-page","status-publish","hentry"],"acf":[],"jetpack_sharing_enabled":false,"jetpack_shortlink":"https:\/\/wp.me\/P74Wuo-2g","jetpack_likes_enabled":true,"jetpack-related-posts":[{"id":5290,"url":"https:\/\/www.steenkamper.de\/index.php\/zukunft-steenkampsaal-die-saalretter\/","url_meta":{"origin":140,"position":0},"title":"Zukunft Steenkampsaal &#8211; Saalretter\u00a0","author":"Max","date":"17\/11\/2017","format":false,"excerpt":"Der Ausschuss hat sich 2015\/16 erfolgreich f\u00fcr den Abschluss eines tragf\u00e4higen Mietvertrages mit der SAGA engagiert und ein Finanzierungskonzept f\u00fcr die ersten 10 Jahre erarbeitet. Derzeit pr\u00fcft der Ausschuss den Ankauf des Saales und bereitet die \u00fcberf\u00e4llige Renovierung vor. Kontakt: Silke Faber Die Frage ob und wie der Steenkampsaal l\u00e4ngerfristig\u2026","rel":"","context":"\u00c4hnlicher Beitrag","block_context":{"text":"\u00c4hnlicher Beitrag","link":""},"img":{"alt_text":"","src":"","width":0,"height":0},"classes":[]},{"id":146,"url":"https:\/\/www.steenkamper.de\/index.php\/ausschuesse\/","url_meta":{"origin":140,"position":1},"title":"Aussch\u00fcsse","author":"admin","date":"15\/12\/2015","format":false,"excerpt":"und Arbeitsgruppen (AGs) Die\u00a0Vereinsarbeit der Heimst\u00e4ttervereinigung Steenkamp e.V. wird getragen\u00a0durch aktive Mitglieder. Diese\u00a0Aktivit\u00e4ten werden durch\u00a0verschiedene\u00a0Aussch\u00fcssen koordiniert. Sollten Sie Interesse an der Mitarbeit in einem dieser Aussch\u00fcsse haben, melden Sie sich bitte bei der entsprechenden Kontaktperson, oder wenden Sie sich direkt an den Vorstand. Per Mail\u00a0oder \u00fcber unseren Briefkasten Steenkamp 37,\u2026","rel":"","context":"\u00c4hnlicher Beitrag","block_context":{"text":"\u00c4hnlicher Beitrag","link":""},"img":{"alt_text":"","src":"","width":0,"height":0},"classes":[]},{"id":1108,"url":"https:\/\/www.steenkamper.de\/index.php\/85-jahre-steenkampsiedlung-2005\/","url_meta":{"origin":140,"position":2},"title":"85 Jahre Steenkampsiedlung 2005","author":"Max","date":"06\/01\/2016","format":false,"excerpt":"Aus dem Steenkamp Ausgabe 1\/2005 Text: Matthias Raabe Fotos: stellt Frau Balj\u00f6hr zur Verf\u00fcgung 85 Jahre Steenkampsiedlung Was k\u00f6nnen uns 85 Jahre Steenkampsiedlung bedeuten? Ein Grund zum Feiern? Einige Gedanken dazu ... Der erste Weltkrieg war vorbei, und den Heimkehrern sollte eine Heimat angeboten werden, in der sie zusammen mit\u2026","rel":"","context":"\u00c4hnlicher Beitrag","block_context":{"text":"\u00c4hnlicher Beitrag","link":""},"img":{"alt_text":"85_2","src":"https:\/\/i0.wp.com\/wp.steenkamper.de\/wp-content\/uploads\/2016\/01\/85_2-300x193.jpg?resize=350%2C200","width":350,"height":200},"classes":[]},{"id":5263,"url":"https:\/\/www.steenkamper.de\/index.php\/engagierte-nachbarn\/","url_meta":{"origin":140,"position":3},"title":"Engagierte Nachbarn","author":"Max","date":"16\/11\/2017","format":false,"excerpt":"Eine lebendige Nachbarschaft lebt von dem Engagement ihrer Bewohner. F\u00fcr eine gute Vernetzung und Koordination der vielf\u00e4ltigen Aktivit\u00e4ten unserer sehr gro\u00dfen Nachbarschaft ist die Mehrheit der Steenkamphaushalte in der Heimst\u00e4ttervereinigung\u00a0Steenkamp e.V. organisiert. W\u00e4hrend sich der Vorstand um die formalen Vereinsgesch\u00e4fte k\u00fcmmert, f\u00fcllen die Nachbarn das Ganze mit Leben. Entweder indem\u2026","rel":"","context":"\u00c4hnlicher Beitrag","block_context":{"text":"\u00c4hnlicher Beitrag","link":""},"img":{"alt_text":"","src":"","width":0,"height":0},"classes":[]},{"id":142,"url":"https:\/\/www.steenkamper.de\/index.php\/eigentuemer-info\/","url_meta":{"origin":140,"position":4},"title":"Eigent\u00fcmer Info","author":"admin","date":"15\/12\/2015","format":false,"excerpt":"Grundlegendes Ziel der Heimst\u00e4ttervereinigung Steenkamp e.V. ist die Pflege der Nachbarschaft, des Miteinanders aller ihrer Bewohner. Dies geschieht unter anderem durch die Verwaltung und Pflege des Steenkampsaales, der gemeinschaftliche Aktionen im geschlossenen Raum erm\u00f6glicht. Aber auch durch die Veranstaltung unserer vielen Festivit\u00e4ten (Sommerfest, Ausstellungen, Informationsveranstaltungen, Familienkino,\u00a0Steenkampsalon,\u00a0...). Durch den Erwerb unserer\u2026","rel":"","context":"\u00c4hnlicher Beitrag","block_context":{"text":"\u00c4hnlicher Beitrag","link":""},"img":{"alt_text":"","src":"","width":0,"height":0},"classes":[]},{"id":20,"url":"https:\/\/www.steenkamper.de\/index.php\/verein\/","url_meta":{"origin":140,"position":5},"title":"Verein","author":"admin","date":"14\/12\/2015","format":false,"excerpt":"Die Heimst\u00e4ttervereinigung Steenkamp e.V. ist die Keimzelle der Steenkampsiedlung und der SAGA. Seit Bestehen des Vereines (1920) ist Ihr Sinn und Zweck in der Satzung fest gelegt:\u00a0 \u201cDer Verein will durch den Zusammenschluss der Heimst\u00e4tter und Heimst\u00e4tterinnen in der Siedlung Steenkamp eine gemeinsame Interessenvertretung der Mieter und Mieterinnen, der Eigent\u00fcmer\u2026","rel":"","context":"\u00c4hnlicher Beitrag","block_context":{"text":"\u00c4hnlicher Beitrag","link":""},"img":{"alt_text":"","src":"https:\/\/i1.wp.com\/www.steenkamper.de\/wp-content\/uploads\/2020\/09\/qrIBAN.jpg?resize=350%2C200&ssl=1","width":350,"height":200},"classes":[]}],"ticketed":false,"_links":{"self":[{"href":"https:\/\/www.steenkamper.de\/index.php\/wp-json\/wp\/v2\/pages\/140","targetHints":{"allow":["GET"]}}],"collection":[{"href":"https:\/\/www.steenkamper.de\/index.php\/wp-json\/wp\/v2\/pages"}],"about":[{"href":"https:\/\/www.steenkamper.de\/index.php\/wp-json\/wp\/v2\/types\/page"}],"author":[{"embeddable":true,"href":"https:\/\/www.steenkamper.de\/index.php\/wp-json\/wp\/v2\/users\/1"}],"replies":[{"embeddable":true,"href":"https:\/\/www.steenkamper.de\/index.php\/wp-json\/wp\/v2\/comments?post=140"}],"version-history":[{"count":12,"href":"https:\/\/www.steenkamper.de\/index.php\/wp-json\/wp\/v2\/pages\/140\/revisions"}],"predecessor-version":[{"id":5233,"href":"https:\/\/www.steenkamper.de\/index.php\/wp-json\/wp\/v2\/pages\/140\/revisions\/5233"}],"wp:attachment":[{"href":"https:\/\/www.steenkamper.de\/index.php\/wp-json\/wp\/v2\/media?parent=140"}],"curies":[{"name":"wp","href":"https:\/\/api.w.org\/{rel}","templated":true}]}}