{"id":1297,"date":"2016-01-13T11:35:22","date_gmt":"2016-01-13T10:35:22","guid":{"rendered":"http:\/\/wp.steenkamper.de\/?page_id=1297"},"modified":"2016-01-13T11:35:22","modified_gmt":"2016-01-13T10:35:22","slug":"fernseh-praasch","status":"publish","type":"page","link":"https:\/\/www.steenkamper.de\/index.php\/fernseh-praasch\/","title":{"rendered":"Fernseh-Praasch"},"content":{"rendered":"<div class=\"page\" title=\"Page 18\">\n<div class=\"section\">\n<div class=\"layoutArea\">\n<div class=\"column\">\n<div class=\"page\" title=\"Page 1\">\n<div class=\"section\">\n<div class=\"layoutArea\">\n<div class=\"column\">\n<p><strong>Besuch bei einem alt eingesessenen Betrieb in der Siedlung<br \/>\n<\/strong>von Matthias Raabe aus dem Steenkamper Ausgabe 2\/2007<\/p>\n<\/div>\n<\/div>\n<\/div>\n<\/div>\n<\/div>\n<\/div>\n<\/div>\n<div class=\"layoutArea\">\n<div class=\"column\">\n<p>Per Anruf eines Nachbarn aus der Siedlung hatte ich erfahren, dass es bei Fernseh-Praasch eine Ver\u00e4nderung in der Gesch\u00e4ftsf\u00fchrung gegeben hatte. Grund genug, einmal einen Besuch abzustatten. Kurzerhand rief ich im Gesch\u00e4ft an. Herr Pahl am anderen Ende der Telefonleitung sagte mir gleich, dass es ihm eigentlich gar nicht so gut passen w\u00fcrde zur Zeit. Trotzdem konnte ich am Folgetag meinen Besuch zwecks kurzem Interview bei ihm machen.<\/p>\n<p>Wir setzen uns, nach einem kurzen Bekanntmachen, an den kleinen Tisch im Ladengesch\u00e4ft. Ich versichere noch, mich kurz zu fassen, und Herr Pahl beginnt, aus der Firmengeschichte zu erz\u00e4hlen.<\/p>\n<p>Das Gesch\u00e4ft wurde 1980 hier an der Ecke als Verkaufsgesch\u00e4ft von der Familie Praasch er\u00f6ffnet.<\/p>\n<p>Bereits im Januar 1983 gr\u00fcndeten die Familie Praasch und\u00a0das Ehepaar Pahl den Meisterbetrieb mit gleichen Anteilen\u00a0und nannten ihn, wegen des\u00a0bereits bestehenden Bekanntheitsgrades des Namens, Fernseh Praasch Service GmbH.<\/p>\n<p><img data-recalc-dims=\"1\" fetchpriority=\"high\" decoding=\"async\" data-attachment-id=\"1299\" data-permalink=\"https:\/\/www.steenkamper.de\/index.php\/fernseh-praasch\/fernsehpraasch1\/\" data-orig-file=\"https:\/\/i0.wp.com\/www.steenkamper.de\/wp-content\/uploads\/2016\/01\/FernsehPraasch1.jpg?fit=459%2C269&amp;ssl=1\" data-orig-size=\"459,269\" data-comments-opened=\"1\" data-image-meta=\"{&quot;aperture&quot;:&quot;0&quot;,&quot;credit&quot;:&quot;&quot;,&quot;camera&quot;:&quot;&quot;,&quot;caption&quot;:&quot;&quot;,&quot;created_timestamp&quot;:&quot;0&quot;,&quot;copyright&quot;:&quot;&quot;,&quot;focal_length&quot;:&quot;0&quot;,&quot;iso&quot;:&quot;0&quot;,&quot;shutter_speed&quot;:&quot;0&quot;,&quot;title&quot;:&quot;&quot;,&quot;orientation&quot;:&quot;0&quot;}\" data-image-title=\"FernsehPraasch1\" data-image-description=\"\" data-image-caption=\"\" data-large-file=\"https:\/\/i0.wp.com\/www.steenkamper.de\/wp-content\/uploads\/2016\/01\/FernsehPraasch1.jpg?fit=459%2C269&amp;ssl=1\" class=\"alignnone wp-image-1299 size-full\" src=\"https:\/\/i0.wp.com\/wp.steenkamper.de\/wp-content\/uploads\/2016\/01\/FernsehPraasch1.jpg?resize=459%2C269\" alt=\"FernsehPraasch1\" width=\"459\" height=\"269\" srcset=\"https:\/\/i0.wp.com\/www.steenkamper.de\/wp-content\/uploads\/2016\/01\/FernsehPraasch1.jpg?w=459&amp;ssl=1 459w, https:\/\/i0.wp.com\/www.steenkamper.de\/wp-content\/uploads\/2016\/01\/FernsehPraasch1.jpg?resize=300%2C176&amp;ssl=1 300w, https:\/\/i0.wp.com\/www.steenkamper.de\/wp-content\/uploads\/2016\/01\/FernsehPraasch1.jpg?resize=450%2C264&amp;ssl=1 450w\" sizes=\"(max-width: 459px) 100vw, 459px\" \/><\/p>\n<p>Herr Pahl, der zuvor 13 Jahre bei der Grundig AG in Hamburg als Meister, Werkstattleiter und stellv. Kundendienstleiter t\u00e4tig war, hatte weit mehr Geschmack an dieser Firmengr\u00fcndung, als an einem Angestelltenverh\u00e4ltnis. Nicht ganz unwichtig, denn nun war man nicht nur Verkaufsgesch\u00e4ft, sondern zus\u00e4tzlich auch Servicedienstleister f\u00fcr Reparatur, Instandsetzung, Installation f\u00fcr Unterhaltungs- und professionelle Elektronik. 1994 wurde auch der Verkauf und Vertrieb in die Service-GmbH aufgenommen. Damit stellte die Firma \u201eFernseh-Praasch\u201c ihre T\u00e4tigkeit um.<br \/>\nSeit dem 1.10.2007 ist nun das Ehepaar Pahl Alleineigent\u00fcmer der Fernseh Praasch Service GmbH und kann am 2.1.2007 auf 25 Jahre erfolgreiche T\u00e4tigkeit in der Unterhaltungselektronik zur\u00fcck blicken.<br \/>\n\u00dcber die ganzen Jahre war Herr Pahl einziger Meister des Betriebes und bilde- te hier in diesen R\u00e4umen 10 Gesellen erfolgreich aus und brachte zahlreichen Praktikanten dieses Gewerbe n\u00e4her.<\/p>\n<p>Auf meine Frage, was das Besondere an seinem Gesch\u00e4ft sei, und wie er sich heute gegen die \u201eich bin doch nicht bl\u00f6d\u201c-Mentalit\u00e4t der gro\u00dfen Technnikkaufh\u00e4user behaupten k\u00f6nne, so ist seine Antwort erwartungsgem\u00e4\u00df diese: \u201eIch f\u00fchre in meinem Gesch\u00e4ft ausschlie\u00dflich Markenware, \u00fcber die ich dem Kunden auch etwas erz\u00e4hlen und die Technik n\u00e4her bringen kann. Der Kunde gibt zwar im Moment etwas mehr Geld aus, daf\u00fcr hat er aber im Endeffekt weniger bezahlt, da er qualitativ hochwertiges Material im Hause stehen hat. Ich berate, liefere an und stelle die Ger\u00e4te auf, f\u00fchre den Kunden in die Bedienung der Ger\u00e4te ein. Das zeichnet mein Fachgesch\u00e4ft aus. Ich biete einen Rundumservice, wohne in der Nachbarschaft und mache Hausbesuche. Selbstverst\u00e4ndlich. Ob Kabel-, Satelliten- oder Satellitenempfang, analog oder digital \u2013 ich bin stets f\u00fcr den Kunden da. Das kann ein gro\u00dfes Technikkaufhaus nicht leisten. Hier ist das Angebot so gro\u00df, dass die Verk\u00e4ufer in der Regel mit einer guten Beratung v\u00f6llig \u00fcberfordert sind, gute von schlechten Ger\u00e4ten kaum noch unterscheiden k\u00f6nnen\u201c.<\/p>\n<\/div>\n<\/div>\n<\/div>\n<div class=\"page\" title=\"Page 19\">\n<div class=\"layoutArea\">\n<div class=\"column\">\n<p>Ich denke in diesem Gespr\u00e4ch mit Herrn Pahl an meine eigenen Erfahrungen der letzten Jahre. Meine Elektroger\u00e4te aus den Sonderangeboten der Discounter, das mehrmalige Einschicken der Ger\u00e4te wegen st\u00e4ndiger Defekte, bis diese letztendlich durch die Postgeb\u00fchren teurer wurden, als h\u00e4tte ich mich gleich f\u00fcr ein Qualit\u00e4tsprodukt entschieden. Den \u00c4rger, den Zeitverlust, der damit im Zusammenhang steht. Herr Pahl hat einfach Recht.<\/p>\n<p>Wir kommen noch kurz auf seine Verbundenheit zur Steenkamp-Siedlung zu sprechen. Herr Pahl betont, dass besonders sein Frau sich stets liebevoll um \u201ediese Ecke hier\u201c k\u00fcmmert, den Weg am Gesch\u00e4ft vorbei und den Garten stets in Schuss h\u00e4lt. Jetzt, nachdem er Alleininhaber des Gesch\u00e4ftes ist, werden wohl auch sowohl der Laden, als auch der Bogengang, einmal optisch \u00fcberarbeitet.<\/p>\n<p>Ich schaue auf die Uhr. Nun sitzen wir hier, obwohl Herr Pahl ja urspr\u00fcnglich wegen der Gesch\u00e4ftsumbildung keine Zeit f\u00fcr mich hatte, eine geschlagene Stunde zusammen. In aller Ruhe, mit ausgesprochen freundlichem und kompetentem Ton. So verabschiede ich mich von meinem Gespr\u00e4chspartner und werde neugierig auf meinen ersten Reparaturauftrag f\u00fcr ihn &#8211; oder vielleicht sogar eine Neuanschaffung mit optimaler Beratung?<\/p>\n<div id=\"attachment_1298\" style=\"width: 776px\" class=\"wp-caption alignnone\"><img data-recalc-dims=\"1\" decoding=\"async\" aria-describedby=\"caption-attachment-1298\" data-attachment-id=\"1298\" data-permalink=\"https:\/\/www.steenkamper.de\/index.php\/fernseh-praasch\/fernsehpraasch\/\" data-orig-file=\"https:\/\/i0.wp.com\/www.steenkamper.de\/wp-content\/uploads\/2016\/01\/FernsehPraasch.jpg?fit=766%2C266&amp;ssl=1\" data-orig-size=\"766,266\" data-comments-opened=\"1\" data-image-meta=\"{&quot;aperture&quot;:&quot;0&quot;,&quot;credit&quot;:&quot;&quot;,&quot;camera&quot;:&quot;&quot;,&quot;caption&quot;:&quot;&quot;,&quot;created_timestamp&quot;:&quot;0&quot;,&quot;copyright&quot;:&quot;&quot;,&quot;focal_length&quot;:&quot;0&quot;,&quot;iso&quot;:&quot;0&quot;,&quot;shutter_speed&quot;:&quot;0&quot;,&quot;title&quot;:&quot;&quot;,&quot;orientation&quot;:&quot;0&quot;}\" data-image-title=\"FernsehPraasch\" data-image-description=\"\" data-image-caption=\"\" data-large-file=\"https:\/\/i0.wp.com\/www.steenkamper.de\/wp-content\/uploads\/2016\/01\/FernsehPraasch.jpg?fit=750%2C260&amp;ssl=1\" class=\"wp-image-1298 size-full\" src=\"https:\/\/i0.wp.com\/wp.steenkamper.de\/wp-content\/uploads\/2016\/01\/FernsehPraasch.jpg?resize=750%2C260\" alt=\"FernsehPraasch\" width=\"750\" height=\"260\" srcset=\"https:\/\/i0.wp.com\/www.steenkamper.de\/wp-content\/uploads\/2016\/01\/FernsehPraasch.jpg?w=766&amp;ssl=1 766w, https:\/\/i0.wp.com\/www.steenkamper.de\/wp-content\/uploads\/2016\/01\/FernsehPraasch.jpg?resize=300%2C104&amp;ssl=1 300w, https:\/\/i0.wp.com\/www.steenkamper.de\/wp-content\/uploads\/2016\/01\/FernsehPraasch.jpg?resize=500%2C174&amp;ssl=1 500w, https:\/\/i0.wp.com\/www.steenkamper.de\/wp-content\/uploads\/2016\/01\/FernsehPraasch.jpg?resize=450%2C156&amp;ssl=1 450w\" sizes=\"(max-width: 750px) 100vw, 750px\" \/><p id=\"caption-attachment-1298\" class=\"wp-caption-text\">alte Anzeige<\/p><\/div>\n<\/div>\n<\/div>\n<\/div>\n","protected":false},"excerpt":{"rendered":"<p>Besuch bei einem alt eingesessenen Betrieb in der Siedlung von Matthias Raabe aus dem Steenkamper Ausgabe 2\/2007 Per Anruf eines Nachbarn aus der Siedlung hatte ich erfahren, dass es bei&#8230; <\/p>\n<p><a class=\"teaser-more\" href=\"https:\/\/www.steenkamper.de\/index.php\/fernseh-praasch\/\">weiter lesen<\/a><\/p>\n","protected":false},"author":6,"featured_media":0,"parent":0,"menu_order":0,"comment_status":"closed","ping_status":"closed","template":"","meta":{"_acf_changed":false,"_price":"","_stock":"","_tribe_ticket_header":"","_tribe_default_ticket_provider":"","_tribe_ticket_capacity":"0","_ticket_start_date":"","_ticket_end_date":"","_tribe_ticket_show_description":"","_tribe_ticket_show_not_going":false,"_tribe_ticket_use_global_stock":"","_tribe_ticket_global_stock_level":"","_global_stock_mode":"","_global_stock_cap":"","_tribe_rsvp_for_event":"","_tribe_ticket_going_count":"","_tribe_ticket_not_going_count":"","_tribe_tickets_list":"[]","_tribe_ticket_has_attendee_info_fields":false,"jetpack_post_was_ever_published":false,"footnotes":"","_tec_slr_enabled":"","_tec_slr_layout":""},"class_list":["post-1297","page","type-page","status-publish","hentry"],"acf":[],"jetpack_sharing_enabled":true,"jetpack_shortlink":"https:\/\/wp.me\/P74Wuo-kV","jetpack_likes_enabled":true,"jetpack-related-posts":[{"id":1027,"url":"https:\/\/www.steenkamper.de\/index.php\/ladengeschaeft-im-veit-stoss-weg\/","url_meta":{"origin":1297,"position":0},"title":"Ladengesch\u00e4ft im Veit-Sto\u00df-Weg","author":"Max","date":"04\/01\/2016","format":false,"excerpt":"Siedlungs-Geschichten \"Herr Viehst\u00e4dt erz\u00e4hlt von seinem Ladengesch\u00e4ft im Veit-Sto\u00df-Weg\" Jeder, der in der Steenkampsiedlung und den umgebenden Stra\u00dfen wohnt, sollte die beiden stets liebevoll dekorierten Schaufenster des ehemaligen Gesch\u00e4ftes im Veit-Sto\u00df-Weg kennen. Warum? Lesen Sie selbst: Interview aus dem Jahr 2013 (Artikel aus dem Steenkamper 2014\/2&3) Interview: Claus Thiele (CT),\u2026","rel":"","context":"\u00c4hnlicher Beitrag","block_context":{"text":"\u00c4hnlicher Beitrag","link":""},"img":{"alt_text":"Laden im Veit-Sto\u00df-Weg","src":"https:\/\/i0.wp.com\/wp.steenkamper.de\/wp-content\/uploads\/2016\/01\/Laden-im-Veit-Sto%C3%9F-Weg-300x215.jpg?resize=350%2C200","width":350,"height":200},"classes":[]},{"id":8150,"url":"https:\/\/www.steenkamper.de\/index.php\/schuster-schroeder\/","url_meta":{"origin":1297,"position":1},"title":"Schuster Schr\u00f6der","author":"Max","date":"18\/04\/2019","format":false,"excerpt":"aus dem Steenkamper 1\/2017 DAMALSErinnerungen einer Steenkamperin aus der Ebertallee\u00a0 1920\u00a0Als Erstbewohner des Hauses zogen 1920 meine Gro\u00dfeltern Theodora und Paul Schr\u00f6der mit ihren S\u00f6hnen Ernst (15) und Herbert (12) ein. Im Vorgarten des Hauses stand ein gro\u00dfes, schwarzes Glasschild mit Goldschrift, aus dem stolz hervorging, dass hier die Werkstatt\u2026","rel":"","context":"\u00c4hnlicher Beitrag","block_context":{"text":"\u00c4hnlicher Beitrag","link":""},"img":{"alt_text":"","src":"","width":0,"height":0},"classes":[]},{"id":1090,"url":"https:\/\/www.steenkamper.de\/index.php\/saalbild-2\/","url_meta":{"origin":1297,"position":2},"title":"Saalbild","author":"Max","date":"06\/01\/2016","format":false,"excerpt":"Aus dem Steenkamper\u00a0Ausgabe 2\/2004 Das Bild \u201eDas Tor zur Siedlung Steenkamp\u201c wurde im Jahr 2000 von Rolf Hempel im Auftrag der Heimst\u00e4ttervereinigung erneut gemalt. Wegen eines Wasserrohrbruches in der dar\u00fcber liegenden Wohnung wurde das urspr\u00fcngliche Bild so stark besch\u00e4digt, dass eine Restaurierung nicht mehr vertretbar war. Die Heimst\u00e4ttervereinigung lie\u00df darauf-\u2026","rel":"","context":"\u00c4hnlicher Beitrag","block_context":{"text":"\u00c4hnlicher Beitrag","link":""},"img":{"alt_text":"","src":"https:\/\/i0.wp.com\/wp.steenkamper.de\/wp-content\/uploads\/2017\/11\/img_3270-1-300x143.jpg?resize=350%2C200","width":350,"height":200},"classes":[]},{"id":1025,"url":"https:\/\/www.steenkamper.de\/index.php\/siedlungsgeschichten\/","url_meta":{"origin":1297,"position":3},"title":"Siedlungsgeschichten","author":"Max","date":"04\/01\/2016","format":false,"excerpt":"\u00a0 Im Steenkamper online Rundgang sind die Siedlungsgeschichten mit ihrem Ort des Geschehens verkn\u00fcpft. Ein bisschen Zeit muss sein! 100 Jahre Ursula (Uschi) Scheibner Louis Cahnbley Stolperstein vor dem Haus im Steenkamp 43 Der Emmichbrunnen im Riemenschneiderstieg von Sebastian Buchholz aus dem Steenkamper 2\/2022 Mit der Strassenbahn zum Steenkamp? von\u2026","rel":"","context":"\u00c4hnlicher Beitrag","block_context":{"text":"\u00c4hnlicher Beitrag","link":""},"img":{"alt_text":"","src":"https:\/\/i0.wp.com\/www.steenkamper.de\/wp-content\/uploads\/2019\/12\/logo-steenkamp-jubilaeum-KLEIN-278x300.png?resize=350%2C200&ssl=1","width":350,"height":200},"classes":[]},{"id":8158,"url":"https:\/\/www.steenkamper.de\/index.php\/erika-93-jahre-sind-eine-verflixt-lange-zeit\/","url_meta":{"origin":1297,"position":4},"title":"Erika, 93 Jahre sind eine verflixt lange Zeit.","author":"Max","date":"18\/04\/2019","format":false,"excerpt":"aus dem Steenkamper1\/2019 Erika, 93 Jahre sind eine verflixt lange Zeit. von Gertrud Krapp Erikas Leben \u00fcberspannt einen Zeitbogen von 1925 bis heute. Von den Goldenen 20ern des letzten Jahrhunderts, reicht er\u00a0\u00fcber Inflation, Nationalsozialismus und den zweiten Weltkrieg, Nachkriegsjahre mit Hunger und K\u00e4lte, die Einf\u00fchrung der DM, die Zeit des\u2026","rel":"","context":"\u00c4hnlicher Beitrag","block_context":{"text":"\u00c4hnlicher Beitrag","link":""},"img":{"alt_text":"","src":"","width":0,"height":0},"classes":[]},{"id":9443,"url":"https:\/\/www.steenkamper.de\/index.php\/meine-zeit-in-der-ebertallee-1964-1977\/","url_meta":{"origin":1297,"position":5},"title":"Meine Zeit in der Ebertallee 1964 \u2013 1977","author":"Max","date":"02\/12\/2019","format":false,"excerpt":"aus dem Steenkamper 1\/2020Erg\u00e4nzend zu dem Artikel \u201eErinnerungen\u201cvon Karin und Horst Henzeim Steenkamper 2\/2012 Kreuzung Ebertallee Osdorfer Weg in den 50er Jahren Heinz Burmeister aus Oldenfelde schreibt uns:Meine Zeit in der Ebertallee 1964 \u2013 1977 (und indirekt bis 2003)Angeregt von dem Artikel \"Erinnerungen\" von Karin und Horst Henze,denke ich an\u2026","rel":"","context":"\u00c4hnlicher Beitrag","block_context":{"text":"\u00c4hnlicher Beitrag","link":""},"img":{"alt_text":"","src":"https:\/\/i0.wp.com\/www.steenkamper.de\/wp-content\/uploads\/2019\/10\/HeinzBurmeisterEbertalleeKreuzung-OsdorferWeg50er-Jahre-Pap18-001-Kopie.jpg?resize=350%2C200&ssl=1","width":350,"height":200,"srcset":"https:\/\/i0.wp.com\/www.steenkamper.de\/wp-content\/uploads\/2019\/10\/HeinzBurmeisterEbertalleeKreuzung-OsdorferWeg50er-Jahre-Pap18-001-Kopie.jpg?resize=350%2C200&ssl=1 1x, https:\/\/i0.wp.com\/www.steenkamper.de\/wp-content\/uploads\/2019\/10\/HeinzBurmeisterEbertalleeKreuzung-OsdorferWeg50er-Jahre-Pap18-001-Kopie.jpg?resize=525%2C300&ssl=1 1.5x, https:\/\/i0.wp.com\/www.steenkamper.de\/wp-content\/uploads\/2019\/10\/HeinzBurmeisterEbertalleeKreuzung-OsdorferWeg50er-Jahre-Pap18-001-Kopie.jpg?resize=700%2C400&ssl=1 2x, https:\/\/i0.wp.com\/www.steenkamper.de\/wp-content\/uploads\/2019\/10\/HeinzBurmeisterEbertalleeKreuzung-OsdorferWeg50er-Jahre-Pap18-001-Kopie.jpg?resize=1050%2C600&ssl=1 3x, https:\/\/i0.wp.com\/www.steenkamper.de\/wp-content\/uploads\/2019\/10\/HeinzBurmeisterEbertalleeKreuzung-OsdorferWeg50er-Jahre-Pap18-001-Kopie.jpg?resize=1400%2C800&ssl=1 4x"},"classes":[]}],"ticketed":false,"_links":{"self":[{"href":"https:\/\/www.steenkamper.de\/index.php\/wp-json\/wp\/v2\/pages\/1297","targetHints":{"allow":["GET"]}}],"collection":[{"href":"https:\/\/www.steenkamper.de\/index.php\/wp-json\/wp\/v2\/pages"}],"about":[{"href":"https:\/\/www.steenkamper.de\/index.php\/wp-json\/wp\/v2\/types\/page"}],"author":[{"embeddable":true,"href":"https:\/\/www.steenkamper.de\/index.php\/wp-json\/wp\/v2\/users\/6"}],"replies":[{"embeddable":true,"href":"https:\/\/www.steenkamper.de\/index.php\/wp-json\/wp\/v2\/comments?post=1297"}],"version-history":[{"count":1,"href":"https:\/\/www.steenkamper.de\/index.php\/wp-json\/wp\/v2\/pages\/1297\/revisions"}],"predecessor-version":[{"id":1300,"href":"https:\/\/www.steenkamper.de\/index.php\/wp-json\/wp\/v2\/pages\/1297\/revisions\/1300"}],"wp:attachment":[{"href":"https:\/\/www.steenkamper.de\/index.php\/wp-json\/wp\/v2\/media?parent=1297"}],"curies":[{"name":"wp","href":"https:\/\/api.w.org\/{rel}","templated":true}]}}